{"id":1050,"date":"2018-01-02T13:23:01","date_gmt":"2018-01-02T12:23:01","guid":{"rendered":"https:\/\/www.rijeka.hr\/en\/?page_id=1050"},"modified":"2025-12-09T12:47:34","modified_gmt":"2025-12-09T11:47:34","slug":"local-self-government-committee","status":"publish","type":"page","link":"https:\/\/www.rijeka.hr\/en\/city-government\/city-council\/city-council-working-bodies\/local-self-government-committee\/","title":{"rendered":"Local Self-government Committee"},"content":{"rendered":"<p>The Local Self-government Committee monitors the work of local self-government bodies, proposes measures to the City Council to improve the work of local self-government, it considers proposals given by local board councils and gives its opinion to the City Council, and proposes to the City Council activities falling within the scope of local self-government of the City of Rijeka of importance for local boards that could be entrusted to local boards, it considers draft decisions whereby conducting elections for members of local board councils and others, proposals of acts important for the development and functioning of local self-government, it proposes to the City Council to name or rename streets and squares.<\/p>\n<p><strong>Committee Composition:<\/strong><\/p>\n<ul>\n<li><b><strong>Sanjin Matijevi\u0107,<\/strong>\u00a0<\/b>president<\/li>\n<li><b style=\"font-size: 1.125rem\"><strong>Kristian Star\u010di\u0107<\/strong>, <\/b>vice president<\/li>\n<\/ul>\n<p><strong>\u00a0Members:<\/strong><\/p>\n<ul>\n<li><strong>Vi\u0161nja Jelen\u010di\u0107,<\/strong><\/li>\n<li><strong>Zoran \u0160alov,<\/strong><\/li>\n<li><b><strong>Igor Su\u0161i\u0107<\/strong>.<\/b><\/li>\n<\/ul>\n<p><strong>Committee contacts:<\/strong><\/p>\n<p>Committee secretary<br \/>\n<strong>Vinko Randi\u0107<\/strong><br \/>\nTel: <a href=\"tel:+385 51 209 477\">051 209 477<\/a><br \/>\nE-mail: <a>&#x76;&#105;&#x6e;&#x6b;o&#x2e;&#114;a&#x6e;&#100;i&#x63;&#64;&#x72;&#x69;j&#x65;&#107;a&#x2e;&#104;r<\/a><\/p>\n<p>Administrative clerk responsible for preparing Committee session<br \/>\n<strong>Ines Pece<\/strong><br \/>\nTel:\u00a0 <a href=\"tel:+385 51 209 541\">051 209 541<\/a><br \/>\nE-mail: <a href=\"&#x6d;&#x61;&#x69;&#x6c;&#x74;&#x6f;&#x3a;&#x69;&#x6e;&#x65;&#x73;&#x2e;&#x70;&#x65;&#x63;&#x65;&#x40;&#x72;&#x69;&#x6a;&#x65;&#x6b;&#x61;&#x2e;&#x68;&#x72;\">&#105;&#x6e;&#101;&#x73;&#46;&#x70;&#101;&#x63;&#101;&#x40;&#114;&#x69;&#106;&#x65;&#107;&#x61;&#46;&#x68;&#114;<\/a><\/p>\n","protected":false},"excerpt":{"rendered":"<p>The Local Self-government Committee monitors the work of local self-government bodies, proposes measures to the City Council to improve the work of local self-government, it considers proposals given by local board councils and gives its opinion to the City Council, and proposes to the City Council activities falling within the scope of local self-government of&#8230;<\/p>\n","protected":false},"author":13,"featured_media":0,"parent":1029,"menu_order":56,"comment_status":"closed","ping_status":"closed","template":"","meta":{"_acf_changed":false,"_trash_the_other_posts":false,"footnotes":"","_links_to":"","_links_to_target":""},"tags":[],"class_list":["post-1050","page","type-page","status-publish","hentry"],"acf":[],"yoast_head":"<!-- This site is optimized with the Yoast SEO plugin v24.4 - https:\/\/yoast.com\/wordpress\/plugins\/seo\/ -->\n<title>Local Self-government Committee - City of Rijeka<\/title>\n<meta name=\"robots\" content=\"index, follow, max-snippet:-1, max-image-preview:large, max-video-preview:-1\" \/>\n<link rel=\"canonical\" href=\"https:\/\/www.rijeka.hr\/en\/city-government\/city-council\/city-council-working-bodies\/local-self-government-committee\/\" \/>\n<meta property=\"og:locale\" content=\"en_US\" \/>\n<meta property=\"og:type\" content=\"article\" \/>\n<meta property=\"og:title\" content=\"Local Self-government Committee - City of Rijeka\" \/>\n<meta property=\"og:description\" content=\"The Local Self-government Committee monitors the work of local self-government bodies, proposes measures to the City Council to improve the work of local self-government, it considers proposals given by local board councils and gives its opinion to the City Council, and proposes to the City Council activities falling within the scope of local self-government of...\" \/>\n<meta property=\"og:url\" content=\"https:\/\/www.rijeka.hr\/en\/city-government\/city-council\/city-council-working-bodies\/local-self-government-committee\/\" \/>\n<meta property=\"og:site_name\" content=\"City of Rijeka\" \/>\n<meta property=\"article:modified_time\" content=\"2025-12-09T11:47:34+00:00\" \/>\n<meta name=\"twitter:card\" content=\"summary_large_image\" \/>\n<meta name=\"twitter:label1\" content=\"Est. reading time\" \/>\n\t<meta name=\"twitter:data1\" content=\"1 minute\" \/>\n<script type=\"application\/ld+json\" class=\"yoast-schema-graph\">{\"@context\":\"https:\/\/schema.org\",\"@graph\":[{\"@type\":\"WebPage\",\"@id\":\"https:\/\/www.rijeka.hr\/en\/city-government\/city-council\/city-council-working-bodies\/local-self-government-committee\/\",\"url\":\"https:\/\/www.rijeka.hr\/en\/city-government\/city-council\/city-council-working-bodies\/local-self-government-committee\/\",\"name\":\"Local Self-government Committee - City of Rijeka\",\"isPartOf\":{\"@id\":\"https:\/\/www.rijeka.hr\/en\/#website\"},\"datePublished\":\"2018-01-02T12:23:01+00:00\",\"dateModified\":\"2025-12-09T11:47:34+00:00\",\"breadcrumb\":{\"@id\":\"https:\/\/www.rijeka.hr\/en\/city-government\/city-council\/city-council-working-bodies\/local-self-government-committee\/#breadcrumb\"},\"inLanguage\":\"en-US\",\"potentialAction\":[{\"@type\":\"ReadAction\",\"target\":[\"https:\/\/www.rijeka.hr\/en\/city-government\/city-council\/city-council-working-bodies\/local-self-government-committee\/\"]}]},{\"@type\":\"BreadcrumbList\",\"@id\":\"https:\/\/www.rijeka.hr\/en\/city-government\/city-council\/city-council-working-bodies\/local-self-government-committee\/#breadcrumb\",\"itemListElement\":[{\"@type\":\"ListItem\",\"position\":1,\"name\":\"Po\u010detna stranica\",\"item\":\"https:\/\/www.rijeka.hr\/en\/\"},{\"@type\":\"ListItem\",\"position\":2,\"name\":\"City administration\",\"item\":\"https:\/\/www.rijeka.hr\/en\/city-government\/\"},{\"@type\":\"ListItem\",\"position\":3,\"name\":\"City Council\",\"item\":\"https:\/\/www.rijeka.hr\/en\/city-government\/city-council\/\"},{\"@type\":\"ListItem\",\"position\":4,\"name\":\"City council working bodies\",\"item\":\"https:\/\/www.rijeka.hr\/en\/city-government\/city-council\/city-council-working-bodies\/\"},{\"@type\":\"ListItem\",\"position\":5,\"name\":\"Local Self-government Committee\"}]},{\"@type\":\"WebSite\",\"@id\":\"https:\/\/www.rijeka.hr\/en\/#website\",\"url\":\"https:\/\/www.rijeka.hr\/en\/\",\"name\":\"City of Rijeka\",\"description\":\"City of Rijeka web Portal\",\"potentialAction\":[{\"@type\":\"SearchAction\",\"target\":{\"@type\":\"EntryPoint\",\"urlTemplate\":\"https:\/\/www.rijeka.hr\/en\/?s={search_term_string}\"},\"query-input\":{\"@type\":\"PropertyValueSpecification\",\"valueRequired\":true,\"valueName\":\"search_term_string\"}}],\"inLanguage\":\"en-US\"}]}<\/script>\n<!-- \/ Yoast SEO plugin. -->","yoast_head_json":{"title":"Local Self-government Committee - City of Rijeka","robots":{"index":"index","follow":"follow","max-snippet":"max-snippet:-1","max-image-preview":"max-image-preview:large","max-video-preview":"max-video-preview:-1"},"canonical":"https:\/\/www.rijeka.hr\/en\/city-government\/city-council\/city-council-working-bodies\/local-self-government-committee\/","og_locale":"en_US","og_type":"article","og_title":"Local Self-government Committee - City of Rijeka","og_description":"The Local Self-government Committee monitors the work of local self-government bodies, proposes measures to the City Council to improve the work of local self-government, it considers proposals given by local board councils and gives its opinion to the City Council, and proposes to the City Council activities falling within the scope of local self-government of...","og_url":"https:\/\/www.rijeka.hr\/en\/city-government\/city-council\/city-council-working-bodies\/local-self-government-committee\/","og_site_name":"City of Rijeka","article_modified_time":"2025-12-09T11:47:34+00:00","twitter_card":"summary_large_image","twitter_misc":{"Est. reading time":"1 minute"},"schema":{"@context":"https:\/\/schema.org","@graph":[{"@type":"WebPage","@id":"https:\/\/www.rijeka.hr\/en\/city-government\/city-council\/city-council-working-bodies\/local-self-government-committee\/","url":"https:\/\/www.rijeka.hr\/en\/city-government\/city-council\/city-council-working-bodies\/local-self-government-committee\/","name":"Local Self-government Committee - City of Rijeka","isPartOf":{"@id":"https:\/\/www.rijeka.hr\/en\/#website"},"datePublished":"2018-01-02T12:23:01+00:00","dateModified":"2025-12-09T11:47:34+00:00","breadcrumb":{"@id":"https:\/\/www.rijeka.hr\/en\/city-government\/city-council\/city-council-working-bodies\/local-self-government-committee\/#breadcrumb"},"inLanguage":"en-US","potentialAction":[{"@type":"ReadAction","target":["https:\/\/www.rijeka.hr\/en\/city-government\/city-council\/city-council-working-bodies\/local-self-government-committee\/"]}]},{"@type":"BreadcrumbList","@id":"https:\/\/www.rijeka.hr\/en\/city-government\/city-council\/city-council-working-bodies\/local-self-government-committee\/#breadcrumb","itemListElement":[{"@type":"ListItem","position":1,"name":"Po\u010detna stranica","item":"https:\/\/www.rijeka.hr\/en\/"},{"@type":"ListItem","position":2,"name":"City administration","item":"https:\/\/www.rijeka.hr\/en\/city-government\/"},{"@type":"ListItem","position":3,"name":"City Council","item":"https:\/\/www.rijeka.hr\/en\/city-government\/city-council\/"},{"@type":"ListItem","position":4,"name":"City council working bodies","item":"https:\/\/www.rijeka.hr\/en\/city-government\/city-council\/city-council-working-bodies\/"},{"@type":"ListItem","position":5,"name":"Local Self-government Committee"}]},{"@type":"WebSite","@id":"https:\/\/www.rijeka.hr\/en\/#website","url":"https:\/\/www.rijeka.hr\/en\/","name":"City of Rijeka","description":"City of Rijeka web Portal","potentialAction":[{"@type":"SearchAction","target":{"@type":"EntryPoint","urlTemplate":"https:\/\/www.rijeka.hr\/en\/?s={search_term_string}"},"query-input":{"@type":"PropertyValueSpecification","valueRequired":true,"valueName":"search_term_string"}}],"inLanguage":"en-US"}]}},"_links":{"self":[{"href":"https:\/\/www.rijeka.hr\/en\/wp-json\/wp\/v2\/pages\/1050","targetHints":{"allow":["GET"]}}],"collection":[{"href":"https:\/\/www.rijeka.hr\/en\/wp-json\/wp\/v2\/pages"}],"about":[{"href":"https:\/\/www.rijeka.hr\/en\/wp-json\/wp\/v2\/types\/page"}],"author":[{"embeddable":true,"href":"https:\/\/www.rijeka.hr\/en\/wp-json\/wp\/v2\/users\/13"}],"replies":[{"embeddable":true,"href":"https:\/\/www.rijeka.hr\/en\/wp-json\/wp\/v2\/comments?post=1050"}],"version-history":[{"count":4,"href":"https:\/\/www.rijeka.hr\/en\/wp-json\/wp\/v2\/pages\/1050\/revisions"}],"predecessor-version":[{"id":14846,"href":"https:\/\/www.rijeka.hr\/en\/wp-json\/wp\/v2\/pages\/1050\/revisions\/14846"}],"up":[{"embeddable":true,"href":"https:\/\/www.rijeka.hr\/en\/wp-json\/wp\/v2\/pages\/1029"}],"wp:attachment":[{"href":"https:\/\/www.rijeka.hr\/en\/wp-json\/wp\/v2\/media?parent=1050"}],"wp:term":[{"taxonomy":"post_tag","embeddable":true,"href":"https:\/\/www.rijeka.hr\/en\/wp-json\/wp\/v2\/tags?post=1050"}],"curies":[{"name":"wp","href":"https:\/\/api.w.org\/{rel}","templated":true}]}}