{"id":1054,"date":"2016-11-07T09:53:19","date_gmt":"2016-11-07T08:53:19","guid":{"rendered":"https:\/\/www.rijeka.hr\/en\/?page_id=1054"},"modified":"2025-12-09T12:51:49","modified_gmt":"2025-12-09T11:51:49","slug":"committee-for-preschool-education","status":"publish","type":"page","link":"https:\/\/www.rijeka.hr\/en\/city-government\/city-council\/city-council-working-bodies\/committee-for-preschool-education\/","title":{"rendered":"Committee for Preschool Education"},"content":{"rendered":"<p>The Committee for Preschool Education considers the needs of citizens in the field of preschool education, proposes measures for the promotion of these activities and performs other tasks determined by the Rules of Procedure and acts of the City Council.<\/p>\n<p><strong>Committee Composition:<\/strong><\/p>\n<ul>\n<li><b><strong>Igor Vlajni\u0107<\/strong>, <\/b>president<\/li>\n<li><b style=\"font-size: 1.125rem\"><strong>Astrid Massari<\/strong>, <\/b><span style=\"font-size: 1.125rem\">vice president\u00a0<\/span><\/li>\n<\/ul>\n<p><strong>Members:<\/strong><\/p>\n<ul>\n<li><strong>Sanjin Lukari\u0107,\u00a0<\/strong><\/li>\n<li><strong>Patrizia Pitacco,\u00a0<\/strong><\/li>\n<li><strong>Tanija \u010cau\u0161evi\u0107,\u00a0<\/strong><\/li>\n<li><strong>Hana Paleka,<\/strong><\/li>\n<li><strong>Anamarija Kos,<\/strong><\/li>\n<\/ul>\n<p><strong style=\"font-size: 1.125rem\">Committee contacts:<\/strong><\/p>\n<p>Committee\u00a0Secretary<br \/>\n<strong>Maja Manestar<\/strong><br \/>\nTel:\u00a0<a href=\"tel:\/\/+385 51 209 349\">051 209 349<\/a><br \/>\nE-mail: <a href=\"&#109;&#x61;&#105;&#x6c;t&#111;&#x3a;&#109;&#x61;j&#x61;&#46;&#109;&#x61;&#110;&#x65;s&#x74;&#x61;&#114;&#x40;r&#x69;j&#101;&#x6b;&#97;&#x2e;h&#x72;\">&#x6d;a&#x6a;&#97;&#x2e;&#109;&#x61;&#x6e;e&#x73;&#116;&#x61;&#114;&#x40;&#114;i&#x6a;&#101;&#x6b;&#97;&#x2e;&#104;r<\/a><\/p>\n<p>Administrative clerk responsible for preparing Committee sessions<br \/>\n<b><strong>Daniela Pe\u0161ov<br \/>\n<\/strong><\/b>Telefon:\u00a0\u00a0<a href=\"tel:+385 51 209 694\">051 209 694<\/a><br \/>\nE-mail: <a href=\"&#109;a&#x69;l&#x74;o&#x3a;d&#x61;&#110;&#x69;&#106;&#x65;&#108;&#x61;&#46;p&#101;s&#x6f;v&#x40;r&#x69;&#106;&#x65;&#107;&#x61;&#46;&#x68;&#114;\">d&#97;&#110;&#x69;&#x6a;&#x65;l&#97;&#46;&#x70;&#x65;&#x73;ov&#64;&#x72;&#x69;&#x6a;ek&#97;&#46;&#x68;&#x72;<\/a><\/p>\n","protected":false},"excerpt":{"rendered":"<p>The Committee for Preschool Education considers the needs of citizens in the field of preschool education, proposes measures for the promotion of these activities and performs other tasks determined by the Rules of Procedure and acts of the City Council. Committee Composition: Igor Vlajni\u0107, president Astrid Massari, vice president\u00a0 Members: Sanjin Lukari\u0107,\u00a0 Patrizia Pitacco,\u00a0 Tanija&#8230;<\/p>\n","protected":false},"author":13,"featured_media":0,"parent":1029,"menu_order":46,"comment_status":"closed","ping_status":"closed","template":"","meta":{"_acf_changed":false,"_trash_the_other_posts":false,"footnotes":"","_links_to":"","_links_to_target":""},"tags":[],"class_list":["post-1054","page","type-page","status-publish","hentry"],"acf":[],"yoast_head":"<!-- This site is optimized with the Yoast SEO plugin v24.4 - https:\/\/yoast.com\/wordpress\/plugins\/seo\/ -->\n<title>Committee for Preschool Education - City of Rijeka<\/title>\n<meta name=\"robots\" content=\"index, follow, max-snippet:-1, max-image-preview:large, max-video-preview:-1\" \/>\n<link rel=\"canonical\" href=\"https:\/\/www.rijeka.hr\/en\/city-government\/city-council\/city-council-working-bodies\/committee-for-preschool-education\/\" \/>\n<meta property=\"og:locale\" content=\"en_US\" \/>\n<meta property=\"og:type\" content=\"article\" \/>\n<meta property=\"og:title\" content=\"Committee for Preschool Education - City of Rijeka\" \/>\n<meta property=\"og:description\" content=\"The Committee for Preschool Education considers the needs of citizens in the field of preschool education, proposes measures for the promotion of these activities and performs other tasks determined by the Rules of Procedure and acts of the City Council. Committee Composition: Igor Vlajni\u0107, president Astrid Massari, vice president\u00a0 Members: Sanjin Lukari\u0107,\u00a0 Patrizia Pitacco,\u00a0 Tanija...\" \/>\n<meta property=\"og:url\" content=\"https:\/\/www.rijeka.hr\/en\/city-government\/city-council\/city-council-working-bodies\/committee-for-preschool-education\/\" \/>\n<meta property=\"og:site_name\" content=\"City of Rijeka\" \/>\n<meta property=\"article:modified_time\" content=\"2025-12-09T11:51:49+00:00\" \/>\n<meta name=\"twitter:card\" content=\"summary_large_image\" \/>\n<meta name=\"twitter:label1\" content=\"Est. reading time\" \/>\n\t<meta name=\"twitter:data1\" content=\"1 minute\" \/>\n<script type=\"application\/ld+json\" class=\"yoast-schema-graph\">{\"@context\":\"https:\/\/schema.org\",\"@graph\":[{\"@type\":\"WebPage\",\"@id\":\"https:\/\/www.rijeka.hr\/en\/city-government\/city-council\/city-council-working-bodies\/committee-for-preschool-education\/\",\"url\":\"https:\/\/www.rijeka.hr\/en\/city-government\/city-council\/city-council-working-bodies\/committee-for-preschool-education\/\",\"name\":\"Committee for Preschool Education - City of Rijeka\",\"isPartOf\":{\"@id\":\"https:\/\/www.rijeka.hr\/en\/#website\"},\"datePublished\":\"2016-11-07T08:53:19+00:00\",\"dateModified\":\"2025-12-09T11:51:49+00:00\",\"breadcrumb\":{\"@id\":\"https:\/\/www.rijeka.hr\/en\/city-government\/city-council\/city-council-working-bodies\/committee-for-preschool-education\/#breadcrumb\"},\"inLanguage\":\"en-US\",\"potentialAction\":[{\"@type\":\"ReadAction\",\"target\":[\"https:\/\/www.rijeka.hr\/en\/city-government\/city-council\/city-council-working-bodies\/committee-for-preschool-education\/\"]}]},{\"@type\":\"BreadcrumbList\",\"@id\":\"https:\/\/www.rijeka.hr\/en\/city-government\/city-council\/city-council-working-bodies\/committee-for-preschool-education\/#breadcrumb\",\"itemListElement\":[{\"@type\":\"ListItem\",\"position\":1,\"name\":\"Po\u010detna stranica\",\"item\":\"https:\/\/www.rijeka.hr\/en\/\"},{\"@type\":\"ListItem\",\"position\":2,\"name\":\"City administration\",\"item\":\"https:\/\/www.rijeka.hr\/en\/city-government\/\"},{\"@type\":\"ListItem\",\"position\":3,\"name\":\"City Council\",\"item\":\"https:\/\/www.rijeka.hr\/en\/city-government\/city-council\/\"},{\"@type\":\"ListItem\",\"position\":4,\"name\":\"City council working bodies\",\"item\":\"https:\/\/www.rijeka.hr\/en\/city-government\/city-council\/city-council-working-bodies\/\"},{\"@type\":\"ListItem\",\"position\":5,\"name\":\"Committee for Preschool Education\"}]},{\"@type\":\"WebSite\",\"@id\":\"https:\/\/www.rijeka.hr\/en\/#website\",\"url\":\"https:\/\/www.rijeka.hr\/en\/\",\"name\":\"City of Rijeka\",\"description\":\"City of Rijeka web Portal\",\"potentialAction\":[{\"@type\":\"SearchAction\",\"target\":{\"@type\":\"EntryPoint\",\"urlTemplate\":\"https:\/\/www.rijeka.hr\/en\/?s={search_term_string}\"},\"query-input\":{\"@type\":\"PropertyValueSpecification\",\"valueRequired\":true,\"valueName\":\"search_term_string\"}}],\"inLanguage\":\"en-US\"}]}<\/script>\n<!-- \/ Yoast SEO plugin. -->","yoast_head_json":{"title":"Committee for Preschool Education - City of Rijeka","robots":{"index":"index","follow":"follow","max-snippet":"max-snippet:-1","max-image-preview":"max-image-preview:large","max-video-preview":"max-video-preview:-1"},"canonical":"https:\/\/www.rijeka.hr\/en\/city-government\/city-council\/city-council-working-bodies\/committee-for-preschool-education\/","og_locale":"en_US","og_type":"article","og_title":"Committee for Preschool Education - City of Rijeka","og_description":"The Committee for Preschool Education considers the needs of citizens in the field of preschool education, proposes measures for the promotion of these activities and performs other tasks determined by the Rules of Procedure and acts of the City Council. Committee Composition: Igor Vlajni\u0107, president Astrid Massari, vice president\u00a0 Members: Sanjin Lukari\u0107,\u00a0 Patrizia Pitacco,\u00a0 Tanija...","og_url":"https:\/\/www.rijeka.hr\/en\/city-government\/city-council\/city-council-working-bodies\/committee-for-preschool-education\/","og_site_name":"City of Rijeka","article_modified_time":"2025-12-09T11:51:49+00:00","twitter_card":"summary_large_image","twitter_misc":{"Est. reading time":"1 minute"},"schema":{"@context":"https:\/\/schema.org","@graph":[{"@type":"WebPage","@id":"https:\/\/www.rijeka.hr\/en\/city-government\/city-council\/city-council-working-bodies\/committee-for-preschool-education\/","url":"https:\/\/www.rijeka.hr\/en\/city-government\/city-council\/city-council-working-bodies\/committee-for-preschool-education\/","name":"Committee for Preschool Education - City of Rijeka","isPartOf":{"@id":"https:\/\/www.rijeka.hr\/en\/#website"},"datePublished":"2016-11-07T08:53:19+00:00","dateModified":"2025-12-09T11:51:49+00:00","breadcrumb":{"@id":"https:\/\/www.rijeka.hr\/en\/city-government\/city-council\/city-council-working-bodies\/committee-for-preschool-education\/#breadcrumb"},"inLanguage":"en-US","potentialAction":[{"@type":"ReadAction","target":["https:\/\/www.rijeka.hr\/en\/city-government\/city-council\/city-council-working-bodies\/committee-for-preschool-education\/"]}]},{"@type":"BreadcrumbList","@id":"https:\/\/www.rijeka.hr\/en\/city-government\/city-council\/city-council-working-bodies\/committee-for-preschool-education\/#breadcrumb","itemListElement":[{"@type":"ListItem","position":1,"name":"Po\u010detna stranica","item":"https:\/\/www.rijeka.hr\/en\/"},{"@type":"ListItem","position":2,"name":"City administration","item":"https:\/\/www.rijeka.hr\/en\/city-government\/"},{"@type":"ListItem","position":3,"name":"City Council","item":"https:\/\/www.rijeka.hr\/en\/city-government\/city-council\/"},{"@type":"ListItem","position":4,"name":"City council working bodies","item":"https:\/\/www.rijeka.hr\/en\/city-government\/city-council\/city-council-working-bodies\/"},{"@type":"ListItem","position":5,"name":"Committee for Preschool Education"}]},{"@type":"WebSite","@id":"https:\/\/www.rijeka.hr\/en\/#website","url":"https:\/\/www.rijeka.hr\/en\/","name":"City of Rijeka","description":"City of Rijeka web Portal","potentialAction":[{"@type":"SearchAction","target":{"@type":"EntryPoint","urlTemplate":"https:\/\/www.rijeka.hr\/en\/?s={search_term_string}"},"query-input":{"@type":"PropertyValueSpecification","valueRequired":true,"valueName":"search_term_string"}}],"inLanguage":"en-US"}]}},"_links":{"self":[{"href":"https:\/\/www.rijeka.hr\/en\/wp-json\/wp\/v2\/pages\/1054","targetHints":{"allow":["GET"]}}],"collection":[{"href":"https:\/\/www.rijeka.hr\/en\/wp-json\/wp\/v2\/pages"}],"about":[{"href":"https:\/\/www.rijeka.hr\/en\/wp-json\/wp\/v2\/types\/page"}],"author":[{"embeddable":true,"href":"https:\/\/www.rijeka.hr\/en\/wp-json\/wp\/v2\/users\/13"}],"replies":[{"embeddable":true,"href":"https:\/\/www.rijeka.hr\/en\/wp-json\/wp\/v2\/comments?post=1054"}],"version-history":[{"count":6,"href":"https:\/\/www.rijeka.hr\/en\/wp-json\/wp\/v2\/pages\/1054\/revisions"}],"predecessor-version":[{"id":14844,"href":"https:\/\/www.rijeka.hr\/en\/wp-json\/wp\/v2\/pages\/1054\/revisions\/14844"}],"up":[{"embeddable":true,"href":"https:\/\/www.rijeka.hr\/en\/wp-json\/wp\/v2\/pages\/1029"}],"wp:attachment":[{"href":"https:\/\/www.rijeka.hr\/en\/wp-json\/wp\/v2\/media?parent=1054"}],"wp:term":[{"taxonomy":"post_tag","embeddable":true,"href":"https:\/\/www.rijeka.hr\/en\/wp-json\/wp\/v2\/tags?post=1054"}],"curies":[{"name":"wp","href":"https:\/\/api.w.org\/{rel}","templated":true}]}}