{"id":1056,"date":"2016-11-07T09:59:22","date_gmt":"2016-11-07T08:59:22","guid":{"rendered":"https:\/\/www.rijeka.hr\/en\/?page_id=1056"},"modified":"2025-12-09T12:49:17","modified_gmt":"2025-12-09T11:49:17","slug":"transport-committee","status":"publish","type":"page","link":"https:\/\/www.rijeka.hr\/en\/city-government\/city-council\/city-council-working-bodies\/transport-committee\/","title":{"rendered":"Transport Committee"},"content":{"rendered":"<p>The following activities fall within the scope of the Transport Committee: determination and monitoring of the implementation of policy in the field of maritime affairs and communications, transport and transport infrastructure in the City of Rijeka.<\/p>\n<p><strong>Committee Composition:<\/strong><\/p>\n<ul>\n<li><b><strong>Marko Smojver<\/strong>, <\/b>president<\/li>\n<li><b><strong>Darko Brusi\u0107<\/strong> <\/b>vice president<\/li>\n<\/ul>\n<p>Members:<\/p>\n<ul>\n<li><strong>Goran Jelen\u010di\u0107<\/strong>,<\/li>\n<li><strong style=\"font-size: 1.125rem\">Sabina Marov<\/strong><\/li>\n<li><strong>Ivo Simper<\/strong><\/li>\n<\/ul>\n<p><strong>Committee contacts:<\/strong><\/p>\n<p>Committee secretary<br \/>\n<strong>Marina Cvitan Menalo<\/strong><br \/>\nTel:\u00a0<a href=\"tel:+385 51 209 246\">051 209 246<\/a><br \/>\nE-mail:<a href=\"ma&#105;&#108;&#116;&#x6f;&#x3a;&#x6d;&#x61;&#x72;in&#97;&#46;&#99;&#x76;&#x69;&#x74;&#x61;&#x6e;-m&#101;&#110;&#97;&#x6c;&#x6f;&#x40;&#x72;&#x69;je&#107;&#97;&#46;&#x68;&#x72;\">&#109;&#x61;&#x72;i&#110;&#x61;&#46;&#99;&#x76;&#x69;t&#97;&#x6e;-&#109;&#x65;&#x6e;a&#108;&#x6f;&#64;&#114;&#x69;&#x6a;&#101;&#107;&#x61;&#46;&#104;&#x72;<\/a><\/p>\n<p>Administrative clerk responsible for preparing Committee sessions<br \/>\n<strong>Daniela Pe\u0161ov<\/strong><br \/>\nTel:\u00a0 <a href=\"tel:+385 51 209 694\">051 209 694<\/a><br \/>\nE-mail: <a href=\"&#109;&#x61;&#105;&#x6c;&#116;&#x6f;:&#x64;a&#110;&#x69;&#101;&#x6c;&#97;&#x2e;p&#x65;s&#111;&#x76;&#64;&#x72;&#105;&#x6a;&#101;&#x6b;a&#x2e;h&#114;\">&#x64;&#x61;&#x6e;&#x69;&#101;&#108;&#97;&#46;pes&#x6f;&#x76;&#x40;&#x72;&#x69;&#106;&#101;&#107;a&#46;h&#x72;<\/a><\/p>\n","protected":false},"excerpt":{"rendered":"<p>The following activities fall within the scope of the Transport Committee: determination and monitoring of the implementation of policy in the field of maritime affairs and communications, transport and transport infrastructure in the City of Rijeka. Committee Composition: Marko Smojver, president Darko Brusi\u0107 vice president Members: Goran Jelen\u010di\u0107, Sabina Marov Ivo Simper Committee contacts: Committee&#8230;<\/p>\n","protected":false},"author":13,"featured_media":0,"parent":1029,"menu_order":38,"comment_status":"closed","ping_status":"closed","template":"","meta":{"_acf_changed":false,"_trash_the_other_posts":false,"footnotes":"","_links_to":"","_links_to_target":""},"tags":[],"class_list":["post-1056","page","type-page","status-publish","hentry"],"acf":[],"yoast_head":"<!-- This site is optimized with the Yoast SEO plugin v24.4 - https:\/\/yoast.com\/wordpress\/plugins\/seo\/ -->\n<title>Transport Committee - City of Rijeka<\/title>\n<meta name=\"robots\" content=\"index, follow, max-snippet:-1, max-image-preview:large, max-video-preview:-1\" \/>\n<link rel=\"canonical\" href=\"https:\/\/www.rijeka.hr\/en\/city-government\/city-council\/city-council-working-bodies\/transport-committee\/\" \/>\n<meta property=\"og:locale\" content=\"en_US\" \/>\n<meta property=\"og:type\" content=\"article\" \/>\n<meta property=\"og:title\" content=\"Transport Committee - City of Rijeka\" \/>\n<meta property=\"og:description\" content=\"The following activities fall within the scope of the Transport Committee: determination and monitoring of the implementation of policy in the field of maritime affairs and communications, transport and transport infrastructure in the City of Rijeka. Committee Composition: Marko Smojver, president Darko Brusi\u0107 vice president Members: Goran Jelen\u010di\u0107, Sabina Marov Ivo Simper Committee contacts: Committee...\" \/>\n<meta property=\"og:url\" content=\"https:\/\/www.rijeka.hr\/en\/city-government\/city-council\/city-council-working-bodies\/transport-committee\/\" \/>\n<meta property=\"og:site_name\" content=\"City of Rijeka\" \/>\n<meta property=\"article:modified_time\" content=\"2025-12-09T11:49:17+00:00\" \/>\n<meta name=\"twitter:card\" content=\"summary_large_image\" \/>\n<meta name=\"twitter:label1\" content=\"Est. reading time\" \/>\n\t<meta name=\"twitter:data1\" content=\"1 minute\" \/>\n<script type=\"application\/ld+json\" class=\"yoast-schema-graph\">{\"@context\":\"https:\/\/schema.org\",\"@graph\":[{\"@type\":\"WebPage\",\"@id\":\"https:\/\/www.rijeka.hr\/en\/city-government\/city-council\/city-council-working-bodies\/transport-committee\/\",\"url\":\"https:\/\/www.rijeka.hr\/en\/city-government\/city-council\/city-council-working-bodies\/transport-committee\/\",\"name\":\"Transport Committee - City of Rijeka\",\"isPartOf\":{\"@id\":\"https:\/\/www.rijeka.hr\/en\/#website\"},\"datePublished\":\"2016-11-07T08:59:22+00:00\",\"dateModified\":\"2025-12-09T11:49:17+00:00\",\"breadcrumb\":{\"@id\":\"https:\/\/www.rijeka.hr\/en\/city-government\/city-council\/city-council-working-bodies\/transport-committee\/#breadcrumb\"},\"inLanguage\":\"en-US\",\"potentialAction\":[{\"@type\":\"ReadAction\",\"target\":[\"https:\/\/www.rijeka.hr\/en\/city-government\/city-council\/city-council-working-bodies\/transport-committee\/\"]}]},{\"@type\":\"BreadcrumbList\",\"@id\":\"https:\/\/www.rijeka.hr\/en\/city-government\/city-council\/city-council-working-bodies\/transport-committee\/#breadcrumb\",\"itemListElement\":[{\"@type\":\"ListItem\",\"position\":1,\"name\":\"Po\u010detna stranica\",\"item\":\"https:\/\/www.rijeka.hr\/en\/\"},{\"@type\":\"ListItem\",\"position\":2,\"name\":\"City administration\",\"item\":\"https:\/\/www.rijeka.hr\/en\/city-government\/\"},{\"@type\":\"ListItem\",\"position\":3,\"name\":\"City Council\",\"item\":\"https:\/\/www.rijeka.hr\/en\/city-government\/city-council\/\"},{\"@type\":\"ListItem\",\"position\":4,\"name\":\"City council working bodies\",\"item\":\"https:\/\/www.rijeka.hr\/en\/city-government\/city-council\/city-council-working-bodies\/\"},{\"@type\":\"ListItem\",\"position\":5,\"name\":\"Transport Committee\"}]},{\"@type\":\"WebSite\",\"@id\":\"https:\/\/www.rijeka.hr\/en\/#website\",\"url\":\"https:\/\/www.rijeka.hr\/en\/\",\"name\":\"City of Rijeka\",\"description\":\"City of Rijeka web Portal\",\"potentialAction\":[{\"@type\":\"SearchAction\",\"target\":{\"@type\":\"EntryPoint\",\"urlTemplate\":\"https:\/\/www.rijeka.hr\/en\/?s={search_term_string}\"},\"query-input\":{\"@type\":\"PropertyValueSpecification\",\"valueRequired\":true,\"valueName\":\"search_term_string\"}}],\"inLanguage\":\"en-US\"}]}<\/script>\n<!-- \/ Yoast SEO plugin. -->","yoast_head_json":{"title":"Transport Committee - City of Rijeka","robots":{"index":"index","follow":"follow","max-snippet":"max-snippet:-1","max-image-preview":"max-image-preview:large","max-video-preview":"max-video-preview:-1"},"canonical":"https:\/\/www.rijeka.hr\/en\/city-government\/city-council\/city-council-working-bodies\/transport-committee\/","og_locale":"en_US","og_type":"article","og_title":"Transport Committee - City of Rijeka","og_description":"The following activities fall within the scope of the Transport Committee: determination and monitoring of the implementation of policy in the field of maritime affairs and communications, transport and transport infrastructure in the City of Rijeka. Committee Composition: Marko Smojver, president Darko Brusi\u0107 vice president Members: Goran Jelen\u010di\u0107, Sabina Marov Ivo Simper Committee contacts: Committee...","og_url":"https:\/\/www.rijeka.hr\/en\/city-government\/city-council\/city-council-working-bodies\/transport-committee\/","og_site_name":"City of Rijeka","article_modified_time":"2025-12-09T11:49:17+00:00","twitter_card":"summary_large_image","twitter_misc":{"Est. reading time":"1 minute"},"schema":{"@context":"https:\/\/schema.org","@graph":[{"@type":"WebPage","@id":"https:\/\/www.rijeka.hr\/en\/city-government\/city-council\/city-council-working-bodies\/transport-committee\/","url":"https:\/\/www.rijeka.hr\/en\/city-government\/city-council\/city-council-working-bodies\/transport-committee\/","name":"Transport Committee - City of Rijeka","isPartOf":{"@id":"https:\/\/www.rijeka.hr\/en\/#website"},"datePublished":"2016-11-07T08:59:22+00:00","dateModified":"2025-12-09T11:49:17+00:00","breadcrumb":{"@id":"https:\/\/www.rijeka.hr\/en\/city-government\/city-council\/city-council-working-bodies\/transport-committee\/#breadcrumb"},"inLanguage":"en-US","potentialAction":[{"@type":"ReadAction","target":["https:\/\/www.rijeka.hr\/en\/city-government\/city-council\/city-council-working-bodies\/transport-committee\/"]}]},{"@type":"BreadcrumbList","@id":"https:\/\/www.rijeka.hr\/en\/city-government\/city-council\/city-council-working-bodies\/transport-committee\/#breadcrumb","itemListElement":[{"@type":"ListItem","position":1,"name":"Po\u010detna stranica","item":"https:\/\/www.rijeka.hr\/en\/"},{"@type":"ListItem","position":2,"name":"City administration","item":"https:\/\/www.rijeka.hr\/en\/city-government\/"},{"@type":"ListItem","position":3,"name":"City Council","item":"https:\/\/www.rijeka.hr\/en\/city-government\/city-council\/"},{"@type":"ListItem","position":4,"name":"City council working bodies","item":"https:\/\/www.rijeka.hr\/en\/city-government\/city-council\/city-council-working-bodies\/"},{"@type":"ListItem","position":5,"name":"Transport Committee"}]},{"@type":"WebSite","@id":"https:\/\/www.rijeka.hr\/en\/#website","url":"https:\/\/www.rijeka.hr\/en\/","name":"City of Rijeka","description":"City of Rijeka web Portal","potentialAction":[{"@type":"SearchAction","target":{"@type":"EntryPoint","urlTemplate":"https:\/\/www.rijeka.hr\/en\/?s={search_term_string}"},"query-input":{"@type":"PropertyValueSpecification","valueRequired":true,"valueName":"search_term_string"}}],"inLanguage":"en-US"}]}},"_links":{"self":[{"href":"https:\/\/www.rijeka.hr\/en\/wp-json\/wp\/v2\/pages\/1056","targetHints":{"allow":["GET"]}}],"collection":[{"href":"https:\/\/www.rijeka.hr\/en\/wp-json\/wp\/v2\/pages"}],"about":[{"href":"https:\/\/www.rijeka.hr\/en\/wp-json\/wp\/v2\/types\/page"}],"author":[{"embeddable":true,"href":"https:\/\/www.rijeka.hr\/en\/wp-json\/wp\/v2\/users\/13"}],"replies":[{"embeddable":true,"href":"https:\/\/www.rijeka.hr\/en\/wp-json\/wp\/v2\/comments?post=1056"}],"version-history":[{"count":6,"href":"https:\/\/www.rijeka.hr\/en\/wp-json\/wp\/v2\/pages\/1056\/revisions"}],"predecessor-version":[{"id":14847,"href":"https:\/\/www.rijeka.hr\/en\/wp-json\/wp\/v2\/pages\/1056\/revisions\/14847"}],"up":[{"embeddable":true,"href":"https:\/\/www.rijeka.hr\/en\/wp-json\/wp\/v2\/pages\/1029"}],"wp:attachment":[{"href":"https:\/\/www.rijeka.hr\/en\/wp-json\/wp\/v2\/media?parent=1056"}],"wp:term":[{"taxonomy":"post_tag","embeddable":true,"href":"https:\/\/www.rijeka.hr\/en\/wp-json\/wp\/v2\/tags?post=1056"}],"curies":[{"name":"wp","href":"https:\/\/api.w.org\/{rel}","templated":true}]}}