{"id":1060,"date":"2016-11-07T10:07:02","date_gmt":"2016-11-07T09:07:02","guid":{"rendered":"https:\/\/www.rijeka.hr\/en\/?page_id=1060"},"modified":"2025-12-09T12:50:58","modified_gmt":"2025-12-09T11:50:58","slug":"gender-equality-committee","status":"publish","type":"page","link":"https:\/\/www.rijeka.hr\/en\/city-government\/city-council\/city-council-working-bodies\/gender-equality-committee\/","title":{"rendered":"Gender Equality Committee"},"content":{"rendered":"<p>The Gender Equality Committee considers the implementation of activities to promote the right to gender equality, it proposes measures related to the promotion of gender equality and performs other tasks determined by the Rules of Procedure and acts of the City Council.<\/p>\n<p><strong>Committee Composition:<\/strong><\/p>\n<ul>\n<li><strong>Ivana Prica Matija\u0161<\/strong>, president<\/li>\n<li><b><strong>Helena Pehovac Bari\u010devi\u0107<\/strong>,<\/b> vice president<\/li>\n<\/ul>\n<p><strong>Members:<\/strong><\/p>\n<ul>\n<li><b><strong>Lucio Slama<\/strong>,<\/b><\/li>\n<li><b><strong>\u0160tefica Jagi\u0107 Ra\u0111a<\/strong>,<\/b><\/li>\n<li><strong>Andro Demiri<\/strong><\/li>\n<\/ul>\n<p><strong>Committee contacts:<\/strong><\/p>\n<p>Committee secretary<br \/>\n<strong>Maja Tatalovi\u0107<\/strong><br \/>\nTel: <a href=\"tel:+385 51 209 615\">051 209 615<\/a><br \/>\nE-mail:\u00a0<a href=\"m&#97;&#x69;&#x6c;t&#111;&#x3a;&#x6d;a&#106;&#97;&#x2e;&#x74;a&#116;&#x61;&#x6c;o&#118;&#x69;&#x63;&#64;&#114;&#105;&#x6a;&#x65;k&#97;&#x2e;&#x68;r\">&#x6d;&#x61;&#x6a;&#x61;&#x2e;&#116;&#97;&#116;&#97;lov&#x69;&#x63;&#x40;&#x72;&#x69;&#x6a;&#101;&#107;&#97;&#46;hr<\/a><\/p>\n<p>Administrative clerk responsible for preparing Committee sessions:<br \/>\n<strong>Jelena Mulac<\/strong><br \/>\nTel: <a href=\"tel:+385 51 209 533\">051 209 533<\/a><br \/>\nE-mail:<a href=\"&#x6d;a&#x69;&#108;&#x74;&#111;:&#x6a;e&#x6c;&#101;&#x6e;&#97;&#46;&#x6d;&#117;&#x6c;&#97;c&#x40;r&#x69;&#106;&#x65;&#107;a&#x2e;h&#x72;\"> &#106;&#101;&#x6c;&#x65;&#110;&#97;&#x2e;&#x6d;&#117;&#108;&#x61;&#x63;&#64;&#114;&#x69;&#x6a;&#101;&#107;&#x61;&#x2e;&#104;&#114;<\/a><\/p>\n","protected":false},"excerpt":{"rendered":"<p>The Gender Equality Committee considers the implementation of activities to promote the right to gender equality, it proposes measures related to the promotion of gender equality and performs other tasks determined by the Rules of Procedure and acts of the City Council. Committee Composition: Ivana Prica Matija\u0161, president Helena Pehovac Bari\u010devi\u0107, vice president Members: Lucio&#8230;<\/p>\n","protected":false},"author":13,"featured_media":0,"parent":1029,"menu_order":44,"comment_status":"closed","ping_status":"closed","template":"","meta":{"_acf_changed":false,"_trash_the_other_posts":false,"footnotes":"","_links_to":"","_links_to_target":""},"tags":[],"class_list":["post-1060","page","type-page","status-publish","hentry"],"acf":[],"yoast_head":"<!-- This site is optimized with the Yoast SEO plugin v24.4 - https:\/\/yoast.com\/wordpress\/plugins\/seo\/ -->\n<title>Gender Equality Committee - City of Rijeka<\/title>\n<meta name=\"robots\" content=\"index, follow, max-snippet:-1, max-image-preview:large, max-video-preview:-1\" \/>\n<link rel=\"canonical\" href=\"https:\/\/www.rijeka.hr\/en\/city-government\/city-council\/city-council-working-bodies\/gender-equality-committee\/\" \/>\n<meta property=\"og:locale\" content=\"en_US\" \/>\n<meta property=\"og:type\" content=\"article\" \/>\n<meta property=\"og:title\" content=\"Gender Equality Committee - City of Rijeka\" \/>\n<meta property=\"og:description\" content=\"The Gender Equality Committee considers the implementation of activities to promote the right to gender equality, it proposes measures related to the promotion of gender equality and performs other tasks determined by the Rules of Procedure and acts of the City Council. Committee Composition: Ivana Prica Matija\u0161, president Helena Pehovac Bari\u010devi\u0107, vice president Members: Lucio...\" \/>\n<meta property=\"og:url\" content=\"https:\/\/www.rijeka.hr\/en\/city-government\/city-council\/city-council-working-bodies\/gender-equality-committee\/\" \/>\n<meta property=\"og:site_name\" content=\"City of Rijeka\" \/>\n<meta property=\"article:modified_time\" content=\"2025-12-09T11:50:58+00:00\" \/>\n<meta name=\"twitter:card\" content=\"summary_large_image\" \/>\n<meta name=\"twitter:label1\" content=\"Est. reading time\" \/>\n\t<meta name=\"twitter:data1\" content=\"1 minute\" \/>\n<script type=\"application\/ld+json\" class=\"yoast-schema-graph\">{\"@context\":\"https:\/\/schema.org\",\"@graph\":[{\"@type\":\"WebPage\",\"@id\":\"https:\/\/www.rijeka.hr\/en\/city-government\/city-council\/city-council-working-bodies\/gender-equality-committee\/\",\"url\":\"https:\/\/www.rijeka.hr\/en\/city-government\/city-council\/city-council-working-bodies\/gender-equality-committee\/\",\"name\":\"Gender Equality Committee - City of Rijeka\",\"isPartOf\":{\"@id\":\"https:\/\/www.rijeka.hr\/en\/#website\"},\"datePublished\":\"2016-11-07T09:07:02+00:00\",\"dateModified\":\"2025-12-09T11:50:58+00:00\",\"breadcrumb\":{\"@id\":\"https:\/\/www.rijeka.hr\/en\/city-government\/city-council\/city-council-working-bodies\/gender-equality-committee\/#breadcrumb\"},\"inLanguage\":\"en-US\",\"potentialAction\":[{\"@type\":\"ReadAction\",\"target\":[\"https:\/\/www.rijeka.hr\/en\/city-government\/city-council\/city-council-working-bodies\/gender-equality-committee\/\"]}]},{\"@type\":\"BreadcrumbList\",\"@id\":\"https:\/\/www.rijeka.hr\/en\/city-government\/city-council\/city-council-working-bodies\/gender-equality-committee\/#breadcrumb\",\"itemListElement\":[{\"@type\":\"ListItem\",\"position\":1,\"name\":\"Po\u010detna stranica\",\"item\":\"https:\/\/www.rijeka.hr\/en\/\"},{\"@type\":\"ListItem\",\"position\":2,\"name\":\"City administration\",\"item\":\"https:\/\/www.rijeka.hr\/en\/city-government\/\"},{\"@type\":\"ListItem\",\"position\":3,\"name\":\"City Council\",\"item\":\"https:\/\/www.rijeka.hr\/en\/city-government\/city-council\/\"},{\"@type\":\"ListItem\",\"position\":4,\"name\":\"City council working bodies\",\"item\":\"https:\/\/www.rijeka.hr\/en\/city-government\/city-council\/city-council-working-bodies\/\"},{\"@type\":\"ListItem\",\"position\":5,\"name\":\"Gender Equality Committee\"}]},{\"@type\":\"WebSite\",\"@id\":\"https:\/\/www.rijeka.hr\/en\/#website\",\"url\":\"https:\/\/www.rijeka.hr\/en\/\",\"name\":\"City of Rijeka\",\"description\":\"City of Rijeka web Portal\",\"potentialAction\":[{\"@type\":\"SearchAction\",\"target\":{\"@type\":\"EntryPoint\",\"urlTemplate\":\"https:\/\/www.rijeka.hr\/en\/?s={search_term_string}\"},\"query-input\":{\"@type\":\"PropertyValueSpecification\",\"valueRequired\":true,\"valueName\":\"search_term_string\"}}],\"inLanguage\":\"en-US\"}]}<\/script>\n<!-- \/ Yoast SEO plugin. -->","yoast_head_json":{"title":"Gender Equality Committee - City of Rijeka","robots":{"index":"index","follow":"follow","max-snippet":"max-snippet:-1","max-image-preview":"max-image-preview:large","max-video-preview":"max-video-preview:-1"},"canonical":"https:\/\/www.rijeka.hr\/en\/city-government\/city-council\/city-council-working-bodies\/gender-equality-committee\/","og_locale":"en_US","og_type":"article","og_title":"Gender Equality Committee - City of Rijeka","og_description":"The Gender Equality Committee considers the implementation of activities to promote the right to gender equality, it proposes measures related to the promotion of gender equality and performs other tasks determined by the Rules of Procedure and acts of the City Council. Committee Composition: Ivana Prica Matija\u0161, president Helena Pehovac Bari\u010devi\u0107, vice president Members: Lucio...","og_url":"https:\/\/www.rijeka.hr\/en\/city-government\/city-council\/city-council-working-bodies\/gender-equality-committee\/","og_site_name":"City of Rijeka","article_modified_time":"2025-12-09T11:50:58+00:00","twitter_card":"summary_large_image","twitter_misc":{"Est. reading time":"1 minute"},"schema":{"@context":"https:\/\/schema.org","@graph":[{"@type":"WebPage","@id":"https:\/\/www.rijeka.hr\/en\/city-government\/city-council\/city-council-working-bodies\/gender-equality-committee\/","url":"https:\/\/www.rijeka.hr\/en\/city-government\/city-council\/city-council-working-bodies\/gender-equality-committee\/","name":"Gender Equality Committee - City of Rijeka","isPartOf":{"@id":"https:\/\/www.rijeka.hr\/en\/#website"},"datePublished":"2016-11-07T09:07:02+00:00","dateModified":"2025-12-09T11:50:58+00:00","breadcrumb":{"@id":"https:\/\/www.rijeka.hr\/en\/city-government\/city-council\/city-council-working-bodies\/gender-equality-committee\/#breadcrumb"},"inLanguage":"en-US","potentialAction":[{"@type":"ReadAction","target":["https:\/\/www.rijeka.hr\/en\/city-government\/city-council\/city-council-working-bodies\/gender-equality-committee\/"]}]},{"@type":"BreadcrumbList","@id":"https:\/\/www.rijeka.hr\/en\/city-government\/city-council\/city-council-working-bodies\/gender-equality-committee\/#breadcrumb","itemListElement":[{"@type":"ListItem","position":1,"name":"Po\u010detna stranica","item":"https:\/\/www.rijeka.hr\/en\/"},{"@type":"ListItem","position":2,"name":"City administration","item":"https:\/\/www.rijeka.hr\/en\/city-government\/"},{"@type":"ListItem","position":3,"name":"City Council","item":"https:\/\/www.rijeka.hr\/en\/city-government\/city-council\/"},{"@type":"ListItem","position":4,"name":"City council working bodies","item":"https:\/\/www.rijeka.hr\/en\/city-government\/city-council\/city-council-working-bodies\/"},{"@type":"ListItem","position":5,"name":"Gender Equality Committee"}]},{"@type":"WebSite","@id":"https:\/\/www.rijeka.hr\/en\/#website","url":"https:\/\/www.rijeka.hr\/en\/","name":"City of Rijeka","description":"City of Rijeka web Portal","potentialAction":[{"@type":"SearchAction","target":{"@type":"EntryPoint","urlTemplate":"https:\/\/www.rijeka.hr\/en\/?s={search_term_string}"},"query-input":{"@type":"PropertyValueSpecification","valueRequired":true,"valueName":"search_term_string"}}],"inLanguage":"en-US"}]}},"_links":{"self":[{"href":"https:\/\/www.rijeka.hr\/en\/wp-json\/wp\/v2\/pages\/1060","targetHints":{"allow":["GET"]}}],"collection":[{"href":"https:\/\/www.rijeka.hr\/en\/wp-json\/wp\/v2\/pages"}],"about":[{"href":"https:\/\/www.rijeka.hr\/en\/wp-json\/wp\/v2\/types\/page"}],"author":[{"embeddable":true,"href":"https:\/\/www.rijeka.hr\/en\/wp-json\/wp\/v2\/users\/13"}],"replies":[{"embeddable":true,"href":"https:\/\/www.rijeka.hr\/en\/wp-json\/wp\/v2\/comments?post=1060"}],"version-history":[{"count":4,"href":"https:\/\/www.rijeka.hr\/en\/wp-json\/wp\/v2\/pages\/1060\/revisions"}],"predecessor-version":[{"id":14779,"href":"https:\/\/www.rijeka.hr\/en\/wp-json\/wp\/v2\/pages\/1060\/revisions\/14779"}],"up":[{"embeddable":true,"href":"https:\/\/www.rijeka.hr\/en\/wp-json\/wp\/v2\/pages\/1029"}],"wp:attachment":[{"href":"https:\/\/www.rijeka.hr\/en\/wp-json\/wp\/v2\/media?parent=1060"}],"wp:term":[{"taxonomy":"post_tag","embeddable":true,"href":"https:\/\/www.rijeka.hr\/en\/wp-json\/wp\/v2\/tags?post=1060"}],"curies":[{"name":"wp","href":"https:\/\/api.w.org\/{rel}","templated":true}]}}