{"id":10669,"date":"2021-02-10T14:18:00","date_gmt":"2021-02-10T13:18:00","guid":{"rendered":"https:\/\/www.rijeka.hr\/en\/?page_id=10669"},"modified":"2021-03-25T09:22:36","modified_gmt":"2021-03-25T08:22:36","slug":"analytical-basis-city-rijeka-development-plan","status":"publish","type":"page","link":"https:\/\/www.rijeka.hr\/en\/city-government\/city-rijeka-development-plan-2021-2027\/analytical-basis-city-rijeka-development-plan\/","title":{"rendered":"Analytical basis of the City of Rijeka Development Plan"},"content":{"rendered":"<p>The analytical basis of the Development Plan will include analyses of the existing situation and data collected from the following fields: <strong>Society<\/strong> (demography, social infrastructure and education, health, social welfare and social inclusion), <strong>Economy<\/strong> (general economic trends, labour market, business environment, tourism and culture), <strong>Urban environment<\/strong> (quality of urban environment, exposure to environmental risks and climate hazards, primary infrastructure, infrastructure for mobility and internet connection, framework for managing development) and <strong>SWOT analysis<\/strong>.<\/p>\n<p>Basic information about Rijeka form an integral part of the Analytical Basis.<\/p>\n<p>CITY OF RIJEKA &#8211; BASIC DATA:<\/p>\n<ul>\n<li>County: Primorje \u2013 Gorski Kotar<\/li>\n<li>Geographic location 45.3271 \u00b0 N, 14.4422 \u00b0 E<\/li>\n<li>Land surface: 43.6 sq. km<\/li>\n<li>Total area (with sea part): 136 sq. km.<\/li>\n<li>ZIP: 51,000<\/li>\n<li>License plate: RI<\/li>\n<li>Number of local boards: 34<\/li>\n<li>Population: 2011 = 128,624; 2018 = 117,415<\/li>\n<li>Population density: 2,923 s \/ km2<\/li>\n<li>Dialect: Kvarner Chakavian<\/li>\n<li>Climate: Moderately warm rainy climate<\/li>\n<li>City\u2019s patron saint : St. Vitus<\/li>\n<li>City Day: June 15<\/li>\n<li>NUTS2 region: Adriatic Croatia<\/li>\n<li>Development index: 108,308<\/li>\n<li>JLS Development Group: VII<\/li>\n<li>Predominant, the most important activities: Manufacturing; Construction; Wholesale and retail trade and repair of motor vehicles and motorcycles; Transportation and storage; Professional, scientific and technical activities<\/li>\n<li>Other special features: European Capital of Culture<\/li>\n<\/ul>\n<p>The city of Rijeka is located in the Primorje-Gorski Kotar County (NUTS II region &#8211; Adriatic Croatia) and, as the county capital, it represents its centre. It is one of the four basic development centres of single territorial units of the Republic of Croatia together with Zagreb, Split and Osijek. Throughout history, Rijeka, with numerous factories in various industries and a developed port, was known as an industrial and port centre, and today, although it is still recognised for the mentioned factors, Rijeka is recognised for new industries, education, culture and tourism. Administratively, the city is divided into 34 local boards: Banderovo, Belveder, Brajda-Dolac, Bra\u0161\u0107ine-Pulac, Bulevard, Centar-Su\u0161ak, Draga, Drenova, Gornja Ve\u017eica, Gornji Zamet, City of Trsat, Grbci, Kantrida, Kozala, Krimeja, Luka , Mlaka, Orehovica, Pa\u0161ac, Pe\u0107ine, Pehlin, Podmurvice, Podve\u017eica, Potok, Srdo\u010di, Sveti Kuzam, Sveti Nikola, Svilno, \u0160kolji\u0107 &#8211; Stari grad, \u0160kurinje, \u0160kurinjska Draga, Turni\u0107, Vojak and Zamet<\/p>\n<p>Spatially, it is located on the northern edge of the well-protected Bay of Rijeka, and the coastline, which stretches from Preluk Bay on the west side to Martin\u0161\u0107ica Bay on the eastern edge of the city, in regard to the city\u2019s triangular shape, it represents its hypotenuse 19 km long. On the land side, Rijeka borders the towns of Bakar, Kastav and Opatija and the municipalities of \u010cavle, Jelenje, Kostrena, Matulji and Vi\u0161kovo, and on the sea side the towns of Kraljevica and Cres and the municipality of Omi\u0161alj. The Rijeka seawater makes part to the Bay of Rijeka, the northernmost part of Kvarner located between the western coast of Krk, the Istrian peninsula and the northern part of the Croatian coast, where the largest Croatian port and numerous tourist centres have developed. The Bay of Rijeka is a closed system connected to the Kvarner Bay by Tihi Kanal to the east, Srednja vrata to the south and Vela vrata to the southwest.<\/p>\n<div id=\"attachment_10673\" class=\"wp-caption aligncenter\"><img loading=\"lazy\" decoding=\"async\" width=\"411\" height=\"600\" class=\"wp-image-10673 size-medium\" src=\"https:\/\/www.rijeka.hr\/en\/wp-content\/uploads\/sites\/2\/2021\/02\/Karta-Polo\u017eaj-Grada-Rijeke-u-PG\u017d-411x600-411x600.jpg\" alt=\"\" srcset=\"https:\/\/www.rijeka.hr\/en\/wp-content\/uploads\/sites\/2\/2021\/02\/Karta-Polo\u017eaj-Grada-Rijeke-u-PG\u017d-411x600-411x400.jpg 411w, https:\/\/www.rijeka.hr\/en\/wp-content\/uploads\/sites\/2\/2021\/02\/Karta-Polo\u017eaj-Grada-Rijeke-u-PG\u017d-411x600-274x400.jpg 274w\" sizes=\"(max-width: 411px) 100vw, 411px\" \/><p class=\"wp-caption-text\">THE POSITION OF THE CITY OF RIJEKA IN THE PRIMORJE-GORSKI KOTAR COUNTY SOURCE: PUBLIC INSTITUTION FOR SPATIAL PLANNING OF THE PRIMORJE-GORSKI KOTAR COUNTY<\/p><\/div>\n<p>Position of the City of Rijeka in the Primorje-Gorski Kotar County<\/p>\n<p>The geological location of Rijeka makes it very sensitive to rainfall, on average, one third of all days are rainy days. The prevailing climate is a moderately warm rainy climate, with no dry period, with a minimum of precipitation in the warm part of the year and with hot summers. The mean annual air temperature is about 13.8 \u00baC, and the absolute maximum and minimum temperature were respectively 38.1 \u00baC and \u201311.4 \u00baC. This temperature ratio throughout the year in the territory of Rijeka opens up numerous possibilities. The highest surface temperature of the sea in the Bay of Rijeka is in August (22.4 \u00baC), which is (in the summer months) extremely suitable for bathing tourism. In contrast to bathing tourism, and related to lower temperatures during winter, in the territory of the City of Rijeka, more precisely in the Platak ski resort, winter tourism is promoted. It is a rarity in the world to have swimming in summer and skiing in winter with a sea view.<\/p>\n<p>The city is located near most centres of the neighbouring counties. Distance to Pazin (Istria County) is 60 km, Karlovac (Karlovac County) 140 km, Gospi\u0107 (Lika-Senj County) 155 km and Zadar (Zadar County) 225 km. Distance to the capital of the Republic of Croatia, Zagreb, is 175 km. In addition to these cities, within a radius of about 100 km there are major cities in the region, Pula, Trieste and Ljubljana, and at a distance of about 500 km are most of the capitals and centres of Central Europe, Budapest, Bratislava, Vienna, Milan, Munich, Salzburg and others.<\/p>\n<div id=\"attachment_10674\" class=\"wp-caption aligncenter\"><img loading=\"lazy\" decoding=\"async\" class=\"wp-image-10674 size-medium\" src=\"https:\/\/www.rijeka.hr\/en\/wp-content\/uploads\/sites\/2\/2021\/02\/Karta-Udaljenost-Grada-Rijeke-od-tuzemnih-i-inozemnih-sredi\u0161ta-600x376.jpg\" alt=\"\" width=\"600\" height=\"376\" srcset=\"https:\/\/www.rijeka.hr\/en\/wp-content\/uploads\/sites\/2\/2021\/02\/Karta-Udaljenost-Grada-Rijeke-od-tuzemnih-i-inozemnih-sredi\u0161ta-600x400.jpg 600w, https:\/\/www.rijeka.hr\/en\/wp-content\/uploads\/sites\/2\/2021\/02\/Karta-Udaljenost-Grada-Rijeke-od-tuzemnih-i-inozemnih-sredi\u0161ta-768x481.jpg 768w, https:\/\/www.rijeka.hr\/en\/wp-content\/uploads\/sites\/2\/2021\/02\/Karta-Udaljenost-Grada-Rijeke-od-tuzemnih-i-inozemnih-sredi\u0161ta-1200x752.jpg 1200w, https:\/\/www.rijeka.hr\/en\/wp-content\/uploads\/sites\/2\/2021\/02\/Karta-Udaljenost-Grada-Rijeke-od-tuzemnih-i-inozemnih-sredi\u0161ta-960x600.jpg 960w, https:\/\/www.rijeka.hr\/en\/wp-content\/uploads\/sites\/2\/2021\/02\/Karta-Udaljenost-Grada-Rijeke-od-tuzemnih-i-inozemnih-sredi\u0161ta-957x600.jpg 957w, https:\/\/www.rijeka.hr\/en\/wp-content\/uploads\/sites\/2\/2021\/02\/Karta-Udaljenost-Grada-Rijeke-od-tuzemnih-i-inozemnih-sredi\u0161ta.jpg 1449w, https:\/\/www.rijeka.hr\/en\/wp-content\/uploads\/sites\/2\/2021\/02\/Karta-Udaljenost-Grada-Rijeke-od-tuzemnih-i-inozemnih-sredi\u0161ta-1000x400.jpg 1000w\" sizes=\"(max-width: 600px) 100vw, 600px\" \/><p class=\"wp-caption-text\">DISTANCE OF THE CITY OF RIJEKA FROM DOMESTIC AND FOREIGN CENTRES; PREPARATION: AUTHORS OF THE PLAN ACCORDING TO GOOGLE MAPS<\/p><\/div>\n<p>Distance of the City of Rijeka from domestic and foreign centres<\/p>\n<p>Further chapters of the Analytical basis are being prepared. They relate to the following chapters<\/p>\n<ul>\n<li><strong>Society<\/strong> (demography, social infrastructure and education, health, social welfare and social inclusion),<\/li>\n<li><strong>Economy<\/strong> (general economic trends, labour market, business environment, tourism and culture),<\/li>\n<li><strong>Urban environment<\/strong> (quality of urban environment, exposure to environmental risks and climate hazards, primary infrastructure, infrastructure for mobility and internet connection, development management framework)<\/li>\n<li><strong>SWOT analysis.<\/strong><\/li>\n<\/ul>\n","protected":false},"excerpt":{"rendered":"<p>The analytical basis of the Development Plan will include analyses of the existing situation and data collected from the following fields: Society (demography, social infrastructure and education, health, social welfare and social inclusion), Economy (general economic trends, labour market, business environment, tourism and culture), Urban environment (quality of urban environment, exposure to environmental risks and&#8230;<\/p>\n","protected":false},"author":13,"featured_media":0,"parent":10618,"menu_order":83,"comment_status":"closed","ping_status":"closed","template":"","meta":{"_acf_changed":false,"_trash_the_other_posts":false,"footnotes":"","_links_to":"","_links_to_target":""},"tags":[],"class_list":["post-10669","page","type-page","status-publish","hentry"],"acf":[],"yoast_head":"<!-- This site is optimized with the Yoast SEO plugin v24.4 - https:\/\/yoast.com\/wordpress\/plugins\/seo\/ -->\n<title>Analytical basis of the City of Rijeka Development Plan - City of Rijeka<\/title>\n<meta name=\"robots\" content=\"index, follow, max-snippet:-1, max-image-preview:large, max-video-preview:-1\" \/>\n<link rel=\"canonical\" href=\"https:\/\/www.rijeka.hr\/en\/city-government\/city-rijeka-development-plan-2021-2027\/analytical-basis-city-rijeka-development-plan\/\" \/>\n<meta property=\"og:locale\" content=\"en_US\" \/>\n<meta property=\"og:type\" content=\"article\" \/>\n<meta property=\"og:title\" content=\"Analytical basis of the City of Rijeka Development Plan - City of Rijeka\" \/>\n<meta property=\"og:description\" content=\"The analytical basis of the Development Plan will include analyses of the existing situation and data collected from the following fields: Society (demography, social infrastructure and education, health, social welfare and social inclusion), Economy (general economic trends, labour market, business environment, tourism and culture), Urban environment (quality of urban environment, exposure to environmental risks and...\" \/>\n<meta property=\"og:url\" content=\"https:\/\/www.rijeka.hr\/en\/city-government\/city-rijeka-development-plan-2021-2027\/analytical-basis-city-rijeka-development-plan\/\" \/>\n<meta property=\"og:site_name\" content=\"City of Rijeka\" \/>\n<meta property=\"article:modified_time\" content=\"2021-03-25T08:22:36+00:00\" \/>\n<meta name=\"twitter:card\" content=\"summary_large_image\" \/>\n<meta name=\"twitter:label1\" content=\"Est. reading time\" \/>\n\t<meta name=\"twitter:data1\" content=\"4 minutes\" \/>\n<script type=\"application\/ld+json\" class=\"yoast-schema-graph\">{\"@context\":\"https:\/\/schema.org\",\"@graph\":[{\"@type\":\"WebPage\",\"@id\":\"https:\/\/www.rijeka.hr\/en\/city-government\/city-rijeka-development-plan-2021-2027\/analytical-basis-city-rijeka-development-plan\/\",\"url\":\"https:\/\/www.rijeka.hr\/en\/city-government\/city-rijeka-development-plan-2021-2027\/analytical-basis-city-rijeka-development-plan\/\",\"name\":\"Analytical basis of the City of Rijeka Development Plan - City of Rijeka\",\"isPartOf\":{\"@id\":\"https:\/\/www.rijeka.hr\/en\/#website\"},\"datePublished\":\"2021-02-10T13:18:00+00:00\",\"dateModified\":\"2021-03-25T08:22:36+00:00\",\"breadcrumb\":{\"@id\":\"https:\/\/www.rijeka.hr\/en\/city-government\/city-rijeka-development-plan-2021-2027\/analytical-basis-city-rijeka-development-plan\/#breadcrumb\"},\"inLanguage\":\"en-US\",\"potentialAction\":[{\"@type\":\"ReadAction\",\"target\":[\"https:\/\/www.rijeka.hr\/en\/city-government\/city-rijeka-development-plan-2021-2027\/analytical-basis-city-rijeka-development-plan\/\"]}]},{\"@type\":\"BreadcrumbList\",\"@id\":\"https:\/\/www.rijeka.hr\/en\/city-government\/city-rijeka-development-plan-2021-2027\/analytical-basis-city-rijeka-development-plan\/#breadcrumb\",\"itemListElement\":[{\"@type\":\"ListItem\",\"position\":1,\"name\":\"Po\u010detna stranica\",\"item\":\"https:\/\/www.rijeka.hr\/en\/\"},{\"@type\":\"ListItem\",\"position\":2,\"name\":\"City administration\",\"item\":\"https:\/\/www.rijeka.hr\/en\/city-government\/\"},{\"@type\":\"ListItem\",\"position\":3,\"name\":\"City of Rijeka Development Plan 2021 &#8211; 2027\",\"item\":\"https:\/\/www.rijeka.hr\/en\/city-government\/city-rijeka-development-plan-2021-2027\/\"},{\"@type\":\"ListItem\",\"position\":4,\"name\":\"Analytical basis of the City of Rijeka Development Plan\"}]},{\"@type\":\"WebSite\",\"@id\":\"https:\/\/www.rijeka.hr\/en\/#website\",\"url\":\"https:\/\/www.rijeka.hr\/en\/\",\"name\":\"City of Rijeka\",\"description\":\"City of Rijeka web Portal\",\"potentialAction\":[{\"@type\":\"SearchAction\",\"target\":{\"@type\":\"EntryPoint\",\"urlTemplate\":\"https:\/\/www.rijeka.hr\/en\/?s={search_term_string}\"},\"query-input\":{\"@type\":\"PropertyValueSpecification\",\"valueRequired\":true,\"valueName\":\"search_term_string\"}}],\"inLanguage\":\"en-US\"}]}<\/script>\n<!-- \/ Yoast SEO plugin. -->","yoast_head_json":{"title":"Analytical basis of the City of Rijeka Development Plan - City of Rijeka","robots":{"index":"index","follow":"follow","max-snippet":"max-snippet:-1","max-image-preview":"max-image-preview:large","max-video-preview":"max-video-preview:-1"},"canonical":"https:\/\/www.rijeka.hr\/en\/city-government\/city-rijeka-development-plan-2021-2027\/analytical-basis-city-rijeka-development-plan\/","og_locale":"en_US","og_type":"article","og_title":"Analytical basis of the City of Rijeka Development Plan - City of Rijeka","og_description":"The analytical basis of the Development Plan will include analyses of the existing situation and data collected from the following fields: Society (demography, social infrastructure and education, health, social welfare and social inclusion), Economy (general economic trends, labour market, business environment, tourism and culture), Urban environment (quality of urban environment, exposure to environmental risks and...","og_url":"https:\/\/www.rijeka.hr\/en\/city-government\/city-rijeka-development-plan-2021-2027\/analytical-basis-city-rijeka-development-plan\/","og_site_name":"City of Rijeka","article_modified_time":"2021-03-25T08:22:36+00:00","twitter_card":"summary_large_image","twitter_misc":{"Est. reading time":"4 minutes"},"schema":{"@context":"https:\/\/schema.org","@graph":[{"@type":"WebPage","@id":"https:\/\/www.rijeka.hr\/en\/city-government\/city-rijeka-development-plan-2021-2027\/analytical-basis-city-rijeka-development-plan\/","url":"https:\/\/www.rijeka.hr\/en\/city-government\/city-rijeka-development-plan-2021-2027\/analytical-basis-city-rijeka-development-plan\/","name":"Analytical basis of the City of Rijeka Development Plan - City of Rijeka","isPartOf":{"@id":"https:\/\/www.rijeka.hr\/en\/#website"},"datePublished":"2021-02-10T13:18:00+00:00","dateModified":"2021-03-25T08:22:36+00:00","breadcrumb":{"@id":"https:\/\/www.rijeka.hr\/en\/city-government\/city-rijeka-development-plan-2021-2027\/analytical-basis-city-rijeka-development-plan\/#breadcrumb"},"inLanguage":"en-US","potentialAction":[{"@type":"ReadAction","target":["https:\/\/www.rijeka.hr\/en\/city-government\/city-rijeka-development-plan-2021-2027\/analytical-basis-city-rijeka-development-plan\/"]}]},{"@type":"BreadcrumbList","@id":"https:\/\/www.rijeka.hr\/en\/city-government\/city-rijeka-development-plan-2021-2027\/analytical-basis-city-rijeka-development-plan\/#breadcrumb","itemListElement":[{"@type":"ListItem","position":1,"name":"Po\u010detna stranica","item":"https:\/\/www.rijeka.hr\/en\/"},{"@type":"ListItem","position":2,"name":"City administration","item":"https:\/\/www.rijeka.hr\/en\/city-government\/"},{"@type":"ListItem","position":3,"name":"City of Rijeka Development Plan 2021 &#8211; 2027","item":"https:\/\/www.rijeka.hr\/en\/city-government\/city-rijeka-development-plan-2021-2027\/"},{"@type":"ListItem","position":4,"name":"Analytical basis of the City of Rijeka Development Plan"}]},{"@type":"WebSite","@id":"https:\/\/www.rijeka.hr\/en\/#website","url":"https:\/\/www.rijeka.hr\/en\/","name":"City of Rijeka","description":"City of Rijeka web Portal","potentialAction":[{"@type":"SearchAction","target":{"@type":"EntryPoint","urlTemplate":"https:\/\/www.rijeka.hr\/en\/?s={search_term_string}"},"query-input":{"@type":"PropertyValueSpecification","valueRequired":true,"valueName":"search_term_string"}}],"inLanguage":"en-US"}]}},"_links":{"self":[{"href":"https:\/\/www.rijeka.hr\/en\/wp-json\/wp\/v2\/pages\/10669","targetHints":{"allow":["GET"]}}],"collection":[{"href":"https:\/\/www.rijeka.hr\/en\/wp-json\/wp\/v2\/pages"}],"about":[{"href":"https:\/\/www.rijeka.hr\/en\/wp-json\/wp\/v2\/types\/page"}],"author":[{"embeddable":true,"href":"https:\/\/www.rijeka.hr\/en\/wp-json\/wp\/v2\/users\/13"}],"replies":[{"embeddable":true,"href":"https:\/\/www.rijeka.hr\/en\/wp-json\/wp\/v2\/comments?post=10669"}],"version-history":[{"count":4,"href":"https:\/\/www.rijeka.hr\/en\/wp-json\/wp\/v2\/pages\/10669\/revisions"}],"predecessor-version":[{"id":10832,"href":"https:\/\/www.rijeka.hr\/en\/wp-json\/wp\/v2\/pages\/10669\/revisions\/10832"}],"up":[{"embeddable":true,"href":"https:\/\/www.rijeka.hr\/en\/wp-json\/wp\/v2\/pages\/10618"}],"wp:attachment":[{"href":"https:\/\/www.rijeka.hr\/en\/wp-json\/wp\/v2\/media?parent=10669"}],"wp:term":[{"taxonomy":"post_tag","embeddable":true,"href":"https:\/\/www.rijeka.hr\/en\/wp-json\/wp\/v2\/tags?post=10669"}],"curies":[{"name":"wp","href":"https:\/\/api.w.org\/{rel}","templated":true}]}}