{"id":1068,"date":"2016-11-07T10:23:43","date_gmt":"2016-11-07T09:23:43","guid":{"rendered":"https:\/\/www.rijeka.hr\/en\/?page_id=1068"},"modified":"2025-12-09T12:53:55","modified_gmt":"2025-12-09T11:53:55","slug":"committee-for-healthcare-and-social-welfare","status":"publish","type":"page","link":"https:\/\/www.rijeka.hr\/en\/city-government\/city-council\/city-council-working-bodies\/committee-for-healthcare-and-social-welfare\/","title":{"rendered":"Committee for Healthcare and Social Welfare"},"content":{"rendered":"<p>The Committee for Healthcare and Social Welfare considers the needs of citizens in the field of primary health care and social welfare, proposes measures related to the promotion of these activities and performs other tasks determined by the Rules of Procedure and acts of the City Council.<\/p>\n<p><strong>Committee Composition:<\/strong><\/p>\n<ul>\n<li><strong>Tea Mi\u010di\u0107 Badurina,<\/strong> president<\/li>\n<li><b><strong>Nikolina Velni\u0107<\/strong>,<\/b> vice president<\/li>\n<\/ul>\n<p><strong>Members:<\/strong><\/p>\n<ul>\n<li><b>Ma\u0161a Cek,<\/b><\/li>\n<li><b>Mate Tomljanovi\u0107,<\/b><\/li>\n<li><b>Tanija \u010cau\u0161evi\u0107,<\/b><\/li>\n<li><b><strong>Tea Borovi\u0107<\/strong>,<\/b><\/li>\n<li><b>Rudolf Ljubi\u010di\u0107.<\/b><\/li>\n<\/ul>\n<p><strong>Committee contacts:<\/strong><\/p>\n<p>Committee secretary<br \/>\n<strong>Anita Kri\u0161tofi\u0107<\/strong><br \/>\nTel: <a href=\"tel:+385 51 209 622\">051 209 622<\/a><br \/>\nE-mail: <a href=\"&#109;&#x61;&#x69;&#108;&#x74;&#x6f;&#58;&#x61;&#x6e;&#105;&#x74;&#x61;&#46;&#x6b;&#x72;&#105;&#x73;&#x74;&#111;&#x66;&#x69;&#99;&#x40;&#x72;&#105;&#x6a;&#x65;k&#x61;&#x2e;h&#x72;\">&#x61;&#x6e;&#x69;&#116;&#97;&#46;kr&#x69;&#x73;&#x74;&#x6f;&#102;&#105;c&#64;&#x72;&#x69;&#x6a;&#x65;&#107;&#97;&#46;h&#x72;<\/a><\/p>\n<p>Administrative clerk responsible for preparing Committee sessions<br \/>\n<strong>Jelena Mulac<\/strong><br \/>\nTelefon:\u00a0 <a href=\"tel:+385 51 209 533\">051 209 533<\/a><br \/>\nE-mail: <a href=\"&#x6d;&#97;&#105;&#x6c;&#x74;&#111;&#58;&#x6a;&#x65;&#108;&#101;&#x6e;&#x61;&#46;&#109;&#x75;&#x6c;&#97;&#99;&#x40;&#x72;&#105;&#106;&#x65;&#x6b;&#97;&#46;&#x68;&#x72;\">&#x6a;&#x65;&#108;&#101;n&#x61;&#x2e;&#x6d;&#117;&#108;a&#x63;&#x40;&#x72;&#105;&#106;e&#x6b;&#x61;&#x2e;&#104;&#114;<\/a><\/p>\n","protected":false},"excerpt":{"rendered":"<p>The Committee for Healthcare and Social Welfare considers the needs of citizens in the field of primary health care and social welfare, proposes measures related to the promotion of these activities and performs other tasks determined by the Rules of Procedure and acts of the City Council. Committee Composition: Tea Mi\u010di\u0107 Badurina, president Nikolina Velni\u0107,&#8230;<\/p>\n","protected":false},"author":13,"featured_media":0,"parent":1029,"menu_order":20,"comment_status":"closed","ping_status":"closed","template":"","meta":{"_acf_changed":false,"_trash_the_other_posts":false,"footnotes":"","_links_to":"","_links_to_target":""},"tags":[],"class_list":["post-1068","page","type-page","status-publish","hentry"],"acf":[],"yoast_head":"<!-- This site is optimized with the Yoast SEO plugin v24.4 - https:\/\/yoast.com\/wordpress\/plugins\/seo\/ -->\n<title>Committee for Healthcare and Social Welfare - City of Rijeka<\/title>\n<meta name=\"robots\" content=\"index, follow, max-snippet:-1, max-image-preview:large, max-video-preview:-1\" \/>\n<link rel=\"canonical\" href=\"https:\/\/www.rijeka.hr\/en\/city-government\/city-council\/city-council-working-bodies\/committee-for-healthcare-and-social-welfare\/\" \/>\n<meta property=\"og:locale\" content=\"en_US\" \/>\n<meta property=\"og:type\" content=\"article\" \/>\n<meta property=\"og:title\" content=\"Committee for Healthcare and Social Welfare - City of Rijeka\" \/>\n<meta property=\"og:description\" content=\"The Committee for Healthcare and Social Welfare considers the needs of citizens in the field of primary health care and social welfare, proposes measures related to the promotion of these activities and performs other tasks determined by the Rules of Procedure and acts of the City Council. Committee Composition: Tea Mi\u010di\u0107 Badurina, president Nikolina Velni\u0107,...\" \/>\n<meta property=\"og:url\" content=\"https:\/\/www.rijeka.hr\/en\/city-government\/city-council\/city-council-working-bodies\/committee-for-healthcare-and-social-welfare\/\" \/>\n<meta property=\"og:site_name\" content=\"City of Rijeka\" \/>\n<meta property=\"article:modified_time\" content=\"2025-12-09T11:53:55+00:00\" \/>\n<meta name=\"twitter:card\" content=\"summary_large_image\" \/>\n<meta name=\"twitter:label1\" content=\"Est. reading time\" \/>\n\t<meta name=\"twitter:data1\" content=\"1 minute\" \/>\n<script type=\"application\/ld+json\" class=\"yoast-schema-graph\">{\"@context\":\"https:\/\/schema.org\",\"@graph\":[{\"@type\":\"WebPage\",\"@id\":\"https:\/\/www.rijeka.hr\/en\/city-government\/city-council\/city-council-working-bodies\/committee-for-healthcare-and-social-welfare\/\",\"url\":\"https:\/\/www.rijeka.hr\/en\/city-government\/city-council\/city-council-working-bodies\/committee-for-healthcare-and-social-welfare\/\",\"name\":\"Committee for Healthcare and Social Welfare - City of Rijeka\",\"isPartOf\":{\"@id\":\"https:\/\/www.rijeka.hr\/en\/#website\"},\"datePublished\":\"2016-11-07T09:23:43+00:00\",\"dateModified\":\"2025-12-09T11:53:55+00:00\",\"breadcrumb\":{\"@id\":\"https:\/\/www.rijeka.hr\/en\/city-government\/city-council\/city-council-working-bodies\/committee-for-healthcare-and-social-welfare\/#breadcrumb\"},\"inLanguage\":\"en-US\",\"potentialAction\":[{\"@type\":\"ReadAction\",\"target\":[\"https:\/\/www.rijeka.hr\/en\/city-government\/city-council\/city-council-working-bodies\/committee-for-healthcare-and-social-welfare\/\"]}]},{\"@type\":\"BreadcrumbList\",\"@id\":\"https:\/\/www.rijeka.hr\/en\/city-government\/city-council\/city-council-working-bodies\/committee-for-healthcare-and-social-welfare\/#breadcrumb\",\"itemListElement\":[{\"@type\":\"ListItem\",\"position\":1,\"name\":\"Po\u010detna stranica\",\"item\":\"https:\/\/www.rijeka.hr\/en\/\"},{\"@type\":\"ListItem\",\"position\":2,\"name\":\"City administration\",\"item\":\"https:\/\/www.rijeka.hr\/en\/city-government\/\"},{\"@type\":\"ListItem\",\"position\":3,\"name\":\"City Council\",\"item\":\"https:\/\/www.rijeka.hr\/en\/city-government\/city-council\/\"},{\"@type\":\"ListItem\",\"position\":4,\"name\":\"City council working bodies\",\"item\":\"https:\/\/www.rijeka.hr\/en\/city-government\/city-council\/city-council-working-bodies\/\"},{\"@type\":\"ListItem\",\"position\":5,\"name\":\"Committee for Healthcare and Social Welfare\"}]},{\"@type\":\"WebSite\",\"@id\":\"https:\/\/www.rijeka.hr\/en\/#website\",\"url\":\"https:\/\/www.rijeka.hr\/en\/\",\"name\":\"City of Rijeka\",\"description\":\"City of Rijeka web Portal\",\"potentialAction\":[{\"@type\":\"SearchAction\",\"target\":{\"@type\":\"EntryPoint\",\"urlTemplate\":\"https:\/\/www.rijeka.hr\/en\/?s={search_term_string}\"},\"query-input\":{\"@type\":\"PropertyValueSpecification\",\"valueRequired\":true,\"valueName\":\"search_term_string\"}}],\"inLanguage\":\"en-US\"}]}<\/script>\n<!-- \/ Yoast SEO plugin. -->","yoast_head_json":{"title":"Committee for Healthcare and Social Welfare - City of Rijeka","robots":{"index":"index","follow":"follow","max-snippet":"max-snippet:-1","max-image-preview":"max-image-preview:large","max-video-preview":"max-video-preview:-1"},"canonical":"https:\/\/www.rijeka.hr\/en\/city-government\/city-council\/city-council-working-bodies\/committee-for-healthcare-and-social-welfare\/","og_locale":"en_US","og_type":"article","og_title":"Committee for Healthcare and Social Welfare - City of Rijeka","og_description":"The Committee for Healthcare and Social Welfare considers the needs of citizens in the field of primary health care and social welfare, proposes measures related to the promotion of these activities and performs other tasks determined by the Rules of Procedure and acts of the City Council. Committee Composition: Tea Mi\u010di\u0107 Badurina, president Nikolina Velni\u0107,...","og_url":"https:\/\/www.rijeka.hr\/en\/city-government\/city-council\/city-council-working-bodies\/committee-for-healthcare-and-social-welfare\/","og_site_name":"City of Rijeka","article_modified_time":"2025-12-09T11:53:55+00:00","twitter_card":"summary_large_image","twitter_misc":{"Est. reading time":"1 minute"},"schema":{"@context":"https:\/\/schema.org","@graph":[{"@type":"WebPage","@id":"https:\/\/www.rijeka.hr\/en\/city-government\/city-council\/city-council-working-bodies\/committee-for-healthcare-and-social-welfare\/","url":"https:\/\/www.rijeka.hr\/en\/city-government\/city-council\/city-council-working-bodies\/committee-for-healthcare-and-social-welfare\/","name":"Committee for Healthcare and Social Welfare - City of Rijeka","isPartOf":{"@id":"https:\/\/www.rijeka.hr\/en\/#website"},"datePublished":"2016-11-07T09:23:43+00:00","dateModified":"2025-12-09T11:53:55+00:00","breadcrumb":{"@id":"https:\/\/www.rijeka.hr\/en\/city-government\/city-council\/city-council-working-bodies\/committee-for-healthcare-and-social-welfare\/#breadcrumb"},"inLanguage":"en-US","potentialAction":[{"@type":"ReadAction","target":["https:\/\/www.rijeka.hr\/en\/city-government\/city-council\/city-council-working-bodies\/committee-for-healthcare-and-social-welfare\/"]}]},{"@type":"BreadcrumbList","@id":"https:\/\/www.rijeka.hr\/en\/city-government\/city-council\/city-council-working-bodies\/committee-for-healthcare-and-social-welfare\/#breadcrumb","itemListElement":[{"@type":"ListItem","position":1,"name":"Po\u010detna stranica","item":"https:\/\/www.rijeka.hr\/en\/"},{"@type":"ListItem","position":2,"name":"City administration","item":"https:\/\/www.rijeka.hr\/en\/city-government\/"},{"@type":"ListItem","position":3,"name":"City Council","item":"https:\/\/www.rijeka.hr\/en\/city-government\/city-council\/"},{"@type":"ListItem","position":4,"name":"City council working bodies","item":"https:\/\/www.rijeka.hr\/en\/city-government\/city-council\/city-council-working-bodies\/"},{"@type":"ListItem","position":5,"name":"Committee for Healthcare and Social Welfare"}]},{"@type":"WebSite","@id":"https:\/\/www.rijeka.hr\/en\/#website","url":"https:\/\/www.rijeka.hr\/en\/","name":"City of Rijeka","description":"City of Rijeka web Portal","potentialAction":[{"@type":"SearchAction","target":{"@type":"EntryPoint","urlTemplate":"https:\/\/www.rijeka.hr\/en\/?s={search_term_string}"},"query-input":{"@type":"PropertyValueSpecification","valueRequired":true,"valueName":"search_term_string"}}],"inLanguage":"en-US"}]}},"_links":{"self":[{"href":"https:\/\/www.rijeka.hr\/en\/wp-json\/wp\/v2\/pages\/1068","targetHints":{"allow":["GET"]}}],"collection":[{"href":"https:\/\/www.rijeka.hr\/en\/wp-json\/wp\/v2\/pages"}],"about":[{"href":"https:\/\/www.rijeka.hr\/en\/wp-json\/wp\/v2\/types\/page"}],"author":[{"embeddable":true,"href":"https:\/\/www.rijeka.hr\/en\/wp-json\/wp\/v2\/users\/13"}],"replies":[{"embeddable":true,"href":"https:\/\/www.rijeka.hr\/en\/wp-json\/wp\/v2\/comments?post=1068"}],"version-history":[{"count":4,"href":"https:\/\/www.rijeka.hr\/en\/wp-json\/wp\/v2\/pages\/1068\/revisions"}],"predecessor-version":[{"id":14798,"href":"https:\/\/www.rijeka.hr\/en\/wp-json\/wp\/v2\/pages\/1068\/revisions\/14798"}],"up":[{"embeddable":true,"href":"https:\/\/www.rijeka.hr\/en\/wp-json\/wp\/v2\/pages\/1029"}],"wp:attachment":[{"href":"https:\/\/www.rijeka.hr\/en\/wp-json\/wp\/v2\/media?parent=1068"}],"wp:term":[{"taxonomy":"post_tag","embeddable":true,"href":"https:\/\/www.rijeka.hr\/en\/wp-json\/wp\/v2\/tags?post=1068"}],"curies":[{"name":"wp","href":"https:\/\/api.w.org\/{rel}","templated":true}]}}