{"id":1092,"date":"2016-11-07T13:37:30","date_gmt":"2016-11-07T12:37:30","guid":{"rendered":"https:\/\/www.rijeka.hr\/en\/?page_id=1092"},"modified":"2023-05-08T10:13:59","modified_gmt":"2023-05-08T08:13:59","slug":"contacts","status":"publish","type":"page","link":"https:\/\/www.rijeka.hr\/en\/contacts\/","title":{"rendered":"Contacts"},"content":{"rendered":"\n     <div class=\"component component-address-book\">\n        <div class=\"component-content\">\n            <table>\n                <thead>\n                    <tr>\n                                                    <th>Phone<\/th>\n                        \n                                                    <th>Fax<\/th>\n                        \n                                                    <th>Address<\/th>\n                        \n                                                    <th>Contact Person<\/th>\n                        \n                                                    <th>Email<\/th>\n                        \n                                                    <th>Web<\/th>\n                                            <\/tr>\n                <\/thead>\n                <tbody>\n                    <tr class=\"contact\">\n\t<th class=\"meta-title\">Administrative department for the affairs of the Mayor, City Council and local self-government<\/th>\n\t\t\t<td class=\"meta-phone\">\n\t\t\t\t\t\t\t<span class=\"description\">T. <\/span><a href=\"tel:+385 51 209 524\">+385 51 209 524<\/a>\n\t\t\t\t\t\t\t\t<\/td>\n\t\t\t\t<td class=\"meta-fax\">\n\t\t  \t  \t  <span class=\"description\">F. <\/span>+385 51 209 520\t\t  \t\t<\/td>\n\t\t\t\t<td class=\"meta-address\">\n\t\t\tKorzo 16, Rijeka\t\t<\/td>\n\t\t\t\t<td class=\"meta-contact-person\">\n\t\t\t\t\t\t\t\n\t\t\t\t\t\t\t\t\t\n\t\t\t\t\t<span class=\"meta\">Department Head<\/span><br><span class=\"meta\">Lelas Turak Verena<\/span><br>\t\t\t\t\t\n\t\t\t\t\t\t\t\t\t\n\t\t\t\t\t<span class=\"meta\">Secretary<\/span><br><span class=\"meta\">Iva Smokvina Vrani\u0107<\/span><br>\t\t\t\t\t\n\t\t\t\t\n\t\t\t\t\t<\/td>\n\t\t\t\t<td class=\"meta-email\"><a href=\"&#x6d;&#97;i&#x6c;&#116;o&#x3a;&#x75;&#114;&#x65;&#x64;&#103;r&#x61;&#100;a&#x40;&#x72;&#105;&#x6a;&#x65;&#107;a&#x2e;&#104;r\">u&#114;&#x65;&#x64;&#x67;r&#97;&#100;&#x61;&#x40;r&#105;&#106;&#x65;&#x6b;a&#46;&#104;&#x72;<\/a><\/td>\n\t\t\t\t<td class=\"meta-url\"><a href=\"\"><\/a><\/td>\n\t<\/tr><tr class=\"contact\">\n\t<th class=\"meta-title\">Deputy Head of the City Office<\/th>\n\t\t\t<td class=\"meta-phone\">\n\t\t\t\t\t\t\t<span class=\"description\">T. <\/span><a href=\"tel:+385 51 209 521\">+385 51 209 521<\/a>\n\t\t\t\t\t\t\t\t<\/td>\n\t\t\t\t<td class=\"meta-fax\">\n\t\t  \t\t<\/td>\n\t\t\t\t<td class=\"meta-address\">\n\t\t\tKorzo 16, Rijeka\t\t<\/td>\n\t\t\t\t<td class=\"meta-contact-person\">\n\t\t\t\t\t\t\t\n\t\t\t\t\t\t\t\t\t\n\t\t\t\t\t<span class=\"meta\">Also officer for realising the right of access to information and for the protection of personal data<\/span><br><span class=\"meta\">\u0160ajn Doris<\/span><br>\t\t\t\t\t\t\t<a href=\"&#109;&#x61;&#105;&#x6c;&#116;&#x6f;:&#x64;o&#x72;i&#115;&#x2e;&#115;&#x61;&#106;&#x6e;&#64;&#x72;i&#x6a;e&#x6b;a&#46;&#x68;&#114;\"><span class=\"meta\">&#x64;&#111;r&#x69;&#115;&#46;&#x73;&#97;j&#x6e;&#64;r&#x69;&#106;e&#x6b;&#x61;&#46;&#x68;&#x72;<\/span><\/a>\n\t\t\t\t\t\t\t\t\t\t\t\n\t\t\t\t\n\t\t\t\t\t<\/td>\n\t\t\t\t<td class=\"meta-email\"><a href=\"mailto:\"><\/a><\/td>\n\t\t\t\t<td class=\"meta-url\"><a href=\"\"><\/a><\/td>\n\t<\/tr><tr class=\"contact\">\n\t<th class=\"meta-title\">Head of Division of Media Relations, Online Communications and Projects relating to transparency in the activity of administration <\/th>\n\t\t\t<td class=\"meta-phone\">\n\t\t\t\t\t\t\t<span class=\"description\">T. <\/span><a href=\"tel:+385 51 209 229\">+385 51 209 229<\/a>\n\t\t\t\t\t\t\t\t\t  <br><span class=\"description\">T. <\/span><a href=\"tel:+385 98 459 284\">+385 98 459 284<\/a>\n\t\t\t\t\t<\/td>\n\t\t\t\t<td class=\"meta-fax\">\n\t\t  \t\t<\/td>\n\t\t\t\t<td class=\"meta-address\">\n\t\t\tKorzo 16, Rijeka\t\t<\/td>\n\t\t\t\t<td class=\"meta-contact-person\">\n\t\t\t\t\t\t\t\n\t\t\t\t\t\t\t\t\t\n\t\t\t\t\t<span class=\"meta\">Stoiljkovi\u0107 Medved Lea<\/span><br>\t\t\t\t\t\t\t<a href=\"&#x6d;&#x61;&#x69;&#x6c;&#116;&#111;:le&#x61;&#x40;&#x72;&#x69;&#106;&#101;ka&#46;&#x68;&#x72;\"><span class=\"meta\">l&#101;&#x61;&#x40;r&#105;&#106;&#x65;&#x6b;a&#46;&#x68;&#x72;<\/span><\/a>\n\t\t\t\t\t\t\t\t\t\t\t\n\t\t\t\t\n\t\t\t\t\t<\/td>\n\t\t\t\t<td class=\"meta-email\"><a href=\"mailto:\"><\/a><\/td>\n\t\t\t\t<td class=\"meta-url\"><a href=\"\"><\/a><\/td>\n\t<\/tr><tr class=\"contact\">\n\t<th class=\"meta-title\">Mayor\u2019s senior adviser \u2013 European project specialist<\/th>\n\t\t\t<td class=\"meta-phone\">\n\t\t\t\t\t\t\t<span class=\"description\">T. <\/span><a href=\"tel:+385 51 209 687\">+385 51 209 687<\/a>\n\t\t\t\t\t\t\t\t<\/td>\n\t\t\t\t<td class=\"meta-fax\">\n\t\t  \t  \t  <span class=\"description\">F. <\/span>+385 51 209 520\t\t  \t\t<\/td>\n\t\t\t\t<td class=\"meta-address\">\n\t\t\tKorzo 16, Rijeka\t\t<\/td>\n\t\t\t\t<td class=\"meta-contact-person\">\n\t\t\t\t\t\t\t\n\t\t\t\t\t\t\t\t\t\n\t\t\t\t\t<span class=\"meta\">Belo\u0161evi\u0107 Romac Suzana<\/span><br>\t\t\t\t\t\t\t<a href=\"mailto&#58;&#115;&#117;&#122;&#97;&#110;&#97;&#x2e;&#x62;&#x65;&#x6c;&#x6f;&#x73;&#x65;&#x76;&#x69;&#x63;&#x40;&#x72;ijeka&#46;&#104;&#114;\"><span class=\"meta\">&#115;&#x75;z&#97;&#x6e;a&#46;&#x62;e&#108;&#x6f;s&#101;&#x76;&#105;&#x63;&#x40;&#114;&#x69;&#x6a;&#101;&#x6b;a&#46;&#x68;r<\/span><\/a>\n\t\t\t\t\t\t\t\t\t\t\t\n\t\t\t\t\n\t\t\t\t\t<\/td>\n\t\t\t\t<td class=\"meta-email\"><a href=\"mailto:\"><\/a><\/td>\n\t\t\t\t<td class=\"meta-url\"><a href=\"\"><\/a><\/td>\n\t<\/tr><tr class=\"contact\">\n\t<th class=\"meta-title\">Head of Division of protocol affairs and public relations<\/th>\n\t\t\t<td class=\"meta-phone\">\n\t\t\t\t\t\t\t<span class=\"description\">T. <\/span><a href=\"tel:+385 51 209 695\">+385 51 209 695<\/a>\n\t\t\t\t\t\t\t\t<\/td>\n\t\t\t\t<td class=\"meta-fax\">\n\t\t  \t\t<\/td>\n\t\t\t\t<td class=\"meta-address\">\n\t\t\tKorzo 16, Rijeka\t\t<\/td>\n\t\t\t\t<td class=\"meta-contact-person\">\n\t\t\t\t\t\t\t\n\t\t\t\t\t\t\t\t\t\n\t\t\t\t\t<span class=\"meta\">Bo\u0161kovi\u0107 Maja<\/span><br>\t\t\t\t\t\t\t<a href=\"&#x6d;&#97;i&#x6c;&#116;o&#x3a;&#109;a&#x6a;&#97;&#46;&#x62;&#111;s&#x6b;&#x6f;v&#x69;&#x63;&#64;&#x72;&#x69;&#106;&#x65;&#x6b;&#97;&#46;&#x68;&#114;\"><span class=\"meta\">&#x6d;&#97;&#x6a;&#x61;&#46;&#x62;&#111;s&#x6b;&#111;v&#x69;&#99;&#x40;&#x72;i&#x6a;&#101;k&#x61;&#46;h&#x72;<\/span><\/a>\n\t\t\t\t\t\t\t\t\t\t\t\n\t\t\t\t\n\t\t\t\t\t<\/td>\n\t\t\t\t<td class=\"meta-email\"><a href=\"mailto:\"><\/a><\/td>\n\t\t\t\t<td class=\"meta-url\"><a href=\"\"><\/a><\/td>\n\t<\/tr><tr class=\"contact\">\n\t<th class=\"meta-title\">Protocol activities adviser <\/th>\n\t\t\t<td class=\"meta-phone\">\n\t\t\t\t\t\t\t<span class=\"description\">T. <\/span><a href=\"tel:+385 51 209 544\">+385 51 209 544<\/a>\n\t\t\t\t\t\t\t\t<\/td>\n\t\t\t\t<td class=\"meta-fax\">\n\t\t  \t\t<\/td>\n\t\t\t\t<td class=\"meta-address\">\n\t\t\tKorzo 16, Rijeka\t\t<\/td>\n\t\t\t\t<td class=\"meta-contact-person\">\n\t\t\t\t\t\t\t\n\t\t\t\t\t\t\t\t\t\n\t\t\t\t\t<span class=\"meta\">Jelu\u0161i\u0107-Po\u017eari\u0107 Dijana<\/span><br>\t\t\t\t\t\t\t<a href=\"&#109;&#x61;i&#108;&#x74;o&#58;&#x64;i&#106;&#x61;n&#97;&#x2e;&#106;&#x65;&#x6c;&#117;&#x73;&#x69;&#99;&#x40;r&#105;&#x6a;e&#107;&#x61;&#46;&#104;&#x72;\"><span class=\"meta\">&#100;&#x69;j&#x61;&#x6e;&#97;&#x2e;j&#101;&#x6c;&#117;&#x73;i&#99;&#x40;r&#x69;j&#101;&#x6b;a&#x2e;&#x68;&#114;<\/span><\/a>\n\t\t\t\t\t\t\t\t\t\t\t\n\t\t\t\t\n\t\t\t\t\t<\/td>\n\t\t\t\t<td class=\"meta-email\"><a href=\"mailto:\"><\/a><\/td>\n\t\t\t\t<td class=\"meta-url\"><a href=\"\"><\/a><\/td>\n\t<\/tr><tr class=\"contact\">\n\t<th class=\"meta-title\">Protocol activities adviser<\/th>\n\t\t\t<td class=\"meta-phone\">\n\t\t\t\t\t\t\t<span class=\"description\">T. <\/span><a href=\"tel:+385 51 209 523\">+385 51 209 523<\/a>\n\t\t\t\t\t\t\t\t<\/td>\n\t\t\t\t<td class=\"meta-fax\">\n\t\t  \t  \t  <span class=\"description\">F. <\/span>+385 51 209 520\t\t  \t\t<\/td>\n\t\t\t\t<td class=\"meta-address\">\n\t\t\tKorzo 16, Rijeka\t\t<\/td>\n\t\t\t\t<td class=\"meta-contact-person\">\n\t\t\t\t\t\t\t\n\t\t\t\t\t\t\t\t\t\n\t\t\t\t\t<span class=\"meta\">Kralj Darko <\/span><br>\t\t\t\t\t\t\t<a href=\"&#x6d;&#x61;&#105;l&#x74;&#x6f;&#58;&#100;a&#x72;&#x6b;&#111;&#46;k&#x72;&#x61;&#108;j&#64;&#x72;&#x69;&#106;e&#x6b;&#x61;&#46;&#104;r\"><span class=\"meta\">&#x64;a&#x72;&#107;&#x6f;&#46;k&#x72;&#97;&#x6c;&#106;&#64;&#x72;&#105;&#x6a;&#101;k&#x61;&#46;&#x68;&#114;<\/span><\/a>\n\t\t\t\t\t\t\t\t\t\t\t\n\t\t\t\t\n\t\t\t\t\t<\/td>\n\t\t\t\t<td class=\"meta-email\"><a href=\"mailto:\"><\/a><\/td>\n\t\t\t\t<td class=\"meta-url\"><a href=\"\"><\/a><\/td>\n\t<\/tr><tr class=\"contact\">\n\t<th class=\"meta-title\">Secretary<\/th>\n\t\t\t<td class=\"meta-phone\">\n\t\t\t\t\t\t\t<span class=\"description\">T. <\/span><a href=\"tel:+385 51 209 525\">+385 51 209 525<\/a>\n\t\t\t\t\t\t\t\t<\/td>\n\t\t\t\t<td class=\"meta-fax\">\n\t\t  \t\t<\/td>\n\t\t\t\t<td class=\"meta-address\">\n\t\t\tKorzo 16, Rijeka\t\t<\/td>\n\t\t\t\t<td class=\"meta-contact-person\">\n\t\t\t\t\t\t\t\n\t\t\t\t\t\t\t\t\t\n\t\t\t\t\t<span class=\"meta\">Tomi\u0107 Damira<\/span><br>\t\t\t\t\t\t\t<a href=\"&#109;&#x61;&#x69;l&#116;&#x6f;&#x3a;d&#97;&#x6d;i&#114;&#x61;&#x2e;t&#111;&#x6d;i&#99;&#x40;&#x72;i&#106;&#x65;&#x6b;&#97;&#x2e;&#x68;r\"><span class=\"meta\">&#x64;&#x61;&#109;i&#x72;&#x61;&#x2e;&#116;o&#x6d;&#x69;&#x63;&#64;r&#x69;&#x6a;&#x65;&#107;a&#x2e;&#x68;&#x72;<\/span><\/a>\n\t\t\t\t\t\t\t\t\t\t\t\n\t\t\t\t\n\t\t\t\t\t<\/td>\n\t\t\t\t<td class=\"meta-email\"><a href=\"&#x6d;&#x61;&#x69;&#x6c;&#x74;&#x6f;&#x3a;&#x70;&#x72;&#x6f;&#x74;&#x6f;&#x6b;&#x6f;&#108;&#64;&#114;&#105;&#106;&#101;&#107;&#97;&#46;&#104;&#114;\">&#x70;&#x72;&#x6f;&#x74;&#111;&#107;&#111;&#108;&#64;ri&#x6a;&#x65;&#x6b;&#x61;&#x2e;&#104;&#114;<\/a><\/td>\n\t\t\t\t<td class=\"meta-url\"><a href=\"\"><\/a><\/td>\n\t<\/tr><tr class=\"contact\">\n\t<th class=\"meta-title\">Senior professional associate for protocol activities<\/th>\n\t\t\t<td class=\"meta-phone\">\n\t\t\t\t\t\t\t<span class=\"description\">T. <\/span><a href=\"tel:+385 51 209 309\">+385 51 209 309<\/a>\n\t\t\t\t\t\t\t\t<\/td>\n\t\t\t\t<td class=\"meta-fax\">\n\t\t  \t\t<\/td>\n\t\t\t\t<td class=\"meta-address\">\n\t\t\tKorzo 16, Rijeka\t\t<\/td>\n\t\t\t\t<td class=\"meta-contact-person\">\n\t\t\t\t\t\t\t\n\t\t\t\t\t\t\t\t\t\n\t\t\t\t\t<span class=\"meta\">Bili\u0107 Lucija<\/span><br>\t\t\t\t\t\t\t<a href=\"&#x6d;&#x61;&#x69;&#x6c;&#x74;&#x6f;&#x3a;&#x6c;&#x75;&#x63;&#x69;&#x6a;&#x61;&#x2e;&#98;&#105;&#108;&#105;&#99;&#64;&#114;&#105;&#106;&#101;&#107;a&#46;hr\"><span class=\"meta\">&#108;u&#x63;i&#x6a;a&#x2e;b&#x69;&#108;&#x69;&#99;&#x40;&#114;&#x69;&#106;e&#107;a&#x2e;h&#x72;<\/span><\/a>\n\t\t\t\t\t\t\t\t\t\t\t\n\t\t\t\t\n\t\t\t\t\t<\/td>\n\t\t\t\t<td class=\"meta-email\"><a href=\"mailto:\"><\/a><\/td>\n\t\t\t\t<td class=\"meta-url\"><a href=\"\"><\/a><\/td>\n\t<\/tr><tr class=\"contact\">\n\t<th class=\"meta-title\">Protocol and International Co-operation Coordinator<\/th>\n\t\t\t<td class=\"meta-phone\">\n\t\t\t\t\t\t\t<span class=\"description\">T. <\/span><a href=\"tel:+385 51 209 648\">+385 51 209 648<\/a>\n\t\t\t\t\t\t\t\t<\/td>\n\t\t\t\t<td class=\"meta-fax\">\n\t\t  \t\t<\/td>\n\t\t\t\t<td class=\"meta-address\">\n\t\t\tKorzo 16, Rijeka\t\t<\/td>\n\t\t\t\t<td class=\"meta-contact-person\">\n\t\t\t\t\t\t\t\n\t\t\t\t\t\t\t\t\t\n\t\t\t\t\t<span class=\"meta\">Raja\u010di\u0107 Luki\u0107 Aleksandra<\/span><br>\t\t\t\t\t\t\t<a href=\"&#109;&#x61;&#105;&#x6c;&#116;&#x6f;:&#x61;l&#101;&#x6b;&#115;&#x61;&#110;&#x64;r&#x61;&#46;&#114;&#x61;&#106;&#x61;&#99;&#x69;&#99;&#x40;r&#x69;j&#101;&#x6b;&#97;&#x2e;&#104;&#x72;\"><span class=\"meta\">&#x61;&#x6c;&#x65;&#x6b;&#x73;&#x61;&#x6e;&#x64;&#x72;&#x61;&#x2e;&#x72;&#x61;&#x6a;&#x61;&#x63;&#x69;&#x63;&#x40;&#x72;&#x69;&#x6a;&#x65;&#x6b;&#x61;&#x2e;&#x68;&#x72;<\/span><\/a>\n\t\t\t\t\t\t\t\t\t\t\t\n\t\t\t\t\n\t\t\t\t\t<\/td>\n\t\t\t\t<td class=\"meta-email\"><a href=\"mailto:\"><\/a><\/td>\n\t\t\t\t<td class=\"meta-url\"><a href=\"\"><\/a><\/td>\n\t<\/tr><tr class=\"contact\">\n\t<th class=\"meta-title\">Senior professional associate for protocol activities<\/th>\n\t\t\t<td class=\"meta-phone\">\n\t\t\t\t\t\t\t<span class=\"description\">T. <\/span><a href=\"tel:+385 51 209 648\">+385 51 209 648<\/a>\n\t\t\t\t\t\t\t\t<\/td>\n\t\t\t\t<td class=\"meta-fax\">\n\t\t  \t\t<\/td>\n\t\t\t\t<td class=\"meta-address\">\n\t\t\tKorzo 16, Rijeka\t\t<\/td>\n\t\t\t\t<td class=\"meta-contact-person\">\n\t\t\t\t\t\t\t\n\t\t\t\t\t\t\t\t\t\n\t\t\t\t\t<span class=\"meta\">Zgodi\u0107 Sonja<\/span><br>\t\t\t\t\t\t\t<a href=\"&#x6d;&#x61;&#105;l&#x74;&#x6f;&#58;&#115;o&#x6e;&#x6a;&#97;&#46;z&#x67;&#x6f;&#100;ic&#x40;&#x72;&#105;j&#x65;&#x6b;&#97;&#46;h&#x72;\"><span class=\"meta\">&#115;&#x6f;n&#x6a;a&#46;&#x7a;&#103;&#x6f;d&#105;&#x63;&#64;&#x72;i&#x6a;&#x65;&#107;&#x61;&#46;&#x68;r<\/span><\/a>\n\t\t\t\t\t\t\t\t\t\t\t\n\t\t\t\t\n\t\t\t\t\t<\/td>\n\t\t\t\t<td class=\"meta-email\"><a href=\"mailto:\"><\/a><\/td>\n\t\t\t\t<td class=\"meta-url\"><a href=\"\"><\/a><\/td>\n\t<\/tr>                <\/tbody>\n            <\/table>\n        <\/div>\n    <\/div>\n\n    \n","protected":false},"excerpt":{"rendered":"","protected":false},"author":2,"featured_media":0,"parent":0,"menu_order":166,"comment_status":"closed","ping_status":"closed","template":"","meta":{"_acf_changed":false,"_trash_the_other_posts":false,"footnotes":"","_links_to":"","_links_to_target":""},"tags":[],"class_list":["post-1092","page","type-page","status-publish","hentry"],"acf":[],"yoast_head":"<!-- This site is optimized with the Yoast SEO plugin v24.4 - https:\/\/yoast.com\/wordpress\/plugins\/seo\/ -->\n<title>Contacts - City of Rijeka<\/title>\n<meta name=\"robots\" content=\"index, follow, max-snippet:-1, max-image-preview:large, max-video-preview:-1\" \/>\n<link rel=\"canonical\" href=\"https:\/\/www.rijeka.hr\/en\/contacts\/\" \/>\n<meta property=\"og:locale\" content=\"en_US\" \/>\n<meta property=\"og:type\" content=\"article\" \/>\n<meta property=\"og:title\" content=\"Contacts - City of Rijeka\" \/>\n<meta property=\"og:url\" content=\"https:\/\/www.rijeka.hr\/en\/contacts\/\" \/>\n<meta property=\"og:site_name\" content=\"City of Rijeka\" \/>\n<meta property=\"article:modified_time\" content=\"2023-05-08T08:13:59+00:00\" \/>\n<meta name=\"twitter:card\" content=\"summary_large_image\" \/>\n<script type=\"application\/ld+json\" class=\"yoast-schema-graph\">{\"@context\":\"https:\/\/schema.org\",\"@graph\":[{\"@type\":\"WebPage\",\"@id\":\"https:\/\/www.rijeka.hr\/en\/contacts\/\",\"url\":\"https:\/\/www.rijeka.hr\/en\/contacts\/\",\"name\":\"Contacts - City of Rijeka\",\"isPartOf\":{\"@id\":\"https:\/\/www.rijeka.hr\/en\/#website\"},\"datePublished\":\"2016-11-07T12:37:30+00:00\",\"dateModified\":\"2023-05-08T08:13:59+00:00\",\"breadcrumb\":{\"@id\":\"https:\/\/www.rijeka.hr\/en\/contacts\/#breadcrumb\"},\"inLanguage\":\"en-US\",\"potentialAction\":[{\"@type\":\"ReadAction\",\"target\":[\"https:\/\/www.rijeka.hr\/en\/contacts\/\"]}]},{\"@type\":\"BreadcrumbList\",\"@id\":\"https:\/\/www.rijeka.hr\/en\/contacts\/#breadcrumb\",\"itemListElement\":[{\"@type\":\"ListItem\",\"position\":1,\"name\":\"Po\u010detna stranica\",\"item\":\"https:\/\/www.rijeka.hr\/en\/\"},{\"@type\":\"ListItem\",\"position\":2,\"name\":\"Contacts\"}]},{\"@type\":\"WebSite\",\"@id\":\"https:\/\/www.rijeka.hr\/en\/#website\",\"url\":\"https:\/\/www.rijeka.hr\/en\/\",\"name\":\"City of Rijeka\",\"description\":\"City of Rijeka web Portal\",\"potentialAction\":[{\"@type\":\"SearchAction\",\"target\":{\"@type\":\"EntryPoint\",\"urlTemplate\":\"https:\/\/www.rijeka.hr\/en\/?s={search_term_string}\"},\"query-input\":{\"@type\":\"PropertyValueSpecification\",\"valueRequired\":true,\"valueName\":\"search_term_string\"}}],\"inLanguage\":\"en-US\"}]}<\/script>\n<!-- \/ Yoast SEO plugin. -->","yoast_head_json":{"title":"Contacts - City of Rijeka","robots":{"index":"index","follow":"follow","max-snippet":"max-snippet:-1","max-image-preview":"max-image-preview:large","max-video-preview":"max-video-preview:-1"},"canonical":"https:\/\/www.rijeka.hr\/en\/contacts\/","og_locale":"en_US","og_type":"article","og_title":"Contacts - City of Rijeka","og_url":"https:\/\/www.rijeka.hr\/en\/contacts\/","og_site_name":"City of Rijeka","article_modified_time":"2023-05-08T08:13:59+00:00","twitter_card":"summary_large_image","schema":{"@context":"https:\/\/schema.org","@graph":[{"@type":"WebPage","@id":"https:\/\/www.rijeka.hr\/en\/contacts\/","url":"https:\/\/www.rijeka.hr\/en\/contacts\/","name":"Contacts - City of Rijeka","isPartOf":{"@id":"https:\/\/www.rijeka.hr\/en\/#website"},"datePublished":"2016-11-07T12:37:30+00:00","dateModified":"2023-05-08T08:13:59+00:00","breadcrumb":{"@id":"https:\/\/www.rijeka.hr\/en\/contacts\/#breadcrumb"},"inLanguage":"en-US","potentialAction":[{"@type":"ReadAction","target":["https:\/\/www.rijeka.hr\/en\/contacts\/"]}]},{"@type":"BreadcrumbList","@id":"https:\/\/www.rijeka.hr\/en\/contacts\/#breadcrumb","itemListElement":[{"@type":"ListItem","position":1,"name":"Po\u010detna stranica","item":"https:\/\/www.rijeka.hr\/en\/"},{"@type":"ListItem","position":2,"name":"Contacts"}]},{"@type":"WebSite","@id":"https:\/\/www.rijeka.hr\/en\/#website","url":"https:\/\/www.rijeka.hr\/en\/","name":"City of Rijeka","description":"City of Rijeka web Portal","potentialAction":[{"@type":"SearchAction","target":{"@type":"EntryPoint","urlTemplate":"https:\/\/www.rijeka.hr\/en\/?s={search_term_string}"},"query-input":{"@type":"PropertyValueSpecification","valueRequired":true,"valueName":"search_term_string"}}],"inLanguage":"en-US"}]}},"_links":{"self":[{"href":"https:\/\/www.rijeka.hr\/en\/wp-json\/wp\/v2\/pages\/1092","targetHints":{"allow":["GET"]}}],"collection":[{"href":"https:\/\/www.rijeka.hr\/en\/wp-json\/wp\/v2\/pages"}],"about":[{"href":"https:\/\/www.rijeka.hr\/en\/wp-json\/wp\/v2\/types\/page"}],"author":[{"embeddable":true,"href":"https:\/\/www.rijeka.hr\/en\/wp-json\/wp\/v2\/users\/2"}],"replies":[{"embeddable":true,"href":"https:\/\/www.rijeka.hr\/en\/wp-json\/wp\/v2\/comments?post=1092"}],"version-history":[{"count":3,"href":"https:\/\/www.rijeka.hr\/en\/wp-json\/wp\/v2\/pages\/1092\/revisions"}],"predecessor-version":[{"id":4277,"href":"https:\/\/www.rijeka.hr\/en\/wp-json\/wp\/v2\/pages\/1092\/revisions\/4277"}],"wp:attachment":[{"href":"https:\/\/www.rijeka.hr\/en\/wp-json\/wp\/v2\/media?parent=1092"}],"wp:term":[{"taxonomy":"post_tag","embeddable":true,"href":"https:\/\/www.rijeka.hr\/en\/wp-json\/wp\/v2\/tags?post=1092"}],"curies":[{"name":"wp","href":"https:\/\/api.w.org\/{rel}","templated":true}]}}