{"id":11533,"date":"2021-09-02T15:39:52","date_gmt":"2021-09-02T13:39:52","guid":{"rendered":"https:\/\/www.rijeka.hr\/en\/?page_id=11533"},"modified":"2026-03-17T10:52:34","modified_gmt":"2026-03-17T09:52:34","slug":"fusilli","status":"publish","type":"page","link":"https:\/\/www.rijeka.hr\/en\/city-government\/eu-projects\/closed-projects\/fusilli\/","title":{"rendered":"FUSILLI"},"content":{"rendered":"<h2>Project Title<\/h2>\n<p>FUSILLI &#8211;\u00a0An innovative approach to improve the food system and supply chains<\/p>\n<h2><img loading=\"lazy\" decoding=\"async\" width=\"600\" height=\"370\" class=\"alignleft size-medium wp-image-11536\" src=\"https:\/\/www.rijeka.hr\/en\/wp-content\/uploads\/sites\/2\/2021\/09\/Fusilli-logo-600x370.jpg\" alt=\"Fusilli logo\" srcset=\"https:\/\/www.rijeka.hr\/en\/wp-content\/uploads\/sites\/2\/2021\/09\/Fusilli-logo-600x370.jpg 600w, https:\/\/www.rijeka.hr\/en\/wp-content\/uploads\/sites\/2\/2021\/09\/Fusilli-logo-768x474.jpg 768w, https:\/\/www.rijeka.hr\/en\/wp-content\/uploads\/sites\/2\/2021\/09\/Fusilli-logo.jpg 1200w, https:\/\/www.rijeka.hr\/en\/wp-content\/uploads\/sites\/2\/2021\/09\/Fusilli-logo-973x600.jpg 973w\" sizes=\"(max-width: 600px) 100vw, 600px\" \/>Project goal<\/h2>\n<p>The key goal of the FUSILLI project is to overcome barriers for developing and implementing integrated, systemic food policies that support transition towards sustainable food systems in urban, peri-urban and nearby rural areas.<\/p>\n<p>&nbsp;<\/p>\n<h2>Duration<\/h2>\n<p>1 January 2021 &#8211; 31 December 2024<\/p>\n<h2>Description<\/h2>\n<p>To achieve this goal, FUSILLI puts 12 cities in a knowledge sharing and learning network to address the challenges of the food system transformation: San Sebastian (Spain), Nilufer-Bursa (Turkey), Oslo (Norway), Kolding (Denmark), Turin (Italy), Castelo Branco (Portugal), Differdange (Luxemburg), Rijeka (Croatia), Kharkiv (Ukraine), Tampere (Finland), Athens (Greece) and Rome (Italy).<\/p>\n<p>These cities will integrate food as a part of their urban-rural agenda and identify and create opportunities to transform food systems into sustainable, healthy and inclusive systems. Via an open knowledge community, cities will be empowered to implement innovative and personalized policies and actions, placing citizens in the heart of the process.<\/p>\n<h2>Activities in Rijeka<\/h2>\n<p>At the core of FUSILLI are 12 Living Labs in 12 different cities, whose main objective it is to develop urban food plans within their local contexts to achieve an integrated and safe holistic transition towards healthy, sustainable, secure, inclusive and cost-efficient food systems. Rijeka&#8217;s Living Lab focuses on citizens, with particular emphasis placed on vulnerable groups such as pensioners and more socially disadvantaged populations and\/or groups with certain diseases. Besides creating a wider network of stakeholders in collaboration with local partners with the aim of establishing cooperation, some of the results of Rijeka&#8217;s Living Lab will be a creation of nutrition plans for different social groups (focus on involving vulnerable groups), and creation of the curricula and organization of healthy nutrition workshops for various groups of citizens. Furthermore, the main challenges related to excessive food waste and food sharing will be defined, and later on, the Living Lab will create guidelines and instructions that will link excessive food waste to insufficient food donation.<\/p>\n<h2>Partners<\/h2>\n<ul>\n<li>Fundacion Cartif (Spain), lead partner<\/li>\n<li>De Surdurulebilir Enerji Ve Insaat Sanayi Ticaret Limited Sirketi (Turkey)<\/li>\n<li>Stichting VU (The Netherlands)<\/li>\n<li>Oslomet &#8211; Storbyuniversitetet (Norway)<\/li>\n<li>Izmir Demokrasi Unversitesi (Turkey)<\/li>\n<li>Steinbeis Innovation Ggmbh (Germany)<\/li>\n<li>Acondicionamiento Tarrasense Associacion (Spain)<\/li>\n<li>University of Syddan (Denmark), Universidad De Valladolid (Spain)<\/li>\n<li>Tampereen Ammattikorkeakoulu Oy (Finland)<\/li>\n<li>N. Karazin Kharkiv National University (Ukraine)<\/li>\n<li>Wings ICT solutions information &amp; communication technologies ike (Greece)<\/li>\n<li>Civiesco SRL (Italy), Tecnoalimenti S.C.P.A. (Italy)<\/li>\n<li>Fomento De San Sebastian SA (Spain)<\/li>\n<li>Nilufer Belediye Baskanligi (Turkey)<\/li>\n<li>Oslo Kommune (Norway)<\/li>\n<li>Kolding Kommune (Denmark)<\/li>\n<li>Comune di Torino (Italy)<\/li>\n<li>Kharkiv City Council (Ukraine)<\/li>\n<li>Differdange (Luxembourg)<\/li>\n<li>Tampereen Kaupunki (Finland)<\/li>\n<li>City of Rijeka (Croatia)<\/li>\n<li>Municipio de Castelo Branco (Portugal)<\/li>\n<li>Dimos Athinaion (Greece)<\/li>\n<li>Roma Capitale (Italy)<\/li>\n<li>Eroski S. COOP. (Spain)<\/li>\n<li>Territoire Naturel Transfrontalier de la Chiers et de l\u2019Alzette (Luxembourg)<\/li>\n<li>Fondazione della Comunita di Mirafiori ONLUS (Italy)<\/li>\n<li>EcoFellows Ltd. (Finland)<\/li>\n<li>Ahlmanin koulun s\u00e4\u00e4ti\u00f6 (Finland)<\/li>\n<li>Dimos Athinaion Epicheirisi Michanografisis (Greece)<\/li>\n<\/ul>\n<h2>Budget<\/h2>\n<ul>\n<li>Total budget: EUR 12,796,056.50 (100% funded by the EU)<\/li>\n<li>Budget of the City of Rijeka: EUR 250,875.00<\/li>\n<\/ul>\n<h2>Official website of the project<\/h2>\n<p><a href=\"http:\/\/fusilli-project.eu\">fusilli-project.eu<\/a><\/p>\n<h2>Financed under the programme<\/h2>\n<p><a href=\"https:\/\/www.obzor2020.hr\/\">Horizon 2020 &#8211; EU Research and Innovation Framework Programme<\/a><\/p>\n<h2>Contact person for more information<\/h2>\n<p>Suzana Belo\u0161evi\u0107 Romac<br \/>\nMayor\u2019s senior adviser \u2013 European project specialist<br \/>\nE-mail: <a href=\"&#109;&#x61;&#105;&#x6c;t&#x6f;:&#115;&#x75;&#122;&#x61;n&#x61;&#46;&#98;&#x65;&#108;&#x6f;s&#x65;v&#105;&#x63;&#64;&#x72;i&#x6a;e&#107;&#x61;&#46;&#x68;r\">s&#117;&#x7a;&#x61;&#x6e;a&#46;&#98;&#x65;&#x6c;o&#115;&#101;&#x76;&#x69;c&#64;&#114;&#x69;&#x6a;&#x65;k&#97;&#x2e;&#x68;&#x72;<\/a><br \/>\nT: +<a href=\"tel:+385 51 209 687\">385 51 209 687<\/a><\/p>\n<p><a href=\"https:\/\/www.rijeka.hr\/en\/wp-content\/uploads\/sites\/2\/2021\/09\/Horizon-2020-logo.jpg\" data-rel=\"lightbox-image-0\" data-rl_title=\"\" data-rl_caption=\"\" title=\"\"><img loading=\"lazy\" decoding=\"async\" class=\"aligncenter wp-image-11537 size-full\" src=\"https:\/\/www.rijeka.hr\/en\/wp-content\/uploads\/sites\/2\/2021\/09\/Horizon-2020-logo.jpg\" alt=\"Horizon 2020\" width=\"500\" height=\"142\" \/><\/a><\/p>\n","protected":false},"excerpt":{"rendered":"<p>Project Title FUSILLI &#8211;\u00a0An innovative approach to improve the food system and supply chains Project goal The key goal of the FUSILLI project is to overcome barriers for developing and implementing integrated, systemic food policies that support transition towards sustainable food systems in urban, peri-urban and nearby rural areas. &nbsp; Duration 1 January 2021 &#8211;&#8230;<\/p>\n","protected":false},"author":8,"featured_media":11536,"parent":1318,"menu_order":54,"comment_status":"closed","ping_status":"closed","template":"","meta":{"_acf_changed":false,"_trash_the_other_posts":false,"footnotes":"","_links_to":"","_links_to_target":""},"tags":[],"class_list":["post-11533","page","type-page","status-publish","has-post-thumbnail","hentry"],"acf":[],"yoast_head":"<!-- This site is optimized with the Yoast SEO plugin v24.4 - https:\/\/yoast.com\/wordpress\/plugins\/seo\/ -->\n<title>FUSILLI - City of Rijeka<\/title>\n<meta name=\"robots\" content=\"index, follow, max-snippet:-1, max-image-preview:large, max-video-preview:-1\" \/>\n<link rel=\"canonical\" href=\"https:\/\/www.rijeka.hr\/en\/city-government\/eu-projects\/closed-projects\/fusilli\/\" \/>\n<meta property=\"og:locale\" content=\"en_US\" \/>\n<meta property=\"og:type\" content=\"article\" \/>\n<meta property=\"og:title\" content=\"FUSILLI - City of Rijeka\" \/>\n<meta property=\"og:description\" content=\"Project Title FUSILLI &#8211;\u00a0An innovative approach to improve the food system and supply chains Project goal The key goal of the FUSILLI project is to overcome barriers for developing and implementing integrated, systemic food policies that support transition towards sustainable food systems in urban, peri-urban and nearby rural areas. &nbsp; Duration 1 January 2021 &#8211;...\" \/>\n<meta property=\"og:url\" content=\"https:\/\/www.rijeka.hr\/en\/city-government\/eu-projects\/closed-projects\/fusilli\/\" \/>\n<meta property=\"og:site_name\" content=\"City of Rijeka\" \/>\n<meta property=\"article:modified_time\" content=\"2026-03-17T09:52:34+00:00\" \/>\n<meta property=\"og:image\" content=\"https:\/\/www.rijeka.hr\/en\/wp-content\/uploads\/sites\/2\/2021\/09\/Fusilli-logo.jpg\" \/>\n\t<meta property=\"og:image:width\" content=\"1200\" \/>\n\t<meta property=\"og:image:height\" content=\"740\" \/>\n\t<meta property=\"og:image:type\" content=\"image\/jpeg\" \/>\n<meta name=\"twitter:card\" content=\"summary_large_image\" \/>\n<meta name=\"twitter:label1\" content=\"Est. reading time\" \/>\n\t<meta name=\"twitter:data1\" content=\"3 minutes\" \/>\n<script type=\"application\/ld+json\" class=\"yoast-schema-graph\">{\"@context\":\"https:\/\/schema.org\",\"@graph\":[{\"@type\":\"WebPage\",\"@id\":\"https:\/\/www.rijeka.hr\/en\/city-government\/eu-projects\/closed-projects\/fusilli\/\",\"url\":\"https:\/\/www.rijeka.hr\/en\/city-government\/eu-projects\/closed-projects\/fusilli\/\",\"name\":\"FUSILLI - City of Rijeka\",\"isPartOf\":{\"@id\":\"https:\/\/www.rijeka.hr\/en\/#website\"},\"primaryImageOfPage\":{\"@id\":\"https:\/\/www.rijeka.hr\/en\/city-government\/eu-projects\/closed-projects\/fusilli\/#primaryimage\"},\"image\":{\"@id\":\"https:\/\/www.rijeka.hr\/en\/city-government\/eu-projects\/closed-projects\/fusilli\/#primaryimage\"},\"thumbnailUrl\":\"https:\/\/www.rijeka.hr\/en\/wp-content\/uploads\/sites\/2\/2021\/09\/Fusilli-logo.jpg\",\"datePublished\":\"2021-09-02T13:39:52+00:00\",\"dateModified\":\"2026-03-17T09:52:34+00:00\",\"breadcrumb\":{\"@id\":\"https:\/\/www.rijeka.hr\/en\/city-government\/eu-projects\/closed-projects\/fusilli\/#breadcrumb\"},\"inLanguage\":\"en-US\",\"potentialAction\":[{\"@type\":\"ReadAction\",\"target\":[\"https:\/\/www.rijeka.hr\/en\/city-government\/eu-projects\/closed-projects\/fusilli\/\"]}]},{\"@type\":\"ImageObject\",\"inLanguage\":\"en-US\",\"@id\":\"https:\/\/www.rijeka.hr\/en\/city-government\/eu-projects\/closed-projects\/fusilli\/#primaryimage\",\"url\":\"https:\/\/www.rijeka.hr\/en\/wp-content\/uploads\/sites\/2\/2021\/09\/Fusilli-logo.jpg\",\"contentUrl\":\"https:\/\/www.rijeka.hr\/en\/wp-content\/uploads\/sites\/2\/2021\/09\/Fusilli-logo.jpg\",\"width\":1200,\"height\":740,\"caption\":\"Fusilli\"},{\"@type\":\"BreadcrumbList\",\"@id\":\"https:\/\/www.rijeka.hr\/en\/city-government\/eu-projects\/closed-projects\/fusilli\/#breadcrumb\",\"itemListElement\":[{\"@type\":\"ListItem\",\"position\":1,\"name\":\"Po\u010detna stranica\",\"item\":\"https:\/\/www.rijeka.hr\/en\/\"},{\"@type\":\"ListItem\",\"position\":2,\"name\":\"City administration\",\"item\":\"https:\/\/www.rijeka.hr\/en\/city-government\/\"},{\"@type\":\"ListItem\",\"position\":3,\"name\":\"EU projects\",\"item\":\"https:\/\/www.rijeka.hr\/en\/city-government\/eu-projects\/\"},{\"@type\":\"ListItem\",\"position\":4,\"name\":\"Closed projects\",\"item\":\"https:\/\/www.rijeka.hr\/en\/city-government\/eu-projects\/closed-projects\/\"},{\"@type\":\"ListItem\",\"position\":5,\"name\":\"FUSILLI\"}]},{\"@type\":\"WebSite\",\"@id\":\"https:\/\/www.rijeka.hr\/en\/#website\",\"url\":\"https:\/\/www.rijeka.hr\/en\/\",\"name\":\"City of Rijeka\",\"description\":\"City of Rijeka web Portal\",\"potentialAction\":[{\"@type\":\"SearchAction\",\"target\":{\"@type\":\"EntryPoint\",\"urlTemplate\":\"https:\/\/www.rijeka.hr\/en\/?s={search_term_string}\"},\"query-input\":{\"@type\":\"PropertyValueSpecification\",\"valueRequired\":true,\"valueName\":\"search_term_string\"}}],\"inLanguage\":\"en-US\"}]}<\/script>\n<!-- \/ Yoast SEO plugin. -->","yoast_head_json":{"title":"FUSILLI - City of Rijeka","robots":{"index":"index","follow":"follow","max-snippet":"max-snippet:-1","max-image-preview":"max-image-preview:large","max-video-preview":"max-video-preview:-1"},"canonical":"https:\/\/www.rijeka.hr\/en\/city-government\/eu-projects\/closed-projects\/fusilli\/","og_locale":"en_US","og_type":"article","og_title":"FUSILLI - City of Rijeka","og_description":"Project Title FUSILLI &#8211;\u00a0An innovative approach to improve the food system and supply chains Project goal The key goal of the FUSILLI project is to overcome barriers for developing and implementing integrated, systemic food policies that support transition towards sustainable food systems in urban, peri-urban and nearby rural areas. &nbsp; Duration 1 January 2021 &#8211;...","og_url":"https:\/\/www.rijeka.hr\/en\/city-government\/eu-projects\/closed-projects\/fusilli\/","og_site_name":"City of Rijeka","article_modified_time":"2026-03-17T09:52:34+00:00","og_image":[{"width":1200,"height":740,"url":"https:\/\/www.rijeka.hr\/en\/wp-content\/uploads\/sites\/2\/2021\/09\/Fusilli-logo.jpg","type":"image\/jpeg"}],"twitter_card":"summary_large_image","twitter_misc":{"Est. reading time":"3 minutes"},"schema":{"@context":"https:\/\/schema.org","@graph":[{"@type":"WebPage","@id":"https:\/\/www.rijeka.hr\/en\/city-government\/eu-projects\/closed-projects\/fusilli\/","url":"https:\/\/www.rijeka.hr\/en\/city-government\/eu-projects\/closed-projects\/fusilli\/","name":"FUSILLI - City of Rijeka","isPartOf":{"@id":"https:\/\/www.rijeka.hr\/en\/#website"},"primaryImageOfPage":{"@id":"https:\/\/www.rijeka.hr\/en\/city-government\/eu-projects\/closed-projects\/fusilli\/#primaryimage"},"image":{"@id":"https:\/\/www.rijeka.hr\/en\/city-government\/eu-projects\/closed-projects\/fusilli\/#primaryimage"},"thumbnailUrl":"https:\/\/www.rijeka.hr\/en\/wp-content\/uploads\/sites\/2\/2021\/09\/Fusilli-logo.jpg","datePublished":"2021-09-02T13:39:52+00:00","dateModified":"2026-03-17T09:52:34+00:00","breadcrumb":{"@id":"https:\/\/www.rijeka.hr\/en\/city-government\/eu-projects\/closed-projects\/fusilli\/#breadcrumb"},"inLanguage":"en-US","potentialAction":[{"@type":"ReadAction","target":["https:\/\/www.rijeka.hr\/en\/city-government\/eu-projects\/closed-projects\/fusilli\/"]}]},{"@type":"ImageObject","inLanguage":"en-US","@id":"https:\/\/www.rijeka.hr\/en\/city-government\/eu-projects\/closed-projects\/fusilli\/#primaryimage","url":"https:\/\/www.rijeka.hr\/en\/wp-content\/uploads\/sites\/2\/2021\/09\/Fusilli-logo.jpg","contentUrl":"https:\/\/www.rijeka.hr\/en\/wp-content\/uploads\/sites\/2\/2021\/09\/Fusilli-logo.jpg","width":1200,"height":740,"caption":"Fusilli"},{"@type":"BreadcrumbList","@id":"https:\/\/www.rijeka.hr\/en\/city-government\/eu-projects\/closed-projects\/fusilli\/#breadcrumb","itemListElement":[{"@type":"ListItem","position":1,"name":"Po\u010detna stranica","item":"https:\/\/www.rijeka.hr\/en\/"},{"@type":"ListItem","position":2,"name":"City administration","item":"https:\/\/www.rijeka.hr\/en\/city-government\/"},{"@type":"ListItem","position":3,"name":"EU projects","item":"https:\/\/www.rijeka.hr\/en\/city-government\/eu-projects\/"},{"@type":"ListItem","position":4,"name":"Closed projects","item":"https:\/\/www.rijeka.hr\/en\/city-government\/eu-projects\/closed-projects\/"},{"@type":"ListItem","position":5,"name":"FUSILLI"}]},{"@type":"WebSite","@id":"https:\/\/www.rijeka.hr\/en\/#website","url":"https:\/\/www.rijeka.hr\/en\/","name":"City of Rijeka","description":"City of Rijeka web Portal","potentialAction":[{"@type":"SearchAction","target":{"@type":"EntryPoint","urlTemplate":"https:\/\/www.rijeka.hr\/en\/?s={search_term_string}"},"query-input":{"@type":"PropertyValueSpecification","valueRequired":true,"valueName":"search_term_string"}}],"inLanguage":"en-US"}]}},"_links":{"self":[{"href":"https:\/\/www.rijeka.hr\/en\/wp-json\/wp\/v2\/pages\/11533","targetHints":{"allow":["GET"]}}],"collection":[{"href":"https:\/\/www.rijeka.hr\/en\/wp-json\/wp\/v2\/pages"}],"about":[{"href":"https:\/\/www.rijeka.hr\/en\/wp-json\/wp\/v2\/types\/page"}],"author":[{"embeddable":true,"href":"https:\/\/www.rijeka.hr\/en\/wp-json\/wp\/v2\/users\/8"}],"replies":[{"embeddable":true,"href":"https:\/\/www.rijeka.hr\/en\/wp-json\/wp\/v2\/comments?post=11533"}],"version-history":[{"count":3,"href":"https:\/\/www.rijeka.hr\/en\/wp-json\/wp\/v2\/pages\/11533\/revisions"}],"predecessor-version":[{"id":11677,"href":"https:\/\/www.rijeka.hr\/en\/wp-json\/wp\/v2\/pages\/11533\/revisions\/11677"}],"up":[{"embeddable":true,"href":"https:\/\/www.rijeka.hr\/en\/wp-json\/wp\/v2\/pages\/1318"}],"wp:featuredmedia":[{"embeddable":true,"href":"https:\/\/www.rijeka.hr\/en\/wp-json\/wp\/v2\/media\/11536"}],"wp:attachment":[{"href":"https:\/\/www.rijeka.hr\/en\/wp-json\/wp\/v2\/media?parent=11533"}],"wp:term":[{"taxonomy":"post_tag","embeddable":true,"href":"https:\/\/www.rijeka.hr\/en\/wp-json\/wp\/v2\/tags?post=11533"}],"curies":[{"name":"wp","href":"https:\/\/api.w.org\/{rel}","templated":true}]}}