{"id":1266,"date":"2016-11-10T09:40:17","date_gmt":"2016-11-10T08:40:17","guid":{"rendered":"https:\/\/www.rijeka.hr\/en\/?page_id=1266"},"modified":"2026-03-03T12:37:47","modified_gmt":"2026-03-03T11:37:47","slug":"komunalna-i-trgovacka-drustva","status":"publish","type":"page","link":"https:\/\/www.rijeka.hr\/en\/city-government\/komunalna-i-trgovacka-drustva\/","title":{"rendered":"Municipal corporations and utility companies"},"content":{"rendered":"<h2>Poslovni sustavi L.td<\/h2>\n<p><a href=\"https:\/\/www.rijeka.hr\/wp-content\/uploads\/2016\/04\/Poslovni-sustavi-2.jpg\" data-rel=\"lightbox-image-0\" data-rl_title=\"\" data-rl_caption=\"\" title=\"\"><img decoding=\"async\" class=\"alignleft size-full wp-image-28310\" src=\"https:\/\/www.rijeka.hr\/wp-content\/uploads\/2016\/04\/Poslovni-sustavi-2.jpg\" alt=\"Poslovni sustavi (2)\" \/><\/a><\/p>\n<p>The municipal company <a href=\"http:\/\/www.poslovni-sustavi.hr\/\">Poslovni sustavi<\/a> primarily provides strategic development and business support to utility companies Autotrolej, Rijeka plus, Energo and \u010cisto\u0107a.<br \/>\n\u0160kolji\u0107 15, Rijeka<\/p>\n<p>Member of the Management Board &#8211; Director: <strong>Tomislav Mazal<\/strong><br \/>\n<a href=\"tel:+385%2051%20564%20446\">T. +385 51 564 446<\/a><br \/>\nF. +385 51 564 446<br \/>\n<a href=\"http:\/\/www.poslovni-sustavi.hr\">http:\/\/www.poslovni-sustavi.hr<\/a><\/p>\n<h2>Rijeka plus L.td<\/h2>\n<p><a href=\"https:\/\/www.rijeka.hr\/wp-content\/uploads\/2016\/04\/Rijeka-plus-mala-1.jpg\" data-rel=\"lightbox-image-1\" data-rl_title=\"\" data-rl_caption=\"\" title=\"\"><img loading=\"lazy\" decoding=\"async\" class=\"alignleft size-full wp-image-28311\" src=\"https:\/\/www.rijeka.hr\/wp-content\/uploads\/2016\/04\/Rijeka-plus-mala-1.jpg\" alt=\"Rijeka plus mala (1)\" width=\"150\" height=\"61\" \/><\/a><\/p>\n<p>Company Rijeka plus carries out activities tied to the organisation and collection of parking fees in the territory of the city of Rijeka, it provides the services of organising transport, renting buses, delivery vans, VIP vehicles or double-decker buses for excursions and arranged tours and it offers the services of public bike rentals on the Rijeka Pier. Rijeka plus carries furthermore the activities of removing irregularly parked motor vehicles by a special tow truck and by placing wheel clamps and it carries out the municipal activity of retail markets.\u00a0Furthermore, Rijeka plus also carries out the activities relating to traffic management and road maintenance.<\/p>\n<p>Director: <strong>Vlado Mezak<\/strong><br \/>\n\u0160kolji\u0107 15, Rijeka<br \/>\n<a href=\"tel:+385%2051%20445%20353\">T. +385 51 445 353<\/a><br \/>\nF. +385 51 445 353<br \/>\n<a href=\"&#x6d;&#97;i&#x6c;&#x74;&#111;:&#x69;&#x6e;&#102;o&#x40;&#x72;&#105;j&#x65;&#x6b;&#97;-&#x70;&#108;&#117;s&#x2e;&#104;r\">&#105;&#x6e;&#x66;o&#64;&#x72;&#x69;j&#101;&#x6b;a&#45;&#x70;&#x6c;u&#115;&#x2e;h&#114;<\/a><br \/>\n<a href=\"http:\/\/www.rijeka-plus.hr\/rijeka-plus\">http:\/\/www.rijeka-plus.hr\/rijeka-plus<\/a><\/p>\n<h2>Rijeka sport L.td<\/h2>\n<p><a href=\"https:\/\/www.rijeka.hr\/wp-content\/uploads\/2016\/04\/Rijeka-sport-logo.jpg\" data-rel=\"lightbox-image-2\" data-rl_title=\"\" data-rl_caption=\"\" title=\"\"><img loading=\"lazy\" decoding=\"async\" class=\"alignleft size-full wp-image-28312\" src=\"https:\/\/www.rijeka.hr\/wp-content\/uploads\/2016\/04\/Rijeka-sport-logo.jpg\" alt=\"Rijeka sport logo\" width=\"150\" height=\"36\" \/><\/a><\/p>\n<p>\u201cRijeka sport&#8221;, a limited liability company in charge of management, maintenance and construction of sports and other facilities was established in 2007. The company is entirely owned by the City of Rijeka.<\/p>\n<p>Director: <strong>Igor Butorac<\/strong><br \/>\nTrg Viktora Bubnja 1, Rijeka<br \/>\n<a href=\"tel:+385%2051%20406%20444\">T. +385 51 406 444<\/a><br \/>\nF. +385 51 406 449<br \/>\n<a href=\"&#x6d;&#x61;&#105;&#108;t&#x6f;&#x3a;&#x72;&#105;&#106;e&#x6b;&#x61;&#x73;&#112;&#111;r&#x74;&#x40;&#x72;&#105;&#106;e&#x6b;&#x61;&#x73;&#112;or&#x74;&#x2e;&#x68;&#114;\">&#114;i&#106;e&#107;a&#x73;p&#x6f;r&#x74;&#64;&#x72;i&#x6a;e&#x6b;a&#x73;p&#x6f;r&#x74;&#46;&#x68;&#114;<\/a><br \/>\n<a href=\"http:\/\/www.rijekasport.hr\/Default.aspx\">http:\/\/www.rijekasport.hr\/Default.aspx<\/a><\/p>\n<h2>Autotrolej\u00a0L.td<\/h2>\n<p><a href=\"https:\/\/www.rijeka.hr\/wp-content\/uploads\/2016\/04\/Autotrolej.jpg\" data-rel=\"lightbox-image-3\" data-rl_title=\"\" data-rl_caption=\"\" title=\"\"><img loading=\"lazy\" decoding=\"async\" class=\"alignleft wp-image-28313 size-full\" src=\"https:\/\/www.rijeka.hr\/wp-content\/uploads\/2016\/04\/Autotrolej.jpg\" width=\"150\" height=\"65\" \/><\/a><\/p>\n<p>The municipal company &#8220;Autotrolej&#8221; Ltd. is in charge of passenger transport in the territory of Rijeka, and the towns of Bakar, Kastav, Kraljevica and Opatija as well as in the municipalities of \u010cavle, Jelenje, Klana, Kostrena, Vi\u0161kovo, Matulji and Lovran. Among owners and founders, the City of Rijeka holds a 83.4% stake in equity.<\/p>\n<p>Director: <strong>Vedran Tomi\u010di\u0107<\/strong><br \/>\n\u0160kolji\u0107 15, Rijeka<br \/>\n<a href=\"tel:+385%2051%20311%20400\">T. +385 51 311 400<\/a><br \/>\nF. +385 51 330 330<br \/>\n<a href=\"ma&#105;&#108;&#116;&#x6f;&#x3a;&#x61;&#x75;to&#116;&#114;&#111;&#x6c;&#x65;&#x6a;&#x40;au&#116;&#111;&#116;&#x72;&#x6f;&#x6c;&#x65;j&#46;&#104;&#114;\">&#97;&#x75;&#x74;o&#116;&#x72;o&#108;&#x65;j&#64;&#x61;u&#116;&#x6f;&#x74;&#114;&#x6f;&#x6c;e&#106;&#x2e;h&#114;<\/a><br \/>\n<a href=\"http:\/\/www.autotrolej.hr\">http:\/\/www.autotrolej.hr<\/a><\/p>\n<h2>\u010cisto\u0107a L.td<\/h2>\n<p><a href=\"https:\/\/www.rijeka.hr\/wp-content\/uploads\/2016\/04\/Cistoca-Logo.jpg\" data-rel=\"lightbox-image-4\" data-rl_title=\"\" data-rl_caption=\"\" title=\"\"><img loading=\"lazy\" decoding=\"async\" class=\"alignleft size-full wp-image-28314\" src=\"https:\/\/www.rijeka.hr\/wp-content\/uploads\/2016\/04\/Cistoca-Logo.jpg\" alt=\"Cistoca Logo\" width=\"150\" height=\"65\" \/><\/a><a href=\"http:\/\/www.cistoca-ri.hr\/Pocetna.aspx\" target=\"_blank\" rel=\"noopener\">\u010cisto\u0107a<\/a> is a\u00a0public utility\u00a0company in charge of urban sanitation and waste management. The City of Rijeka holds a 81.23% stake in equity.<\/p>\n<p>Director:<strong> Igor Velimirovi\u0107<\/strong><br \/>\nDolac 14, Rijeka<br \/>\n<a href=\"tel:+385%2051%20353%20409\">T. +385 51 353 409<\/a><br \/>\n<a href=\"tel:0800%2099%2099%2000\">T. 0800 99 99 00<\/a><br \/>\n<a href=\"&#x6d;&#97;i&#x6c;&#x74;&#111;:&#x63;&#105;s&#x74;&#x6f;&#99;a&#x2e;&#114;i&#x6a;&#x65;&#107;a&#x40;&#x63;&#105;&#x73;&#x74;&#111;c&#x61;&#x2d;&#114;i&#x2e;&#104;r\">cistoca&#46;rije&#107;&#97;&#64;&#99;&#105;&#115;&#116;&#111;&#99;&#97;&#45;&#114;&#105;&#46;&#104;&#x72;<\/a><br \/>\n<a href=\"http:\/\/www.cistoca-ri.hr\/\">http:\/\/www.cistoca-ri.hr\/<\/a><\/p>\n<h2>Energo L.td<\/h2>\n<p><a href=\"https:\/\/www.rijeka.hr\/wp-content\/uploads\/2016\/04\/Energo-logo.jpg\" data-rel=\"lightbox-image-5\" data-rl_title=\"\" data-rl_caption=\"\" title=\"\"><img loading=\"lazy\" decoding=\"async\" class=\"alignleft size-full wp-image-28315\" src=\"https:\/\/www.rijeka.hr\/wp-content\/uploads\/2016\/04\/Energo-logo.jpg\" alt=\"Energo logo\" width=\"150\" height=\"60\" \/><\/a>Company\u00a0<a href=\"http:\/\/energo.hr\/\" target=\"_blank\" rel=\"noopener\">Energo d.o.o.<\/a>\u00a0is a company for production and distribution of thermal energy and gas in which the City of Rijeka holds a 91.8 % stake.<br \/>\nDirector: <strong>Marko Kri\u017eanec<\/strong><br \/>\nDolac 14, Rijeka<br \/>\n<a href=\"tel:+385%2051%20353%20006\">T. +385 51 353 006<\/a><br \/>\n<a href=\"tel:0800%20353%20040\">T. 0800 353 040<\/a><br \/>\nF. +385 51 353 007<br \/>\n<a href=\"&#109;&#x61;&#x69;&#108;&#x74;&#x6f;&#58;&#x69;&#x6e;&#102;&#x6f;&#x40;&#101;&#x6e;&#x65;&#114;&#x67;&#x6f;&#46;&#x68;&#x72;\">&#105;&#x6e;f&#111;&#x40;e&#110;&#x65;r&#103;&#x6f;&#46;&#104;&#x72;<\/a><br \/>\n<a href=\"http:\/\/energo.hr\/\">http:\/\/energo.hr\/<\/a><\/p>\n<h2>Kozala L.td<\/h2>\n<p><a href=\"https:\/\/www.rijeka.hr\/wp-content\/uploads\/2016\/04\/Kozala-logo.jpg\" data-rel=\"lightbox-image-6\" data-rl_title=\"\" data-rl_caption=\"\" title=\"\"><img loading=\"lazy\" decoding=\"async\" class=\"alignleft size-full wp-image-28316\" src=\"https:\/\/www.rijeka.hr\/wp-content\/uploads\/2016\/04\/Kozala-logo.jpg\" alt=\"Kozala-logo\" width=\"150\" height=\"51\" \/><\/a>Municipal company Kozala owned by the City of Rijeka provides services of graveyard maintenance and care regarding graves, burial and stone masonry. The company provides services in the territory of the City of Rijeka which comprises 8 cemeteries: Kozala, Trsat, and Zamet, Central city cemetery Drenova, St. Kuzam, Draga, Gornja and Donja Drenova.<\/p>\n<p>Director: <strong>Nives Torbarina<\/strong><br \/>\nBra\u0107e Hla\u010da 2a, Rijeka<br \/>\n<a href=\"tel:+385%2051%20514%20300\">T. +385 51 514 300<\/a><br \/>\n<a href=\"tel:+385%2051%20208%20740\">T. +385 51 208 740<\/a><br \/>\nF. +385 51 514 201<br \/>\n<a href=\"m&#97;&#x69;&#x6c;t&#111;&#x3a;&#x69;n&#102;&#111;&#x40;&#x6b;d&#45;&#x6b;&#x6f;z&#97;&#x6c;&#x61;&#46;&#104;&#114;\">i&#110;&#102;&#x6f;&#x40;&#x6b;d&#45;&#107;&#x6f;&#x7a;&#x61;la&#46;&#x68;&#x72;<\/a><br \/>\n<a href=\"http:\/\/www.kd-kozala.hr\">http:\/\/www.kd-kozala.hr<\/a><\/p>\n<h2>Vodovod i kanalizacija L.td<\/h2>\n<p><a href=\"https:\/\/www.rijeka.hr\/wp-content\/uploads\/2016\/04\/vik.jpg\" data-rel=\"lightbox-image-7\" data-rl_title=\"\" data-rl_caption=\"\" title=\"\"><img loading=\"lazy\" decoding=\"async\" class=\"alignleft size-full wp-image-28317\" src=\"https:\/\/www.rijeka.hr\/wp-content\/uploads\/2016\/04\/vik.jpg\" alt=\"vik\" width=\"150\" height=\"62\" \/><\/a><\/p>\n<p>Public utility\u00a0company &#8220;Vodovod i kanalizacija&#8221; Ltd.\u00a0supplies and distributes\u00a0potable water and provides services of drainage and cleansing of wastewater, drainage of atmospheric water as well as pumping and removal of sewage sludge from septic and holding tanks.<\/p>\n<p>Tel. of the service on duty: 051 211 906 i 051 353 222<br \/>\nDirector:<strong> Damir Togunjac<\/strong><br \/>\nDolac 14, Rijeka<br \/>\n<a href=\"tel:+385%2051%20353%20222\">T. +385 51 353 222<\/a><br \/>\n<a href=\"&#x6d;&#97;i&#x6c;&#116;o&#x3a;&#x6b;&#100;&#x76;&#x69;&#107;-&#x72;&#105;j&#x65;&#x6b;&#97;&#x40;&#x6b;&#100;v&#x69;&#107;-&#x72;&#x69;&#106;&#x65;&#x6b;&#97;&#46;&#x68;&#114;\">&#x6b;d&#x76;&#105;&#x6b;&#45;r&#x69;j&#x65;&#107;&#x61;&#64;k&#x64;&#118;&#x69;&#107;-&#x72;i&#x6a;&#101;&#x6b;&#97;&#46;&#x68;r<\/a><br \/>\n<a href=\"http:\/\/www.kdvik-rijeka.hr\/\">http:\/\/www.kdvik-rijeka.hr\/<\/a><\/p>\n<h2>Kanal Ri<\/h2>\n<p><a href=\"https:\/\/www.rijeka.hr\/wp-content\/uploads\/2016\/04\/KanalRi.jpg\" data-rel=\"lightbox-image-8\" data-rl_title=\"\" data-rl_caption=\"\" title=\"\"><img loading=\"lazy\" decoding=\"async\" class=\"alignleft size-full wp-image-28319\" src=\"https:\/\/www.rijeka.hr\/wp-content\/uploads\/2016\/04\/KanalRi.jpg\" alt=\"KanalRi\" width=\"150\" height=\"56\" \/><\/a>Kanal Ri\u00a0(Channel RI)\u00a0is a local commercial television which transmits its programme at regional level in the territory of the Primorje &#8211; Gorski Kotar County and partially in the Istrian County and in the County of Lika and Senj.<\/p>\n<p>Interim Director: <strong>Dorian Celcer<\/strong><br \/>\nTrg Rije\u010dke rezolucije 3, Rijeka<br \/>\n<a href=\"tel:+385%2051%20353%20666\">T. +385 51 353 666<\/a><br \/>\nF. +385 51 353 620<br \/>\n<a href=\"&#109;a&#x69;l&#x74;&#111;&#x3a;&#105;&#x6e;&#102;o&#x40;k&#x61;&#110;&#x61;&#108;&#x2d;&#114;&#x69;&#46;h&#x72;\">&#105;&#x6e;&#x66;o&#64;&#x6b;a&#110;&#x61;l&#45;&#x72;i&#46;&#x68;&#x72;<\/a><br \/>\n<a href=\"http:\/\/www.kanal-ri.hr\/\">http:\/\/www.kanal-ri.hr\/<\/a><\/p>\n<p>&nbsp;<\/p>\n<h2>Ekoplus\u00a0L.td<\/h2>\n<p><a href=\"https:\/\/www.rijeka.hr\/wp-content\/uploads\/2016\/04\/Ekoplus-logo.jpg\" data-rel=\"lightbox-image-9\" data-rl_title=\"\" data-rl_caption=\"\" title=\"\"><img loading=\"lazy\" decoding=\"async\" class=\"alignleft size-full wp-image-28320\" src=\"https:\/\/www.rijeka.hr\/wp-content\/uploads\/2016\/04\/Ekoplus-logo.jpg\" alt=\"Ekoplus logo\" width=\"150\" height=\"62\" \/><\/a>Activities of the company &#8220;Ekoplus&#8221; are aimed at introducing a new waste management system in the territory of the Primorje &#8211; Gorski Kotar County. The founders of Ekoplus Rijeka are: the Primorje &#8211;\u00a0 Gorski Kotar County, the City of Rijeka, the Minicipality of Vi\u0161kovo, utility company \u010cisto\u0107a Rijeka.<\/p>\n<p>President of the Management Board: <strong>Kristian Ga\u0161parini<\/strong><br \/>\nCiottina 17b, Rijeka<br \/>\n<a href=\"tel:+385%2051%20325%20200\">T. +385 51 325 200<\/a><br \/>\nF. +385 51 325 190<br \/>\n<a href=\"&#x6d;&#x61;&#x69;&#x6c;&#x74;&#x6f;&#58;&#101;&#107;&#111;plus&#x40;&#x65;&#x6b;&#x6f;&#x70;&#x6c;&#117;&#115;&#46;&#104;&#114;\">&#x65;&#107;o&#x70;&#x6c;&#117;s&#x40;&#x65;&#107;o&#x70;&#108;u&#x73;&#x2e;&#104;r<\/a><br \/>\n<a href=\"https:\/\/www.rijeka.hr\/gradska-uprava\/komunalna-i-trgovacka-drustva\/www.ekoplus.hr\">http:\/\/www.ekoplus.hr<\/a><\/p>\n<h2>Rije\u010dka razvojna agencija Porin\u00a0L.td<\/h2>\n<p><a href=\"https:\/\/www.rijeka.hr\/wp-content\/uploads\/2016\/04\/RRA_Porin-2015.jpg\" data-rel=\"lightbox-image-10\" data-rl_title=\"\" data-rl_caption=\"\" title=\"\"><img loading=\"lazy\" decoding=\"async\" class=\"alignleft size-full wp-image-28321\" src=\"https:\/\/www.rijeka.hr\/wp-content\/uploads\/2016\/04\/RRA_Porin-2015.jpg\" alt=\"RRA_Porin 2015\" width=\"150\" height=\"91\" \/><\/a><\/p>\n<p>Rijeka Development Agency Porin is engaged in the development of entrepreneurship and the entrepreneurial incubator system. The founder of the Agency is the City of Rijeka with 100% equity.<\/p>\n<p>Director: <strong>Nenad Antolovi\u0107<\/strong><br \/>\nMilutina Bara\u010da 62, Rijeka<br \/>\n<a href=\"tel:+385%2051%20634%20331\">T. +385 51 634 331<\/a><br \/>\n<a href=\"m&#97;&#105;&#x6c;&#x74;o&#58;&#114;&#x72;&#x61;&#x70;o&#114;&#105;&#x6e;&#x40;po&#114;&#x69;&#x6e;&#x2e;h&#114;\">&#x72;&#x72;&#x61;&#x70;&#111;&#114;in&#64;&#x70;&#x6f;&#x72;&#x69;&#110;&#46;hr<\/a><br \/>\n<a href=\"http:\/\/www.porin.hr\/\">http:\/\/www.porin.hr\/<\/a><\/p>\n<h2>Regionalna veletr\u017enica Rijeka-Matulji PLC<\/h2>\n<p><a href=\"https:\/\/www.rijeka.hr\/wp-content\/uploads\/2016\/04\/rvm.jpg\" data-rel=\"lightbox-image-11\" data-rl_title=\"\" data-rl_caption=\"\" title=\"\"><img loading=\"lazy\" decoding=\"async\" class=\"alignleft size-full wp-image-28322\" src=\"https:\/\/www.rijeka.hr\/wp-content\/uploads\/2016\/04\/rvm.jpg\" alt=\"rvm\" width=\"150\" height=\"62\" \/><\/a>The regional wholesale market Rijeka-Matulji is a modern market which sells fruit and vegetables according to European quality and sanitation standards. The wholesale market services are used by fruit and vegetables producers, producers&#8217; associations, fruit and vegetables wholesalers, as well as fruit and vegetables stores, supermarkets, shopping centres, hotels, restaurants, hospitals, public institutions and citizens. The wholesale market is open to buyers every day, except on Sundays and holidays. Customers can enter the market premises by car where a sufficient number of parking places is provided.<\/p>\n<p>Direktor: <strong>Vilim Sankovi\u0107<\/strong><br \/>\nJu\u0161i\u0107i 69c, Matulji<br \/>\n<a href=\"tel:+385%2051%20277%20258\">T. +385 51 277 258 <\/a><br \/>\n<a href=\"tel:+385%2051%20277%20257\">T. +385 51 277 257<\/a><br \/>\nF. +385 51 277 258<br \/>\n<a href=\"&#109;&#x61;&#x69;l&#116;&#x6f;:&#114;&#x76;r&#109;&#x40;r&#105;&#x2e;&#x74;&#45;&#x63;&#x6f;m&#46;&#x68;r\">&#114;&#x76;&#114;&#x6d;&#64;&#x72;&#105;&#x2e;&#116;&#x2d;&#99;&#x6f;&#109;&#x2e;&#104;&#x72;<\/a><br \/>\n<a href=\"https:\/\/www.rijeka.hr\/gradska-uprava\/komunalna-i-trgovacka-drustva\/www.veletrznica.hr\">http:\/\/www.veletrznica.hr\u00a0<\/a><\/p>\n","protected":false},"excerpt":{"rendered":"<p>Poslovni sustavi L.td The municipal company Poslovni sustavi primarily provides strategic development and business support to utility companies Autotrolej, Rijeka plus, Energo and \u010cisto\u0107a. \u0160kolji\u0107 15, Rijeka Member of the Management Board &#8211; Director: Tomislav Mazal T. +385 51 564 446 F. +385 51 564 446 http:\/\/www.poslovni-sustavi.hr Rijeka plus L.td Company Rijeka plus carries out&#8230;<\/p>\n","protected":false},"author":2,"featured_media":0,"parent":1095,"menu_order":176,"comment_status":"closed","ping_status":"closed","template":"","meta":{"_acf_changed":false,"_trash_the_other_posts":false,"footnotes":"","_links_to":"","_links_to_target":""},"tags":[],"class_list":["post-1266","page","type-page","status-publish","hentry"],"acf":[],"yoast_head":"<!-- This site is optimized with the Yoast SEO plugin v24.4 - https:\/\/yoast.com\/wordpress\/plugins\/seo\/ -->\n<title>Municipal corporations and utility companies - City of Rijeka<\/title>\n<meta name=\"robots\" content=\"index, follow, max-snippet:-1, max-image-preview:large, max-video-preview:-1\" \/>\n<link rel=\"canonical\" href=\"https:\/\/www.rijeka.hr\/en\/city-government\/komunalna-i-trgovacka-drustva\/\" \/>\n<meta property=\"og:locale\" content=\"en_US\" \/>\n<meta property=\"og:type\" content=\"article\" \/>\n<meta property=\"og:title\" content=\"Municipal corporations and utility companies - City of Rijeka\" \/>\n<meta property=\"og:description\" content=\"Poslovni sustavi L.td The municipal company Poslovni sustavi primarily provides strategic development and business support to utility companies Autotrolej, Rijeka plus, Energo and \u010cisto\u0107a. \u0160kolji\u0107 15, Rijeka Member of the Management Board &#8211; Director: Tomislav Mazal T. +385 51 564 446 F. +385 51 564 446 http:\/\/www.poslovni-sustavi.hr Rijeka plus L.td Company Rijeka plus carries out...\" \/>\n<meta property=\"og:url\" content=\"https:\/\/www.rijeka.hr\/en\/city-government\/komunalna-i-trgovacka-drustva\/\" \/>\n<meta property=\"og:site_name\" content=\"City of Rijeka\" \/>\n<meta property=\"article:modified_time\" content=\"2026-03-03T11:37:47+00:00\" \/>\n<meta name=\"twitter:card\" content=\"summary_large_image\" \/>\n<meta name=\"twitter:label1\" content=\"Est. reading time\" \/>\n\t<meta name=\"twitter:data1\" content=\"7 minutes\" \/>\n<script type=\"application\/ld+json\" class=\"yoast-schema-graph\">{\"@context\":\"https:\/\/schema.org\",\"@graph\":[{\"@type\":\"WebPage\",\"@id\":\"https:\/\/www.rijeka.hr\/en\/city-government\/komunalna-i-trgovacka-drustva\/\",\"url\":\"https:\/\/www.rijeka.hr\/en\/city-government\/komunalna-i-trgovacka-drustva\/\",\"name\":\"Municipal corporations and utility companies - City of Rijeka\",\"isPartOf\":{\"@id\":\"https:\/\/www.rijeka.hr\/en\/#website\"},\"primaryImageOfPage\":{\"@id\":\"https:\/\/www.rijeka.hr\/en\/city-government\/komunalna-i-trgovacka-drustva\/#primaryimage\"},\"image\":{\"@id\":\"https:\/\/www.rijeka.hr\/en\/city-government\/komunalna-i-trgovacka-drustva\/#primaryimage\"},\"thumbnailUrl\":\"https:\/\/www.rijeka.hr\/wp-content\/uploads\/2016\/04\/Poslovni-sustavi-2.jpg\",\"datePublished\":\"2016-11-10T08:40:17+00:00\",\"dateModified\":\"2026-03-03T11:37:47+00:00\",\"breadcrumb\":{\"@id\":\"https:\/\/www.rijeka.hr\/en\/city-government\/komunalna-i-trgovacka-drustva\/#breadcrumb\"},\"inLanguage\":\"en-US\",\"potentialAction\":[{\"@type\":\"ReadAction\",\"target\":[\"https:\/\/www.rijeka.hr\/en\/city-government\/komunalna-i-trgovacka-drustva\/\"]}]},{\"@type\":\"ImageObject\",\"inLanguage\":\"en-US\",\"@id\":\"https:\/\/www.rijeka.hr\/en\/city-government\/komunalna-i-trgovacka-drustva\/#primaryimage\",\"url\":\"https:\/\/www.rijeka.hr\/wp-content\/uploads\/2016\/04\/Poslovni-sustavi-2.jpg\",\"contentUrl\":\"https:\/\/www.rijeka.hr\/wp-content\/uploads\/2016\/04\/Poslovni-sustavi-2.jpg\"},{\"@type\":\"BreadcrumbList\",\"@id\":\"https:\/\/www.rijeka.hr\/en\/city-government\/komunalna-i-trgovacka-drustva\/#breadcrumb\",\"itemListElement\":[{\"@type\":\"ListItem\",\"position\":1,\"name\":\"Po\u010detna stranica\",\"item\":\"https:\/\/www.rijeka.hr\/en\/\"},{\"@type\":\"ListItem\",\"position\":2,\"name\":\"City administration\",\"item\":\"https:\/\/www.rijeka.hr\/en\/city-government\/\"},{\"@type\":\"ListItem\",\"position\":3,\"name\":\"Municipal corporations and utility companies\"}]},{\"@type\":\"WebSite\",\"@id\":\"https:\/\/www.rijeka.hr\/en\/#website\",\"url\":\"https:\/\/www.rijeka.hr\/en\/\",\"name\":\"City of Rijeka\",\"description\":\"City of Rijeka web Portal\",\"potentialAction\":[{\"@type\":\"SearchAction\",\"target\":{\"@type\":\"EntryPoint\",\"urlTemplate\":\"https:\/\/www.rijeka.hr\/en\/?s={search_term_string}\"},\"query-input\":{\"@type\":\"PropertyValueSpecification\",\"valueRequired\":true,\"valueName\":\"search_term_string\"}}],\"inLanguage\":\"en-US\"}]}<\/script>\n<!-- \/ Yoast SEO plugin. -->","yoast_head_json":{"title":"Municipal corporations and utility companies - City of Rijeka","robots":{"index":"index","follow":"follow","max-snippet":"max-snippet:-1","max-image-preview":"max-image-preview:large","max-video-preview":"max-video-preview:-1"},"canonical":"https:\/\/www.rijeka.hr\/en\/city-government\/komunalna-i-trgovacka-drustva\/","og_locale":"en_US","og_type":"article","og_title":"Municipal corporations and utility companies - City of Rijeka","og_description":"Poslovni sustavi L.td The municipal company Poslovni sustavi primarily provides strategic development and business support to utility companies Autotrolej, Rijeka plus, Energo and \u010cisto\u0107a. \u0160kolji\u0107 15, Rijeka Member of the Management Board &#8211; Director: Tomislav Mazal T. +385 51 564 446 F. +385 51 564 446 http:\/\/www.poslovni-sustavi.hr Rijeka plus L.td Company Rijeka plus carries out...","og_url":"https:\/\/www.rijeka.hr\/en\/city-government\/komunalna-i-trgovacka-drustva\/","og_site_name":"City of Rijeka","article_modified_time":"2026-03-03T11:37:47+00:00","twitter_card":"summary_large_image","twitter_misc":{"Est. reading time":"7 minutes"},"schema":{"@context":"https:\/\/schema.org","@graph":[{"@type":"WebPage","@id":"https:\/\/www.rijeka.hr\/en\/city-government\/komunalna-i-trgovacka-drustva\/","url":"https:\/\/www.rijeka.hr\/en\/city-government\/komunalna-i-trgovacka-drustva\/","name":"Municipal corporations and utility companies - City of Rijeka","isPartOf":{"@id":"https:\/\/www.rijeka.hr\/en\/#website"},"primaryImageOfPage":{"@id":"https:\/\/www.rijeka.hr\/en\/city-government\/komunalna-i-trgovacka-drustva\/#primaryimage"},"image":{"@id":"https:\/\/www.rijeka.hr\/en\/city-government\/komunalna-i-trgovacka-drustva\/#primaryimage"},"thumbnailUrl":"https:\/\/www.rijeka.hr\/wp-content\/uploads\/2016\/04\/Poslovni-sustavi-2.jpg","datePublished":"2016-11-10T08:40:17+00:00","dateModified":"2026-03-03T11:37:47+00:00","breadcrumb":{"@id":"https:\/\/www.rijeka.hr\/en\/city-government\/komunalna-i-trgovacka-drustva\/#breadcrumb"},"inLanguage":"en-US","potentialAction":[{"@type":"ReadAction","target":["https:\/\/www.rijeka.hr\/en\/city-government\/komunalna-i-trgovacka-drustva\/"]}]},{"@type":"ImageObject","inLanguage":"en-US","@id":"https:\/\/www.rijeka.hr\/en\/city-government\/komunalna-i-trgovacka-drustva\/#primaryimage","url":"https:\/\/www.rijeka.hr\/wp-content\/uploads\/2016\/04\/Poslovni-sustavi-2.jpg","contentUrl":"https:\/\/www.rijeka.hr\/wp-content\/uploads\/2016\/04\/Poslovni-sustavi-2.jpg"},{"@type":"BreadcrumbList","@id":"https:\/\/www.rijeka.hr\/en\/city-government\/komunalna-i-trgovacka-drustva\/#breadcrumb","itemListElement":[{"@type":"ListItem","position":1,"name":"Po\u010detna stranica","item":"https:\/\/www.rijeka.hr\/en\/"},{"@type":"ListItem","position":2,"name":"City administration","item":"https:\/\/www.rijeka.hr\/en\/city-government\/"},{"@type":"ListItem","position":3,"name":"Municipal corporations and utility companies"}]},{"@type":"WebSite","@id":"https:\/\/www.rijeka.hr\/en\/#website","url":"https:\/\/www.rijeka.hr\/en\/","name":"City of Rijeka","description":"City of Rijeka web Portal","potentialAction":[{"@type":"SearchAction","target":{"@type":"EntryPoint","urlTemplate":"https:\/\/www.rijeka.hr\/en\/?s={search_term_string}"},"query-input":{"@type":"PropertyValueSpecification","valueRequired":true,"valueName":"search_term_string"}}],"inLanguage":"en-US"}]}},"_links":{"self":[{"href":"https:\/\/www.rijeka.hr\/en\/wp-json\/wp\/v2\/pages\/1266","targetHints":{"allow":["GET"]}}],"collection":[{"href":"https:\/\/www.rijeka.hr\/en\/wp-json\/wp\/v2\/pages"}],"about":[{"href":"https:\/\/www.rijeka.hr\/en\/wp-json\/wp\/v2\/types\/page"}],"author":[{"embeddable":true,"href":"https:\/\/www.rijeka.hr\/en\/wp-json\/wp\/v2\/users\/2"}],"replies":[{"embeddable":true,"href":"https:\/\/www.rijeka.hr\/en\/wp-json\/wp\/v2\/comments?post=1266"}],"version-history":[{"count":4,"href":"https:\/\/www.rijeka.hr\/en\/wp-json\/wp\/v2\/pages\/1266\/revisions"}],"predecessor-version":[{"id":14929,"href":"https:\/\/www.rijeka.hr\/en\/wp-json\/wp\/v2\/pages\/1266\/revisions\/14929"}],"up":[{"embeddable":true,"href":"https:\/\/www.rijeka.hr\/en\/wp-json\/wp\/v2\/pages\/1095"}],"wp:attachment":[{"href":"https:\/\/www.rijeka.hr\/en\/wp-json\/wp\/v2\/media?parent=1266"}],"wp:term":[{"taxonomy":"post_tag","embeddable":true,"href":"https:\/\/www.rijeka.hr\/en\/wp-json\/wp\/v2\/tags?post=1266"}],"curies":[{"name":"wp","href":"https:\/\/api.w.org\/{rel}","templated":true}]}}