{"id":1383,"date":"2016-11-11T12:36:06","date_gmt":"2016-11-11T11:36:06","guid":{"rendered":"https:\/\/www.rijeka.hr\/en\/?page_id=1383"},"modified":"2023-06-12T11:27:18","modified_gmt":"2023-06-12T09:27:18","slug":"srdoci-kindergarten","status":"publish","type":"page","link":"https:\/\/www.rijeka.hr\/en\/srdoci-kindergarten\/","title":{"rendered":"Srdo\u010di Kindergarten"},"content":{"rendered":"<p><img loading=\"lazy\" decoding=\"async\" width=\"600\" height=\"450\" class=\"aligncenter wp-image-14148 size-full\" src=\"https:\/\/www.rijeka.hr\/en\/wp-content\/uploads\/sites\/2\/2023\/06\/Dje\u010dji-vrti\u0107-Srdo\u010di-600x450.jpg\" alt=\"\" srcset=\"https:\/\/www.rijeka.hr\/en\/wp-content\/uploads\/sites\/2\/2023\/06\/Dje\u010dji-vrti\u0107-Srdo\u010di-600x450.jpg 600w, https:\/\/www.rijeka.hr\/en\/wp-content\/uploads\/sites\/2\/2023\/06\/Dje\u010dji-vrti\u0107-Srdo\u010di-600x450-533x400.jpg 533w\" sizes=\"(max-width: 600px) 100vw, 600px\" \/><\/p>\n<p>Srdo\u010di Kindergarten can boast the most modern design and best equipment in Rijeka, It hosts 7 educational groups; 3 nursery groups and 4 kindergarten groups.<\/p>\n<p>There are 52 children enrolled in nursery groups, and 95 children in kindergarten groups.<\/p>\n<p>The investment in the construction of the kindergarten amounts to HRK 29.8 million.<\/p>\n<p>The kindergarten was built with carefully selected materials according to EU standards, while also taking into account the use of renewable energy.<\/p>\n<p>The building has a total net usable area of 1,315.90 sq.m. and has two floors. On the ground floor, having an area of 1,061.00 sq.m., there are educational units of the kindergarten and nursery with accompanying facilities. The nursery part consists of three parts, while the kindergarten consists of four parts.<\/p>\n<p>On the ground floor there is also an economic area with a kitchen, a workshop and accompanying technical areas. The administration of the kindergarten is located on the first floor, that has an area of 254.90 sq.m.<\/p>\n<p>The roofs above the kindergarten and nursery complex are richly greened and serve as educational gardens.<\/p>\n<div id='gallery-1' class='gallery galleryid-1383 gallery-columns-3 gallery-size-thumbnail'><dl class='gallery-item'>\n            <dt class='gallery-icon landscape'>\n                <a href='https:\/\/www.rijeka.hr\/en\/wp-content\/uploads\/sites\/2\/2023\/06\/dje\u010dji-vrti\u0107-na-Srdo\u010dima5-250x250.jpg' title=\"\" data-rl_title=\"\" class=\"rl-gallery-link\" data-rl_caption=\"\" data-rel=\"lightbox-gallery-1\"><img loading=\"lazy\" decoding=\"async\" width=\"250\" height=\"250\" src=\"https:\/\/www.rijeka.hr\/en\/wp-content\/uploads\/sites\/2\/2023\/06\/dje\u010dji-vrti\u0107-na-Srdo\u010dima5-250x250.jpg\" class=\"attachment-thumbnail size-thumbnail\" alt=\"\" srcset=\"https:\/\/www.rijeka.hr\/en\/wp-content\/uploads\/sites\/2\/2023\/06\/dje\u010dji-vrti\u0107-na-Srdo\u010dima5-250x250.jpg 250w, https:\/\/www.rijeka.hr\/en\/wp-content\/uploads\/sites\/2\/2023\/06\/dje\u010dji-vrti\u0107-na-Srdo\u010dima5-250x250-200x200.jpg 200w\" sizes=\"(max-width: 250px) 100vw, 250px\" \/><\/a>\n            <\/dt><\/dl><dl class='gallery-item'>\n            <dt class='gallery-icon landscape'>\n                <a href='https:\/\/www.rijeka.hr\/en\/wp-content\/uploads\/sites\/2\/2023\/06\/dje\u010dji-vrti\u0107-na-Srdo\u010dima-250x250.jpg' title=\"\" data-rl_title=\"\" class=\"rl-gallery-link\" data-rl_caption=\"\" data-rel=\"lightbox-gallery-1\"><img loading=\"lazy\" decoding=\"async\" width=\"250\" height=\"250\" src=\"https:\/\/www.rijeka.hr\/en\/wp-content\/uploads\/sites\/2\/2023\/06\/dje\u010dji-vrti\u0107-na-Srdo\u010dima-250x250.jpg\" class=\"attachment-thumbnail size-thumbnail\" alt=\"\" srcset=\"https:\/\/www.rijeka.hr\/en\/wp-content\/uploads\/sites\/2\/2023\/06\/dje\u010dji-vrti\u0107-na-Srdo\u010dima-250x250.jpg 250w, https:\/\/www.rijeka.hr\/en\/wp-content\/uploads\/sites\/2\/2023\/06\/dje\u010dji-vrti\u0107-na-Srdo\u010dima-250x250-200x200.jpg 200w\" sizes=\"(max-width: 250px) 100vw, 250px\" \/><\/a>\n            <\/dt><\/dl><dl class='gallery-item'>\n            <dt class='gallery-icon landscape'>\n                <a href='https:\/\/www.rijeka.hr\/en\/wp-content\/uploads\/sites\/2\/2023\/06\/dje\u010dji-vrti\u0107-na-Srdo\u010dima2-250x250.jpg' title=\"\" data-rl_title=\"\" class=\"rl-gallery-link\" data-rl_caption=\"\" data-rel=\"lightbox-gallery-1\"><img loading=\"lazy\" decoding=\"async\" width=\"250\" height=\"250\" src=\"https:\/\/www.rijeka.hr\/en\/wp-content\/uploads\/sites\/2\/2023\/06\/dje\u010dji-vrti\u0107-na-Srdo\u010dima2-250x250.jpg\" class=\"attachment-thumbnail size-thumbnail\" alt=\"\" srcset=\"https:\/\/www.rijeka.hr\/en\/wp-content\/uploads\/sites\/2\/2023\/06\/dje\u010dji-vrti\u0107-na-Srdo\u010dima2-250x250.jpg 250w, https:\/\/www.rijeka.hr\/en\/wp-content\/uploads\/sites\/2\/2023\/06\/dje\u010dji-vrti\u0107-na-Srdo\u010dima2-250x250-200x200.jpg 200w\" sizes=\"(max-width: 250px) 100vw, 250px\" \/><\/a>\n            <\/dt><\/dl><br style=\"clear: both\" \/><dl class='gallery-item'>\n            <dt class='gallery-icon landscape'>\n                <a href='https:\/\/www.rijeka.hr\/en\/wp-content\/uploads\/sites\/2\/2023\/06\/dje\u010dji-vrti\u0107-na-Srdo\u010dima6-250x250.jpg' title=\"\" data-rl_title=\"\" class=\"rl-gallery-link\" data-rl_caption=\"\" data-rel=\"lightbox-gallery-1\"><img loading=\"lazy\" decoding=\"async\" width=\"250\" height=\"250\" src=\"https:\/\/www.rijeka.hr\/en\/wp-content\/uploads\/sites\/2\/2023\/06\/dje\u010dji-vrti\u0107-na-Srdo\u010dima6-250x250.jpg\" class=\"attachment-thumbnail size-thumbnail\" alt=\"\" srcset=\"https:\/\/www.rijeka.hr\/en\/wp-content\/uploads\/sites\/2\/2023\/06\/dje\u010dji-vrti\u0107-na-Srdo\u010dima6-250x250.jpg 250w, https:\/\/www.rijeka.hr\/en\/wp-content\/uploads\/sites\/2\/2023\/06\/dje\u010dji-vrti\u0107-na-Srdo\u010dima6-250x250-200x200.jpg 200w\" sizes=\"(max-width: 250px) 100vw, 250px\" \/><\/a>\n            <\/dt><\/dl><dl class='gallery-item'>\n            <dt class='gallery-icon landscape'>\n                <a href='https:\/\/www.rijeka.hr\/en\/wp-content\/uploads\/sites\/2\/2023\/06\/dje\u010dji-vrti\u0107-na-Srdo\u010dima3-250x250.jpg' title=\"\" data-rl_title=\"\" class=\"rl-gallery-link\" data-rl_caption=\"\" data-rel=\"lightbox-gallery-1\"><img loading=\"lazy\" decoding=\"async\" width=\"250\" height=\"250\" src=\"https:\/\/www.rijeka.hr\/en\/wp-content\/uploads\/sites\/2\/2023\/06\/dje\u010dji-vrti\u0107-na-Srdo\u010dima3-250x250.jpg\" class=\"attachment-thumbnail size-thumbnail\" alt=\"\" srcset=\"https:\/\/www.rijeka.hr\/en\/wp-content\/uploads\/sites\/2\/2023\/06\/dje\u010dji-vrti\u0107-na-Srdo\u010dima3-250x250.jpg 250w, https:\/\/www.rijeka.hr\/en\/wp-content\/uploads\/sites\/2\/2023\/06\/dje\u010dji-vrti\u0107-na-Srdo\u010dima3-250x250-200x200.jpg 200w\" sizes=\"(max-width: 250px) 100vw, 250px\" \/><\/a>\n            <\/dt><\/dl><dl class='gallery-item'>\n            <dt class='gallery-icon landscape'>\n                <a href='https:\/\/www.rijeka.hr\/en\/wp-content\/uploads\/sites\/2\/2023\/06\/dje\u010dji-vrti\u0107-na-Srdo\u010dima4-250x250.jpg' title=\"\" data-rl_title=\"\" class=\"rl-gallery-link\" data-rl_caption=\"\" data-rel=\"lightbox-gallery-1\"><img loading=\"lazy\" decoding=\"async\" width=\"250\" height=\"250\" src=\"https:\/\/www.rijeka.hr\/en\/wp-content\/uploads\/sites\/2\/2023\/06\/dje\u010dji-vrti\u0107-na-Srdo\u010dima4-250x250.jpg\" class=\"attachment-thumbnail size-thumbnail\" alt=\"\" srcset=\"https:\/\/www.rijeka.hr\/en\/wp-content\/uploads\/sites\/2\/2023\/06\/dje\u010dji-vrti\u0107-na-Srdo\u010dima4-250x250.jpg 250w, https:\/\/www.rijeka.hr\/en\/wp-content\/uploads\/sites\/2\/2023\/06\/dje\u010dji-vrti\u0107-na-Srdo\u010dima4-250x250-200x200.jpg 200w\" sizes=\"(max-width: 250px) 100vw, 250px\" \/><\/a>\n            <\/dt><\/dl><br style=\"clear: both\" \/>\n        <\/div>\n\n<p>36 photovoltaic panels with a total area of 72 sq.m. which should annually produce 10.2 MWh of electricity, have been installed on the roof of the parking lot that makes part of Srdo\u010di Kindergarten.<\/p>\n<p>The entire building is energy certified with the highest mark A+, which, for residential and non-residential buildings, indicates the most energy-efficient class according to the energy scale.<\/p>\n<p>The kindergarten is equipped with educational aids and toys. Overall 147 children are included in 7 educational groups. 2 educators work in each group.<\/p>\n<p>In addition to its regular programme, in two educational groups a sports programme is implemented. In the kindergarten, in cooperation with the Faculty of Teacher Education, Rijeka, internships are held for students of the Preschool Education Studies.<\/p>\n<p>The project was designed by the architectural studio Penezi\u0107 and Rogina Arhitekti. The contractor was company Radnik from Kri\u017eevci, and the contractor for landscaping works Parkovi-Plus.<\/p>\n","protected":false},"excerpt":{"rendered":"<p>Srdo\u010di Kindergarten can boast the most modern design and best equipment in Rijeka, It hosts 7 educational groups; 3 nursery groups and 4 kindergarten groups. There are 52 children enrolled in nursery groups, and 95 children in kindergarten groups. The investment in the construction of the kindergarten amounts to HRK 29.8 million. The kindergarten was&#8230;<\/p>\n","protected":false},"author":3,"featured_media":0,"parent":0,"menu_order":0,"comment_status":"closed","ping_status":"closed","template":"","meta":{"_acf_changed":false,"_trash_the_other_posts":false,"footnotes":"","_links_to":"","_links_to_target":""},"tags":[],"class_list":["post-1383","page","type-page","status-publish","hentry"],"acf":[],"yoast_head":"<!-- This site is optimized with the Yoast SEO plugin v24.4 - https:\/\/yoast.com\/wordpress\/plugins\/seo\/ -->\n<title>Srdo\u010di Kindergarten - City of Rijeka<\/title>\n<meta name=\"robots\" content=\"index, follow, max-snippet:-1, max-image-preview:large, max-video-preview:-1\" \/>\n<link rel=\"canonical\" href=\"https:\/\/www.rijeka.hr\/en\/srdoci-kindergarten\/\" \/>\n<meta property=\"og:locale\" content=\"en_US\" \/>\n<meta property=\"og:type\" content=\"article\" \/>\n<meta property=\"og:title\" content=\"Srdo\u010di Kindergarten - City of Rijeka\" \/>\n<meta property=\"og:description\" content=\"Srdo\u010di Kindergarten can boast the most modern design and best equipment in Rijeka, It hosts 7 educational groups; 3 nursery groups and 4 kindergarten groups. There are 52 children enrolled in nursery groups, and 95 children in kindergarten groups. The investment in the construction of the kindergarten amounts to HRK 29.8 million. The kindergarten was...\" \/>\n<meta property=\"og:url\" content=\"https:\/\/www.rijeka.hr\/en\/srdoci-kindergarten\/\" \/>\n<meta property=\"og:site_name\" content=\"City of Rijeka\" \/>\n<meta property=\"article:modified_time\" content=\"2023-06-12T09:27:18+00:00\" \/>\n<meta property=\"og:image\" content=\"https:\/\/www.rijeka.hr\/en\/wp-content\/uploads\/sites\/2\/2023\/06\/dje\u010dji-vrti\u0107-na-Srdo\u010dima5-250x250.jpg\" \/>\n<meta name=\"twitter:card\" content=\"summary_large_image\" \/>\n<meta name=\"twitter:label1\" content=\"Est. reading time\" \/>\n\t<meta name=\"twitter:data1\" content=\"2 minutes\" \/>\n<script type=\"application\/ld+json\" class=\"yoast-schema-graph\">{\"@context\":\"https:\/\/schema.org\",\"@graph\":[{\"@type\":\"WebPage\",\"@id\":\"https:\/\/www.rijeka.hr\/en\/srdoci-kindergarten\/\",\"url\":\"https:\/\/www.rijeka.hr\/en\/srdoci-kindergarten\/\",\"name\":\"Srdo\u010di Kindergarten - City of Rijeka\",\"isPartOf\":{\"@id\":\"https:\/\/www.rijeka.hr\/en\/#website\"},\"datePublished\":\"2016-11-11T11:36:06+00:00\",\"dateModified\":\"2023-06-12T09:27:18+00:00\",\"breadcrumb\":{\"@id\":\"https:\/\/www.rijeka.hr\/en\/srdoci-kindergarten\/#breadcrumb\"},\"inLanguage\":\"en-US\",\"potentialAction\":[{\"@type\":\"ReadAction\",\"target\":[\"https:\/\/www.rijeka.hr\/en\/srdoci-kindergarten\/\"]}]},{\"@type\":\"BreadcrumbList\",\"@id\":\"https:\/\/www.rijeka.hr\/en\/srdoci-kindergarten\/#breadcrumb\",\"itemListElement\":[{\"@type\":\"ListItem\",\"position\":1,\"name\":\"Po\u010detna stranica\",\"item\":\"https:\/\/www.rijeka.hr\/en\/\"},{\"@type\":\"ListItem\",\"position\":2,\"name\":\"Srdo\u010di Kindergarten\"}]},{\"@type\":\"WebSite\",\"@id\":\"https:\/\/www.rijeka.hr\/en\/#website\",\"url\":\"https:\/\/www.rijeka.hr\/en\/\",\"name\":\"City of Rijeka\",\"description\":\"City of Rijeka web Portal\",\"potentialAction\":[{\"@type\":\"SearchAction\",\"target\":{\"@type\":\"EntryPoint\",\"urlTemplate\":\"https:\/\/www.rijeka.hr\/en\/?s={search_term_string}\"},\"query-input\":{\"@type\":\"PropertyValueSpecification\",\"valueRequired\":true,\"valueName\":\"search_term_string\"}}],\"inLanguage\":\"en-US\"}]}<\/script>\n<!-- \/ Yoast SEO plugin. -->","yoast_head_json":{"title":"Srdo\u010di Kindergarten - City of Rijeka","robots":{"index":"index","follow":"follow","max-snippet":"max-snippet:-1","max-image-preview":"max-image-preview:large","max-video-preview":"max-video-preview:-1"},"canonical":"https:\/\/www.rijeka.hr\/en\/srdoci-kindergarten\/","og_locale":"en_US","og_type":"article","og_title":"Srdo\u010di Kindergarten - City of Rijeka","og_description":"Srdo\u010di Kindergarten can boast the most modern design and best equipment in Rijeka, It hosts 7 educational groups; 3 nursery groups and 4 kindergarten groups. There are 52 children enrolled in nursery groups, and 95 children in kindergarten groups. The investment in the construction of the kindergarten amounts to HRK 29.8 million. The kindergarten was...","og_url":"https:\/\/www.rijeka.hr\/en\/srdoci-kindergarten\/","og_site_name":"City of Rijeka","article_modified_time":"2023-06-12T09:27:18+00:00","og_image":[{"url":"https:\/\/www.rijeka.hr\/en\/wp-content\/uploads\/sites\/2\/2023\/06\/dje\u010dji-vrti\u0107-na-Srdo\u010dima5-250x250.jpg","type":"","width":"","height":""}],"twitter_card":"summary_large_image","twitter_misc":{"Est. reading time":"2 minutes"},"schema":{"@context":"https:\/\/schema.org","@graph":[{"@type":"WebPage","@id":"https:\/\/www.rijeka.hr\/en\/srdoci-kindergarten\/","url":"https:\/\/www.rijeka.hr\/en\/srdoci-kindergarten\/","name":"Srdo\u010di Kindergarten - City of Rijeka","isPartOf":{"@id":"https:\/\/www.rijeka.hr\/en\/#website"},"datePublished":"2016-11-11T11:36:06+00:00","dateModified":"2023-06-12T09:27:18+00:00","breadcrumb":{"@id":"https:\/\/www.rijeka.hr\/en\/srdoci-kindergarten\/#breadcrumb"},"inLanguage":"en-US","potentialAction":[{"@type":"ReadAction","target":["https:\/\/www.rijeka.hr\/en\/srdoci-kindergarten\/"]}]},{"@type":"BreadcrumbList","@id":"https:\/\/www.rijeka.hr\/en\/srdoci-kindergarten\/#breadcrumb","itemListElement":[{"@type":"ListItem","position":1,"name":"Po\u010detna stranica","item":"https:\/\/www.rijeka.hr\/en\/"},{"@type":"ListItem","position":2,"name":"Srdo\u010di Kindergarten"}]},{"@type":"WebSite","@id":"https:\/\/www.rijeka.hr\/en\/#website","url":"https:\/\/www.rijeka.hr\/en\/","name":"City of Rijeka","description":"City of Rijeka web Portal","potentialAction":[{"@type":"SearchAction","target":{"@type":"EntryPoint","urlTemplate":"https:\/\/www.rijeka.hr\/en\/?s={search_term_string}"},"query-input":{"@type":"PropertyValueSpecification","valueRequired":true,"valueName":"search_term_string"}}],"inLanguage":"en-US"}]}},"_links":{"self":[{"href":"https:\/\/www.rijeka.hr\/en\/wp-json\/wp\/v2\/pages\/1383","targetHints":{"allow":["GET"]}}],"collection":[{"href":"https:\/\/www.rijeka.hr\/en\/wp-json\/wp\/v2\/pages"}],"about":[{"href":"https:\/\/www.rijeka.hr\/en\/wp-json\/wp\/v2\/types\/page"}],"author":[{"embeddable":true,"href":"https:\/\/www.rijeka.hr\/en\/wp-json\/wp\/v2\/users\/3"}],"replies":[{"embeddable":true,"href":"https:\/\/www.rijeka.hr\/en\/wp-json\/wp\/v2\/comments?post=1383"}],"version-history":[{"count":3,"href":"https:\/\/www.rijeka.hr\/en\/wp-json\/wp\/v2\/pages\/1383\/revisions"}],"predecessor-version":[{"id":14157,"href":"https:\/\/www.rijeka.hr\/en\/wp-json\/wp\/v2\/pages\/1383\/revisions\/14157"}],"wp:attachment":[{"href":"https:\/\/www.rijeka.hr\/en\/wp-json\/wp\/v2\/media?parent=1383"}],"wp:term":[{"taxonomy":"post_tag","embeddable":true,"href":"https:\/\/www.rijeka.hr\/en\/wp-json\/wp\/v2\/tags?post=1383"}],"curies":[{"name":"wp","href":"https:\/\/api.w.org\/{rel}","templated":true}]}}