{"id":13990,"date":"2023-05-11T12:43:15","date_gmt":"2023-05-11T10:43:15","guid":{"rendered":"https:\/\/www.rijeka.hr\/en\/?page_id=13990"},"modified":"2023-05-11T13:04:25","modified_gmt":"2023-05-11T11:04:25","slug":"museum-modern-contemporary-art","status":"publish","type":"page","link":"https:\/\/www.rijeka.hr\/en\/city-government\/city-projects\/realised-projects\/culture-2\/museum-modern-contemporary-art\/","title":{"rendered":"Museum of Modern and Contemporary Art"},"content":{"rendered":"<p>The Museum of Modern and Contemporary Art has found its HQ in the so-called H-building of the former Rikard Ben\u010di\u0107 factory, whereby starting to realise the vision of the art quarter in Rijeka.<\/p>\n<p>The new premises of the museum were inaugurated with a large retrospective exhibition of the performer and conceptual artist Tomislav Gotovac &#8220;Crisis Anticipator &#8211; Don&#8217;t Ask Where We\u2019re Going&#8221;. The exhibition was also the preliminary programme of the project European Capital of Culture Rijeka 2020.<\/p>\n<h3>About the project:<\/h3>\n<p>The H-building was originally built for the needs of the tobacco factory in the 90s of the 19th century. In the first phase of its refurbishment, part of the ground floor and the first floor were put into operation, primarily for gallery displays. One of the values of the showroom is in the fact that the floors were kept in their original form, with minimum repairs, which, together with the load-bearing columns, give the space a contemporary note and patina at the same time.<\/p>\n<p>The total surface of the refurbished space is 1,550 sq.m. The value of the works amounted to HRK 6,793,820.63, and the refurbishment was financed by budgetary funds of the City of Rijeka.<\/p>\n<h3>Refurbishment concept in two phases<\/h3>\n<p>It has been planned that the entire museum activities with all the necessary contents would be realised in the second stage, in which the museum would expand to the rest of the space on the ground floor and the two upper floors, which the City of Rijeka purchased during 2020. The second floor and the attic space are intended for the further development and expansion of the Museum, as envisaged by the Cultural Development Strategy of the City of Rijeka 2013-2020 and the prepared architectural project.<\/p>\n<div id='gallery-1' class='gallery galleryid-13990 gallery-columns-3 gallery-size-thumbnail'><dl class='gallery-item'>\n            <dt class='gallery-icon landscape'>\n                <a href='https:\/\/www.rijeka.hr\/en\/wp-content\/uploads\/sites\/2\/2023\/05\/Novi-prostor-Muzeja-moderne-i-suremene-umjetnosti-MMSU-2-250x250.jpg' title=\"\" data-rl_title=\"\" class=\"rl-gallery-link\" data-rl_caption=\"\" data-rel=\"lightbox-gallery-1\"><img loading=\"lazy\" decoding=\"async\" width=\"250\" height=\"250\" src=\"https:\/\/www.rijeka.hr\/en\/wp-content\/uploads\/sites\/2\/2023\/05\/Novi-prostor-Muzeja-moderne-i-suremene-umjetnosti-MMSU-2-250x250.jpg\" class=\"attachment-thumbnail size-thumbnail\" alt=\"\" srcset=\"https:\/\/www.rijeka.hr\/en\/wp-content\/uploads\/sites\/2\/2023\/05\/Novi-prostor-Muzeja-moderne-i-suremene-umjetnosti-MMSU-2-250x250.jpg 250w, https:\/\/www.rijeka.hr\/en\/wp-content\/uploads\/sites\/2\/2023\/05\/Novi-prostor-Muzeja-moderne-i-suremene-umjetnosti-MMSU-2-250x250-200x200.jpg 200w\" sizes=\"(max-width: 250px) 100vw, 250px\" \/><\/a>\n            <\/dt><\/dl><dl class='gallery-item'>\n            <dt class='gallery-icon landscape'>\n                <a href='https:\/\/www.rijeka.hr\/en\/wp-content\/uploads\/sites\/2\/2023\/05\/Novi-prostor-Muzeja-moderne-i-suremene-umjetnosti-MMSU-3-250x250.jpg' title=\"\" data-rl_title=\"\" class=\"rl-gallery-link\" data-rl_caption=\"\" data-rel=\"lightbox-gallery-1\"><img loading=\"lazy\" decoding=\"async\" width=\"250\" height=\"250\" src=\"https:\/\/www.rijeka.hr\/en\/wp-content\/uploads\/sites\/2\/2023\/05\/Novi-prostor-Muzeja-moderne-i-suremene-umjetnosti-MMSU-3-250x250.jpg\" class=\"attachment-thumbnail size-thumbnail\" alt=\"\" srcset=\"https:\/\/www.rijeka.hr\/en\/wp-content\/uploads\/sites\/2\/2023\/05\/Novi-prostor-Muzeja-moderne-i-suremene-umjetnosti-MMSU-3-250x250.jpg 250w, https:\/\/www.rijeka.hr\/en\/wp-content\/uploads\/sites\/2\/2023\/05\/Novi-prostor-Muzeja-moderne-i-suremene-umjetnosti-MMSU-3-250x250-200x200.jpg 200w\" sizes=\"(max-width: 250px) 100vw, 250px\" \/><\/a>\n            <\/dt><\/dl><dl class='gallery-item'>\n            <dt class='gallery-icon landscape'>\n                <a href='https:\/\/www.rijeka.hr\/en\/wp-content\/uploads\/sites\/2\/2023\/05\/Novi-prostor-Muzeja-moderne-i-suremene-umjetnosti-MMSU-1-250x250.jpg' title=\"\" data-rl_title=\"\" class=\"rl-gallery-link\" data-rl_caption=\"\" data-rel=\"lightbox-gallery-1\"><img loading=\"lazy\" decoding=\"async\" width=\"250\" height=\"250\" src=\"https:\/\/www.rijeka.hr\/en\/wp-content\/uploads\/sites\/2\/2023\/05\/Novi-prostor-Muzeja-moderne-i-suremene-umjetnosti-MMSU-1-250x250.jpg\" class=\"attachment-thumbnail size-thumbnail\" alt=\"\" srcset=\"https:\/\/www.rijeka.hr\/en\/wp-content\/uploads\/sites\/2\/2023\/05\/Novi-prostor-Muzeja-moderne-i-suremene-umjetnosti-MMSU-1-250x250.jpg 250w, https:\/\/www.rijeka.hr\/en\/wp-content\/uploads\/sites\/2\/2023\/05\/Novi-prostor-Muzeja-moderne-i-suremene-umjetnosti-MMSU-1-250x250-200x200.jpg 200w\" sizes=\"(max-width: 250px) 100vw, 250px\" \/><\/a>\n            <\/dt><\/dl><br style=\"clear: both\" \/><dl class='gallery-item'>\n            <dt class='gallery-icon landscape'>\n                <a href='https:\/\/www.rijeka.hr\/en\/wp-content\/uploads\/sites\/2\/2023\/05\/Novi-prostor-Muzeja-moderne-i-suremene-umjetnosti-MMSU-5-250x250.jpg' title=\"\" data-rl_title=\"\" class=\"rl-gallery-link\" data-rl_caption=\"\" data-rel=\"lightbox-gallery-1\"><img loading=\"lazy\" decoding=\"async\" width=\"250\" height=\"250\" src=\"https:\/\/www.rijeka.hr\/en\/wp-content\/uploads\/sites\/2\/2023\/05\/Novi-prostor-Muzeja-moderne-i-suremene-umjetnosti-MMSU-5-250x250.jpg\" class=\"attachment-thumbnail size-thumbnail\" alt=\"\" srcset=\"https:\/\/www.rijeka.hr\/en\/wp-content\/uploads\/sites\/2\/2023\/05\/Novi-prostor-Muzeja-moderne-i-suremene-umjetnosti-MMSU-5-250x250.jpg 250w, https:\/\/www.rijeka.hr\/en\/wp-content\/uploads\/sites\/2\/2023\/05\/Novi-prostor-Muzeja-moderne-i-suremene-umjetnosti-MMSU-5-250x250-200x200.jpg 200w\" sizes=\"(max-width: 250px) 100vw, 250px\" \/><\/a>\n            <\/dt><\/dl><dl class='gallery-item'>\n            <dt class='gallery-icon landscape'>\n                <a href='https:\/\/www.rijeka.hr\/en\/wp-content\/uploads\/sites\/2\/2023\/05\/Novi-prostor-Muzeja-moderne-i-suremene-umjetnosti-MMSU-6-250x250.jpg' title=\"\" data-rl_title=\"\" class=\"rl-gallery-link\" data-rl_caption=\"\" data-rel=\"lightbox-gallery-1\"><img loading=\"lazy\" decoding=\"async\" width=\"250\" height=\"250\" src=\"https:\/\/www.rijeka.hr\/en\/wp-content\/uploads\/sites\/2\/2023\/05\/Novi-prostor-Muzeja-moderne-i-suremene-umjetnosti-MMSU-6-250x250.jpg\" class=\"attachment-thumbnail size-thumbnail\" alt=\"\" srcset=\"https:\/\/www.rijeka.hr\/en\/wp-content\/uploads\/sites\/2\/2023\/05\/Novi-prostor-Muzeja-moderne-i-suremene-umjetnosti-MMSU-6-250x250.jpg 250w, https:\/\/www.rijeka.hr\/en\/wp-content\/uploads\/sites\/2\/2023\/05\/Novi-prostor-Muzeja-moderne-i-suremene-umjetnosti-MMSU-6-250x250-200x200.jpg 200w\" sizes=\"(max-width: 250px) 100vw, 250px\" \/><\/a>\n            <\/dt><\/dl><dl class='gallery-item'>\n            <dt class='gallery-icon landscape'>\n                <a href='https:\/\/www.rijeka.hr\/en\/wp-content\/uploads\/sites\/2\/2023\/05\/Novi-prostor-Muzeja-moderne-i-suremene-umjetnosti-MMSU-4-250x250.jpg' title=\"\" data-rl_title=\"\" class=\"rl-gallery-link\" data-rl_caption=\"\" data-rel=\"lightbox-gallery-1\"><img loading=\"lazy\" decoding=\"async\" width=\"250\" height=\"250\" src=\"https:\/\/www.rijeka.hr\/en\/wp-content\/uploads\/sites\/2\/2023\/05\/Novi-prostor-Muzeja-moderne-i-suremene-umjetnosti-MMSU-4-250x250.jpg\" class=\"attachment-thumbnail size-thumbnail\" alt=\"\" srcset=\"https:\/\/www.rijeka.hr\/en\/wp-content\/uploads\/sites\/2\/2023\/05\/Novi-prostor-Muzeja-moderne-i-suremene-umjetnosti-MMSU-4-250x250.jpg 250w, https:\/\/www.rijeka.hr\/en\/wp-content\/uploads\/sites\/2\/2023\/05\/Novi-prostor-Muzeja-moderne-i-suremene-umjetnosti-MMSU-4-250x250-200x200.jpg 200w\" sizes=\"(max-width: 250px) 100vw, 250px\" \/><\/a>\n            <\/dt><\/dl><br style=\"clear: both\" \/>\n        <\/div>\n\n<h3>Numerous awards for this project<\/h3>\n<p>Dinko Pera\u010di\u0107, architect according to whose project the refurbishment was carried out, emphasised during the opening that it was not a classic museum, but a museum in the formation process, which the Museum&#8217;s employees would ultimately transform with their programmes according to their and citizens\u2019 needs.<\/p>\n<p>For the project relating to the new MMCA, architect Pera\u010di\u0107 was awarded the &#8220;Bernaido Bernardi&#8221; award of the Association of Croatian Architects in 2018. The award is given every year for the most successful achievement in the field of design and interior decoration.<\/p>\n<div id='gallery-2' class='gallery galleryid-13990 gallery-columns-3 gallery-size-thumbnail'><dl class='gallery-item'>\n            <dt class='gallery-icon landscape'>\n                <a href='https:\/\/www.rijeka.hr\/en\/wp-content\/uploads\/sites\/2\/2023\/05\/Otvorenje-Muzeja-moderne-i-suvremene-umjetnosti-u-Rijeci-7-250x250.jpg' title=\"\" data-rl_title=\"\" class=\"rl-gallery-link\" data-rl_caption=\"\" data-rel=\"lightbox-gallery-2\"><img loading=\"lazy\" decoding=\"async\" width=\"250\" height=\"250\" src=\"https:\/\/www.rijeka.hr\/en\/wp-content\/uploads\/sites\/2\/2023\/05\/Otvorenje-Muzeja-moderne-i-suvremene-umjetnosti-u-Rijeci-7-250x250.jpg\" class=\"attachment-thumbnail size-thumbnail\" alt=\"\" srcset=\"https:\/\/www.rijeka.hr\/en\/wp-content\/uploads\/sites\/2\/2023\/05\/Otvorenje-Muzeja-moderne-i-suvremene-umjetnosti-u-Rijeci-7-250x250.jpg 250w, https:\/\/www.rijeka.hr\/en\/wp-content\/uploads\/sites\/2\/2023\/05\/Otvorenje-Muzeja-moderne-i-suvremene-umjetnosti-u-Rijeci-7-250x250-200x200.jpg 200w\" sizes=\"(max-width: 250px) 100vw, 250px\" \/><\/a>\n            <\/dt><\/dl><dl class='gallery-item'>\n            <dt class='gallery-icon landscape'>\n                <a href='https:\/\/www.rijeka.hr\/en\/wp-content\/uploads\/sites\/2\/2023\/05\/Prostor-budu\u0107eg-MMSU-250x250.jpg' title=\"\" data-rl_title=\"\" class=\"rl-gallery-link\" data-rl_caption=\"\" data-rel=\"lightbox-gallery-2\"><img loading=\"lazy\" decoding=\"async\" width=\"250\" height=\"250\" src=\"https:\/\/www.rijeka.hr\/en\/wp-content\/uploads\/sites\/2\/2023\/05\/Prostor-budu\u0107eg-MMSU-250x250.jpg\" class=\"attachment-thumbnail size-thumbnail\" alt=\"\" srcset=\"https:\/\/www.rijeka.hr\/en\/wp-content\/uploads\/sites\/2\/2023\/05\/Prostor-budu\u0107eg-MMSU-250x250.jpg 250w, https:\/\/www.rijeka.hr\/en\/wp-content\/uploads\/sites\/2\/2023\/05\/Prostor-budu\u0107eg-MMSU-250x250-200x200.jpg 200w\" sizes=\"(max-width: 250px) 100vw, 250px\" \/><\/a>\n            <\/dt><\/dl><dl class='gallery-item'>\n            <dt class='gallery-icon landscape'>\n                <a href='https:\/\/www.rijeka.hr\/en\/wp-content\/uploads\/sites\/2\/2023\/05\/Najava-otvaranja-MMSU-a-4-250x250.jpg' title=\"\" data-rl_title=\"\" class=\"rl-gallery-link\" data-rl_caption=\"\" data-rel=\"lightbox-gallery-2\"><img loading=\"lazy\" decoding=\"async\" width=\"250\" height=\"250\" src=\"https:\/\/www.rijeka.hr\/en\/wp-content\/uploads\/sites\/2\/2023\/05\/Najava-otvaranja-MMSU-a-4-250x250.jpg\" class=\"attachment-thumbnail size-thumbnail\" alt=\"\" srcset=\"https:\/\/www.rijeka.hr\/en\/wp-content\/uploads\/sites\/2\/2023\/05\/Najava-otvaranja-MMSU-a-4-250x250.jpg 250w, https:\/\/www.rijeka.hr\/en\/wp-content\/uploads\/sites\/2\/2023\/05\/Najava-otvaranja-MMSU-a-4-250x250-200x200.jpg 200w\" sizes=\"(max-width: 250px) 100vw, 250px\" \/><\/a>\n            <\/dt><\/dl><br style=\"clear: both\" \/>\n        <\/div>\n\n<p>Also, at the annual event of visual creativity, design and architecture &#8220;Zagreba\u010dki Salon&#8221;, organised in October by the Association of Croatian Architects, the project of the new museum won the Salon&#8217;s Grand Prix award.<\/p>\n<p>Together with Miranda Velja\u010di\u0107, Emina Vi\u0161ni\u0107 and Slaven Tolja, Pera\u010di\u0107 also received the salon&#8217;s Grand Prix award for the project &#8220;To trebamo &#8211; to radimo\/We need it \u2013 we do it&#8221;, as part of the Croatian performance at the 15th Venice Architecture Biennale, which as an example of new architectural practice, presents the concept of converting the H-building to the needs of the new MMCA building.<\/p>\n","protected":false},"excerpt":{"rendered":"<p>The Museum of Modern and Contemporary Art has found its HQ in the so-called H-building of the former Rikard Ben\u010di\u0107 factory, whereby starting to realise the vision of the art quarter in Rijeka. The new premises of the museum were inaugurated with a large retrospective exhibition of the performer and conceptual artist Tomislav Gotovac &#8220;Crisis&#8230;<\/p>\n","protected":false},"author":5,"featured_media":0,"parent":13939,"menu_order":0,"comment_status":"closed","ping_status":"closed","template":"","meta":{"_acf_changed":false,"_trash_the_other_posts":false,"footnotes":"","_links_to":"","_links_to_target":""},"tags":[],"class_list":["post-13990","page","type-page","status-publish","hentry"],"acf":[],"yoast_head":"<!-- This site is optimized with the Yoast SEO plugin v24.4 - https:\/\/yoast.com\/wordpress\/plugins\/seo\/ -->\n<title>Museum of Modern and Contemporary Art - City of Rijeka<\/title>\n<meta name=\"robots\" content=\"index, follow, max-snippet:-1, max-image-preview:large, max-video-preview:-1\" \/>\n<link rel=\"canonical\" href=\"https:\/\/www.rijeka.hr\/en\/city-government\/city-projects\/realised-projects\/culture-2\/museum-modern-contemporary-art\/\" \/>\n<meta property=\"og:locale\" content=\"en_US\" \/>\n<meta property=\"og:type\" content=\"article\" \/>\n<meta property=\"og:title\" content=\"Museum of Modern and Contemporary Art - City of Rijeka\" \/>\n<meta property=\"og:description\" content=\"The Museum of Modern and Contemporary Art has found its HQ in the so-called H-building of the former Rikard Ben\u010di\u0107 factory, whereby starting to realise the vision of the art quarter in Rijeka. The new premises of the museum were inaugurated with a large retrospective exhibition of the performer and conceptual artist Tomislav Gotovac &#8220;Crisis...\" \/>\n<meta property=\"og:url\" content=\"https:\/\/www.rijeka.hr\/en\/city-government\/city-projects\/realised-projects\/culture-2\/museum-modern-contemporary-art\/\" \/>\n<meta property=\"og:site_name\" content=\"City of Rijeka\" \/>\n<meta property=\"article:modified_time\" content=\"2023-05-11T11:04:25+00:00\" \/>\n<meta property=\"og:image\" content=\"https:\/\/www.rijeka.hr\/en\/wp-content\/uploads\/sites\/2\/2023\/05\/Novi-prostor-Muzeja-moderne-i-suremene-umjetnosti-MMSU-2-250x250.jpg\" \/>\n<meta name=\"twitter:card\" content=\"summary_large_image\" \/>\n<meta name=\"twitter:label1\" content=\"Est. reading time\" \/>\n\t<meta name=\"twitter:data1\" content=\"2 minutes\" \/>\n<script type=\"application\/ld+json\" class=\"yoast-schema-graph\">{\"@context\":\"https:\/\/schema.org\",\"@graph\":[{\"@type\":\"WebPage\",\"@id\":\"https:\/\/www.rijeka.hr\/en\/city-government\/city-projects\/realised-projects\/culture-2\/museum-modern-contemporary-art\/\",\"url\":\"https:\/\/www.rijeka.hr\/en\/city-government\/city-projects\/realised-projects\/culture-2\/museum-modern-contemporary-art\/\",\"name\":\"Museum of Modern and Contemporary Art - City of Rijeka\",\"isPartOf\":{\"@id\":\"https:\/\/www.rijeka.hr\/en\/#website\"},\"datePublished\":\"2023-05-11T10:43:15+00:00\",\"dateModified\":\"2023-05-11T11:04:25+00:00\",\"breadcrumb\":{\"@id\":\"https:\/\/www.rijeka.hr\/en\/city-government\/city-projects\/realised-projects\/culture-2\/museum-modern-contemporary-art\/#breadcrumb\"},\"inLanguage\":\"en-US\",\"potentialAction\":[{\"@type\":\"ReadAction\",\"target\":[\"https:\/\/www.rijeka.hr\/en\/city-government\/city-projects\/realised-projects\/culture-2\/museum-modern-contemporary-art\/\"]}]},{\"@type\":\"BreadcrumbList\",\"@id\":\"https:\/\/www.rijeka.hr\/en\/city-government\/city-projects\/realised-projects\/culture-2\/museum-modern-contemporary-art\/#breadcrumb\",\"itemListElement\":[{\"@type\":\"ListItem\",\"position\":1,\"name\":\"Po\u010detna stranica\",\"item\":\"https:\/\/www.rijeka.hr\/en\/\"},{\"@type\":\"ListItem\",\"position\":2,\"name\":\"City administration\",\"item\":\"https:\/\/www.rijeka.hr\/en\/city-government\/\"},{\"@type\":\"ListItem\",\"position\":3,\"name\":\"City projects\",\"item\":\"https:\/\/www.rijeka.hr\/en\/city-government\/city-projects\/\"},{\"@type\":\"ListItem\",\"position\":4,\"name\":\"Realised projects\",\"item\":\"https:\/\/www.rijeka.hr\/en\/city-government\/city-projects\/realised-projects\/\"},{\"@type\":\"ListItem\",\"position\":5,\"name\":\"Culture\",\"item\":\"https:\/\/www.rijeka.hr\/en\/city-government\/city-projects\/realised-projects\/culture-2\/\"},{\"@type\":\"ListItem\",\"position\":6,\"name\":\"Museum of Modern and Contemporary Art\"}]},{\"@type\":\"WebSite\",\"@id\":\"https:\/\/www.rijeka.hr\/en\/#website\",\"url\":\"https:\/\/www.rijeka.hr\/en\/\",\"name\":\"City of Rijeka\",\"description\":\"City of Rijeka web Portal\",\"potentialAction\":[{\"@type\":\"SearchAction\",\"target\":{\"@type\":\"EntryPoint\",\"urlTemplate\":\"https:\/\/www.rijeka.hr\/en\/?s={search_term_string}\"},\"query-input\":{\"@type\":\"PropertyValueSpecification\",\"valueRequired\":true,\"valueName\":\"search_term_string\"}}],\"inLanguage\":\"en-US\"}]}<\/script>\n<!-- \/ Yoast SEO plugin. -->","yoast_head_json":{"title":"Museum of Modern and Contemporary Art - City of Rijeka","robots":{"index":"index","follow":"follow","max-snippet":"max-snippet:-1","max-image-preview":"max-image-preview:large","max-video-preview":"max-video-preview:-1"},"canonical":"https:\/\/www.rijeka.hr\/en\/city-government\/city-projects\/realised-projects\/culture-2\/museum-modern-contemporary-art\/","og_locale":"en_US","og_type":"article","og_title":"Museum of Modern and Contemporary Art - City of Rijeka","og_description":"The Museum of Modern and Contemporary Art has found its HQ in the so-called H-building of the former Rikard Ben\u010di\u0107 factory, whereby starting to realise the vision of the art quarter in Rijeka. The new premises of the museum were inaugurated with a large retrospective exhibition of the performer and conceptual artist Tomislav Gotovac &#8220;Crisis...","og_url":"https:\/\/www.rijeka.hr\/en\/city-government\/city-projects\/realised-projects\/culture-2\/museum-modern-contemporary-art\/","og_site_name":"City of Rijeka","article_modified_time":"2023-05-11T11:04:25+00:00","og_image":[{"url":"https:\/\/www.rijeka.hr\/en\/wp-content\/uploads\/sites\/2\/2023\/05\/Novi-prostor-Muzeja-moderne-i-suremene-umjetnosti-MMSU-2-250x250.jpg","type":"","width":"","height":""}],"twitter_card":"summary_large_image","twitter_misc":{"Est. reading time":"2 minutes"},"schema":{"@context":"https:\/\/schema.org","@graph":[{"@type":"WebPage","@id":"https:\/\/www.rijeka.hr\/en\/city-government\/city-projects\/realised-projects\/culture-2\/museum-modern-contemporary-art\/","url":"https:\/\/www.rijeka.hr\/en\/city-government\/city-projects\/realised-projects\/culture-2\/museum-modern-contemporary-art\/","name":"Museum of Modern and Contemporary Art - City of Rijeka","isPartOf":{"@id":"https:\/\/www.rijeka.hr\/en\/#website"},"datePublished":"2023-05-11T10:43:15+00:00","dateModified":"2023-05-11T11:04:25+00:00","breadcrumb":{"@id":"https:\/\/www.rijeka.hr\/en\/city-government\/city-projects\/realised-projects\/culture-2\/museum-modern-contemporary-art\/#breadcrumb"},"inLanguage":"en-US","potentialAction":[{"@type":"ReadAction","target":["https:\/\/www.rijeka.hr\/en\/city-government\/city-projects\/realised-projects\/culture-2\/museum-modern-contemporary-art\/"]}]},{"@type":"BreadcrumbList","@id":"https:\/\/www.rijeka.hr\/en\/city-government\/city-projects\/realised-projects\/culture-2\/museum-modern-contemporary-art\/#breadcrumb","itemListElement":[{"@type":"ListItem","position":1,"name":"Po\u010detna stranica","item":"https:\/\/www.rijeka.hr\/en\/"},{"@type":"ListItem","position":2,"name":"City administration","item":"https:\/\/www.rijeka.hr\/en\/city-government\/"},{"@type":"ListItem","position":3,"name":"City projects","item":"https:\/\/www.rijeka.hr\/en\/city-government\/city-projects\/"},{"@type":"ListItem","position":4,"name":"Realised projects","item":"https:\/\/www.rijeka.hr\/en\/city-government\/city-projects\/realised-projects\/"},{"@type":"ListItem","position":5,"name":"Culture","item":"https:\/\/www.rijeka.hr\/en\/city-government\/city-projects\/realised-projects\/culture-2\/"},{"@type":"ListItem","position":6,"name":"Museum of Modern and Contemporary Art"}]},{"@type":"WebSite","@id":"https:\/\/www.rijeka.hr\/en\/#website","url":"https:\/\/www.rijeka.hr\/en\/","name":"City of Rijeka","description":"City of Rijeka web Portal","potentialAction":[{"@type":"SearchAction","target":{"@type":"EntryPoint","urlTemplate":"https:\/\/www.rijeka.hr\/en\/?s={search_term_string}"},"query-input":{"@type":"PropertyValueSpecification","valueRequired":true,"valueName":"search_term_string"}}],"inLanguage":"en-US"}]}},"_links":{"self":[{"href":"https:\/\/www.rijeka.hr\/en\/wp-json\/wp\/v2\/pages\/13990","targetHints":{"allow":["GET"]}}],"collection":[{"href":"https:\/\/www.rijeka.hr\/en\/wp-json\/wp\/v2\/pages"}],"about":[{"href":"https:\/\/www.rijeka.hr\/en\/wp-json\/wp\/v2\/types\/page"}],"author":[{"embeddable":true,"href":"https:\/\/www.rijeka.hr\/en\/wp-json\/wp\/v2\/users\/5"}],"replies":[{"embeddable":true,"href":"https:\/\/www.rijeka.hr\/en\/wp-json\/wp\/v2\/comments?post=13990"}],"version-history":[{"count":3,"href":"https:\/\/www.rijeka.hr\/en\/wp-json\/wp\/v2\/pages\/13990\/revisions"}],"predecessor-version":[{"id":14004,"href":"https:\/\/www.rijeka.hr\/en\/wp-json\/wp\/v2\/pages\/13990\/revisions\/14004"}],"up":[{"embeddable":true,"href":"https:\/\/www.rijeka.hr\/en\/wp-json\/wp\/v2\/pages\/13939"}],"wp:attachment":[{"href":"https:\/\/www.rijeka.hr\/en\/wp-json\/wp\/v2\/media?parent=13990"}],"wp:term":[{"taxonomy":"post_tag","embeddable":true,"href":"https:\/\/www.rijeka.hr\/en\/wp-json\/wp\/v2\/tags?post=13990"}],"curies":[{"name":"wp","href":"https:\/\/api.w.org\/{rel}","templated":true}]}}