{"id":14169,"date":"2023-06-20T10:43:18","date_gmt":"2023-06-20T08:43:18","guid":{"rendered":"https:\/\/www.rijeka.hr\/en\/?page_id=14169"},"modified":"2023-12-19T11:56:06","modified_gmt":"2023-12-19T10:56:06","slug":"greenpact","status":"publish","type":"page","link":"https:\/\/www.rijeka.hr\/en\/city-government\/eu-projects\/ongoing-projects\/greenpact\/","title":{"rendered":"GREENPACT"},"content":{"rendered":"<h2>Project Title<\/h2>\n<p>GREENPACT \u2013 Futurepreneurs and SMEs for a sustainable Central Europe<\/p>\n<h2><img loading=\"lazy\" decoding=\"async\" width=\"600\" height=\"340\" class=\"size-medium wp-image-14173 alignleft\" src=\"https:\/\/www.rijeka.hr\/en\/wp-content\/uploads\/sites\/2\/2023\/06\/GREENPACT-600x340-600x340.jpg\" alt=\"\" \/>Project Goal<\/h2>\n<p>The main goal of the GREENPACT project (Futurepreneurs and SMEs for a sustainable Central Europe | Certification Scheme) is to strengthen the skills of small and medium-sized entrepreneurs from the service sector and change their mindset and train them to apply the circular economy.<\/p>\n<h2>Duration<\/h2>\n<p>1 April 2023 \u2013 31 March 2026<\/p>\n<h2>Description<\/h2>\n<p>The project is aimed at strengthening the skills of small and medium-sized entrepreneurs, all in order to achieve their continuous sustainable development. The focus is on the sector of the creative, cultural and tourist industry, and as part of the project, activities will be carried out that will help small and medium-sized entrepreneurs from the Czech Republic, Germany, Croatia, Italy and Slovakia to become &#8220;greener&#8221;. The GREENPACT project develops an innovative bottom-up approach in which, through multi-generational transnational cooperation, a better understanding of consumers is sought in order for companies to adapt to the trends of a sustainable and green Europe. For this purpose, the project is developing joint action plans, pilot actions and a self-assessment tool.<\/p>\n<h2>Main project activities<\/h2>\n<p>\u2022\u00a0\u00a0\u00a0\u00a0\u00a0\u00a0 Development of a transnational strategy and action plan<\/p>\n<p>\u2022\u00a0\u00a0\u00a0\u00a0\u00a0\u00a0 Development of self-assessment tools in the field of the circular economy, the results of which will be used to guide entrepreneurial activity towards the circular economy and reduce the amount of waste and carbon footprint<\/p>\n<p>\u2022\u00a0\u00a0\u00a0\u00a0\u00a0\u00a0 Development of a methodology for the implementation of a programme whereby improving business operations by applying the circular economy<\/p>\n<p>\u2022\u00a0\u00a0\u00a0\u00a0\u00a0\u00a0 Implementation of a training pilot programme of companies through direct intergenerational cooperation between producers and consumers<\/p>\n<h2>Project partners<\/h2>\n<ul>\n<li>Stuttgart Media University (Germany)<\/li>\n<li>Stuttgart Region Economic Development Corporation (Germany)<\/li>\n<li>ENAIP Veneto Social Enterprise (Italy)<\/li>\n<li>Region of Veneto \u2013 Department of Labour (Italy)<\/li>\n<li>STEP RI Science and Technology Park of the University of Rijeka (Croatia)<\/li>\n<li>City of Rijeka (Croatia)<\/li>\n<li>Czech Chamber of Commerce (The Czech Republic)<\/li>\n<li>Institute of Technology and Business in \u010cesk\u00e9 Bud\u011bjovice (The Czech Republic)<\/li>\n<li>University of Economics in Bratislava (Slovakia)<\/li>\n<\/ul>\n<h2>Budget<\/h2>\n<ul>\n<li>Total project value: EUR 1,783,625.00<\/li>\n<li>Budget of the City of Rijeka: EUR 152,320.00<\/li>\n<\/ul>\n<h2>Financed under<\/h2>\n<p>Interreg Central Europe<\/p>\n<h2>Official website of the project<\/h2>\n<p><a href=\"https:\/\/www.interreg-central.eu\/projects\/greenpact\/\">https:\/\/www.interreg-central.eu\/projects\/greenpact\/<\/a><\/p>\n<h2>Contact person for additional information about the project<\/h2>\n<p>Neda Suvajac<br \/>\ne-mail:\u00a0<a href=\"&#x6d;&#x61;&#x69;&#x6c;&#x74;&#x6f;&#x3a;&#x6e;&#x65;&#x64;&#x61;&#x2e;&#x73;&#x75;&#118;&#97;&#106;&#97;&#99;&#64;&#114;&#105;&#106;&#101;&#107;a&#46;hr\">&#x6e;&#x65;&#100;&#97;&#46;s&#x75;&#x76;&#x61;&#106;ac&#x40;&#x72;&#x69;&#106;&#101;k&#x61;&#x2e;&#x68;&#114;<\/a><br \/>\ntel:\u00a0<a href=\"tel:+38551209687\">+385 51 209 942<\/a><\/p>\n","protected":false},"excerpt":{"rendered":"<p>Project Title GREENPACT \u2013 Futurepreneurs and SMEs for a sustainable Central Europe Project Goal The main goal of the GREENPACT project (Futurepreneurs and SMEs for a sustainable Central Europe | Certification Scheme) is to strengthen the skills of small and medium-sized entrepreneurs from the service sector and change their mindset and train them to apply&#8230;<\/p>\n","protected":false},"author":8,"featured_media":0,"parent":1315,"menu_order":0,"comment_status":"closed","ping_status":"closed","template":"","meta":{"_acf_changed":false,"_trash_the_other_posts":false,"footnotes":"","_links_to":"","_links_to_target":""},"tags":[],"class_list":["post-14169","page","type-page","status-publish","hentry"],"acf":[],"yoast_head":"<!-- This site is optimized with the Yoast SEO plugin v24.4 - https:\/\/yoast.com\/wordpress\/plugins\/seo\/ -->\n<title>GREENPACT - City of Rijeka<\/title>\n<meta name=\"robots\" content=\"index, follow, max-snippet:-1, max-image-preview:large, max-video-preview:-1\" \/>\n<link rel=\"canonical\" href=\"https:\/\/www.rijeka.hr\/en\/city-government\/eu-projects\/ongoing-projects\/greenpact\/\" \/>\n<meta property=\"og:locale\" content=\"en_US\" \/>\n<meta property=\"og:type\" content=\"article\" \/>\n<meta property=\"og:title\" content=\"GREENPACT - City of Rijeka\" \/>\n<meta property=\"og:description\" content=\"Project Title GREENPACT \u2013 Futurepreneurs and SMEs for a sustainable Central Europe Project Goal The main goal of the GREENPACT project (Futurepreneurs and SMEs for a sustainable Central Europe | Certification Scheme) is to strengthen the skills of small and medium-sized entrepreneurs from the service sector and change their mindset and train them to apply...\" \/>\n<meta property=\"og:url\" content=\"https:\/\/www.rijeka.hr\/en\/city-government\/eu-projects\/ongoing-projects\/greenpact\/\" \/>\n<meta property=\"og:site_name\" content=\"City of Rijeka\" \/>\n<meta property=\"article:modified_time\" content=\"2023-12-19T10:56:06+00:00\" \/>\n<meta property=\"og:image\" content=\"https:\/\/www.rijeka.hr\/en\/wp-content\/uploads\/sites\/2\/2023\/06\/GREENPACT-600x340-600x340.jpg\" \/>\n<meta name=\"twitter:card\" content=\"summary_large_image\" \/>\n<meta name=\"twitter:label1\" content=\"Est. reading time\" \/>\n\t<meta name=\"twitter:data1\" content=\"2 minutes\" \/>\n<script type=\"application\/ld+json\" class=\"yoast-schema-graph\">{\"@context\":\"https:\/\/schema.org\",\"@graph\":[{\"@type\":\"WebPage\",\"@id\":\"https:\/\/www.rijeka.hr\/en\/city-government\/eu-projects\/ongoing-projects\/greenpact\/\",\"url\":\"https:\/\/www.rijeka.hr\/en\/city-government\/eu-projects\/ongoing-projects\/greenpact\/\",\"name\":\"GREENPACT - City of Rijeka\",\"isPartOf\":{\"@id\":\"https:\/\/www.rijeka.hr\/en\/#website\"},\"primaryImageOfPage\":{\"@id\":\"https:\/\/www.rijeka.hr\/en\/city-government\/eu-projects\/ongoing-projects\/greenpact\/#primaryimage\"},\"image\":{\"@id\":\"https:\/\/www.rijeka.hr\/en\/city-government\/eu-projects\/ongoing-projects\/greenpact\/#primaryimage\"},\"thumbnailUrl\":\"https:\/\/www.rijeka.hr\/en\/wp-content\/uploads\/sites\/2\/2023\/06\/GREENPACT-600x340-600x340.jpg\",\"datePublished\":\"2023-06-20T08:43:18+00:00\",\"dateModified\":\"2023-12-19T10:56:06+00:00\",\"breadcrumb\":{\"@id\":\"https:\/\/www.rijeka.hr\/en\/city-government\/eu-projects\/ongoing-projects\/greenpact\/#breadcrumb\"},\"inLanguage\":\"en-US\",\"potentialAction\":[{\"@type\":\"ReadAction\",\"target\":[\"https:\/\/www.rijeka.hr\/en\/city-government\/eu-projects\/ongoing-projects\/greenpact\/\"]}]},{\"@type\":\"ImageObject\",\"inLanguage\":\"en-US\",\"@id\":\"https:\/\/www.rijeka.hr\/en\/city-government\/eu-projects\/ongoing-projects\/greenpact\/#primaryimage\",\"url\":\"https:\/\/www.rijeka.hr\/en\/wp-content\/uploads\/sites\/2\/2023\/06\/GREENPACT-600x340.jpg\",\"contentUrl\":\"https:\/\/www.rijeka.hr\/en\/wp-content\/uploads\/sites\/2\/2023\/06\/GREENPACT-600x340.jpg\",\"width\":600,\"height\":340},{\"@type\":\"BreadcrumbList\",\"@id\":\"https:\/\/www.rijeka.hr\/en\/city-government\/eu-projects\/ongoing-projects\/greenpact\/#breadcrumb\",\"itemListElement\":[{\"@type\":\"ListItem\",\"position\":1,\"name\":\"Po\u010detna stranica\",\"item\":\"https:\/\/www.rijeka.hr\/en\/\"},{\"@type\":\"ListItem\",\"position\":2,\"name\":\"City administration\",\"item\":\"https:\/\/www.rijeka.hr\/en\/city-government\/\"},{\"@type\":\"ListItem\",\"position\":3,\"name\":\"EU projects\",\"item\":\"https:\/\/www.rijeka.hr\/en\/city-government\/eu-projects\/\"},{\"@type\":\"ListItem\",\"position\":4,\"name\":\"Ongoing projects\",\"item\":\"https:\/\/www.rijeka.hr\/en\/city-government\/eu-projects\/ongoing-projects\/\"},{\"@type\":\"ListItem\",\"position\":5,\"name\":\"GREENPACT\"}]},{\"@type\":\"WebSite\",\"@id\":\"https:\/\/www.rijeka.hr\/en\/#website\",\"url\":\"https:\/\/www.rijeka.hr\/en\/\",\"name\":\"City of Rijeka\",\"description\":\"City of Rijeka web Portal\",\"potentialAction\":[{\"@type\":\"SearchAction\",\"target\":{\"@type\":\"EntryPoint\",\"urlTemplate\":\"https:\/\/www.rijeka.hr\/en\/?s={search_term_string}\"},\"query-input\":{\"@type\":\"PropertyValueSpecification\",\"valueRequired\":true,\"valueName\":\"search_term_string\"}}],\"inLanguage\":\"en-US\"}]}<\/script>\n<!-- \/ Yoast SEO plugin. -->","yoast_head_json":{"title":"GREENPACT - City of Rijeka","robots":{"index":"index","follow":"follow","max-snippet":"max-snippet:-1","max-image-preview":"max-image-preview:large","max-video-preview":"max-video-preview:-1"},"canonical":"https:\/\/www.rijeka.hr\/en\/city-government\/eu-projects\/ongoing-projects\/greenpact\/","og_locale":"en_US","og_type":"article","og_title":"GREENPACT - City of Rijeka","og_description":"Project Title GREENPACT \u2013 Futurepreneurs and SMEs for a sustainable Central Europe Project Goal The main goal of the GREENPACT project (Futurepreneurs and SMEs for a sustainable Central Europe | Certification Scheme) is to strengthen the skills of small and medium-sized entrepreneurs from the service sector and change their mindset and train them to apply...","og_url":"https:\/\/www.rijeka.hr\/en\/city-government\/eu-projects\/ongoing-projects\/greenpact\/","og_site_name":"City of Rijeka","article_modified_time":"2023-12-19T10:56:06+00:00","og_image":[{"url":"https:\/\/www.rijeka.hr\/en\/wp-content\/uploads\/sites\/2\/2023\/06\/GREENPACT-600x340-600x340.jpg","type":"","width":"","height":""}],"twitter_card":"summary_large_image","twitter_misc":{"Est. reading time":"2 minutes"},"schema":{"@context":"https:\/\/schema.org","@graph":[{"@type":"WebPage","@id":"https:\/\/www.rijeka.hr\/en\/city-government\/eu-projects\/ongoing-projects\/greenpact\/","url":"https:\/\/www.rijeka.hr\/en\/city-government\/eu-projects\/ongoing-projects\/greenpact\/","name":"GREENPACT - City of Rijeka","isPartOf":{"@id":"https:\/\/www.rijeka.hr\/en\/#website"},"primaryImageOfPage":{"@id":"https:\/\/www.rijeka.hr\/en\/city-government\/eu-projects\/ongoing-projects\/greenpact\/#primaryimage"},"image":{"@id":"https:\/\/www.rijeka.hr\/en\/city-government\/eu-projects\/ongoing-projects\/greenpact\/#primaryimage"},"thumbnailUrl":"https:\/\/www.rijeka.hr\/en\/wp-content\/uploads\/sites\/2\/2023\/06\/GREENPACT-600x340-600x340.jpg","datePublished":"2023-06-20T08:43:18+00:00","dateModified":"2023-12-19T10:56:06+00:00","breadcrumb":{"@id":"https:\/\/www.rijeka.hr\/en\/city-government\/eu-projects\/ongoing-projects\/greenpact\/#breadcrumb"},"inLanguage":"en-US","potentialAction":[{"@type":"ReadAction","target":["https:\/\/www.rijeka.hr\/en\/city-government\/eu-projects\/ongoing-projects\/greenpact\/"]}]},{"@type":"ImageObject","inLanguage":"en-US","@id":"https:\/\/www.rijeka.hr\/en\/city-government\/eu-projects\/ongoing-projects\/greenpact\/#primaryimage","url":"https:\/\/www.rijeka.hr\/en\/wp-content\/uploads\/sites\/2\/2023\/06\/GREENPACT-600x340.jpg","contentUrl":"https:\/\/www.rijeka.hr\/en\/wp-content\/uploads\/sites\/2\/2023\/06\/GREENPACT-600x340.jpg","width":600,"height":340},{"@type":"BreadcrumbList","@id":"https:\/\/www.rijeka.hr\/en\/city-government\/eu-projects\/ongoing-projects\/greenpact\/#breadcrumb","itemListElement":[{"@type":"ListItem","position":1,"name":"Po\u010detna stranica","item":"https:\/\/www.rijeka.hr\/en\/"},{"@type":"ListItem","position":2,"name":"City administration","item":"https:\/\/www.rijeka.hr\/en\/city-government\/"},{"@type":"ListItem","position":3,"name":"EU projects","item":"https:\/\/www.rijeka.hr\/en\/city-government\/eu-projects\/"},{"@type":"ListItem","position":4,"name":"Ongoing projects","item":"https:\/\/www.rijeka.hr\/en\/city-government\/eu-projects\/ongoing-projects\/"},{"@type":"ListItem","position":5,"name":"GREENPACT"}]},{"@type":"WebSite","@id":"https:\/\/www.rijeka.hr\/en\/#website","url":"https:\/\/www.rijeka.hr\/en\/","name":"City of Rijeka","description":"City of Rijeka web Portal","potentialAction":[{"@type":"SearchAction","target":{"@type":"EntryPoint","urlTemplate":"https:\/\/www.rijeka.hr\/en\/?s={search_term_string}"},"query-input":{"@type":"PropertyValueSpecification","valueRequired":true,"valueName":"search_term_string"}}],"inLanguage":"en-US"}]}},"_links":{"self":[{"href":"https:\/\/www.rijeka.hr\/en\/wp-json\/wp\/v2\/pages\/14169","targetHints":{"allow":["GET"]}}],"collection":[{"href":"https:\/\/www.rijeka.hr\/en\/wp-json\/wp\/v2\/pages"}],"about":[{"href":"https:\/\/www.rijeka.hr\/en\/wp-json\/wp\/v2\/types\/page"}],"author":[{"embeddable":true,"href":"https:\/\/www.rijeka.hr\/en\/wp-json\/wp\/v2\/users\/8"}],"replies":[{"embeddable":true,"href":"https:\/\/www.rijeka.hr\/en\/wp-json\/wp\/v2\/comments?post=14169"}],"version-history":[{"count":3,"href":"https:\/\/www.rijeka.hr\/en\/wp-json\/wp\/v2\/pages\/14169\/revisions"}],"predecessor-version":[{"id":14174,"href":"https:\/\/www.rijeka.hr\/en\/wp-json\/wp\/v2\/pages\/14169\/revisions\/14174"}],"up":[{"embeddable":true,"href":"https:\/\/www.rijeka.hr\/en\/wp-json\/wp\/v2\/pages\/1315"}],"wp:attachment":[{"href":"https:\/\/www.rijeka.hr\/en\/wp-json\/wp\/v2\/media?parent=14169"}],"wp:term":[{"taxonomy":"post_tag","embeddable":true,"href":"https:\/\/www.rijeka.hr\/en\/wp-json\/wp\/v2\/tags?post=14169"}],"curies":[{"name":"wp","href":"https:\/\/api.w.org\/{rel}","templated":true}]}}