{"id":14554,"date":"2025-07-09T13:46:30","date_gmt":"2025-07-09T11:46:30","guid":{"rendered":"https:\/\/www.rijeka.hr\/en\/?page_id=14554"},"modified":"2025-07-09T13:49:07","modified_gmt":"2025-07-09T11:49:07","slug":"iva-rincic","status":"publish","type":"page","link":"https:\/\/www.rijeka.hr\/en\/city-government\/mayor\/iva-rincic\/","title":{"rendered":"Iva Rin\u010di\u0107"},"content":{"rendered":"<p><strong><a href=\"https:\/\/www.rijeka.hr\/en\/wp-content\/uploads\/sites\/2\/2025\/07\/Mayor-Iva-Rincic-scaled.jpg\" data-rel=\"lightbox-image-0\" data-rl_title=\"\" data-rl_caption=\"\" title=\"\"><img loading=\"lazy\" decoding=\"async\" width=\"400\" height=\"600\" class=\"alignleft wp-image-14551 size-medium\" src=\"https:\/\/www.rijeka.hr\/en\/wp-content\/uploads\/sites\/2\/2025\/07\/Mayor-Iva-Rincic-400x600.jpg\" alt=\"Iva Rin\u010di\u0107\" srcset=\"https:\/\/www.rijeka.hr\/en\/wp-content\/uploads\/sites\/2\/2025\/07\/Mayor-Iva-Rincic-400x600.jpg 400w, https:\/\/www.rijeka.hr\/en\/wp-content\/uploads\/sites\/2\/2025\/07\/Mayor-Iva-Rincic-800x1200.jpg 800w, https:\/\/www.rijeka.hr\/en\/wp-content\/uploads\/sites\/2\/2025\/07\/Mayor-Iva-Rincic-768x1152.jpg 768w, https:\/\/www.rijeka.hr\/en\/wp-content\/uploads\/sites\/2\/2025\/07\/Mayor-Iva-Rincic-1024x1536.jpg 1024w, https:\/\/www.rijeka.hr\/en\/wp-content\/uploads\/sites\/2\/2025\/07\/Mayor-Iva-Rincic-1365x2048.jpg 1365w, https:\/\/www.rijeka.hr\/en\/wp-content\/uploads\/sites\/2\/2025\/07\/Mayor-Iva-Rincic-533x800.jpg 533w, https:\/\/www.rijeka.hr\/en\/wp-content\/uploads\/sites\/2\/2025\/07\/Mayor-Iva-Rincic-267x400.jpg 267w, https:\/\/www.rijeka.hr\/en\/wp-content\/uploads\/sites\/2\/2025\/07\/Mayor-Iva-Rincic-scaled.jpg 1707w\" sizes=\"(max-width: 400px) 100vw, 400px\" \/><\/a><\/strong>Iva Rin\u010di\u0107 was born in Rijeka in 1975. She completed Vladimir Gortan Elementary School and the First Croatian Su\u0161ak Gymnasium in her hometown, after which she continued her studies in Zagreb. At the Faculty of Croatian Studies, she studied sociology and Croatian culture, completed her postgraduate studies at the Faculty of Political Science, and earned her doctorate at the Faculty of Humanities and Social Sciences in Zagreb.<\/p>\n<p>Her first employment was in 2001 at GONG, as a county coordinator for non-partisan observers during the 2001 local elections.<\/p>\n<p>Since 2001, she has worked at the University of Rijeka (first at the Faculty of Medicine, and from 2013 also at the Faculty of Health Studies), with bioethics as her primary area of interest. In 2023, she was appointed as a full professor. Until taking office as Mayor, she served as the head of the Department of Public Health at the Faculty of Health Studies. In the academic year 2021\u20132022, she received the University of Rijeka\u2019s Award for Teaching Excellence.<\/p>\n<p>From 2013 to 2021, she was the Director of the University of Rijeka Foundation, during which time the Foundation was awarded the Golden Plaque \u201cCoat of Arms of the City of Rijeka\u201d for its longstanding promotion of philanthropy, contribution to the development of the university community in Rijeka, and support for the local community by fostering a knowledge-based society.<\/p>\n<p>In December 2024, she was elected president of the Croatian Bioethics Society, becoming the first woman to lead the society.<\/p>\n<p>In 2021, she entered local politics for the first time as an independent candidate for county Prefect and City councillor. During the 2021\u20132025 term, she served as an independent councillor in the Rijeka City Council and the Primorje-Gorski Kotar County Assembly, also participating in the work of several committees.<\/p>\n<p>In May 2025, she was elected Mayor of Rijeka as an independent candidate with the support of the Youth Action, Kvarner Union, Centre, Croatian Seniors\u2019 Party, Fokus, and Alternative 101, becoming the second female mayor in Rijeka\u2019s history. She bases her city management on responsibility that demands knowledge, transparency, empathy and persistent work, placing citizens\u2014especially young people\u2014at the centre of her policies.<\/p>\n<p>She engages in sports recreationally and, on rare occasions when her obligations allow, participates in races and other sporting events.<\/p>\n<p>Her family consist of her husband Amir and son Marul.<\/p>\n","protected":false},"excerpt":{"rendered":"<p>Iva Rin\u010di\u0107 was born in Rijeka in 1975. She completed Vladimir Gortan Elementary School and the First Croatian Su\u0161ak Gymnasium in her hometown, after which she continued her studies in Zagreb. At the Faculty of Croatian Studies, she studied sociology and Croatian culture, completed her postgraduate studies at the Faculty of Political Science, and earned&#8230;<\/p>\n","protected":false},"author":8,"featured_media":0,"parent":1004,"menu_order":8,"comment_status":"closed","ping_status":"closed","template":"","meta":{"_acf_changed":false,"_trash_the_other_posts":false,"footnotes":"","_links_to":"","_links_to_target":""},"tags":[],"class_list":["post-14554","page","type-page","status-publish","hentry"],"acf":[],"yoast_head":"<!-- This site is optimized with the Yoast SEO plugin v24.4 - https:\/\/yoast.com\/wordpress\/plugins\/seo\/ -->\n<title>Iva Rin\u010di\u0107 - City of Rijeka<\/title>\n<meta name=\"robots\" content=\"index, follow, max-snippet:-1, max-image-preview:large, max-video-preview:-1\" \/>\n<link rel=\"canonical\" href=\"https:\/\/www.rijeka.hr\/en\/city-government\/mayor\/iva-rincic\/\" \/>\n<meta property=\"og:locale\" content=\"en_US\" \/>\n<meta property=\"og:type\" content=\"article\" \/>\n<meta property=\"og:title\" content=\"Iva Rin\u010di\u0107 - City of Rijeka\" \/>\n<meta property=\"og:description\" content=\"Iva Rin\u010di\u0107 was born in Rijeka in 1975. She completed Vladimir Gortan Elementary School and the First Croatian Su\u0161ak Gymnasium in her hometown, after which she continued her studies in Zagreb. At the Faculty of Croatian Studies, she studied sociology and Croatian culture, completed her postgraduate studies at the Faculty of Political Science, and earned...\" \/>\n<meta property=\"og:url\" content=\"https:\/\/www.rijeka.hr\/en\/city-government\/mayor\/iva-rincic\/\" \/>\n<meta property=\"og:site_name\" content=\"City of Rijeka\" \/>\n<meta property=\"article:modified_time\" content=\"2025-07-09T11:49:07+00:00\" \/>\n<meta property=\"og:image\" content=\"https:\/\/www.rijeka.hr\/en\/wp-content\/uploads\/sites\/2\/2025\/07\/Mayor-Iva-Rincic-scaled.jpg\" \/>\n\t<meta property=\"og:image:width\" content=\"1707\" \/>\n\t<meta property=\"og:image:height\" content=\"2560\" \/>\n\t<meta property=\"og:image:type\" content=\"image\/jpeg\" \/>\n<meta name=\"twitter:card\" content=\"summary_large_image\" \/>\n<meta name=\"twitter:label1\" content=\"Est. reading time\" \/>\n\t<meta name=\"twitter:data1\" content=\"2 minutes\" \/>\n<script type=\"application\/ld+json\" class=\"yoast-schema-graph\">{\"@context\":\"https:\/\/schema.org\",\"@graph\":[{\"@type\":\"WebPage\",\"@id\":\"https:\/\/www.rijeka.hr\/en\/city-government\/mayor\/iva-rincic\/\",\"url\":\"https:\/\/www.rijeka.hr\/en\/city-government\/mayor\/iva-rincic\/\",\"name\":\"Iva Rin\u010di\u0107 - City of Rijeka\",\"isPartOf\":{\"@id\":\"https:\/\/www.rijeka.hr\/en\/#website\"},\"primaryImageOfPage\":{\"@id\":\"https:\/\/www.rijeka.hr\/en\/city-government\/mayor\/iva-rincic\/#primaryimage\"},\"image\":{\"@id\":\"https:\/\/www.rijeka.hr\/en\/city-government\/mayor\/iva-rincic\/#primaryimage\"},\"thumbnailUrl\":\"https:\/\/www.rijeka.hr\/en\/wp-content\/uploads\/sites\/2\/2025\/07\/Mayor-Iva-Rincic-400x600.jpg\",\"datePublished\":\"2025-07-09T11:46:30+00:00\",\"dateModified\":\"2025-07-09T11:49:07+00:00\",\"breadcrumb\":{\"@id\":\"https:\/\/www.rijeka.hr\/en\/city-government\/mayor\/iva-rincic\/#breadcrumb\"},\"inLanguage\":\"en-US\",\"potentialAction\":[{\"@type\":\"ReadAction\",\"target\":[\"https:\/\/www.rijeka.hr\/en\/city-government\/mayor\/iva-rincic\/\"]}]},{\"@type\":\"ImageObject\",\"inLanguage\":\"en-US\",\"@id\":\"https:\/\/www.rijeka.hr\/en\/city-government\/mayor\/iva-rincic\/#primaryimage\",\"url\":\"https:\/\/www.rijeka.hr\/en\/wp-content\/uploads\/sites\/2\/2025\/07\/Mayor-Iva-Rincic-scaled.jpg\",\"contentUrl\":\"https:\/\/www.rijeka.hr\/en\/wp-content\/uploads\/sites\/2\/2025\/07\/Mayor-Iva-Rincic-scaled.jpg\",\"width\":1707,\"height\":2560,\"caption\":\"Iva Rin\u010di\u0107\"},{\"@type\":\"BreadcrumbList\",\"@id\":\"https:\/\/www.rijeka.hr\/en\/city-government\/mayor\/iva-rincic\/#breadcrumb\",\"itemListElement\":[{\"@type\":\"ListItem\",\"position\":1,\"name\":\"Po\u010detna stranica\",\"item\":\"https:\/\/www.rijeka.hr\/en\/\"},{\"@type\":\"ListItem\",\"position\":2,\"name\":\"City administration\",\"item\":\"https:\/\/www.rijeka.hr\/en\/city-government\/\"},{\"@type\":\"ListItem\",\"position\":3,\"name\":\"Mayor\",\"item\":\"https:\/\/www.rijeka.hr\/en\/city-government\/mayor\/\"},{\"@type\":\"ListItem\",\"position\":4,\"name\":\"Iva Rin\u010di\u0107\"}]},{\"@type\":\"WebSite\",\"@id\":\"https:\/\/www.rijeka.hr\/en\/#website\",\"url\":\"https:\/\/www.rijeka.hr\/en\/\",\"name\":\"City of Rijeka\",\"description\":\"City of Rijeka web Portal\",\"potentialAction\":[{\"@type\":\"SearchAction\",\"target\":{\"@type\":\"EntryPoint\",\"urlTemplate\":\"https:\/\/www.rijeka.hr\/en\/?s={search_term_string}\"},\"query-input\":{\"@type\":\"PropertyValueSpecification\",\"valueRequired\":true,\"valueName\":\"search_term_string\"}}],\"inLanguage\":\"en-US\"}]}<\/script>\n<!-- \/ Yoast SEO plugin. -->","yoast_head_json":{"title":"Iva Rin\u010di\u0107 - City of Rijeka","robots":{"index":"index","follow":"follow","max-snippet":"max-snippet:-1","max-image-preview":"max-image-preview:large","max-video-preview":"max-video-preview:-1"},"canonical":"https:\/\/www.rijeka.hr\/en\/city-government\/mayor\/iva-rincic\/","og_locale":"en_US","og_type":"article","og_title":"Iva Rin\u010di\u0107 - City of Rijeka","og_description":"Iva Rin\u010di\u0107 was born in Rijeka in 1975. She completed Vladimir Gortan Elementary School and the First Croatian Su\u0161ak Gymnasium in her hometown, after which she continued her studies in Zagreb. At the Faculty of Croatian Studies, she studied sociology and Croatian culture, completed her postgraduate studies at the Faculty of Political Science, and earned...","og_url":"https:\/\/www.rijeka.hr\/en\/city-government\/mayor\/iva-rincic\/","og_site_name":"City of Rijeka","article_modified_time":"2025-07-09T11:49:07+00:00","og_image":[{"width":1707,"height":2560,"url":"https:\/\/www.rijeka.hr\/en\/wp-content\/uploads\/sites\/2\/2025\/07\/Mayor-Iva-Rincic-scaled.jpg","type":"image\/jpeg"}],"twitter_card":"summary_large_image","twitter_misc":{"Est. reading time":"2 minutes"},"schema":{"@context":"https:\/\/schema.org","@graph":[{"@type":"WebPage","@id":"https:\/\/www.rijeka.hr\/en\/city-government\/mayor\/iva-rincic\/","url":"https:\/\/www.rijeka.hr\/en\/city-government\/mayor\/iva-rincic\/","name":"Iva Rin\u010di\u0107 - City of Rijeka","isPartOf":{"@id":"https:\/\/www.rijeka.hr\/en\/#website"},"primaryImageOfPage":{"@id":"https:\/\/www.rijeka.hr\/en\/city-government\/mayor\/iva-rincic\/#primaryimage"},"image":{"@id":"https:\/\/www.rijeka.hr\/en\/city-government\/mayor\/iva-rincic\/#primaryimage"},"thumbnailUrl":"https:\/\/www.rijeka.hr\/en\/wp-content\/uploads\/sites\/2\/2025\/07\/Mayor-Iva-Rincic-400x600.jpg","datePublished":"2025-07-09T11:46:30+00:00","dateModified":"2025-07-09T11:49:07+00:00","breadcrumb":{"@id":"https:\/\/www.rijeka.hr\/en\/city-government\/mayor\/iva-rincic\/#breadcrumb"},"inLanguage":"en-US","potentialAction":[{"@type":"ReadAction","target":["https:\/\/www.rijeka.hr\/en\/city-government\/mayor\/iva-rincic\/"]}]},{"@type":"ImageObject","inLanguage":"en-US","@id":"https:\/\/www.rijeka.hr\/en\/city-government\/mayor\/iva-rincic\/#primaryimage","url":"https:\/\/www.rijeka.hr\/en\/wp-content\/uploads\/sites\/2\/2025\/07\/Mayor-Iva-Rincic-scaled.jpg","contentUrl":"https:\/\/www.rijeka.hr\/en\/wp-content\/uploads\/sites\/2\/2025\/07\/Mayor-Iva-Rincic-scaled.jpg","width":1707,"height":2560,"caption":"Iva Rin\u010di\u0107"},{"@type":"BreadcrumbList","@id":"https:\/\/www.rijeka.hr\/en\/city-government\/mayor\/iva-rincic\/#breadcrumb","itemListElement":[{"@type":"ListItem","position":1,"name":"Po\u010detna stranica","item":"https:\/\/www.rijeka.hr\/en\/"},{"@type":"ListItem","position":2,"name":"City administration","item":"https:\/\/www.rijeka.hr\/en\/city-government\/"},{"@type":"ListItem","position":3,"name":"Mayor","item":"https:\/\/www.rijeka.hr\/en\/city-government\/mayor\/"},{"@type":"ListItem","position":4,"name":"Iva Rin\u010di\u0107"}]},{"@type":"WebSite","@id":"https:\/\/www.rijeka.hr\/en\/#website","url":"https:\/\/www.rijeka.hr\/en\/","name":"City of Rijeka","description":"City of Rijeka web Portal","potentialAction":[{"@type":"SearchAction","target":{"@type":"EntryPoint","urlTemplate":"https:\/\/www.rijeka.hr\/en\/?s={search_term_string}"},"query-input":{"@type":"PropertyValueSpecification","valueRequired":true,"valueName":"search_term_string"}}],"inLanguage":"en-US"}]}},"_links":{"self":[{"href":"https:\/\/www.rijeka.hr\/en\/wp-json\/wp\/v2\/pages\/14554","targetHints":{"allow":["GET"]}}],"collection":[{"href":"https:\/\/www.rijeka.hr\/en\/wp-json\/wp\/v2\/pages"}],"about":[{"href":"https:\/\/www.rijeka.hr\/en\/wp-json\/wp\/v2\/types\/page"}],"author":[{"embeddable":true,"href":"https:\/\/www.rijeka.hr\/en\/wp-json\/wp\/v2\/users\/8"}],"replies":[{"embeddable":true,"href":"https:\/\/www.rijeka.hr\/en\/wp-json\/wp\/v2\/comments?post=14554"}],"version-history":[{"count":2,"href":"https:\/\/www.rijeka.hr\/en\/wp-json\/wp\/v2\/pages\/14554\/revisions"}],"predecessor-version":[{"id":14556,"href":"https:\/\/www.rijeka.hr\/en\/wp-json\/wp\/v2\/pages\/14554\/revisions\/14556"}],"up":[{"embeddable":true,"href":"https:\/\/www.rijeka.hr\/en\/wp-json\/wp\/v2\/pages\/1004"}],"wp:attachment":[{"href":"https:\/\/www.rijeka.hr\/en\/wp-json\/wp\/v2\/media?parent=14554"}],"wp:term":[{"taxonomy":"post_tag","embeddable":true,"href":"https:\/\/www.rijeka.hr\/en\/wp-json\/wp\/v2\/tags?post=14554"}],"curies":[{"name":"wp","href":"https:\/\/api.w.org\/{rel}","templated":true}]}}