{"id":1900,"date":"2016-12-16T15:21:24","date_gmt":"2016-12-16T14:21:24","guid":{"rendered":"https:\/\/www.rijeka.hr\/en\/?page_id=1900"},"modified":"2026-01-16T15:10:57","modified_gmt":"2026-01-16T14:10:57","slug":"impressum","status":"publish","type":"page","link":"https:\/\/www.rijeka.hr\/en\/impressum\/","title":{"rendered":"Impressum"},"content":{"rendered":"<p style=\"text-align: center\">\u00a0Rijeka Online web site is published by <strong>City of Rijeka Municipality.<\/strong><\/p>\n<p style=\"text-align: center\">The Administrative department for the activities of the Mayor, the City Council and local self-government \u2013\u00a0<a href=\"https:\/\/www.rijeka.hr\/en\/city-government\/city-departments\/city-office\/division-of-media-relations\">Division of Media Relations, Online Communications and Projects relating to transparency in the activity of administration<\/a>\u00a0takes care of the content and the layout of the City of Rijeka website. The content is daily updated with news from the City government, institutions and public utilities owned by the City.<\/p>\n<p style=\"text-align: center\"><strong>Publisher:\u00a0 City of Rijeka<\/strong><br \/>\nAddress: Korzo 16, 51000 Rijeka, Croatia<br \/>\nISSN 1333-9613<\/p>\n<p style=\"text-align: center\"><strong>Editor of the Rijeka.hr Portal:<\/strong><br \/>\n<strong> Smiljana Radovi\u0107 Lagator<\/strong><br \/>\nT <a href=\"tel:+385%2051%20209%20563\">+385 51 209 563<\/a><br \/>\nE-mail:\u00a0<a href=\"ma&#105;&#108;&#116;&#x6f;&#x3a;&#x73;&#x6d;&#x69;lj&#97;&#110;&#97;&#x2e;&#x72;&#x61;&#x64;&#x6f;vi&#99;&#45;&#108;&#x61;&#x67;&#x61;&#x74;&#x6f;r&#64;&#114;&#105;&#106;&#x65;&#x6b;&#x61;&#x2e;&#x68;r\">&#115;&#x6d;&#105;&#x6c;j&#97;&#x6e;&#97;&#x2e;r&#x61;d&#111;&#x76;&#105;&#x63;-&#x6c;&#x61;&#103;&#x61;t&#x6f;r&#64;&#x72;&#105;&#x6a;e&#x6b;a&#46;&#x68;&#114;<\/a><\/p>\n<p style=\"text-align: center\"><strong>Journalist and photographer for city portals:<\/strong><br \/>\nNeva Fun\u010di\u0107 Milo\u0161evi\u0107<br \/>\n<span class=\"description\">T.\u00a0<\/span><a role=\"link\" href=\"tel:+385 51 209 973\">+385 51 209 566<\/a><br \/>\nE-mail:\u00a0<a role=\"link\" href=\"&#x6d;a&#x69;&#108;&#x74;&#111;:&#x6e;&#101;&#x76;&#97;&#46;&#x66;&#117;&#x6e;&#99;i&#x63;-&#x6d;&#105;&#x6c;&#x6f;s&#x65;&#118;&#x69;&#99;&#64;&#x72;&#105;&#x6a;&#101;k&#x61;&#46;&#x68;&#114;\">&#x6e;e&#x76;a&#x2e;&#102;&#x75;&#110;c&#x69;c&#x2d;&#109;&#x69;&#108;&#x6f;&#115;e&#x76;i&#x63;&#64;&#x72;&#105;&#x6a;&#x65;k&#x61;&#46;&#x68;&#114;<\/a><\/p>\n<p style=\"text-align: center\"><strong>City websites technical support adviser\u00a0 \u00a0 \u00a0<\/strong><br \/>\n<strong> Goran Grudi\u0107<\/strong><br \/>\nT <a href=\"tel:+385%2051%20209%20599\">+385 51 209 599<\/a><br \/>\nT <a href=\"tel:+385%2099%202197%20973\">+385 99 2197 973<\/a><br \/>\nE-mail:\u00a0<a href=\"&#x6d;&#97;&#x69;&#x6c;&#116;&#x6f;&#58;g&#x6f;&#114;a&#x6e;&#46;g&#x72;&#117;d&#x69;&#99;&#x40;&#x72;&#105;&#x6a;&#x65;&#107;&#x61;&#46;h&#x72;\">&#103;&#111;&#x72;&#x61;&#110;&#46;&#x67;&#x72;&#117;&#100;&#x69;&#x63;&#64;&#114;&#x69;&#x6a;&#101;&#107;&#x61;&#x2e;&#104;&#114;<\/a><\/p>\n<p>&nbsp;<\/p>\n<p style=\"text-align: center\"><strong>Head of Division of Media Relations, Online Communications and Projects relating to transparency in the activity of administration<\/strong><\/p>\n<p style=\"text-align: center\"><strong> Lea Stoiljkovi\u0107 Medved<\/strong><br \/>\nT <a href=\"tel:+385%2051%20209%20229\">+385 51 209 229<\/a><br \/>\nT <a href=\"tel:+385%2098%20459%20284\">+385 98 459 284<\/a><br \/>\nE-mail: <a href=\"m&#97;&#105;&#108;&#x74;&#x6f;&#x3a;le&#97;&#64;&#x72;&#x69;&#x6a;&#x65;ka&#46;&#104;&#x72;\">&#108;&#x65;&#97;&#x40;r&#x69;j&#101;&#x6b;&#97;&#x2e;&#104;&#x72;<\/a><\/p>\n","protected":false},"excerpt":{"rendered":"<p>\u00a0Rijeka Online web site is published by City of Rijeka Municipality. The Administrative department for the activities of the Mayor, the City Council and local self-government \u2013\u00a0Division of Media Relations, Online Communications and Projects relating to transparency in the activity of administration\u00a0takes care of the content and the layout of the City of Rijeka website&#8230;.<\/p>\n","protected":false},"author":13,"featured_media":0,"parent":0,"menu_order":169,"comment_status":"closed","ping_status":"closed","template":"","meta":{"_acf_changed":false,"_trash_the_other_posts":false,"footnotes":"","_links_to":"","_links_to_target":""},"tags":[],"class_list":["post-1900","page","type-page","status-publish","hentry"],"acf":[],"yoast_head":"<!-- This site is optimized with the Yoast SEO plugin v24.4 - https:\/\/yoast.com\/wordpress\/plugins\/seo\/ -->\n<title>Impressum - City of Rijeka<\/title>\n<meta name=\"robots\" content=\"index, follow, max-snippet:-1, max-image-preview:large, max-video-preview:-1\" \/>\n<link rel=\"canonical\" href=\"https:\/\/www.rijeka.hr\/en\/impressum\/\" \/>\n<meta property=\"og:locale\" content=\"en_US\" \/>\n<meta property=\"og:type\" content=\"article\" \/>\n<meta property=\"og:title\" content=\"Impressum - City of Rijeka\" \/>\n<meta property=\"og:description\" content=\"\u00a0Rijeka Online web site is published by City of Rijeka Municipality. The Administrative department for the activities of the Mayor, the City Council and local self-government \u2013\u00a0Division of Media Relations, Online Communications and Projects relating to transparency in the activity of administration\u00a0takes care of the content and the layout of the City of Rijeka website....\" \/>\n<meta property=\"og:url\" content=\"https:\/\/www.rijeka.hr\/en\/impressum\/\" \/>\n<meta property=\"og:site_name\" content=\"City of Rijeka\" \/>\n<meta property=\"article:modified_time\" content=\"2026-01-16T14:10:57+00:00\" \/>\n<meta name=\"twitter:card\" content=\"summary_large_image\" \/>\n<meta name=\"twitter:label1\" content=\"Est. reading time\" \/>\n\t<meta name=\"twitter:data1\" content=\"1 minute\" \/>\n<script type=\"application\/ld+json\" class=\"yoast-schema-graph\">{\"@context\":\"https:\/\/schema.org\",\"@graph\":[{\"@type\":\"WebPage\",\"@id\":\"https:\/\/www.rijeka.hr\/en\/impressum\/\",\"url\":\"https:\/\/www.rijeka.hr\/en\/impressum\/\",\"name\":\"Impressum - City of Rijeka\",\"isPartOf\":{\"@id\":\"https:\/\/www.rijeka.hr\/en\/#website\"},\"datePublished\":\"2016-12-16T14:21:24+00:00\",\"dateModified\":\"2026-01-16T14:10:57+00:00\",\"breadcrumb\":{\"@id\":\"https:\/\/www.rijeka.hr\/en\/impressum\/#breadcrumb\"},\"inLanguage\":\"en-US\",\"potentialAction\":[{\"@type\":\"ReadAction\",\"target\":[\"https:\/\/www.rijeka.hr\/en\/impressum\/\"]}]},{\"@type\":\"BreadcrumbList\",\"@id\":\"https:\/\/www.rijeka.hr\/en\/impressum\/#breadcrumb\",\"itemListElement\":[{\"@type\":\"ListItem\",\"position\":1,\"name\":\"Po\u010detna stranica\",\"item\":\"https:\/\/www.rijeka.hr\/en\/\"},{\"@type\":\"ListItem\",\"position\":2,\"name\":\"Impressum\"}]},{\"@type\":\"WebSite\",\"@id\":\"https:\/\/www.rijeka.hr\/en\/#website\",\"url\":\"https:\/\/www.rijeka.hr\/en\/\",\"name\":\"City of Rijeka\",\"description\":\"City of Rijeka web Portal\",\"potentialAction\":[{\"@type\":\"SearchAction\",\"target\":{\"@type\":\"EntryPoint\",\"urlTemplate\":\"https:\/\/www.rijeka.hr\/en\/?s={search_term_string}\"},\"query-input\":{\"@type\":\"PropertyValueSpecification\",\"valueRequired\":true,\"valueName\":\"search_term_string\"}}],\"inLanguage\":\"en-US\"}]}<\/script>\n<!-- \/ Yoast SEO plugin. -->","yoast_head_json":{"title":"Impressum - City of Rijeka","robots":{"index":"index","follow":"follow","max-snippet":"max-snippet:-1","max-image-preview":"max-image-preview:large","max-video-preview":"max-video-preview:-1"},"canonical":"https:\/\/www.rijeka.hr\/en\/impressum\/","og_locale":"en_US","og_type":"article","og_title":"Impressum - City of Rijeka","og_description":"\u00a0Rijeka Online web site is published by City of Rijeka Municipality. The Administrative department for the activities of the Mayor, the City Council and local self-government \u2013\u00a0Division of Media Relations, Online Communications and Projects relating to transparency in the activity of administration\u00a0takes care of the content and the layout of the City of Rijeka website....","og_url":"https:\/\/www.rijeka.hr\/en\/impressum\/","og_site_name":"City of Rijeka","article_modified_time":"2026-01-16T14:10:57+00:00","twitter_card":"summary_large_image","twitter_misc":{"Est. reading time":"1 minute"},"schema":{"@context":"https:\/\/schema.org","@graph":[{"@type":"WebPage","@id":"https:\/\/www.rijeka.hr\/en\/impressum\/","url":"https:\/\/www.rijeka.hr\/en\/impressum\/","name":"Impressum - City of Rijeka","isPartOf":{"@id":"https:\/\/www.rijeka.hr\/en\/#website"},"datePublished":"2016-12-16T14:21:24+00:00","dateModified":"2026-01-16T14:10:57+00:00","breadcrumb":{"@id":"https:\/\/www.rijeka.hr\/en\/impressum\/#breadcrumb"},"inLanguage":"en-US","potentialAction":[{"@type":"ReadAction","target":["https:\/\/www.rijeka.hr\/en\/impressum\/"]}]},{"@type":"BreadcrumbList","@id":"https:\/\/www.rijeka.hr\/en\/impressum\/#breadcrumb","itemListElement":[{"@type":"ListItem","position":1,"name":"Po\u010detna stranica","item":"https:\/\/www.rijeka.hr\/en\/"},{"@type":"ListItem","position":2,"name":"Impressum"}]},{"@type":"WebSite","@id":"https:\/\/www.rijeka.hr\/en\/#website","url":"https:\/\/www.rijeka.hr\/en\/","name":"City of Rijeka","description":"City of Rijeka web Portal","potentialAction":[{"@type":"SearchAction","target":{"@type":"EntryPoint","urlTemplate":"https:\/\/www.rijeka.hr\/en\/?s={search_term_string}"},"query-input":{"@type":"PropertyValueSpecification","valueRequired":true,"valueName":"search_term_string"}}],"inLanguage":"en-US"}]}},"_links":{"self":[{"href":"https:\/\/www.rijeka.hr\/en\/wp-json\/wp\/v2\/pages\/1900","targetHints":{"allow":["GET"]}}],"collection":[{"href":"https:\/\/www.rijeka.hr\/en\/wp-json\/wp\/v2\/pages"}],"about":[{"href":"https:\/\/www.rijeka.hr\/en\/wp-json\/wp\/v2\/types\/page"}],"author":[{"embeddable":true,"href":"https:\/\/www.rijeka.hr\/en\/wp-json\/wp\/v2\/users\/13"}],"replies":[{"embeddable":true,"href":"https:\/\/www.rijeka.hr\/en\/wp-json\/wp\/v2\/comments?post=1900"}],"version-history":[{"count":5,"href":"https:\/\/www.rijeka.hr\/en\/wp-json\/wp\/v2\/pages\/1900\/revisions"}],"predecessor-version":[{"id":14886,"href":"https:\/\/www.rijeka.hr\/en\/wp-json\/wp\/v2\/pages\/1900\/revisions\/14886"}],"wp:attachment":[{"href":"https:\/\/www.rijeka.hr\/en\/wp-json\/wp\/v2\/media?parent=1900"}],"wp:term":[{"taxonomy":"post_tag","embeddable":true,"href":"https:\/\/www.rijeka.hr\/en\/wp-json\/wp\/v2\/tags?post=1900"}],"curies":[{"name":"wp","href":"https:\/\/api.w.org\/{rel}","templated":true}]}}