{"id":2665,"date":"2017-02-20T15:05:18","date_gmt":"2017-02-20T14:05:18","guid":{"rendered":"https:\/\/www.rijeka.hr\/en\/?page_id=2665"},"modified":"2019-10-24T13:20:04","modified_gmt":"2019-10-24T11:20:04","slug":"local-boards","status":"publish","type":"page","link":"https:\/\/www.rijeka.hr\/en\/local-boards\/","title":{"rendered":"Local boards"},"content":{"rendered":"<table border=\"0\" width=\"100%\" cellspacing=\"0\" cellpadding=\"0\">\n<tbody>\n<tr>\n<td>\n<h3><strong>Banderovo<\/strong><\/h3>\n<p><span class=\"meta-address\">Rudolfa Tom\u0161i\u0107a 15, Rijeka<\/span><br \/>\n<span class=\"meta-phone\">T. <a href=\"tel:+385%2051%20676%20050\">+385 51 676 050<\/a><\/span><\/td>\n<td>\n<h3><strong>Belveder<\/strong><\/h3>\n<p><span class=\"meta-address\">Vol\u010di\u0107ev trg 2, Rijeka<\/span><br \/>\n<span class=\"meta-phone\">T. <a href=\"tel:+385%2051%20511%20522\">+385 51 511 522<\/a><\/span><\/td>\n<td>\n<h3><strong>Brajda-Dolac<\/strong><\/h3>\n<p><span class=\"meta-address\">Pomerio 26, Rijeka<\/span><br \/>\n<span class=\"meta-phone\">T. <a href=\"tel:+385%2051%20336%20753\">+385 51 336 753<\/a><\/span><\/td>\n<td>\n<h3><strong>Bra\u0161\u0107ine-Pula<\/strong>c<\/h3>\n<p><span class=\"meta-address\">Vol\u010di\u0107ev trg 2, Rijeka<\/span><br \/>\n<span class=\"meta-phone\">T. <a href=\"tel:+385%2051%20511%20522\">+385 51 511 522<\/a><\/span><\/td>\n<\/tr>\n<tr>\n<td>\n<h3><strong>Bulevard<\/strong><\/h3>\n<p><span class=\"meta-address\">\u0160etali\u0161te Ivana Gorana Kova\u010di\u0107a 12, Rijeka, Croatia<\/span><br \/>\n<span class=\"meta-phone\">T. <a href=\"tel:+385%2051%20423%20602\">+385 51 423 602<\/a><\/span><\/td>\n<td><strong>Centar-Su\u0161ak<br \/>\n<\/strong><span class=\"meta-address\">\u0160etali\u0161te Andrije Ka\u010di\u0107a Mio\u0161i\u0107a 8A, Rijeka<\/span><br \/>\n<span class=\"meta-phone\">T. <a href=\"tel:+385%2051%20371%20138\">+385 51 371 138<\/a><\/span><\/td>\n<td>\n<h3><strong>Draga<\/strong><\/h3>\n<p><span class=\"meta-address\">Brig 24, Rijeka<\/span><br \/>\n<span class=\"meta-phone\">T. <a href=\"tel:+385%2051%20458%20270\">+385 51 458 270<\/a><\/span><\/td>\n<td>\n<h3><strong>Drenova<\/strong><\/h3>\n<p><span class=\"meta-address\">Cvetkov trg 1, Rijeka<\/span><br \/>\n<span class=\"meta-phone\">T. <a href=\"tel:+385%2051%20255%20275\">+385 51 255 275<\/a><\/span><\/td>\n<\/tr>\n<tr>\n<td>\n<h3><strong>Gornja Ve\u017eica<\/strong><\/h3>\n<p><span class=\"meta-address\">Ul. dr. Zdravka Ku\u010di\u0107a 1, Rijeka<\/span><br \/>\n<span class=\"meta-phone\">T. <a href=\"tel:+385%2051%20209%20938\">+385 51 209 938<\/a><\/span><\/td>\n<td>\n<h3><strong>Gornji Zamet<\/strong><\/h3>\n<p><span class=\"meta-address\">Milice Jadrani\u0107 2, Rijeka<\/span><br \/>\n<span class=\"meta-phone\">T. <a href=\"tel:+385%2051%20401%20872\">+385 51 401 872<\/a><\/span><\/td>\n<td>\n<h3><strong>Grad Trsat<\/strong><\/h3>\n<p><span class=\"meta-address\">Trg Viktora Bubnja 1<\/span><br \/>\n<span class=\"meta-phone\">T. <a href=\"tel:+385%2051%20209%20937\">+385 51 209 937<\/a><\/span><\/td>\n<td>\n<h3><strong>Grbci<\/strong><\/h3>\n<p><span class=\"meta-address\">Dra\u017ei\u010dka 4, Rijeka<\/span><br \/>\n<span class=\"meta-phone\">T. <a href=\"tel:+385%2051%20637%20741\">+385 51 637 741<\/a><\/span><\/td>\n<\/tr>\n<tr>\n<td>\n<h3><strong>Kantrida<\/strong><\/h3>\n<p><span class=\"meta-address\">Lovranska 10, Rijeka<\/span><br \/>\n<span class=\"meta-phone\">T. <a href=\"tel:+385%2051%20262%20854\">+385 51 262 854<\/a><\/span><\/td>\n<td>\n<h3><strong>Kozala<\/strong><\/h3>\n<p><span class=\"meta-address\">Vol\u010di\u0107ev trg 2, Rijeka<\/span><br \/>\n<span class=\"meta-phone\">T. <a href=\"tel:+385%2051%20546%20412\">+385 51 546 412<\/a><\/span><\/td>\n<td>\n<h3><strong>Krimeja<\/strong><\/h3>\n<p><span class=\"meta-address\">Kumi\u010di\u0107eva 50, Rijeka<\/span><br \/>\n<span class=\"meta-phone\">T. <a href=\"tel:+385%2051%20216%20597\">+385 51 216 597<\/a><\/span><\/td>\n<td>\n<h3><strong>Luka<\/strong><\/h3>\n<p><span class=\"meta-address\">Verdieva 11, Rijeka<\/span><br \/>\n<span class=\"meta-phone\">T. <a href=\"tel:+385%2051%20336%20081\">+385 51 336 081<\/a><\/span><\/td>\n<\/tr>\n<tr>\n<td>\n<h3><strong>Mlaka<\/strong><\/h3>\n<p><span class=\"meta-address\">Ul. Giuseppea Duelle 2, 51000, Rijeka<\/span><br \/>\n<span class=\"meta-phone\">T. <a href=\"tel:+385%2051%20672%20241\">+385 51 672 241<\/a><\/span><\/td>\n<td>\n<h3><strong>Orehovica<\/strong><\/h3>\n<p><span class=\"meta-address\">Kalina 2, Rijeka<\/span><br \/>\n<span class=\"meta-phone\">T. <a href=\"tel:+385%2051%20459%20068\">+385 51 459 068<\/a><\/span><\/td>\n<td>\n<h3><strong>Pa\u0161ac<\/strong><\/h3>\n<p><span class=\"meta-address\">Balde Fu\u0107ka 39, Rijeka<\/span><br \/>\n<span class=\"meta-phone\">T. <a href=\"tel:+385%2051%20252%20530\">+385 51 252 530<\/a><\/span><\/td>\n<td>\n<h3><strong>Pe\u0107ine<\/strong><\/h3>\n<p><span class=\"meta-address\">Ulica Janka Poli\u0107a Kamova 73A, Rijeka<\/span><br \/>\n<span class=\"meta-phone\">T. <a href=\"tel:+385%2051%20436%20233\">+385 51 436 233<\/a><\/span><\/td>\n<\/tr>\n<tr>\n<td>\n<h3><strong>Pehlin<\/strong><\/h3>\n<p><span class=\"meta-address\">Pehlin 58, Rijeka<\/span><br \/>\n<span class=\"meta-phone\">T. <a href=\"tel:+385%2051%20269%20617\">+385 51 269 617<\/a><\/span><\/td>\n<td>\n<h3><strong>Podmurvice<\/strong><\/h3>\n<p><span class=\"meta-address\">Dubrova\u010dka 2, Rijeka<\/span><br \/>\n<span class=\"meta-phone\">T. <a href=\"tel:+385%2051%20672%20365\">+385 51 672 365<\/a><\/span><\/td>\n<td>\n<h3><strong>Podve\u017eica<\/strong><\/h3>\n<p><span class=\"meta-address\">Kvaternikova 58, Rijeka<\/span><br \/>\n<span class=\"meta-phone\">T. <a href=\"tel:+385%2051%20209%20917\">+385 51 209 917<\/a><\/span><\/td>\n<td>\n<h3><strong>Potok<\/strong><\/h3>\n<p><span class=\"meta-address\">Milana Butkovi\u0107a 2, Rijeka<\/span><br \/>\n<span class=\"meta-phone\">T. <a href=\"tel:+385%2051%20211%20168\">+385 51 211 168<\/a><\/span><\/td>\n<\/tr>\n<tr>\n<td>\n<h3><strong>\u0160kolji\u0107 -Stari grad<\/strong><\/h3>\n<p><span class=\"meta-address\">Ulica \u017drtava fa\u0161izma 2, Rijeka<\/span><br \/>\n<span class=\"meta-phone\">T. <a href=\"tel:+385%2051%20209%20370\">+385 51 209 370<\/a><\/span><\/td>\n<td>\n<h3><strong>\u0160kurinje<\/strong><\/h3>\n<p><span class=\"meta-address\">Save Jugo-Bujkove 44, Rijeka<\/span><br \/>\n<span class=\"meta-phone\">T. <a href=\"tel:+385%2051%20268%20100\">+385 51 268 100<\/a><\/span><\/td>\n<td>\n<h3><strong>\u0160kurinjska Draga<\/strong><\/h3>\n<p><span class=\"meta-address\">Pore\u010dka 94, Rijeka<\/span><br \/>\n<span class=\"meta-phone\">T. <a href=\"tel:+385%2051%20514%20968\">+385 51 514 968<\/a><\/span><\/td>\n<td>\n<h3><strong>Srdo\u010di<\/strong><\/h3>\n<p><span class=\"meta-address\">Miroslava Krle\u017ee 4, Rijeka<\/span><br \/>\n<span class=\"meta-phone\">T. <a href=\"tel:+385%2051%20624%20358\">+385 51 624 358<\/a><\/span><\/td>\n<\/tr>\n<tr>\n<td>\n<h3><strong>Sveti Kuzam<\/strong><\/h3>\n<p><span class=\"meta-address\">Sveti Kuzam 19, Rijeka<\/span><br \/>\n<span class=\"meta-phone\">T. <a href=\"tel:+385%2051%20251%20498\">+385 51 251 498<\/a><\/span><\/td>\n<td>\n<h3><strong>Sveti Nikola<\/strong><\/h3>\n<p><span class=\"meta-address\">Zametska ulica 6, Rijeka<\/span><br \/>\n<span class=\"meta-phone\">T. <a href=\"tel:+385 51 209 918\">+385 51 209 918<\/a><\/span><\/td>\n<td>\n<h3><strong>Svilno<\/strong><\/h3>\n<p><span class=\"meta-address\">Svilno 82, Rijeka<\/span><br \/>\n<span class=\"meta-phone\">T. <a href=\"tel:+385%2051%20252%20298\">+385 51 252 298<\/a><\/span><\/td>\n<td>\n<h3><strong>Turni\u0107<\/strong><\/h3>\n<p><span class=\"meta-address\">Franje \u010candeka 36B, Rijeka<\/span><br \/>\n<span class=\"meta-phone\">T. <a href=\"tel:+385 51 209-919\">+385 51 209-919<\/a><\/span><\/td>\n<\/tr>\n<tr>\n<td>\n<h3><strong>Vojak<\/strong><\/h3>\n<p><span class=\"meta-address\">Mihanovi\u0107eva 1B, Rijeka<\/span><br \/>\n<span class=\"meta-phone\">T. <a href=\"tel:+385%2051%20422%20328\">+385 51 422 328<\/a><\/span><\/td>\n<td>\n<h3><strong>Zamet<\/strong><\/h3>\n<p><span class=\"meta-address\">Trg rije\u010dkih olimpijaca 3, Rijeka<\/span><br \/>\n<span class=\"meta-phone\">T. <a href=\"tel:+385%2051%20209%20270\">+385 51 209 270<\/a><\/span><\/td>\n<td><\/td>\n<td><\/td>\n<\/tr>\n<\/tbody>\n<\/table>\n<p>&nbsp;<\/p>\n","protected":false},"excerpt":{"rendered":"<p>Banderovo Rudolfa Tom\u0161i\u0107a 15, Rijeka T. +385 51 676 050 Belveder Vol\u010di\u0107ev trg 2, Rijeka T. +385 51 511 522 Brajda-Dolac Pomerio 26, Rijeka T. +385 51 336 753 Bra\u0161\u0107ine-Pulac Vol\u010di\u0107ev trg 2, Rijeka T. +385 51 511 522 Bulevard \u0160etali\u0161te Ivana Gorana Kova\u010di\u0107a 12, Rijeka, Croatia T. +385 51 423 602 Centar-Su\u0161ak \u0160etali\u0161te Andrije&#8230;<\/p>\n","protected":false},"author":2,"featured_media":0,"parent":0,"menu_order":169,"comment_status":"closed","ping_status":"closed","template":"","meta":{"_acf_changed":false,"_trash_the_other_posts":false,"footnotes":"","_links_to":"","_links_to_target":""},"tags":[],"class_list":["post-2665","page","type-page","status-publish","hentry"],"acf":[],"yoast_head":"<!-- This site is optimized with the Yoast SEO plugin v24.4 - https:\/\/yoast.com\/wordpress\/plugins\/seo\/ -->\n<title>Local boards - City of Rijeka<\/title>\n<meta name=\"robots\" content=\"index, follow, max-snippet:-1, max-image-preview:large, max-video-preview:-1\" \/>\n<link rel=\"canonical\" href=\"https:\/\/www.rijeka.hr\/en\/local-boards\/\" \/>\n<meta property=\"og:locale\" content=\"en_US\" \/>\n<meta property=\"og:type\" content=\"article\" \/>\n<meta property=\"og:title\" content=\"Local boards - City of Rijeka\" \/>\n<meta property=\"og:description\" content=\"Banderovo Rudolfa Tom\u0161i\u0107a 15, Rijeka T. +385 51 676 050 Belveder Vol\u010di\u0107ev trg 2, Rijeka T. +385 51 511 522 Brajda-Dolac Pomerio 26, Rijeka T. +385 51 336 753 Bra\u0161\u0107ine-Pulac Vol\u010di\u0107ev trg 2, Rijeka T. +385 51 511 522 Bulevard \u0160etali\u0161te Ivana Gorana Kova\u010di\u0107a 12, Rijeka, Croatia T. +385 51 423 602 Centar-Su\u0161ak \u0160etali\u0161te Andrije...\" \/>\n<meta property=\"og:url\" content=\"https:\/\/www.rijeka.hr\/en\/local-boards\/\" \/>\n<meta property=\"og:site_name\" content=\"City of Rijeka\" \/>\n<meta property=\"article:modified_time\" content=\"2019-10-24T11:20:04+00:00\" \/>\n<meta name=\"twitter:card\" content=\"summary_large_image\" \/>\n<meta name=\"twitter:label1\" content=\"Est. reading time\" \/>\n\t<meta name=\"twitter:data1\" content=\"1 minute\" \/>\n<script type=\"application\/ld+json\" class=\"yoast-schema-graph\">{\"@context\":\"https:\/\/schema.org\",\"@graph\":[{\"@type\":\"WebPage\",\"@id\":\"https:\/\/www.rijeka.hr\/en\/local-boards\/\",\"url\":\"https:\/\/www.rijeka.hr\/en\/local-boards\/\",\"name\":\"Local boards - City of Rijeka\",\"isPartOf\":{\"@id\":\"https:\/\/www.rijeka.hr\/en\/#website\"},\"datePublished\":\"2017-02-20T14:05:18+00:00\",\"dateModified\":\"2019-10-24T11:20:04+00:00\",\"breadcrumb\":{\"@id\":\"https:\/\/www.rijeka.hr\/en\/local-boards\/#breadcrumb\"},\"inLanguage\":\"en-US\",\"potentialAction\":[{\"@type\":\"ReadAction\",\"target\":[\"https:\/\/www.rijeka.hr\/en\/local-boards\/\"]}]},{\"@type\":\"BreadcrumbList\",\"@id\":\"https:\/\/www.rijeka.hr\/en\/local-boards\/#breadcrumb\",\"itemListElement\":[{\"@type\":\"ListItem\",\"position\":1,\"name\":\"Po\u010detna stranica\",\"item\":\"https:\/\/www.rijeka.hr\/en\/\"},{\"@type\":\"ListItem\",\"position\":2,\"name\":\"Local boards\"}]},{\"@type\":\"WebSite\",\"@id\":\"https:\/\/www.rijeka.hr\/en\/#website\",\"url\":\"https:\/\/www.rijeka.hr\/en\/\",\"name\":\"City of Rijeka\",\"description\":\"City of Rijeka web Portal\",\"potentialAction\":[{\"@type\":\"SearchAction\",\"target\":{\"@type\":\"EntryPoint\",\"urlTemplate\":\"https:\/\/www.rijeka.hr\/en\/?s={search_term_string}\"},\"query-input\":{\"@type\":\"PropertyValueSpecification\",\"valueRequired\":true,\"valueName\":\"search_term_string\"}}],\"inLanguage\":\"en-US\"}]}<\/script>\n<!-- \/ Yoast SEO plugin. -->","yoast_head_json":{"title":"Local boards - City of Rijeka","robots":{"index":"index","follow":"follow","max-snippet":"max-snippet:-1","max-image-preview":"max-image-preview:large","max-video-preview":"max-video-preview:-1"},"canonical":"https:\/\/www.rijeka.hr\/en\/local-boards\/","og_locale":"en_US","og_type":"article","og_title":"Local boards - City of Rijeka","og_description":"Banderovo Rudolfa Tom\u0161i\u0107a 15, Rijeka T. +385 51 676 050 Belveder Vol\u010di\u0107ev trg 2, Rijeka T. +385 51 511 522 Brajda-Dolac Pomerio 26, Rijeka T. +385 51 336 753 Bra\u0161\u0107ine-Pulac Vol\u010di\u0107ev trg 2, Rijeka T. +385 51 511 522 Bulevard \u0160etali\u0161te Ivana Gorana Kova\u010di\u0107a 12, Rijeka, Croatia T. +385 51 423 602 Centar-Su\u0161ak \u0160etali\u0161te Andrije...","og_url":"https:\/\/www.rijeka.hr\/en\/local-boards\/","og_site_name":"City of Rijeka","article_modified_time":"2019-10-24T11:20:04+00:00","twitter_card":"summary_large_image","twitter_misc":{"Est. reading time":"1 minute"},"schema":{"@context":"https:\/\/schema.org","@graph":[{"@type":"WebPage","@id":"https:\/\/www.rijeka.hr\/en\/local-boards\/","url":"https:\/\/www.rijeka.hr\/en\/local-boards\/","name":"Local boards - City of Rijeka","isPartOf":{"@id":"https:\/\/www.rijeka.hr\/en\/#website"},"datePublished":"2017-02-20T14:05:18+00:00","dateModified":"2019-10-24T11:20:04+00:00","breadcrumb":{"@id":"https:\/\/www.rijeka.hr\/en\/local-boards\/#breadcrumb"},"inLanguage":"en-US","potentialAction":[{"@type":"ReadAction","target":["https:\/\/www.rijeka.hr\/en\/local-boards\/"]}]},{"@type":"BreadcrumbList","@id":"https:\/\/www.rijeka.hr\/en\/local-boards\/#breadcrumb","itemListElement":[{"@type":"ListItem","position":1,"name":"Po\u010detna stranica","item":"https:\/\/www.rijeka.hr\/en\/"},{"@type":"ListItem","position":2,"name":"Local boards"}]},{"@type":"WebSite","@id":"https:\/\/www.rijeka.hr\/en\/#website","url":"https:\/\/www.rijeka.hr\/en\/","name":"City of Rijeka","description":"City of Rijeka web Portal","potentialAction":[{"@type":"SearchAction","target":{"@type":"EntryPoint","urlTemplate":"https:\/\/www.rijeka.hr\/en\/?s={search_term_string}"},"query-input":{"@type":"PropertyValueSpecification","valueRequired":true,"valueName":"search_term_string"}}],"inLanguage":"en-US"}]}},"_links":{"self":[{"href":"https:\/\/www.rijeka.hr\/en\/wp-json\/wp\/v2\/pages\/2665","targetHints":{"allow":["GET"]}}],"collection":[{"href":"https:\/\/www.rijeka.hr\/en\/wp-json\/wp\/v2\/pages"}],"about":[{"href":"https:\/\/www.rijeka.hr\/en\/wp-json\/wp\/v2\/types\/page"}],"author":[{"embeddable":true,"href":"https:\/\/www.rijeka.hr\/en\/wp-json\/wp\/v2\/users\/2"}],"replies":[{"embeddable":true,"href":"https:\/\/www.rijeka.hr\/en\/wp-json\/wp\/v2\/comments?post=2665"}],"version-history":[{"count":15,"href":"https:\/\/www.rijeka.hr\/en\/wp-json\/wp\/v2\/pages\/2665\/revisions"}],"predecessor-version":[{"id":4869,"href":"https:\/\/www.rijeka.hr\/en\/wp-json\/wp\/v2\/pages\/2665\/revisions\/4869"}],"wp:attachment":[{"href":"https:\/\/www.rijeka.hr\/en\/wp-json\/wp\/v2\/media?parent=2665"}],"wp:term":[{"taxonomy":"post_tag","embeddable":true,"href":"https:\/\/www.rijeka.hr\/en\/wp-json\/wp\/v2\/tags?post=2665"}],"curies":[{"name":"wp","href":"https:\/\/api.w.org\/{rel}","templated":true}]}}