{"id":2714,"date":"2017-02-27T10:54:01","date_gmt":"2017-02-27T09:54:01","guid":{"rendered":"https:\/\/www.rijeka.hr\/en\/?page_id=2714"},"modified":"2019-04-23T09:35:47","modified_gmt":"2019-04-23T07:35:47","slug":"archaeological-research-pul-vele-crikve-sqare","status":"publish","type":"page","link":"https:\/\/www.rijeka.hr\/en\/themes-for-citizens\/culture\/cultural-heritage\/capital-programmes-cultural-heritage-protection-conservation\/archaeological-research-pul-vele-crikve-sqare\/","title":{"rendered":"Archaeological research in Pul Vele Crikve sqare"},"content":{"rendered":"<p>In the Old Town, Pul Vele Crikve Square, at the site where first Christian religious buildings of former settlement Tarsatica were discovered and archaeological remains of Roman baths, the Croatian Conservation Institute with support from the City of Rijeka carried out protective archaeological research.<\/p>\n<p>Archaeological research was carried out through programmes aimed at protecting and conserving cultural heritage in the field of archaeology.<\/p>\n<p>Interesting archaeological finds were discovered. Thus, during the research at the site where Jela\u010di\u0107 Square and U\u017earska Street meet, the remains of ancient walls were found while in front of the building that hosts Croatia Records ancient baths were discovered. It proved that the baths were built in two phases during the 1<sup>st<\/sup> and the 4<sup>th<\/sup> century, and the remains of a hypocaust were also found \u2013 an underfloor heating system for premises and pools. Also some medieval finds were discovered which are assumed to belong to St Bernard\u2019s church.<\/p>\n","protected":false},"excerpt":{"rendered":"<p>In the Old Town, Pul Vele Crikve Square, at the site where first Christian religious buildings of former settlement Tarsatica were discovered and archaeological remains of Roman baths, the Croatian Conservation Institute with support from the City of Rijeka carried out protective archaeological research. Archaeological research was carried out through programmes aimed at protecting and&#8230;<\/p>\n","protected":false},"author":14,"featured_media":0,"parent":2711,"menu_order":0,"comment_status":"closed","ping_status":"closed","template":"","meta":{"_acf_changed":false,"_trash_the_other_posts":false,"footnotes":"","_links_to":"","_links_to_target":""},"tags":[],"class_list":["post-2714","page","type-page","status-publish","hentry"],"acf":[],"yoast_head":"<!-- This site is optimized with the Yoast SEO plugin v24.4 - https:\/\/yoast.com\/wordpress\/plugins\/seo\/ -->\n<title>Archaeological research in Pul Vele Crikve sqare - City of Rijeka<\/title>\n<meta name=\"robots\" content=\"index, follow, max-snippet:-1, max-image-preview:large, max-video-preview:-1\" \/>\n<link rel=\"canonical\" href=\"https:\/\/www.rijeka.hr\/en\/themes-for-citizens\/culture\/cultural-heritage\/capital-programmes-cultural-heritage-protection-conservation\/archaeological-research-pul-vele-crikve-sqare\/\" \/>\n<meta property=\"og:locale\" content=\"en_US\" \/>\n<meta property=\"og:type\" content=\"article\" \/>\n<meta property=\"og:title\" content=\"Archaeological research in Pul Vele Crikve sqare - City of Rijeka\" \/>\n<meta property=\"og:description\" content=\"In the Old Town, Pul Vele Crikve Square, at the site where first Christian religious buildings of former settlement Tarsatica were discovered and archaeological remains of Roman baths, the Croatian Conservation Institute with support from the City of Rijeka carried out protective archaeological research. Archaeological research was carried out through programmes aimed at protecting and...\" \/>\n<meta property=\"og:url\" content=\"https:\/\/www.rijeka.hr\/en\/themes-for-citizens\/culture\/cultural-heritage\/capital-programmes-cultural-heritage-protection-conservation\/archaeological-research-pul-vele-crikve-sqare\/\" \/>\n<meta property=\"og:site_name\" content=\"City of Rijeka\" \/>\n<meta property=\"article:modified_time\" content=\"2019-04-23T07:35:47+00:00\" \/>\n<meta name=\"twitter:card\" content=\"summary_large_image\" \/>\n<meta name=\"twitter:label1\" content=\"Est. reading time\" \/>\n\t<meta name=\"twitter:data1\" content=\"1 minute\" \/>\n<script type=\"application\/ld+json\" class=\"yoast-schema-graph\">{\"@context\":\"https:\/\/schema.org\",\"@graph\":[{\"@type\":\"WebPage\",\"@id\":\"https:\/\/www.rijeka.hr\/en\/themes-for-citizens\/culture\/cultural-heritage\/capital-programmes-cultural-heritage-protection-conservation\/archaeological-research-pul-vele-crikve-sqare\/\",\"url\":\"https:\/\/www.rijeka.hr\/en\/themes-for-citizens\/culture\/cultural-heritage\/capital-programmes-cultural-heritage-protection-conservation\/archaeological-research-pul-vele-crikve-sqare\/\",\"name\":\"Archaeological research in Pul Vele Crikve sqare - City of Rijeka\",\"isPartOf\":{\"@id\":\"https:\/\/www.rijeka.hr\/en\/#website\"},\"datePublished\":\"2017-02-27T09:54:01+00:00\",\"dateModified\":\"2019-04-23T07:35:47+00:00\",\"breadcrumb\":{\"@id\":\"https:\/\/www.rijeka.hr\/en\/themes-for-citizens\/culture\/cultural-heritage\/capital-programmes-cultural-heritage-protection-conservation\/archaeological-research-pul-vele-crikve-sqare\/#breadcrumb\"},\"inLanguage\":\"en-US\",\"potentialAction\":[{\"@type\":\"ReadAction\",\"target\":[\"https:\/\/www.rijeka.hr\/en\/themes-for-citizens\/culture\/cultural-heritage\/capital-programmes-cultural-heritage-protection-conservation\/archaeological-research-pul-vele-crikve-sqare\/\"]}]},{\"@type\":\"BreadcrumbList\",\"@id\":\"https:\/\/www.rijeka.hr\/en\/themes-for-citizens\/culture\/cultural-heritage\/capital-programmes-cultural-heritage-protection-conservation\/archaeological-research-pul-vele-crikve-sqare\/#breadcrumb\",\"itemListElement\":[{\"@type\":\"ListItem\",\"position\":1,\"name\":\"Po\u010detna stranica\",\"item\":\"https:\/\/www.rijeka.hr\/en\/\"},{\"@type\":\"ListItem\",\"position\":2,\"name\":\"Themes for citizens\",\"item\":\"https:\/\/www.rijeka.hr\/en\/themes-for-citizens\/\"},{\"@type\":\"ListItem\",\"position\":3,\"name\":\"Culture\",\"item\":\"https:\/\/www.rijeka.hr\/en\/themes-for-citizens\/culture\/\"},{\"@type\":\"ListItem\",\"position\":4,\"name\":\"Cultural heritage\",\"item\":\"https:\/\/www.rijeka.hr\/en\/themes-for-citizens\/culture\/cultural-heritage\/\"},{\"@type\":\"ListItem\",\"position\":5,\"name\":\"Capital programmes of cultural heritage protection and conservation\",\"item\":\"https:\/\/www.rijeka.hr\/en\/themes-for-citizens\/culture\/cultural-heritage\/capital-programmes-cultural-heritage-protection-conservation\/\"},{\"@type\":\"ListItem\",\"position\":6,\"name\":\"Archaeological research in Pul Vele Crikve sqare\"}]},{\"@type\":\"WebSite\",\"@id\":\"https:\/\/www.rijeka.hr\/en\/#website\",\"url\":\"https:\/\/www.rijeka.hr\/en\/\",\"name\":\"City of Rijeka\",\"description\":\"City of Rijeka web Portal\",\"potentialAction\":[{\"@type\":\"SearchAction\",\"target\":{\"@type\":\"EntryPoint\",\"urlTemplate\":\"https:\/\/www.rijeka.hr\/en\/?s={search_term_string}\"},\"query-input\":{\"@type\":\"PropertyValueSpecification\",\"valueRequired\":true,\"valueName\":\"search_term_string\"}}],\"inLanguage\":\"en-US\"}]}<\/script>\n<!-- \/ Yoast SEO plugin. -->","yoast_head_json":{"title":"Archaeological research in Pul Vele Crikve sqare - City of Rijeka","robots":{"index":"index","follow":"follow","max-snippet":"max-snippet:-1","max-image-preview":"max-image-preview:large","max-video-preview":"max-video-preview:-1"},"canonical":"https:\/\/www.rijeka.hr\/en\/themes-for-citizens\/culture\/cultural-heritage\/capital-programmes-cultural-heritage-protection-conservation\/archaeological-research-pul-vele-crikve-sqare\/","og_locale":"en_US","og_type":"article","og_title":"Archaeological research in Pul Vele Crikve sqare - City of Rijeka","og_description":"In the Old Town, Pul Vele Crikve Square, at the site where first Christian religious buildings of former settlement Tarsatica were discovered and archaeological remains of Roman baths, the Croatian Conservation Institute with support from the City of Rijeka carried out protective archaeological research. Archaeological research was carried out through programmes aimed at protecting and...","og_url":"https:\/\/www.rijeka.hr\/en\/themes-for-citizens\/culture\/cultural-heritage\/capital-programmes-cultural-heritage-protection-conservation\/archaeological-research-pul-vele-crikve-sqare\/","og_site_name":"City of Rijeka","article_modified_time":"2019-04-23T07:35:47+00:00","twitter_card":"summary_large_image","twitter_misc":{"Est. reading time":"1 minute"},"schema":{"@context":"https:\/\/schema.org","@graph":[{"@type":"WebPage","@id":"https:\/\/www.rijeka.hr\/en\/themes-for-citizens\/culture\/cultural-heritage\/capital-programmes-cultural-heritage-protection-conservation\/archaeological-research-pul-vele-crikve-sqare\/","url":"https:\/\/www.rijeka.hr\/en\/themes-for-citizens\/culture\/cultural-heritage\/capital-programmes-cultural-heritage-protection-conservation\/archaeological-research-pul-vele-crikve-sqare\/","name":"Archaeological research in Pul Vele Crikve sqare - City of Rijeka","isPartOf":{"@id":"https:\/\/www.rijeka.hr\/en\/#website"},"datePublished":"2017-02-27T09:54:01+00:00","dateModified":"2019-04-23T07:35:47+00:00","breadcrumb":{"@id":"https:\/\/www.rijeka.hr\/en\/themes-for-citizens\/culture\/cultural-heritage\/capital-programmes-cultural-heritage-protection-conservation\/archaeological-research-pul-vele-crikve-sqare\/#breadcrumb"},"inLanguage":"en-US","potentialAction":[{"@type":"ReadAction","target":["https:\/\/www.rijeka.hr\/en\/themes-for-citizens\/culture\/cultural-heritage\/capital-programmes-cultural-heritage-protection-conservation\/archaeological-research-pul-vele-crikve-sqare\/"]}]},{"@type":"BreadcrumbList","@id":"https:\/\/www.rijeka.hr\/en\/themes-for-citizens\/culture\/cultural-heritage\/capital-programmes-cultural-heritage-protection-conservation\/archaeological-research-pul-vele-crikve-sqare\/#breadcrumb","itemListElement":[{"@type":"ListItem","position":1,"name":"Po\u010detna stranica","item":"https:\/\/www.rijeka.hr\/en\/"},{"@type":"ListItem","position":2,"name":"Themes for citizens","item":"https:\/\/www.rijeka.hr\/en\/themes-for-citizens\/"},{"@type":"ListItem","position":3,"name":"Culture","item":"https:\/\/www.rijeka.hr\/en\/themes-for-citizens\/culture\/"},{"@type":"ListItem","position":4,"name":"Cultural heritage","item":"https:\/\/www.rijeka.hr\/en\/themes-for-citizens\/culture\/cultural-heritage\/"},{"@type":"ListItem","position":5,"name":"Capital programmes of cultural heritage protection and conservation","item":"https:\/\/www.rijeka.hr\/en\/themes-for-citizens\/culture\/cultural-heritage\/capital-programmes-cultural-heritage-protection-conservation\/"},{"@type":"ListItem","position":6,"name":"Archaeological research in Pul Vele Crikve sqare"}]},{"@type":"WebSite","@id":"https:\/\/www.rijeka.hr\/en\/#website","url":"https:\/\/www.rijeka.hr\/en\/","name":"City of Rijeka","description":"City of Rijeka web Portal","potentialAction":[{"@type":"SearchAction","target":{"@type":"EntryPoint","urlTemplate":"https:\/\/www.rijeka.hr\/en\/?s={search_term_string}"},"query-input":{"@type":"PropertyValueSpecification","valueRequired":true,"valueName":"search_term_string"}}],"inLanguage":"en-US"}]}},"_links":{"self":[{"href":"https:\/\/www.rijeka.hr\/en\/wp-json\/wp\/v2\/pages\/2714","targetHints":{"allow":["GET"]}}],"collection":[{"href":"https:\/\/www.rijeka.hr\/en\/wp-json\/wp\/v2\/pages"}],"about":[{"href":"https:\/\/www.rijeka.hr\/en\/wp-json\/wp\/v2\/types\/page"}],"author":[{"embeddable":true,"href":"https:\/\/www.rijeka.hr\/en\/wp-json\/wp\/v2\/users\/14"}],"replies":[{"embeddable":true,"href":"https:\/\/www.rijeka.hr\/en\/wp-json\/wp\/v2\/comments?post=2714"}],"version-history":[{"count":8,"href":"https:\/\/www.rijeka.hr\/en\/wp-json\/wp\/v2\/pages\/2714\/revisions"}],"predecessor-version":[{"id":7494,"href":"https:\/\/www.rijeka.hr\/en\/wp-json\/wp\/v2\/pages\/2714\/revisions\/7494"}],"up":[{"embeddable":true,"href":"https:\/\/www.rijeka.hr\/en\/wp-json\/wp\/v2\/pages\/2711"}],"wp:attachment":[{"href":"https:\/\/www.rijeka.hr\/en\/wp-json\/wp\/v2\/media?parent=2714"}],"wp:term":[{"taxonomy":"post_tag","embeddable":true,"href":"https:\/\/www.rijeka.hr\/en\/wp-json\/wp\/v2\/tags?post=2714"}],"curies":[{"name":"wp","href":"https:\/\/api.w.org\/{rel}","templated":true}]}}