{"id":2730,"date":"2017-02-27T12:09:14","date_gmt":"2017-02-27T11:09:14","guid":{"rendered":"https:\/\/www.rijeka.hr\/en\/?page_id=2730"},"modified":"2021-04-28T10:06:14","modified_gmt":"2021-04-28T08:06:14","slug":"kozala-trsat-cemeteries","status":"publish","type":"page","link":"https:\/\/www.rijeka.hr\/en\/themes-for-citizens\/culture\/cultural-heritage\/capital-programmes-cultural-heritage-protection-conservation\/kozala-trsat-cemeteries\/","title":{"rendered":"Kozala and Trsat cemeteries"},"content":{"rendered":"<h2>Since 2006, the cemeteries Kozala and Trsat in Rijeka have been permanently protected as cultural and historical complexes and have the characteristic of cultural heritage.<\/h2>\n<p>The Kozala cemetery was founded on the basis of a design prepared by Luigi Emily dated back to 1856, who also designed the separate part of the Jewish cemetery (1885), built the Chapel of St Michael and the auxiliary buildings. The central part of the cemetery (the so-called horseshoe) and peripheral parts on different levels were designed by Venceslao Celligoi \u00a01886\/1892. This idea was realised between 1895 and 1915.<\/p>\n<p>At the cemetery, there is a large number of quality architectural and sculptural pieces on crypts and tombs, realised according to projects prepared by renowned architects and sculptors from Rijeka. There is a large number of graves of persons of importance for Croatian history (the Whitehead family, Erazmo Bar\u010di\u0107, the Meynier family and others). Grave horticulture plays an important role in landscape architecture. In the territory of the cultural and historical complex of the Kozala cemetery, the following mausoleums are protected cultural goods: Gorup, Manasteriotti and Whitehead.<\/p>\n<p>The Trsat cemetery in Rijeka was opened in 1901. The cemetery contains a large number of quality crypts and tombs built according to projects of renowned Croatian and local architects and sculptors from Rijeka and Su\u0161ak. There is a large number of graves of persons of importance for Croatian history (Trnski, Ramous, Turkovi\u0107, Ru\u017ei\u0107 etc.). As a memorial park, its grave horticulture plays an important role in landscape architecture.<\/p>\n<p>With the aim of recording, conserving and protecting the cemeteries, the City of Rijeka entered into an agreement with the Ministry of Culture, the Directorate for the Protection of Cultural Heritage \u2013 Conservation Department in Rijeka for the preparation of architectural heritage surveys of the Kozala and Trsat cemeteries. The surveys have an exceptional value and importance to the City of Rijeka and the Republic of Croatia in the sense of conserving and protecting national and European cultural heritage.<\/p>\n<p>Since 2005, the City of Rijeka has continuously co-financed from funds collected on behalf of the monument annuity the implementation of protective works on the conservation of the architectural heritage of the Kozala cemetery carried out by the utility company Kozala. In 2006, the Kobler crypt was restored and maintenance works were carried out and the chapels \u201cSmith-Maynier\u201d and \u201cBranchetta\u201d were restored, as well as the crypts \u201cCiotta\u201d, \u201cLengyel Camillo\u201d and \u201cHajnal Antal and Mario\u201d.<\/p>\n<p>During 2007, mausoleums Whitehead and Gorup were restored as well as the Manasteriotti monument. In 2008, a conservation survey was drawn up and restoration and reconstruction project documentation for the Kopaiti\u0107-Battagliarini mausoleum.<\/p>\n<p>&nbsp;<\/p>\n","protected":false},"excerpt":{"rendered":"<p>Since 2006, the cemeteries Kozala and Trsat in Rijeka have been permanently protected as cultural and historical complexes and have the characteristic of cultural heritage. The Kozala cemetery was founded on the basis of a design prepared by Luigi Emily dated back to 1856, who also designed the separate part of the Jewish cemetery (1885),&#8230;<\/p>\n","protected":false},"author":14,"featured_media":0,"parent":2711,"menu_order":0,"comment_status":"closed","ping_status":"closed","template":"","meta":{"_acf_changed":false,"_trash_the_other_posts":false,"footnotes":"","_links_to":"","_links_to_target":""},"tags":[],"class_list":["post-2730","page","type-page","status-publish","hentry"],"acf":[],"yoast_head":"<!-- This site is optimized with the Yoast SEO plugin v24.4 - https:\/\/yoast.com\/wordpress\/plugins\/seo\/ -->\n<title>Kozala and Trsat cemeteries - City of Rijeka<\/title>\n<meta name=\"robots\" content=\"index, follow, max-snippet:-1, max-image-preview:large, max-video-preview:-1\" \/>\n<link rel=\"canonical\" href=\"https:\/\/www.rijeka.hr\/en\/themes-for-citizens\/culture\/cultural-heritage\/capital-programmes-cultural-heritage-protection-conservation\/kozala-trsat-cemeteries\/\" \/>\n<meta property=\"og:locale\" content=\"en_US\" \/>\n<meta property=\"og:type\" content=\"article\" \/>\n<meta property=\"og:title\" content=\"Kozala and Trsat cemeteries - City of Rijeka\" \/>\n<meta property=\"og:description\" content=\"Since 2006, the cemeteries Kozala and Trsat in Rijeka have been permanently protected as cultural and historical complexes and have the characteristic of cultural heritage. The Kozala cemetery was founded on the basis of a design prepared by Luigi Emily dated back to 1856, who also designed the separate part of the Jewish cemetery (1885),...\" \/>\n<meta property=\"og:url\" content=\"https:\/\/www.rijeka.hr\/en\/themes-for-citizens\/culture\/cultural-heritage\/capital-programmes-cultural-heritage-protection-conservation\/kozala-trsat-cemeteries\/\" \/>\n<meta property=\"og:site_name\" content=\"City of Rijeka\" \/>\n<meta property=\"article:modified_time\" content=\"2021-04-28T08:06:14+00:00\" \/>\n<meta name=\"twitter:card\" content=\"summary_large_image\" \/>\n<meta name=\"twitter:label1\" content=\"Est. reading time\" \/>\n\t<meta name=\"twitter:data1\" content=\"2 minutes\" \/>\n<script type=\"application\/ld+json\" class=\"yoast-schema-graph\">{\"@context\":\"https:\/\/schema.org\",\"@graph\":[{\"@type\":\"WebPage\",\"@id\":\"https:\/\/www.rijeka.hr\/en\/themes-for-citizens\/culture\/cultural-heritage\/capital-programmes-cultural-heritage-protection-conservation\/kozala-trsat-cemeteries\/\",\"url\":\"https:\/\/www.rijeka.hr\/en\/themes-for-citizens\/culture\/cultural-heritage\/capital-programmes-cultural-heritage-protection-conservation\/kozala-trsat-cemeteries\/\",\"name\":\"Kozala and Trsat cemeteries - City of Rijeka\",\"isPartOf\":{\"@id\":\"https:\/\/www.rijeka.hr\/en\/#website\"},\"datePublished\":\"2017-02-27T11:09:14+00:00\",\"dateModified\":\"2021-04-28T08:06:14+00:00\",\"breadcrumb\":{\"@id\":\"https:\/\/www.rijeka.hr\/en\/themes-for-citizens\/culture\/cultural-heritage\/capital-programmes-cultural-heritage-protection-conservation\/kozala-trsat-cemeteries\/#breadcrumb\"},\"inLanguage\":\"en-US\",\"potentialAction\":[{\"@type\":\"ReadAction\",\"target\":[\"https:\/\/www.rijeka.hr\/en\/themes-for-citizens\/culture\/cultural-heritage\/capital-programmes-cultural-heritage-protection-conservation\/kozala-trsat-cemeteries\/\"]}]},{\"@type\":\"BreadcrumbList\",\"@id\":\"https:\/\/www.rijeka.hr\/en\/themes-for-citizens\/culture\/cultural-heritage\/capital-programmes-cultural-heritage-protection-conservation\/kozala-trsat-cemeteries\/#breadcrumb\",\"itemListElement\":[{\"@type\":\"ListItem\",\"position\":1,\"name\":\"Po\u010detna stranica\",\"item\":\"https:\/\/www.rijeka.hr\/en\/\"},{\"@type\":\"ListItem\",\"position\":2,\"name\":\"Themes for citizens\",\"item\":\"https:\/\/www.rijeka.hr\/en\/themes-for-citizens\/\"},{\"@type\":\"ListItem\",\"position\":3,\"name\":\"Culture\",\"item\":\"https:\/\/www.rijeka.hr\/en\/themes-for-citizens\/culture\/\"},{\"@type\":\"ListItem\",\"position\":4,\"name\":\"Cultural heritage\",\"item\":\"https:\/\/www.rijeka.hr\/en\/themes-for-citizens\/culture\/cultural-heritage\/\"},{\"@type\":\"ListItem\",\"position\":5,\"name\":\"Capital programmes of cultural heritage protection and conservation\",\"item\":\"https:\/\/www.rijeka.hr\/en\/themes-for-citizens\/culture\/cultural-heritage\/capital-programmes-cultural-heritage-protection-conservation\/\"},{\"@type\":\"ListItem\",\"position\":6,\"name\":\"Kozala and Trsat cemeteries\"}]},{\"@type\":\"WebSite\",\"@id\":\"https:\/\/www.rijeka.hr\/en\/#website\",\"url\":\"https:\/\/www.rijeka.hr\/en\/\",\"name\":\"City of Rijeka\",\"description\":\"City of Rijeka web Portal\",\"potentialAction\":[{\"@type\":\"SearchAction\",\"target\":{\"@type\":\"EntryPoint\",\"urlTemplate\":\"https:\/\/www.rijeka.hr\/en\/?s={search_term_string}\"},\"query-input\":{\"@type\":\"PropertyValueSpecification\",\"valueRequired\":true,\"valueName\":\"search_term_string\"}}],\"inLanguage\":\"en-US\"}]}<\/script>\n<!-- \/ Yoast SEO plugin. -->","yoast_head_json":{"title":"Kozala and Trsat cemeteries - City of Rijeka","robots":{"index":"index","follow":"follow","max-snippet":"max-snippet:-1","max-image-preview":"max-image-preview:large","max-video-preview":"max-video-preview:-1"},"canonical":"https:\/\/www.rijeka.hr\/en\/themes-for-citizens\/culture\/cultural-heritage\/capital-programmes-cultural-heritage-protection-conservation\/kozala-trsat-cemeteries\/","og_locale":"en_US","og_type":"article","og_title":"Kozala and Trsat cemeteries - City of Rijeka","og_description":"Since 2006, the cemeteries Kozala and Trsat in Rijeka have been permanently protected as cultural and historical complexes and have the characteristic of cultural heritage. The Kozala cemetery was founded on the basis of a design prepared by Luigi Emily dated back to 1856, who also designed the separate part of the Jewish cemetery (1885),...","og_url":"https:\/\/www.rijeka.hr\/en\/themes-for-citizens\/culture\/cultural-heritage\/capital-programmes-cultural-heritage-protection-conservation\/kozala-trsat-cemeteries\/","og_site_name":"City of Rijeka","article_modified_time":"2021-04-28T08:06:14+00:00","twitter_card":"summary_large_image","twitter_misc":{"Est. reading time":"2 minutes"},"schema":{"@context":"https:\/\/schema.org","@graph":[{"@type":"WebPage","@id":"https:\/\/www.rijeka.hr\/en\/themes-for-citizens\/culture\/cultural-heritage\/capital-programmes-cultural-heritage-protection-conservation\/kozala-trsat-cemeteries\/","url":"https:\/\/www.rijeka.hr\/en\/themes-for-citizens\/culture\/cultural-heritage\/capital-programmes-cultural-heritage-protection-conservation\/kozala-trsat-cemeteries\/","name":"Kozala and Trsat cemeteries - City of Rijeka","isPartOf":{"@id":"https:\/\/www.rijeka.hr\/en\/#website"},"datePublished":"2017-02-27T11:09:14+00:00","dateModified":"2021-04-28T08:06:14+00:00","breadcrumb":{"@id":"https:\/\/www.rijeka.hr\/en\/themes-for-citizens\/culture\/cultural-heritage\/capital-programmes-cultural-heritage-protection-conservation\/kozala-trsat-cemeteries\/#breadcrumb"},"inLanguage":"en-US","potentialAction":[{"@type":"ReadAction","target":["https:\/\/www.rijeka.hr\/en\/themes-for-citizens\/culture\/cultural-heritage\/capital-programmes-cultural-heritage-protection-conservation\/kozala-trsat-cemeteries\/"]}]},{"@type":"BreadcrumbList","@id":"https:\/\/www.rijeka.hr\/en\/themes-for-citizens\/culture\/cultural-heritage\/capital-programmes-cultural-heritage-protection-conservation\/kozala-trsat-cemeteries\/#breadcrumb","itemListElement":[{"@type":"ListItem","position":1,"name":"Po\u010detna stranica","item":"https:\/\/www.rijeka.hr\/en\/"},{"@type":"ListItem","position":2,"name":"Themes for citizens","item":"https:\/\/www.rijeka.hr\/en\/themes-for-citizens\/"},{"@type":"ListItem","position":3,"name":"Culture","item":"https:\/\/www.rijeka.hr\/en\/themes-for-citizens\/culture\/"},{"@type":"ListItem","position":4,"name":"Cultural heritage","item":"https:\/\/www.rijeka.hr\/en\/themes-for-citizens\/culture\/cultural-heritage\/"},{"@type":"ListItem","position":5,"name":"Capital programmes of cultural heritage protection and conservation","item":"https:\/\/www.rijeka.hr\/en\/themes-for-citizens\/culture\/cultural-heritage\/capital-programmes-cultural-heritage-protection-conservation\/"},{"@type":"ListItem","position":6,"name":"Kozala and Trsat cemeteries"}]},{"@type":"WebSite","@id":"https:\/\/www.rijeka.hr\/en\/#website","url":"https:\/\/www.rijeka.hr\/en\/","name":"City of Rijeka","description":"City of Rijeka web Portal","potentialAction":[{"@type":"SearchAction","target":{"@type":"EntryPoint","urlTemplate":"https:\/\/www.rijeka.hr\/en\/?s={search_term_string}"},"query-input":{"@type":"PropertyValueSpecification","valueRequired":true,"valueName":"search_term_string"}}],"inLanguage":"en-US"}]}},"_links":{"self":[{"href":"https:\/\/www.rijeka.hr\/en\/wp-json\/wp\/v2\/pages\/2730","targetHints":{"allow":["GET"]}}],"collection":[{"href":"https:\/\/www.rijeka.hr\/en\/wp-json\/wp\/v2\/pages"}],"about":[{"href":"https:\/\/www.rijeka.hr\/en\/wp-json\/wp\/v2\/types\/page"}],"author":[{"embeddable":true,"href":"https:\/\/www.rijeka.hr\/en\/wp-json\/wp\/v2\/users\/14"}],"replies":[{"embeddable":true,"href":"https:\/\/www.rijeka.hr\/en\/wp-json\/wp\/v2\/comments?post=2730"}],"version-history":[{"count":6,"href":"https:\/\/www.rijeka.hr\/en\/wp-json\/wp\/v2\/pages\/2730\/revisions"}],"predecessor-version":[{"id":7562,"href":"https:\/\/www.rijeka.hr\/en\/wp-json\/wp\/v2\/pages\/2730\/revisions\/7562"}],"up":[{"embeddable":true,"href":"https:\/\/www.rijeka.hr\/en\/wp-json\/wp\/v2\/pages\/2711"}],"wp:attachment":[{"href":"https:\/\/www.rijeka.hr\/en\/wp-json\/wp\/v2\/media?parent=2730"}],"wp:term":[{"taxonomy":"post_tag","embeddable":true,"href":"https:\/\/www.rijeka.hr\/en\/wp-json\/wp\/v2\/tags?post=2730"}],"curies":[{"name":"wp","href":"https:\/\/api.w.org\/{rel}","templated":true}]}}