{"id":3920,"date":"2017-09-21T09:53:02","date_gmt":"2017-09-21T07:53:02","guid":{"rendered":"https:\/\/www.rijeka.hr\/en\/?page_id=3920"},"modified":"2021-05-19T12:08:45","modified_gmt":"2021-05-19T10:08:45","slug":"projekt-rijecke-setnice","status":"publish","type":"page","link":"https:\/\/www.rijeka.hr\/en\/themes-for-citizens\/sport-and-recreation\/strolling-paths-parks\/projekt-rijecke-setnice\/","title":{"rendered":"Rijeka Strolling Paths"},"content":{"rendered":"<p>The project \u201cRijeka Strolling Paths\u201d was realised in co-operation of the City of Rijeka and the mountaineering associations \u201cHT i HP U\u010dka\u201d, \u201cDuga\u201d and \u201cBazovica\u201d from Rijeka.<\/p>\n<p>The renewal of the Rijeka strolling paths is aimed at connecting the southeastern-most point with the northwestern-most point of the city area with strolling paths.<\/p>\n<p>\u201cThe ring\u201d of Rijeka strolling paths is divided in several sections and subsections (trails) that all begin and end at the bus stops of the urban bus carrier and pass through the most beautiful and the greenest city areas, with many historical monuments surrounding them.<\/p>\n<p>The strolling paths have been envisaged for the purpose of recreation and in order to encourage citizens to be physically active.<\/p>\n<p>The City of Rijeka also plans to realise a costal path whereby it will get a unique network of strolling paths.<\/p>\n<h2>Up to now the following sections of the strolling paths have been opened:<\/h2>\n<p><strong>Plumbum &#8211; Trsat<\/strong><\/p>\n<p>Within the project \u201cRijeka Strolling Paths\u201d the first section of the strolling path from Plumbum passing trough the quarters of Donja and Gornja Ve\u017eica, Sveti kri\u017e and Strmica to Trsat, 11.5 km long was opened in 2011.<\/p>\n\n    <div class=\"featured-download\">\n\n        <ul>\n                                                                                                    <li class=\"type-pdf\"><a href=\"https:\/\/www.rijeka.hr\/en\/wp-content\/uploads\/sites\/2\/2017\/09\/Karta-\u0161etnice-Plumbum-Trsat.pdf\">The map of strolling paths Plumbum - Trsat <em>[pdf, 5 MB]<\/em><\/a><\/li>\n                                                                                                                                            <li class=\"type-pdf\"><a href=\"https:\/\/www.rijeka.hr\/en\/wp-content\/uploads\/sites\/2\/2017\/09\/Detaljniji-opis-poddionica-prve-dionice.pdf\">A detailed description of the subsection of the first section <em>[pdf, 6 MB]<\/em><\/a><\/li>\n                                                                                                                                                                                                                                                                                                                                                                                                                                                                                                                                                                                                                                                                                                                                                                                                                                                                            <\/ul>\n \n    <\/div>\n\n    \n\n    <div class=\"featured-download\">\n\n        <ul>\n                                                                                                                                                                                                                                                                                                                                                                                                                                                                                                                                                                                                                                                                                                                                                                                                                                                                                                                                                                                                                    <\/ul>\n \n    <\/div>\n\n    \n<p><strong>Trsat \u2013 Orehovica \u2013 Mar\u0161i\u0107<\/strong><\/p>\n<p>The second section from Trsat to Orehovica, 2.5 km long, was opened in 2012.<\/p>\n\n    <div class=\"featured-download\">\n\n        <ul>\n                                                                                                    <li class=\"type-pdf\"><a href=\"https:\/\/www.rijeka.hr\/en\/wp-content\/uploads\/sites\/2\/2017\/09\/Karta-\u0161etnice-Trsat-Orehovica-Mar\u0161i\u0107.pdf\">The map of strolling paths Trsat - Orehovica - Mar\u0161i\u0107 <em>[pdf, 5 MB]<\/em><\/a><\/li>\n                                                                                                                                                                                                                                                                                                                                                                                                                                                                                                                                                                                                                                                                                                                                                                                                                                                                                                        <\/ul>\n \n    <\/div>\n\n    \n\n    <div class=\"featured-download\">\n\n        <ul>\n                                                                                                                                                                                                                                                                                                                                                                                                                                                                                                                                                                                                                                                                                                                                                                                                                                                                                                                                                        <\/ul>\n \n    <\/div>\n\n    \n<p><strong>Through the Rje\u010dina canyon<br \/>\n<\/strong><\/p>\n<p>The third section from Orehovica to the graveyard in the quarter of Drenova heads through the canyon of the Rje\u010dina river, over the hill Veli vrh and the Cultural Centre in Drenova, is 9.8 km long. This path is very demanding, but it offers some picturesque landscapes of the canyon, old mills and breathtaking views from the slopes high above the canyon.<\/p>\n\n    <div class=\"featured-download\">\n\n        <ul>\n                                                                                                    <li class=\"type-pdf\"><a href=\"https:\/\/www.rijeka.hr\/en\/wp-content\/uploads\/sites\/2\/2017\/09\/Karta-\u0161etnice-Kanjon-Rje\u010dine.pdf\">The map of the strolling path of the Rje\u010dina canyon <em>[pdf, 7 MB]<\/em><\/a><\/li>\n                                                                                                                                                                                                                                                                                                                                                                                                                                                                                                                                                                                                                                                                                                                                                                                                                                                                                                        <\/ul>\n \n    <\/div>\n\n    \n\n    <div class=\"featured-download\">\n\n        <ul>\n                                                                                                                                                                                                                                                                                                                                                                                                                                                                                                                                                                                                                                                                                                                                                                                                                                                                                                                                                        <\/ul>\n \n    <\/div>\n\n    \n<p>&nbsp;<\/p>\n<p>&nbsp;<\/p>\n","protected":false},"excerpt":{"rendered":"<p>The project \u201cRijeka Strolling Paths\u201d was realised in co-operation of the City of Rijeka and the mountaineering associations \u201cHT i HP U\u010dka\u201d, \u201cDuga\u201d and \u201cBazovica\u201d from Rijeka. The renewal of the Rijeka strolling paths is aimed at connecting the southeastern-most point with the northwestern-most point of the city area with strolling paths. \u201cThe ring\u201d of&#8230;<\/p>\n","protected":false},"author":2,"featured_media":0,"parent":3934,"menu_order":95,"comment_status":"closed","ping_status":"closed","template":"","meta":{"_acf_changed":false,"_trash_the_other_posts":false,"footnotes":"","_links_to":"","_links_to_target":""},"tags":[],"class_list":["post-3920","page","type-page","status-publish","hentry"],"acf":[],"yoast_head":"<!-- This site is optimized with the Yoast SEO plugin v24.4 - https:\/\/yoast.com\/wordpress\/plugins\/seo\/ -->\n<title>Rijeka Strolling Paths - City of Rijeka<\/title>\n<meta name=\"robots\" content=\"index, follow, max-snippet:-1, max-image-preview:large, max-video-preview:-1\" \/>\n<link rel=\"canonical\" href=\"https:\/\/www.rijeka.hr\/en\/themes-for-citizens\/sport-and-recreation\/strolling-paths-parks\/projekt-rijecke-setnice\/\" \/>\n<meta property=\"og:locale\" content=\"en_US\" \/>\n<meta property=\"og:type\" content=\"article\" \/>\n<meta property=\"og:title\" content=\"Rijeka Strolling Paths - City of Rijeka\" \/>\n<meta property=\"og:description\" content=\"The project \u201cRijeka Strolling Paths\u201d was realised in co-operation of the City of Rijeka and the mountaineering associations \u201cHT i HP U\u010dka\u201d, \u201cDuga\u201d and \u201cBazovica\u201d from Rijeka. The renewal of the Rijeka strolling paths is aimed at connecting the southeastern-most point with the northwestern-most point of the city area with strolling paths. \u201cThe ring\u201d of...\" \/>\n<meta property=\"og:url\" content=\"https:\/\/www.rijeka.hr\/en\/themes-for-citizens\/sport-and-recreation\/strolling-paths-parks\/projekt-rijecke-setnice\/\" \/>\n<meta property=\"og:site_name\" content=\"City of Rijeka\" \/>\n<meta property=\"article:modified_time\" content=\"2021-05-19T10:08:45+00:00\" \/>\n<meta name=\"twitter:card\" content=\"summary_large_image\" \/>\n<meta name=\"twitter:label1\" content=\"Est. reading time\" \/>\n\t<meta name=\"twitter:data1\" content=\"1 minute\" \/>\n<script type=\"application\/ld+json\" class=\"yoast-schema-graph\">{\"@context\":\"https:\/\/schema.org\",\"@graph\":[{\"@type\":\"WebPage\",\"@id\":\"https:\/\/www.rijeka.hr\/en\/themes-for-citizens\/sport-and-recreation\/strolling-paths-parks\/projekt-rijecke-setnice\/\",\"url\":\"https:\/\/www.rijeka.hr\/en\/themes-for-citizens\/sport-and-recreation\/strolling-paths-parks\/projekt-rijecke-setnice\/\",\"name\":\"Rijeka Strolling Paths - City of Rijeka\",\"isPartOf\":{\"@id\":\"https:\/\/www.rijeka.hr\/en\/#website\"},\"datePublished\":\"2017-09-21T07:53:02+00:00\",\"dateModified\":\"2021-05-19T10:08:45+00:00\",\"breadcrumb\":{\"@id\":\"https:\/\/www.rijeka.hr\/en\/themes-for-citizens\/sport-and-recreation\/strolling-paths-parks\/projekt-rijecke-setnice\/#breadcrumb\"},\"inLanguage\":\"en-US\",\"potentialAction\":[{\"@type\":\"ReadAction\",\"target\":[\"https:\/\/www.rijeka.hr\/en\/themes-for-citizens\/sport-and-recreation\/strolling-paths-parks\/projekt-rijecke-setnice\/\"]}]},{\"@type\":\"BreadcrumbList\",\"@id\":\"https:\/\/www.rijeka.hr\/en\/themes-for-citizens\/sport-and-recreation\/strolling-paths-parks\/projekt-rijecke-setnice\/#breadcrumb\",\"itemListElement\":[{\"@type\":\"ListItem\",\"position\":1,\"name\":\"Po\u010detna stranica\",\"item\":\"https:\/\/www.rijeka.hr\/en\/\"},{\"@type\":\"ListItem\",\"position\":2,\"name\":\"Themes for citizens\",\"item\":\"https:\/\/www.rijeka.hr\/en\/themes-for-citizens\/\"},{\"@type\":\"ListItem\",\"position\":3,\"name\":\"Sport and recreation\",\"item\":\"https:\/\/www.rijeka.hr\/en\/themes-for-citizens\/sport-and-recreation\/\"},{\"@type\":\"ListItem\",\"position\":4,\"name\":\"Strolling paths and parks\",\"item\":\"https:\/\/www.rijeka.hr\/en\/themes-for-citizens\/sport-and-recreation\/strolling-paths-parks\/\"},{\"@type\":\"ListItem\",\"position\":5,\"name\":\"Rijeka Strolling Paths\"}]},{\"@type\":\"WebSite\",\"@id\":\"https:\/\/www.rijeka.hr\/en\/#website\",\"url\":\"https:\/\/www.rijeka.hr\/en\/\",\"name\":\"City of Rijeka\",\"description\":\"City of Rijeka web Portal\",\"potentialAction\":[{\"@type\":\"SearchAction\",\"target\":{\"@type\":\"EntryPoint\",\"urlTemplate\":\"https:\/\/www.rijeka.hr\/en\/?s={search_term_string}\"},\"query-input\":{\"@type\":\"PropertyValueSpecification\",\"valueRequired\":true,\"valueName\":\"search_term_string\"}}],\"inLanguage\":\"en-US\"}]}<\/script>\n<!-- \/ Yoast SEO plugin. -->","yoast_head_json":{"title":"Rijeka Strolling Paths - City of Rijeka","robots":{"index":"index","follow":"follow","max-snippet":"max-snippet:-1","max-image-preview":"max-image-preview:large","max-video-preview":"max-video-preview:-1"},"canonical":"https:\/\/www.rijeka.hr\/en\/themes-for-citizens\/sport-and-recreation\/strolling-paths-parks\/projekt-rijecke-setnice\/","og_locale":"en_US","og_type":"article","og_title":"Rijeka Strolling Paths - City of Rijeka","og_description":"The project \u201cRijeka Strolling Paths\u201d was realised in co-operation of the City of Rijeka and the mountaineering associations \u201cHT i HP U\u010dka\u201d, \u201cDuga\u201d and \u201cBazovica\u201d from Rijeka. The renewal of the Rijeka strolling paths is aimed at connecting the southeastern-most point with the northwestern-most point of the city area with strolling paths. \u201cThe ring\u201d of...","og_url":"https:\/\/www.rijeka.hr\/en\/themes-for-citizens\/sport-and-recreation\/strolling-paths-parks\/projekt-rijecke-setnice\/","og_site_name":"City of Rijeka","article_modified_time":"2021-05-19T10:08:45+00:00","twitter_card":"summary_large_image","twitter_misc":{"Est. reading time":"1 minute"},"schema":{"@context":"https:\/\/schema.org","@graph":[{"@type":"WebPage","@id":"https:\/\/www.rijeka.hr\/en\/themes-for-citizens\/sport-and-recreation\/strolling-paths-parks\/projekt-rijecke-setnice\/","url":"https:\/\/www.rijeka.hr\/en\/themes-for-citizens\/sport-and-recreation\/strolling-paths-parks\/projekt-rijecke-setnice\/","name":"Rijeka Strolling Paths - City of Rijeka","isPartOf":{"@id":"https:\/\/www.rijeka.hr\/en\/#website"},"datePublished":"2017-09-21T07:53:02+00:00","dateModified":"2021-05-19T10:08:45+00:00","breadcrumb":{"@id":"https:\/\/www.rijeka.hr\/en\/themes-for-citizens\/sport-and-recreation\/strolling-paths-parks\/projekt-rijecke-setnice\/#breadcrumb"},"inLanguage":"en-US","potentialAction":[{"@type":"ReadAction","target":["https:\/\/www.rijeka.hr\/en\/themes-for-citizens\/sport-and-recreation\/strolling-paths-parks\/projekt-rijecke-setnice\/"]}]},{"@type":"BreadcrumbList","@id":"https:\/\/www.rijeka.hr\/en\/themes-for-citizens\/sport-and-recreation\/strolling-paths-parks\/projekt-rijecke-setnice\/#breadcrumb","itemListElement":[{"@type":"ListItem","position":1,"name":"Po\u010detna stranica","item":"https:\/\/www.rijeka.hr\/en\/"},{"@type":"ListItem","position":2,"name":"Themes for citizens","item":"https:\/\/www.rijeka.hr\/en\/themes-for-citizens\/"},{"@type":"ListItem","position":3,"name":"Sport and recreation","item":"https:\/\/www.rijeka.hr\/en\/themes-for-citizens\/sport-and-recreation\/"},{"@type":"ListItem","position":4,"name":"Strolling paths and parks","item":"https:\/\/www.rijeka.hr\/en\/themes-for-citizens\/sport-and-recreation\/strolling-paths-parks\/"},{"@type":"ListItem","position":5,"name":"Rijeka Strolling Paths"}]},{"@type":"WebSite","@id":"https:\/\/www.rijeka.hr\/en\/#website","url":"https:\/\/www.rijeka.hr\/en\/","name":"City of Rijeka","description":"City of Rijeka web Portal","potentialAction":[{"@type":"SearchAction","target":{"@type":"EntryPoint","urlTemplate":"https:\/\/www.rijeka.hr\/en\/?s={search_term_string}"},"query-input":{"@type":"PropertyValueSpecification","valueRequired":true,"valueName":"search_term_string"}}],"inLanguage":"en-US"}]}},"_links":{"self":[{"href":"https:\/\/www.rijeka.hr\/en\/wp-json\/wp\/v2\/pages\/3920","targetHints":{"allow":["GET"]}}],"collection":[{"href":"https:\/\/www.rijeka.hr\/en\/wp-json\/wp\/v2\/pages"}],"about":[{"href":"https:\/\/www.rijeka.hr\/en\/wp-json\/wp\/v2\/types\/page"}],"author":[{"embeddable":true,"href":"https:\/\/www.rijeka.hr\/en\/wp-json\/wp\/v2\/users\/2"}],"replies":[{"embeddable":true,"href":"https:\/\/www.rijeka.hr\/en\/wp-json\/wp\/v2\/comments?post=3920"}],"version-history":[{"count":3,"href":"https:\/\/www.rijeka.hr\/en\/wp-json\/wp\/v2\/pages\/3920\/revisions"}],"predecessor-version":[{"id":3932,"href":"https:\/\/www.rijeka.hr\/en\/wp-json\/wp\/v2\/pages\/3920\/revisions\/3932"}],"up":[{"embeddable":true,"href":"https:\/\/www.rijeka.hr\/en\/wp-json\/wp\/v2\/pages\/3934"}],"wp:attachment":[{"href":"https:\/\/www.rijeka.hr\/en\/wp-json\/wp\/v2\/media?parent=3920"}],"wp:term":[{"taxonomy":"post_tag","embeddable":true,"href":"https:\/\/www.rijeka.hr\/en\/wp-json\/wp\/v2\/tags?post=3920"}],"curies":[{"name":"wp","href":"https:\/\/api.w.org\/{rel}","templated":true}]}}