{"id":4484,"date":"2017-12-13T09:35:41","date_gmt":"2017-12-13T08:35:41","guid":{"rendered":"https:\/\/www.rijeka.hr\/en\/?page_id=4484"},"modified":"2017-12-18T09:42:01","modified_gmt":"2017-12-18T08:42:01","slug":"declaration-rights-child","status":"publish","type":"page","link":"https:\/\/www.rijeka.hr\/en\/test-2\/declaration-rights-child\/","title":{"rendered":"Declaration of the Rights of the Child"},"content":{"rendered":"<p>In 1959, the UN General Assembly adopted the Declaration of the Rights of the Child. It was the first international document on the protection of children\u2019s rights aimed at protecting the position of children around the world.<\/p>\n<p>The most important document for the implementation of children\u2019s rights was adopted in 1989 by the UN General Assembly. This document is the Convention of the Rights of the Child. It contains 54 Articles that regulate the position of children in society, and until spring 1996, it was signed by 187 countries around the world.<\/p>\n<p>The Republic of Croatia joined the Convention of the Rights of the Child in 1991. With this act, Croatia committed itself before the international community that it would apply all the rights that guarantee the protection of the rights of children.<\/p>\n<p>We have extracted the most important parts from the Convention of the Rights of the Child, simplifying it to make the text more accessible to the child age.<\/p>\n<ol>\n<li>EVERY CHILD SHALL ENJOY EQUAL RIGHTS<br \/>\nEvery child shall enjoy equal rights irrespective of race, colour, language, sex, religion, political or other opinion, ethical or social origin, property or any other child\u2019s circumstances.<\/li>\n<li>EVERY CHILD HAS THE RIGHT TO LIFE<\/li>\n<li>EVERY CHILD HAS THE RIGHT TO A NAME AND THE RIGHT TO SOCIAL WELFARE<br \/>\nThe child shall be registered immediately after birth and shall have the right from birth to a name, the right to acquire a nationality and, as far as possible, the right to know and be cared for by his or her parents.<\/li>\n<li>RIGHT TO FREEDOM OF EXPRESSION<br \/>\nThe child shall have the right to freedom of expression; this right shall include freedom to seek, receive and impart information and ideas of all kinds.<\/li>\n<li>RIGHT TO FREEDOM OF THOUGHT<br \/>\nChildren have the right to freedom of thought, conscience and religion, with suitable guidance provided by their parents.<\/li>\n<li>RIGHT TO FREEDOM OF ASSOCIATION<br \/>\nChildren have the right to freedom of association and to freedom of peaceful assembly.<\/li>\n<li>RIGHT TO PRIVACY<br \/>\nThe child has the right to protection against interference with his or her privacy, family, home or correspondence, as well as to protection against attacks on his or her honour and reputation<\/li>\n<li>RIGHT TO INFORMATION<br \/>\nThe child has the right of access to information and materials from national and international sources. The state should encourage mass media to disseminate such information and materials, especially those aimed at the promotion of the child&#8217;s social and spiritual well-being, as well as his\/her physical and mental health, and take measures in order to protect the child from information and materials that could harm his\/her well-being.<\/li>\n<li>RIGHT TO PROTECTION FROM ALL FORMS OF VIOLENCE<br \/>\nThe state shall protect the child from any forms of neglect by their parents, or other persons who look after them, and will launch violence prevention and victim assistance programmes.<\/li>\n<li>CHILDREN WITHOUT PARENTS ARE ENTITLED TO SPECIAL CARE<br \/>\nChildren deprived of family environment have the right to special protection and suitable care, in another family or an institution that will respect their cultural background.<\/li>\n<li>REFUGEE CHILDREN AND CHILDREN \u2013 VICTIMS OF WAR HAVE RIGHT TO SPECIAL PROTECTION<br \/>\nRefugee children or children seeking refugee status have the right to special protection. Children under 15 years of age cannot directly take part in armed conflicts and cannot be recruited by armed forces. Children affected by armed conflicts have the right to special care and protection.<\/li>\n<li>CHILDREN WITH DISABILITIES HAVE THE RIGHT TO SPECIAL CARE AND WELFARE<br \/>\nChildren with mental and physical disabilities shall enjoy full and dignified life in conditions that provide dignity, promote relying on one\u2019s own possibilities and facilitate the child\u2019s active participation in the community.<\/li>\n<li>RIGHT TO SOCIAL AND HEALTH PROTECTION<br \/>\nEvery child has the right to social and health protection. Every child has the right to the best health care, health protection and rehabilitation possible.<\/li>\n<li>THE CHILD HAS THE RIGHT TO EDUCATION<br \/>\nAll children have the right to education. The state must ensure free and obligatory primary education, encourage various forms of secondary education available to all, and enable everyone to acquire higher education in accordance with one\u2019s own capabilities.<\/li>\n<li>THE CHILD HAS THE RIGHT TO LEISURE AND PLAY<br \/>\nThe child has the right to leisure and play, recreation, as well as to free participation in cultural activities.<\/li>\n<li>THE CHILD HAS THE RIGHT TO KNOW HIS\/HER RIGHTS.<\/li>\n<\/ol>\n<p>&nbsp;<\/p>\n<p>&nbsp;<\/p>\n<p>Sources:<\/p>\n<ul>\n<li>D.Male\u0161, I.Star\u010devi\u0107: \u201cNajljep\u0161e je biti dijete\u201d, TIPEX d.o.o., Zagreb, 1996.<\/li>\n<li>D.Skok: \u201cHuman Rights\u201d, \u0160kolske novine, Zagreb, 1991.<\/li>\n<li>\u201cChildren\u2019s rights to protection during armed conflicts and the Convention of the Rights of the Child\u201d, UNICEF, 1995.<\/li>\n<\/ul>\n<p>&nbsp;<\/p>\n","protected":false},"excerpt":{"rendered":"<p>In 1959, the UN General Assembly adopted the Declaration of the Rights of the Child. It was the first international document on the protection of children\u2019s rights aimed at protecting the position of children around the world. The most important document for the implementation of children\u2019s rights was adopted in 1989 by the UN General&#8230;<\/p>\n","protected":false},"author":28,"featured_media":0,"parent":11,"menu_order":0,"comment_status":"closed","ping_status":"closed","template":"","meta":{"_acf_changed":false,"_trash_the_other_posts":false,"footnotes":"","_links_to":"","_links_to_target":""},"tags":[],"class_list":["post-4484","page","type-page","status-publish","hentry"],"acf":[],"yoast_head":"<!-- This site is optimized with the Yoast SEO plugin v24.4 - https:\/\/yoast.com\/wordpress\/plugins\/seo\/ -->\n<title>Declaration of the Rights of the Child - City of Rijeka<\/title>\n<meta name=\"robots\" content=\"index, follow, max-snippet:-1, max-image-preview:large, max-video-preview:-1\" \/>\n<link rel=\"canonical\" href=\"https:\/\/www.rijeka.hr\/en\/test-2\/declaration-rights-child\/\" \/>\n<meta property=\"og:locale\" content=\"en_US\" \/>\n<meta property=\"og:type\" content=\"article\" \/>\n<meta property=\"og:title\" content=\"Declaration of the Rights of the Child - City of Rijeka\" \/>\n<meta property=\"og:description\" content=\"In 1959, the UN General Assembly adopted the Declaration of the Rights of the Child. It was the first international document on the protection of children\u2019s rights aimed at protecting the position of children around the world. The most important document for the implementation of children\u2019s rights was adopted in 1989 by the UN General...\" \/>\n<meta property=\"og:url\" content=\"https:\/\/www.rijeka.hr\/en\/test-2\/declaration-rights-child\/\" \/>\n<meta property=\"og:site_name\" content=\"City of Rijeka\" \/>\n<meta property=\"article:modified_time\" content=\"2017-12-18T08:42:01+00:00\" \/>\n<meta name=\"twitter:card\" content=\"summary_large_image\" \/>\n<meta name=\"twitter:label1\" content=\"Est. reading time\" \/>\n\t<meta name=\"twitter:data1\" content=\"4 minutes\" \/>\n<script type=\"application\/ld+json\" class=\"yoast-schema-graph\">{\"@context\":\"https:\/\/schema.org\",\"@graph\":[{\"@type\":\"WebPage\",\"@id\":\"https:\/\/www.rijeka.hr\/en\/test-2\/declaration-rights-child\/\",\"url\":\"https:\/\/www.rijeka.hr\/en\/test-2\/declaration-rights-child\/\",\"name\":\"Declaration of the Rights of the Child - City of Rijeka\",\"isPartOf\":{\"@id\":\"https:\/\/www.rijeka.hr\/en\/#website\"},\"datePublished\":\"2017-12-13T08:35:41+00:00\",\"dateModified\":\"2017-12-18T08:42:01+00:00\",\"breadcrumb\":{\"@id\":\"https:\/\/www.rijeka.hr\/en\/test-2\/declaration-rights-child\/#breadcrumb\"},\"inLanguage\":\"en-US\",\"potentialAction\":[{\"@type\":\"ReadAction\",\"target\":[\"https:\/\/www.rijeka.hr\/en\/test-2\/declaration-rights-child\/\"]}]},{\"@type\":\"BreadcrumbList\",\"@id\":\"https:\/\/www.rijeka.hr\/en\/test-2\/declaration-rights-child\/#breadcrumb\",\"itemListElement\":[{\"@type\":\"ListItem\",\"position\":1,\"name\":\"Po\u010detna stranica\",\"item\":\"https:\/\/www.rijeka.hr\/en\/\"},{\"@type\":\"ListItem\",\"position\":2,\"name\":\"The safety and protection of the rights of children and youth\",\"item\":\"https:\/\/www.rijeka.hr\/en\/test-2\/\"},{\"@type\":\"ListItem\",\"position\":3,\"name\":\"Declaration of the Rights of the Child\"}]},{\"@type\":\"WebSite\",\"@id\":\"https:\/\/www.rijeka.hr\/en\/#website\",\"url\":\"https:\/\/www.rijeka.hr\/en\/\",\"name\":\"City of Rijeka\",\"description\":\"City of Rijeka web Portal\",\"potentialAction\":[{\"@type\":\"SearchAction\",\"target\":{\"@type\":\"EntryPoint\",\"urlTemplate\":\"https:\/\/www.rijeka.hr\/en\/?s={search_term_string}\"},\"query-input\":{\"@type\":\"PropertyValueSpecification\",\"valueRequired\":true,\"valueName\":\"search_term_string\"}}],\"inLanguage\":\"en-US\"}]}<\/script>\n<!-- \/ Yoast SEO plugin. -->","yoast_head_json":{"title":"Declaration of the Rights of the Child - City of Rijeka","robots":{"index":"index","follow":"follow","max-snippet":"max-snippet:-1","max-image-preview":"max-image-preview:large","max-video-preview":"max-video-preview:-1"},"canonical":"https:\/\/www.rijeka.hr\/en\/test-2\/declaration-rights-child\/","og_locale":"en_US","og_type":"article","og_title":"Declaration of the Rights of the Child - City of Rijeka","og_description":"In 1959, the UN General Assembly adopted the Declaration of the Rights of the Child. It was the first international document on the protection of children\u2019s rights aimed at protecting the position of children around the world. The most important document for the implementation of children\u2019s rights was adopted in 1989 by the UN General...","og_url":"https:\/\/www.rijeka.hr\/en\/test-2\/declaration-rights-child\/","og_site_name":"City of Rijeka","article_modified_time":"2017-12-18T08:42:01+00:00","twitter_card":"summary_large_image","twitter_misc":{"Est. reading time":"4 minutes"},"schema":{"@context":"https:\/\/schema.org","@graph":[{"@type":"WebPage","@id":"https:\/\/www.rijeka.hr\/en\/test-2\/declaration-rights-child\/","url":"https:\/\/www.rijeka.hr\/en\/test-2\/declaration-rights-child\/","name":"Declaration of the Rights of the Child - City of Rijeka","isPartOf":{"@id":"https:\/\/www.rijeka.hr\/en\/#website"},"datePublished":"2017-12-13T08:35:41+00:00","dateModified":"2017-12-18T08:42:01+00:00","breadcrumb":{"@id":"https:\/\/www.rijeka.hr\/en\/test-2\/declaration-rights-child\/#breadcrumb"},"inLanguage":"en-US","potentialAction":[{"@type":"ReadAction","target":["https:\/\/www.rijeka.hr\/en\/test-2\/declaration-rights-child\/"]}]},{"@type":"BreadcrumbList","@id":"https:\/\/www.rijeka.hr\/en\/test-2\/declaration-rights-child\/#breadcrumb","itemListElement":[{"@type":"ListItem","position":1,"name":"Po\u010detna stranica","item":"https:\/\/www.rijeka.hr\/en\/"},{"@type":"ListItem","position":2,"name":"The safety and protection of the rights of children and youth","item":"https:\/\/www.rijeka.hr\/en\/test-2\/"},{"@type":"ListItem","position":3,"name":"Declaration of the Rights of the Child"}]},{"@type":"WebSite","@id":"https:\/\/www.rijeka.hr\/en\/#website","url":"https:\/\/www.rijeka.hr\/en\/","name":"City of Rijeka","description":"City of Rijeka web Portal","potentialAction":[{"@type":"SearchAction","target":{"@type":"EntryPoint","urlTemplate":"https:\/\/www.rijeka.hr\/en\/?s={search_term_string}"},"query-input":{"@type":"PropertyValueSpecification","valueRequired":true,"valueName":"search_term_string"}}],"inLanguage":"en-US"}]}},"_links":{"self":[{"href":"https:\/\/www.rijeka.hr\/en\/wp-json\/wp\/v2\/pages\/4484","targetHints":{"allow":["GET"]}}],"collection":[{"href":"https:\/\/www.rijeka.hr\/en\/wp-json\/wp\/v2\/pages"}],"about":[{"href":"https:\/\/www.rijeka.hr\/en\/wp-json\/wp\/v2\/types\/page"}],"author":[{"embeddable":true,"href":"https:\/\/www.rijeka.hr\/en\/wp-json\/wp\/v2\/users\/28"}],"replies":[{"embeddable":true,"href":"https:\/\/www.rijeka.hr\/en\/wp-json\/wp\/v2\/comments?post=4484"}],"version-history":[{"count":14,"href":"https:\/\/www.rijeka.hr\/en\/wp-json\/wp\/v2\/pages\/4484\/revisions"}],"predecessor-version":[{"id":4500,"href":"https:\/\/www.rijeka.hr\/en\/wp-json\/wp\/v2\/pages\/4484\/revisions\/4500"}],"up":[{"embeddable":true,"href":"https:\/\/www.rijeka.hr\/en\/wp-json\/wp\/v2\/pages\/11"}],"wp:attachment":[{"href":"https:\/\/www.rijeka.hr\/en\/wp-json\/wp\/v2\/media?parent=4484"}],"wp:term":[{"taxonomy":"post_tag","embeddable":true,"href":"https:\/\/www.rijeka.hr\/en\/wp-json\/wp\/v2\/tags?post=4484"}],"curies":[{"name":"wp","href":"https:\/\/api.w.org\/{rel}","templated":true}]}}