{"id":5778,"date":"2018-06-21T09:23:34","date_gmt":"2018-06-21T07:23:34","guid":{"rendered":"https:\/\/www.rijeka.hr\/en\/?page_id=5778"},"modified":"2024-08-21T15:33:22","modified_gmt":"2024-08-21T13:33:22","slug":"scuole-elementari-fondate-dalla-citta-di-fiume","status":"publish","type":"page","link":"https:\/\/www.rijeka.hr\/en\/themes-for-citizens\/upbringing-and-education\/elementary-schools\/elementary-schools-city\/scuole-elementari-fondate-dalla-citta-di-fiume\/","title":{"rendered":"Elementary schools founded by the City of Rijeka"},"content":{"rendered":"<ul>\n<li><a title=\"Osnovna \u0161kola \u2013 Scuola elementare &quot;Belvedere&quot;\" href=\"http:\/\/os-belvedere-ri.skole.hr\/\" target=\"_blank\" rel=\"noopener\">Elementary schools Belvedere<\/a><\/li>\n<li><a title=\"Osnovna \u0161kola &quot;Brajda&quot;\" href=\"http:\/\/os-brajda-ri.skole.hr\/\" target=\"_self\">Elementary schools Brajda <\/a><\/li>\n<li><a title=\"Osnovna \u0161kola &quot;Centar&quot;\" href=\"http:\/\/os-centar-ri.skole.hr\/\" target=\"_self\">Elementary schools Centar <\/a><\/li>\n<li><a href=\"http:\/\/os-dolac-ri.skole.hr\/\" target=\"_blank\" rel=\"noopener\">Elementary schools &#8220;Dolac&#8221;<\/a><\/li>\n<li><a title=\"Osnovna \u0161kola &quot;Eugen Kumi\u010di\u0107&quot;\" href=\"http:\/\/os-ekumicic-ri.skole.hr\/\" target=\"_self\">Elementary schools Eugen Kumi\u010di\u0107 <\/a><\/li>\n<li><a title=\"Osnovna \u0161kola &quot;Fran Frankovi\u0107&quot;\" href=\"http:\/\/os-ffrankovic-ri.skole.hr\/\" target=\"_self\">Elementary schools Fran Frankovi\u0107 <\/a><\/li>\n<li><a title=\"Osnovna \u0161kola \u2013 Scuola elementare &quot;Gelsi&quot;\" href=\"http:\/\/os-gelsi-ri.skole.hr\/\" target=\"_self\">Elementary schools -SE Gelsi <\/a><\/li>\n<li><a title=\"Osnovna \u0161kola &quot;Gornja Ve\u017eica&quot;\" href=\"http:\/\/os-gornja-vezica-ri.skole.hr\/\" target=\"_self\">Elementary schools Gornja Ve\u017eica <\/a><\/li>\n<li><a title=\"Osnovna \u0161kola &quot;Ivan Zajc&quot;\" href=\"http:\/\/os-izajca-ri.skole.hr\/\" target=\"_self\">Elementary schools Ivana Zajca <\/a><\/li>\n<li><a title=\"Osnovna \u0161kola &quot;Kantrida&quot;\" href=\"http:\/\/www.os-kantrida-ri.skole.hr\/\" target=\"_self\">Elementary schools Kantrida <\/a><\/li>\n<li><a title=\"Osnovna \u0161kola &quot;Kozala&quot;\" href=\"http:\/\/os-kozala-ri.skole.hr\/\" target=\"_self\">Elementary schools Kozala <\/a><\/li>\n<li><a title=\"Osnovna \u0161kola &quot;Nikola Tesla&quot;\" href=\"http:\/\/os-ntesla-ri.skole.hr\/\" target=\"_self\">Elementary schools Nikola Tesla <\/a><\/li>\n<li><a title=\"Osnovna \u0161kola &quot;Pe\u0107ine&quot;\" href=\"http:\/\/os-pecine-ri.skole.hr\/\" target=\"_self\">Elementary schools Pe\u0107ine <\/a><\/li>\n<li><a title=\"Osnovna \u0161kola &quot;Pehlin&quot;\" href=\"http:\/\/os-pehlin-ri.skole.hr\/\" target=\"_self\">Elementary schools Pehlin <\/a><\/li>\n<li><a title=\"Osnovna \u0161kola &quot;Podmurvice&quot;\" href=\"http:\/\/os-podmurvice-ri.skole.hr\/\" target=\"_self\">Elementary schools Podmurvice <\/a><\/li>\n<li><a title=\"Osnovna \u0161kola \u2013 Scuola elementare &quot;San Nicolo&quot;\" href=\"http:\/\/os-san-nicolo-ri.skole.hr\/\" target=\"_self\">Elementary schools San Nicolo <\/a><\/li>\n<li><a title=\"Osnovna \u0161kola &quot;Srdo\u010di&quot;\" href=\"http:\/\/os-srdoci-ri.skole.hr\/\" target=\"_self\">Elementary schools Srdo\u010di<\/a><\/li>\n<li><a title=\"Osnovna \u0161kola \u0160kurinje\" href=\"http:\/\/os-skurinje-ri.skole.hr\/\">Elementary schools \u0160kurinje<\/a><\/li>\n<li><a title=\"Osnovna \u0161kola &quot;Trsat&quot;\" href=\"http:\/\/os-trsat-ri.skole.hr\/\" target=\"_self\">Elementary schools Trsat <\/a><\/li>\n<li><a title=\"Osnovna \u0161kola &quot;Turni\u0107&quot;\" href=\"http:\/\/os-turnic-ri.skole.hr\/\" target=\"_self\">Elementary schools Turni\u0107 <\/a><\/li>\n<li><a title=\"Osnovna \u0161kola &quot;Ve\u017eica&quot;\" href=\"http:\/\/os-vezica-ri.skole.hr\/\" target=\"_self\">Elementary schools Ve\u017eica<\/a><\/li>\n<li><a title=\"Osnovna \u0161kola &quot;Vladimir Gortan&quot;\" href=\"http:\/\/os-vgortan-ri.skole.hr\/\" target=\"_self\">Elementary schools Vladimir Gortan<\/a><\/li>\n<li><a title=\"Osnovna \u0161kola &quot;Zamet&quot;\" href=\"http:\/\/www.os-zamet-ri.skole.hr\" target=\"_blank\" rel=\"noopener\">Elementary schools Zamet<\/a><\/li>\n<li><a title=\"Centar za odgoj i obrazovanje\" href=\"http:\/\/centar-odgojiobrazovanje-ri.skole.hr\/\" target=\"_blank\" rel=\"noopener\">Education Centre\u00a0<\/a><\/li>\n<li><a href=\"http:\/\/cza-ri.hr\/en\/center-for-autism-rijeka-2\/\">Rijeka Autism Centre<\/a><\/li>\n<\/ul>\n","protected":false},"excerpt":{"rendered":"<p>Elementary schools Belvedere Elementary schools Brajda Elementary schools Centar Elementary schools &#8220;Dolac&#8221; Elementary schools Eugen Kumi\u010di\u0107 Elementary schools Fran Frankovi\u0107 Elementary schools -SE Gelsi Elementary schools Gornja Ve\u017eica Elementary schools Ivana Zajca Elementary schools Kantrida Elementary schools Kozala Elementary schools Nikola Tesla Elementary schools Pe\u0107ine Elementary schools Pehlin Elementary schools Podmurvice Elementary schools San Nicolo&#8230;<\/p>\n","protected":false},"author":6,"featured_media":0,"parent":6247,"menu_order":99,"comment_status":"closed","ping_status":"closed","template":"","meta":{"_acf_changed":false,"_trash_the_other_posts":false,"footnotes":"","_links_to":"","_links_to_target":""},"tags":[],"class_list":["post-5778","page","type-page","status-publish","hentry"],"acf":[],"yoast_head":"<!-- This site is optimized with the Yoast SEO plugin v24.4 - https:\/\/yoast.com\/wordpress\/plugins\/seo\/ -->\n<title>Elementary schools founded by the City of Rijeka - City of Rijeka<\/title>\n<meta name=\"robots\" content=\"index, follow, max-snippet:-1, max-image-preview:large, max-video-preview:-1\" \/>\n<link rel=\"canonical\" href=\"https:\/\/www.rijeka.hr\/en\/themes-for-citizens\/upbringing-and-education\/elementary-schools\/elementary-schools-city\/scuole-elementari-fondate-dalla-citta-di-fiume\/\" \/>\n<meta property=\"og:locale\" content=\"en_US\" \/>\n<meta property=\"og:type\" content=\"article\" \/>\n<meta property=\"og:title\" content=\"Elementary schools founded by the City of Rijeka - City of Rijeka\" \/>\n<meta property=\"og:description\" content=\"Elementary schools Belvedere Elementary schools Brajda Elementary schools Centar Elementary schools &#8220;Dolac&#8221; Elementary schools Eugen Kumi\u010di\u0107 Elementary schools Fran Frankovi\u0107 Elementary schools -SE Gelsi Elementary schools Gornja Ve\u017eica Elementary schools Ivana Zajca Elementary schools Kantrida Elementary schools Kozala Elementary schools Nikola Tesla Elementary schools Pe\u0107ine Elementary schools Pehlin Elementary schools Podmurvice Elementary schools San Nicolo...\" \/>\n<meta property=\"og:url\" content=\"https:\/\/www.rijeka.hr\/en\/themes-for-citizens\/upbringing-and-education\/elementary-schools\/elementary-schools-city\/scuole-elementari-fondate-dalla-citta-di-fiume\/\" \/>\n<meta property=\"og:site_name\" content=\"City of Rijeka\" \/>\n<meta property=\"article:modified_time\" content=\"2024-08-21T13:33:22+00:00\" \/>\n<meta name=\"twitter:card\" content=\"summary_large_image\" \/>\n<script type=\"application\/ld+json\" class=\"yoast-schema-graph\">{\"@context\":\"https:\/\/schema.org\",\"@graph\":[{\"@type\":\"WebPage\",\"@id\":\"https:\/\/www.rijeka.hr\/en\/themes-for-citizens\/upbringing-and-education\/elementary-schools\/elementary-schools-city\/scuole-elementari-fondate-dalla-citta-di-fiume\/\",\"url\":\"https:\/\/www.rijeka.hr\/en\/themes-for-citizens\/upbringing-and-education\/elementary-schools\/elementary-schools-city\/scuole-elementari-fondate-dalla-citta-di-fiume\/\",\"name\":\"Elementary schools founded by the City of Rijeka - City of Rijeka\",\"isPartOf\":{\"@id\":\"https:\/\/www.rijeka.hr\/en\/#website\"},\"datePublished\":\"2018-06-21T07:23:34+00:00\",\"dateModified\":\"2024-08-21T13:33:22+00:00\",\"breadcrumb\":{\"@id\":\"https:\/\/www.rijeka.hr\/en\/themes-for-citizens\/upbringing-and-education\/elementary-schools\/elementary-schools-city\/scuole-elementari-fondate-dalla-citta-di-fiume\/#breadcrumb\"},\"inLanguage\":\"en-US\",\"potentialAction\":[{\"@type\":\"ReadAction\",\"target\":[\"https:\/\/www.rijeka.hr\/en\/themes-for-citizens\/upbringing-and-education\/elementary-schools\/elementary-schools-city\/scuole-elementari-fondate-dalla-citta-di-fiume\/\"]}]},{\"@type\":\"BreadcrumbList\",\"@id\":\"https:\/\/www.rijeka.hr\/en\/themes-for-citizens\/upbringing-and-education\/elementary-schools\/elementary-schools-city\/scuole-elementari-fondate-dalla-citta-di-fiume\/#breadcrumb\",\"itemListElement\":[{\"@type\":\"ListItem\",\"position\":1,\"name\":\"Po\u010detna stranica\",\"item\":\"https:\/\/www.rijeka.hr\/en\/\"},{\"@type\":\"ListItem\",\"position\":2,\"name\":\"Themes for citizens\",\"item\":\"https:\/\/www.rijeka.hr\/en\/themes-for-citizens\/\"},{\"@type\":\"ListItem\",\"position\":3,\"name\":\"Upbringing and education\",\"item\":\"https:\/\/www.rijeka.hr\/en\/themes-for-citizens\/upbringing-and-education\/\"},{\"@type\":\"ListItem\",\"position\":4,\"name\":\"Elementary schools\",\"item\":\"https:\/\/www.rijeka.hr\/en\/themes-for-citizens\/upbringing-and-education\/elementary-schools\/\"},{\"@type\":\"ListItem\",\"position\":5,\"name\":\"Elementary schools of the City\",\"item\":\"https:\/\/www.rijeka.hr\/en\/themes-for-citizens\/upbringing-and-education\/elementary-schools\/elementary-schools-city\/\"},{\"@type\":\"ListItem\",\"position\":6,\"name\":\"Elementary schools founded by the City of Rijeka\"}]},{\"@type\":\"WebSite\",\"@id\":\"https:\/\/www.rijeka.hr\/en\/#website\",\"url\":\"https:\/\/www.rijeka.hr\/en\/\",\"name\":\"City of Rijeka\",\"description\":\"City of Rijeka web Portal\",\"potentialAction\":[{\"@type\":\"SearchAction\",\"target\":{\"@type\":\"EntryPoint\",\"urlTemplate\":\"https:\/\/www.rijeka.hr\/en\/?s={search_term_string}\"},\"query-input\":{\"@type\":\"PropertyValueSpecification\",\"valueRequired\":true,\"valueName\":\"search_term_string\"}}],\"inLanguage\":\"en-US\"}]}<\/script>\n<!-- \/ Yoast SEO plugin. -->","yoast_head_json":{"title":"Elementary schools founded by the City of Rijeka - City of Rijeka","robots":{"index":"index","follow":"follow","max-snippet":"max-snippet:-1","max-image-preview":"max-image-preview:large","max-video-preview":"max-video-preview:-1"},"canonical":"https:\/\/www.rijeka.hr\/en\/themes-for-citizens\/upbringing-and-education\/elementary-schools\/elementary-schools-city\/scuole-elementari-fondate-dalla-citta-di-fiume\/","og_locale":"en_US","og_type":"article","og_title":"Elementary schools founded by the City of Rijeka - City of Rijeka","og_description":"Elementary schools Belvedere Elementary schools Brajda Elementary schools Centar Elementary schools &#8220;Dolac&#8221; Elementary schools Eugen Kumi\u010di\u0107 Elementary schools Fran Frankovi\u0107 Elementary schools -SE Gelsi Elementary schools Gornja Ve\u017eica Elementary schools Ivana Zajca Elementary schools Kantrida Elementary schools Kozala Elementary schools Nikola Tesla Elementary schools Pe\u0107ine Elementary schools Pehlin Elementary schools Podmurvice Elementary schools San Nicolo...","og_url":"https:\/\/www.rijeka.hr\/en\/themes-for-citizens\/upbringing-and-education\/elementary-schools\/elementary-schools-city\/scuole-elementari-fondate-dalla-citta-di-fiume\/","og_site_name":"City of Rijeka","article_modified_time":"2024-08-21T13:33:22+00:00","twitter_card":"summary_large_image","schema":{"@context":"https:\/\/schema.org","@graph":[{"@type":"WebPage","@id":"https:\/\/www.rijeka.hr\/en\/themes-for-citizens\/upbringing-and-education\/elementary-schools\/elementary-schools-city\/scuole-elementari-fondate-dalla-citta-di-fiume\/","url":"https:\/\/www.rijeka.hr\/en\/themes-for-citizens\/upbringing-and-education\/elementary-schools\/elementary-schools-city\/scuole-elementari-fondate-dalla-citta-di-fiume\/","name":"Elementary schools founded by the City of Rijeka - City of Rijeka","isPartOf":{"@id":"https:\/\/www.rijeka.hr\/en\/#website"},"datePublished":"2018-06-21T07:23:34+00:00","dateModified":"2024-08-21T13:33:22+00:00","breadcrumb":{"@id":"https:\/\/www.rijeka.hr\/en\/themes-for-citizens\/upbringing-and-education\/elementary-schools\/elementary-schools-city\/scuole-elementari-fondate-dalla-citta-di-fiume\/#breadcrumb"},"inLanguage":"en-US","potentialAction":[{"@type":"ReadAction","target":["https:\/\/www.rijeka.hr\/en\/themes-for-citizens\/upbringing-and-education\/elementary-schools\/elementary-schools-city\/scuole-elementari-fondate-dalla-citta-di-fiume\/"]}]},{"@type":"BreadcrumbList","@id":"https:\/\/www.rijeka.hr\/en\/themes-for-citizens\/upbringing-and-education\/elementary-schools\/elementary-schools-city\/scuole-elementari-fondate-dalla-citta-di-fiume\/#breadcrumb","itemListElement":[{"@type":"ListItem","position":1,"name":"Po\u010detna stranica","item":"https:\/\/www.rijeka.hr\/en\/"},{"@type":"ListItem","position":2,"name":"Themes for citizens","item":"https:\/\/www.rijeka.hr\/en\/themes-for-citizens\/"},{"@type":"ListItem","position":3,"name":"Upbringing and education","item":"https:\/\/www.rijeka.hr\/en\/themes-for-citizens\/upbringing-and-education\/"},{"@type":"ListItem","position":4,"name":"Elementary schools","item":"https:\/\/www.rijeka.hr\/en\/themes-for-citizens\/upbringing-and-education\/elementary-schools\/"},{"@type":"ListItem","position":5,"name":"Elementary schools of the City","item":"https:\/\/www.rijeka.hr\/en\/themes-for-citizens\/upbringing-and-education\/elementary-schools\/elementary-schools-city\/"},{"@type":"ListItem","position":6,"name":"Elementary schools founded by the City of Rijeka"}]},{"@type":"WebSite","@id":"https:\/\/www.rijeka.hr\/en\/#website","url":"https:\/\/www.rijeka.hr\/en\/","name":"City of Rijeka","description":"City of Rijeka web Portal","potentialAction":[{"@type":"SearchAction","target":{"@type":"EntryPoint","urlTemplate":"https:\/\/www.rijeka.hr\/en\/?s={search_term_string}"},"query-input":{"@type":"PropertyValueSpecification","valueRequired":true,"valueName":"search_term_string"}}],"inLanguage":"en-US"}]}},"_links":{"self":[{"href":"https:\/\/www.rijeka.hr\/en\/wp-json\/wp\/v2\/pages\/5778","targetHints":{"allow":["GET"]}}],"collection":[{"href":"https:\/\/www.rijeka.hr\/en\/wp-json\/wp\/v2\/pages"}],"about":[{"href":"https:\/\/www.rijeka.hr\/en\/wp-json\/wp\/v2\/types\/page"}],"author":[{"embeddable":true,"href":"https:\/\/www.rijeka.hr\/en\/wp-json\/wp\/v2\/users\/6"}],"replies":[{"embeddable":true,"href":"https:\/\/www.rijeka.hr\/en\/wp-json\/wp\/v2\/comments?post=5778"}],"version-history":[{"count":4,"href":"https:\/\/www.rijeka.hr\/en\/wp-json\/wp\/v2\/pages\/5778\/revisions"}],"predecessor-version":[{"id":8340,"href":"https:\/\/www.rijeka.hr\/en\/wp-json\/wp\/v2\/pages\/5778\/revisions\/8340"}],"up":[{"embeddable":true,"href":"https:\/\/www.rijeka.hr\/en\/wp-json\/wp\/v2\/pages\/6247"}],"wp:attachment":[{"href":"https:\/\/www.rijeka.hr\/en\/wp-json\/wp\/v2\/media?parent=5778"}],"wp:term":[{"taxonomy":"post_tag","embeddable":true,"href":"https:\/\/www.rijeka.hr\/en\/wp-json\/wp\/v2\/tags?post=5778"}],"curies":[{"name":"wp","href":"https:\/\/api.w.org\/{rel}","templated":true}]}}