{"id":6366,"date":"2018-09-11T15:35:32","date_gmt":"2018-09-11T13:35:32","guid":{"rendered":"https:\/\/www.rijeka.hr\/en\/?page_id=6366"},"modified":"2025-01-16T15:55:41","modified_gmt":"2025-01-16T14:55:41","slug":"kindergartens-founded-city-rijeka","status":"publish","type":"page","link":"https:\/\/www.rijeka.hr\/en\/themes-for-citizens\/upbringing-and-education\/kindergartens\/kindergartens-founded-city-rijeka\/","title":{"rendered":"Kindergartens founded by the City of Rijeka"},"content":{"rendered":"<p>The City of Rijeka is the founder of the entities \u201cDje\u010dji vrti\u0107 Rijeka\/Rijeka Kindergartens\u201d, Dje\u010dji vrti\u0107 Su\u0161ak\/Su\u0161ak Kindergarten&#8221;, &#8220;Dje\u010dji vrti\u0107 More\/More Kindergarten&#8221; where the regular preschool education programme is implemented and a number of other programmes for children from the age of 6 months until elementary education.<\/p>\n<p>In addition to regular programmes, the entities implement programmes that are dedicated to children with developmental disabilities, to talented children, children, members of national minorities, and programmes enriched with specific topics (lessons of foreign languages, and other programmes of artistic, cultural, religious and sports character).<\/p>\n<p>More information about the programmes and enrolment is available on the website of the entity \u201cDje\u010dji vrti\u0107 Rijeka\u201d.<\/p>\n<p>The City of Rijeka provides entire or partial assistance as regards the reimbursement of the costs that relate to the regular preschool education programme for socially vulnerable categories of citizens whose children are enrolled in nurseries and kindergartens.<\/p>\n\n    <div class=\"featured-links\">\n\n        <ul>\n                                                <li class=\"type-url\"><a href=\"https:\/\/www.rijeka.hr\/en\/city-government\/institutions\/educational-institutions\/djecji-vrtici\/\">Kindergartens founded by the City of Rijeka<\/a><\/li>\n                                                                                                                                                                                                                                                                                                                                                                                                                                            <\/ul>\n \n    <\/div>\n\n    \n","protected":false},"excerpt":{"rendered":"<p>The City of Rijeka is the founder of the entities \u201cDje\u010dji vrti\u0107 Rijeka\/Rijeka Kindergartens\u201d, Dje\u010dji vrti\u0107 Su\u0161ak\/Su\u0161ak Kindergarten&#8221;, &#8220;Dje\u010dji vrti\u0107 More\/More Kindergarten&#8221; where the regular preschool education programme is implemented and a number of other programmes for children from the age of 6 months until elementary education. In addition to regular programmes, the entities implement&#8230;<\/p>\n","protected":false},"author":6,"featured_media":0,"parent":119,"menu_order":0,"comment_status":"closed","ping_status":"closed","template":"","meta":{"_acf_changed":false,"_trash_the_other_posts":false,"footnotes":"","_links_to":"","_links_to_target":""},"tags":[],"class_list":["post-6366","page","type-page","status-publish","hentry"],"acf":[],"yoast_head":"<!-- This site is optimized with the Yoast SEO plugin v24.4 - https:\/\/yoast.com\/wordpress\/plugins\/seo\/ -->\n<title>Kindergartens founded by the City of Rijeka - City of Rijeka<\/title>\n<meta name=\"robots\" content=\"index, follow, max-snippet:-1, max-image-preview:large, max-video-preview:-1\" \/>\n<link rel=\"canonical\" href=\"https:\/\/www.rijeka.hr\/en\/themes-for-citizens\/upbringing-and-education\/kindergartens\/kindergartens-founded-city-rijeka\/\" \/>\n<meta property=\"og:locale\" content=\"en_US\" \/>\n<meta property=\"og:type\" content=\"article\" \/>\n<meta property=\"og:title\" content=\"Kindergartens founded by the City of Rijeka - City of Rijeka\" \/>\n<meta property=\"og:description\" content=\"The City of Rijeka is the founder of the entities \u201cDje\u010dji vrti\u0107 Rijeka\/Rijeka Kindergartens\u201d, Dje\u010dji vrti\u0107 Su\u0161ak\/Su\u0161ak Kindergarten&#8221;, &#8220;Dje\u010dji vrti\u0107 More\/More Kindergarten&#8221; where the regular preschool education programme is implemented and a number of other programmes for children from the age of 6 months until elementary education. In addition to regular programmes, the entities implement...\" \/>\n<meta property=\"og:url\" content=\"https:\/\/www.rijeka.hr\/en\/themes-for-citizens\/upbringing-and-education\/kindergartens\/kindergartens-founded-city-rijeka\/\" \/>\n<meta property=\"og:site_name\" content=\"City of Rijeka\" \/>\n<meta property=\"article:modified_time\" content=\"2025-01-16T14:55:41+00:00\" \/>\n<meta name=\"twitter:card\" content=\"summary_large_image\" \/>\n<meta name=\"twitter:label1\" content=\"Est. reading time\" \/>\n\t<meta name=\"twitter:data1\" content=\"1 minute\" \/>\n<script type=\"application\/ld+json\" class=\"yoast-schema-graph\">{\"@context\":\"https:\/\/schema.org\",\"@graph\":[{\"@type\":\"WebPage\",\"@id\":\"https:\/\/www.rijeka.hr\/en\/themes-for-citizens\/upbringing-and-education\/kindergartens\/kindergartens-founded-city-rijeka\/\",\"url\":\"https:\/\/www.rijeka.hr\/en\/themes-for-citizens\/upbringing-and-education\/kindergartens\/kindergartens-founded-city-rijeka\/\",\"name\":\"Kindergartens founded by the City of Rijeka - City of Rijeka\",\"isPartOf\":{\"@id\":\"https:\/\/www.rijeka.hr\/en\/#website\"},\"datePublished\":\"2018-09-11T13:35:32+00:00\",\"dateModified\":\"2025-01-16T14:55:41+00:00\",\"breadcrumb\":{\"@id\":\"https:\/\/www.rijeka.hr\/en\/themes-for-citizens\/upbringing-and-education\/kindergartens\/kindergartens-founded-city-rijeka\/#breadcrumb\"},\"inLanguage\":\"en-US\",\"potentialAction\":[{\"@type\":\"ReadAction\",\"target\":[\"https:\/\/www.rijeka.hr\/en\/themes-for-citizens\/upbringing-and-education\/kindergartens\/kindergartens-founded-city-rijeka\/\"]}]},{\"@type\":\"BreadcrumbList\",\"@id\":\"https:\/\/www.rijeka.hr\/en\/themes-for-citizens\/upbringing-and-education\/kindergartens\/kindergartens-founded-city-rijeka\/#breadcrumb\",\"itemListElement\":[{\"@type\":\"ListItem\",\"position\":1,\"name\":\"Po\u010detna stranica\",\"item\":\"https:\/\/www.rijeka.hr\/en\/\"},{\"@type\":\"ListItem\",\"position\":2,\"name\":\"Themes for citizens\",\"item\":\"https:\/\/www.rijeka.hr\/en\/themes-for-citizens\/\"},{\"@type\":\"ListItem\",\"position\":3,\"name\":\"Upbringing and education\",\"item\":\"https:\/\/www.rijeka.hr\/en\/themes-for-citizens\/upbringing-and-education\/\"},{\"@type\":\"ListItem\",\"position\":4,\"name\":\"Kindergartens\",\"item\":\"https:\/\/www.rijeka.hr\/en\/themes-for-citizens\/upbringing-and-education\/kindergartens\/\"},{\"@type\":\"ListItem\",\"position\":5,\"name\":\"Kindergartens founded by the City of Rijeka\"}]},{\"@type\":\"WebSite\",\"@id\":\"https:\/\/www.rijeka.hr\/en\/#website\",\"url\":\"https:\/\/www.rijeka.hr\/en\/\",\"name\":\"City of Rijeka\",\"description\":\"City of Rijeka web Portal\",\"potentialAction\":[{\"@type\":\"SearchAction\",\"target\":{\"@type\":\"EntryPoint\",\"urlTemplate\":\"https:\/\/www.rijeka.hr\/en\/?s={search_term_string}\"},\"query-input\":{\"@type\":\"PropertyValueSpecification\",\"valueRequired\":true,\"valueName\":\"search_term_string\"}}],\"inLanguage\":\"en-US\"}]}<\/script>\n<!-- \/ Yoast SEO plugin. -->","yoast_head_json":{"title":"Kindergartens founded by the City of Rijeka - City of Rijeka","robots":{"index":"index","follow":"follow","max-snippet":"max-snippet:-1","max-image-preview":"max-image-preview:large","max-video-preview":"max-video-preview:-1"},"canonical":"https:\/\/www.rijeka.hr\/en\/themes-for-citizens\/upbringing-and-education\/kindergartens\/kindergartens-founded-city-rijeka\/","og_locale":"en_US","og_type":"article","og_title":"Kindergartens founded by the City of Rijeka - City of Rijeka","og_description":"The City of Rijeka is the founder of the entities \u201cDje\u010dji vrti\u0107 Rijeka\/Rijeka Kindergartens\u201d, Dje\u010dji vrti\u0107 Su\u0161ak\/Su\u0161ak Kindergarten&#8221;, &#8220;Dje\u010dji vrti\u0107 More\/More Kindergarten&#8221; where the regular preschool education programme is implemented and a number of other programmes for children from the age of 6 months until elementary education. In addition to regular programmes, the entities implement...","og_url":"https:\/\/www.rijeka.hr\/en\/themes-for-citizens\/upbringing-and-education\/kindergartens\/kindergartens-founded-city-rijeka\/","og_site_name":"City of Rijeka","article_modified_time":"2025-01-16T14:55:41+00:00","twitter_card":"summary_large_image","twitter_misc":{"Est. reading time":"1 minute"},"schema":{"@context":"https:\/\/schema.org","@graph":[{"@type":"WebPage","@id":"https:\/\/www.rijeka.hr\/en\/themes-for-citizens\/upbringing-and-education\/kindergartens\/kindergartens-founded-city-rijeka\/","url":"https:\/\/www.rijeka.hr\/en\/themes-for-citizens\/upbringing-and-education\/kindergartens\/kindergartens-founded-city-rijeka\/","name":"Kindergartens founded by the City of Rijeka - City of Rijeka","isPartOf":{"@id":"https:\/\/www.rijeka.hr\/en\/#website"},"datePublished":"2018-09-11T13:35:32+00:00","dateModified":"2025-01-16T14:55:41+00:00","breadcrumb":{"@id":"https:\/\/www.rijeka.hr\/en\/themes-for-citizens\/upbringing-and-education\/kindergartens\/kindergartens-founded-city-rijeka\/#breadcrumb"},"inLanguage":"en-US","potentialAction":[{"@type":"ReadAction","target":["https:\/\/www.rijeka.hr\/en\/themes-for-citizens\/upbringing-and-education\/kindergartens\/kindergartens-founded-city-rijeka\/"]}]},{"@type":"BreadcrumbList","@id":"https:\/\/www.rijeka.hr\/en\/themes-for-citizens\/upbringing-and-education\/kindergartens\/kindergartens-founded-city-rijeka\/#breadcrumb","itemListElement":[{"@type":"ListItem","position":1,"name":"Po\u010detna stranica","item":"https:\/\/www.rijeka.hr\/en\/"},{"@type":"ListItem","position":2,"name":"Themes for citizens","item":"https:\/\/www.rijeka.hr\/en\/themes-for-citizens\/"},{"@type":"ListItem","position":3,"name":"Upbringing and education","item":"https:\/\/www.rijeka.hr\/en\/themes-for-citizens\/upbringing-and-education\/"},{"@type":"ListItem","position":4,"name":"Kindergartens","item":"https:\/\/www.rijeka.hr\/en\/themes-for-citizens\/upbringing-and-education\/kindergartens\/"},{"@type":"ListItem","position":5,"name":"Kindergartens founded by the City of Rijeka"}]},{"@type":"WebSite","@id":"https:\/\/www.rijeka.hr\/en\/#website","url":"https:\/\/www.rijeka.hr\/en\/","name":"City of Rijeka","description":"City of Rijeka web Portal","potentialAction":[{"@type":"SearchAction","target":{"@type":"EntryPoint","urlTemplate":"https:\/\/www.rijeka.hr\/en\/?s={search_term_string}"},"query-input":{"@type":"PropertyValueSpecification","valueRequired":true,"valueName":"search_term_string"}}],"inLanguage":"en-US"}]}},"_links":{"self":[{"href":"https:\/\/www.rijeka.hr\/en\/wp-json\/wp\/v2\/pages\/6366","targetHints":{"allow":["GET"]}}],"collection":[{"href":"https:\/\/www.rijeka.hr\/en\/wp-json\/wp\/v2\/pages"}],"about":[{"href":"https:\/\/www.rijeka.hr\/en\/wp-json\/wp\/v2\/types\/page"}],"author":[{"embeddable":true,"href":"https:\/\/www.rijeka.hr\/en\/wp-json\/wp\/v2\/users\/6"}],"replies":[{"embeddable":true,"href":"https:\/\/www.rijeka.hr\/en\/wp-json\/wp\/v2\/comments?post=6366"}],"version-history":[{"count":8,"href":"https:\/\/www.rijeka.hr\/en\/wp-json\/wp\/v2\/pages\/6366\/revisions"}],"predecessor-version":[{"id":7089,"href":"https:\/\/www.rijeka.hr\/en\/wp-json\/wp\/v2\/pages\/6366\/revisions\/7089"}],"up":[{"embeddable":true,"href":"https:\/\/www.rijeka.hr\/en\/wp-json\/wp\/v2\/pages\/119"}],"wp:attachment":[{"href":"https:\/\/www.rijeka.hr\/en\/wp-json\/wp\/v2\/media?parent=6366"}],"wp:term":[{"taxonomy":"post_tag","embeddable":true,"href":"https:\/\/www.rijeka.hr\/en\/wp-json\/wp\/v2\/tags?post=6366"}],"curies":[{"name":"wp","href":"https:\/\/api.w.org\/{rel}","templated":true}]}}