{"id":6766,"date":"2018-11-22T10:40:35","date_gmt":"2018-11-22T09:40:35","guid":{"rendered":"https:\/\/www.rijeka.hr\/en\/?page_id=6766"},"modified":"2020-08-20T12:26:05","modified_gmt":"2020-08-20T10:26:05","slug":"simpla","status":"publish","type":"page","link":"https:\/\/www.rijeka.hr\/en\/city-government\/eu-projects\/closed-projects\/simpla\/","title":{"rendered":"Simpla"},"content":{"rendered":"<p>Project goal: providing professional support to local authorities in harmonising their SEAPs (Sustainable Energy Action Plans) and SUMPs (Sustainable Urban Mobility Plans).<\/p>\n<p>&nbsp;<\/p>\n<p><strong><img decoding=\"async\" class=\"alignleft wp-image-6768 size-medium\" src=\"https:\/\/www.rijeka.hr\/en\/wp-content\/uploads\/sites\/2\/2018\/11\/Simpla-300x166.jpg\" alt=\"\" \/>Project duration:<\/strong> Phase I 2016 \u2013 2017, Phase II 2018 \u2013 2019<\/p>\n<p>&nbsp;<\/p>\n<p><strong>Description:<\/strong> European policies have set ambitious sustainability targets for all levels of governance for 2020 and the coming decades, expecting important reductions in GHG emissions, a significant increase in energy efficiency and in production from renewable sources, and a dramatic reduction of Europe\u2019s dependence on imported oil. The role of local authorities through their local strategic energy, transport and mobility plans is pivotal to meet these targets. However, individual sectoral plans dealing with energy, trans-port and mobility separately have often proved inefficient to provide effective, long-term solutions. The SIMPLA project offers local authorities an innovative, comprehensive approach to harmonize energy, transport and mobility planning in the frame of wider urban development and land-use planning, providing a step-by-step methodology described in the chapters of these guidelines.<\/p>\n<p>The guidelines are the outcome of a preparatory process entailing extensive consultations in the territories of the SIMPLA partnership. An acknowledgement goes to the over 350 stakeholders, institutional and non-institutional actors involved, including local, regional and national authorities, academy and research centres, national and local energy agencies, utilities, associations, environmental NGOs. Their feedback was elaborated by an international team of energy, mobility and climate change experts to come up with the concept underpinning the SIMPLA methodology.<\/p>\n<p><strong>Project activities:<\/strong><\/p>\n<ul>\n<li>professional support to local authorities in harmonising their sustainable energy plans and sustainable urban mobility plans with targeted training programmes and mentorship,<\/li>\n<li>pilot-activities in the field of energy development and sustainable transport of the local community,<\/li>\n<li>pilot-activities aimed at getting information on the citizens\u2019 present mobility and on the needs and attitudes that may influence projected mobility development in the territory of the city of Rijeka and its wider suburbs.<\/li>\n<\/ul>\n<p><strong>Project partners:<\/strong><\/p>\n<ul>\n<li>AREA Science park Trieste \u2013 coordinator<\/li>\n<li>REA Regional Energy Agency Kvarner \u2013 activity implementer for Croatia,<\/li>\n<li>Primorje-Gorski Kotar County, Istria County<\/li>\n<li>associated cities: Rijeka, Pula, Pazin, Pore\u010d, Zadar, Dubrovnik, Vara\u017edin, \u010cakovec, Ludbreg, Kri\u017eevci, Osijek<\/li>\n<li>associated cities in Italy, Austria, Romania and Bulgaria.<\/li>\n<\/ul>\n<p><strong>Project website<\/strong>: www.simpla-project.eu\/hr<\/p>\n","protected":false},"excerpt":{"rendered":"<p>Project goal: providing professional support to local authorities in harmonising their SEAPs (Sustainable Energy Action Plans) and SUMPs (Sustainable Urban Mobility Plans). &nbsp; Project duration: Phase I 2016 \u2013 2017, Phase II 2018 \u2013 2019 &nbsp; Description: European policies have set ambitious sustainability targets for all levels of governance for 2020 and the coming decades,&#8230;<\/p>\n","protected":false},"author":8,"featured_media":0,"parent":1318,"menu_order":100,"comment_status":"closed","ping_status":"closed","template":"","meta":{"_acf_changed":false,"_trash_the_other_posts":false,"footnotes":"","_links_to":"","_links_to_target":""},"tags":[],"class_list":["post-6766","page","type-page","status-publish","hentry"],"acf":[],"yoast_head":"<!-- This site is optimized with the Yoast SEO plugin v24.4 - https:\/\/yoast.com\/wordpress\/plugins\/seo\/ -->\n<title>Simpla - City of Rijeka<\/title>\n<meta name=\"robots\" content=\"index, follow, max-snippet:-1, max-image-preview:large, max-video-preview:-1\" \/>\n<link rel=\"canonical\" href=\"https:\/\/www.rijeka.hr\/en\/city-government\/eu-projects\/closed-projects\/simpla\/\" \/>\n<meta property=\"og:locale\" content=\"en_US\" \/>\n<meta property=\"og:type\" content=\"article\" \/>\n<meta property=\"og:title\" content=\"Simpla - City of Rijeka\" \/>\n<meta property=\"og:description\" content=\"Project goal: providing professional support to local authorities in harmonising their SEAPs (Sustainable Energy Action Plans) and SUMPs (Sustainable Urban Mobility Plans). &nbsp; Project duration: Phase I 2016 \u2013 2017, Phase II 2018 \u2013 2019 &nbsp; Description: European policies have set ambitious sustainability targets for all levels of governance for 2020 and the coming decades,...\" \/>\n<meta property=\"og:url\" content=\"https:\/\/www.rijeka.hr\/en\/city-government\/eu-projects\/closed-projects\/simpla\/\" \/>\n<meta property=\"og:site_name\" content=\"City of Rijeka\" \/>\n<meta property=\"article:modified_time\" content=\"2020-08-20T10:26:05+00:00\" \/>\n<meta property=\"og:image\" content=\"https:\/\/www.rijeka.hr\/en\/wp-content\/uploads\/sites\/2\/2018\/11\/Simpla-300x166.jpg\" \/>\n<meta name=\"twitter:card\" content=\"summary_large_image\" \/>\n<meta name=\"twitter:label1\" content=\"Est. reading time\" \/>\n\t<meta name=\"twitter:data1\" content=\"2 minutes\" \/>\n<script type=\"application\/ld+json\" class=\"yoast-schema-graph\">{\"@context\":\"https:\/\/schema.org\",\"@graph\":[{\"@type\":\"WebPage\",\"@id\":\"https:\/\/www.rijeka.hr\/en\/city-government\/eu-projects\/closed-projects\/simpla\/\",\"url\":\"https:\/\/www.rijeka.hr\/en\/city-government\/eu-projects\/closed-projects\/simpla\/\",\"name\":\"Simpla - City of Rijeka\",\"isPartOf\":{\"@id\":\"https:\/\/www.rijeka.hr\/en\/#website\"},\"primaryImageOfPage\":{\"@id\":\"https:\/\/www.rijeka.hr\/en\/city-government\/eu-projects\/closed-projects\/simpla\/#primaryimage\"},\"image\":{\"@id\":\"https:\/\/www.rijeka.hr\/en\/city-government\/eu-projects\/closed-projects\/simpla\/#primaryimage\"},\"thumbnailUrl\":\"https:\/\/www.rijeka.hr\/en\/wp-content\/uploads\/sites\/2\/2018\/11\/Simpla-300x166.jpg\",\"datePublished\":\"2018-11-22T09:40:35+00:00\",\"dateModified\":\"2020-08-20T10:26:05+00:00\",\"breadcrumb\":{\"@id\":\"https:\/\/www.rijeka.hr\/en\/city-government\/eu-projects\/closed-projects\/simpla\/#breadcrumb\"},\"inLanguage\":\"en-US\",\"potentialAction\":[{\"@type\":\"ReadAction\",\"target\":[\"https:\/\/www.rijeka.hr\/en\/city-government\/eu-projects\/closed-projects\/simpla\/\"]}]},{\"@type\":\"ImageObject\",\"inLanguage\":\"en-US\",\"@id\":\"https:\/\/www.rijeka.hr\/en\/city-government\/eu-projects\/closed-projects\/simpla\/#primaryimage\",\"url\":\"https:\/\/www.rijeka.hr\/en\/wp-content\/uploads\/sites\/2\/2018\/11\/Simpla.jpg\",\"contentUrl\":\"https:\/\/www.rijeka.hr\/en\/wp-content\/uploads\/sites\/2\/2018\/11\/Simpla.jpg\",\"width\":329,\"height\":182},{\"@type\":\"BreadcrumbList\",\"@id\":\"https:\/\/www.rijeka.hr\/en\/city-government\/eu-projects\/closed-projects\/simpla\/#breadcrumb\",\"itemListElement\":[{\"@type\":\"ListItem\",\"position\":1,\"name\":\"Po\u010detna stranica\",\"item\":\"https:\/\/www.rijeka.hr\/en\/\"},{\"@type\":\"ListItem\",\"position\":2,\"name\":\"City administration\",\"item\":\"https:\/\/www.rijeka.hr\/en\/city-government\/\"},{\"@type\":\"ListItem\",\"position\":3,\"name\":\"EU projects\",\"item\":\"https:\/\/www.rijeka.hr\/en\/city-government\/eu-projects\/\"},{\"@type\":\"ListItem\",\"position\":4,\"name\":\"Closed projects\",\"item\":\"https:\/\/www.rijeka.hr\/en\/city-government\/eu-projects\/closed-projects\/\"},{\"@type\":\"ListItem\",\"position\":5,\"name\":\"Simpla\"}]},{\"@type\":\"WebSite\",\"@id\":\"https:\/\/www.rijeka.hr\/en\/#website\",\"url\":\"https:\/\/www.rijeka.hr\/en\/\",\"name\":\"City of Rijeka\",\"description\":\"City of Rijeka web Portal\",\"potentialAction\":[{\"@type\":\"SearchAction\",\"target\":{\"@type\":\"EntryPoint\",\"urlTemplate\":\"https:\/\/www.rijeka.hr\/en\/?s={search_term_string}\"},\"query-input\":{\"@type\":\"PropertyValueSpecification\",\"valueRequired\":true,\"valueName\":\"search_term_string\"}}],\"inLanguage\":\"en-US\"}]}<\/script>\n<!-- \/ Yoast SEO plugin. -->","yoast_head_json":{"title":"Simpla - City of Rijeka","robots":{"index":"index","follow":"follow","max-snippet":"max-snippet:-1","max-image-preview":"max-image-preview:large","max-video-preview":"max-video-preview:-1"},"canonical":"https:\/\/www.rijeka.hr\/en\/city-government\/eu-projects\/closed-projects\/simpla\/","og_locale":"en_US","og_type":"article","og_title":"Simpla - City of Rijeka","og_description":"Project goal: providing professional support to local authorities in harmonising their SEAPs (Sustainable Energy Action Plans) and SUMPs (Sustainable Urban Mobility Plans). &nbsp; Project duration: Phase I 2016 \u2013 2017, Phase II 2018 \u2013 2019 &nbsp; Description: European policies have set ambitious sustainability targets for all levels of governance for 2020 and the coming decades,...","og_url":"https:\/\/www.rijeka.hr\/en\/city-government\/eu-projects\/closed-projects\/simpla\/","og_site_name":"City of Rijeka","article_modified_time":"2020-08-20T10:26:05+00:00","og_image":[{"url":"https:\/\/www.rijeka.hr\/en\/wp-content\/uploads\/sites\/2\/2018\/11\/Simpla-300x166.jpg","type":"","width":"","height":""}],"twitter_card":"summary_large_image","twitter_misc":{"Est. reading time":"2 minutes"},"schema":{"@context":"https:\/\/schema.org","@graph":[{"@type":"WebPage","@id":"https:\/\/www.rijeka.hr\/en\/city-government\/eu-projects\/closed-projects\/simpla\/","url":"https:\/\/www.rijeka.hr\/en\/city-government\/eu-projects\/closed-projects\/simpla\/","name":"Simpla - City of Rijeka","isPartOf":{"@id":"https:\/\/www.rijeka.hr\/en\/#website"},"primaryImageOfPage":{"@id":"https:\/\/www.rijeka.hr\/en\/city-government\/eu-projects\/closed-projects\/simpla\/#primaryimage"},"image":{"@id":"https:\/\/www.rijeka.hr\/en\/city-government\/eu-projects\/closed-projects\/simpla\/#primaryimage"},"thumbnailUrl":"https:\/\/www.rijeka.hr\/en\/wp-content\/uploads\/sites\/2\/2018\/11\/Simpla-300x166.jpg","datePublished":"2018-11-22T09:40:35+00:00","dateModified":"2020-08-20T10:26:05+00:00","breadcrumb":{"@id":"https:\/\/www.rijeka.hr\/en\/city-government\/eu-projects\/closed-projects\/simpla\/#breadcrumb"},"inLanguage":"en-US","potentialAction":[{"@type":"ReadAction","target":["https:\/\/www.rijeka.hr\/en\/city-government\/eu-projects\/closed-projects\/simpla\/"]}]},{"@type":"ImageObject","inLanguage":"en-US","@id":"https:\/\/www.rijeka.hr\/en\/city-government\/eu-projects\/closed-projects\/simpla\/#primaryimage","url":"https:\/\/www.rijeka.hr\/en\/wp-content\/uploads\/sites\/2\/2018\/11\/Simpla.jpg","contentUrl":"https:\/\/www.rijeka.hr\/en\/wp-content\/uploads\/sites\/2\/2018\/11\/Simpla.jpg","width":329,"height":182},{"@type":"BreadcrumbList","@id":"https:\/\/www.rijeka.hr\/en\/city-government\/eu-projects\/closed-projects\/simpla\/#breadcrumb","itemListElement":[{"@type":"ListItem","position":1,"name":"Po\u010detna stranica","item":"https:\/\/www.rijeka.hr\/en\/"},{"@type":"ListItem","position":2,"name":"City administration","item":"https:\/\/www.rijeka.hr\/en\/city-government\/"},{"@type":"ListItem","position":3,"name":"EU projects","item":"https:\/\/www.rijeka.hr\/en\/city-government\/eu-projects\/"},{"@type":"ListItem","position":4,"name":"Closed projects","item":"https:\/\/www.rijeka.hr\/en\/city-government\/eu-projects\/closed-projects\/"},{"@type":"ListItem","position":5,"name":"Simpla"}]},{"@type":"WebSite","@id":"https:\/\/www.rijeka.hr\/en\/#website","url":"https:\/\/www.rijeka.hr\/en\/","name":"City of Rijeka","description":"City of Rijeka web Portal","potentialAction":[{"@type":"SearchAction","target":{"@type":"EntryPoint","urlTemplate":"https:\/\/www.rijeka.hr\/en\/?s={search_term_string}"},"query-input":{"@type":"PropertyValueSpecification","valueRequired":true,"valueName":"search_term_string"}}],"inLanguage":"en-US"}]}},"_links":{"self":[{"href":"https:\/\/www.rijeka.hr\/en\/wp-json\/wp\/v2\/pages\/6766","targetHints":{"allow":["GET"]}}],"collection":[{"href":"https:\/\/www.rijeka.hr\/en\/wp-json\/wp\/v2\/pages"}],"about":[{"href":"https:\/\/www.rijeka.hr\/en\/wp-json\/wp\/v2\/types\/page"}],"author":[{"embeddable":true,"href":"https:\/\/www.rijeka.hr\/en\/wp-json\/wp\/v2\/users\/8"}],"replies":[{"embeddable":true,"href":"https:\/\/www.rijeka.hr\/en\/wp-json\/wp\/v2\/comments?post=6766"}],"version-history":[{"count":7,"href":"https:\/\/www.rijeka.hr\/en\/wp-json\/wp\/v2\/pages\/6766\/revisions"}],"predecessor-version":[{"id":6769,"href":"https:\/\/www.rijeka.hr\/en\/wp-json\/wp\/v2\/pages\/6766\/revisions\/6769"}],"up":[{"embeddable":true,"href":"https:\/\/www.rijeka.hr\/en\/wp-json\/wp\/v2\/pages\/1318"}],"wp:attachment":[{"href":"https:\/\/www.rijeka.hr\/en\/wp-json\/wp\/v2\/media?parent=6766"}],"wp:term":[{"taxonomy":"post_tag","embeddable":true,"href":"https:\/\/www.rijeka.hr\/en\/wp-json\/wp\/v2\/tags?post=6766"}],"curies":[{"name":"wp","href":"https:\/\/api.w.org\/{rel}","templated":true}]}}