{"id":7291,"date":"2019-02-14T12:34:26","date_gmt":"2019-02-14T11:34:26","guid":{"rendered":"https:\/\/www.rijeka.hr\/en\/?page_id=7291"},"modified":"2019-02-14T12:40:34","modified_gmt":"2019-02-14T11:40:34","slug":"film","status":"publish","type":"page","link":"https:\/\/www.rijeka.hr\/en\/themes-for-citizens\/culture\/cultural-fields\/film\/","title":{"rendered":"Film"},"content":{"rendered":"<h2>Cinemas<\/h2>\n<ul>\n<li><a href=\"http:\/\/www.art-kino.org\/\">Art-kino<\/a><\/li>\n<li><a href=\"http:\/\/www.blitz-cinestar.hr\/cinestar-rijeka\">Cinestar<\/a><\/li>\n<\/ul>\n<h2>Vocational associations and programme organisers<\/h2>\n<ul>\n<li>Udruga\u00a0<a href=\"http:\/\/www.filmaktiv.org\/\">Filmaktiv<strong>\u00a0<\/strong><\/a><\/li>\n<li><a href=\"http:\/\/ukus.tv\/\">Udruga\u00a0Ukus<\/a><\/li>\n<li><a href=\"http:\/\/www.istrafilm.hr\/\">Istra film<\/a>\u00a0d.o.o.<\/li>\n<li>Lux company d.o.o.<\/li>\n<li>Kino video klub\u00a0<a href=\"http:\/\/www.liburnija-film.hr\/hr\/\">Liburnija film<\/a><\/li>\n<li><a href=\"http:\/\/www.havc.hr\/\">Hrvatski audiovizualni centar<\/a><\/li>\n<li><a href=\"http:\/\/www.dhfr.hr\/\">Dru\u0161tvo hrvatskih filmskih redatelja<\/a><\/li>\n<li><a href=\"http:\/\/www.hdfd.hr\/\">Hrvatsko dru\u0161tvo filmskih djelatnika<\/a><\/li>\n<li><a href=\"http:\/\/www.hdfk.hr\/\">Hrvatsko dru\u0161tvo filmskih kriti\u010dara<\/a><\/li>\n<\/ul>\n","protected":false},"excerpt":{"rendered":"<p>Cinemas Art-kino Cinestar Vocational associations and programme organisers Udruga\u00a0Filmaktiv\u00a0 Udruga\u00a0Ukus Istra film\u00a0d.o.o. Lux company d.o.o. Kino video klub\u00a0Liburnija film Hrvatski audiovizualni centar Dru\u0161tvo hrvatskih filmskih redatelja Hrvatsko dru\u0161tvo filmskih djelatnika Hrvatsko dru\u0161tvo filmskih kriti\u010dara<\/p>\n","protected":false},"author":6,"featured_media":0,"parent":45,"menu_order":0,"comment_status":"closed","ping_status":"closed","template":"","meta":{"_acf_changed":false,"_trash_the_other_posts":false,"footnotes":"","_links_to":"","_links_to_target":""},"tags":[],"class_list":["post-7291","page","type-page","status-publish","hentry"],"acf":[],"yoast_head":"<!-- This site is optimized with the Yoast SEO plugin v24.4 - https:\/\/yoast.com\/wordpress\/plugins\/seo\/ -->\n<title>Film - City of Rijeka<\/title>\n<meta name=\"robots\" content=\"index, follow, max-snippet:-1, max-image-preview:large, max-video-preview:-1\" \/>\n<link rel=\"canonical\" href=\"https:\/\/www.rijeka.hr\/en\/themes-for-citizens\/culture\/cultural-fields\/film\/\" \/>\n<meta property=\"og:locale\" content=\"en_US\" \/>\n<meta property=\"og:type\" content=\"article\" \/>\n<meta property=\"og:title\" content=\"Film - City of Rijeka\" \/>\n<meta property=\"og:description\" content=\"Cinemas Art-kino Cinestar Vocational associations and programme organisers Udruga\u00a0Filmaktiv\u00a0 Udruga\u00a0Ukus Istra film\u00a0d.o.o. Lux company d.o.o. Kino video klub\u00a0Liburnija film Hrvatski audiovizualni centar Dru\u0161tvo hrvatskih filmskih redatelja Hrvatsko dru\u0161tvo filmskih djelatnika Hrvatsko dru\u0161tvo filmskih kriti\u010dara\" \/>\n<meta property=\"og:url\" content=\"https:\/\/www.rijeka.hr\/en\/themes-for-citizens\/culture\/cultural-fields\/film\/\" \/>\n<meta property=\"og:site_name\" content=\"City of Rijeka\" \/>\n<meta property=\"article:modified_time\" content=\"2019-02-14T11:40:34+00:00\" \/>\n<meta name=\"twitter:card\" content=\"summary_large_image\" \/>\n<script type=\"application\/ld+json\" class=\"yoast-schema-graph\">{\"@context\":\"https:\/\/schema.org\",\"@graph\":[{\"@type\":\"WebPage\",\"@id\":\"https:\/\/www.rijeka.hr\/en\/themes-for-citizens\/culture\/cultural-fields\/film\/\",\"url\":\"https:\/\/www.rijeka.hr\/en\/themes-for-citizens\/culture\/cultural-fields\/film\/\",\"name\":\"Film - City of Rijeka\",\"isPartOf\":{\"@id\":\"https:\/\/www.rijeka.hr\/en\/#website\"},\"datePublished\":\"2019-02-14T11:34:26+00:00\",\"dateModified\":\"2019-02-14T11:40:34+00:00\",\"breadcrumb\":{\"@id\":\"https:\/\/www.rijeka.hr\/en\/themes-for-citizens\/culture\/cultural-fields\/film\/#breadcrumb\"},\"inLanguage\":\"en-US\",\"potentialAction\":[{\"@type\":\"ReadAction\",\"target\":[\"https:\/\/www.rijeka.hr\/en\/themes-for-citizens\/culture\/cultural-fields\/film\/\"]}]},{\"@type\":\"BreadcrumbList\",\"@id\":\"https:\/\/www.rijeka.hr\/en\/themes-for-citizens\/culture\/cultural-fields\/film\/#breadcrumb\",\"itemListElement\":[{\"@type\":\"ListItem\",\"position\":1,\"name\":\"Po\u010detna stranica\",\"item\":\"https:\/\/www.rijeka.hr\/en\/\"},{\"@type\":\"ListItem\",\"position\":2,\"name\":\"Themes for citizens\",\"item\":\"https:\/\/www.rijeka.hr\/en\/themes-for-citizens\/\"},{\"@type\":\"ListItem\",\"position\":3,\"name\":\"Culture\",\"item\":\"https:\/\/www.rijeka.hr\/en\/themes-for-citizens\/culture\/\"},{\"@type\":\"ListItem\",\"position\":4,\"name\":\"Cultural fields\",\"item\":\"https:\/\/www.rijeka.hr\/en\/themes-for-citizens\/culture\/cultural-fields\/\"},{\"@type\":\"ListItem\",\"position\":5,\"name\":\"Film\"}]},{\"@type\":\"WebSite\",\"@id\":\"https:\/\/www.rijeka.hr\/en\/#website\",\"url\":\"https:\/\/www.rijeka.hr\/en\/\",\"name\":\"City of Rijeka\",\"description\":\"City of Rijeka web Portal\",\"potentialAction\":[{\"@type\":\"SearchAction\",\"target\":{\"@type\":\"EntryPoint\",\"urlTemplate\":\"https:\/\/www.rijeka.hr\/en\/?s={search_term_string}\"},\"query-input\":{\"@type\":\"PropertyValueSpecification\",\"valueRequired\":true,\"valueName\":\"search_term_string\"}}],\"inLanguage\":\"en-US\"}]}<\/script>\n<!-- \/ Yoast SEO plugin. -->","yoast_head_json":{"title":"Film - City of Rijeka","robots":{"index":"index","follow":"follow","max-snippet":"max-snippet:-1","max-image-preview":"max-image-preview:large","max-video-preview":"max-video-preview:-1"},"canonical":"https:\/\/www.rijeka.hr\/en\/themes-for-citizens\/culture\/cultural-fields\/film\/","og_locale":"en_US","og_type":"article","og_title":"Film - City of Rijeka","og_description":"Cinemas Art-kino Cinestar Vocational associations and programme organisers Udruga\u00a0Filmaktiv\u00a0 Udruga\u00a0Ukus Istra film\u00a0d.o.o. Lux company d.o.o. Kino video klub\u00a0Liburnija film Hrvatski audiovizualni centar Dru\u0161tvo hrvatskih filmskih redatelja Hrvatsko dru\u0161tvo filmskih djelatnika Hrvatsko dru\u0161tvo filmskih kriti\u010dara","og_url":"https:\/\/www.rijeka.hr\/en\/themes-for-citizens\/culture\/cultural-fields\/film\/","og_site_name":"City of Rijeka","article_modified_time":"2019-02-14T11:40:34+00:00","twitter_card":"summary_large_image","schema":{"@context":"https:\/\/schema.org","@graph":[{"@type":"WebPage","@id":"https:\/\/www.rijeka.hr\/en\/themes-for-citizens\/culture\/cultural-fields\/film\/","url":"https:\/\/www.rijeka.hr\/en\/themes-for-citizens\/culture\/cultural-fields\/film\/","name":"Film - City of Rijeka","isPartOf":{"@id":"https:\/\/www.rijeka.hr\/en\/#website"},"datePublished":"2019-02-14T11:34:26+00:00","dateModified":"2019-02-14T11:40:34+00:00","breadcrumb":{"@id":"https:\/\/www.rijeka.hr\/en\/themes-for-citizens\/culture\/cultural-fields\/film\/#breadcrumb"},"inLanguage":"en-US","potentialAction":[{"@type":"ReadAction","target":["https:\/\/www.rijeka.hr\/en\/themes-for-citizens\/culture\/cultural-fields\/film\/"]}]},{"@type":"BreadcrumbList","@id":"https:\/\/www.rijeka.hr\/en\/themes-for-citizens\/culture\/cultural-fields\/film\/#breadcrumb","itemListElement":[{"@type":"ListItem","position":1,"name":"Po\u010detna stranica","item":"https:\/\/www.rijeka.hr\/en\/"},{"@type":"ListItem","position":2,"name":"Themes for citizens","item":"https:\/\/www.rijeka.hr\/en\/themes-for-citizens\/"},{"@type":"ListItem","position":3,"name":"Culture","item":"https:\/\/www.rijeka.hr\/en\/themes-for-citizens\/culture\/"},{"@type":"ListItem","position":4,"name":"Cultural fields","item":"https:\/\/www.rijeka.hr\/en\/themes-for-citizens\/culture\/cultural-fields\/"},{"@type":"ListItem","position":5,"name":"Film"}]},{"@type":"WebSite","@id":"https:\/\/www.rijeka.hr\/en\/#website","url":"https:\/\/www.rijeka.hr\/en\/","name":"City of Rijeka","description":"City of Rijeka web Portal","potentialAction":[{"@type":"SearchAction","target":{"@type":"EntryPoint","urlTemplate":"https:\/\/www.rijeka.hr\/en\/?s={search_term_string}"},"query-input":{"@type":"PropertyValueSpecification","valueRequired":true,"valueName":"search_term_string"}}],"inLanguage":"en-US"}]}},"_links":{"self":[{"href":"https:\/\/www.rijeka.hr\/en\/wp-json\/wp\/v2\/pages\/7291","targetHints":{"allow":["GET"]}}],"collection":[{"href":"https:\/\/www.rijeka.hr\/en\/wp-json\/wp\/v2\/pages"}],"about":[{"href":"https:\/\/www.rijeka.hr\/en\/wp-json\/wp\/v2\/types\/page"}],"author":[{"embeddable":true,"href":"https:\/\/www.rijeka.hr\/en\/wp-json\/wp\/v2\/users\/6"}],"replies":[{"embeddable":true,"href":"https:\/\/www.rijeka.hr\/en\/wp-json\/wp\/v2\/comments?post=7291"}],"version-history":[{"count":2,"href":"https:\/\/www.rijeka.hr\/en\/wp-json\/wp\/v2\/pages\/7291\/revisions"}],"predecessor-version":[{"id":7293,"href":"https:\/\/www.rijeka.hr\/en\/wp-json\/wp\/v2\/pages\/7291\/revisions\/7293"}],"up":[{"embeddable":true,"href":"https:\/\/www.rijeka.hr\/en\/wp-json\/wp\/v2\/pages\/45"}],"wp:attachment":[{"href":"https:\/\/www.rijeka.hr\/en\/wp-json\/wp\/v2\/media?parent=7291"}],"wp:term":[{"taxonomy":"post_tag","embeddable":true,"href":"https:\/\/www.rijeka.hr\/en\/wp-json\/wp\/v2\/tags?post=7291"}],"curies":[{"name":"wp","href":"https:\/\/api.w.org\/{rel}","templated":true}]}}