{"id":7294,"date":"2019-02-14T13:21:18","date_gmt":"2019-02-14T12:21:18","guid":{"rendered":"https:\/\/www.rijeka.hr\/en\/?page_id=7294"},"modified":"2026-02-26T11:21:45","modified_gmt":"2026-02-26T10:21:45","slug":"music","status":"publish","type":"page","link":"https:\/\/www.rijeka.hr\/en\/themes-for-citizens\/culture\/cultural-fields\/music\/","title":{"rendered":"Music"},"content":{"rendered":"<h2>Ensembles and choirs<\/h2>\n<ul>\n<li><a href=\"http:\/\/www.huoku.hr\/htm\/rijeckikomorniorkestar.htm\">Rije\u010dki komorni orkestar<\/a>\u00a0\/\u00a0Collegium musicum fluminense<\/li>\n<li>Rije\u010dki oratorijski zbor Ivan Mateti\u0107 Ronjgov<\/li>\n<li>Mje\u0161oviti pjeva\u010dki zbor Kulturno-umjetni\u010dke udruge Jeka Primorja Rijeka<\/li>\n<li><a href=\"http:\/\/www.putokazi.hr\/spotovi.php\">Putokazi<\/a><\/li>\n<li>Lira \u2013 \u017eenska vokalna skupina<\/li>\n<\/ul>\n<h2>Vocational organisations and associations<\/h2>\n<ul>\n<li>Hrvatska glazbena unija \u2013 podru\u017enica u Rijeci<\/li>\n<li>Hrvatska udruga orkestralnih i komornih umjetnika \u2013 Podru\u017enica Rijeka<\/li>\n<li>Udruga Liburnia Jazz<\/li>\n<li>Udruga Melodije Kvarnera<\/li>\n<li>Udruga sjevernojadranskih klapa \u2013 USJAK<\/li>\n<li>Udruga za razvoj kulture Ritam<\/li>\n<li><a href=\"http:\/\/www.suzuki.yolasite.com\/\">Udruga dr. Suzuki glazbeni studio<\/a><\/li>\n<\/ul>\n<h2>Publishers<\/h2>\n<ul>\n<li>CIKLAMA RECORDS<\/li>\n<li>CONMARE d.o.o.<\/li>\n<li><a href=\"http:\/\/www.gis.hr\/\">G.I.S. d.o.o.<\/a>\u00a0GLAZBENA PRODUKCIJA<\/li>\n<li><a href=\"http:\/\/studiomaraton.com\/\">MARATON<\/a><\/li>\n<li>MELODY\u00a0d.o.o.<\/li>\n<li>NEMA PROBLEMA d.o.o.<\/li>\n<li>TONSKI STUDIO CRESCENDO<\/li>\n<\/ul>\n<h2>Educational programmes and training<\/h2>\n<ul>\n<li><a href=\"http:\/\/www.ogs-imateticaronjgova-ri.skole.hr\/\">Glazbena \u0161kola Ivana Mateti\u0107a Ronjgova u Rijeci<\/a><\/li>\n<li><a href=\"https:\/\/glazbena-udruga-ajug-matic.hr\/\" target=\"_blank\" rel=\"noopener\">Glazbena udruga A. Jug Mati\u0107<\/a><\/li>\n<\/ul>\n","protected":false},"excerpt":{"rendered":"<p>Ensembles and choirs Rije\u010dki komorni orkestar\u00a0\/\u00a0Collegium musicum fluminense Rije\u010dki oratorijski zbor Ivan Mateti\u0107 Ronjgov Mje\u0161oviti pjeva\u010dki zbor Kulturno-umjetni\u010dke udruge Jeka Primorja Rijeka Putokazi Lira \u2013 \u017eenska vokalna skupina Vocational organisations and associations Hrvatska glazbena unija \u2013 podru\u017enica u Rijeci Hrvatska udruga orkestralnih i komornih umjetnika \u2013 Podru\u017enica Rijeka Udruga Liburnia Jazz Udruga Melodije Kvarnera Udruga&#8230;<\/p>\n","protected":false},"author":6,"featured_media":0,"parent":45,"menu_order":0,"comment_status":"closed","ping_status":"closed","template":"","meta":{"_acf_changed":false,"_trash_the_other_posts":false,"footnotes":"","_links_to":"","_links_to_target":""},"tags":[],"class_list":["post-7294","page","type-page","status-publish","hentry"],"acf":[],"yoast_head":"<!-- This site is optimized with the Yoast SEO plugin v24.4 - https:\/\/yoast.com\/wordpress\/plugins\/seo\/ -->\n<title>Music - City of Rijeka<\/title>\n<meta name=\"robots\" content=\"index, follow, max-snippet:-1, max-image-preview:large, max-video-preview:-1\" \/>\n<link rel=\"canonical\" href=\"https:\/\/www.rijeka.hr\/en\/themes-for-citizens\/culture\/cultural-fields\/music\/\" \/>\n<meta property=\"og:locale\" content=\"en_US\" \/>\n<meta property=\"og:type\" content=\"article\" \/>\n<meta property=\"og:title\" content=\"Music - City of Rijeka\" \/>\n<meta property=\"og:description\" content=\"Ensembles and choirs Rije\u010dki komorni orkestar\u00a0\/\u00a0Collegium musicum fluminense Rije\u010dki oratorijski zbor Ivan Mateti\u0107 Ronjgov Mje\u0161oviti pjeva\u010dki zbor Kulturno-umjetni\u010dke udruge Jeka Primorja Rijeka Putokazi Lira \u2013 \u017eenska vokalna skupina Vocational organisations and associations Hrvatska glazbena unija \u2013 podru\u017enica u Rijeci Hrvatska udruga orkestralnih i komornih umjetnika \u2013 Podru\u017enica Rijeka Udruga Liburnia Jazz Udruga Melodije Kvarnera Udruga...\" \/>\n<meta property=\"og:url\" content=\"https:\/\/www.rijeka.hr\/en\/themes-for-citizens\/culture\/cultural-fields\/music\/\" \/>\n<meta property=\"og:site_name\" content=\"City of Rijeka\" \/>\n<meta property=\"article:modified_time\" content=\"2026-02-26T10:21:45+00:00\" \/>\n<meta name=\"twitter:card\" content=\"summary_large_image\" \/>\n<meta name=\"twitter:label1\" content=\"Est. reading time\" \/>\n\t<meta name=\"twitter:data1\" content=\"1 minute\" \/>\n<script type=\"application\/ld+json\" class=\"yoast-schema-graph\">{\"@context\":\"https:\/\/schema.org\",\"@graph\":[{\"@type\":\"WebPage\",\"@id\":\"https:\/\/www.rijeka.hr\/en\/themes-for-citizens\/culture\/cultural-fields\/music\/\",\"url\":\"https:\/\/www.rijeka.hr\/en\/themes-for-citizens\/culture\/cultural-fields\/music\/\",\"name\":\"Music - City of Rijeka\",\"isPartOf\":{\"@id\":\"https:\/\/www.rijeka.hr\/en\/#website\"},\"datePublished\":\"2019-02-14T12:21:18+00:00\",\"dateModified\":\"2026-02-26T10:21:45+00:00\",\"breadcrumb\":{\"@id\":\"https:\/\/www.rijeka.hr\/en\/themes-for-citizens\/culture\/cultural-fields\/music\/#breadcrumb\"},\"inLanguage\":\"en-US\",\"potentialAction\":[{\"@type\":\"ReadAction\",\"target\":[\"https:\/\/www.rijeka.hr\/en\/themes-for-citizens\/culture\/cultural-fields\/music\/\"]}]},{\"@type\":\"BreadcrumbList\",\"@id\":\"https:\/\/www.rijeka.hr\/en\/themes-for-citizens\/culture\/cultural-fields\/music\/#breadcrumb\",\"itemListElement\":[{\"@type\":\"ListItem\",\"position\":1,\"name\":\"Po\u010detna stranica\",\"item\":\"https:\/\/www.rijeka.hr\/en\/\"},{\"@type\":\"ListItem\",\"position\":2,\"name\":\"Themes for citizens\",\"item\":\"https:\/\/www.rijeka.hr\/en\/themes-for-citizens\/\"},{\"@type\":\"ListItem\",\"position\":3,\"name\":\"Culture\",\"item\":\"https:\/\/www.rijeka.hr\/en\/themes-for-citizens\/culture\/\"},{\"@type\":\"ListItem\",\"position\":4,\"name\":\"Cultural fields\",\"item\":\"https:\/\/www.rijeka.hr\/en\/themes-for-citizens\/culture\/cultural-fields\/\"},{\"@type\":\"ListItem\",\"position\":5,\"name\":\"Music\"}]},{\"@type\":\"WebSite\",\"@id\":\"https:\/\/www.rijeka.hr\/en\/#website\",\"url\":\"https:\/\/www.rijeka.hr\/en\/\",\"name\":\"City of Rijeka\",\"description\":\"City of Rijeka web Portal\",\"potentialAction\":[{\"@type\":\"SearchAction\",\"target\":{\"@type\":\"EntryPoint\",\"urlTemplate\":\"https:\/\/www.rijeka.hr\/en\/?s={search_term_string}\"},\"query-input\":{\"@type\":\"PropertyValueSpecification\",\"valueRequired\":true,\"valueName\":\"search_term_string\"}}],\"inLanguage\":\"en-US\"}]}<\/script>\n<!-- \/ Yoast SEO plugin. -->","yoast_head_json":{"title":"Music - City of Rijeka","robots":{"index":"index","follow":"follow","max-snippet":"max-snippet:-1","max-image-preview":"max-image-preview:large","max-video-preview":"max-video-preview:-1"},"canonical":"https:\/\/www.rijeka.hr\/en\/themes-for-citizens\/culture\/cultural-fields\/music\/","og_locale":"en_US","og_type":"article","og_title":"Music - City of Rijeka","og_description":"Ensembles and choirs Rije\u010dki komorni orkestar\u00a0\/\u00a0Collegium musicum fluminense Rije\u010dki oratorijski zbor Ivan Mateti\u0107 Ronjgov Mje\u0161oviti pjeva\u010dki zbor Kulturno-umjetni\u010dke udruge Jeka Primorja Rijeka Putokazi Lira \u2013 \u017eenska vokalna skupina Vocational organisations and associations Hrvatska glazbena unija \u2013 podru\u017enica u Rijeci Hrvatska udruga orkestralnih i komornih umjetnika \u2013 Podru\u017enica Rijeka Udruga Liburnia Jazz Udruga Melodije Kvarnera Udruga...","og_url":"https:\/\/www.rijeka.hr\/en\/themes-for-citizens\/culture\/cultural-fields\/music\/","og_site_name":"City of Rijeka","article_modified_time":"2026-02-26T10:21:45+00:00","twitter_card":"summary_large_image","twitter_misc":{"Est. reading time":"1 minute"},"schema":{"@context":"https:\/\/schema.org","@graph":[{"@type":"WebPage","@id":"https:\/\/www.rijeka.hr\/en\/themes-for-citizens\/culture\/cultural-fields\/music\/","url":"https:\/\/www.rijeka.hr\/en\/themes-for-citizens\/culture\/cultural-fields\/music\/","name":"Music - City of Rijeka","isPartOf":{"@id":"https:\/\/www.rijeka.hr\/en\/#website"},"datePublished":"2019-02-14T12:21:18+00:00","dateModified":"2026-02-26T10:21:45+00:00","breadcrumb":{"@id":"https:\/\/www.rijeka.hr\/en\/themes-for-citizens\/culture\/cultural-fields\/music\/#breadcrumb"},"inLanguage":"en-US","potentialAction":[{"@type":"ReadAction","target":["https:\/\/www.rijeka.hr\/en\/themes-for-citizens\/culture\/cultural-fields\/music\/"]}]},{"@type":"BreadcrumbList","@id":"https:\/\/www.rijeka.hr\/en\/themes-for-citizens\/culture\/cultural-fields\/music\/#breadcrumb","itemListElement":[{"@type":"ListItem","position":1,"name":"Po\u010detna stranica","item":"https:\/\/www.rijeka.hr\/en\/"},{"@type":"ListItem","position":2,"name":"Themes for citizens","item":"https:\/\/www.rijeka.hr\/en\/themes-for-citizens\/"},{"@type":"ListItem","position":3,"name":"Culture","item":"https:\/\/www.rijeka.hr\/en\/themes-for-citizens\/culture\/"},{"@type":"ListItem","position":4,"name":"Cultural fields","item":"https:\/\/www.rijeka.hr\/en\/themes-for-citizens\/culture\/cultural-fields\/"},{"@type":"ListItem","position":5,"name":"Music"}]},{"@type":"WebSite","@id":"https:\/\/www.rijeka.hr\/en\/#website","url":"https:\/\/www.rijeka.hr\/en\/","name":"City of Rijeka","description":"City of Rijeka web Portal","potentialAction":[{"@type":"SearchAction","target":{"@type":"EntryPoint","urlTemplate":"https:\/\/www.rijeka.hr\/en\/?s={search_term_string}"},"query-input":{"@type":"PropertyValueSpecification","valueRequired":true,"valueName":"search_term_string"}}],"inLanguage":"en-US"}]}},"_links":{"self":[{"href":"https:\/\/www.rijeka.hr\/en\/wp-json\/wp\/v2\/pages\/7294","targetHints":{"allow":["GET"]}}],"collection":[{"href":"https:\/\/www.rijeka.hr\/en\/wp-json\/wp\/v2\/pages"}],"about":[{"href":"https:\/\/www.rijeka.hr\/en\/wp-json\/wp\/v2\/types\/page"}],"author":[{"embeddable":true,"href":"https:\/\/www.rijeka.hr\/en\/wp-json\/wp\/v2\/users\/6"}],"replies":[{"embeddable":true,"href":"https:\/\/www.rijeka.hr\/en\/wp-json\/wp\/v2\/comments?post=7294"}],"version-history":[{"count":3,"href":"https:\/\/www.rijeka.hr\/en\/wp-json\/wp\/v2\/pages\/7294\/revisions"}],"predecessor-version":[{"id":14898,"href":"https:\/\/www.rijeka.hr\/en\/wp-json\/wp\/v2\/pages\/7294\/revisions\/14898"}],"up":[{"embeddable":true,"href":"https:\/\/www.rijeka.hr\/en\/wp-json\/wp\/v2\/pages\/45"}],"wp:attachment":[{"href":"https:\/\/www.rijeka.hr\/en\/wp-json\/wp\/v2\/media?parent=7294"}],"wp:term":[{"taxonomy":"post_tag","embeddable":true,"href":"https:\/\/www.rijeka.hr\/en\/wp-json\/wp\/v2\/tags?post=7294"}],"curies":[{"name":"wp","href":"https:\/\/api.w.org\/{rel}","templated":true}]}}