{"id":7301,"date":"2019-02-14T13:45:54","date_gmt":"2019-02-14T12:45:54","guid":{"rendered":"https:\/\/www.rijeka.hr\/en\/?page_id=7301"},"modified":"2019-02-14T14:10:05","modified_gmt":"2019-02-14T13:10:05","slug":"literature","status":"publish","type":"page","link":"https:\/\/www.rijeka.hr\/en\/themes-for-citizens\/culture\/cultural-fields\/literature\/","title":{"rendered":"Literature"},"content":{"rendered":"<h2>Libraries<\/h2>\n<ul>\n<li><a href=\"http:\/\/gkr.hr\/\">Gradska knji\u017enica Rijeka<\/a><\/li>\n<li><a href=\"http:\/\/www.svkri.uniri.hr\/\">Sveu\u010dili\u0161na knji\u017enica Rijeka<\/a><\/li>\n<\/ul>\n<h2>Vocational associations and organisations<\/h2>\n<ul>\n<li><a href=\"http:\/\/www.hrvatskodrustvopisaca.hr\/hr\/dogadanja\/rijecki-ogranak-1\">Hrvatsko dru\u0161tvo pisaca \u2013 Rije\u010dki ogranak<\/a><\/li>\n<li><a href=\"http:\/\/www.dhk-rijeka.com\/\">Dru\u0161tvo hrvatskih knji\u017eevnika \u2013 Ogranak u Rijeci\u00a0<\/a><\/li>\n<\/ul>\n","protected":false},"excerpt":{"rendered":"<p>Libraries Gradska knji\u017enica Rijeka Sveu\u010dili\u0161na knji\u017enica Rijeka Vocational associations and organisations Hrvatsko dru\u0161tvo pisaca \u2013 Rije\u010dki ogranak Dru\u0161tvo hrvatskih knji\u017eevnika \u2013 Ogranak u Rijeci\u00a0<\/p>\n","protected":false},"author":6,"featured_media":0,"parent":45,"menu_order":0,"comment_status":"closed","ping_status":"closed","template":"","meta":{"_acf_changed":false,"_trash_the_other_posts":false,"footnotes":"","_links_to":"","_links_to_target":""},"tags":[],"class_list":["post-7301","page","type-page","status-publish","hentry"],"acf":[],"yoast_head":"<!-- This site is optimized with the Yoast SEO plugin v24.4 - https:\/\/yoast.com\/wordpress\/plugins\/seo\/ -->\n<title>Literature - City of Rijeka<\/title>\n<meta name=\"robots\" content=\"index, follow, max-snippet:-1, max-image-preview:large, max-video-preview:-1\" \/>\n<link rel=\"canonical\" href=\"https:\/\/www.rijeka.hr\/en\/themes-for-citizens\/culture\/cultural-fields\/literature\/\" \/>\n<meta property=\"og:locale\" content=\"en_US\" \/>\n<meta property=\"og:type\" content=\"article\" \/>\n<meta property=\"og:title\" content=\"Literature - City of Rijeka\" \/>\n<meta property=\"og:description\" content=\"Libraries Gradska knji\u017enica Rijeka Sveu\u010dili\u0161na knji\u017enica Rijeka Vocational associations and organisations Hrvatsko dru\u0161tvo pisaca \u2013 Rije\u010dki ogranak Dru\u0161tvo hrvatskih knji\u017eevnika \u2013 Ogranak u Rijeci\u00a0\" \/>\n<meta property=\"og:url\" content=\"https:\/\/www.rijeka.hr\/en\/themes-for-citizens\/culture\/cultural-fields\/literature\/\" \/>\n<meta property=\"og:site_name\" content=\"City of Rijeka\" \/>\n<meta property=\"article:modified_time\" content=\"2019-02-14T13:10:05+00:00\" \/>\n<meta name=\"twitter:card\" content=\"summary_large_image\" \/>\n<script type=\"application\/ld+json\" class=\"yoast-schema-graph\">{\"@context\":\"https:\/\/schema.org\",\"@graph\":[{\"@type\":\"WebPage\",\"@id\":\"https:\/\/www.rijeka.hr\/en\/themes-for-citizens\/culture\/cultural-fields\/literature\/\",\"url\":\"https:\/\/www.rijeka.hr\/en\/themes-for-citizens\/culture\/cultural-fields\/literature\/\",\"name\":\"Literature - City of Rijeka\",\"isPartOf\":{\"@id\":\"https:\/\/www.rijeka.hr\/en\/#website\"},\"datePublished\":\"2019-02-14T12:45:54+00:00\",\"dateModified\":\"2019-02-14T13:10:05+00:00\",\"breadcrumb\":{\"@id\":\"https:\/\/www.rijeka.hr\/en\/themes-for-citizens\/culture\/cultural-fields\/literature\/#breadcrumb\"},\"inLanguage\":\"en-US\",\"potentialAction\":[{\"@type\":\"ReadAction\",\"target\":[\"https:\/\/www.rijeka.hr\/en\/themes-for-citizens\/culture\/cultural-fields\/literature\/\"]}]},{\"@type\":\"BreadcrumbList\",\"@id\":\"https:\/\/www.rijeka.hr\/en\/themes-for-citizens\/culture\/cultural-fields\/literature\/#breadcrumb\",\"itemListElement\":[{\"@type\":\"ListItem\",\"position\":1,\"name\":\"Po\u010detna stranica\",\"item\":\"https:\/\/www.rijeka.hr\/en\/\"},{\"@type\":\"ListItem\",\"position\":2,\"name\":\"Themes for citizens\",\"item\":\"https:\/\/www.rijeka.hr\/en\/themes-for-citizens\/\"},{\"@type\":\"ListItem\",\"position\":3,\"name\":\"Culture\",\"item\":\"https:\/\/www.rijeka.hr\/en\/themes-for-citizens\/culture\/\"},{\"@type\":\"ListItem\",\"position\":4,\"name\":\"Cultural fields\",\"item\":\"https:\/\/www.rijeka.hr\/en\/themes-for-citizens\/culture\/cultural-fields\/\"},{\"@type\":\"ListItem\",\"position\":5,\"name\":\"Literature\"}]},{\"@type\":\"WebSite\",\"@id\":\"https:\/\/www.rijeka.hr\/en\/#website\",\"url\":\"https:\/\/www.rijeka.hr\/en\/\",\"name\":\"City of Rijeka\",\"description\":\"City of Rijeka web Portal\",\"potentialAction\":[{\"@type\":\"SearchAction\",\"target\":{\"@type\":\"EntryPoint\",\"urlTemplate\":\"https:\/\/www.rijeka.hr\/en\/?s={search_term_string}\"},\"query-input\":{\"@type\":\"PropertyValueSpecification\",\"valueRequired\":true,\"valueName\":\"search_term_string\"}}],\"inLanguage\":\"en-US\"}]}<\/script>\n<!-- \/ Yoast SEO plugin. -->","yoast_head_json":{"title":"Literature - City of Rijeka","robots":{"index":"index","follow":"follow","max-snippet":"max-snippet:-1","max-image-preview":"max-image-preview:large","max-video-preview":"max-video-preview:-1"},"canonical":"https:\/\/www.rijeka.hr\/en\/themes-for-citizens\/culture\/cultural-fields\/literature\/","og_locale":"en_US","og_type":"article","og_title":"Literature - City of Rijeka","og_description":"Libraries Gradska knji\u017enica Rijeka Sveu\u010dili\u0161na knji\u017enica Rijeka Vocational associations and organisations Hrvatsko dru\u0161tvo pisaca \u2013 Rije\u010dki ogranak Dru\u0161tvo hrvatskih knji\u017eevnika \u2013 Ogranak u Rijeci\u00a0","og_url":"https:\/\/www.rijeka.hr\/en\/themes-for-citizens\/culture\/cultural-fields\/literature\/","og_site_name":"City of Rijeka","article_modified_time":"2019-02-14T13:10:05+00:00","twitter_card":"summary_large_image","schema":{"@context":"https:\/\/schema.org","@graph":[{"@type":"WebPage","@id":"https:\/\/www.rijeka.hr\/en\/themes-for-citizens\/culture\/cultural-fields\/literature\/","url":"https:\/\/www.rijeka.hr\/en\/themes-for-citizens\/culture\/cultural-fields\/literature\/","name":"Literature - City of Rijeka","isPartOf":{"@id":"https:\/\/www.rijeka.hr\/en\/#website"},"datePublished":"2019-02-14T12:45:54+00:00","dateModified":"2019-02-14T13:10:05+00:00","breadcrumb":{"@id":"https:\/\/www.rijeka.hr\/en\/themes-for-citizens\/culture\/cultural-fields\/literature\/#breadcrumb"},"inLanguage":"en-US","potentialAction":[{"@type":"ReadAction","target":["https:\/\/www.rijeka.hr\/en\/themes-for-citizens\/culture\/cultural-fields\/literature\/"]}]},{"@type":"BreadcrumbList","@id":"https:\/\/www.rijeka.hr\/en\/themes-for-citizens\/culture\/cultural-fields\/literature\/#breadcrumb","itemListElement":[{"@type":"ListItem","position":1,"name":"Po\u010detna stranica","item":"https:\/\/www.rijeka.hr\/en\/"},{"@type":"ListItem","position":2,"name":"Themes for citizens","item":"https:\/\/www.rijeka.hr\/en\/themes-for-citizens\/"},{"@type":"ListItem","position":3,"name":"Culture","item":"https:\/\/www.rijeka.hr\/en\/themes-for-citizens\/culture\/"},{"@type":"ListItem","position":4,"name":"Cultural fields","item":"https:\/\/www.rijeka.hr\/en\/themes-for-citizens\/culture\/cultural-fields\/"},{"@type":"ListItem","position":5,"name":"Literature"}]},{"@type":"WebSite","@id":"https:\/\/www.rijeka.hr\/en\/#website","url":"https:\/\/www.rijeka.hr\/en\/","name":"City of Rijeka","description":"City of Rijeka web Portal","potentialAction":[{"@type":"SearchAction","target":{"@type":"EntryPoint","urlTemplate":"https:\/\/www.rijeka.hr\/en\/?s={search_term_string}"},"query-input":{"@type":"PropertyValueSpecification","valueRequired":true,"valueName":"search_term_string"}}],"inLanguage":"en-US"}]}},"_links":{"self":[{"href":"https:\/\/www.rijeka.hr\/en\/wp-json\/wp\/v2\/pages\/7301","targetHints":{"allow":["GET"]}}],"collection":[{"href":"https:\/\/www.rijeka.hr\/en\/wp-json\/wp\/v2\/pages"}],"about":[{"href":"https:\/\/www.rijeka.hr\/en\/wp-json\/wp\/v2\/types\/page"}],"author":[{"embeddable":true,"href":"https:\/\/www.rijeka.hr\/en\/wp-json\/wp\/v2\/users\/6"}],"replies":[{"embeddable":true,"href":"https:\/\/www.rijeka.hr\/en\/wp-json\/wp\/v2\/comments?post=7301"}],"version-history":[{"count":3,"href":"https:\/\/www.rijeka.hr\/en\/wp-json\/wp\/v2\/pages\/7301\/revisions"}],"predecessor-version":[{"id":7303,"href":"https:\/\/www.rijeka.hr\/en\/wp-json\/wp\/v2\/pages\/7301\/revisions\/7303"}],"up":[{"embeddable":true,"href":"https:\/\/www.rijeka.hr\/en\/wp-json\/wp\/v2\/pages\/45"}],"wp:attachment":[{"href":"https:\/\/www.rijeka.hr\/en\/wp-json\/wp\/v2\/media?parent=7301"}],"wp:term":[{"taxonomy":"post_tag","embeddable":true,"href":"https:\/\/www.rijeka.hr\/en\/wp-json\/wp\/v2\/tags?post=7301"}],"curies":[{"name":"wp","href":"https:\/\/api.w.org\/{rel}","templated":true}]}}