{"id":7581,"date":"2019-05-10T15:17:25","date_gmt":"2019-05-10T13:17:25","guid":{"rendered":"https:\/\/www.rijeka.hr\/en\/?page_id=7581"},"modified":"2019-05-13T15:38:33","modified_gmt":"2019-05-13T13:38:33","slug":"sculptures","status":"publish","type":"page","link":"https:\/\/www.rijeka.hr\/en\/themes-for-citizens\/culture\/sculptures-in-public-places\/sculptures\/","title":{"rendered":"Sculptures"},"content":{"rendered":"<p>In accordance with the mayor\u2019s guidance, the Department of Culture has carried out the project for placing sculptures by modern authors in public urban space.<\/p>\n<p>Over the last decade, an initiative was launched by the City for installing four sculptures:<\/p>\n<p>The bridge of Croatian Defenders (1997-2001), a project designed by 3LHD, architecture studio from Zagreb. In honour of Homeland War defenders, the memorial bridge was built over the Dead Canal as an extension of the main pedestrian communication Korzo \u2013 sq. Jela\u010di\u0107. The bridge was inaugurated on 21 Dec. 2001, it is 48m long, and at its end there is an impressive 9m high monument.<\/p>\n<p>Sculpture THE SPHERE by the author Du\u0161an D\u017eamonja in front of the Croatian National Theatre Ivan Zajc was placed in 1999. The sculpture together with paving around the fountain was a gift from OMV Croatia.<\/p>\n<p>Sculpture THE BOAT by the author Vojo Radoi\u010di\u0107 in Pauline square. The installation of the BOAT on the pavement of the square included also the painting of the building facade in front of which the sculpture is placed.<\/p>\n<p>Sculpture MARIJA by the author \u017deljko Kranj\u010devi\u0107 Winter at Trsat.<\/p>\n<p>The city as a partner placed several sculptures and this initiative was launched by external proposers. The following sculptures were placed on that occasion:<\/p>\n<p>Sculpture THE WAVE by Belizar Bahori\u0107 (2004), the author\u2019s gift for the City of Rijeka in front of the Modello palace.<\/p>\n<p>Monument THE BOW (ship) (2005), a gift from the shipbuilders of the 3. MAJ shipyard, situated at the intersection of streets Zvonimir and Liburnija, on the occasion of the celebration of the 60th anniversary of Rijeka\u2019s liberation and the 100<sup>th<\/sup> anniversary of the establishment of the 3. MAJ shipyard.<\/p>\n<p>Sculpture THE WALKER by the author Ivan Ko\u017eari\u0107 on Korzo (2009). The initiator of this sculpture is the Museum of Modern and Contemporary Art. The city bought the sculpture from the author and paid its casting and placing.<\/p>\n<p>Sculpture THE SEA by the author Ljubo de Karina near the Kantrida Athletic Hall (2011). The sculpture was given as a gift to the City of Rijeka by the sculptors\u2019 workroom Lokve from Gorski Kotar, which also initiated its placing.<\/p>\n","protected":false},"excerpt":{"rendered":"<p>In accordance with the mayor\u2019s guidance, the Department of Culture has carried out the project for placing sculptures by modern authors in public urban space. Over the last decade, an initiative was launched by the City for installing four sculptures: The bridge of Croatian Defenders (1997-2001), a project designed by 3LHD, architecture studio from Zagreb&#8230;.<\/p>\n","protected":false},"author":6,"featured_media":0,"parent":228,"menu_order":0,"comment_status":"closed","ping_status":"closed","template":"","meta":{"_acf_changed":false,"_trash_the_other_posts":false,"footnotes":"","_links_to":"","_links_to_target":""},"tags":[],"class_list":["post-7581","page","type-page","status-publish","hentry"],"acf":[],"yoast_head":"<!-- This site is optimized with the Yoast SEO plugin v24.4 - https:\/\/yoast.com\/wordpress\/plugins\/seo\/ -->\n<title>Sculptures - City of Rijeka<\/title>\n<meta name=\"robots\" content=\"index, follow, max-snippet:-1, max-image-preview:large, max-video-preview:-1\" \/>\n<link rel=\"canonical\" href=\"https:\/\/www.rijeka.hr\/en\/themes-for-citizens\/culture\/sculptures-in-public-places\/sculptures\/\" \/>\n<meta property=\"og:locale\" content=\"en_US\" \/>\n<meta property=\"og:type\" content=\"article\" \/>\n<meta property=\"og:title\" content=\"Sculptures - City of Rijeka\" \/>\n<meta property=\"og:description\" content=\"In accordance with the mayor\u2019s guidance, the Department of Culture has carried out the project for placing sculptures by modern authors in public urban space. Over the last decade, an initiative was launched by the City for installing four sculptures: The bridge of Croatian Defenders (1997-2001), a project designed by 3LHD, architecture studio from Zagreb....\" \/>\n<meta property=\"og:url\" content=\"https:\/\/www.rijeka.hr\/en\/themes-for-citizens\/culture\/sculptures-in-public-places\/sculptures\/\" \/>\n<meta property=\"og:site_name\" content=\"City of Rijeka\" \/>\n<meta property=\"article:modified_time\" content=\"2019-05-13T13:38:33+00:00\" \/>\n<meta name=\"twitter:card\" content=\"summary_large_image\" \/>\n<meta name=\"twitter:label1\" content=\"Est. reading time\" \/>\n\t<meta name=\"twitter:data1\" content=\"2 minutes\" \/>\n<script type=\"application\/ld+json\" class=\"yoast-schema-graph\">{\"@context\":\"https:\/\/schema.org\",\"@graph\":[{\"@type\":\"WebPage\",\"@id\":\"https:\/\/www.rijeka.hr\/en\/themes-for-citizens\/culture\/sculptures-in-public-places\/sculptures\/\",\"url\":\"https:\/\/www.rijeka.hr\/en\/themes-for-citizens\/culture\/sculptures-in-public-places\/sculptures\/\",\"name\":\"Sculptures - City of Rijeka\",\"isPartOf\":{\"@id\":\"https:\/\/www.rijeka.hr\/en\/#website\"},\"datePublished\":\"2019-05-10T13:17:25+00:00\",\"dateModified\":\"2019-05-13T13:38:33+00:00\",\"breadcrumb\":{\"@id\":\"https:\/\/www.rijeka.hr\/en\/themes-for-citizens\/culture\/sculptures-in-public-places\/sculptures\/#breadcrumb\"},\"inLanguage\":\"en-US\",\"potentialAction\":[{\"@type\":\"ReadAction\",\"target\":[\"https:\/\/www.rijeka.hr\/en\/themes-for-citizens\/culture\/sculptures-in-public-places\/sculptures\/\"]}]},{\"@type\":\"BreadcrumbList\",\"@id\":\"https:\/\/www.rijeka.hr\/en\/themes-for-citizens\/culture\/sculptures-in-public-places\/sculptures\/#breadcrumb\",\"itemListElement\":[{\"@type\":\"ListItem\",\"position\":1,\"name\":\"Po\u010detna stranica\",\"item\":\"https:\/\/www.rijeka.hr\/en\/\"},{\"@type\":\"ListItem\",\"position\":2,\"name\":\"Themes for citizens\",\"item\":\"https:\/\/www.rijeka.hr\/en\/themes-for-citizens\/\"},{\"@type\":\"ListItem\",\"position\":3,\"name\":\"Culture\",\"item\":\"https:\/\/www.rijeka.hr\/en\/themes-for-citizens\/culture\/\"},{\"@type\":\"ListItem\",\"position\":4,\"name\":\"Sculptures in public spaces\",\"item\":\"https:\/\/www.rijeka.hr\/en\/themes-for-citizens\/culture\/sculptures-in-public-places\/\"},{\"@type\":\"ListItem\",\"position\":5,\"name\":\"Sculptures\"}]},{\"@type\":\"WebSite\",\"@id\":\"https:\/\/www.rijeka.hr\/en\/#website\",\"url\":\"https:\/\/www.rijeka.hr\/en\/\",\"name\":\"City of Rijeka\",\"description\":\"City of Rijeka web Portal\",\"potentialAction\":[{\"@type\":\"SearchAction\",\"target\":{\"@type\":\"EntryPoint\",\"urlTemplate\":\"https:\/\/www.rijeka.hr\/en\/?s={search_term_string}\"},\"query-input\":{\"@type\":\"PropertyValueSpecification\",\"valueRequired\":true,\"valueName\":\"search_term_string\"}}],\"inLanguage\":\"en-US\"}]}<\/script>\n<!-- \/ Yoast SEO plugin. -->","yoast_head_json":{"title":"Sculptures - City of Rijeka","robots":{"index":"index","follow":"follow","max-snippet":"max-snippet:-1","max-image-preview":"max-image-preview:large","max-video-preview":"max-video-preview:-1"},"canonical":"https:\/\/www.rijeka.hr\/en\/themes-for-citizens\/culture\/sculptures-in-public-places\/sculptures\/","og_locale":"en_US","og_type":"article","og_title":"Sculptures - City of Rijeka","og_description":"In accordance with the mayor\u2019s guidance, the Department of Culture has carried out the project for placing sculptures by modern authors in public urban space. Over the last decade, an initiative was launched by the City for installing four sculptures: The bridge of Croatian Defenders (1997-2001), a project designed by 3LHD, architecture studio from Zagreb....","og_url":"https:\/\/www.rijeka.hr\/en\/themes-for-citizens\/culture\/sculptures-in-public-places\/sculptures\/","og_site_name":"City of Rijeka","article_modified_time":"2019-05-13T13:38:33+00:00","twitter_card":"summary_large_image","twitter_misc":{"Est. reading time":"2 minutes"},"schema":{"@context":"https:\/\/schema.org","@graph":[{"@type":"WebPage","@id":"https:\/\/www.rijeka.hr\/en\/themes-for-citizens\/culture\/sculptures-in-public-places\/sculptures\/","url":"https:\/\/www.rijeka.hr\/en\/themes-for-citizens\/culture\/sculptures-in-public-places\/sculptures\/","name":"Sculptures - City of Rijeka","isPartOf":{"@id":"https:\/\/www.rijeka.hr\/en\/#website"},"datePublished":"2019-05-10T13:17:25+00:00","dateModified":"2019-05-13T13:38:33+00:00","breadcrumb":{"@id":"https:\/\/www.rijeka.hr\/en\/themes-for-citizens\/culture\/sculptures-in-public-places\/sculptures\/#breadcrumb"},"inLanguage":"en-US","potentialAction":[{"@type":"ReadAction","target":["https:\/\/www.rijeka.hr\/en\/themes-for-citizens\/culture\/sculptures-in-public-places\/sculptures\/"]}]},{"@type":"BreadcrumbList","@id":"https:\/\/www.rijeka.hr\/en\/themes-for-citizens\/culture\/sculptures-in-public-places\/sculptures\/#breadcrumb","itemListElement":[{"@type":"ListItem","position":1,"name":"Po\u010detna stranica","item":"https:\/\/www.rijeka.hr\/en\/"},{"@type":"ListItem","position":2,"name":"Themes for citizens","item":"https:\/\/www.rijeka.hr\/en\/themes-for-citizens\/"},{"@type":"ListItem","position":3,"name":"Culture","item":"https:\/\/www.rijeka.hr\/en\/themes-for-citizens\/culture\/"},{"@type":"ListItem","position":4,"name":"Sculptures in public spaces","item":"https:\/\/www.rijeka.hr\/en\/themes-for-citizens\/culture\/sculptures-in-public-places\/"},{"@type":"ListItem","position":5,"name":"Sculptures"}]},{"@type":"WebSite","@id":"https:\/\/www.rijeka.hr\/en\/#website","url":"https:\/\/www.rijeka.hr\/en\/","name":"City of Rijeka","description":"City of Rijeka web Portal","potentialAction":[{"@type":"SearchAction","target":{"@type":"EntryPoint","urlTemplate":"https:\/\/www.rijeka.hr\/en\/?s={search_term_string}"},"query-input":{"@type":"PropertyValueSpecification","valueRequired":true,"valueName":"search_term_string"}}],"inLanguage":"en-US"}]}},"_links":{"self":[{"href":"https:\/\/www.rijeka.hr\/en\/wp-json\/wp\/v2\/pages\/7581","targetHints":{"allow":["GET"]}}],"collection":[{"href":"https:\/\/www.rijeka.hr\/en\/wp-json\/wp\/v2\/pages"}],"about":[{"href":"https:\/\/www.rijeka.hr\/en\/wp-json\/wp\/v2\/types\/page"}],"author":[{"embeddable":true,"href":"https:\/\/www.rijeka.hr\/en\/wp-json\/wp\/v2\/users\/6"}],"replies":[{"embeddable":true,"href":"https:\/\/www.rijeka.hr\/en\/wp-json\/wp\/v2\/comments?post=7581"}],"version-history":[{"count":5,"href":"https:\/\/www.rijeka.hr\/en\/wp-json\/wp\/v2\/pages\/7581\/revisions"}],"predecessor-version":[{"id":7590,"href":"https:\/\/www.rijeka.hr\/en\/wp-json\/wp\/v2\/pages\/7581\/revisions\/7590"}],"up":[{"embeddable":true,"href":"https:\/\/www.rijeka.hr\/en\/wp-json\/wp\/v2\/pages\/228"}],"wp:attachment":[{"href":"https:\/\/www.rijeka.hr\/en\/wp-json\/wp\/v2\/media?parent=7581"}],"wp:term":[{"taxonomy":"post_tag","embeddable":true,"href":"https:\/\/www.rijeka.hr\/en\/wp-json\/wp\/v2\/tags?post=7581"}],"curies":[{"name":"wp","href":"https:\/\/api.w.org\/{rel}","templated":true}]}}