{"id":7842,"date":"2019-06-14T14:26:28","date_gmt":"2019-06-14T12:26:28","guid":{"rendered":"https:\/\/www.rijeka.hr\/en\/?page_id=7842"},"modified":"2021-01-13T10:02:14","modified_gmt":"2021-01-13T09:02:14","slug":"podvezica-bocce-ball-court","status":"publish","type":"page","link":"https:\/\/www.rijeka.hr\/en\/themes-for-citizens\/sport-and-recreation\/sports-infrastructure\/sports-facilities\/podvezica-bocce-ball-court\/","title":{"rendered":"Podve\u017eica bocce ball court"},"content":{"rendered":"<p>The bocce ball court Podve\u017eica is located in the area of Donja Ve\u017eica and it comprises an indoor bocce ball court, a fitness room and club premises. The grandstands have 900 seats.<\/p>\n<p><img loading=\"lazy\" decoding=\"async\" width=\"250\" height=\"250\" class=\"aligncenter size-full wp-image-8024\" src=\"https:\/\/www.rijeka.hr\/en\/wp-content\/uploads\/sites\/2\/2019\/06\/Bo\u0107arski-centar-Podve\u017eica-1-250x250.jpg\" alt=\"\" srcset=\"https:\/\/www.rijeka.hr\/en\/wp-content\/uploads\/sites\/2\/2019\/06\/Bo\u0107arski-centar-Podve\u017eica-1-250x250.jpg 250w, https:\/\/www.rijeka.hr\/en\/wp-content\/uploads\/sites\/2\/2019\/06\/Bo\u0107arski-centar-Podve\u017eica-1-250x250-200x200.jpg 200w\" sizes=\"(max-width: 250px) 100vw, 250px\" \/><\/p>\n","protected":false},"excerpt":{"rendered":"<p>The bocce ball court Podve\u017eica is located in the area of Donja Ve\u017eica and it comprises an indoor bocce ball court, a fitness room and club premises. The grandstands have 900 seats.<\/p>\n","protected":false},"author":3,"featured_media":0,"parent":7833,"menu_order":0,"comment_status":"closed","ping_status":"closed","template":"","meta":{"_acf_changed":false,"_trash_the_other_posts":false,"footnotes":"","_links_to":"","_links_to_target":""},"tags":[],"class_list":["post-7842","page","type-page","status-publish","hentry"],"acf":[],"yoast_head":"<!-- This site is optimized with the Yoast SEO plugin v24.4 - https:\/\/yoast.com\/wordpress\/plugins\/seo\/ -->\n<title>Podve\u017eica bocce ball court - City of Rijeka<\/title>\n<meta name=\"robots\" content=\"index, follow, max-snippet:-1, max-image-preview:large, max-video-preview:-1\" \/>\n<link rel=\"canonical\" href=\"https:\/\/www.rijeka.hr\/en\/themes-for-citizens\/sport-and-recreation\/sports-infrastructure\/sports-facilities\/podvezica-bocce-ball-court\/\" \/>\n<meta property=\"og:locale\" content=\"en_US\" \/>\n<meta property=\"og:type\" content=\"article\" \/>\n<meta property=\"og:title\" content=\"Podve\u017eica bocce ball court - City of Rijeka\" \/>\n<meta property=\"og:description\" content=\"The bocce ball court Podve\u017eica is located in the area of Donja Ve\u017eica and it comprises an indoor bocce ball court, a fitness room and club premises. The grandstands have 900 seats.\" \/>\n<meta property=\"og:url\" content=\"https:\/\/www.rijeka.hr\/en\/themes-for-citizens\/sport-and-recreation\/sports-infrastructure\/sports-facilities\/podvezica-bocce-ball-court\/\" \/>\n<meta property=\"og:site_name\" content=\"City of Rijeka\" \/>\n<meta property=\"article:modified_time\" content=\"2021-01-13T09:02:14+00:00\" \/>\n<meta name=\"twitter:card\" content=\"summary_large_image\" \/>\n<script type=\"application\/ld+json\" class=\"yoast-schema-graph\">{\"@context\":\"https:\/\/schema.org\",\"@graph\":[{\"@type\":\"WebPage\",\"@id\":\"https:\/\/www.rijeka.hr\/en\/themes-for-citizens\/sport-and-recreation\/sports-infrastructure\/sports-facilities\/podvezica-bocce-ball-court\/\",\"url\":\"https:\/\/www.rijeka.hr\/en\/themes-for-citizens\/sport-and-recreation\/sports-infrastructure\/sports-facilities\/podvezica-bocce-ball-court\/\",\"name\":\"Podve\u017eica bocce ball court - City of Rijeka\",\"isPartOf\":{\"@id\":\"https:\/\/www.rijeka.hr\/en\/#website\"},\"datePublished\":\"2019-06-14T12:26:28+00:00\",\"dateModified\":\"2021-01-13T09:02:14+00:00\",\"breadcrumb\":{\"@id\":\"https:\/\/www.rijeka.hr\/en\/themes-for-citizens\/sport-and-recreation\/sports-infrastructure\/sports-facilities\/podvezica-bocce-ball-court\/#breadcrumb\"},\"inLanguage\":\"en-US\",\"potentialAction\":[{\"@type\":\"ReadAction\",\"target\":[\"https:\/\/www.rijeka.hr\/en\/themes-for-citizens\/sport-and-recreation\/sports-infrastructure\/sports-facilities\/podvezica-bocce-ball-court\/\"]}]},{\"@type\":\"BreadcrumbList\",\"@id\":\"https:\/\/www.rijeka.hr\/en\/themes-for-citizens\/sport-and-recreation\/sports-infrastructure\/sports-facilities\/podvezica-bocce-ball-court\/#breadcrumb\",\"itemListElement\":[{\"@type\":\"ListItem\",\"position\":1,\"name\":\"Po\u010detna stranica\",\"item\":\"https:\/\/www.rijeka.hr\/en\/\"},{\"@type\":\"ListItem\",\"position\":2,\"name\":\"Themes for citizens\",\"item\":\"https:\/\/www.rijeka.hr\/en\/themes-for-citizens\/\"},{\"@type\":\"ListItem\",\"position\":3,\"name\":\"Sport and recreation\",\"item\":\"https:\/\/www.rijeka.hr\/en\/themes-for-citizens\/sport-and-recreation\/\"},{\"@type\":\"ListItem\",\"position\":4,\"name\":\"Sports infrastructure\",\"item\":\"https:\/\/www.rijeka.hr\/en\/themes-for-citizens\/sport-and-recreation\/sports-infrastructure\/\"},{\"@type\":\"ListItem\",\"position\":5,\"name\":\"Sports facilities\",\"item\":\"https:\/\/www.rijeka.hr\/en\/themes-for-citizens\/sport-and-recreation\/sports-infrastructure\/sports-facilities\/\"},{\"@type\":\"ListItem\",\"position\":6,\"name\":\"Podve\u017eica bocce ball court\"}]},{\"@type\":\"WebSite\",\"@id\":\"https:\/\/www.rijeka.hr\/en\/#website\",\"url\":\"https:\/\/www.rijeka.hr\/en\/\",\"name\":\"City of Rijeka\",\"description\":\"City of Rijeka web Portal\",\"potentialAction\":[{\"@type\":\"SearchAction\",\"target\":{\"@type\":\"EntryPoint\",\"urlTemplate\":\"https:\/\/www.rijeka.hr\/en\/?s={search_term_string}\"},\"query-input\":{\"@type\":\"PropertyValueSpecification\",\"valueRequired\":true,\"valueName\":\"search_term_string\"}}],\"inLanguage\":\"en-US\"}]}<\/script>\n<!-- \/ Yoast SEO plugin. -->","yoast_head_json":{"title":"Podve\u017eica bocce ball court - City of Rijeka","robots":{"index":"index","follow":"follow","max-snippet":"max-snippet:-1","max-image-preview":"max-image-preview:large","max-video-preview":"max-video-preview:-1"},"canonical":"https:\/\/www.rijeka.hr\/en\/themes-for-citizens\/sport-and-recreation\/sports-infrastructure\/sports-facilities\/podvezica-bocce-ball-court\/","og_locale":"en_US","og_type":"article","og_title":"Podve\u017eica bocce ball court - City of Rijeka","og_description":"The bocce ball court Podve\u017eica is located in the area of Donja Ve\u017eica and it comprises an indoor bocce ball court, a fitness room and club premises. The grandstands have 900 seats.","og_url":"https:\/\/www.rijeka.hr\/en\/themes-for-citizens\/sport-and-recreation\/sports-infrastructure\/sports-facilities\/podvezica-bocce-ball-court\/","og_site_name":"City of Rijeka","article_modified_time":"2021-01-13T09:02:14+00:00","twitter_card":"summary_large_image","schema":{"@context":"https:\/\/schema.org","@graph":[{"@type":"WebPage","@id":"https:\/\/www.rijeka.hr\/en\/themes-for-citizens\/sport-and-recreation\/sports-infrastructure\/sports-facilities\/podvezica-bocce-ball-court\/","url":"https:\/\/www.rijeka.hr\/en\/themes-for-citizens\/sport-and-recreation\/sports-infrastructure\/sports-facilities\/podvezica-bocce-ball-court\/","name":"Podve\u017eica bocce ball court - City of Rijeka","isPartOf":{"@id":"https:\/\/www.rijeka.hr\/en\/#website"},"datePublished":"2019-06-14T12:26:28+00:00","dateModified":"2021-01-13T09:02:14+00:00","breadcrumb":{"@id":"https:\/\/www.rijeka.hr\/en\/themes-for-citizens\/sport-and-recreation\/sports-infrastructure\/sports-facilities\/podvezica-bocce-ball-court\/#breadcrumb"},"inLanguage":"en-US","potentialAction":[{"@type":"ReadAction","target":["https:\/\/www.rijeka.hr\/en\/themes-for-citizens\/sport-and-recreation\/sports-infrastructure\/sports-facilities\/podvezica-bocce-ball-court\/"]}]},{"@type":"BreadcrumbList","@id":"https:\/\/www.rijeka.hr\/en\/themes-for-citizens\/sport-and-recreation\/sports-infrastructure\/sports-facilities\/podvezica-bocce-ball-court\/#breadcrumb","itemListElement":[{"@type":"ListItem","position":1,"name":"Po\u010detna stranica","item":"https:\/\/www.rijeka.hr\/en\/"},{"@type":"ListItem","position":2,"name":"Themes for citizens","item":"https:\/\/www.rijeka.hr\/en\/themes-for-citizens\/"},{"@type":"ListItem","position":3,"name":"Sport and recreation","item":"https:\/\/www.rijeka.hr\/en\/themes-for-citizens\/sport-and-recreation\/"},{"@type":"ListItem","position":4,"name":"Sports infrastructure","item":"https:\/\/www.rijeka.hr\/en\/themes-for-citizens\/sport-and-recreation\/sports-infrastructure\/"},{"@type":"ListItem","position":5,"name":"Sports facilities","item":"https:\/\/www.rijeka.hr\/en\/themes-for-citizens\/sport-and-recreation\/sports-infrastructure\/sports-facilities\/"},{"@type":"ListItem","position":6,"name":"Podve\u017eica bocce ball court"}]},{"@type":"WebSite","@id":"https:\/\/www.rijeka.hr\/en\/#website","url":"https:\/\/www.rijeka.hr\/en\/","name":"City of Rijeka","description":"City of Rijeka web Portal","potentialAction":[{"@type":"SearchAction","target":{"@type":"EntryPoint","urlTemplate":"https:\/\/www.rijeka.hr\/en\/?s={search_term_string}"},"query-input":{"@type":"PropertyValueSpecification","valueRequired":true,"valueName":"search_term_string"}}],"inLanguage":"en-US"}]}},"_links":{"self":[{"href":"https:\/\/www.rijeka.hr\/en\/wp-json\/wp\/v2\/pages\/7842","targetHints":{"allow":["GET"]}}],"collection":[{"href":"https:\/\/www.rijeka.hr\/en\/wp-json\/wp\/v2\/pages"}],"about":[{"href":"https:\/\/www.rijeka.hr\/en\/wp-json\/wp\/v2\/types\/page"}],"author":[{"embeddable":true,"href":"https:\/\/www.rijeka.hr\/en\/wp-json\/wp\/v2\/users\/3"}],"replies":[{"embeddable":true,"href":"https:\/\/www.rijeka.hr\/en\/wp-json\/wp\/v2\/comments?post=7842"}],"version-history":[{"count":5,"href":"https:\/\/www.rijeka.hr\/en\/wp-json\/wp\/v2\/pages\/7842\/revisions"}],"predecessor-version":[{"id":8027,"href":"https:\/\/www.rijeka.hr\/en\/wp-json\/wp\/v2\/pages\/7842\/revisions\/8027"}],"up":[{"embeddable":true,"href":"https:\/\/www.rijeka.hr\/en\/wp-json\/wp\/v2\/pages\/7833"}],"wp:attachment":[{"href":"https:\/\/www.rijeka.hr\/en\/wp-json\/wp\/v2\/media?parent=7842"}],"wp:term":[{"taxonomy":"post_tag","embeddable":true,"href":"https:\/\/www.rijeka.hr\/en\/wp-json\/wp\/v2\/tags?post=7842"}],"curies":[{"name":"wp","href":"https:\/\/api.w.org\/{rel}","templated":true}]}}