{"id":7861,"date":"2019-07-01T15:36:17","date_gmt":"2019-07-01T13:36:17","guid":{"rendered":"https:\/\/www.rijeka.hr\/en\/?page_id=7861"},"modified":"2021-01-25T11:10:18","modified_gmt":"2021-01-25T10:10:18","slug":"susak-kickboxing-club","status":"publish","type":"page","link":"https:\/\/www.rijeka.hr\/en\/themes-for-citizens\/sport-and-recreation\/sports-infrastructure\/sports-facilities\/susak-kickboxing-club\/","title":{"rendered":"Su\u0161ak kickboxing club"},"content":{"rendered":"<p>The premises of the Su\u0161ak kickboxing club are located at the address: Rikard Katalini\u0107 Jeretov 4 b. The owner of the premises is the City of Rijeka. The premises are managed by the Su\u0161ak kickboxing club.<\/p>\n<p>The gross floor area of the building amounts to 240 sq.m. Its basic purpose is for martial skills: kickboxing and taekwondo.<\/p>\n","protected":false},"excerpt":{"rendered":"<p>The premises of the Su\u0161ak kickboxing club are located at the address: Rikard Katalini\u0107 Jeretov 4 b. The owner of the premises is the City of Rijeka. The premises are managed by the Su\u0161ak kickboxing club. The gross floor area of the building amounts to 240 sq.m. Its basic purpose is for martial skills: kickboxing&#8230;<\/p>\n","protected":false},"author":3,"featured_media":0,"parent":7833,"menu_order":0,"comment_status":"closed","ping_status":"closed","template":"","meta":{"_acf_changed":false,"_trash_the_other_posts":false,"footnotes":"","_links_to":"","_links_to_target":""},"tags":[],"class_list":["post-7861","page","type-page","status-publish","hentry"],"acf":[],"yoast_head":"<!-- This site is optimized with the Yoast SEO plugin v24.4 - https:\/\/yoast.com\/wordpress\/plugins\/seo\/ -->\n<title>Su\u0161ak kickboxing club - City of Rijeka<\/title>\n<meta name=\"robots\" content=\"index, follow, max-snippet:-1, max-image-preview:large, max-video-preview:-1\" \/>\n<link rel=\"canonical\" href=\"https:\/\/www.rijeka.hr\/en\/themes-for-citizens\/sport-and-recreation\/sports-infrastructure\/sports-facilities\/susak-kickboxing-club\/\" \/>\n<meta property=\"og:locale\" content=\"en_US\" \/>\n<meta property=\"og:type\" content=\"article\" \/>\n<meta property=\"og:title\" content=\"Su\u0161ak kickboxing club - City of Rijeka\" \/>\n<meta property=\"og:description\" content=\"The premises of the Su\u0161ak kickboxing club are located at the address: Rikard Katalini\u0107 Jeretov 4 b. The owner of the premises is the City of Rijeka. The premises are managed by the Su\u0161ak kickboxing club. The gross floor area of the building amounts to 240 sq.m. Its basic purpose is for martial skills: kickboxing...\" \/>\n<meta property=\"og:url\" content=\"https:\/\/www.rijeka.hr\/en\/themes-for-citizens\/sport-and-recreation\/sports-infrastructure\/sports-facilities\/susak-kickboxing-club\/\" \/>\n<meta property=\"og:site_name\" content=\"City of Rijeka\" \/>\n<meta property=\"article:modified_time\" content=\"2021-01-25T10:10:18+00:00\" \/>\n<meta name=\"twitter:card\" content=\"summary_large_image\" \/>\n<script type=\"application\/ld+json\" class=\"yoast-schema-graph\">{\"@context\":\"https:\/\/schema.org\",\"@graph\":[{\"@type\":\"WebPage\",\"@id\":\"https:\/\/www.rijeka.hr\/en\/themes-for-citizens\/sport-and-recreation\/sports-infrastructure\/sports-facilities\/susak-kickboxing-club\/\",\"url\":\"https:\/\/www.rijeka.hr\/en\/themes-for-citizens\/sport-and-recreation\/sports-infrastructure\/sports-facilities\/susak-kickboxing-club\/\",\"name\":\"Su\u0161ak kickboxing club - City of Rijeka\",\"isPartOf\":{\"@id\":\"https:\/\/www.rijeka.hr\/en\/#website\"},\"datePublished\":\"2019-07-01T13:36:17+00:00\",\"dateModified\":\"2021-01-25T10:10:18+00:00\",\"breadcrumb\":{\"@id\":\"https:\/\/www.rijeka.hr\/en\/themes-for-citizens\/sport-and-recreation\/sports-infrastructure\/sports-facilities\/susak-kickboxing-club\/#breadcrumb\"},\"inLanguage\":\"en-US\",\"potentialAction\":[{\"@type\":\"ReadAction\",\"target\":[\"https:\/\/www.rijeka.hr\/en\/themes-for-citizens\/sport-and-recreation\/sports-infrastructure\/sports-facilities\/susak-kickboxing-club\/\"]}]},{\"@type\":\"BreadcrumbList\",\"@id\":\"https:\/\/www.rijeka.hr\/en\/themes-for-citizens\/sport-and-recreation\/sports-infrastructure\/sports-facilities\/susak-kickboxing-club\/#breadcrumb\",\"itemListElement\":[{\"@type\":\"ListItem\",\"position\":1,\"name\":\"Po\u010detna stranica\",\"item\":\"https:\/\/www.rijeka.hr\/en\/\"},{\"@type\":\"ListItem\",\"position\":2,\"name\":\"Themes for citizens\",\"item\":\"https:\/\/www.rijeka.hr\/en\/themes-for-citizens\/\"},{\"@type\":\"ListItem\",\"position\":3,\"name\":\"Sport and recreation\",\"item\":\"https:\/\/www.rijeka.hr\/en\/themes-for-citizens\/sport-and-recreation\/\"},{\"@type\":\"ListItem\",\"position\":4,\"name\":\"Sports infrastructure\",\"item\":\"https:\/\/www.rijeka.hr\/en\/themes-for-citizens\/sport-and-recreation\/sports-infrastructure\/\"},{\"@type\":\"ListItem\",\"position\":5,\"name\":\"Sports facilities\",\"item\":\"https:\/\/www.rijeka.hr\/en\/themes-for-citizens\/sport-and-recreation\/sports-infrastructure\/sports-facilities\/\"},{\"@type\":\"ListItem\",\"position\":6,\"name\":\"Su\u0161ak kickboxing club\"}]},{\"@type\":\"WebSite\",\"@id\":\"https:\/\/www.rijeka.hr\/en\/#website\",\"url\":\"https:\/\/www.rijeka.hr\/en\/\",\"name\":\"City of Rijeka\",\"description\":\"City of Rijeka web Portal\",\"potentialAction\":[{\"@type\":\"SearchAction\",\"target\":{\"@type\":\"EntryPoint\",\"urlTemplate\":\"https:\/\/www.rijeka.hr\/en\/?s={search_term_string}\"},\"query-input\":{\"@type\":\"PropertyValueSpecification\",\"valueRequired\":true,\"valueName\":\"search_term_string\"}}],\"inLanguage\":\"en-US\"}]}<\/script>\n<!-- \/ Yoast SEO plugin. -->","yoast_head_json":{"title":"Su\u0161ak kickboxing club - City of Rijeka","robots":{"index":"index","follow":"follow","max-snippet":"max-snippet:-1","max-image-preview":"max-image-preview:large","max-video-preview":"max-video-preview:-1"},"canonical":"https:\/\/www.rijeka.hr\/en\/themes-for-citizens\/sport-and-recreation\/sports-infrastructure\/sports-facilities\/susak-kickboxing-club\/","og_locale":"en_US","og_type":"article","og_title":"Su\u0161ak kickboxing club - City of Rijeka","og_description":"The premises of the Su\u0161ak kickboxing club are located at the address: Rikard Katalini\u0107 Jeretov 4 b. The owner of the premises is the City of Rijeka. The premises are managed by the Su\u0161ak kickboxing club. The gross floor area of the building amounts to 240 sq.m. Its basic purpose is for martial skills: kickboxing...","og_url":"https:\/\/www.rijeka.hr\/en\/themes-for-citizens\/sport-and-recreation\/sports-infrastructure\/sports-facilities\/susak-kickboxing-club\/","og_site_name":"City of Rijeka","article_modified_time":"2021-01-25T10:10:18+00:00","twitter_card":"summary_large_image","schema":{"@context":"https:\/\/schema.org","@graph":[{"@type":"WebPage","@id":"https:\/\/www.rijeka.hr\/en\/themes-for-citizens\/sport-and-recreation\/sports-infrastructure\/sports-facilities\/susak-kickboxing-club\/","url":"https:\/\/www.rijeka.hr\/en\/themes-for-citizens\/sport-and-recreation\/sports-infrastructure\/sports-facilities\/susak-kickboxing-club\/","name":"Su\u0161ak kickboxing club - City of Rijeka","isPartOf":{"@id":"https:\/\/www.rijeka.hr\/en\/#website"},"datePublished":"2019-07-01T13:36:17+00:00","dateModified":"2021-01-25T10:10:18+00:00","breadcrumb":{"@id":"https:\/\/www.rijeka.hr\/en\/themes-for-citizens\/sport-and-recreation\/sports-infrastructure\/sports-facilities\/susak-kickboxing-club\/#breadcrumb"},"inLanguage":"en-US","potentialAction":[{"@type":"ReadAction","target":["https:\/\/www.rijeka.hr\/en\/themes-for-citizens\/sport-and-recreation\/sports-infrastructure\/sports-facilities\/susak-kickboxing-club\/"]}]},{"@type":"BreadcrumbList","@id":"https:\/\/www.rijeka.hr\/en\/themes-for-citizens\/sport-and-recreation\/sports-infrastructure\/sports-facilities\/susak-kickboxing-club\/#breadcrumb","itemListElement":[{"@type":"ListItem","position":1,"name":"Po\u010detna stranica","item":"https:\/\/www.rijeka.hr\/en\/"},{"@type":"ListItem","position":2,"name":"Themes for citizens","item":"https:\/\/www.rijeka.hr\/en\/themes-for-citizens\/"},{"@type":"ListItem","position":3,"name":"Sport and recreation","item":"https:\/\/www.rijeka.hr\/en\/themes-for-citizens\/sport-and-recreation\/"},{"@type":"ListItem","position":4,"name":"Sports infrastructure","item":"https:\/\/www.rijeka.hr\/en\/themes-for-citizens\/sport-and-recreation\/sports-infrastructure\/"},{"@type":"ListItem","position":5,"name":"Sports facilities","item":"https:\/\/www.rijeka.hr\/en\/themes-for-citizens\/sport-and-recreation\/sports-infrastructure\/sports-facilities\/"},{"@type":"ListItem","position":6,"name":"Su\u0161ak kickboxing club"}]},{"@type":"WebSite","@id":"https:\/\/www.rijeka.hr\/en\/#website","url":"https:\/\/www.rijeka.hr\/en\/","name":"City of Rijeka","description":"City of Rijeka web Portal","potentialAction":[{"@type":"SearchAction","target":{"@type":"EntryPoint","urlTemplate":"https:\/\/www.rijeka.hr\/en\/?s={search_term_string}"},"query-input":{"@type":"PropertyValueSpecification","valueRequired":true,"valueName":"search_term_string"}}],"inLanguage":"en-US"}]}},"_links":{"self":[{"href":"https:\/\/www.rijeka.hr\/en\/wp-json\/wp\/v2\/pages\/7861","targetHints":{"allow":["GET"]}}],"collection":[{"href":"https:\/\/www.rijeka.hr\/en\/wp-json\/wp\/v2\/pages"}],"about":[{"href":"https:\/\/www.rijeka.hr\/en\/wp-json\/wp\/v2\/types\/page"}],"author":[{"embeddable":true,"href":"https:\/\/www.rijeka.hr\/en\/wp-json\/wp\/v2\/users\/3"}],"replies":[{"embeddable":true,"href":"https:\/\/www.rijeka.hr\/en\/wp-json\/wp\/v2\/comments?post=7861"}],"version-history":[{"count":3,"href":"https:\/\/www.rijeka.hr\/en\/wp-json\/wp\/v2\/pages\/7861\/revisions"}],"predecessor-version":[{"id":8115,"href":"https:\/\/www.rijeka.hr\/en\/wp-json\/wp\/v2\/pages\/7861\/revisions\/8115"}],"up":[{"embeddable":true,"href":"https:\/\/www.rijeka.hr\/en\/wp-json\/wp\/v2\/pages\/7833"}],"wp:attachment":[{"href":"https:\/\/www.rijeka.hr\/en\/wp-json\/wp\/v2\/media?parent=7861"}],"wp:term":[{"taxonomy":"post_tag","embeddable":true,"href":"https:\/\/www.rijeka.hr\/en\/wp-json\/wp\/v2\/tags?post=7861"}],"curies":[{"name":"wp","href":"https:\/\/api.w.org\/{rel}","templated":true}]}}