{"id":8372,"date":"2019-08-21T15:06:48","date_gmt":"2019-08-21T13:06:48","guid":{"rendered":"https:\/\/www.rijeka.hr\/en\/?page_id=8372"},"modified":"2019-08-22T12:36:20","modified_gmt":"2019-08-22T10:36:20","slug":"attractive-locations-sports-recreation-surroundings-rijeka","status":"publish","type":"page","link":"https:\/\/www.rijeka.hr\/en\/themes-for-citizens\/sport-and-recreation\/sports-infrastructure\/attractive-locations-sports-recreation-surroundings-rijeka\/","title":{"rendered":"Attractive locations for sports and recreation in the surroundings of Rijeka"},"content":{"rendered":"<p>Owing to its position and attractive locations for sports in the city and in its surroundings, Rijeka offers conditions for competitive and recreational sports programmes in several disciplines throughout the year.<\/p>\n<p>In winter conditions, the Platak Ski Centre, twenty kilometres away from Rijeka, at an altitude of 1,100 meters, is an ideal place for alpine and Nordic disciplines.<\/p>\n<p>At the Automotodrome Grobnik, ten kilometres away from Rijeka, trainings and sports events of local and foreign auto-moto racers are held.<\/p>\n<p>The regatta fields in \u017durkovo and Mo\u0161\u010deni\u010dka Draga are suitable for holding sailing regattas, the most famous of which is Fiumanka.<\/p>\n<p>Preluk Bay is known for wind (locally called Tramontana) that allows windsurfing.<\/p>\n<p>The rowing field in Omi\u0161alj, and more recently in Bakar, are natural bays where international rowing regattas are held.<\/p>\n<p>Recreational zones and the Rijeka promenades, which are being continuously renovated and expanded, are suitable for hikers.<\/p>\n<p>The cycling transversal of the Rijeka Ring &#8211; for lovers of active vacation and recreation along the 50 kilometres long transversal and more than 100 kilometres of its paths, connects a rich cultural offer, dynamic fun life, beautiful beaches, romantic old town centres and a top oenological and gastronomic offer.<\/p>\n<p>An attractive area in the surroundings is the U\u010dka Nature Park where there are excellent conditions for various recreational and sports activities such as free climbing, horseback riding, flying and cave exploring.<\/p>\n<p>Nearby is the Risnjak National Park, where hikers and visitors who want to conquer the summits can climb Veliki Risnjak (1528m) and Snje\u017enik (1506m) by following several hiking trails.<\/p>\n<p>&nbsp;<\/p>\n<p>&nbsp;<\/p>\n<p>&nbsp;<\/p>\n","protected":false},"excerpt":{"rendered":"<p>Owing to its position and attractive locations for sports in the city and in its surroundings, Rijeka offers conditions for competitive and recreational sports programmes in several disciplines throughout the year. In winter conditions, the Platak Ski Centre, twenty kilometres away from Rijeka, at an altitude of 1,100 meters, is an ideal place for alpine&#8230;<\/p>\n","protected":false},"author":6,"featured_media":0,"parent":3599,"menu_order":0,"comment_status":"closed","ping_status":"closed","template":"","meta":{"_acf_changed":false,"_trash_the_other_posts":false,"footnotes":"","_links_to":"","_links_to_target":""},"tags":[],"class_list":["post-8372","page","type-page","status-publish","hentry"],"acf":[],"yoast_head":"<!-- This site is optimized with the Yoast SEO plugin v24.4 - https:\/\/yoast.com\/wordpress\/plugins\/seo\/ -->\n<title>Attractive locations for sports and recreation in the surroundings of Rijeka - City of Rijeka<\/title>\n<meta name=\"robots\" content=\"index, follow, max-snippet:-1, max-image-preview:large, max-video-preview:-1\" \/>\n<link rel=\"canonical\" href=\"https:\/\/www.rijeka.hr\/en\/themes-for-citizens\/sport-and-recreation\/sports-infrastructure\/attractive-locations-sports-recreation-surroundings-rijeka\/\" \/>\n<meta property=\"og:locale\" content=\"en_US\" \/>\n<meta property=\"og:type\" content=\"article\" \/>\n<meta property=\"og:title\" content=\"Attractive locations for sports and recreation in the surroundings of Rijeka - City of Rijeka\" \/>\n<meta property=\"og:description\" content=\"Owing to its position and attractive locations for sports in the city and in its surroundings, Rijeka offers conditions for competitive and recreational sports programmes in several disciplines throughout the year. In winter conditions, the Platak Ski Centre, twenty kilometres away from Rijeka, at an altitude of 1,100 meters, is an ideal place for alpine...\" \/>\n<meta property=\"og:url\" content=\"https:\/\/www.rijeka.hr\/en\/themes-for-citizens\/sport-and-recreation\/sports-infrastructure\/attractive-locations-sports-recreation-surroundings-rijeka\/\" \/>\n<meta property=\"og:site_name\" content=\"City of Rijeka\" \/>\n<meta property=\"article:modified_time\" content=\"2019-08-22T10:36:20+00:00\" \/>\n<meta name=\"twitter:card\" content=\"summary_large_image\" \/>\n<meta name=\"twitter:label1\" content=\"Est. reading time\" \/>\n\t<meta name=\"twitter:data1\" content=\"1 minute\" \/>\n<script type=\"application\/ld+json\" class=\"yoast-schema-graph\">{\"@context\":\"https:\/\/schema.org\",\"@graph\":[{\"@type\":\"WebPage\",\"@id\":\"https:\/\/www.rijeka.hr\/en\/themes-for-citizens\/sport-and-recreation\/sports-infrastructure\/attractive-locations-sports-recreation-surroundings-rijeka\/\",\"url\":\"https:\/\/www.rijeka.hr\/en\/themes-for-citizens\/sport-and-recreation\/sports-infrastructure\/attractive-locations-sports-recreation-surroundings-rijeka\/\",\"name\":\"Attractive locations for sports and recreation in the surroundings of Rijeka - City of Rijeka\",\"isPartOf\":{\"@id\":\"https:\/\/www.rijeka.hr\/en\/#website\"},\"datePublished\":\"2019-08-21T13:06:48+00:00\",\"dateModified\":\"2019-08-22T10:36:20+00:00\",\"breadcrumb\":{\"@id\":\"https:\/\/www.rijeka.hr\/en\/themes-for-citizens\/sport-and-recreation\/sports-infrastructure\/attractive-locations-sports-recreation-surroundings-rijeka\/#breadcrumb\"},\"inLanguage\":\"en-US\",\"potentialAction\":[{\"@type\":\"ReadAction\",\"target\":[\"https:\/\/www.rijeka.hr\/en\/themes-for-citizens\/sport-and-recreation\/sports-infrastructure\/attractive-locations-sports-recreation-surroundings-rijeka\/\"]}]},{\"@type\":\"BreadcrumbList\",\"@id\":\"https:\/\/www.rijeka.hr\/en\/themes-for-citizens\/sport-and-recreation\/sports-infrastructure\/attractive-locations-sports-recreation-surroundings-rijeka\/#breadcrumb\",\"itemListElement\":[{\"@type\":\"ListItem\",\"position\":1,\"name\":\"Po\u010detna stranica\",\"item\":\"https:\/\/www.rijeka.hr\/en\/\"},{\"@type\":\"ListItem\",\"position\":2,\"name\":\"Themes for citizens\",\"item\":\"https:\/\/www.rijeka.hr\/en\/themes-for-citizens\/\"},{\"@type\":\"ListItem\",\"position\":3,\"name\":\"Sport and recreation\",\"item\":\"https:\/\/www.rijeka.hr\/en\/themes-for-citizens\/sport-and-recreation\/\"},{\"@type\":\"ListItem\",\"position\":4,\"name\":\"Sports infrastructure\",\"item\":\"https:\/\/www.rijeka.hr\/en\/themes-for-citizens\/sport-and-recreation\/sports-infrastructure\/\"},{\"@type\":\"ListItem\",\"position\":5,\"name\":\"Attractive locations for sports and recreation in the surroundings of Rijeka\"}]},{\"@type\":\"WebSite\",\"@id\":\"https:\/\/www.rijeka.hr\/en\/#website\",\"url\":\"https:\/\/www.rijeka.hr\/en\/\",\"name\":\"City of Rijeka\",\"description\":\"City of Rijeka web Portal\",\"potentialAction\":[{\"@type\":\"SearchAction\",\"target\":{\"@type\":\"EntryPoint\",\"urlTemplate\":\"https:\/\/www.rijeka.hr\/en\/?s={search_term_string}\"},\"query-input\":{\"@type\":\"PropertyValueSpecification\",\"valueRequired\":true,\"valueName\":\"search_term_string\"}}],\"inLanguage\":\"en-US\"}]}<\/script>\n<!-- \/ Yoast SEO plugin. -->","yoast_head_json":{"title":"Attractive locations for sports and recreation in the surroundings of Rijeka - City of Rijeka","robots":{"index":"index","follow":"follow","max-snippet":"max-snippet:-1","max-image-preview":"max-image-preview:large","max-video-preview":"max-video-preview:-1"},"canonical":"https:\/\/www.rijeka.hr\/en\/themes-for-citizens\/sport-and-recreation\/sports-infrastructure\/attractive-locations-sports-recreation-surroundings-rijeka\/","og_locale":"en_US","og_type":"article","og_title":"Attractive locations for sports and recreation in the surroundings of Rijeka - City of Rijeka","og_description":"Owing to its position and attractive locations for sports in the city and in its surroundings, Rijeka offers conditions for competitive and recreational sports programmes in several disciplines throughout the year. In winter conditions, the Platak Ski Centre, twenty kilometres away from Rijeka, at an altitude of 1,100 meters, is an ideal place for alpine...","og_url":"https:\/\/www.rijeka.hr\/en\/themes-for-citizens\/sport-and-recreation\/sports-infrastructure\/attractive-locations-sports-recreation-surroundings-rijeka\/","og_site_name":"City of Rijeka","article_modified_time":"2019-08-22T10:36:20+00:00","twitter_card":"summary_large_image","twitter_misc":{"Est. reading time":"1 minute"},"schema":{"@context":"https:\/\/schema.org","@graph":[{"@type":"WebPage","@id":"https:\/\/www.rijeka.hr\/en\/themes-for-citizens\/sport-and-recreation\/sports-infrastructure\/attractive-locations-sports-recreation-surroundings-rijeka\/","url":"https:\/\/www.rijeka.hr\/en\/themes-for-citizens\/sport-and-recreation\/sports-infrastructure\/attractive-locations-sports-recreation-surroundings-rijeka\/","name":"Attractive locations for sports and recreation in the surroundings of Rijeka - City of Rijeka","isPartOf":{"@id":"https:\/\/www.rijeka.hr\/en\/#website"},"datePublished":"2019-08-21T13:06:48+00:00","dateModified":"2019-08-22T10:36:20+00:00","breadcrumb":{"@id":"https:\/\/www.rijeka.hr\/en\/themes-for-citizens\/sport-and-recreation\/sports-infrastructure\/attractive-locations-sports-recreation-surroundings-rijeka\/#breadcrumb"},"inLanguage":"en-US","potentialAction":[{"@type":"ReadAction","target":["https:\/\/www.rijeka.hr\/en\/themes-for-citizens\/sport-and-recreation\/sports-infrastructure\/attractive-locations-sports-recreation-surroundings-rijeka\/"]}]},{"@type":"BreadcrumbList","@id":"https:\/\/www.rijeka.hr\/en\/themes-for-citizens\/sport-and-recreation\/sports-infrastructure\/attractive-locations-sports-recreation-surroundings-rijeka\/#breadcrumb","itemListElement":[{"@type":"ListItem","position":1,"name":"Po\u010detna stranica","item":"https:\/\/www.rijeka.hr\/en\/"},{"@type":"ListItem","position":2,"name":"Themes for citizens","item":"https:\/\/www.rijeka.hr\/en\/themes-for-citizens\/"},{"@type":"ListItem","position":3,"name":"Sport and recreation","item":"https:\/\/www.rijeka.hr\/en\/themes-for-citizens\/sport-and-recreation\/"},{"@type":"ListItem","position":4,"name":"Sports infrastructure","item":"https:\/\/www.rijeka.hr\/en\/themes-for-citizens\/sport-and-recreation\/sports-infrastructure\/"},{"@type":"ListItem","position":5,"name":"Attractive locations for sports and recreation in the surroundings of Rijeka"}]},{"@type":"WebSite","@id":"https:\/\/www.rijeka.hr\/en\/#website","url":"https:\/\/www.rijeka.hr\/en\/","name":"City of Rijeka","description":"City of Rijeka web Portal","potentialAction":[{"@type":"SearchAction","target":{"@type":"EntryPoint","urlTemplate":"https:\/\/www.rijeka.hr\/en\/?s={search_term_string}"},"query-input":{"@type":"PropertyValueSpecification","valueRequired":true,"valueName":"search_term_string"}}],"inLanguage":"en-US"}]}},"_links":{"self":[{"href":"https:\/\/www.rijeka.hr\/en\/wp-json\/wp\/v2\/pages\/8372","targetHints":{"allow":["GET"]}}],"collection":[{"href":"https:\/\/www.rijeka.hr\/en\/wp-json\/wp\/v2\/pages"}],"about":[{"href":"https:\/\/www.rijeka.hr\/en\/wp-json\/wp\/v2\/types\/page"}],"author":[{"embeddable":true,"href":"https:\/\/www.rijeka.hr\/en\/wp-json\/wp\/v2\/users\/6"}],"replies":[{"embeddable":true,"href":"https:\/\/www.rijeka.hr\/en\/wp-json\/wp\/v2\/comments?post=8372"}],"version-history":[{"count":6,"href":"https:\/\/www.rijeka.hr\/en\/wp-json\/wp\/v2\/pages\/8372\/revisions"}],"predecessor-version":[{"id":8379,"href":"https:\/\/www.rijeka.hr\/en\/wp-json\/wp\/v2\/pages\/8372\/revisions\/8379"}],"up":[{"embeddable":true,"href":"https:\/\/www.rijeka.hr\/en\/wp-json\/wp\/v2\/pages\/3599"}],"wp:attachment":[{"href":"https:\/\/www.rijeka.hr\/en\/wp-json\/wp\/v2\/media?parent=8372"}],"wp:term":[{"taxonomy":"post_tag","embeddable":true,"href":"https:\/\/www.rijeka.hr\/en\/wp-json\/wp\/v2\/tags?post=8372"}],"curies":[{"name":"wp","href":"https:\/\/api.w.org\/{rel}","templated":true}]}}