{"id":8428,"date":"2019-08-27T14:01:41","date_gmt":"2019-08-27T12:01:41","guid":{"rendered":"https:\/\/www.rijeka.hr\/en\/?page_id=8428"},"modified":"2019-08-27T15:24:33","modified_gmt":"2019-08-27T13:24:33","slug":"bus-parking","status":"publish","type":"page","link":"https:\/\/www.rijeka.hr\/en\/themes-for-citizens\/traffic\/parking\/bus-parking\/","title":{"rendered":"Bus parking"},"content":{"rendered":"<p>The bus parking is managed by the utility company Rijeka plus.<\/p>\n<p>Buses may park without restrictions in the parking at the address Milutin Bara\u010d.<\/p>\n<p>Buses may park in Ban Jela\u010di\u0107 square up to a maximum of 3 hours.<\/p>\n<p>Bus parking tickets can be bought at the point of sale at the address Jela\u010di\u0107 Sq. No. 3.<\/p>\n<p>If buses arrive on Sunday, the ticket will be charged by personnel on the spot.<\/p>\n<ul>\n<li>On working days from 07:00 to 21:00<\/li>\n<\/ul>\n<ul>\n<li>Saturdays from 07:00 to 14:00<\/li>\n<\/ul>\n","protected":false},"excerpt":{"rendered":"<p>The bus parking is managed by the utility company Rijeka plus. Buses may park without restrictions in the parking at the address Milutin Bara\u010d. Buses may park in Ban Jela\u010di\u0107 square up to a maximum of 3 hours. Bus parking tickets can be bought at the point of sale at the address Jela\u010di\u0107 Sq. No&#8230;.<\/p>\n","protected":false},"author":6,"featured_media":0,"parent":586,"menu_order":0,"comment_status":"closed","ping_status":"closed","template":"","meta":{"_acf_changed":false,"_trash_the_other_posts":false,"footnotes":"","_links_to":"","_links_to_target":""},"tags":[],"class_list":["post-8428","page","type-page","status-publish","hentry"],"acf":[],"yoast_head":"<!-- This site is optimized with the Yoast SEO plugin v24.4 - https:\/\/yoast.com\/wordpress\/plugins\/seo\/ -->\n<title>Bus parking - City of Rijeka<\/title>\n<meta name=\"robots\" content=\"index, follow, max-snippet:-1, max-image-preview:large, max-video-preview:-1\" \/>\n<link rel=\"canonical\" href=\"https:\/\/www.rijeka.hr\/en\/themes-for-citizens\/traffic\/parking\/bus-parking\/\" \/>\n<meta property=\"og:locale\" content=\"en_US\" \/>\n<meta property=\"og:type\" content=\"article\" \/>\n<meta property=\"og:title\" content=\"Bus parking - City of Rijeka\" \/>\n<meta property=\"og:description\" content=\"The bus parking is managed by the utility company Rijeka plus. Buses may park without restrictions in the parking at the address Milutin Bara\u010d. Buses may park in Ban Jela\u010di\u0107 square up to a maximum of 3 hours. Bus parking tickets can be bought at the point of sale at the address Jela\u010di\u0107 Sq. No....\" \/>\n<meta property=\"og:url\" content=\"https:\/\/www.rijeka.hr\/en\/themes-for-citizens\/traffic\/parking\/bus-parking\/\" \/>\n<meta property=\"og:site_name\" content=\"City of Rijeka\" \/>\n<meta property=\"article:modified_time\" content=\"2019-08-27T13:24:33+00:00\" \/>\n<meta name=\"twitter:card\" content=\"summary_large_image\" \/>\n<script type=\"application\/ld+json\" class=\"yoast-schema-graph\">{\"@context\":\"https:\/\/schema.org\",\"@graph\":[{\"@type\":\"WebPage\",\"@id\":\"https:\/\/www.rijeka.hr\/en\/themes-for-citizens\/traffic\/parking\/bus-parking\/\",\"url\":\"https:\/\/www.rijeka.hr\/en\/themes-for-citizens\/traffic\/parking\/bus-parking\/\",\"name\":\"Bus parking - City of Rijeka\",\"isPartOf\":{\"@id\":\"https:\/\/www.rijeka.hr\/en\/#website\"},\"datePublished\":\"2019-08-27T12:01:41+00:00\",\"dateModified\":\"2019-08-27T13:24:33+00:00\",\"breadcrumb\":{\"@id\":\"https:\/\/www.rijeka.hr\/en\/themes-for-citizens\/traffic\/parking\/bus-parking\/#breadcrumb\"},\"inLanguage\":\"en-US\",\"potentialAction\":[{\"@type\":\"ReadAction\",\"target\":[\"https:\/\/www.rijeka.hr\/en\/themes-for-citizens\/traffic\/parking\/bus-parking\/\"]}]},{\"@type\":\"BreadcrumbList\",\"@id\":\"https:\/\/www.rijeka.hr\/en\/themes-for-citizens\/traffic\/parking\/bus-parking\/#breadcrumb\",\"itemListElement\":[{\"@type\":\"ListItem\",\"position\":1,\"name\":\"Po\u010detna stranica\",\"item\":\"https:\/\/www.rijeka.hr\/en\/\"},{\"@type\":\"ListItem\",\"position\":2,\"name\":\"Themes for citizens\",\"item\":\"https:\/\/www.rijeka.hr\/en\/themes-for-citizens\/\"},{\"@type\":\"ListItem\",\"position\":3,\"name\":\"Transport\",\"item\":\"https:\/\/www.rijeka.hr\/en\/themes-for-citizens\/traffic\/\"},{\"@type\":\"ListItem\",\"position\":4,\"name\":\"Parking\",\"item\":\"https:\/\/www.rijeka.hr\/en\/themes-for-citizens\/traffic\/parking\/\"},{\"@type\":\"ListItem\",\"position\":5,\"name\":\"Bus parking\"}]},{\"@type\":\"WebSite\",\"@id\":\"https:\/\/www.rijeka.hr\/en\/#website\",\"url\":\"https:\/\/www.rijeka.hr\/en\/\",\"name\":\"City of Rijeka\",\"description\":\"City of Rijeka web Portal\",\"potentialAction\":[{\"@type\":\"SearchAction\",\"target\":{\"@type\":\"EntryPoint\",\"urlTemplate\":\"https:\/\/www.rijeka.hr\/en\/?s={search_term_string}\"},\"query-input\":{\"@type\":\"PropertyValueSpecification\",\"valueRequired\":true,\"valueName\":\"search_term_string\"}}],\"inLanguage\":\"en-US\"}]}<\/script>\n<!-- \/ Yoast SEO plugin. -->","yoast_head_json":{"title":"Bus parking - City of Rijeka","robots":{"index":"index","follow":"follow","max-snippet":"max-snippet:-1","max-image-preview":"max-image-preview:large","max-video-preview":"max-video-preview:-1"},"canonical":"https:\/\/www.rijeka.hr\/en\/themes-for-citizens\/traffic\/parking\/bus-parking\/","og_locale":"en_US","og_type":"article","og_title":"Bus parking - City of Rijeka","og_description":"The bus parking is managed by the utility company Rijeka plus. Buses may park without restrictions in the parking at the address Milutin Bara\u010d. Buses may park in Ban Jela\u010di\u0107 square up to a maximum of 3 hours. Bus parking tickets can be bought at the point of sale at the address Jela\u010di\u0107 Sq. No....","og_url":"https:\/\/www.rijeka.hr\/en\/themes-for-citizens\/traffic\/parking\/bus-parking\/","og_site_name":"City of Rijeka","article_modified_time":"2019-08-27T13:24:33+00:00","twitter_card":"summary_large_image","schema":{"@context":"https:\/\/schema.org","@graph":[{"@type":"WebPage","@id":"https:\/\/www.rijeka.hr\/en\/themes-for-citizens\/traffic\/parking\/bus-parking\/","url":"https:\/\/www.rijeka.hr\/en\/themes-for-citizens\/traffic\/parking\/bus-parking\/","name":"Bus parking - City of Rijeka","isPartOf":{"@id":"https:\/\/www.rijeka.hr\/en\/#website"},"datePublished":"2019-08-27T12:01:41+00:00","dateModified":"2019-08-27T13:24:33+00:00","breadcrumb":{"@id":"https:\/\/www.rijeka.hr\/en\/themes-for-citizens\/traffic\/parking\/bus-parking\/#breadcrumb"},"inLanguage":"en-US","potentialAction":[{"@type":"ReadAction","target":["https:\/\/www.rijeka.hr\/en\/themes-for-citizens\/traffic\/parking\/bus-parking\/"]}]},{"@type":"BreadcrumbList","@id":"https:\/\/www.rijeka.hr\/en\/themes-for-citizens\/traffic\/parking\/bus-parking\/#breadcrumb","itemListElement":[{"@type":"ListItem","position":1,"name":"Po\u010detna stranica","item":"https:\/\/www.rijeka.hr\/en\/"},{"@type":"ListItem","position":2,"name":"Themes for citizens","item":"https:\/\/www.rijeka.hr\/en\/themes-for-citizens\/"},{"@type":"ListItem","position":3,"name":"Transport","item":"https:\/\/www.rijeka.hr\/en\/themes-for-citizens\/traffic\/"},{"@type":"ListItem","position":4,"name":"Parking","item":"https:\/\/www.rijeka.hr\/en\/themes-for-citizens\/traffic\/parking\/"},{"@type":"ListItem","position":5,"name":"Bus parking"}]},{"@type":"WebSite","@id":"https:\/\/www.rijeka.hr\/en\/#website","url":"https:\/\/www.rijeka.hr\/en\/","name":"City of Rijeka","description":"City of Rijeka web Portal","potentialAction":[{"@type":"SearchAction","target":{"@type":"EntryPoint","urlTemplate":"https:\/\/www.rijeka.hr\/en\/?s={search_term_string}"},"query-input":{"@type":"PropertyValueSpecification","valueRequired":true,"valueName":"search_term_string"}}],"inLanguage":"en-US"}]}},"_links":{"self":[{"href":"https:\/\/www.rijeka.hr\/en\/wp-json\/wp\/v2\/pages\/8428","targetHints":{"allow":["GET"]}}],"collection":[{"href":"https:\/\/www.rijeka.hr\/en\/wp-json\/wp\/v2\/pages"}],"about":[{"href":"https:\/\/www.rijeka.hr\/en\/wp-json\/wp\/v2\/types\/page"}],"author":[{"embeddable":true,"href":"https:\/\/www.rijeka.hr\/en\/wp-json\/wp\/v2\/users\/6"}],"replies":[{"embeddable":true,"href":"https:\/\/www.rijeka.hr\/en\/wp-json\/wp\/v2\/comments?post=8428"}],"version-history":[{"count":2,"href":"https:\/\/www.rijeka.hr\/en\/wp-json\/wp\/v2\/pages\/8428\/revisions"}],"predecessor-version":[{"id":8433,"href":"https:\/\/www.rijeka.hr\/en\/wp-json\/wp\/v2\/pages\/8428\/revisions\/8433"}],"up":[{"embeddable":true,"href":"https:\/\/www.rijeka.hr\/en\/wp-json\/wp\/v2\/pages\/586"}],"wp:attachment":[{"href":"https:\/\/www.rijeka.hr\/en\/wp-json\/wp\/v2\/media?parent=8428"}],"wp:term":[{"taxonomy":"post_tag","embeddable":true,"href":"https:\/\/www.rijeka.hr\/en\/wp-json\/wp\/v2\/tags?post=8428"}],"curies":[{"name":"wp","href":"https:\/\/api.w.org\/{rel}","templated":true}]}}