{"id":8907,"date":"2020-02-28T11:12:19","date_gmt":"2020-02-28T10:12:19","guid":{"rendered":"https:\/\/www.rijeka.hr\/en\/?page_id=8907"},"modified":"2021-02-03T15:14:39","modified_gmt":"2021-02-03T14:14:39","slug":"construction-waste","status":"publish","type":"page","link":"https:\/\/www.rijeka.hr\/en\/themes-for-citizens\/residence-and-construction\/waste-disposal-and-recycling\/construction-waste\/","title":{"rendered":"Construction waste"},"content":{"rendered":"<p>Construction waste produced from households due to maintenance and minor repairs, which quantity does not exceed 200 kilograms, can be disposed free of charge in the recycling yards Miha\u010deva draga, Pehlin and Jo\u017ee Vlahovi\u0107a, managed by the utility company \u010cisto\u0107a Rijeka, at most once every 6 months.<\/p>\n<p>All construction waste produced from households exceeding the above quantity, as well as, all construction waste produced from legal entities can be disposed in the recycling yard for construction waste at the address Miha\u010deva draga 41, managed by the company GRD Rijeka.<\/p>\n<p>All information, including the conditions of work and treatment of construction waste is available on the web site of the recycling yard for construction waste.<\/p>\n","protected":false},"excerpt":{"rendered":"<p>Construction waste produced from households due to maintenance and minor repairs, which quantity does not exceed 200 kilograms, can be disposed free of charge in the recycling yards Miha\u010deva draga, Pehlin and Jo\u017ee Vlahovi\u0107a, managed by the utility company \u010cisto\u0107a Rijeka, at most once every 6 months. All construction waste produced from households exceeding the&#8230;<\/p>\n","protected":false},"author":5,"featured_media":0,"parent":174,"menu_order":0,"comment_status":"closed","ping_status":"closed","template":"","meta":{"_acf_changed":false,"_trash_the_other_posts":false,"footnotes":"","_links_to":"","_links_to_target":""},"tags":[],"class_list":["post-8907","page","type-page","status-publish","hentry"],"acf":[],"yoast_head":"<!-- This site is optimized with the Yoast SEO plugin v24.4 - https:\/\/yoast.com\/wordpress\/plugins\/seo\/ -->\n<title>Construction waste - City of Rijeka<\/title>\n<meta name=\"robots\" content=\"index, follow, max-snippet:-1, max-image-preview:large, max-video-preview:-1\" \/>\n<link rel=\"canonical\" href=\"https:\/\/www.rijeka.hr\/en\/themes-for-citizens\/residence-and-construction\/waste-disposal-and-recycling\/construction-waste\/\" \/>\n<meta property=\"og:locale\" content=\"en_US\" \/>\n<meta property=\"og:type\" content=\"article\" \/>\n<meta property=\"og:title\" content=\"Construction waste - City of Rijeka\" \/>\n<meta property=\"og:description\" content=\"Construction waste produced from households due to maintenance and minor repairs, which quantity does not exceed 200 kilograms, can be disposed free of charge in the recycling yards Miha\u010deva draga, Pehlin and Jo\u017ee Vlahovi\u0107a, managed by the utility company \u010cisto\u0107a Rijeka, at most once every 6 months. All construction waste produced from households exceeding the...\" \/>\n<meta property=\"og:url\" content=\"https:\/\/www.rijeka.hr\/en\/themes-for-citizens\/residence-and-construction\/waste-disposal-and-recycling\/construction-waste\/\" \/>\n<meta property=\"og:site_name\" content=\"City of Rijeka\" \/>\n<meta property=\"article:modified_time\" content=\"2021-02-03T14:14:39+00:00\" \/>\n<meta name=\"twitter:card\" content=\"summary_large_image\" \/>\n<meta name=\"twitter:label1\" content=\"Est. reading time\" \/>\n\t<meta name=\"twitter:data1\" content=\"1 minute\" \/>\n<script type=\"application\/ld+json\" class=\"yoast-schema-graph\">{\"@context\":\"https:\/\/schema.org\",\"@graph\":[{\"@type\":\"WebPage\",\"@id\":\"https:\/\/www.rijeka.hr\/en\/themes-for-citizens\/residence-and-construction\/waste-disposal-and-recycling\/construction-waste\/\",\"url\":\"https:\/\/www.rijeka.hr\/en\/themes-for-citizens\/residence-and-construction\/waste-disposal-and-recycling\/construction-waste\/\",\"name\":\"Construction waste - City of Rijeka\",\"isPartOf\":{\"@id\":\"https:\/\/www.rijeka.hr\/en\/#website\"},\"datePublished\":\"2020-02-28T10:12:19+00:00\",\"dateModified\":\"2021-02-03T14:14:39+00:00\",\"breadcrumb\":{\"@id\":\"https:\/\/www.rijeka.hr\/en\/themes-for-citizens\/residence-and-construction\/waste-disposal-and-recycling\/construction-waste\/#breadcrumb\"},\"inLanguage\":\"en-US\",\"potentialAction\":[{\"@type\":\"ReadAction\",\"target\":[\"https:\/\/www.rijeka.hr\/en\/themes-for-citizens\/residence-and-construction\/waste-disposal-and-recycling\/construction-waste\/\"]}]},{\"@type\":\"BreadcrumbList\",\"@id\":\"https:\/\/www.rijeka.hr\/en\/themes-for-citizens\/residence-and-construction\/waste-disposal-and-recycling\/construction-waste\/#breadcrumb\",\"itemListElement\":[{\"@type\":\"ListItem\",\"position\":1,\"name\":\"Po\u010detna stranica\",\"item\":\"https:\/\/www.rijeka.hr\/en\/\"},{\"@type\":\"ListItem\",\"position\":2,\"name\":\"Themes for citizens\",\"item\":\"https:\/\/www.rijeka.hr\/en\/themes-for-citizens\/\"},{\"@type\":\"ListItem\",\"position\":3,\"name\":\"Residence and construction\",\"item\":\"https:\/\/www.rijeka.hr\/en\/themes-for-citizens\/residence-and-construction\/\"},{\"@type\":\"ListItem\",\"position\":4,\"name\":\"Waste disposal and recycling\",\"item\":\"https:\/\/www.rijeka.hr\/en\/themes-for-citizens\/residence-and-construction\/waste-disposal-and-recycling\/\"},{\"@type\":\"ListItem\",\"position\":5,\"name\":\"Construction waste\"}]},{\"@type\":\"WebSite\",\"@id\":\"https:\/\/www.rijeka.hr\/en\/#website\",\"url\":\"https:\/\/www.rijeka.hr\/en\/\",\"name\":\"City of Rijeka\",\"description\":\"City of Rijeka web Portal\",\"potentialAction\":[{\"@type\":\"SearchAction\",\"target\":{\"@type\":\"EntryPoint\",\"urlTemplate\":\"https:\/\/www.rijeka.hr\/en\/?s={search_term_string}\"},\"query-input\":{\"@type\":\"PropertyValueSpecification\",\"valueRequired\":true,\"valueName\":\"search_term_string\"}}],\"inLanguage\":\"en-US\"}]}<\/script>\n<!-- \/ Yoast SEO plugin. -->","yoast_head_json":{"title":"Construction waste - City of Rijeka","robots":{"index":"index","follow":"follow","max-snippet":"max-snippet:-1","max-image-preview":"max-image-preview:large","max-video-preview":"max-video-preview:-1"},"canonical":"https:\/\/www.rijeka.hr\/en\/themes-for-citizens\/residence-and-construction\/waste-disposal-and-recycling\/construction-waste\/","og_locale":"en_US","og_type":"article","og_title":"Construction waste - City of Rijeka","og_description":"Construction waste produced from households due to maintenance and minor repairs, which quantity does not exceed 200 kilograms, can be disposed free of charge in the recycling yards Miha\u010deva draga, Pehlin and Jo\u017ee Vlahovi\u0107a, managed by the utility company \u010cisto\u0107a Rijeka, at most once every 6 months. All construction waste produced from households exceeding the...","og_url":"https:\/\/www.rijeka.hr\/en\/themes-for-citizens\/residence-and-construction\/waste-disposal-and-recycling\/construction-waste\/","og_site_name":"City of Rijeka","article_modified_time":"2021-02-03T14:14:39+00:00","twitter_card":"summary_large_image","twitter_misc":{"Est. reading time":"1 minute"},"schema":{"@context":"https:\/\/schema.org","@graph":[{"@type":"WebPage","@id":"https:\/\/www.rijeka.hr\/en\/themes-for-citizens\/residence-and-construction\/waste-disposal-and-recycling\/construction-waste\/","url":"https:\/\/www.rijeka.hr\/en\/themes-for-citizens\/residence-and-construction\/waste-disposal-and-recycling\/construction-waste\/","name":"Construction waste - City of Rijeka","isPartOf":{"@id":"https:\/\/www.rijeka.hr\/en\/#website"},"datePublished":"2020-02-28T10:12:19+00:00","dateModified":"2021-02-03T14:14:39+00:00","breadcrumb":{"@id":"https:\/\/www.rijeka.hr\/en\/themes-for-citizens\/residence-and-construction\/waste-disposal-and-recycling\/construction-waste\/#breadcrumb"},"inLanguage":"en-US","potentialAction":[{"@type":"ReadAction","target":["https:\/\/www.rijeka.hr\/en\/themes-for-citizens\/residence-and-construction\/waste-disposal-and-recycling\/construction-waste\/"]}]},{"@type":"BreadcrumbList","@id":"https:\/\/www.rijeka.hr\/en\/themes-for-citizens\/residence-and-construction\/waste-disposal-and-recycling\/construction-waste\/#breadcrumb","itemListElement":[{"@type":"ListItem","position":1,"name":"Po\u010detna stranica","item":"https:\/\/www.rijeka.hr\/en\/"},{"@type":"ListItem","position":2,"name":"Themes for citizens","item":"https:\/\/www.rijeka.hr\/en\/themes-for-citizens\/"},{"@type":"ListItem","position":3,"name":"Residence and construction","item":"https:\/\/www.rijeka.hr\/en\/themes-for-citizens\/residence-and-construction\/"},{"@type":"ListItem","position":4,"name":"Waste disposal and recycling","item":"https:\/\/www.rijeka.hr\/en\/themes-for-citizens\/residence-and-construction\/waste-disposal-and-recycling\/"},{"@type":"ListItem","position":5,"name":"Construction waste"}]},{"@type":"WebSite","@id":"https:\/\/www.rijeka.hr\/en\/#website","url":"https:\/\/www.rijeka.hr\/en\/","name":"City of Rijeka","description":"City of Rijeka web Portal","potentialAction":[{"@type":"SearchAction","target":{"@type":"EntryPoint","urlTemplate":"https:\/\/www.rijeka.hr\/en\/?s={search_term_string}"},"query-input":{"@type":"PropertyValueSpecification","valueRequired":true,"valueName":"search_term_string"}}],"inLanguage":"en-US"}]}},"_links":{"self":[{"href":"https:\/\/www.rijeka.hr\/en\/wp-json\/wp\/v2\/pages\/8907","targetHints":{"allow":["GET"]}}],"collection":[{"href":"https:\/\/www.rijeka.hr\/en\/wp-json\/wp\/v2\/pages"}],"about":[{"href":"https:\/\/www.rijeka.hr\/en\/wp-json\/wp\/v2\/types\/page"}],"author":[{"embeddable":true,"href":"https:\/\/www.rijeka.hr\/en\/wp-json\/wp\/v2\/users\/5"}],"replies":[{"embeddable":true,"href":"https:\/\/www.rijeka.hr\/en\/wp-json\/wp\/v2\/comments?post=8907"}],"version-history":[{"count":3,"href":"https:\/\/www.rijeka.hr\/en\/wp-json\/wp\/v2\/pages\/8907\/revisions"}],"predecessor-version":[{"id":10352,"href":"https:\/\/www.rijeka.hr\/en\/wp-json\/wp\/v2\/pages\/8907\/revisions\/10352"}],"up":[{"embeddable":true,"href":"https:\/\/www.rijeka.hr\/en\/wp-json\/wp\/v2\/pages\/174"}],"wp:attachment":[{"href":"https:\/\/www.rijeka.hr\/en\/wp-json\/wp\/v2\/media?parent=8907"}],"wp:term":[{"taxonomy":"post_tag","embeddable":true,"href":"https:\/\/www.rijeka.hr\/en\/wp-json\/wp\/v2\/tags?post=8907"}],"curies":[{"name":"wp","href":"https:\/\/api.w.org\/{rel}","templated":true}]}}