{"id":8913,"date":"2020-02-28T14:32:16","date_gmt":"2020-02-28T13:32:16","guid":{"rendered":"https:\/\/www.rijeka.hr\/en\/?page_id=8913"},"modified":"2021-02-24T14:48:30","modified_gmt":"2021-02-24T13:48:30","slug":"separate-waste-collection","status":"publish","type":"page","link":"https:\/\/www.rijeka.hr\/en\/themes-for-citizens\/residence-and-construction\/waste-disposal-and-recycling\/separate-waste-collection\/","title":{"rendered":"Separate waste collection"},"content":{"rendered":"<h2>Containers, semi-underground containers and smart containers<\/h2>\n<p>The system of primary waste selection is being established in the territory of Rijeka, namely enabling doorstep waste separation by placing a set of specific containers consisting of three bins for collecting five recycling fractions.<\/p>\n<p>The set of standardised containers includes YELLOW containers for collecting glass, metal and plastic, BLUE containers for collecting paper and cardboard and ORANGE containers for collecting tetra packaging, and they are placed next to the already existing containers for mixed municipal waste.<\/p>\n<p>In more than 30 locations in Rijeka, in addition to a set of standardised containers, there are also white containers with a purple label for the disposal of clothing, textiles and footwear.<\/p>\n<p>In certain locations in the city, instead of plastic containers, semi-underground containers have been placed of higher capacity than those above ground.<\/p>\n<p>Instead of rubbish bins in downtown Rijeka, smart solar modular containers have been placed. The smart modular container is really smart in many ways, primarily because it has built-in technology that allows it to send a signal when it needs to be emptied. Each container has two modules &#8211; for mixed municipal waste and recyclable waste.<\/p>\n<h2>Recycling yards and mobile recycling yards<\/h2>\n<p>\u010cisto\u0107a utility company has opened recycling yards in Miha\u010deva draga, Pehlin and Jo\u017ee Vlahovi\u0107 Street, where citizens can dispose of recyclable raw materials, as well as problematic types of household waste, completely free of charge.<\/p>\n<p>Also, as an upgrade of the separate waste collection system, in Rijeka there are mobile recycling yards &#8211; mobile containers for separate collection and storage of small quantities of usable and other types of household waste.<\/p>\n","protected":false},"excerpt":{"rendered":"<p>Containers, semi-underground containers and smart containers The system of primary waste selection is being established in the territory of Rijeka, namely enabling doorstep waste separation by placing a set of specific containers consisting of three bins for collecting five recycling fractions. The set of standardised containers includes YELLOW containers for collecting glass, metal and plastic,&#8230;<\/p>\n","protected":false},"author":12,"featured_media":0,"parent":174,"menu_order":0,"comment_status":"closed","ping_status":"closed","template":"","meta":{"_acf_changed":false,"_trash_the_other_posts":false,"footnotes":"","_links_to":"","_links_to_target":""},"tags":[],"class_list":["post-8913","page","type-page","status-publish","hentry"],"acf":[],"yoast_head":"<!-- This site is optimized with the Yoast SEO plugin v24.4 - https:\/\/yoast.com\/wordpress\/plugins\/seo\/ -->\n<title>Separate waste collection - City of Rijeka<\/title>\n<meta name=\"robots\" content=\"index, follow, max-snippet:-1, max-image-preview:large, max-video-preview:-1\" \/>\n<link rel=\"canonical\" href=\"https:\/\/www.rijeka.hr\/en\/themes-for-citizens\/residence-and-construction\/waste-disposal-and-recycling\/separate-waste-collection\/\" \/>\n<meta property=\"og:locale\" content=\"en_US\" \/>\n<meta property=\"og:type\" content=\"article\" \/>\n<meta property=\"og:title\" content=\"Separate waste collection - City of Rijeka\" \/>\n<meta property=\"og:description\" content=\"Containers, semi-underground containers and smart containers The system of primary waste selection is being established in the territory of Rijeka, namely enabling doorstep waste separation by placing a set of specific containers consisting of three bins for collecting five recycling fractions. The set of standardised containers includes YELLOW containers for collecting glass, metal and plastic,...\" \/>\n<meta property=\"og:url\" content=\"https:\/\/www.rijeka.hr\/en\/themes-for-citizens\/residence-and-construction\/waste-disposal-and-recycling\/separate-waste-collection\/\" \/>\n<meta property=\"og:site_name\" content=\"City of Rijeka\" \/>\n<meta property=\"article:modified_time\" content=\"2021-02-24T13:48:30+00:00\" \/>\n<meta name=\"twitter:card\" content=\"summary_large_image\" \/>\n<meta name=\"twitter:label1\" content=\"Est. reading time\" \/>\n\t<meta name=\"twitter:data1\" content=\"1 minute\" \/>\n<script type=\"application\/ld+json\" class=\"yoast-schema-graph\">{\"@context\":\"https:\/\/schema.org\",\"@graph\":[{\"@type\":\"WebPage\",\"@id\":\"https:\/\/www.rijeka.hr\/en\/themes-for-citizens\/residence-and-construction\/waste-disposal-and-recycling\/separate-waste-collection\/\",\"url\":\"https:\/\/www.rijeka.hr\/en\/themes-for-citizens\/residence-and-construction\/waste-disposal-and-recycling\/separate-waste-collection\/\",\"name\":\"Separate waste collection - City of Rijeka\",\"isPartOf\":{\"@id\":\"https:\/\/www.rijeka.hr\/en\/#website\"},\"datePublished\":\"2020-02-28T13:32:16+00:00\",\"dateModified\":\"2021-02-24T13:48:30+00:00\",\"breadcrumb\":{\"@id\":\"https:\/\/www.rijeka.hr\/en\/themes-for-citizens\/residence-and-construction\/waste-disposal-and-recycling\/separate-waste-collection\/#breadcrumb\"},\"inLanguage\":\"en-US\",\"potentialAction\":[{\"@type\":\"ReadAction\",\"target\":[\"https:\/\/www.rijeka.hr\/en\/themes-for-citizens\/residence-and-construction\/waste-disposal-and-recycling\/separate-waste-collection\/\"]}]},{\"@type\":\"BreadcrumbList\",\"@id\":\"https:\/\/www.rijeka.hr\/en\/themes-for-citizens\/residence-and-construction\/waste-disposal-and-recycling\/separate-waste-collection\/#breadcrumb\",\"itemListElement\":[{\"@type\":\"ListItem\",\"position\":1,\"name\":\"Po\u010detna stranica\",\"item\":\"https:\/\/www.rijeka.hr\/en\/\"},{\"@type\":\"ListItem\",\"position\":2,\"name\":\"Themes for citizens\",\"item\":\"https:\/\/www.rijeka.hr\/en\/themes-for-citizens\/\"},{\"@type\":\"ListItem\",\"position\":3,\"name\":\"Residence and construction\",\"item\":\"https:\/\/www.rijeka.hr\/en\/themes-for-citizens\/residence-and-construction\/\"},{\"@type\":\"ListItem\",\"position\":4,\"name\":\"Waste disposal and recycling\",\"item\":\"https:\/\/www.rijeka.hr\/en\/themes-for-citizens\/residence-and-construction\/waste-disposal-and-recycling\/\"},{\"@type\":\"ListItem\",\"position\":5,\"name\":\"Separate waste collection\"}]},{\"@type\":\"WebSite\",\"@id\":\"https:\/\/www.rijeka.hr\/en\/#website\",\"url\":\"https:\/\/www.rijeka.hr\/en\/\",\"name\":\"City of Rijeka\",\"description\":\"City of Rijeka web Portal\",\"potentialAction\":[{\"@type\":\"SearchAction\",\"target\":{\"@type\":\"EntryPoint\",\"urlTemplate\":\"https:\/\/www.rijeka.hr\/en\/?s={search_term_string}\"},\"query-input\":{\"@type\":\"PropertyValueSpecification\",\"valueRequired\":true,\"valueName\":\"search_term_string\"}}],\"inLanguage\":\"en-US\"}]}<\/script>\n<!-- \/ Yoast SEO plugin. -->","yoast_head_json":{"title":"Separate waste collection - City of Rijeka","robots":{"index":"index","follow":"follow","max-snippet":"max-snippet:-1","max-image-preview":"max-image-preview:large","max-video-preview":"max-video-preview:-1"},"canonical":"https:\/\/www.rijeka.hr\/en\/themes-for-citizens\/residence-and-construction\/waste-disposal-and-recycling\/separate-waste-collection\/","og_locale":"en_US","og_type":"article","og_title":"Separate waste collection - City of Rijeka","og_description":"Containers, semi-underground containers and smart containers The system of primary waste selection is being established in the territory of Rijeka, namely enabling doorstep waste separation by placing a set of specific containers consisting of three bins for collecting five recycling fractions. The set of standardised containers includes YELLOW containers for collecting glass, metal and plastic,...","og_url":"https:\/\/www.rijeka.hr\/en\/themes-for-citizens\/residence-and-construction\/waste-disposal-and-recycling\/separate-waste-collection\/","og_site_name":"City of Rijeka","article_modified_time":"2021-02-24T13:48:30+00:00","twitter_card":"summary_large_image","twitter_misc":{"Est. reading time":"1 minute"},"schema":{"@context":"https:\/\/schema.org","@graph":[{"@type":"WebPage","@id":"https:\/\/www.rijeka.hr\/en\/themes-for-citizens\/residence-and-construction\/waste-disposal-and-recycling\/separate-waste-collection\/","url":"https:\/\/www.rijeka.hr\/en\/themes-for-citizens\/residence-and-construction\/waste-disposal-and-recycling\/separate-waste-collection\/","name":"Separate waste collection - City of Rijeka","isPartOf":{"@id":"https:\/\/www.rijeka.hr\/en\/#website"},"datePublished":"2020-02-28T13:32:16+00:00","dateModified":"2021-02-24T13:48:30+00:00","breadcrumb":{"@id":"https:\/\/www.rijeka.hr\/en\/themes-for-citizens\/residence-and-construction\/waste-disposal-and-recycling\/separate-waste-collection\/#breadcrumb"},"inLanguage":"en-US","potentialAction":[{"@type":"ReadAction","target":["https:\/\/www.rijeka.hr\/en\/themes-for-citizens\/residence-and-construction\/waste-disposal-and-recycling\/separate-waste-collection\/"]}]},{"@type":"BreadcrumbList","@id":"https:\/\/www.rijeka.hr\/en\/themes-for-citizens\/residence-and-construction\/waste-disposal-and-recycling\/separate-waste-collection\/#breadcrumb","itemListElement":[{"@type":"ListItem","position":1,"name":"Po\u010detna stranica","item":"https:\/\/www.rijeka.hr\/en\/"},{"@type":"ListItem","position":2,"name":"Themes for citizens","item":"https:\/\/www.rijeka.hr\/en\/themes-for-citizens\/"},{"@type":"ListItem","position":3,"name":"Residence and construction","item":"https:\/\/www.rijeka.hr\/en\/themes-for-citizens\/residence-and-construction\/"},{"@type":"ListItem","position":4,"name":"Waste disposal and recycling","item":"https:\/\/www.rijeka.hr\/en\/themes-for-citizens\/residence-and-construction\/waste-disposal-and-recycling\/"},{"@type":"ListItem","position":5,"name":"Separate waste collection"}]},{"@type":"WebSite","@id":"https:\/\/www.rijeka.hr\/en\/#website","url":"https:\/\/www.rijeka.hr\/en\/","name":"City of Rijeka","description":"City of Rijeka web Portal","potentialAction":[{"@type":"SearchAction","target":{"@type":"EntryPoint","urlTemplate":"https:\/\/www.rijeka.hr\/en\/?s={search_term_string}"},"query-input":{"@type":"PropertyValueSpecification","valueRequired":true,"valueName":"search_term_string"}}],"inLanguage":"en-US"}]}},"_links":{"self":[{"href":"https:\/\/www.rijeka.hr\/en\/wp-json\/wp\/v2\/pages\/8913","targetHints":{"allow":["GET"]}}],"collection":[{"href":"https:\/\/www.rijeka.hr\/en\/wp-json\/wp\/v2\/pages"}],"about":[{"href":"https:\/\/www.rijeka.hr\/en\/wp-json\/wp\/v2\/types\/page"}],"author":[{"embeddable":true,"href":"https:\/\/www.rijeka.hr\/en\/wp-json\/wp\/v2\/users\/12"}],"replies":[{"embeddable":true,"href":"https:\/\/www.rijeka.hr\/en\/wp-json\/wp\/v2\/comments?post=8913"}],"version-history":[{"count":2,"href":"https:\/\/www.rijeka.hr\/en\/wp-json\/wp\/v2\/pages\/8913\/revisions"}],"predecessor-version":[{"id":10761,"href":"https:\/\/www.rijeka.hr\/en\/wp-json\/wp\/v2\/pages\/8913\/revisions\/10761"}],"up":[{"embeddable":true,"href":"https:\/\/www.rijeka.hr\/en\/wp-json\/wp\/v2\/pages\/174"}],"wp:attachment":[{"href":"https:\/\/www.rijeka.hr\/en\/wp-json\/wp\/v2\/media?parent=8913"}],"wp:term":[{"taxonomy":"post_tag","embeddable":true,"href":"https:\/\/www.rijeka.hr\/en\/wp-json\/wp\/v2\/tags?post=8913"}],"curies":[{"name":"wp","href":"https:\/\/api.w.org\/{rel}","templated":true}]}}