{"id":8946,"date":"2020-04-22T18:18:56","date_gmt":"2020-04-22T16:18:56","guid":{"rendered":"https:\/\/www.rijeka.hr\/en\/?page_id=8946"},"modified":"2024-01-12T10:00:20","modified_gmt":"2024-01-12T09:00:20","slug":"rijeka-civic-library","status":"publish","type":"page","link":"https:\/\/www.rijeka.hr\/en\/city-government\/city-projects\/ongoing-projects-2\/culture\/rijeka-civic-library\/","title":{"rendered":"Rijeka Civic Library"},"content":{"rendered":"<h2>Project scope<\/h2>\n<p>This project comprises the reconstruction and equipment of the T-building as the Civic Library, namely its transformation into an object of public culture and for educational scopes.<\/p>\n<p>The applicant and the project promoter is the City of Rijeka in partnership with the Rijeka Civic Library.<\/p>\n<p>&nbsp;<\/p>\n<p><img loading=\"lazy\" decoding=\"async\" width=\"600\" height=\"400\" class=\"aligncenter size-medium wp-image-8948\" src=\"https:\/\/www.rijeka.hr\/en\/wp-content\/uploads\/sites\/2\/2020\/04\/T-objekt-Rikard-Ben\u010di\u0107-budu\u0107e-sjedi\u0161te-Gradske-knji\u017enice-Rijeka-600x400-600x400.jpg\" alt=\"\" \/><\/p>\n<h2>Purpose of the building<\/h2>\n<p>T-building has a net surface of 4,530 sq. m., a gross surface of 5,826 sq. m. The T-building, due to the reconstruction, changes its purpose from former industrial into cultural and public and becomes the central and most eminent building from the architectural point of view of the Rijeka Civic Library available for all citizens and visitors, first in Rijeka history that will in one place integrate functions and services of the central library departments in a quality manner.<\/p>\n<p>The building will accommodate currently dislocated departments of publicist writing\/science, literature, the public reading room, the department of periodicals (with appertaining repositories) and general affairs, procurement and processing services, registry and library development services for PR and programmes.<\/p>\n<h2>European funds for reconstruction<\/h2>\n<p>The reconstruction of the T building and its transformation into the Civic Library is being implemented within the Operational Programme \u201cCompetitiveness and Cohesion 2014-2020\u201c. The source of financing is the Operational Programme for Competitiveness and Cohesion 2014-2020 (EU grant) and the own contribution of the City of Rijeka and project partners. In accordance with the agreement signed on 16 July 2018 with the Ministry of Regional Development and EU funds, a European grant worth HRK 68.21 million was assigned to the project relating to the reconstruction of the Children\u2019s House and the Civic Library.<\/p>\n","protected":false},"excerpt":{"rendered":"<p>Project scope This project comprises the reconstruction and equipment of the T-building as the Civic Library, namely its transformation into an object of public culture and for educational scopes. The applicant and the project promoter is the City of Rijeka in partnership with the Rijeka Civic Library. &nbsp; Purpose of the building T-building has a&#8230;<\/p>\n","protected":false},"author":5,"featured_media":13212,"parent":11078,"menu_order":0,"comment_status":"closed","ping_status":"closed","template":"","meta":{"_acf_changed":false,"_trash_the_other_posts":false,"footnotes":"","_links_to":"","_links_to_target":""},"tags":[],"class_list":["post-8946","page","type-page","status-publish","has-post-thumbnail","hentry"],"acf":[],"yoast_head":"<!-- This site is optimized with the Yoast SEO plugin v24.4 - https:\/\/yoast.com\/wordpress\/plugins\/seo\/ -->\n<title>Rijeka Civic Library - City of Rijeka<\/title>\n<meta name=\"robots\" content=\"index, follow, max-snippet:-1, max-image-preview:large, max-video-preview:-1\" \/>\n<link rel=\"canonical\" href=\"https:\/\/www.rijeka.hr\/en\/city-government\/city-projects\/ongoing-projects-2\/culture\/rijeka-civic-library\/\" \/>\n<meta property=\"og:locale\" content=\"en_US\" \/>\n<meta property=\"og:type\" content=\"article\" \/>\n<meta property=\"og:title\" content=\"Rijeka Civic Library - City of Rijeka\" \/>\n<meta property=\"og:description\" content=\"Project scope This project comprises the reconstruction and equipment of the T-building as the Civic Library, namely its transformation into an object of public culture and for educational scopes. The applicant and the project promoter is the City of Rijeka in partnership with the Rijeka Civic Library. &nbsp; Purpose of the building T-building has a...\" \/>\n<meta property=\"og:url\" content=\"https:\/\/www.rijeka.hr\/en\/city-government\/city-projects\/ongoing-projects-2\/culture\/rijeka-civic-library\/\" \/>\n<meta property=\"og:site_name\" content=\"City of Rijeka\" \/>\n<meta property=\"article:modified_time\" content=\"2024-01-12T09:00:20+00:00\" \/>\n<meta property=\"og:image\" content=\"https:\/\/www.rijeka.hr\/en\/wp-content\/uploads\/sites\/2\/2022\/10\/T-objekt-Rikard-Ben\u010di\u0107-Rijeka-Civic-Library.jpg\" \/>\n\t<meta property=\"og:image:width\" content=\"1152\" \/>\n\t<meta property=\"og:image:height\" content=\"768\" \/>\n\t<meta property=\"og:image:type\" content=\"image\/jpeg\" \/>\n<meta name=\"twitter:card\" content=\"summary_large_image\" \/>\n<meta name=\"twitter:label1\" content=\"Est. reading time\" \/>\n\t<meta name=\"twitter:data1\" content=\"1 minute\" \/>\n<script type=\"application\/ld+json\" class=\"yoast-schema-graph\">{\"@context\":\"https:\/\/schema.org\",\"@graph\":[{\"@type\":\"WebPage\",\"@id\":\"https:\/\/www.rijeka.hr\/en\/city-government\/city-projects\/ongoing-projects-2\/culture\/rijeka-civic-library\/\",\"url\":\"https:\/\/www.rijeka.hr\/en\/city-government\/city-projects\/ongoing-projects-2\/culture\/rijeka-civic-library\/\",\"name\":\"Rijeka Civic Library - City of Rijeka\",\"isPartOf\":{\"@id\":\"https:\/\/www.rijeka.hr\/en\/#website\"},\"primaryImageOfPage\":{\"@id\":\"https:\/\/www.rijeka.hr\/en\/city-government\/city-projects\/ongoing-projects-2\/culture\/rijeka-civic-library\/#primaryimage\"},\"image\":{\"@id\":\"https:\/\/www.rijeka.hr\/en\/city-government\/city-projects\/ongoing-projects-2\/culture\/rijeka-civic-library\/#primaryimage\"},\"thumbnailUrl\":\"https:\/\/www.rijeka.hr\/en\/wp-content\/uploads\/sites\/2\/2022\/10\/T-objekt-Rikard-Ben\u010di\u0107-Rijeka-Civic-Library.jpg\",\"datePublished\":\"2020-04-22T16:18:56+00:00\",\"dateModified\":\"2024-01-12T09:00:20+00:00\",\"breadcrumb\":{\"@id\":\"https:\/\/www.rijeka.hr\/en\/city-government\/city-projects\/ongoing-projects-2\/culture\/rijeka-civic-library\/#breadcrumb\"},\"inLanguage\":\"en-US\",\"potentialAction\":[{\"@type\":\"ReadAction\",\"target\":[\"https:\/\/www.rijeka.hr\/en\/city-government\/city-projects\/ongoing-projects-2\/culture\/rijeka-civic-library\/\"]}]},{\"@type\":\"ImageObject\",\"inLanguage\":\"en-US\",\"@id\":\"https:\/\/www.rijeka.hr\/en\/city-government\/city-projects\/ongoing-projects-2\/culture\/rijeka-civic-library\/#primaryimage\",\"url\":\"https:\/\/www.rijeka.hr\/en\/wp-content\/uploads\/sites\/2\/2022\/10\/T-objekt-Rikard-Ben\u010di\u0107-Rijeka-Civic-Library.jpg\",\"contentUrl\":\"https:\/\/www.rijeka.hr\/en\/wp-content\/uploads\/sites\/2\/2022\/10\/T-objekt-Rikard-Ben\u010di\u0107-Rijeka-Civic-Library.jpg\",\"width\":1152,\"height\":768,\"caption\":\"T-objekt-Rikard-Ben\u010di\u0107-Rijeka Civic Library\"},{\"@type\":\"BreadcrumbList\",\"@id\":\"https:\/\/www.rijeka.hr\/en\/city-government\/city-projects\/ongoing-projects-2\/culture\/rijeka-civic-library\/#breadcrumb\",\"itemListElement\":[{\"@type\":\"ListItem\",\"position\":1,\"name\":\"Po\u010detna stranica\",\"item\":\"https:\/\/www.rijeka.hr\/en\/\"},{\"@type\":\"ListItem\",\"position\":2,\"name\":\"City administration\",\"item\":\"https:\/\/www.rijeka.hr\/en\/city-government\/\"},{\"@type\":\"ListItem\",\"position\":3,\"name\":\"City projects\",\"item\":\"https:\/\/www.rijeka.hr\/en\/city-government\/city-projects\/\"},{\"@type\":\"ListItem\",\"position\":4,\"name\":\"Ongoing projects\",\"item\":\"https:\/\/www.rijeka.hr\/en\/city-government\/city-projects\/ongoing-projects-2\/\"},{\"@type\":\"ListItem\",\"position\":5,\"name\":\"Culture\",\"item\":\"https:\/\/www.rijeka.hr\/en\/city-government\/city-projects\/ongoing-projects-2\/culture\/\"},{\"@type\":\"ListItem\",\"position\":6,\"name\":\"Rijeka Civic Library\"}]},{\"@type\":\"WebSite\",\"@id\":\"https:\/\/www.rijeka.hr\/en\/#website\",\"url\":\"https:\/\/www.rijeka.hr\/en\/\",\"name\":\"City of Rijeka\",\"description\":\"City of Rijeka web Portal\",\"potentialAction\":[{\"@type\":\"SearchAction\",\"target\":{\"@type\":\"EntryPoint\",\"urlTemplate\":\"https:\/\/www.rijeka.hr\/en\/?s={search_term_string}\"},\"query-input\":{\"@type\":\"PropertyValueSpecification\",\"valueRequired\":true,\"valueName\":\"search_term_string\"}}],\"inLanguage\":\"en-US\"}]}<\/script>\n<!-- \/ Yoast SEO plugin. -->","yoast_head_json":{"title":"Rijeka Civic Library - City of Rijeka","robots":{"index":"index","follow":"follow","max-snippet":"max-snippet:-1","max-image-preview":"max-image-preview:large","max-video-preview":"max-video-preview:-1"},"canonical":"https:\/\/www.rijeka.hr\/en\/city-government\/city-projects\/ongoing-projects-2\/culture\/rijeka-civic-library\/","og_locale":"en_US","og_type":"article","og_title":"Rijeka Civic Library - City of Rijeka","og_description":"Project scope This project comprises the reconstruction and equipment of the T-building as the Civic Library, namely its transformation into an object of public culture and for educational scopes. The applicant and the project promoter is the City of Rijeka in partnership with the Rijeka Civic Library. &nbsp; Purpose of the building T-building has a...","og_url":"https:\/\/www.rijeka.hr\/en\/city-government\/city-projects\/ongoing-projects-2\/culture\/rijeka-civic-library\/","og_site_name":"City of Rijeka","article_modified_time":"2024-01-12T09:00:20+00:00","og_image":[{"width":1152,"height":768,"url":"https:\/\/www.rijeka.hr\/en\/wp-content\/uploads\/sites\/2\/2022\/10\/T-objekt-Rikard-Ben\u010di\u0107-Rijeka-Civic-Library.jpg","type":"image\/jpeg"}],"twitter_card":"summary_large_image","twitter_misc":{"Est. reading time":"1 minute"},"schema":{"@context":"https:\/\/schema.org","@graph":[{"@type":"WebPage","@id":"https:\/\/www.rijeka.hr\/en\/city-government\/city-projects\/ongoing-projects-2\/culture\/rijeka-civic-library\/","url":"https:\/\/www.rijeka.hr\/en\/city-government\/city-projects\/ongoing-projects-2\/culture\/rijeka-civic-library\/","name":"Rijeka Civic Library - City of Rijeka","isPartOf":{"@id":"https:\/\/www.rijeka.hr\/en\/#website"},"primaryImageOfPage":{"@id":"https:\/\/www.rijeka.hr\/en\/city-government\/city-projects\/ongoing-projects-2\/culture\/rijeka-civic-library\/#primaryimage"},"image":{"@id":"https:\/\/www.rijeka.hr\/en\/city-government\/city-projects\/ongoing-projects-2\/culture\/rijeka-civic-library\/#primaryimage"},"thumbnailUrl":"https:\/\/www.rijeka.hr\/en\/wp-content\/uploads\/sites\/2\/2022\/10\/T-objekt-Rikard-Ben\u010di\u0107-Rijeka-Civic-Library.jpg","datePublished":"2020-04-22T16:18:56+00:00","dateModified":"2024-01-12T09:00:20+00:00","breadcrumb":{"@id":"https:\/\/www.rijeka.hr\/en\/city-government\/city-projects\/ongoing-projects-2\/culture\/rijeka-civic-library\/#breadcrumb"},"inLanguage":"en-US","potentialAction":[{"@type":"ReadAction","target":["https:\/\/www.rijeka.hr\/en\/city-government\/city-projects\/ongoing-projects-2\/culture\/rijeka-civic-library\/"]}]},{"@type":"ImageObject","inLanguage":"en-US","@id":"https:\/\/www.rijeka.hr\/en\/city-government\/city-projects\/ongoing-projects-2\/culture\/rijeka-civic-library\/#primaryimage","url":"https:\/\/www.rijeka.hr\/en\/wp-content\/uploads\/sites\/2\/2022\/10\/T-objekt-Rikard-Ben\u010di\u0107-Rijeka-Civic-Library.jpg","contentUrl":"https:\/\/www.rijeka.hr\/en\/wp-content\/uploads\/sites\/2\/2022\/10\/T-objekt-Rikard-Ben\u010di\u0107-Rijeka-Civic-Library.jpg","width":1152,"height":768,"caption":"T-objekt-Rikard-Ben\u010di\u0107-Rijeka Civic Library"},{"@type":"BreadcrumbList","@id":"https:\/\/www.rijeka.hr\/en\/city-government\/city-projects\/ongoing-projects-2\/culture\/rijeka-civic-library\/#breadcrumb","itemListElement":[{"@type":"ListItem","position":1,"name":"Po\u010detna stranica","item":"https:\/\/www.rijeka.hr\/en\/"},{"@type":"ListItem","position":2,"name":"City administration","item":"https:\/\/www.rijeka.hr\/en\/city-government\/"},{"@type":"ListItem","position":3,"name":"City projects","item":"https:\/\/www.rijeka.hr\/en\/city-government\/city-projects\/"},{"@type":"ListItem","position":4,"name":"Ongoing projects","item":"https:\/\/www.rijeka.hr\/en\/city-government\/city-projects\/ongoing-projects-2\/"},{"@type":"ListItem","position":5,"name":"Culture","item":"https:\/\/www.rijeka.hr\/en\/city-government\/city-projects\/ongoing-projects-2\/culture\/"},{"@type":"ListItem","position":6,"name":"Rijeka Civic Library"}]},{"@type":"WebSite","@id":"https:\/\/www.rijeka.hr\/en\/#website","url":"https:\/\/www.rijeka.hr\/en\/","name":"City of Rijeka","description":"City of Rijeka web Portal","potentialAction":[{"@type":"SearchAction","target":{"@type":"EntryPoint","urlTemplate":"https:\/\/www.rijeka.hr\/en\/?s={search_term_string}"},"query-input":{"@type":"PropertyValueSpecification","valueRequired":true,"valueName":"search_term_string"}}],"inLanguage":"en-US"}]}},"_links":{"self":[{"href":"https:\/\/www.rijeka.hr\/en\/wp-json\/wp\/v2\/pages\/8946","targetHints":{"allow":["GET"]}}],"collection":[{"href":"https:\/\/www.rijeka.hr\/en\/wp-json\/wp\/v2\/pages"}],"about":[{"href":"https:\/\/www.rijeka.hr\/en\/wp-json\/wp\/v2\/types\/page"}],"author":[{"embeddable":true,"href":"https:\/\/www.rijeka.hr\/en\/wp-json\/wp\/v2\/users\/5"}],"replies":[{"embeddable":true,"href":"https:\/\/www.rijeka.hr\/en\/wp-json\/wp\/v2\/comments?post=8946"}],"version-history":[{"count":6,"href":"https:\/\/www.rijeka.hr\/en\/wp-json\/wp\/v2\/pages\/8946\/revisions"}],"predecessor-version":[{"id":8971,"href":"https:\/\/www.rijeka.hr\/en\/wp-json\/wp\/v2\/pages\/8946\/revisions\/8971"}],"up":[{"embeddable":true,"href":"https:\/\/www.rijeka.hr\/en\/wp-json\/wp\/v2\/pages\/11078"}],"wp:featuredmedia":[{"embeddable":true,"href":"https:\/\/www.rijeka.hr\/en\/wp-json\/wp\/v2\/media\/13212"}],"wp:attachment":[{"href":"https:\/\/www.rijeka.hr\/en\/wp-json\/wp\/v2\/media?parent=8946"}],"wp:term":[{"taxonomy":"post_tag","embeddable":true,"href":"https:\/\/www.rijeka.hr\/en\/wp-json\/wp\/v2\/tags?post=8946"}],"curies":[{"name":"wp","href":"https:\/\/api.w.org\/{rel}","templated":true}]}}