{"id":9058,"date":"2020-05-19T10:04:16","date_gmt":"2020-05-19T08:04:16","guid":{"rendered":"https:\/\/www.rijeka.hr\/en\/?page_id=9058"},"modified":"2022-11-07T12:34:06","modified_gmt":"2022-11-07T11:34:06","slug":"strengthening-public-transport-system","status":"publish","type":"page","link":"https:\/\/www.rijeka.hr\/en\/city-government\/eu-projects\/closed-projects\/strengthening-public-transport-system\/","title":{"rendered":"Strengthening the public transport system"},"content":{"rendered":"<p><img loading=\"lazy\" decoding=\"async\" width=\"1000\" height=\"377\" class=\"aligncenter wp-image-9062 size-full\" src=\"https:\/\/www.rijeka.hr\/en\/wp-content\/uploads\/sites\/2\/2020\/05\/Europski-fond-za-regionalni-razvoj-1000x377.jpg\" alt=\"\" srcset=\"https:\/\/www.rijeka.hr\/en\/wp-content\/uploads\/sites\/2\/2020\/05\/Europski-fond-za-regionalni-razvoj-1000x377.jpg 1000w, https:\/\/www.rijeka.hr\/en\/wp-content\/uploads\/sites\/2\/2020\/05\/Europski-fond-za-regionalni-razvoj-1000x377-600x226.jpg 600w, https:\/\/www.rijeka.hr\/en\/wp-content\/uploads\/sites\/2\/2020\/05\/Europski-fond-za-regionalni-razvoj-1000x377-768x290.jpg 768w\" sizes=\"(max-width: 1000px) 100vw, 1000px\" \/><\/p>\n<h3>Project description:<\/h3>\n<p>The project represents the modernisation of the existing vehicle fleet owing to the acquisition of 32 new buses. Within the project, information displays will be introduced that announce bus arrivals at bus stops, furthermore, smart traffic lights will be introduced at 6 intersections in the city, and a mobile and web application will be developed that announces bus arrivals at bus stops.<\/p>\n<p>The project is being implemented under the Operational Programme &#8220;Competitiveness and Cohesion 2014-2020&#8221;, within Priority Axis 7 &#8220;Connectivity and Mobility&#8221;, Investment Priority 7ii Development and Improvement of Environmentally Friendly Transport Systems (including those with low noise levels), and low-carbon transport systems, including inland waterways and maritime transport, ports, multimodal connections and airport infrastructure, in order to promote sustainable regional and local mobility.<\/p>\n<p>Specific Objective 7ii2 \u201cIncreasing the number of transported passengers in urban public transport\u201d is aimed at improving urban public transport, in particular through sustainable low-carbon capacities. The implementation of this goal will result in increasing the capacity and use of urban public transport, as well as, in promoting change in the transport form, i.e., strengthening the competitiveness of public transport over passenger cars.<\/p>\n<h3>Project goals:<\/h3>\n<p>Improving capacities by increasing travel speed and reducing operating costs, improving traffic reliability and safety, reducing emissions and air pollution, increasing the number of transported passengers in public transport in regard to passenger cars, adapting to EU standards, introducing modern passenger information systems and increasing the availability of information for passengers.<\/p>\n<h3>Expected project results:<\/h3>\n<p>Acquiring and putting into service a new passenger vehicle fleet, introducing information displays that announce bus arrivals at bus stops, introducing smart traffic lights at 6 intersections in the territory of the city of Rijeka and developing a mobile and web application that announces bus arrivals at bus stops.<\/p>\n<h3>Total project value: 81,003,357.91 HRK<\/h3>\n<h3>EU grant: 65,602,795.91 HRK<\/h3>\n<h3>Project implementation period: 19 Nov. 2019 \u2013 19 Nov. 2021<\/h3>\n<h3>Contact person:<\/h3>\n<p><strong>Snje\u017eana Ba\u017edari\u0107<\/strong><br \/>\nE-mail:<a href=\"&#x6d;&#x61;&#x69;&#x6c;&#x74;&#x6f;&#x3a;&#x73;&#x6e;&#x6a;&#x65;&#x7a;&#x61;&#x6e;&#x61;&#x2e;&#x62;&#x61;&#x7a;&#x64;&#x61;&#x72;&#x69;&#x63;&#x40;&#x72;&#x69;&#x6a;&#x65;&#x6b;&#x61;&#x2e;&#x68;&#x72;\"> &#x73;n&#x6a;&#101;&#x7a;&#97;n&#x61;&#46;&#x62;&#97;z&#x64;&#97;&#x72;&#105;c&#x40;r&#x69;&#106;&#x65;&#x6b;a&#x2e;&#104;&#x72;<\/a><br \/>\nTel: <a href=\"tel:\/\/+385 51 209 927\">051 209 927<\/a><\/p>\n","protected":false},"excerpt":{"rendered":"<p>Project description: The project represents the modernisation of the existing vehicle fleet owing to the acquisition of 32 new buses. Within the project, information displays will be introduced that announce bus arrivals at bus stops, furthermore, smart traffic lights will be introduced at 6 intersections in the city, and a mobile and web application will&#8230;<\/p>\n","protected":false},"author":5,"featured_media":10087,"parent":1318,"menu_order":0,"comment_status":"closed","ping_status":"closed","template":"","meta":{"_acf_changed":false,"_trash_the_other_posts":false,"footnotes":"","_links_to":"","_links_to_target":""},"tags":[],"class_list":["post-9058","page","type-page","status-publish","has-post-thumbnail","hentry"],"acf":[],"yoast_head":"<!-- This site is optimized with the Yoast SEO plugin v24.4 - https:\/\/yoast.com\/wordpress\/plugins\/seo\/ -->\n<title>Strengthening the public transport system - City of Rijeka<\/title>\n<meta name=\"robots\" content=\"index, follow, max-snippet:-1, max-image-preview:large, max-video-preview:-1\" \/>\n<link rel=\"canonical\" href=\"https:\/\/www.rijeka.hr\/en\/city-government\/eu-projects\/closed-projects\/strengthening-public-transport-system\/\" \/>\n<meta property=\"og:locale\" content=\"en_US\" \/>\n<meta property=\"og:type\" content=\"article\" \/>\n<meta property=\"og:title\" content=\"Strengthening the public transport system - City of Rijeka\" \/>\n<meta property=\"og:description\" content=\"Project description: The project represents the modernisation of the existing vehicle fleet owing to the acquisition of 32 new buses. Within the project, information displays will be introduced that announce bus arrivals at bus stops, furthermore, smart traffic lights will be introduced at 6 intersections in the city, and a mobile and web application will...\" \/>\n<meta property=\"og:url\" content=\"https:\/\/www.rijeka.hr\/en\/city-government\/eu-projects\/closed-projects\/strengthening-public-transport-system\/\" \/>\n<meta property=\"og:site_name\" content=\"City of Rijeka\" \/>\n<meta property=\"article:modified_time\" content=\"2022-11-07T11:34:06+00:00\" \/>\n<meta property=\"og:image\" content=\"https:\/\/www.rijeka.hr\/en\/wp-content\/uploads\/sites\/2\/2020\/11\/New-buses.jpeg\" \/>\n\t<meta property=\"og:image:width\" content=\"400\" \/>\n\t<meta property=\"og:image:height\" content=\"267\" \/>\n\t<meta property=\"og:image:type\" content=\"image\/jpeg\" \/>\n<meta name=\"twitter:card\" content=\"summary_large_image\" \/>\n<meta name=\"twitter:label1\" content=\"Est. reading time\" \/>\n\t<meta name=\"twitter:data1\" content=\"2 minutes\" \/>\n<script type=\"application\/ld+json\" class=\"yoast-schema-graph\">{\"@context\":\"https:\/\/schema.org\",\"@graph\":[{\"@type\":\"WebPage\",\"@id\":\"https:\/\/www.rijeka.hr\/en\/city-government\/eu-projects\/closed-projects\/strengthening-public-transport-system\/\",\"url\":\"https:\/\/www.rijeka.hr\/en\/city-government\/eu-projects\/closed-projects\/strengthening-public-transport-system\/\",\"name\":\"Strengthening the public transport system - City of Rijeka\",\"isPartOf\":{\"@id\":\"https:\/\/www.rijeka.hr\/en\/#website\"},\"primaryImageOfPage\":{\"@id\":\"https:\/\/www.rijeka.hr\/en\/city-government\/eu-projects\/closed-projects\/strengthening-public-transport-system\/#primaryimage\"},\"image\":{\"@id\":\"https:\/\/www.rijeka.hr\/en\/city-government\/eu-projects\/closed-projects\/strengthening-public-transport-system\/#primaryimage\"},\"thumbnailUrl\":\"https:\/\/www.rijeka.hr\/en\/wp-content\/uploads\/sites\/2\/2020\/11\/New-buses.jpeg\",\"datePublished\":\"2020-05-19T08:04:16+00:00\",\"dateModified\":\"2022-11-07T11:34:06+00:00\",\"breadcrumb\":{\"@id\":\"https:\/\/www.rijeka.hr\/en\/city-government\/eu-projects\/closed-projects\/strengthening-public-transport-system\/#breadcrumb\"},\"inLanguage\":\"en-US\",\"potentialAction\":[{\"@type\":\"ReadAction\",\"target\":[\"https:\/\/www.rijeka.hr\/en\/city-government\/eu-projects\/closed-projects\/strengthening-public-transport-system\/\"]}]},{\"@type\":\"ImageObject\",\"inLanguage\":\"en-US\",\"@id\":\"https:\/\/www.rijeka.hr\/en\/city-government\/eu-projects\/closed-projects\/strengthening-public-transport-system\/#primaryimage\",\"url\":\"https:\/\/www.rijeka.hr\/en\/wp-content\/uploads\/sites\/2\/2020\/11\/New-buses.jpeg\",\"contentUrl\":\"https:\/\/www.rijeka.hr\/en\/wp-content\/uploads\/sites\/2\/2020\/11\/New-buses.jpeg\",\"width\":400,\"height\":267,\"caption\":\"New buses\"},{\"@type\":\"BreadcrumbList\",\"@id\":\"https:\/\/www.rijeka.hr\/en\/city-government\/eu-projects\/closed-projects\/strengthening-public-transport-system\/#breadcrumb\",\"itemListElement\":[{\"@type\":\"ListItem\",\"position\":1,\"name\":\"Po\u010detna stranica\",\"item\":\"https:\/\/www.rijeka.hr\/en\/\"},{\"@type\":\"ListItem\",\"position\":2,\"name\":\"City administration\",\"item\":\"https:\/\/www.rijeka.hr\/en\/city-government\/\"},{\"@type\":\"ListItem\",\"position\":3,\"name\":\"EU projects\",\"item\":\"https:\/\/www.rijeka.hr\/en\/city-government\/eu-projects\/\"},{\"@type\":\"ListItem\",\"position\":4,\"name\":\"Closed projects\",\"item\":\"https:\/\/www.rijeka.hr\/en\/city-government\/eu-projects\/closed-projects\/\"},{\"@type\":\"ListItem\",\"position\":5,\"name\":\"Strengthening the public transport system\"}]},{\"@type\":\"WebSite\",\"@id\":\"https:\/\/www.rijeka.hr\/en\/#website\",\"url\":\"https:\/\/www.rijeka.hr\/en\/\",\"name\":\"City of Rijeka\",\"description\":\"City of Rijeka web Portal\",\"potentialAction\":[{\"@type\":\"SearchAction\",\"target\":{\"@type\":\"EntryPoint\",\"urlTemplate\":\"https:\/\/www.rijeka.hr\/en\/?s={search_term_string}\"},\"query-input\":{\"@type\":\"PropertyValueSpecification\",\"valueRequired\":true,\"valueName\":\"search_term_string\"}}],\"inLanguage\":\"en-US\"}]}<\/script>\n<!-- \/ Yoast SEO plugin. -->","yoast_head_json":{"title":"Strengthening the public transport system - City of Rijeka","robots":{"index":"index","follow":"follow","max-snippet":"max-snippet:-1","max-image-preview":"max-image-preview:large","max-video-preview":"max-video-preview:-1"},"canonical":"https:\/\/www.rijeka.hr\/en\/city-government\/eu-projects\/closed-projects\/strengthening-public-transport-system\/","og_locale":"en_US","og_type":"article","og_title":"Strengthening the public transport system - City of Rijeka","og_description":"Project description: The project represents the modernisation of the existing vehicle fleet owing to the acquisition of 32 new buses. Within the project, information displays will be introduced that announce bus arrivals at bus stops, furthermore, smart traffic lights will be introduced at 6 intersections in the city, and a mobile and web application will...","og_url":"https:\/\/www.rijeka.hr\/en\/city-government\/eu-projects\/closed-projects\/strengthening-public-transport-system\/","og_site_name":"City of Rijeka","article_modified_time":"2022-11-07T11:34:06+00:00","og_image":[{"width":400,"height":267,"url":"https:\/\/www.rijeka.hr\/en\/wp-content\/uploads\/sites\/2\/2020\/11\/New-buses.jpeg","type":"image\/jpeg"}],"twitter_card":"summary_large_image","twitter_misc":{"Est. reading time":"2 minutes"},"schema":{"@context":"https:\/\/schema.org","@graph":[{"@type":"WebPage","@id":"https:\/\/www.rijeka.hr\/en\/city-government\/eu-projects\/closed-projects\/strengthening-public-transport-system\/","url":"https:\/\/www.rijeka.hr\/en\/city-government\/eu-projects\/closed-projects\/strengthening-public-transport-system\/","name":"Strengthening the public transport system - City of Rijeka","isPartOf":{"@id":"https:\/\/www.rijeka.hr\/en\/#website"},"primaryImageOfPage":{"@id":"https:\/\/www.rijeka.hr\/en\/city-government\/eu-projects\/closed-projects\/strengthening-public-transport-system\/#primaryimage"},"image":{"@id":"https:\/\/www.rijeka.hr\/en\/city-government\/eu-projects\/closed-projects\/strengthening-public-transport-system\/#primaryimage"},"thumbnailUrl":"https:\/\/www.rijeka.hr\/en\/wp-content\/uploads\/sites\/2\/2020\/11\/New-buses.jpeg","datePublished":"2020-05-19T08:04:16+00:00","dateModified":"2022-11-07T11:34:06+00:00","breadcrumb":{"@id":"https:\/\/www.rijeka.hr\/en\/city-government\/eu-projects\/closed-projects\/strengthening-public-transport-system\/#breadcrumb"},"inLanguage":"en-US","potentialAction":[{"@type":"ReadAction","target":["https:\/\/www.rijeka.hr\/en\/city-government\/eu-projects\/closed-projects\/strengthening-public-transport-system\/"]}]},{"@type":"ImageObject","inLanguage":"en-US","@id":"https:\/\/www.rijeka.hr\/en\/city-government\/eu-projects\/closed-projects\/strengthening-public-transport-system\/#primaryimage","url":"https:\/\/www.rijeka.hr\/en\/wp-content\/uploads\/sites\/2\/2020\/11\/New-buses.jpeg","contentUrl":"https:\/\/www.rijeka.hr\/en\/wp-content\/uploads\/sites\/2\/2020\/11\/New-buses.jpeg","width":400,"height":267,"caption":"New buses"},{"@type":"BreadcrumbList","@id":"https:\/\/www.rijeka.hr\/en\/city-government\/eu-projects\/closed-projects\/strengthening-public-transport-system\/#breadcrumb","itemListElement":[{"@type":"ListItem","position":1,"name":"Po\u010detna stranica","item":"https:\/\/www.rijeka.hr\/en\/"},{"@type":"ListItem","position":2,"name":"City administration","item":"https:\/\/www.rijeka.hr\/en\/city-government\/"},{"@type":"ListItem","position":3,"name":"EU projects","item":"https:\/\/www.rijeka.hr\/en\/city-government\/eu-projects\/"},{"@type":"ListItem","position":4,"name":"Closed projects","item":"https:\/\/www.rijeka.hr\/en\/city-government\/eu-projects\/closed-projects\/"},{"@type":"ListItem","position":5,"name":"Strengthening the public transport system"}]},{"@type":"WebSite","@id":"https:\/\/www.rijeka.hr\/en\/#website","url":"https:\/\/www.rijeka.hr\/en\/","name":"City of Rijeka","description":"City of Rijeka web Portal","potentialAction":[{"@type":"SearchAction","target":{"@type":"EntryPoint","urlTemplate":"https:\/\/www.rijeka.hr\/en\/?s={search_term_string}"},"query-input":{"@type":"PropertyValueSpecification","valueRequired":true,"valueName":"search_term_string"}}],"inLanguage":"en-US"}]}},"_links":{"self":[{"href":"https:\/\/www.rijeka.hr\/en\/wp-json\/wp\/v2\/pages\/9058","targetHints":{"allow":["GET"]}}],"collection":[{"href":"https:\/\/www.rijeka.hr\/en\/wp-json\/wp\/v2\/pages"}],"about":[{"href":"https:\/\/www.rijeka.hr\/en\/wp-json\/wp\/v2\/types\/page"}],"author":[{"embeddable":true,"href":"https:\/\/www.rijeka.hr\/en\/wp-json\/wp\/v2\/users\/5"}],"replies":[{"embeddable":true,"href":"https:\/\/www.rijeka.hr\/en\/wp-json\/wp\/v2\/comments?post=9058"}],"version-history":[{"count":4,"href":"https:\/\/www.rijeka.hr\/en\/wp-json\/wp\/v2\/pages\/9058\/revisions"}],"predecessor-version":[{"id":9427,"href":"https:\/\/www.rijeka.hr\/en\/wp-json\/wp\/v2\/pages\/9058\/revisions\/9427"}],"up":[{"embeddable":true,"href":"https:\/\/www.rijeka.hr\/en\/wp-json\/wp\/v2\/pages\/1318"}],"wp:featuredmedia":[{"embeddable":true,"href":"https:\/\/www.rijeka.hr\/en\/wp-json\/wp\/v2\/media\/10087"}],"wp:attachment":[{"href":"https:\/\/www.rijeka.hr\/en\/wp-json\/wp\/v2\/media?parent=9058"}],"wp:term":[{"taxonomy":"post_tag","embeddable":true,"href":"https:\/\/www.rijeka.hr\/en\/wp-json\/wp\/v2\/tags?post=9058"}],"curies":[{"name":"wp","href":"https:\/\/api.w.org\/{rel}","templated":true}]}}