{"id":9634,"date":"2020-08-18T12:25:15","date_gmt":"2020-08-18T10:25:15","guid":{"rendered":"https:\/\/www.rijeka.hr\/en\/?page_id=9634"},"modified":"2021-02-18T09:55:33","modified_gmt":"2021-02-18T08:55:33","slug":"household-waste-recycling-centre-address-joza-vlahovic-rijeka","status":"publish","type":"page","link":"https:\/\/www.rijeka.hr\/en\/city-government\/eu-projects\/closed-projects\/household-waste-recycling-centre-address-joza-vlahovic-rijeka\/","title":{"rendered":"The household waste recycling centre at the address Jo\u017ea Vlahovi\u0107 in Rijeka"},"content":{"rendered":"<p><img loading=\"lazy\" decoding=\"async\" width=\"1000\" height=\"377\" class=\"aligncenter wp-image-9571 size-full\" src=\"https:\/\/www.rijeka.hr\/en\/wp-content\/uploads\/sites\/2\/2020\/08\/Europski-fond-za-regionalni-razvoj-1000x377.jpg\" alt=\"\" srcset=\"https:\/\/www.rijeka.hr\/en\/wp-content\/uploads\/sites\/2\/2020\/08\/Europski-fond-za-regionalni-razvoj-1000x377.jpg 1000w, https:\/\/www.rijeka.hr\/en\/wp-content\/uploads\/sites\/2\/2020\/08\/Europski-fond-za-regionalni-razvoj-1000x377-600x226.jpg 600w, https:\/\/www.rijeka.hr\/en\/wp-content\/uploads\/sites\/2\/2020\/08\/Europski-fond-za-regionalni-razvoj-1000x377-768x290.jpg 768w\" sizes=\"(max-width: 1000px) 100vw, 1000px\" \/><\/p>\n<h3>Project title:<\/h3>\n<p>The household waste recycling centre at the address Jo\u017ea Vlahovi\u0107 in Rijeka<\/p>\n<p>The project titled &#8220;The household waste recycling centre at the address Jo\u017ea Vlahovi\u0107 in Rijeka&#8221; will help increase the rate of separately collected municipal waste and reduce the amount of waste that is disposed of in a landfill.<\/p>\n<h3>Project Goal:<\/h3>\n<p>A functional waste recycling centre within the municipal waste management system is one of the important components aimed at ensuring separate collection, first of all of problematic (hazardous) waste and waste paper, metal, glass, plastic, textiles and bulky municipal waste. The recycling centre can also receive special categories of waste, such as accumulators and batteries, and packaging waste.<\/p>\n<p>The main purpose of opening a future recycling centre at the address Jo\u017ea Vlahovi\u0107 in Rijeka is as follows:<\/p>\n<ul>\n<li>encourage and increase the separation and collection of problematic household waste and its proper recovery or disposal, instead of a frequent practice of disposing such waste among mixed municipal waste or, to a lesser extent, in the environment;<\/li>\n<li>encourage and increase the separation and collection of electrical and electronic waste (common and the one containing hazardous substances), except for waste for which there are suitable services of its free removal from households (various devices of larger dimensions and weight); thus avoiding disposing of this waste in mixed municipal waste or leaving it next to the container for collecting mixed municipal waste, causing additional costs for its disposal at the expense of all citizens;<\/li>\n<li>encourage and increase the collection of bulky waste of smaller size and weight (including part of waste generated during minor construction interventions in households) instead of ending up among mixed municipal waste or disposing it next to containers for collecting mixed municipal waste causing additional costs for its disposal at the expense of all citizens;<\/li>\n<li>encourage and increase the collection of special waste categories, such as packaging that is not included in deposit-schemes (larger dimensions or heavier, unsuitable for collection in containers in a public area or at the doorstep), and plastic that is not packaging waste.<\/li>\n<\/ul>\n<p>&nbsp;<\/p>\n<h3>Duration: 13 December 2018 \u2013 30 November 2019<\/h3>\n<h3>Competent authority: Ministry of Environmental Protection and Energy, contract number: KK.06.3.1.03.0122<\/h3>\n<h3>Key activities:<\/h3>\n<p>The project includes all activities related to the construction and equipment of the future waste recycling centre at the address Jo\u017ea Vlahovi\u0107 in Rijeka, including the services of professional supervision of construction works, design supervision and the services provided by a coordinator for safety at work in the construction phase.<\/p>\n<p>Also, the implementation of information and educational activities and activities of promotion and visibility form an integral part of the Project, aimed at informing the public about the use of the recycling yard and its role in the overall waste management system and proper waste separation.<\/p>\n<p>It is expected that better information for citizens about separate municipal waste collection and informing households in a certain area about the location of the recycling centre and the possibility of disposing waste free of charge, will achieve the goal and that citizens will not dispose problematic waste, small amounts of bulky waste and other useful components in containers for mixed municipal waste or that they will not dispose of it improperly in the environment.<\/p>\n<p>By realising this Project positive changes will be brought into the waste management system, both during the implementation period and after the termination of the Project implementation in the long run.<\/p>\n<h3>Budget:<\/h3>\n<ul>\n<li>Total project budget: HRK 1,105,510.61<\/li>\n<li>EU funding: HRK 781,180.00 (85% of eligible project costs)<\/li>\n<\/ul>\n<h3>Financed under:<\/h3>\n<p>European Structural and Investment Funds &#8211; Cohesion Fund &#8211; Operational Program &#8220;Competitiveness and Cohesion 2014-2020&#8221;<\/p>\n","protected":false},"excerpt":{"rendered":"<p>Project title: The household waste recycling centre at the address Jo\u017ea Vlahovi\u0107 in Rijeka The project titled &#8220;The household waste recycling centre at the address Jo\u017ea Vlahovi\u0107 in Rijeka&#8221; will help increase the rate of separately collected municipal waste and reduce the amount of waste that is disposed of in a landfill. Project Goal: A&#8230;<\/p>\n","protected":false},"author":5,"featured_media":0,"parent":1318,"menu_order":0,"comment_status":"closed","ping_status":"closed","template":"","meta":{"_acf_changed":false,"_trash_the_other_posts":false,"footnotes":"","_links_to":"","_links_to_target":""},"tags":[],"class_list":["post-9634","page","type-page","status-publish","hentry"],"acf":[],"yoast_head":"<!-- This site is optimized with the Yoast SEO plugin v24.4 - https:\/\/yoast.com\/wordpress\/plugins\/seo\/ -->\n<title>The household waste recycling centre at the address Jo\u017ea Vlahovi\u0107 in Rijeka - City of Rijeka<\/title>\n<meta name=\"robots\" content=\"index, follow, max-snippet:-1, max-image-preview:large, max-video-preview:-1\" \/>\n<link rel=\"canonical\" href=\"https:\/\/www.rijeka.hr\/en\/city-government\/eu-projects\/closed-projects\/household-waste-recycling-centre-address-joza-vlahovic-rijeka\/\" \/>\n<meta property=\"og:locale\" content=\"en_US\" \/>\n<meta property=\"og:type\" content=\"article\" \/>\n<meta property=\"og:title\" content=\"The household waste recycling centre at the address Jo\u017ea Vlahovi\u0107 in Rijeka - City of Rijeka\" \/>\n<meta property=\"og:description\" content=\"Project title: The household waste recycling centre at the address Jo\u017ea Vlahovi\u0107 in Rijeka The project titled &#8220;The household waste recycling centre at the address Jo\u017ea Vlahovi\u0107 in Rijeka&#8221; will help increase the rate of separately collected municipal waste and reduce the amount of waste that is disposed of in a landfill. Project Goal: A...\" \/>\n<meta property=\"og:url\" content=\"https:\/\/www.rijeka.hr\/en\/city-government\/eu-projects\/closed-projects\/household-waste-recycling-centre-address-joza-vlahovic-rijeka\/\" \/>\n<meta property=\"og:site_name\" content=\"City of Rijeka\" \/>\n<meta property=\"article:modified_time\" content=\"2021-02-18T08:55:33+00:00\" \/>\n<meta property=\"og:image\" content=\"https:\/\/www.rijeka.hr\/en\/wp-content\/uploads\/sites\/2\/2020\/08\/Europski-fond-za-regionalni-razvoj-1000x377.jpg\" \/>\n<meta name=\"twitter:card\" content=\"summary_large_image\" \/>\n<meta name=\"twitter:label1\" content=\"Est. reading time\" \/>\n\t<meta name=\"twitter:data1\" content=\"3 minutes\" \/>\n<script type=\"application\/ld+json\" class=\"yoast-schema-graph\">{\"@context\":\"https:\/\/schema.org\",\"@graph\":[{\"@type\":\"WebPage\",\"@id\":\"https:\/\/www.rijeka.hr\/en\/city-government\/eu-projects\/closed-projects\/household-waste-recycling-centre-address-joza-vlahovic-rijeka\/\",\"url\":\"https:\/\/www.rijeka.hr\/en\/city-government\/eu-projects\/closed-projects\/household-waste-recycling-centre-address-joza-vlahovic-rijeka\/\",\"name\":\"The household waste recycling centre at the address Jo\u017ea Vlahovi\u0107 in Rijeka - City of Rijeka\",\"isPartOf\":{\"@id\":\"https:\/\/www.rijeka.hr\/en\/#website\"},\"primaryImageOfPage\":{\"@id\":\"https:\/\/www.rijeka.hr\/en\/city-government\/eu-projects\/closed-projects\/household-waste-recycling-centre-address-joza-vlahovic-rijeka\/#primaryimage\"},\"image\":{\"@id\":\"https:\/\/www.rijeka.hr\/en\/city-government\/eu-projects\/closed-projects\/household-waste-recycling-centre-address-joza-vlahovic-rijeka\/#primaryimage\"},\"thumbnailUrl\":\"https:\/\/www.rijeka.hr\/en\/wp-content\/uploads\/sites\/2\/2020\/08\/Europski-fond-za-regionalni-razvoj-1000x377.jpg\",\"datePublished\":\"2020-08-18T10:25:15+00:00\",\"dateModified\":\"2021-02-18T08:55:33+00:00\",\"breadcrumb\":{\"@id\":\"https:\/\/www.rijeka.hr\/en\/city-government\/eu-projects\/closed-projects\/household-waste-recycling-centre-address-joza-vlahovic-rijeka\/#breadcrumb\"},\"inLanguage\":\"en-US\",\"potentialAction\":[{\"@type\":\"ReadAction\",\"target\":[\"https:\/\/www.rijeka.hr\/en\/city-government\/eu-projects\/closed-projects\/household-waste-recycling-centre-address-joza-vlahovic-rijeka\/\"]}]},{\"@type\":\"ImageObject\",\"inLanguage\":\"en-US\",\"@id\":\"https:\/\/www.rijeka.hr\/en\/city-government\/eu-projects\/closed-projects\/household-waste-recycling-centre-address-joza-vlahovic-rijeka\/#primaryimage\",\"url\":\"https:\/\/www.rijeka.hr\/en\/wp-content\/uploads\/sites\/2\/2020\/08\/Europski-fond-za-regionalni-razvoj-1000x377.jpg\",\"contentUrl\":\"https:\/\/www.rijeka.hr\/en\/wp-content\/uploads\/sites\/2\/2020\/08\/Europski-fond-za-regionalni-razvoj-1000x377.jpg\"},{\"@type\":\"BreadcrumbList\",\"@id\":\"https:\/\/www.rijeka.hr\/en\/city-government\/eu-projects\/closed-projects\/household-waste-recycling-centre-address-joza-vlahovic-rijeka\/#breadcrumb\",\"itemListElement\":[{\"@type\":\"ListItem\",\"position\":1,\"name\":\"Po\u010detna stranica\",\"item\":\"https:\/\/www.rijeka.hr\/en\/\"},{\"@type\":\"ListItem\",\"position\":2,\"name\":\"City administration\",\"item\":\"https:\/\/www.rijeka.hr\/en\/city-government\/\"},{\"@type\":\"ListItem\",\"position\":3,\"name\":\"EU projects\",\"item\":\"https:\/\/www.rijeka.hr\/en\/city-government\/eu-projects\/\"},{\"@type\":\"ListItem\",\"position\":4,\"name\":\"Closed projects\",\"item\":\"https:\/\/www.rijeka.hr\/en\/city-government\/eu-projects\/closed-projects\/\"},{\"@type\":\"ListItem\",\"position\":5,\"name\":\"The household waste recycling centre at the address Jo\u017ea Vlahovi\u0107 in Rijeka\"}]},{\"@type\":\"WebSite\",\"@id\":\"https:\/\/www.rijeka.hr\/en\/#website\",\"url\":\"https:\/\/www.rijeka.hr\/en\/\",\"name\":\"City of Rijeka\",\"description\":\"City of Rijeka web Portal\",\"potentialAction\":[{\"@type\":\"SearchAction\",\"target\":{\"@type\":\"EntryPoint\",\"urlTemplate\":\"https:\/\/www.rijeka.hr\/en\/?s={search_term_string}\"},\"query-input\":{\"@type\":\"PropertyValueSpecification\",\"valueRequired\":true,\"valueName\":\"search_term_string\"}}],\"inLanguage\":\"en-US\"}]}<\/script>\n<!-- \/ Yoast SEO plugin. -->","yoast_head_json":{"title":"The household waste recycling centre at the address Jo\u017ea Vlahovi\u0107 in Rijeka - City of Rijeka","robots":{"index":"index","follow":"follow","max-snippet":"max-snippet:-1","max-image-preview":"max-image-preview:large","max-video-preview":"max-video-preview:-1"},"canonical":"https:\/\/www.rijeka.hr\/en\/city-government\/eu-projects\/closed-projects\/household-waste-recycling-centre-address-joza-vlahovic-rijeka\/","og_locale":"en_US","og_type":"article","og_title":"The household waste recycling centre at the address Jo\u017ea Vlahovi\u0107 in Rijeka - City of Rijeka","og_description":"Project title: The household waste recycling centre at the address Jo\u017ea Vlahovi\u0107 in Rijeka The project titled &#8220;The household waste recycling centre at the address Jo\u017ea Vlahovi\u0107 in Rijeka&#8221; will help increase the rate of separately collected municipal waste and reduce the amount of waste that is disposed of in a landfill. Project Goal: A...","og_url":"https:\/\/www.rijeka.hr\/en\/city-government\/eu-projects\/closed-projects\/household-waste-recycling-centre-address-joza-vlahovic-rijeka\/","og_site_name":"City of Rijeka","article_modified_time":"2021-02-18T08:55:33+00:00","og_image":[{"url":"https:\/\/www.rijeka.hr\/en\/wp-content\/uploads\/sites\/2\/2020\/08\/Europski-fond-za-regionalni-razvoj-1000x377.jpg","type":"","width":"","height":""}],"twitter_card":"summary_large_image","twitter_misc":{"Est. reading time":"3 minutes"},"schema":{"@context":"https:\/\/schema.org","@graph":[{"@type":"WebPage","@id":"https:\/\/www.rijeka.hr\/en\/city-government\/eu-projects\/closed-projects\/household-waste-recycling-centre-address-joza-vlahovic-rijeka\/","url":"https:\/\/www.rijeka.hr\/en\/city-government\/eu-projects\/closed-projects\/household-waste-recycling-centre-address-joza-vlahovic-rijeka\/","name":"The household waste recycling centre at the address Jo\u017ea Vlahovi\u0107 in Rijeka - City of Rijeka","isPartOf":{"@id":"https:\/\/www.rijeka.hr\/en\/#website"},"primaryImageOfPage":{"@id":"https:\/\/www.rijeka.hr\/en\/city-government\/eu-projects\/closed-projects\/household-waste-recycling-centre-address-joza-vlahovic-rijeka\/#primaryimage"},"image":{"@id":"https:\/\/www.rijeka.hr\/en\/city-government\/eu-projects\/closed-projects\/household-waste-recycling-centre-address-joza-vlahovic-rijeka\/#primaryimage"},"thumbnailUrl":"https:\/\/www.rijeka.hr\/en\/wp-content\/uploads\/sites\/2\/2020\/08\/Europski-fond-za-regionalni-razvoj-1000x377.jpg","datePublished":"2020-08-18T10:25:15+00:00","dateModified":"2021-02-18T08:55:33+00:00","breadcrumb":{"@id":"https:\/\/www.rijeka.hr\/en\/city-government\/eu-projects\/closed-projects\/household-waste-recycling-centre-address-joza-vlahovic-rijeka\/#breadcrumb"},"inLanguage":"en-US","potentialAction":[{"@type":"ReadAction","target":["https:\/\/www.rijeka.hr\/en\/city-government\/eu-projects\/closed-projects\/household-waste-recycling-centre-address-joza-vlahovic-rijeka\/"]}]},{"@type":"ImageObject","inLanguage":"en-US","@id":"https:\/\/www.rijeka.hr\/en\/city-government\/eu-projects\/closed-projects\/household-waste-recycling-centre-address-joza-vlahovic-rijeka\/#primaryimage","url":"https:\/\/www.rijeka.hr\/en\/wp-content\/uploads\/sites\/2\/2020\/08\/Europski-fond-za-regionalni-razvoj-1000x377.jpg","contentUrl":"https:\/\/www.rijeka.hr\/en\/wp-content\/uploads\/sites\/2\/2020\/08\/Europski-fond-za-regionalni-razvoj-1000x377.jpg"},{"@type":"BreadcrumbList","@id":"https:\/\/www.rijeka.hr\/en\/city-government\/eu-projects\/closed-projects\/household-waste-recycling-centre-address-joza-vlahovic-rijeka\/#breadcrumb","itemListElement":[{"@type":"ListItem","position":1,"name":"Po\u010detna stranica","item":"https:\/\/www.rijeka.hr\/en\/"},{"@type":"ListItem","position":2,"name":"City administration","item":"https:\/\/www.rijeka.hr\/en\/city-government\/"},{"@type":"ListItem","position":3,"name":"EU projects","item":"https:\/\/www.rijeka.hr\/en\/city-government\/eu-projects\/"},{"@type":"ListItem","position":4,"name":"Closed projects","item":"https:\/\/www.rijeka.hr\/en\/city-government\/eu-projects\/closed-projects\/"},{"@type":"ListItem","position":5,"name":"The household waste recycling centre at the address Jo\u017ea Vlahovi\u0107 in Rijeka"}]},{"@type":"WebSite","@id":"https:\/\/www.rijeka.hr\/en\/#website","url":"https:\/\/www.rijeka.hr\/en\/","name":"City of Rijeka","description":"City of Rijeka web Portal","potentialAction":[{"@type":"SearchAction","target":{"@type":"EntryPoint","urlTemplate":"https:\/\/www.rijeka.hr\/en\/?s={search_term_string}"},"query-input":{"@type":"PropertyValueSpecification","valueRequired":true,"valueName":"search_term_string"}}],"inLanguage":"en-US"}]}},"_links":{"self":[{"href":"https:\/\/www.rijeka.hr\/en\/wp-json\/wp\/v2\/pages\/9634","targetHints":{"allow":["GET"]}}],"collection":[{"href":"https:\/\/www.rijeka.hr\/en\/wp-json\/wp\/v2\/pages"}],"about":[{"href":"https:\/\/www.rijeka.hr\/en\/wp-json\/wp\/v2\/types\/page"}],"author":[{"embeddable":true,"href":"https:\/\/www.rijeka.hr\/en\/wp-json\/wp\/v2\/users\/5"}],"replies":[{"embeddable":true,"href":"https:\/\/www.rijeka.hr\/en\/wp-json\/wp\/v2\/comments?post=9634"}],"version-history":[{"count":3,"href":"https:\/\/www.rijeka.hr\/en\/wp-json\/wp\/v2\/pages\/9634\/revisions"}],"predecessor-version":[{"id":9636,"href":"https:\/\/www.rijeka.hr\/en\/wp-json\/wp\/v2\/pages\/9634\/revisions\/9636"}],"up":[{"embeddable":true,"href":"https:\/\/www.rijeka.hr\/en\/wp-json\/wp\/v2\/pages\/1318"}],"wp:attachment":[{"href":"https:\/\/www.rijeka.hr\/en\/wp-json\/wp\/v2\/media?parent=9634"}],"wp:term":[{"taxonomy":"post_tag","embeddable":true,"href":"https:\/\/www.rijeka.hr\/en\/wp-json\/wp\/v2\/tags?post=9634"}],"curies":[{"name":"wp","href":"https:\/\/api.w.org\/{rel}","templated":true}]}}