{"id":10169,"date":"2020-04-24T16:21:36","date_gmt":"2020-04-24T14:21:36","guid":{"rendered":"https:\/\/www.rijeka.hr\/it\/?page_id=10169"},"modified":"2023-05-02T12:22:17","modified_gmt":"2023-05-02T10:22:17","slug":"casa-dellinfanzia","status":"publish","type":"page","link":"https:\/\/www.rijeka.hr\/it\/amministrazione-cittadina\/progetti-cittadini\/progetti-realizzati\/cultura\/casa-dellinfanzia\/","title":{"rendered":"Casa dell\u2019infanzia"},"content":{"rendered":"<p><img loading=\"lazy\" decoding=\"async\" width=\"1920\" height=\"1280\" class=\"aligncenter wp-image-12912 size-full\" src=\"https:\/\/www.rijeka.hr\/it\/wp-content\/uploads\/sites\/3\/2021\/04\/Dje\u010dja-ku\u0107a-uo\u010di-otvorenja-2.jpg\" alt=\"\" srcset=\"https:\/\/www.rijeka.hr\/it\/wp-content\/uploads\/sites\/3\/2021\/04\/Dje\u010dja-ku\u0107a-uo\u010di-otvorenja-2.jpg 1920w, https:\/\/www.rijeka.hr\/it\/wp-content\/uploads\/sites\/3\/2021\/04\/Dje\u010dja-ku\u0107a-uo\u010di-otvorenja-2-600x400.jpg 600w, https:\/\/www.rijeka.hr\/it\/wp-content\/uploads\/sites\/3\/2021\/04\/Dje\u010dja-ku\u0107a-uo\u010di-otvorenja-2-768x512.jpg 768w, https:\/\/www.rijeka.hr\/it\/wp-content\/uploads\/sites\/3\/2021\/04\/Dje\u010dja-ku\u0107a-uo\u010di-otvorenja-2-1200x800.jpg 1200w, https:\/\/www.rijeka.hr\/it\/wp-content\/uploads\/sites\/3\/2021\/04\/Dje\u010dja-ku\u0107a-uo\u010di-otvorenja-2-900x600.jpg 900w\" sizes=\"(max-width: 1920px) 100vw, 1920px\" \/><\/p>\n<p>La sua particolarit\u00e0 sta nel modo in cui si lavorer\u00e0 con i bambini e i genitori che vi soggiorneranno e nei temi che verranno affrontati.<\/p>\n<p>Fiume \u00e8 la prima citt\u00e0 in Croazia che ha costruito una casa grande, splendidamente decorata, allegra e piena di creativit\u00e0, interamente destinata all\u2019infanzia.<\/p>\n<p>Spettacoli di burattini, film per bambini, tanti libri per bambini, mostre, laboratori creativi &#8211; tutto questo e molto altro ancora &#8211; \u00e8 il contenuto della Casa dell\u2019infanzia, che dopo due anni di costruzione, a fine marzo 2021, ha aperto con orgoglio i battenti.<\/p>\n<p>Il potenziale creativo che pulsa dietro le mura di questa casa \u00e8 una delle storie pi\u00f9 belle raccontate dalla Capitale Europea della Cultura a Fiume &#8211; perch\u00e9 \u00e8 destinata ai pi\u00f9 belli e cari: i bambini di questa citt\u00e0 e i bambini del suo circondario pi\u00f9 ampio.<\/p>\n<h3>Progetto CEC cofinanziato da fondi europei<\/h3>\n<p>E la storia \u00e8 iniziata con la preparazione del progetto, la ricerca di finanziamenti per la sua attuazione e la candidatura di Fiume a CEC, e il libro di candidatura in cui la Casa dell\u2019infanzia ha trovato il suo posto come unit\u00e0 programmatica e come edificio fisico.<\/p>\n<p>La trasformazione dell&#8217;edificio di mattoni dell&#8217;ex complesso industriale Rikard Ben\u010di\u0107 nella Casa dell\u2019infanzia del quartiere culturale \u00e8 stata realizzata nell&#8217;ambito del progetto \u201cRivitalizzazione del complesso Ben\u010di\u0107 \u2013 Edificio di mattoni e edificio T. Questo progetto \u00e8 finanziato dai Fondi strutturali e dal Fondo europeo di sviluppo regionale nell&#8217;ambito del Programma operativo &#8220;Competitivit\u00e0 e coesione&#8221; 2014-2020. Il valore complessivo del progetto ammonta a 162,1 milioni di kune, di cui 68,2 milioni di kune sono stati finanziati con sovvenzioni a fondo perduto dell&#8217;UE, 10 milioni di kune sono stati finanziati dal Ministero dello sviluppo regionale e da fondi dell&#8217;UE e il resto \u00e8 stato finanziato dal bilancio cittadino. L&#8217;importo totale investito nella costruzione della Casa dell\u2019infanzia ammonta a 45,4 milioni di kune, di cui 29,2 milioni di kune sono stati finanziati con la sovvenzione a fondo perduto dell&#8217;UE. 9,2 milioni di kune sono stati investiti nell&#8217;arredamento della casa e questi fondi sono stati interamente procurati nel bilancio cittadino.<\/p>\n<h3>Scatola magica ispirata ad &#8220;Alice nel paese delle meraviglie&#8221;<\/h3>\n<p><img loading=\"lazy\" decoding=\"async\" class=\"size-medium wp-image-12913 alignleft\" src=\"https:\/\/www.rijeka.hr\/it\/wp-content\/uploads\/sites\/3\/2021\/04\/Dje\u010dja-ku\u0107a-uo\u010di-otvorenja-66-600x400-600x400.jpg\" alt=\"\" width=\"600\" height=\"400\" \/>L&#8217;autore del progetto \u201cCasa dell\u2019infanzia\u201d \u00e8 il famoso architetto fiumano Sa\u0161a Randi\u0107. Una volta lo descrisse come una &#8220;scatola magica&#8221; ispirata ad &#8220;Alice nel paese delle meraviglie&#8221;, in cui i visitatori scopriranno gradualmente i suoi segreti. E la Casa dell\u2019infanzia lo \u00e8 davvero: \u00e8 una casa nella casa perch\u00e9 \u00e8 stata inserita nell&#8217;edificio di mattoni esistente dell&#8217;ex complesso industriale Rikard Ben\u010di\u0107 con il metodo di costruzione. Entrando nella casa, dal primo assaggio, tutti possono sentire Alice nel paese delle meraviglie, perch\u00e9 un centro culturale dedicato ai bambini, con una cos\u00ec vasta gamma di attivit\u00e0 e cos\u00ec alta qualit\u00e0, modernamente attrezzato e allegro, decorato con colori vivaci &#8211; non \u00e8 mai esistito in Croazia e non esiste anche nei paesi circostanti.<\/p>\n<p>Il progetto della Casa dell\u2019infanzia e la sua costruzione fin dall&#8217;inizio miravano a preservare lo specifico esterno in mattoni di questo edificio. La rivista per bambini \u201cBrickzine\u201d, creata nell&#8217;ambito del progetto Capitale europea della cultura, con il suo nome (brick = mattone) ha inoltre richiamato l&#8217;attenzione sul momento in cui intorno all&#8217;edificio di mattoni nel complesso Ben\u010di\u0107 si stava creando una storia nuova e insolita. I massicci muri di facciata in mattoni pieni, forati con aperture pi\u00f9 piccole sono rimasti la struttura esterna principale della casa e l&#8217;elemento originale e riconoscibile dell&#8217;ex edificio della fabbrica. Le nuove pareti interne della casa sono state costruite su una nuova fondazione e quindi l&#8217;intera casa \u00e8 stata ricostruita &#8211; all&#8217;interno della casa di mattoni. Nella costruzione sono stati utilizzati anche i pilastri e le travi in ghisa originali, le finestre sono state sostituite con repliche delle finestre in ferro originali e l&#8217;interno della casa \u00e8 stato progettato per soddisfare le esigenze dei bambini e le esigenze spaziali per le attivit\u00e0 programmatiche nella Casa dell\u2019infanzia.<\/p>\n<p>L&#8217;atrio d&#8217;ingresso della Casa dell\u2019infanzia \u00e8 un ampio e libero soggiorno, un&#8217;unit\u00e0 dove i bambini possono stare con i genitori e divertirsi senza un arrivo prestabilito o l&#8217;iscrizione ad un laboratorio particolare. C&#8217;\u00e8 anche un bar, e al piano terra c&#8217;\u00e8 anche un guardaroba, impianti igienici e passaggi verso le scale per i piani superiori.<\/p>\n<p>Al primo e al secondo piano si trova una sala polifunzionale da 75 posti a sedere, un grande schermo per proiezioni e un palco. \u00c8 inteso per proiezioni di film per bambini, spettacoli di opere teatrali per bambini, programmi musicali, serate letterarie e varie altre attivit\u00e0. Questa sala polivalente serve anche per guardare film per bambini che i bambini creeranno da soli, ma anche per proiezioni di film adattati ai bambini con disabilit\u00e0.<\/p>\n<p>Al primo e al secondo piano, adiacenti al Salone, si trovano anche le stanze dei laboratori. Al primo piano si trova la Backstage Hall, il Ponte che, dopo il completamento della ristrutturazione, collegher\u00e0 la Casa dell\u2019infanzia con l&#8217;edificio del MAMC e la Galleria, e al secondo piano lo Studio del Cinema e la Foresta di Stribor. I locali del laboratorio hanno il potenziale per riunire genitori e figli nei processi creativi e sono il cuore della creativit\u00e0 della Casa dell\u2019infanzia, e i contenuti programmatici che questi spazi offrono riguardano, tra le altre cose, l&#8217;alfabetizzazione mediatica dei bambini del 21\u00b0 secolo nati nel mondo delle tecnologie digitali.<\/p>\n<p>Al terzo piano della Casa dell\u2019infanzia la sua nuova casa ha trovato Stribor, dipartimento della Biblioteca civica per l&#8217;infanzia, pi\u00f9 lussuosa e tre volte pi\u00f9 grande. Con le nuove possibilit\u00e0 spaziali si aprono nuovi contenuti per i piccoli membri, e in relazione a questo, nella futura Biblioteca civica, sar\u00e0 istituito il dipartimento per i giovani e in questo modo la letteratura per i giovani sar\u00e0 adeguatamente separata dalla letteratura per i bambini.<\/p>\n<p>E infine, sul tetto della Casa per l\u2019infanzia, si trova un Container &#8211; uno spazio per varie attivit\u00e0, tra cui spettacoli, e una terrazza che offre una vista insolita sui tetti delle case vicine nel quartiere.<\/p>\n<h3>La sala offre la massima qualit\u00e0 di riproduzione del suono<\/h3>\n<p>La sala della Casa dell\u2019infanzia offrir\u00e0 un&#8217;esperienza cinematografica unica e irripetibile per i giovani di Fiume e per gli anziani. La sala \u00e8 dotata di attrezzature all&#8217;avanguardia per la riproduzione di immagini e suoni, ovvero un proiettore laser 2k e una lente corrispondente per proiezioni 3D, oltre alla tecnologia del suono surround Dolby Atmos. Con questo, Fiume \u00e8 anche la prima in Croazia ad avere la tecnologia Dolby Atmos, come un importante passo avanti tecnologico nell&#8217;esperienza del suono, rispetto al cinema classico. La sala presenta anche molte innovazioni tecnologiche come, ad esempio, un sistema di diffusione sonora integrato destinato ai non udenti.<\/p>\n<p>Inoltre, il sistema audio Atmos \u00e8 il pi\u00f9 avanzato sistema tecnologico per la riproduzione del suono multicanale attualmente esistente, \u00e8 la spina dorsale di questa tecnologia, e allo stesso tempo la differenza fondamentale rispetto ai sistemi surround tradizionali \u00e8 la propagazione del suono nella direzione verticale. Due studi di registrazione e montaggio pi\u00f9 piccoli sono dotati di una superficie chroma key per effetti visivi e compositing, due videocamere 4k, 2 videocamere robotiche, vari tipi di microfoni per ogni scopo, registratore audio a 6 canali e mixer audio, sistema di illuminazione a LED su un supporto struttura o rack di 12 pannelli LED con controllo associato, mixer video con pannello di controllo per la creazione di uno studio virtuale e trasmissioni dal vivo e altre apparecchiature e software necessari per laboratori e altri programmi.<\/p>\n<p>Questi spazi e attrezzature consentono l&#8217;implementazione di vari programmi educativi, dai lungometraggi e documentari &#8220;classici&#8221;, ai reportage televisivi e ai cast radiofonici, all&#8217;animazione e ai ruoli digitali 2D e 3D.<\/p>\n<h3>Il programma \u00e8 progettato congiuntamente da quattro istituzioni cittadine<\/h3>\n<p>Tutti i programmi, i laboratori e le attivit\u00e0 che saranno svolti nella Casa dell\u2019infanzia sono progettati, organizzati e realizzati congiuntamente da quattro istituzioni culturali cittadine l\u2019Art-cinema, la Biblioteca Civica, il Teatro dei burattini e il Museo di arte moderna e contemporanea. Insieme a loro, associazioni e organizzazioni indipendenti come il Consiglio dei giovani Ben\u010di\u0107 lavoreranno a stretto contatto e nei programmi saranno inclusi tutor che hanno conoscenze e abilit\u00e0 speciali in determinate aree e che guideranno i bambini nei processi creativi.<\/p>\n<p>Questo approccio nel lavoro con e per bambini, in cui la collaborazione di varie istituzioni apre possibilit\u00e0 creative completamente nuove, \u00e8 un esempio unico in Croazia. Questo modello \u00e8 apparso pi\u00f9 evidente nell&#8217;organizzazione e nell&#8217;attuazione del festival per bambini \u201cTobogan\u201d, ed \u00e8 anche visibile nella rivista Brickzine, sia nella sua edizione cartacea che online.<\/p>\n<h3>La facciata dell\u2019Edificio di mattoni, patrimonio industriale di Fiume \u00e8 stata conservata durante la costruzione della Casa dell\u2019infanzia<\/h3>\n<p>L\u2019edificio di mattoni fu costruito alla fine del XIX secolo come parte di quella che all\u2019epoca era la Reale fabbrica di tabacco ungherese sul sito di due edifici pi\u00f9 vecchi. Secondo la presentazione del complesso risalente al 1875, c\u2019erano due edifici pi\u00f9 piccoli sul sito dell\u2019attuale edificio in mattoni, uno dei quali era un mulino sul torrente Braida. Originariamente era collegato da ponti con l\u2019edificio H sul lato sud e l\u2019edificio attualmente demolito sul lato nord-est. Dopo la seconda guerra mondiale, l\u2019edificio in mattoni divenne parte della nuova fabbrica di macchinari marini \u201cRikard Ben\u010di\u0107\u201d. Dopo il fallimento della fabbrica, l\u2019edificio fu abbandonato negli anni \u201990. Il suo valore architettonico e storico risiede nel fatto che rappresenta l\u2019architettura industriale della fine del XIX secolo e la tipologia degli edifici di magazzino di quel tempo.<\/p>\n","protected":false},"excerpt":{"rendered":"<p>La sua particolarit\u00e0 sta nel modo in cui si lavorer\u00e0 con i bambini e i genitori che vi soggiorneranno e nei temi che verranno affrontati. Fiume \u00e8 la prima citt\u00e0 in Croazia che ha costruito una casa grande, splendidamente decorata, allegra e piena di creativit\u00e0, interamente destinata all\u2019infanzia. Spettacoli di burattini, film per bambini, tanti&#8230;<\/p>\n","protected":false},"author":5,"featured_media":18387,"parent":18388,"menu_order":16,"comment_status":"closed","ping_status":"closed","template":"","meta":{"_acf_changed":false,"_trash_the_other_posts":false,"footnotes":"","_links_to":"","_links_to_target":""},"tags":[],"class_list":["post-10169","page","type-page","status-publish","has-post-thumbnail","hentry"],"acf":[],"yoast_head":"<!-- This site is optimized with the Yoast SEO plugin v24.4 - https:\/\/yoast.com\/wordpress\/plugins\/seo\/ -->\n<title>Casa dell\u2019infanzia - Citt\u00e0 di Fiume<\/title>\n<meta name=\"robots\" content=\"index, follow, max-snippet:-1, max-image-preview:large, max-video-preview:-1\" \/>\n<link rel=\"canonical\" href=\"https:\/\/www.rijeka.hr\/it\/amministrazione-cittadina\/progetti-cittadini\/progetti-realizzati\/cultura\/casa-dellinfanzia\/\" \/>\n<meta property=\"og:locale\" content=\"it_IT\" \/>\n<meta property=\"og:type\" content=\"article\" \/>\n<meta property=\"og:title\" content=\"Casa dell\u2019infanzia - Citt\u00e0 di Fiume\" \/>\n<meta property=\"og:description\" content=\"La sua particolarit\u00e0 sta nel modo in cui si lavorer\u00e0 con i bambini e i genitori che vi soggiorneranno e nei temi che verranno affrontati. Fiume \u00e8 la prima citt\u00e0 in Croazia che ha costruito una casa grande, splendidamente decorata, allegra e piena di creativit\u00e0, interamente destinata all\u2019infanzia. Spettacoli di burattini, film per bambini, tanti...\" \/>\n<meta property=\"og:url\" content=\"https:\/\/www.rijeka.hr\/it\/amministrazione-cittadina\/progetti-cittadini\/progetti-realizzati\/cultura\/casa-dellinfanzia\/\" \/>\n<meta property=\"og:site_name\" content=\"Citt\u00e0 di Fiume\" \/>\n<meta property=\"article:modified_time\" content=\"2023-05-02T10:22:17+00:00\" \/>\n<meta property=\"og:image\" content=\"https:\/\/www.rijeka.hr\/it\/wp-content\/uploads\/sites\/3\/2023\/05\/Casa-dell\u2019infanzia.jpg\" \/>\n\t<meta property=\"og:image:width\" content=\"1920\" \/>\n\t<meta property=\"og:image:height\" content=\"1280\" \/>\n\t<meta property=\"og:image:type\" content=\"image\/jpeg\" \/>\n<meta name=\"twitter:card\" content=\"summary_large_image\" \/>\n<meta name=\"twitter:label1\" content=\"Est. reading time\" \/>\n\t<meta name=\"twitter:data1\" content=\"8 minutes\" \/>\n<script type=\"application\/ld+json\" class=\"yoast-schema-graph\">{\"@context\":\"https:\/\/schema.org\",\"@graph\":[{\"@type\":\"WebPage\",\"@id\":\"https:\/\/www.rijeka.hr\/it\/amministrazione-cittadina\/progetti-cittadini\/progetti-realizzati\/cultura\/casa-dellinfanzia\/\",\"url\":\"https:\/\/www.rijeka.hr\/it\/amministrazione-cittadina\/progetti-cittadini\/progetti-realizzati\/cultura\/casa-dellinfanzia\/\",\"name\":\"Casa dell\u2019infanzia - Citt\u00e0 di Fiume\",\"isPartOf\":{\"@id\":\"https:\/\/www.rijeka.hr\/it\/#website\"},\"primaryImageOfPage\":{\"@id\":\"https:\/\/www.rijeka.hr\/it\/amministrazione-cittadina\/progetti-cittadini\/progetti-realizzati\/cultura\/casa-dellinfanzia\/#primaryimage\"},\"image\":{\"@id\":\"https:\/\/www.rijeka.hr\/it\/amministrazione-cittadina\/progetti-cittadini\/progetti-realizzati\/cultura\/casa-dellinfanzia\/#primaryimage\"},\"thumbnailUrl\":\"https:\/\/www.rijeka.hr\/it\/wp-content\/uploads\/sites\/3\/2023\/05\/Casa-dell\u2019infanzia.jpg\",\"datePublished\":\"2020-04-24T14:21:36+00:00\",\"dateModified\":\"2023-05-02T10:22:17+00:00\",\"breadcrumb\":{\"@id\":\"https:\/\/www.rijeka.hr\/it\/amministrazione-cittadina\/progetti-cittadini\/progetti-realizzati\/cultura\/casa-dellinfanzia\/#breadcrumb\"},\"inLanguage\":\"it-IT\",\"potentialAction\":[{\"@type\":\"ReadAction\",\"target\":[\"https:\/\/www.rijeka.hr\/it\/amministrazione-cittadina\/progetti-cittadini\/progetti-realizzati\/cultura\/casa-dellinfanzia\/\"]}]},{\"@type\":\"ImageObject\",\"inLanguage\":\"it-IT\",\"@id\":\"https:\/\/www.rijeka.hr\/it\/amministrazione-cittadina\/progetti-cittadini\/progetti-realizzati\/cultura\/casa-dellinfanzia\/#primaryimage\",\"url\":\"https:\/\/www.rijeka.hr\/it\/wp-content\/uploads\/sites\/3\/2023\/05\/Casa-dell\u2019infanzia.jpg\",\"contentUrl\":\"https:\/\/www.rijeka.hr\/it\/wp-content\/uploads\/sites\/3\/2023\/05\/Casa-dell\u2019infanzia.jpg\",\"width\":1920,\"height\":1280,\"caption\":\"Casa dell\u2019infanzia\"},{\"@type\":\"BreadcrumbList\",\"@id\":\"https:\/\/www.rijeka.hr\/it\/amministrazione-cittadina\/progetti-cittadini\/progetti-realizzati\/cultura\/casa-dellinfanzia\/#breadcrumb\",\"itemListElement\":[{\"@type\":\"ListItem\",\"position\":1,\"name\":\"Po\u010detna stranica\",\"item\":\"https:\/\/www.rijeka.hr\/it\/\"},{\"@type\":\"ListItem\",\"position\":2,\"name\":\"Amministrazione cittadina\",\"item\":\"https:\/\/www.rijeka.hr\/it\/amministrazione-cittadina\/\"},{\"@type\":\"ListItem\",\"position\":3,\"name\":\"Progetti cittadini\",\"item\":\"https:\/\/www.rijeka.hr\/it\/amministrazione-cittadina\/progetti-cittadini\/\"},{\"@type\":\"ListItem\",\"position\":4,\"name\":\"Progetti realizzati\",\"item\":\"https:\/\/www.rijeka.hr\/it\/amministrazione-cittadina\/progetti-cittadini\/progetti-realizzati\/\"},{\"@type\":\"ListItem\",\"position\":5,\"name\":\"Cultura\",\"item\":\"https:\/\/www.rijeka.hr\/it\/amministrazione-cittadina\/progetti-cittadini\/progetti-realizzati\/cultura\/\"},{\"@type\":\"ListItem\",\"position\":6,\"name\":\"Casa dell\u2019infanzia\"}]},{\"@type\":\"WebSite\",\"@id\":\"https:\/\/www.rijeka.hr\/it\/#website\",\"url\":\"https:\/\/www.rijeka.hr\/it\/\",\"name\":\"Citt\u00e0 di Fiume\",\"description\":\"Portale web della Citta&#039; di Fiume\",\"potentialAction\":[{\"@type\":\"SearchAction\",\"target\":{\"@type\":\"EntryPoint\",\"urlTemplate\":\"https:\/\/www.rijeka.hr\/it\/?s={search_term_string}\"},\"query-input\":{\"@type\":\"PropertyValueSpecification\",\"valueRequired\":true,\"valueName\":\"search_term_string\"}}],\"inLanguage\":\"it-IT\"}]}<\/script>\n<!-- \/ Yoast SEO plugin. -->","yoast_head_json":{"title":"Casa dell\u2019infanzia - Citt\u00e0 di Fiume","robots":{"index":"index","follow":"follow","max-snippet":"max-snippet:-1","max-image-preview":"max-image-preview:large","max-video-preview":"max-video-preview:-1"},"canonical":"https:\/\/www.rijeka.hr\/it\/amministrazione-cittadina\/progetti-cittadini\/progetti-realizzati\/cultura\/casa-dellinfanzia\/","og_locale":"it_IT","og_type":"article","og_title":"Casa dell\u2019infanzia - Citt\u00e0 di Fiume","og_description":"La sua particolarit\u00e0 sta nel modo in cui si lavorer\u00e0 con i bambini e i genitori che vi soggiorneranno e nei temi che verranno affrontati. Fiume \u00e8 la prima citt\u00e0 in Croazia che ha costruito una casa grande, splendidamente decorata, allegra e piena di creativit\u00e0, interamente destinata all\u2019infanzia. Spettacoli di burattini, film per bambini, tanti...","og_url":"https:\/\/www.rijeka.hr\/it\/amministrazione-cittadina\/progetti-cittadini\/progetti-realizzati\/cultura\/casa-dellinfanzia\/","og_site_name":"Citt\u00e0 di Fiume","article_modified_time":"2023-05-02T10:22:17+00:00","og_image":[{"width":1920,"height":1280,"url":"https:\/\/www.rijeka.hr\/it\/wp-content\/uploads\/sites\/3\/2023\/05\/Casa-dell\u2019infanzia.jpg","type":"image\/jpeg"}],"twitter_card":"summary_large_image","twitter_misc":{"Est. reading time":"8 minutes"},"schema":{"@context":"https:\/\/schema.org","@graph":[{"@type":"WebPage","@id":"https:\/\/www.rijeka.hr\/it\/amministrazione-cittadina\/progetti-cittadini\/progetti-realizzati\/cultura\/casa-dellinfanzia\/","url":"https:\/\/www.rijeka.hr\/it\/amministrazione-cittadina\/progetti-cittadini\/progetti-realizzati\/cultura\/casa-dellinfanzia\/","name":"Casa dell\u2019infanzia - Citt\u00e0 di Fiume","isPartOf":{"@id":"https:\/\/www.rijeka.hr\/it\/#website"},"primaryImageOfPage":{"@id":"https:\/\/www.rijeka.hr\/it\/amministrazione-cittadina\/progetti-cittadini\/progetti-realizzati\/cultura\/casa-dellinfanzia\/#primaryimage"},"image":{"@id":"https:\/\/www.rijeka.hr\/it\/amministrazione-cittadina\/progetti-cittadini\/progetti-realizzati\/cultura\/casa-dellinfanzia\/#primaryimage"},"thumbnailUrl":"https:\/\/www.rijeka.hr\/it\/wp-content\/uploads\/sites\/3\/2023\/05\/Casa-dell\u2019infanzia.jpg","datePublished":"2020-04-24T14:21:36+00:00","dateModified":"2023-05-02T10:22:17+00:00","breadcrumb":{"@id":"https:\/\/www.rijeka.hr\/it\/amministrazione-cittadina\/progetti-cittadini\/progetti-realizzati\/cultura\/casa-dellinfanzia\/#breadcrumb"},"inLanguage":"it-IT","potentialAction":[{"@type":"ReadAction","target":["https:\/\/www.rijeka.hr\/it\/amministrazione-cittadina\/progetti-cittadini\/progetti-realizzati\/cultura\/casa-dellinfanzia\/"]}]},{"@type":"ImageObject","inLanguage":"it-IT","@id":"https:\/\/www.rijeka.hr\/it\/amministrazione-cittadina\/progetti-cittadini\/progetti-realizzati\/cultura\/casa-dellinfanzia\/#primaryimage","url":"https:\/\/www.rijeka.hr\/it\/wp-content\/uploads\/sites\/3\/2023\/05\/Casa-dell\u2019infanzia.jpg","contentUrl":"https:\/\/www.rijeka.hr\/it\/wp-content\/uploads\/sites\/3\/2023\/05\/Casa-dell\u2019infanzia.jpg","width":1920,"height":1280,"caption":"Casa dell\u2019infanzia"},{"@type":"BreadcrumbList","@id":"https:\/\/www.rijeka.hr\/it\/amministrazione-cittadina\/progetti-cittadini\/progetti-realizzati\/cultura\/casa-dellinfanzia\/#breadcrumb","itemListElement":[{"@type":"ListItem","position":1,"name":"Po\u010detna stranica","item":"https:\/\/www.rijeka.hr\/it\/"},{"@type":"ListItem","position":2,"name":"Amministrazione cittadina","item":"https:\/\/www.rijeka.hr\/it\/amministrazione-cittadina\/"},{"@type":"ListItem","position":3,"name":"Progetti cittadini","item":"https:\/\/www.rijeka.hr\/it\/amministrazione-cittadina\/progetti-cittadini\/"},{"@type":"ListItem","position":4,"name":"Progetti realizzati","item":"https:\/\/www.rijeka.hr\/it\/amministrazione-cittadina\/progetti-cittadini\/progetti-realizzati\/"},{"@type":"ListItem","position":5,"name":"Cultura","item":"https:\/\/www.rijeka.hr\/it\/amministrazione-cittadina\/progetti-cittadini\/progetti-realizzati\/cultura\/"},{"@type":"ListItem","position":6,"name":"Casa dell\u2019infanzia"}]},{"@type":"WebSite","@id":"https:\/\/www.rijeka.hr\/it\/#website","url":"https:\/\/www.rijeka.hr\/it\/","name":"Citt\u00e0 di Fiume","description":"Portale web della Citta&#039; di Fiume","potentialAction":[{"@type":"SearchAction","target":{"@type":"EntryPoint","urlTemplate":"https:\/\/www.rijeka.hr\/it\/?s={search_term_string}"},"query-input":{"@type":"PropertyValueSpecification","valueRequired":true,"valueName":"search_term_string"}}],"inLanguage":"it-IT"}]}},"_links":{"self":[{"href":"https:\/\/www.rijeka.hr\/it\/wp-json\/wp\/v2\/pages\/10169","targetHints":{"allow":["GET"]}}],"collection":[{"href":"https:\/\/www.rijeka.hr\/it\/wp-json\/wp\/v2\/pages"}],"about":[{"href":"https:\/\/www.rijeka.hr\/it\/wp-json\/wp\/v2\/types\/page"}],"author":[{"embeddable":true,"href":"https:\/\/www.rijeka.hr\/it\/wp-json\/wp\/v2\/users\/5"}],"replies":[{"embeddable":true,"href":"https:\/\/www.rijeka.hr\/it\/wp-json\/wp\/v2\/comments?post=10169"}],"version-history":[{"count":3,"href":"https:\/\/www.rijeka.hr\/it\/wp-json\/wp\/v2\/pages\/10169\/revisions"}],"predecessor-version":[{"id":12916,"href":"https:\/\/www.rijeka.hr\/it\/wp-json\/wp\/v2\/pages\/10169\/revisions\/12916"}],"up":[{"embeddable":true,"href":"https:\/\/www.rijeka.hr\/it\/wp-json\/wp\/v2\/pages\/18388"}],"wp:featuredmedia":[{"embeddable":true,"href":"https:\/\/www.rijeka.hr\/it\/wp-json\/wp\/v2\/media\/18387"}],"wp:attachment":[{"href":"https:\/\/www.rijeka.hr\/it\/wp-json\/wp\/v2\/media?parent=10169"}],"wp:term":[{"taxonomy":"post_tag","embeddable":true,"href":"https:\/\/www.rijeka.hr\/it\/wp-json\/wp\/v2\/tags?post=10169"}],"curies":[{"name":"wp","href":"https:\/\/api.w.org\/{rel}","templated":true}]}}