{"id":10189,"date":"2020-04-27T16:28:00","date_gmt":"2020-04-27T14:28:00","guid":{"rendered":"https:\/\/www.rijeka.hr\/it\/?page_id=10189"},"modified":"2023-05-02T12:22:44","modified_gmt":"2023-05-02T10:22:44","slug":"museo-civico","status":"publish","type":"page","link":"https:\/\/www.rijeka.hr\/it\/amministrazione-cittadina\/progetti-cittadini\/progetti-realizzati\/cultura\/museo-civico\/","title":{"rendered":"Palazzo dello zuccherificio \u2013 nuova sede del Museo Civico di Fiume"},"content":{"rendered":"<p>Grazie all&#8217;investimento della Citt\u00e0 di Fiume, il bellissimo palazzo barocco all&#8217;interno dell&#8217;ex complesso industriale &#8220;Rikard Ben\u010di\u0107&#8221;, \u00e8 stato completamente rinnovato e trasformato nella nuova sede del Museo Civico fiumano.<\/p>\n<p>Cos\u00ec, l&#8217;ex edificio amministrativo della vecchia fabbrica, che inizi\u00f2 la sua vita a met\u00e0 del XVIII secolo come zuccherificio, \u00e8 diventato un importante spazio museale che nel suo allestimento permanente glorifica e rappresenta la turbolenta storia di Fiume e anche una storia interessante del complesso Ben\u010di\u0107 che nel corso dei secoli oltre ad essere lo zuccherificio era anche la fabbrica tabacchi e infine &#8220;Rikard Ben\u010di\u0107 Fonderia e fabbrica macchine&#8221;.<\/p>\n<p>Nell&#8217;ambito del progetto Capitale europea della cultura, la Citt\u00e0 di Fiume ha ristrutturato e rinnovato, tra l&#8217;altro, il Palazzo dello zuccherificio, grazie alle sovvenzioni a fondo perduto dell&#8217;UE. Vale a dire, dopo che diverse commissioni avevano riconosciuto questo progetto fiumano come un prezioso progetto culturale, quasi 69 milioni di HRK sono stati approvati a favore dell&#8217;amministrazione cittadina per la ristrutturazione del palazzo e della nave Galeb, che operer\u00e0 come una filiale del Museo Civico di Fiume.<\/p>\n<p>Il 13 novembre 2020, dopo anni di preparazione, \u00e8 stato inaugurato il Museo Civico di Fiume nel rinnovato Palazzo dello Zuccherificio. Vale a dire, sebbene i lavori per la ristrutturazione del Palazzo siano iniziati nel 2018, il tutto \u00e8 stato preceduto da ampi lavori preparatori.<\/p>\n<p>Vale a dire, la Citt\u00e0 di Fiume, dopo la chiusura della fabbrica \u00e8 diventata proprietaria del Palazzo, nel corso degli anni, in collaborazione con i conservatori, una serie di lavori preparatori sono stati eseguiti necessari per il suo restauro definitivo, ricostruzione e trasformazione. Numerosi esperti come architetti e storici dell&#8217;arte, restauratori di pitture murali, stucchi, forni, ecc. erano inclusi nei lavori.<\/p>\n<p>Molti esperti considerano lo Zuccherifico uno dei pi\u00f9 bei palazzi barocchi della Croazia \u2013 uno spazio rappresentativo con interni lussuosi e ricche decorazioni, dipinti su pareti e soffitti con contenuti mitologici e storici e panorami di citt\u00e0 immaginarie.<\/p>\n<div id='gallery-1' class='gallery galleryid-10189 gallery-columns-3 gallery-size-thumbnail'><dl class='gallery-item'>\n            <dt class='gallery-icon landscape'>\n                <a href='https:\/\/www.rijeka.hr\/it\/wp-content\/uploads\/sites\/3\/2020\/04\/Upravna-zgrada-Pala\u010da-\u0160e\u0107erane-250x250.jpg' title=\"\" data-rl_title=\"\" class=\"rl-gallery-link\" data-rl_caption=\"\" data-rel=\"lightbox-gallery-1\"><img loading=\"lazy\" decoding=\"async\" width=\"250\" height=\"250\" src=\"https:\/\/www.rijeka.hr\/it\/wp-content\/uploads\/sites\/3\/2020\/04\/Upravna-zgrada-Pala\u010da-\u0160e\u0107erane-250x250.jpg\" class=\"attachment-thumbnail size-thumbnail\" alt=\"\" srcset=\"https:\/\/www.rijeka.hr\/it\/wp-content\/uploads\/sites\/3\/2020\/04\/Upravna-zgrada-Pala\u010da-\u0160e\u0107erane-250x250.jpg 250w, https:\/\/www.rijeka.hr\/it\/wp-content\/uploads\/sites\/3\/2020\/04\/Upravna-zgrada-Pala\u010da-\u0160e\u0107erane-250x250-200x200.jpg 200w\" sizes=\"(max-width: 250px) 100vw, 250px\" \/><\/a>\n            <\/dt><\/dl><dl class='gallery-item'>\n            <dt class='gallery-icon landscape'>\n                <a href='https:\/\/www.rijeka.hr\/it\/wp-content\/uploads\/sites\/3\/2020\/04\/Upravna-zgrada-oslikani-strop-sa-\u0161tukaturom-250x250.jpg' title=\"\" data-rl_title=\"\" class=\"rl-gallery-link\" data-rl_caption=\"\" data-rel=\"lightbox-gallery-1\"><img loading=\"lazy\" decoding=\"async\" width=\"250\" height=\"250\" src=\"https:\/\/www.rijeka.hr\/it\/wp-content\/uploads\/sites\/3\/2020\/04\/Upravna-zgrada-oslikani-strop-sa-\u0161tukaturom-250x250.jpg\" class=\"attachment-thumbnail size-thumbnail\" alt=\"\" srcset=\"https:\/\/www.rijeka.hr\/it\/wp-content\/uploads\/sites\/3\/2020\/04\/Upravna-zgrada-oslikani-strop-sa-\u0161tukaturom-250x250.jpg 250w, https:\/\/www.rijeka.hr\/it\/wp-content\/uploads\/sites\/3\/2020\/04\/Upravna-zgrada-oslikani-strop-sa-\u0161tukaturom-250x250-200x200.jpg 200w\" sizes=\"(max-width: 250px) 100vw, 250px\" \/><\/a>\n            <\/dt><\/dl><dl class='gallery-item'>\n            <dt class='gallery-icon landscape'>\n                <a href='https:\/\/www.rijeka.hr\/it\/wp-content\/uploads\/sites\/3\/2020\/04\/Upravna-zgrada-restauracija-freski-2-250x250.jpg' title=\"\" data-rl_title=\"\" class=\"rl-gallery-link\" data-rl_caption=\"\" data-rel=\"lightbox-gallery-1\"><img loading=\"lazy\" decoding=\"async\" width=\"250\" height=\"250\" src=\"https:\/\/www.rijeka.hr\/it\/wp-content\/uploads\/sites\/3\/2020\/04\/Upravna-zgrada-restauracija-freski-2-250x250.jpg\" class=\"attachment-thumbnail size-thumbnail\" alt=\"\" srcset=\"https:\/\/www.rijeka.hr\/it\/wp-content\/uploads\/sites\/3\/2020\/04\/Upravna-zgrada-restauracija-freski-2-250x250.jpg 250w, https:\/\/www.rijeka.hr\/it\/wp-content\/uploads\/sites\/3\/2020\/04\/Upravna-zgrada-restauracija-freski-2-250x250-200x200.jpg 200w\" sizes=\"(max-width: 250px) 100vw, 250px\" \/><\/a>\n            <\/dt><\/dl><br style=\"clear: both\" \/>\n        <\/div>\n\n<h2>L\u2019allestimento permanente del Museo Civico racconta la storia ricca e tumultuosa di Fiume<\/h2>\n<p>Nel Palazzo dello Zuccherificio, il Museo Civico di Fiume presenta importanti temi della storia di Fiume, come il primo siluro del mondo, l\u2019Accademia navale, Fiume come porto per emigranti, la seconda guerra mondiale e la ricostruzione del dopoguerra, la storia del teatro cittadino, i grattacieli fiumani, la musica, il rock and roll fiumano, la storia delle grandi compagnie di Fiume.<\/p>\n<p>L\u2019allestimento copre la storia di Fiume dal XVIII al XXI secolo, dal momento in cui la citt\u00e0 divenne un porto reale libero nel 1719, cosa che le ha fornito un\u2019opportunit\u00e0 di sviluppo senza precedenti. Questo allestimento attraente descrive Fiume nel contesto europeo, collegandola con Vienna, Anversa, Budapest e New York.<\/p>\n<p>L\u2019allestimento si estende a pi\u00f9 di 30 stanze su due piani e non espone solo manufatti di valore, ma crea anche storie e unit\u00e0 stimolanti all&#8217;interno di due temi principali: il primo piano del palazzo affronta la storia della citt\u00e0 e il secondo piano la storia del palazzo, vale a dire il complesso Ben\u010di\u0107, cos\u00ec in una delle sale c\u2019\u00e8 una teca di vetro piena di pani di zucchero, del tipo che una volta venivano prodotti a Fiume.<\/p>\n<p>L\u2019autore dell\u2019allestimento permanente \u00e8 Ervin Dubrovi\u0107, direttore del museo, in collaborazione con i dipendenti del Museo civico di Fiume. L\u2019allestimento \u00e8 stata progettato e realizzato dalla pluripremiata designer Nikolina Jelavi\u0107 Mitrovi\u0107, collegando in un insieme visivamente accattivante le caratteristiche stilistiche del palazzo, oggetti originali, tecnologia multimediale e interattivit\u00e0.<\/p>\n<p>Il valore totale del restauro del palazzo ammonta a circa 60 milioni di kune e include i lavori, la supervisione professionale e le sue attrezzature.<\/p>\n<h3>Storia del Palazzo dello Zuccherificio<\/h3>\n<p>Il Palazzo dello Zuccherificio \u00e8 un bene culturale protetto della Repubblica di Croazia. Questo edificio monumentale fu costruito nel 1752 per le esigenze della direzione dello zuccherificio, e fa parte integrante del complesso industriale che testimonia lo sviluppo industriale di Fiume nel XVIII secolo.<\/p>\n<p>Dopo l\u2019incendio nel 1785, l\u2019edificio fu notevolmente ricostruito e inseriti interni barocchi con pitture murali e stucchi.<\/p>\n<p>Nel 1851 l\u2019edificio ospit\u00f2 la direzione della Fabbrica Tabacchi, e dopo il 1945 cambi\u00f2 nuovamente destinazione e divenne la sede della Fabbrica di macchinari \u201cRikard Ben\u010di\u0107\u201d.<\/p>\n<h3>Sovvenzioni europee per i beni culturali di Fiume<\/h3>\n<p>Il Palazzo dello Zuccherificio e la motonave Galeb, che insieme rappresenteranno il Museo Civico di Fiume, fanno parte del progetto integrato \u201cValorizzazione turistica dei monumenti rappresentativi del patrimonio industriale di Fiume\u201d al quale, a seguito di un bando indetto dal Ministero dello sviluppo regionale e dei fondi dell\u2019UE, \u00e8 stata approvata una sovvenzione a fondo perduto pari a 69 milioni di kune nell\u2019ambito del Fondo europeo di sviluppo regionale.<\/p>\n<p>Il progetto prevede la creazione di un nuovo percorso culturale e turistico, nonch\u00e9 attivit\u00e0 scientifiche, educative e promozionali che promuovano il progetto e sensibilizzino il grande pubblico al patrimonio culturale.<\/p>\n<p>&nbsp;<\/p>\n<p>&nbsp;<\/p>\n<p>&nbsp;<\/p>\n","protected":false},"excerpt":{"rendered":"<p>Grazie all&#8217;investimento della Citt\u00e0 di Fiume, il bellissimo palazzo barocco all&#8217;interno dell&#8217;ex complesso industriale &#8220;Rikard Ben\u010di\u0107&#8221;, \u00e8 stato completamente rinnovato e trasformato nella nuova sede del Museo Civico fiumano. Cos\u00ec, l&#8217;ex edificio amministrativo della vecchia fabbrica, che inizi\u00f2 la sua vita a met\u00e0 del XVIII secolo come zuccherificio, \u00e8 diventato un importante spazio museale che&#8230;<\/p>\n","protected":false},"author":5,"featured_media":18385,"parent":18388,"menu_order":0,"comment_status":"closed","ping_status":"closed","template":"","meta":{"_acf_changed":false,"_trash_the_other_posts":false,"footnotes":"","_links_to":"","_links_to_target":""},"tags":[],"class_list":["post-10189","page","type-page","status-publish","has-post-thumbnail","hentry"],"acf":[],"yoast_head":"<!-- This site is optimized with the Yoast SEO plugin v24.4 - https:\/\/yoast.com\/wordpress\/plugins\/seo\/ -->\n<title>Palazzo dello zuccherificio \u2013 nuova sede del Museo Civico di Fiume - Citt\u00e0 di Fiume<\/title>\n<meta name=\"robots\" content=\"index, follow, max-snippet:-1, max-image-preview:large, max-video-preview:-1\" \/>\n<link rel=\"canonical\" href=\"https:\/\/www.rijeka.hr\/it\/amministrazione-cittadina\/progetti-cittadini\/progetti-realizzati\/cultura\/museo-civico\/\" \/>\n<meta property=\"og:locale\" content=\"it_IT\" \/>\n<meta property=\"og:type\" content=\"article\" \/>\n<meta property=\"og:title\" content=\"Palazzo dello zuccherificio \u2013 nuova sede del Museo Civico di Fiume - Citt\u00e0 di Fiume\" \/>\n<meta property=\"og:description\" content=\"Grazie all&#8217;investimento della Citt\u00e0 di Fiume, il bellissimo palazzo barocco all&#8217;interno dell&#8217;ex complesso industriale &#8220;Rikard Ben\u010di\u0107&#8221;, \u00e8 stato completamente rinnovato e trasformato nella nuova sede del Museo Civico fiumano. Cos\u00ec, l&#8217;ex edificio amministrativo della vecchia fabbrica, che inizi\u00f2 la sua vita a met\u00e0 del XVIII secolo come zuccherificio, \u00e8 diventato un importante spazio museale che...\" \/>\n<meta property=\"og:url\" content=\"https:\/\/www.rijeka.hr\/it\/amministrazione-cittadina\/progetti-cittadini\/progetti-realizzati\/cultura\/museo-civico\/\" \/>\n<meta property=\"og:site_name\" content=\"Citt\u00e0 di Fiume\" \/>\n<meta property=\"article:modified_time\" content=\"2023-05-02T10:22:44+00:00\" \/>\n<meta property=\"og:image\" content=\"https:\/\/www.rijeka.hr\/it\/wp-content\/uploads\/sites\/3\/2023\/05\/Palazzo-dello-zuccherificio-\u2013-nuova-sede-del-Museo-Civico-di-Fiume.jpg\" \/>\n\t<meta property=\"og:image:width\" content=\"350\" \/>\n\t<meta property=\"og:image:height\" content=\"250\" \/>\n\t<meta property=\"og:image:type\" content=\"image\/jpeg\" \/>\n<meta name=\"twitter:card\" content=\"summary_large_image\" \/>\n<meta name=\"twitter:label1\" content=\"Est. reading time\" \/>\n\t<meta name=\"twitter:data1\" content=\"4 minutes\" \/>\n<script type=\"application\/ld+json\" class=\"yoast-schema-graph\">{\"@context\":\"https:\/\/schema.org\",\"@graph\":[{\"@type\":\"WebPage\",\"@id\":\"https:\/\/www.rijeka.hr\/it\/amministrazione-cittadina\/progetti-cittadini\/progetti-realizzati\/cultura\/museo-civico\/\",\"url\":\"https:\/\/www.rijeka.hr\/it\/amministrazione-cittadina\/progetti-cittadini\/progetti-realizzati\/cultura\/museo-civico\/\",\"name\":\"Palazzo dello zuccherificio \u2013 nuova sede del Museo Civico di Fiume - Citt\u00e0 di Fiume\",\"isPartOf\":{\"@id\":\"https:\/\/www.rijeka.hr\/it\/#website\"},\"primaryImageOfPage\":{\"@id\":\"https:\/\/www.rijeka.hr\/it\/amministrazione-cittadina\/progetti-cittadini\/progetti-realizzati\/cultura\/museo-civico\/#primaryimage\"},\"image\":{\"@id\":\"https:\/\/www.rijeka.hr\/it\/amministrazione-cittadina\/progetti-cittadini\/progetti-realizzati\/cultura\/museo-civico\/#primaryimage\"},\"thumbnailUrl\":\"https:\/\/www.rijeka.hr\/it\/wp-content\/uploads\/sites\/3\/2023\/05\/Palazzo-dello-zuccherificio-\u2013-nuova-sede-del-Museo-Civico-di-Fiume.jpg\",\"datePublished\":\"2020-04-27T14:28:00+00:00\",\"dateModified\":\"2023-05-02T10:22:44+00:00\",\"breadcrumb\":{\"@id\":\"https:\/\/www.rijeka.hr\/it\/amministrazione-cittadina\/progetti-cittadini\/progetti-realizzati\/cultura\/museo-civico\/#breadcrumb\"},\"inLanguage\":\"it-IT\",\"potentialAction\":[{\"@type\":\"ReadAction\",\"target\":[\"https:\/\/www.rijeka.hr\/it\/amministrazione-cittadina\/progetti-cittadini\/progetti-realizzati\/cultura\/museo-civico\/\"]}]},{\"@type\":\"ImageObject\",\"inLanguage\":\"it-IT\",\"@id\":\"https:\/\/www.rijeka.hr\/it\/amministrazione-cittadina\/progetti-cittadini\/progetti-realizzati\/cultura\/museo-civico\/#primaryimage\",\"url\":\"https:\/\/www.rijeka.hr\/it\/wp-content\/uploads\/sites\/3\/2023\/05\/Palazzo-dello-zuccherificio-\u2013-nuova-sede-del-Museo-Civico-di-Fiume.jpg\",\"contentUrl\":\"https:\/\/www.rijeka.hr\/it\/wp-content\/uploads\/sites\/3\/2023\/05\/Palazzo-dello-zuccherificio-\u2013-nuova-sede-del-Museo-Civico-di-Fiume.jpg\",\"width\":350,\"height\":250,\"caption\":\"Palazzo dello zuccherificio \u2013 nuova sede del Museo Civico di Fiume\"},{\"@type\":\"BreadcrumbList\",\"@id\":\"https:\/\/www.rijeka.hr\/it\/amministrazione-cittadina\/progetti-cittadini\/progetti-realizzati\/cultura\/museo-civico\/#breadcrumb\",\"itemListElement\":[{\"@type\":\"ListItem\",\"position\":1,\"name\":\"Po\u010detna stranica\",\"item\":\"https:\/\/www.rijeka.hr\/it\/\"},{\"@type\":\"ListItem\",\"position\":2,\"name\":\"Amministrazione cittadina\",\"item\":\"https:\/\/www.rijeka.hr\/it\/amministrazione-cittadina\/\"},{\"@type\":\"ListItem\",\"position\":3,\"name\":\"Progetti cittadini\",\"item\":\"https:\/\/www.rijeka.hr\/it\/amministrazione-cittadina\/progetti-cittadini\/\"},{\"@type\":\"ListItem\",\"position\":4,\"name\":\"Progetti realizzati\",\"item\":\"https:\/\/www.rijeka.hr\/it\/amministrazione-cittadina\/progetti-cittadini\/progetti-realizzati\/\"},{\"@type\":\"ListItem\",\"position\":5,\"name\":\"Cultura\",\"item\":\"https:\/\/www.rijeka.hr\/it\/amministrazione-cittadina\/progetti-cittadini\/progetti-realizzati\/cultura\/\"},{\"@type\":\"ListItem\",\"position\":6,\"name\":\"Palazzo dello zuccherificio \u2013 nuova sede del Museo Civico di Fiume\"}]},{\"@type\":\"WebSite\",\"@id\":\"https:\/\/www.rijeka.hr\/it\/#website\",\"url\":\"https:\/\/www.rijeka.hr\/it\/\",\"name\":\"Citt\u00e0 di Fiume\",\"description\":\"Portale web della Citta&#039; di Fiume\",\"potentialAction\":[{\"@type\":\"SearchAction\",\"target\":{\"@type\":\"EntryPoint\",\"urlTemplate\":\"https:\/\/www.rijeka.hr\/it\/?s={search_term_string}\"},\"query-input\":{\"@type\":\"PropertyValueSpecification\",\"valueRequired\":true,\"valueName\":\"search_term_string\"}}],\"inLanguage\":\"it-IT\"}]}<\/script>\n<!-- \/ Yoast SEO plugin. -->","yoast_head_json":{"title":"Palazzo dello zuccherificio \u2013 nuova sede del Museo Civico di Fiume - Citt\u00e0 di Fiume","robots":{"index":"index","follow":"follow","max-snippet":"max-snippet:-1","max-image-preview":"max-image-preview:large","max-video-preview":"max-video-preview:-1"},"canonical":"https:\/\/www.rijeka.hr\/it\/amministrazione-cittadina\/progetti-cittadini\/progetti-realizzati\/cultura\/museo-civico\/","og_locale":"it_IT","og_type":"article","og_title":"Palazzo dello zuccherificio \u2013 nuova sede del Museo Civico di Fiume - Citt\u00e0 di Fiume","og_description":"Grazie all&#8217;investimento della Citt\u00e0 di Fiume, il bellissimo palazzo barocco all&#8217;interno dell&#8217;ex complesso industriale &#8220;Rikard Ben\u010di\u0107&#8221;, \u00e8 stato completamente rinnovato e trasformato nella nuova sede del Museo Civico fiumano. Cos\u00ec, l&#8217;ex edificio amministrativo della vecchia fabbrica, che inizi\u00f2 la sua vita a met\u00e0 del XVIII secolo come zuccherificio, \u00e8 diventato un importante spazio museale che...","og_url":"https:\/\/www.rijeka.hr\/it\/amministrazione-cittadina\/progetti-cittadini\/progetti-realizzati\/cultura\/museo-civico\/","og_site_name":"Citt\u00e0 di Fiume","article_modified_time":"2023-05-02T10:22:44+00:00","og_image":[{"width":350,"height":250,"url":"https:\/\/www.rijeka.hr\/it\/wp-content\/uploads\/sites\/3\/2023\/05\/Palazzo-dello-zuccherificio-\u2013-nuova-sede-del-Museo-Civico-di-Fiume.jpg","type":"image\/jpeg"}],"twitter_card":"summary_large_image","twitter_misc":{"Est. reading time":"4 minutes"},"schema":{"@context":"https:\/\/schema.org","@graph":[{"@type":"WebPage","@id":"https:\/\/www.rijeka.hr\/it\/amministrazione-cittadina\/progetti-cittadini\/progetti-realizzati\/cultura\/museo-civico\/","url":"https:\/\/www.rijeka.hr\/it\/amministrazione-cittadina\/progetti-cittadini\/progetti-realizzati\/cultura\/museo-civico\/","name":"Palazzo dello zuccherificio \u2013 nuova sede del Museo Civico di Fiume - Citt\u00e0 di Fiume","isPartOf":{"@id":"https:\/\/www.rijeka.hr\/it\/#website"},"primaryImageOfPage":{"@id":"https:\/\/www.rijeka.hr\/it\/amministrazione-cittadina\/progetti-cittadini\/progetti-realizzati\/cultura\/museo-civico\/#primaryimage"},"image":{"@id":"https:\/\/www.rijeka.hr\/it\/amministrazione-cittadina\/progetti-cittadini\/progetti-realizzati\/cultura\/museo-civico\/#primaryimage"},"thumbnailUrl":"https:\/\/www.rijeka.hr\/it\/wp-content\/uploads\/sites\/3\/2023\/05\/Palazzo-dello-zuccherificio-\u2013-nuova-sede-del-Museo-Civico-di-Fiume.jpg","datePublished":"2020-04-27T14:28:00+00:00","dateModified":"2023-05-02T10:22:44+00:00","breadcrumb":{"@id":"https:\/\/www.rijeka.hr\/it\/amministrazione-cittadina\/progetti-cittadini\/progetti-realizzati\/cultura\/museo-civico\/#breadcrumb"},"inLanguage":"it-IT","potentialAction":[{"@type":"ReadAction","target":["https:\/\/www.rijeka.hr\/it\/amministrazione-cittadina\/progetti-cittadini\/progetti-realizzati\/cultura\/museo-civico\/"]}]},{"@type":"ImageObject","inLanguage":"it-IT","@id":"https:\/\/www.rijeka.hr\/it\/amministrazione-cittadina\/progetti-cittadini\/progetti-realizzati\/cultura\/museo-civico\/#primaryimage","url":"https:\/\/www.rijeka.hr\/it\/wp-content\/uploads\/sites\/3\/2023\/05\/Palazzo-dello-zuccherificio-\u2013-nuova-sede-del-Museo-Civico-di-Fiume.jpg","contentUrl":"https:\/\/www.rijeka.hr\/it\/wp-content\/uploads\/sites\/3\/2023\/05\/Palazzo-dello-zuccherificio-\u2013-nuova-sede-del-Museo-Civico-di-Fiume.jpg","width":350,"height":250,"caption":"Palazzo dello zuccherificio \u2013 nuova sede del Museo Civico di Fiume"},{"@type":"BreadcrumbList","@id":"https:\/\/www.rijeka.hr\/it\/amministrazione-cittadina\/progetti-cittadini\/progetti-realizzati\/cultura\/museo-civico\/#breadcrumb","itemListElement":[{"@type":"ListItem","position":1,"name":"Po\u010detna stranica","item":"https:\/\/www.rijeka.hr\/it\/"},{"@type":"ListItem","position":2,"name":"Amministrazione cittadina","item":"https:\/\/www.rijeka.hr\/it\/amministrazione-cittadina\/"},{"@type":"ListItem","position":3,"name":"Progetti cittadini","item":"https:\/\/www.rijeka.hr\/it\/amministrazione-cittadina\/progetti-cittadini\/"},{"@type":"ListItem","position":4,"name":"Progetti realizzati","item":"https:\/\/www.rijeka.hr\/it\/amministrazione-cittadina\/progetti-cittadini\/progetti-realizzati\/"},{"@type":"ListItem","position":5,"name":"Cultura","item":"https:\/\/www.rijeka.hr\/it\/amministrazione-cittadina\/progetti-cittadini\/progetti-realizzati\/cultura\/"},{"@type":"ListItem","position":6,"name":"Palazzo dello zuccherificio \u2013 nuova sede del Museo Civico di Fiume"}]},{"@type":"WebSite","@id":"https:\/\/www.rijeka.hr\/it\/#website","url":"https:\/\/www.rijeka.hr\/it\/","name":"Citt\u00e0 di Fiume","description":"Portale web della Citta&#039; di Fiume","potentialAction":[{"@type":"SearchAction","target":{"@type":"EntryPoint","urlTemplate":"https:\/\/www.rijeka.hr\/it\/?s={search_term_string}"},"query-input":{"@type":"PropertyValueSpecification","valueRequired":true,"valueName":"search_term_string"}}],"inLanguage":"it-IT"}]}},"_links":{"self":[{"href":"https:\/\/www.rijeka.hr\/it\/wp-json\/wp\/v2\/pages\/10189","targetHints":{"allow":["GET"]}}],"collection":[{"href":"https:\/\/www.rijeka.hr\/it\/wp-json\/wp\/v2\/pages"}],"about":[{"href":"https:\/\/www.rijeka.hr\/it\/wp-json\/wp\/v2\/types\/page"}],"author":[{"embeddable":true,"href":"https:\/\/www.rijeka.hr\/it\/wp-json\/wp\/v2\/users\/5"}],"replies":[{"embeddable":true,"href":"https:\/\/www.rijeka.hr\/it\/wp-json\/wp\/v2\/comments?post=10189"}],"version-history":[{"count":3,"href":"https:\/\/www.rijeka.hr\/it\/wp-json\/wp\/v2\/pages\/10189\/revisions"}],"predecessor-version":[{"id":10190,"href":"https:\/\/www.rijeka.hr\/it\/wp-json\/wp\/v2\/pages\/10189\/revisions\/10190"}],"up":[{"embeddable":true,"href":"https:\/\/www.rijeka.hr\/it\/wp-json\/wp\/v2\/pages\/18388"}],"wp:featuredmedia":[{"embeddable":true,"href":"https:\/\/www.rijeka.hr\/it\/wp-json\/wp\/v2\/media\/18385"}],"wp:attachment":[{"href":"https:\/\/www.rijeka.hr\/it\/wp-json\/wp\/v2\/media?parent=10189"}],"wp:term":[{"taxonomy":"post_tag","embeddable":true,"href":"https:\/\/www.rijeka.hr\/it\/wp-json\/wp\/v2\/tags?post=10189"}],"curies":[{"name":"wp","href":"https:\/\/api.w.org\/{rel}","templated":true}]}}