{"id":10263,"date":"2020-05-05T00:04:43","date_gmt":"2020-05-04T22:04:43","guid":{"rendered":"https:\/\/www.rijeka.hr\/it\/?page_id=10263"},"modified":"2021-05-18T08:36:59","modified_gmt":"2021-05-18T06:36:59","slug":"il-nuovo-monumento-commemorale-accanto-il-ponte-dei-difensori-croati-della-guerra-patriotica","status":"publish","type":"page","link":"https:\/\/www.rijeka.hr\/it\/amministrazione-cittadina\/progetti-cittadini\/progetti-realizzati\/pianificazione-della-citta\/il-nuovo-monumento-commemorale-accanto-il-ponte-dei-difensori-croati-della-guerra-patriotica\/","title":{"rendered":"Il nuovo monumento commemorale accanto il ponte dei difensori croati della guerra patriotica"},"content":{"rendered":"<p>Nel nuovo monumento commemorativo &#8211; un blocco di pietra che \u00e8 completamente integrato nell&#8217;unit\u00e0 esistente del progetto eseguito, in modo credibile vengono rilevati i nomi dei difensori caduti e questo \u00e8 completamente integrato nell&#8217;unit\u00e0 esistente del progetto realizzato.<\/p>\n<p>La superficie orizzontale rossa, composta da blocchi di pietra rossa, \u00e8 stata selezionata come il sito in cui sono iscritti 206 nomi dei veterani di guerra croati decaduti della Guerra patriottica dal territorio dell&#8217;allora Comune di Fiume. I nomi sono in maiuscolo, sollevati da una superficie di pietra, composta da 7 blocchi di pietra che misurano 100x100x40 cm.<\/p>\n<p><img loading=\"lazy\" decoding=\"async\" width=\"600\" height=\"337\" class=\"aligncenter size-medium wp-image-10267\" src=\"https:\/\/www.rijeka.hr\/it\/wp-content\/uploads\/sites\/3\/2020\/05\/Most_hrvatskih_branitelja_01-600x337.jpg\" alt=\"\" srcset=\"https:\/\/www.rijeka.hr\/it\/wp-content\/uploads\/sites\/3\/2020\/05\/Most_hrvatskih_branitelja_01-600x337.jpg 600w, https:\/\/www.rijeka.hr\/it\/wp-content\/uploads\/sites\/3\/2020\/05\/Most_hrvatskih_branitelja_01-768x431.jpg 768w, https:\/\/www.rijeka.hr\/it\/wp-content\/uploads\/sites\/3\/2020\/05\/Most_hrvatskih_branitelja_01-1200x673.jpg 1200w, https:\/\/www.rijeka.hr\/it\/wp-content\/uploads\/sites\/3\/2020\/05\/Most_hrvatskih_branitelja_01-1000x561.jpg 1000w, https:\/\/www.rijeka.hr\/it\/wp-content\/uploads\/sites\/3\/2020\/05\/Most_hrvatskih_branitelja_01.jpg 1280w\" sizes=\"(max-width: 600px) 100vw, 600px\" \/><\/p>\n<p>La soluzione descritta \u00e8 stata creata, come continuazione del lavoro dell&#8217;autore sul ponte, Studio 3LHD. Durante il lavoro, \u00e8 stata stabilita la cooperazione con la Comunit\u00e0 dell&#8217;Associazione della guerra patriottica della Regione litoraneo montana, dell&#8217;Associazione dei genitori dei difensori caduti della guerra patriottica della Regione litoraneo montana e dell&#8217;Associazione delle vedove dei difensori della guerra patriottica croata della Regione litoraneo montana.<\/p>\n<p>I lavori sono stati completati a dicembre 2019. Il valore finanziario totale dei lavori ammonta a 748.084,91 kune, il Ministero dei difensori croati ha cofinanziato i lavori con 90 mila kune.<\/p>\n<p>Il ponte dei difensori croati \u00e8 stato costruito nel 2001 in memoria di tutti i veterani sul Delta, il sito dal quale gli abitanti di Fiume andavano nel campo di battaglia e tornavano da esso.<\/p>\n<p>Oltre al memoriale, fu eretta una recinzione musicale, composta da 35 tubi di metallo, i primi ritmi dell&#8217;inno nazionale &#8220;Lijepa na\u0161a&#8221;, donato a Fiume dalla Regione di Krapina e Zagorje.<\/p>\n","protected":false},"excerpt":{"rendered":"<p>Nel nuovo monumento commemorativo &#8211; un blocco di pietra che \u00e8 completamente integrato nell&#8217;unit\u00e0 esistente del progetto eseguito, in modo credibile vengono rilevati i nomi dei difensori caduti e questo \u00e8 completamente integrato nell&#8217;unit\u00e0 esistente del progetto realizzato. La superficie orizzontale rossa, composta da blocchi di pietra rossa, \u00e8 stata selezionata come il sito in&#8230;<\/p>\n","protected":false},"author":20,"featured_media":0,"parent":13038,"menu_order":38,"comment_status":"closed","ping_status":"closed","template":"","meta":{"_acf_changed":false,"_trash_the_other_posts":false,"footnotes":"","_links_to":"","_links_to_target":""},"tags":[],"class_list":["post-10263","page","type-page","status-publish","hentry"],"acf":[],"yoast_head":"<!-- This site is optimized with the Yoast SEO plugin v24.4 - https:\/\/yoast.com\/wordpress\/plugins\/seo\/ -->\n<title>Il nuovo monumento commemorale accanto il ponte dei difensori croati della guerra patriotica - Citt\u00e0 di Fiume<\/title>\n<meta name=\"robots\" content=\"index, follow, max-snippet:-1, max-image-preview:large, max-video-preview:-1\" \/>\n<link rel=\"canonical\" href=\"https:\/\/www.rijeka.hr\/it\/amministrazione-cittadina\/progetti-cittadini\/progetti-realizzati\/pianificazione-della-citta\/il-nuovo-monumento-commemorale-accanto-il-ponte-dei-difensori-croati-della-guerra-patriotica\/\" \/>\n<meta property=\"og:locale\" content=\"it_IT\" \/>\n<meta property=\"og:type\" content=\"article\" \/>\n<meta property=\"og:title\" content=\"Il nuovo monumento commemorale accanto il ponte dei difensori croati della guerra patriotica - Citt\u00e0 di Fiume\" \/>\n<meta property=\"og:description\" content=\"Nel nuovo monumento commemorativo &#8211; un blocco di pietra che \u00e8 completamente integrato nell&#8217;unit\u00e0 esistente del progetto eseguito, in modo credibile vengono rilevati i nomi dei difensori caduti e questo \u00e8 completamente integrato nell&#8217;unit\u00e0 esistente del progetto realizzato. La superficie orizzontale rossa, composta da blocchi di pietra rossa, \u00e8 stata selezionata come il sito in...\" \/>\n<meta property=\"og:url\" content=\"https:\/\/www.rijeka.hr\/it\/amministrazione-cittadina\/progetti-cittadini\/progetti-realizzati\/pianificazione-della-citta\/il-nuovo-monumento-commemorale-accanto-il-ponte-dei-difensori-croati-della-guerra-patriotica\/\" \/>\n<meta property=\"og:site_name\" content=\"Citt\u00e0 di Fiume\" \/>\n<meta property=\"article:modified_time\" content=\"2021-05-18T06:36:59+00:00\" \/>\n<meta property=\"og:image\" content=\"https:\/\/www.rijeka.hr\/it\/wp-content\/uploads\/sites\/3\/2020\/05\/Most_hrvatskih_branitelja_01-600x337.jpg\" \/>\n<meta name=\"twitter:card\" content=\"summary_large_image\" \/>\n<meta name=\"twitter:label1\" content=\"Est. reading time\" \/>\n\t<meta name=\"twitter:data1\" content=\"1 minute\" \/>\n<script type=\"application\/ld+json\" class=\"yoast-schema-graph\">{\"@context\":\"https:\/\/schema.org\",\"@graph\":[{\"@type\":\"WebPage\",\"@id\":\"https:\/\/www.rijeka.hr\/it\/amministrazione-cittadina\/progetti-cittadini\/progetti-realizzati\/pianificazione-della-citta\/il-nuovo-monumento-commemorale-accanto-il-ponte-dei-difensori-croati-della-guerra-patriotica\/\",\"url\":\"https:\/\/www.rijeka.hr\/it\/amministrazione-cittadina\/progetti-cittadini\/progetti-realizzati\/pianificazione-della-citta\/il-nuovo-monumento-commemorale-accanto-il-ponte-dei-difensori-croati-della-guerra-patriotica\/\",\"name\":\"Il nuovo monumento commemorale accanto il ponte dei difensori croati della guerra patriotica - Citt\u00e0 di Fiume\",\"isPartOf\":{\"@id\":\"https:\/\/www.rijeka.hr\/it\/#website\"},\"primaryImageOfPage\":{\"@id\":\"https:\/\/www.rijeka.hr\/it\/amministrazione-cittadina\/progetti-cittadini\/progetti-realizzati\/pianificazione-della-citta\/il-nuovo-monumento-commemorale-accanto-il-ponte-dei-difensori-croati-della-guerra-patriotica\/#primaryimage\"},\"image\":{\"@id\":\"https:\/\/www.rijeka.hr\/it\/amministrazione-cittadina\/progetti-cittadini\/progetti-realizzati\/pianificazione-della-citta\/il-nuovo-monumento-commemorale-accanto-il-ponte-dei-difensori-croati-della-guerra-patriotica\/#primaryimage\"},\"thumbnailUrl\":\"https:\/\/www.rijeka.hr\/it\/wp-content\/uploads\/sites\/3\/2020\/05\/Most_hrvatskih_branitelja_01-600x337.jpg\",\"datePublished\":\"2020-05-04T22:04:43+00:00\",\"dateModified\":\"2021-05-18T06:36:59+00:00\",\"breadcrumb\":{\"@id\":\"https:\/\/www.rijeka.hr\/it\/amministrazione-cittadina\/progetti-cittadini\/progetti-realizzati\/pianificazione-della-citta\/il-nuovo-monumento-commemorale-accanto-il-ponte-dei-difensori-croati-della-guerra-patriotica\/#breadcrumb\"},\"inLanguage\":\"it-IT\",\"potentialAction\":[{\"@type\":\"ReadAction\",\"target\":[\"https:\/\/www.rijeka.hr\/it\/amministrazione-cittadina\/progetti-cittadini\/progetti-realizzati\/pianificazione-della-citta\/il-nuovo-monumento-commemorale-accanto-il-ponte-dei-difensori-croati-della-guerra-patriotica\/\"]}]},{\"@type\":\"ImageObject\",\"inLanguage\":\"it-IT\",\"@id\":\"https:\/\/www.rijeka.hr\/it\/amministrazione-cittadina\/progetti-cittadini\/progetti-realizzati\/pianificazione-della-citta\/il-nuovo-monumento-commemorale-accanto-il-ponte-dei-difensori-croati-della-guerra-patriotica\/#primaryimage\",\"url\":\"https:\/\/www.rijeka.hr\/it\/wp-content\/uploads\/sites\/3\/2020\/05\/Most_hrvatskih_branitelja_01.jpg\",\"contentUrl\":\"https:\/\/www.rijeka.hr\/it\/wp-content\/uploads\/sites\/3\/2020\/05\/Most_hrvatskih_branitelja_01.jpg\",\"width\":1280,\"height\":718},{\"@type\":\"BreadcrumbList\",\"@id\":\"https:\/\/www.rijeka.hr\/it\/amministrazione-cittadina\/progetti-cittadini\/progetti-realizzati\/pianificazione-della-citta\/il-nuovo-monumento-commemorale-accanto-il-ponte-dei-difensori-croati-della-guerra-patriotica\/#breadcrumb\",\"itemListElement\":[{\"@type\":\"ListItem\",\"position\":1,\"name\":\"Po\u010detna stranica\",\"item\":\"https:\/\/www.rijeka.hr\/it\/\"},{\"@type\":\"ListItem\",\"position\":2,\"name\":\"Amministrazione cittadina\",\"item\":\"https:\/\/www.rijeka.hr\/it\/amministrazione-cittadina\/\"},{\"@type\":\"ListItem\",\"position\":3,\"name\":\"Progetti cittadini\",\"item\":\"https:\/\/www.rijeka.hr\/it\/amministrazione-cittadina\/progetti-cittadini\/\"},{\"@type\":\"ListItem\",\"position\":4,\"name\":\"Progetti realizzati\",\"item\":\"https:\/\/www.rijeka.hr\/it\/amministrazione-cittadina\/progetti-cittadini\/progetti-realizzati\/\"},{\"@type\":\"ListItem\",\"position\":5,\"name\":\"Pianificazione della citta\",\"item\":\"https:\/\/www.rijeka.hr\/it\/amministrazione-cittadina\/progetti-cittadini\/progetti-realizzati\/pianificazione-della-citta\/\"},{\"@type\":\"ListItem\",\"position\":6,\"name\":\"Il nuovo monumento commemorale accanto il ponte dei difensori croati della guerra patriotica\"}]},{\"@type\":\"WebSite\",\"@id\":\"https:\/\/www.rijeka.hr\/it\/#website\",\"url\":\"https:\/\/www.rijeka.hr\/it\/\",\"name\":\"Citt\u00e0 di Fiume\",\"description\":\"Portale web della Citta&#039; di Fiume\",\"potentialAction\":[{\"@type\":\"SearchAction\",\"target\":{\"@type\":\"EntryPoint\",\"urlTemplate\":\"https:\/\/www.rijeka.hr\/it\/?s={search_term_string}\"},\"query-input\":{\"@type\":\"PropertyValueSpecification\",\"valueRequired\":true,\"valueName\":\"search_term_string\"}}],\"inLanguage\":\"it-IT\"}]}<\/script>\n<!-- \/ Yoast SEO plugin. -->","yoast_head_json":{"title":"Il nuovo monumento commemorale accanto il ponte dei difensori croati della guerra patriotica - Citt\u00e0 di Fiume","robots":{"index":"index","follow":"follow","max-snippet":"max-snippet:-1","max-image-preview":"max-image-preview:large","max-video-preview":"max-video-preview:-1"},"canonical":"https:\/\/www.rijeka.hr\/it\/amministrazione-cittadina\/progetti-cittadini\/progetti-realizzati\/pianificazione-della-citta\/il-nuovo-monumento-commemorale-accanto-il-ponte-dei-difensori-croati-della-guerra-patriotica\/","og_locale":"it_IT","og_type":"article","og_title":"Il nuovo monumento commemorale accanto il ponte dei difensori croati della guerra patriotica - Citt\u00e0 di Fiume","og_description":"Nel nuovo monumento commemorativo &#8211; un blocco di pietra che \u00e8 completamente integrato nell&#8217;unit\u00e0 esistente del progetto eseguito, in modo credibile vengono rilevati i nomi dei difensori caduti e questo \u00e8 completamente integrato nell&#8217;unit\u00e0 esistente del progetto realizzato. La superficie orizzontale rossa, composta da blocchi di pietra rossa, \u00e8 stata selezionata come il sito in...","og_url":"https:\/\/www.rijeka.hr\/it\/amministrazione-cittadina\/progetti-cittadini\/progetti-realizzati\/pianificazione-della-citta\/il-nuovo-monumento-commemorale-accanto-il-ponte-dei-difensori-croati-della-guerra-patriotica\/","og_site_name":"Citt\u00e0 di Fiume","article_modified_time":"2021-05-18T06:36:59+00:00","og_image":[{"url":"https:\/\/www.rijeka.hr\/it\/wp-content\/uploads\/sites\/3\/2020\/05\/Most_hrvatskih_branitelja_01-600x337.jpg","type":"","width":"","height":""}],"twitter_card":"summary_large_image","twitter_misc":{"Est. reading time":"1 minute"},"schema":{"@context":"https:\/\/schema.org","@graph":[{"@type":"WebPage","@id":"https:\/\/www.rijeka.hr\/it\/amministrazione-cittadina\/progetti-cittadini\/progetti-realizzati\/pianificazione-della-citta\/il-nuovo-monumento-commemorale-accanto-il-ponte-dei-difensori-croati-della-guerra-patriotica\/","url":"https:\/\/www.rijeka.hr\/it\/amministrazione-cittadina\/progetti-cittadini\/progetti-realizzati\/pianificazione-della-citta\/il-nuovo-monumento-commemorale-accanto-il-ponte-dei-difensori-croati-della-guerra-patriotica\/","name":"Il nuovo monumento commemorale accanto il ponte dei difensori croati della guerra patriotica - Citt\u00e0 di Fiume","isPartOf":{"@id":"https:\/\/www.rijeka.hr\/it\/#website"},"primaryImageOfPage":{"@id":"https:\/\/www.rijeka.hr\/it\/amministrazione-cittadina\/progetti-cittadini\/progetti-realizzati\/pianificazione-della-citta\/il-nuovo-monumento-commemorale-accanto-il-ponte-dei-difensori-croati-della-guerra-patriotica\/#primaryimage"},"image":{"@id":"https:\/\/www.rijeka.hr\/it\/amministrazione-cittadina\/progetti-cittadini\/progetti-realizzati\/pianificazione-della-citta\/il-nuovo-monumento-commemorale-accanto-il-ponte-dei-difensori-croati-della-guerra-patriotica\/#primaryimage"},"thumbnailUrl":"https:\/\/www.rijeka.hr\/it\/wp-content\/uploads\/sites\/3\/2020\/05\/Most_hrvatskih_branitelja_01-600x337.jpg","datePublished":"2020-05-04T22:04:43+00:00","dateModified":"2021-05-18T06:36:59+00:00","breadcrumb":{"@id":"https:\/\/www.rijeka.hr\/it\/amministrazione-cittadina\/progetti-cittadini\/progetti-realizzati\/pianificazione-della-citta\/il-nuovo-monumento-commemorale-accanto-il-ponte-dei-difensori-croati-della-guerra-patriotica\/#breadcrumb"},"inLanguage":"it-IT","potentialAction":[{"@type":"ReadAction","target":["https:\/\/www.rijeka.hr\/it\/amministrazione-cittadina\/progetti-cittadini\/progetti-realizzati\/pianificazione-della-citta\/il-nuovo-monumento-commemorale-accanto-il-ponte-dei-difensori-croati-della-guerra-patriotica\/"]}]},{"@type":"ImageObject","inLanguage":"it-IT","@id":"https:\/\/www.rijeka.hr\/it\/amministrazione-cittadina\/progetti-cittadini\/progetti-realizzati\/pianificazione-della-citta\/il-nuovo-monumento-commemorale-accanto-il-ponte-dei-difensori-croati-della-guerra-patriotica\/#primaryimage","url":"https:\/\/www.rijeka.hr\/it\/wp-content\/uploads\/sites\/3\/2020\/05\/Most_hrvatskih_branitelja_01.jpg","contentUrl":"https:\/\/www.rijeka.hr\/it\/wp-content\/uploads\/sites\/3\/2020\/05\/Most_hrvatskih_branitelja_01.jpg","width":1280,"height":718},{"@type":"BreadcrumbList","@id":"https:\/\/www.rijeka.hr\/it\/amministrazione-cittadina\/progetti-cittadini\/progetti-realizzati\/pianificazione-della-citta\/il-nuovo-monumento-commemorale-accanto-il-ponte-dei-difensori-croati-della-guerra-patriotica\/#breadcrumb","itemListElement":[{"@type":"ListItem","position":1,"name":"Po\u010detna stranica","item":"https:\/\/www.rijeka.hr\/it\/"},{"@type":"ListItem","position":2,"name":"Amministrazione cittadina","item":"https:\/\/www.rijeka.hr\/it\/amministrazione-cittadina\/"},{"@type":"ListItem","position":3,"name":"Progetti cittadini","item":"https:\/\/www.rijeka.hr\/it\/amministrazione-cittadina\/progetti-cittadini\/"},{"@type":"ListItem","position":4,"name":"Progetti realizzati","item":"https:\/\/www.rijeka.hr\/it\/amministrazione-cittadina\/progetti-cittadini\/progetti-realizzati\/"},{"@type":"ListItem","position":5,"name":"Pianificazione della citta","item":"https:\/\/www.rijeka.hr\/it\/amministrazione-cittadina\/progetti-cittadini\/progetti-realizzati\/pianificazione-della-citta\/"},{"@type":"ListItem","position":6,"name":"Il nuovo monumento commemorale accanto il ponte dei difensori croati della guerra patriotica"}]},{"@type":"WebSite","@id":"https:\/\/www.rijeka.hr\/it\/#website","url":"https:\/\/www.rijeka.hr\/it\/","name":"Citt\u00e0 di Fiume","description":"Portale web della Citta&#039; di Fiume","potentialAction":[{"@type":"SearchAction","target":{"@type":"EntryPoint","urlTemplate":"https:\/\/www.rijeka.hr\/it\/?s={search_term_string}"},"query-input":{"@type":"PropertyValueSpecification","valueRequired":true,"valueName":"search_term_string"}}],"inLanguage":"it-IT"}]}},"_links":{"self":[{"href":"https:\/\/www.rijeka.hr\/it\/wp-json\/wp\/v2\/pages\/10263","targetHints":{"allow":["GET"]}}],"collection":[{"href":"https:\/\/www.rijeka.hr\/it\/wp-json\/wp\/v2\/pages"}],"about":[{"href":"https:\/\/www.rijeka.hr\/it\/wp-json\/wp\/v2\/types\/page"}],"author":[{"embeddable":true,"href":"https:\/\/www.rijeka.hr\/it\/wp-json\/wp\/v2\/users\/20"}],"replies":[{"embeddable":true,"href":"https:\/\/www.rijeka.hr\/it\/wp-json\/wp\/v2\/comments?post=10263"}],"version-history":[{"count":6,"href":"https:\/\/www.rijeka.hr\/it\/wp-json\/wp\/v2\/pages\/10263\/revisions"}],"predecessor-version":[{"id":10266,"href":"https:\/\/www.rijeka.hr\/it\/wp-json\/wp\/v2\/pages\/10263\/revisions\/10266"}],"up":[{"embeddable":true,"href":"https:\/\/www.rijeka.hr\/it\/wp-json\/wp\/v2\/pages\/13038"}],"wp:attachment":[{"href":"https:\/\/www.rijeka.hr\/it\/wp-json\/wp\/v2\/media?parent=10263"}],"wp:term":[{"taxonomy":"post_tag","embeddable":true,"href":"https:\/\/www.rijeka.hr\/it\/wp-json\/wp\/v2\/tags?post=10263"}],"curies":[{"name":"wp","href":"https:\/\/api.w.org\/{rel}","templated":true}]}}