{"id":1029,"date":"2016-08-09T14:04:55","date_gmt":"2016-08-09T12:04:55","guid":{"rendered":"https:\/\/www.rijeka.hr\/it\/?page_id=1029"},"modified":"2021-01-28T15:54:22","modified_gmt":"2021-01-28T14:54:22","slug":"scuola-gli-adulti","status":"publish","type":"page","link":"https:\/\/www.rijeka.hr\/it\/temi-per-i-cittadini\/educazione-e-istruzione\/educazione-degli-adulti\/scuola-gli-adulti\/","title":{"rendered":"Scuola per gli adulti"},"content":{"rendered":"<ul>\n<li><a href=\"http:\/\/www.algebra.hr\/\" target=\"_blank\" rel=\"noopener\">Algebra<\/a><\/li>\n<li><a title=\"Centar tehni\u010dke kulture Rijeka\" href=\"http:\/\/www.ctk-rijeka.hr\/\" target=\"_blank\" rel=\"noopener\">Centar tehni\u010dke kulture Rijeka (CTK)<\/a><\/li>\n<li><a title=\"Sveu\u010dili\u0161te u Rijeci\" href=\"http:\/\/www.uniri.hr\/index.php?option=com_content&amp;view=category&amp;layout=blog&amp;id=9&amp;Itemid=13&amp;lang=hr\" target=\"_blank\" rel=\"noopener\">Centar za cjelo\u017eivotno obrazovanje Sveu\u010dili\u0161ta u Rijeci<\/a><\/li>\n<li><a title=\"Centar za izobrazbu pomoraca\" href=\"http:\/\/www.pfri.uniri.hr\/hr\/ustroj\/strucne-sluzbe\/centar-za-izobrazbu-pomoraca\" target=\"_blank\" rel=\"noopener\">Centar za izobrazbu pomoraca Pomorskog fakulteta u Rijeci<\/a><\/li>\n<li>Centar za obrazovanje kadrova u pomorstvu<\/li>\n<li><a href=\"http:\/\/www.riteh.uniri.hr\/obrazovanje\/cjelozivotno-obrazovanje\/cisco-networking-academy\/\" target=\"_blank\" rel=\"noopener\">Cisco Networking Academy na Tehni\u010dkom fakultetu<\/a><\/li>\n<li><a href=\"http:\/\/www.expert.hr\/\" target=\"_blank\" rel=\"noopener\">Expert<\/a><\/li>\n<li><a href=\"http:\/\/www.intelekt-rijeka.hr\/\" target=\"_blank\" rel=\"noopener\">Intelekt<\/a><\/li>\n<li><a title=\"Narodno u\u010dili\u0161te\" href=\"http:\/\/www.nar-uciliste.hr\/\" target=\"_blank\" rel=\"noopener\">Narodno u\u010dili\u0161te &#8211; Ustanova za obrazovanje i kulturu<\/a><\/li>\n<li><a title=\"Nauti\u010dki centar\" href=\"http:\/\/www.nauticki-centar.hr\/\" target=\"_blank\" rel=\"noopener\">Nauti\u010dki centar<\/a><\/li>\n<li><a title=\"Optimum\" href=\"http:\/\/www.centaroptimum.hr\/\" target=\"_blank\" rel=\"noopener\">Centar Optimum<\/a><\/li>\n<li><a title=\"Poslovna izvrsnost\" href=\"http:\/\/www.izvrsnost.hr\/index.php\" target=\"_blank\" rel=\"noopener\">Poslovna izvrsnost<\/a><\/li>\n<li><a title=\"Pu\u010dko otvoreno u\u010dili\u0161te Mencl\" href=\"http:\/\/www.mencl.hr\/\" target=\"_blank\" rel=\"noopener\">Pu\u010dko otvoreno u\u010dili\u0161te Mencl<\/a><\/li>\n<li><a title=\"U\u010dili\u0161te sailor\" href=\"http:\/\/www.sailor.hr\/\" target=\"_blank\" rel=\"noopener\">U\u010dili\u0161te Sailor-ustanova za osposobljavanje i usavr\u0161avanje<\/a><\/li>\n<li><a title=\"Udruga za razvoj civilnog dru\u0161tva SMART\" href=\"http:\/\/www.smart.hr\/\" target=\"_blank\" rel=\"noopener\">Udruga za razvoj civilnog dru\u0161tva SMART<\/a><\/li>\n<li><a href=\"http:\/\/www.educa-rijeka.com\/\" target=\"_blank\" rel=\"noopener\">Ustanova za obrazovanje odraslih Educa<\/a><\/li>\n<li><a href=\"http:\/\/www.verte.hr\/\" target=\"_blank\" rel=\"noopener\">Verte &#8211; Ustanova za obrazovanje odraslih\u00a0<\/a><\/li>\n<li><a href=\"http:\/\/www.nauk.com.hr\/\" target=\"_blank\" rel=\"noopener\">NAUK ustanova za obrazovanje odraslih<\/a><\/li>\n<\/ul>\n<p>&nbsp;<\/p>\n","protected":false},"excerpt":{"rendered":"<p>Algebra Centar tehni\u010dke kulture Rijeka (CTK) Centar za cjelo\u017eivotno obrazovanje Sveu\u010dili\u0161ta u Rijeci Centar za izobrazbu pomoraca Pomorskog fakulteta u Rijeci Centar za obrazovanje kadrova u pomorstvu Cisco Networking Academy na Tehni\u010dkom fakultetu Expert Intelekt Narodno u\u010dili\u0161te &#8211; Ustanova za obrazovanje i kulturu Nauti\u010dki centar Centar Optimum Poslovna izvrsnost Pu\u010dko otvoreno u\u010dili\u0161te Mencl U\u010dili\u0161te Sailor-ustanova&#8230;<\/p>\n","protected":false},"author":6,"featured_media":0,"parent":294,"menu_order":0,"comment_status":"closed","ping_status":"closed","template":"","meta":{"_acf_changed":false,"_trash_the_other_posts":false,"footnotes":"","_links_to":"","_links_to_target":""},"tags":[94,337,339,286,336],"class_list":["post-1029","page","type-page","status-publish","hentry","tag-apprendimento-permanente","tag-corsi-di-insegnamento","tag-corsi-di-insegnamento-per-gli-adulti","tag-educazione-degli-adulti","tag-scuole-per-gli-adulti"],"acf":[],"yoast_head":"<!-- This site is optimized with the Yoast SEO plugin v24.4 - https:\/\/yoast.com\/wordpress\/plugins\/seo\/ -->\n<title>Scuola per gli adulti - Citt\u00e0 di Fiume<\/title>\n<meta name=\"robots\" content=\"index, follow, max-snippet:-1, max-image-preview:large, max-video-preview:-1\" \/>\n<link rel=\"canonical\" href=\"https:\/\/www.rijeka.hr\/it\/temi-per-i-cittadini\/educazione-e-istruzione\/educazione-degli-adulti\/scuola-gli-adulti\/\" \/>\n<meta property=\"og:locale\" content=\"it_IT\" \/>\n<meta property=\"og:type\" content=\"article\" \/>\n<meta property=\"og:title\" content=\"Scuola per gli adulti - Citt\u00e0 di Fiume\" \/>\n<meta property=\"og:description\" content=\"Algebra Centar tehni\u010dke kulture Rijeka (CTK) Centar za cjelo\u017eivotno obrazovanje Sveu\u010dili\u0161ta u Rijeci Centar za izobrazbu pomoraca Pomorskog fakulteta u Rijeci Centar za obrazovanje kadrova u pomorstvu Cisco Networking Academy na Tehni\u010dkom fakultetu Expert Intelekt Narodno u\u010dili\u0161te &#8211; Ustanova za obrazovanje i kulturu Nauti\u010dki centar Centar Optimum Poslovna izvrsnost Pu\u010dko otvoreno u\u010dili\u0161te Mencl U\u010dili\u0161te Sailor-ustanova...\" \/>\n<meta property=\"og:url\" content=\"https:\/\/www.rijeka.hr\/it\/temi-per-i-cittadini\/educazione-e-istruzione\/educazione-degli-adulti\/scuola-gli-adulti\/\" \/>\n<meta property=\"og:site_name\" content=\"Citt\u00e0 di Fiume\" \/>\n<meta property=\"article:modified_time\" content=\"2021-01-28T14:54:22+00:00\" \/>\n<meta name=\"twitter:card\" content=\"summary_large_image\" \/>\n<script type=\"application\/ld+json\" class=\"yoast-schema-graph\">{\"@context\":\"https:\/\/schema.org\",\"@graph\":[{\"@type\":\"WebPage\",\"@id\":\"https:\/\/www.rijeka.hr\/it\/temi-per-i-cittadini\/educazione-e-istruzione\/educazione-degli-adulti\/scuola-gli-adulti\/\",\"url\":\"https:\/\/www.rijeka.hr\/it\/temi-per-i-cittadini\/educazione-e-istruzione\/educazione-degli-adulti\/scuola-gli-adulti\/\",\"name\":\"Scuola per gli adulti - Citt\u00e0 di Fiume\",\"isPartOf\":{\"@id\":\"https:\/\/www.rijeka.hr\/it\/#website\"},\"datePublished\":\"2016-08-09T12:04:55+00:00\",\"dateModified\":\"2021-01-28T14:54:22+00:00\",\"breadcrumb\":{\"@id\":\"https:\/\/www.rijeka.hr\/it\/temi-per-i-cittadini\/educazione-e-istruzione\/educazione-degli-adulti\/scuola-gli-adulti\/#breadcrumb\"},\"inLanguage\":\"it-IT\",\"potentialAction\":[{\"@type\":\"ReadAction\",\"target\":[\"https:\/\/www.rijeka.hr\/it\/temi-per-i-cittadini\/educazione-e-istruzione\/educazione-degli-adulti\/scuola-gli-adulti\/\"]}]},{\"@type\":\"BreadcrumbList\",\"@id\":\"https:\/\/www.rijeka.hr\/it\/temi-per-i-cittadini\/educazione-e-istruzione\/educazione-degli-adulti\/scuola-gli-adulti\/#breadcrumb\",\"itemListElement\":[{\"@type\":\"ListItem\",\"position\":1,\"name\":\"Po\u010detna stranica\",\"item\":\"https:\/\/www.rijeka.hr\/it\/\"},{\"@type\":\"ListItem\",\"position\":2,\"name\":\"Temi per i cittadini\",\"item\":\"https:\/\/www.rijeka.hr\/it\/temi-per-i-cittadini\/\"},{\"@type\":\"ListItem\",\"position\":3,\"name\":\"Educazione e istruzione\",\"item\":\"https:\/\/www.rijeka.hr\/it\/temi-per-i-cittadini\/educazione-e-istruzione\/\"},{\"@type\":\"ListItem\",\"position\":4,\"name\":\"Educazione degli adulti\",\"item\":\"https:\/\/www.rijeka.hr\/it\/temi-per-i-cittadini\/educazione-e-istruzione\/educazione-degli-adulti\/\"},{\"@type\":\"ListItem\",\"position\":5,\"name\":\"Scuola per gli adulti\"}]},{\"@type\":\"WebSite\",\"@id\":\"https:\/\/www.rijeka.hr\/it\/#website\",\"url\":\"https:\/\/www.rijeka.hr\/it\/\",\"name\":\"Citt\u00e0 di Fiume\",\"description\":\"Portale web della Citta&#039; di Fiume\",\"potentialAction\":[{\"@type\":\"SearchAction\",\"target\":{\"@type\":\"EntryPoint\",\"urlTemplate\":\"https:\/\/www.rijeka.hr\/it\/?s={search_term_string}\"},\"query-input\":{\"@type\":\"PropertyValueSpecification\",\"valueRequired\":true,\"valueName\":\"search_term_string\"}}],\"inLanguage\":\"it-IT\"}]}<\/script>\n<!-- \/ Yoast SEO plugin. -->","yoast_head_json":{"title":"Scuola per gli adulti - Citt\u00e0 di Fiume","robots":{"index":"index","follow":"follow","max-snippet":"max-snippet:-1","max-image-preview":"max-image-preview:large","max-video-preview":"max-video-preview:-1"},"canonical":"https:\/\/www.rijeka.hr\/it\/temi-per-i-cittadini\/educazione-e-istruzione\/educazione-degli-adulti\/scuola-gli-adulti\/","og_locale":"it_IT","og_type":"article","og_title":"Scuola per gli adulti - Citt\u00e0 di Fiume","og_description":"Algebra Centar tehni\u010dke kulture Rijeka (CTK) Centar za cjelo\u017eivotno obrazovanje Sveu\u010dili\u0161ta u Rijeci Centar za izobrazbu pomoraca Pomorskog fakulteta u Rijeci Centar za obrazovanje kadrova u pomorstvu Cisco Networking Academy na Tehni\u010dkom fakultetu Expert Intelekt Narodno u\u010dili\u0161te &#8211; Ustanova za obrazovanje i kulturu Nauti\u010dki centar Centar Optimum Poslovna izvrsnost Pu\u010dko otvoreno u\u010dili\u0161te Mencl U\u010dili\u0161te Sailor-ustanova...","og_url":"https:\/\/www.rijeka.hr\/it\/temi-per-i-cittadini\/educazione-e-istruzione\/educazione-degli-adulti\/scuola-gli-adulti\/","og_site_name":"Citt\u00e0 di Fiume","article_modified_time":"2021-01-28T14:54:22+00:00","twitter_card":"summary_large_image","schema":{"@context":"https:\/\/schema.org","@graph":[{"@type":"WebPage","@id":"https:\/\/www.rijeka.hr\/it\/temi-per-i-cittadini\/educazione-e-istruzione\/educazione-degli-adulti\/scuola-gli-adulti\/","url":"https:\/\/www.rijeka.hr\/it\/temi-per-i-cittadini\/educazione-e-istruzione\/educazione-degli-adulti\/scuola-gli-adulti\/","name":"Scuola per gli adulti - Citt\u00e0 di Fiume","isPartOf":{"@id":"https:\/\/www.rijeka.hr\/it\/#website"},"datePublished":"2016-08-09T12:04:55+00:00","dateModified":"2021-01-28T14:54:22+00:00","breadcrumb":{"@id":"https:\/\/www.rijeka.hr\/it\/temi-per-i-cittadini\/educazione-e-istruzione\/educazione-degli-adulti\/scuola-gli-adulti\/#breadcrumb"},"inLanguage":"it-IT","potentialAction":[{"@type":"ReadAction","target":["https:\/\/www.rijeka.hr\/it\/temi-per-i-cittadini\/educazione-e-istruzione\/educazione-degli-adulti\/scuola-gli-adulti\/"]}]},{"@type":"BreadcrumbList","@id":"https:\/\/www.rijeka.hr\/it\/temi-per-i-cittadini\/educazione-e-istruzione\/educazione-degli-adulti\/scuola-gli-adulti\/#breadcrumb","itemListElement":[{"@type":"ListItem","position":1,"name":"Po\u010detna stranica","item":"https:\/\/www.rijeka.hr\/it\/"},{"@type":"ListItem","position":2,"name":"Temi per i cittadini","item":"https:\/\/www.rijeka.hr\/it\/temi-per-i-cittadini\/"},{"@type":"ListItem","position":3,"name":"Educazione e istruzione","item":"https:\/\/www.rijeka.hr\/it\/temi-per-i-cittadini\/educazione-e-istruzione\/"},{"@type":"ListItem","position":4,"name":"Educazione degli adulti","item":"https:\/\/www.rijeka.hr\/it\/temi-per-i-cittadini\/educazione-e-istruzione\/educazione-degli-adulti\/"},{"@type":"ListItem","position":5,"name":"Scuola per gli adulti"}]},{"@type":"WebSite","@id":"https:\/\/www.rijeka.hr\/it\/#website","url":"https:\/\/www.rijeka.hr\/it\/","name":"Citt\u00e0 di Fiume","description":"Portale web della Citta&#039; di Fiume","potentialAction":[{"@type":"SearchAction","target":{"@type":"EntryPoint","urlTemplate":"https:\/\/www.rijeka.hr\/it\/?s={search_term_string}"},"query-input":{"@type":"PropertyValueSpecification","valueRequired":true,"valueName":"search_term_string"}}],"inLanguage":"it-IT"}]}},"_links":{"self":[{"href":"https:\/\/www.rijeka.hr\/it\/wp-json\/wp\/v2\/pages\/1029","targetHints":{"allow":["GET"]}}],"collection":[{"href":"https:\/\/www.rijeka.hr\/it\/wp-json\/wp\/v2\/pages"}],"about":[{"href":"https:\/\/www.rijeka.hr\/it\/wp-json\/wp\/v2\/types\/page"}],"author":[{"embeddable":true,"href":"https:\/\/www.rijeka.hr\/it\/wp-json\/wp\/v2\/users\/6"}],"replies":[{"embeddable":true,"href":"https:\/\/www.rijeka.hr\/it\/wp-json\/wp\/v2\/comments?post=1029"}],"version-history":[{"count":2,"href":"https:\/\/www.rijeka.hr\/it\/wp-json\/wp\/v2\/pages\/1029\/revisions"}],"predecessor-version":[{"id":5274,"href":"https:\/\/www.rijeka.hr\/it\/wp-json\/wp\/v2\/pages\/1029\/revisions\/5274"}],"up":[{"embeddable":true,"href":"https:\/\/www.rijeka.hr\/it\/wp-json\/wp\/v2\/pages\/294"}],"wp:attachment":[{"href":"https:\/\/www.rijeka.hr\/it\/wp-json\/wp\/v2\/media?parent=1029"}],"wp:term":[{"taxonomy":"post_tag","embeddable":true,"href":"https:\/\/www.rijeka.hr\/it\/wp-json\/wp\/v2\/tags?post=1029"}],"curies":[{"name":"wp","href":"https:\/\/api.w.org\/{rel}","templated":true}]}}