{"id":103,"date":"2016-07-20T16:08:29","date_gmt":"2016-07-20T14:08:29","guid":{"rendered":"https:\/\/www.rijeka.hr\/it\/?page_id=103"},"modified":"2018-06-21T10:32:42","modified_gmt":"2018-06-21T08:32:42","slug":"lospizio-marija-k-kozulic","status":"publish","type":"page","link":"https:\/\/www.rijeka.hr\/it\/temi-per-i-cittadini\/famiglia-e-assistenza-sociale\/salute\/servizi-sanitari-eo-servizi-consultivi\/lospizio-marija-k-kozulic\/","title":{"rendered":"L\u2019ospizio &#8220;Marija K. Kozuli\u0107&#8221;"},"content":{"rendered":"<p>La Caritas dell\u2019Arcidiocesi di Fiume ha fondato un\u2019istituzione di cure palliative, unica nelle nostre terre. <a href=\"http:\/\/hospicij-marijakozulic.hr\/\" target=\"_blank\" rel=\"noopener\">L\u2019ospizio &#8220;Marija K. Kozuli\u0107&#8221; <\/a>\u00e8 stato sistemato all\u2019indirizzo via Tiziano 15 nel rione di Belvedere. L\u2019ospizio assicura le migliori condizioni in cui i malati possono vivere gli ultimi giorni di vita in modo dignitoso, circondati dall\u2019amore e dall\u2019attenzione del personale professionale. Le cure complete all\u2019ospizio includono il sollievo del dolore fisico e la prevenzione degli altri, secondari disturbi di salute e l\u2019assistenza psichica, sociale e spirituale ai malati e alle loro famiglie.<\/p>\n<p>Su 1200 metri quadrati nel rione di Belvedere si trova la struttura stazionaria di cure palliative con una capienza di 14 letti con tutti i contenuti collaterali per i team mobili di cure palliative e uno spazio per l\u2019alloggio dei familiari dei degenti e una parte per l\u2019attivit\u00e0 educativa per i volontari.<\/p>\n<p>Si applicano i criteri di eleggibilit\u00e0 sociali e di salute affinch\u00e9 ai pi\u00f9 bisognosi sarebbe permesso di vivere gli ultimi giorni di vita in modo dignitoso.<\/p>\n<p>L\u2019ospizio \u00e8 stato fondato dall\u2019Arcidiocesi di Fiume, dalla Regione litoraneo \u2013 montana e dalla Citt\u00e0 di Fiume che hanno finanziato il risanamento dell\u2019edificio e l\u2019attrezzamento dello spazio.<\/p>\n","protected":false},"excerpt":{"rendered":"<p>La Caritas dell\u2019Arcidiocesi di Fiume ha fondato un\u2019istituzione di cure palliative, unica nelle nostre terre. L\u2019ospizio &#8220;Marija K. Kozuli\u0107&#8221; \u00e8 stato sistemato all\u2019indirizzo via Tiziano 15 nel rione di Belvedere. L\u2019ospizio assicura le migliori condizioni in cui i malati possono vivere gli ultimi giorni di vita in modo dignitoso, circondati dall\u2019amore e dall\u2019attenzione del personale&#8230;<\/p>\n","protected":false},"author":6,"featured_media":0,"parent":69,"menu_order":0,"comment_status":"closed","ping_status":"closed","template":"","meta":{"_acf_changed":false,"_trash_the_other_posts":false,"footnotes":"","_links_to":"","_links_to_target":""},"tags":[],"class_list":["post-103","page","type-page","status-publish","hentry"],"acf":[],"yoast_head":"<!-- This site is optimized with the Yoast SEO plugin v24.4 - https:\/\/yoast.com\/wordpress\/plugins\/seo\/ -->\n<title>L\u2019ospizio &quot;Marija K. Kozuli\u0107&quot; - Citt\u00e0 di Fiume<\/title>\n<meta name=\"robots\" content=\"index, follow, max-snippet:-1, max-image-preview:large, max-video-preview:-1\" \/>\n<link rel=\"canonical\" href=\"https:\/\/www.rijeka.hr\/it\/temi-per-i-cittadini\/famiglia-e-assistenza-sociale\/salute\/servizi-sanitari-eo-servizi-consultivi\/lospizio-marija-k-kozulic\/\" \/>\n<meta property=\"og:locale\" content=\"it_IT\" \/>\n<meta property=\"og:type\" content=\"article\" \/>\n<meta property=\"og:title\" content=\"L\u2019ospizio &quot;Marija K. Kozuli\u0107&quot; - Citt\u00e0 di Fiume\" \/>\n<meta property=\"og:description\" content=\"La Caritas dell\u2019Arcidiocesi di Fiume ha fondato un\u2019istituzione di cure palliative, unica nelle nostre terre. L\u2019ospizio &#8220;Marija K. Kozuli\u0107&#8221; \u00e8 stato sistemato all\u2019indirizzo via Tiziano 15 nel rione di Belvedere. L\u2019ospizio assicura le migliori condizioni in cui i malati possono vivere gli ultimi giorni di vita in modo dignitoso, circondati dall\u2019amore e dall\u2019attenzione del personale...\" \/>\n<meta property=\"og:url\" content=\"https:\/\/www.rijeka.hr\/it\/temi-per-i-cittadini\/famiglia-e-assistenza-sociale\/salute\/servizi-sanitari-eo-servizi-consultivi\/lospizio-marija-k-kozulic\/\" \/>\n<meta property=\"og:site_name\" content=\"Citt\u00e0 di Fiume\" \/>\n<meta property=\"article:modified_time\" content=\"2018-06-21T08:32:42+00:00\" \/>\n<meta name=\"twitter:card\" content=\"summary_large_image\" \/>\n<meta name=\"twitter:label1\" content=\"Est. reading time\" \/>\n\t<meta name=\"twitter:data1\" content=\"1 minute\" \/>\n<script type=\"application\/ld+json\" class=\"yoast-schema-graph\">{\"@context\":\"https:\/\/schema.org\",\"@graph\":[{\"@type\":\"WebPage\",\"@id\":\"https:\/\/www.rijeka.hr\/it\/temi-per-i-cittadini\/famiglia-e-assistenza-sociale\/salute\/servizi-sanitari-eo-servizi-consultivi\/lospizio-marija-k-kozulic\/\",\"url\":\"https:\/\/www.rijeka.hr\/it\/temi-per-i-cittadini\/famiglia-e-assistenza-sociale\/salute\/servizi-sanitari-eo-servizi-consultivi\/lospizio-marija-k-kozulic\/\",\"name\":\"L\u2019ospizio \\\"Marija K. Kozuli\u0107\\\" - Citt\u00e0 di Fiume\",\"isPartOf\":{\"@id\":\"https:\/\/www.rijeka.hr\/it\/#website\"},\"datePublished\":\"2016-07-20T14:08:29+00:00\",\"dateModified\":\"2018-06-21T08:32:42+00:00\",\"breadcrumb\":{\"@id\":\"https:\/\/www.rijeka.hr\/it\/temi-per-i-cittadini\/famiglia-e-assistenza-sociale\/salute\/servizi-sanitari-eo-servizi-consultivi\/lospizio-marija-k-kozulic\/#breadcrumb\"},\"inLanguage\":\"it-IT\",\"potentialAction\":[{\"@type\":\"ReadAction\",\"target\":[\"https:\/\/www.rijeka.hr\/it\/temi-per-i-cittadini\/famiglia-e-assistenza-sociale\/salute\/servizi-sanitari-eo-servizi-consultivi\/lospizio-marija-k-kozulic\/\"]}]},{\"@type\":\"BreadcrumbList\",\"@id\":\"https:\/\/www.rijeka.hr\/it\/temi-per-i-cittadini\/famiglia-e-assistenza-sociale\/salute\/servizi-sanitari-eo-servizi-consultivi\/lospizio-marija-k-kozulic\/#breadcrumb\",\"itemListElement\":[{\"@type\":\"ListItem\",\"position\":1,\"name\":\"Po\u010detna stranica\",\"item\":\"https:\/\/www.rijeka.hr\/it\/\"},{\"@type\":\"ListItem\",\"position\":2,\"name\":\"Temi per i cittadini\",\"item\":\"https:\/\/www.rijeka.hr\/it\/temi-per-i-cittadini\/\"},{\"@type\":\"ListItem\",\"position\":3,\"name\":\"Famiglia e previdenza sociale\",\"item\":\"https:\/\/www.rijeka.hr\/it\/temi-per-i-cittadini\/famiglia-e-assistenza-sociale\/\"},{\"@type\":\"ListItem\",\"position\":4,\"name\":\"Sanit\u00e0\",\"item\":\"https:\/\/www.rijeka.hr\/it\/temi-per-i-cittadini\/famiglia-e-assistenza-sociale\/salute\/\"},{\"@type\":\"ListItem\",\"position\":5,\"name\":\"Servizi sanitari e\/o servizi consultivi\",\"item\":\"https:\/\/www.rijeka.hr\/it\/temi-per-i-cittadini\/famiglia-e-assistenza-sociale\/salute\/servizi-sanitari-eo-servizi-consultivi\/\"},{\"@type\":\"ListItem\",\"position\":6,\"name\":\"L\u2019ospizio &#8220;Marija K. Kozuli\u0107&#8221;\"}]},{\"@type\":\"WebSite\",\"@id\":\"https:\/\/www.rijeka.hr\/it\/#website\",\"url\":\"https:\/\/www.rijeka.hr\/it\/\",\"name\":\"Citt\u00e0 di Fiume\",\"description\":\"Portale web della Citta&#039; di Fiume\",\"potentialAction\":[{\"@type\":\"SearchAction\",\"target\":{\"@type\":\"EntryPoint\",\"urlTemplate\":\"https:\/\/www.rijeka.hr\/it\/?s={search_term_string}\"},\"query-input\":{\"@type\":\"PropertyValueSpecification\",\"valueRequired\":true,\"valueName\":\"search_term_string\"}}],\"inLanguage\":\"it-IT\"}]}<\/script>\n<!-- \/ Yoast SEO plugin. -->","yoast_head_json":{"title":"L\u2019ospizio \"Marija K. Kozuli\u0107\" - Citt\u00e0 di Fiume","robots":{"index":"index","follow":"follow","max-snippet":"max-snippet:-1","max-image-preview":"max-image-preview:large","max-video-preview":"max-video-preview:-1"},"canonical":"https:\/\/www.rijeka.hr\/it\/temi-per-i-cittadini\/famiglia-e-assistenza-sociale\/salute\/servizi-sanitari-eo-servizi-consultivi\/lospizio-marija-k-kozulic\/","og_locale":"it_IT","og_type":"article","og_title":"L\u2019ospizio \"Marija K. Kozuli\u0107\" - Citt\u00e0 di Fiume","og_description":"La Caritas dell\u2019Arcidiocesi di Fiume ha fondato un\u2019istituzione di cure palliative, unica nelle nostre terre. L\u2019ospizio &#8220;Marija K. Kozuli\u0107&#8221; \u00e8 stato sistemato all\u2019indirizzo via Tiziano 15 nel rione di Belvedere. L\u2019ospizio assicura le migliori condizioni in cui i malati possono vivere gli ultimi giorni di vita in modo dignitoso, circondati dall\u2019amore e dall\u2019attenzione del personale...","og_url":"https:\/\/www.rijeka.hr\/it\/temi-per-i-cittadini\/famiglia-e-assistenza-sociale\/salute\/servizi-sanitari-eo-servizi-consultivi\/lospizio-marija-k-kozulic\/","og_site_name":"Citt\u00e0 di Fiume","article_modified_time":"2018-06-21T08:32:42+00:00","twitter_card":"summary_large_image","twitter_misc":{"Est. reading time":"1 minute"},"schema":{"@context":"https:\/\/schema.org","@graph":[{"@type":"WebPage","@id":"https:\/\/www.rijeka.hr\/it\/temi-per-i-cittadini\/famiglia-e-assistenza-sociale\/salute\/servizi-sanitari-eo-servizi-consultivi\/lospizio-marija-k-kozulic\/","url":"https:\/\/www.rijeka.hr\/it\/temi-per-i-cittadini\/famiglia-e-assistenza-sociale\/salute\/servizi-sanitari-eo-servizi-consultivi\/lospizio-marija-k-kozulic\/","name":"L\u2019ospizio \"Marija K. Kozuli\u0107\" - Citt\u00e0 di Fiume","isPartOf":{"@id":"https:\/\/www.rijeka.hr\/it\/#website"},"datePublished":"2016-07-20T14:08:29+00:00","dateModified":"2018-06-21T08:32:42+00:00","breadcrumb":{"@id":"https:\/\/www.rijeka.hr\/it\/temi-per-i-cittadini\/famiglia-e-assistenza-sociale\/salute\/servizi-sanitari-eo-servizi-consultivi\/lospizio-marija-k-kozulic\/#breadcrumb"},"inLanguage":"it-IT","potentialAction":[{"@type":"ReadAction","target":["https:\/\/www.rijeka.hr\/it\/temi-per-i-cittadini\/famiglia-e-assistenza-sociale\/salute\/servizi-sanitari-eo-servizi-consultivi\/lospizio-marija-k-kozulic\/"]}]},{"@type":"BreadcrumbList","@id":"https:\/\/www.rijeka.hr\/it\/temi-per-i-cittadini\/famiglia-e-assistenza-sociale\/salute\/servizi-sanitari-eo-servizi-consultivi\/lospizio-marija-k-kozulic\/#breadcrumb","itemListElement":[{"@type":"ListItem","position":1,"name":"Po\u010detna stranica","item":"https:\/\/www.rijeka.hr\/it\/"},{"@type":"ListItem","position":2,"name":"Temi per i cittadini","item":"https:\/\/www.rijeka.hr\/it\/temi-per-i-cittadini\/"},{"@type":"ListItem","position":3,"name":"Famiglia e previdenza sociale","item":"https:\/\/www.rijeka.hr\/it\/temi-per-i-cittadini\/famiglia-e-assistenza-sociale\/"},{"@type":"ListItem","position":4,"name":"Sanit\u00e0","item":"https:\/\/www.rijeka.hr\/it\/temi-per-i-cittadini\/famiglia-e-assistenza-sociale\/salute\/"},{"@type":"ListItem","position":5,"name":"Servizi sanitari e\/o servizi consultivi","item":"https:\/\/www.rijeka.hr\/it\/temi-per-i-cittadini\/famiglia-e-assistenza-sociale\/salute\/servizi-sanitari-eo-servizi-consultivi\/"},{"@type":"ListItem","position":6,"name":"L\u2019ospizio &#8220;Marija K. Kozuli\u0107&#8221;"}]},{"@type":"WebSite","@id":"https:\/\/www.rijeka.hr\/it\/#website","url":"https:\/\/www.rijeka.hr\/it\/","name":"Citt\u00e0 di Fiume","description":"Portale web della Citta&#039; di Fiume","potentialAction":[{"@type":"SearchAction","target":{"@type":"EntryPoint","urlTemplate":"https:\/\/www.rijeka.hr\/it\/?s={search_term_string}"},"query-input":{"@type":"PropertyValueSpecification","valueRequired":true,"valueName":"search_term_string"}}],"inLanguage":"it-IT"}]}},"_links":{"self":[{"href":"https:\/\/www.rijeka.hr\/it\/wp-json\/wp\/v2\/pages\/103","targetHints":{"allow":["GET"]}}],"collection":[{"href":"https:\/\/www.rijeka.hr\/it\/wp-json\/wp\/v2\/pages"}],"about":[{"href":"https:\/\/www.rijeka.hr\/it\/wp-json\/wp\/v2\/types\/page"}],"author":[{"embeddable":true,"href":"https:\/\/www.rijeka.hr\/it\/wp-json\/wp\/v2\/users\/6"}],"replies":[{"embeddable":true,"href":"https:\/\/www.rijeka.hr\/it\/wp-json\/wp\/v2\/comments?post=103"}],"version-history":[{"count":4,"href":"https:\/\/www.rijeka.hr\/it\/wp-json\/wp\/v2\/pages\/103\/revisions"}],"predecessor-version":[{"id":16052,"href":"https:\/\/www.rijeka.hr\/it\/wp-json\/wp\/v2\/pages\/103\/revisions\/16052"}],"up":[{"embeddable":true,"href":"https:\/\/www.rijeka.hr\/it\/wp-json\/wp\/v2\/pages\/69"}],"wp:attachment":[{"href":"https:\/\/www.rijeka.hr\/it\/wp-json\/wp\/v2\/media?parent=103"}],"wp:term":[{"taxonomy":"post_tag","embeddable":true,"href":"https:\/\/www.rijeka.hr\/it\/wp-json\/wp\/v2\/tags?post=103"}],"curies":[{"name":"wp","href":"https:\/\/api.w.org\/{rel}","templated":true}]}}