{"id":10368,"date":"2020-05-19T10:46:38","date_gmt":"2020-05-19T08:46:38","guid":{"rendered":"https:\/\/www.rijeka.hr\/it\/?page_id=10368"},"modified":"2022-11-07T12:34:06","modified_gmt":"2022-11-07T11:34:06","slug":"miglioramento-del-sistema-di-trasporto-pubblico","status":"publish","type":"page","link":"https:\/\/www.rijeka.hr\/it\/amministrazione-cittadina\/progetti-dellue\/progetti-chiusi\/miglioramento-del-sistema-di-trasporto-pubblico\/","title":{"rendered":"Potenziamento del sistema di trasporto pubblico"},"content":{"rendered":"<h3>Nome del progetto:<\/h3>\n<h3>Potenziamento del sistema di trasporto pubblico<\/h3>\n<p><img loading=\"lazy\" decoding=\"async\" width=\"1000\" height=\"377\" class=\"aligncenter wp-image-10371 size-full\" src=\"https:\/\/www.rijeka.hr\/it\/wp-content\/uploads\/sites\/3\/2020\/05\/Europski-fond-za-regionalni-razvoj-1000x377.jpg\" alt=\"\" srcset=\"https:\/\/www.rijeka.hr\/it\/wp-content\/uploads\/sites\/3\/2020\/05\/Europski-fond-za-regionalni-razvoj-1000x377.jpg 1000w, https:\/\/www.rijeka.hr\/it\/wp-content\/uploads\/sites\/3\/2020\/05\/Europski-fond-za-regionalni-razvoj-1000x377-600x226.jpg 600w, https:\/\/www.rijeka.hr\/it\/wp-content\/uploads\/sites\/3\/2020\/05\/Europski-fond-za-regionalni-razvoj-1000x377-768x290.jpg 768w\" sizes=\"(max-width: 1000px) 100vw, 1000px\" \/><\/p>\n<h3>Breve descrizione del progetto:<\/h3>\n<p>Il progetto rappresenta l&#8217;ammodernamento della flotta dei veicoli esistente grazie all&#8217;acquisizione di 32 nuovi autobus. Nell&#8217;ambito del progetto, verranno introdotti i display informativi che annunciano gli arrivi degli autobus alle fermate, inoltre, verranno introdotti semafori intelligenti a 6 incroci in citt\u00e0 e verr\u00e0 sviluppata un&#8217;applicazione mobile e web che annuncia gli arrivi degli autobus alle fermate degli autobus.<\/p>\n<p>Il progetto \u00e8 in corso di attuazione nell&#8217;ambito del programma operativo &#8220;Competitivit\u00e0 e coesione 2014-2020&#8221;, nell&#8217;ambito dell&#8217;asse prioritario 7 &#8220;Connettivit\u00e0 e mobilit\u00e0&#8221;, Priorit\u00e0 di investimento 7ii Sviluppo e potenziamento dei sistemi di trasporto ecocompatibili (compresi quelli con bassi livelli di rumore) e sistemi di trasporto a basse emissioni di carbonio, comprese le vie navigabili interne e il trasporto marittimo, porti, collegamenti multimodali e infrastrutture aeroportuali, al fine di promuovere la mobilit\u00e0 regionale e locale sostenibile.<\/p>\n<p>L&#8217;obiettivo specifico 7ii2 &#8220;Aumentare il numero di passeggeri trasportati nel trasporto pubblico urbano&#8221; mira a migliorare il trasporto pubblico urbano, in particolare attraverso capacit\u00e0 sostenibili a basse emissioni di carbonio. L&#8217;attuazione di questo obiettivo comporter\u00e0 l&#8217;aumento della capacit\u00e0 e dell&#8217;uso del trasporto pubblico urbano, nonch\u00e9 la promozione del cambiamento nella forma di trasporto, vale a dire il rafforzamento della competitivit\u00e0 del trasporto pubblico in relazione alle autovetture.<\/p>\n<h3>Obiettivi del progetto:<\/h3>\n<p>Migliorare le capacit\u00e0 aumentando la velocit\u00e0 di viaggio e riducendo i costi operativi, migliorando l&#8217;affidabilit\u00e0 e la sicurezza del traffico, riducendo le emissioni e l&#8217;inquinamento atmosferico, aumentando il numero di passeggeri trasportati nel trasporto pubblico in relazione alle autovetture, adattandosi alle norme dell&#8217;UE, introducendo moderni sistemi di informazione dei passeggeri e aumentando la disponibilit\u00e0 di informazioni per i passeggeri.<\/p>\n<h3>Risultati attesi del progetto:<\/h3>\n<p>Acquisizione e messa in servizio di una nuova flotta di veicoli passeggeri, l\u2019introduzione di display informativi che annunciano gli arrivi degli autobus alle fermate degli autobus, introduzione di semafori intelligenti in 6 incroci nel territorio della citt\u00e0 di Fiume e sviluppo di un&#8217;applicazione mobile e web che annuncia gli arrivi degli autobus sulle fermate degli autobus.<\/p>\n<h3>Valore totale del progetto: 81.003.357,91 HRK<\/h3>\n<h3>Sovvenzione dell&#8217;UE: 65.602.795,91 HRK<\/h3>\n<h3>Periodo di attuazione del progetto: 19 novembre 2019 -19 novembre 2021<\/h3>\n<p><strong>Persona di contatto per ulteriori informazioni:<\/strong><br \/>\nSnje\u017eana Ba\u017edari\u0107<br \/>\nE-mail:<a href=\"&#109;a&#x69;l&#x74;o&#x3a;&#115;&#x6e;&#106;&#x65;&#122;a&#x6e;a&#x2e;b&#x61;&#122;&#x64;&#97;&#x72;&#105;&#x63;&#64;r&#x69;j&#x65;k&#x61;&#46;&#x68;&#114;\"> &#115;&#x6e;j&#x65;&#x7a;&#97;&#x6e;a&#x2e;&#x62;&#97;&#x7a;d&#x61;&#x72;&#105;&#x63;&#64;&#x72;&#x69;&#106;&#x65;k&#x61;&#x2e;&#104;&#x72;<\/a><br \/>\nTel: <a href=\"tel:\/\/+385 51 209 927\">051 209 927<\/a><\/p>\n","protected":false},"excerpt":{"rendered":"<p>Nome del progetto: Potenziamento del sistema di trasporto pubblico Breve descrizione del progetto: Il progetto rappresenta l&#8217;ammodernamento della flotta dei veicoli esistente grazie all&#8217;acquisizione di 32 nuovi autobus. Nell&#8217;ambito del progetto, verranno introdotti i display informativi che annunciano gli arrivi degli autobus alle fermate, inoltre, verranno introdotti semafori intelligenti a 6 incroci in citt\u00e0 e&#8230;<\/p>\n","protected":false},"author":5,"featured_media":11617,"parent":2062,"menu_order":0,"comment_status":"closed","ping_status":"closed","template":"","meta":{"_acf_changed":false,"_trash_the_other_posts":false,"footnotes":"","_links_to":"","_links_to_target":""},"tags":[],"class_list":["post-10368","page","type-page","status-publish","has-post-thumbnail","hentry"],"acf":[],"yoast_head":"<!-- This site is optimized with the Yoast SEO plugin v24.4 - https:\/\/yoast.com\/wordpress\/plugins\/seo\/ -->\n<title>Potenziamento del sistema di trasporto pubblico - Citt\u00e0 di Fiume<\/title>\n<meta name=\"robots\" content=\"index, follow, max-snippet:-1, max-image-preview:large, max-video-preview:-1\" \/>\n<link rel=\"canonical\" href=\"https:\/\/www.rijeka.hr\/it\/amministrazione-cittadina\/progetti-dellue\/progetti-chiusi\/miglioramento-del-sistema-di-trasporto-pubblico\/\" \/>\n<meta property=\"og:locale\" content=\"it_IT\" \/>\n<meta property=\"og:type\" content=\"article\" \/>\n<meta property=\"og:title\" content=\"Potenziamento del sistema di trasporto pubblico - Citt\u00e0 di Fiume\" \/>\n<meta property=\"og:description\" content=\"Nome del progetto: Potenziamento del sistema di trasporto pubblico Breve descrizione del progetto: Il progetto rappresenta l&#8217;ammodernamento della flotta dei veicoli esistente grazie all&#8217;acquisizione di 32 nuovi autobus. Nell&#8217;ambito del progetto, verranno introdotti i display informativi che annunciano gli arrivi degli autobus alle fermate, inoltre, verranno introdotti semafori intelligenti a 6 incroci in citt\u00e0 e...\" \/>\n<meta property=\"og:url\" content=\"https:\/\/www.rijeka.hr\/it\/amministrazione-cittadina\/progetti-dellue\/progetti-chiusi\/miglioramento-del-sistema-di-trasporto-pubblico\/\" \/>\n<meta property=\"og:site_name\" content=\"Citt\u00e0 di Fiume\" \/>\n<meta property=\"article:modified_time\" content=\"2022-11-07T11:34:06+00:00\" \/>\n<meta property=\"og:image\" content=\"https:\/\/www.rijeka.hr\/it\/wp-content\/uploads\/sites\/3\/2020\/11\/Novi-autobusi.jpg\" \/>\n\t<meta property=\"og:image:width\" content=\"800\" \/>\n\t<meta property=\"og:image:height\" content=\"533\" \/>\n\t<meta property=\"og:image:type\" content=\"image\/jpeg\" \/>\n<meta name=\"twitter:card\" content=\"summary_large_image\" \/>\n<meta name=\"twitter:label1\" content=\"Est. reading time\" \/>\n\t<meta name=\"twitter:data1\" content=\"2 minutes\" \/>\n<script type=\"application\/ld+json\" class=\"yoast-schema-graph\">{\"@context\":\"https:\/\/schema.org\",\"@graph\":[{\"@type\":\"WebPage\",\"@id\":\"https:\/\/www.rijeka.hr\/it\/amministrazione-cittadina\/progetti-dellue\/progetti-chiusi\/miglioramento-del-sistema-di-trasporto-pubblico\/\",\"url\":\"https:\/\/www.rijeka.hr\/it\/amministrazione-cittadina\/progetti-dellue\/progetti-chiusi\/miglioramento-del-sistema-di-trasporto-pubblico\/\",\"name\":\"Potenziamento del sistema di trasporto pubblico - Citt\u00e0 di Fiume\",\"isPartOf\":{\"@id\":\"https:\/\/www.rijeka.hr\/it\/#website\"},\"primaryImageOfPage\":{\"@id\":\"https:\/\/www.rijeka.hr\/it\/amministrazione-cittadina\/progetti-dellue\/progetti-chiusi\/miglioramento-del-sistema-di-trasporto-pubblico\/#primaryimage\"},\"image\":{\"@id\":\"https:\/\/www.rijeka.hr\/it\/amministrazione-cittadina\/progetti-dellue\/progetti-chiusi\/miglioramento-del-sistema-di-trasporto-pubblico\/#primaryimage\"},\"thumbnailUrl\":\"https:\/\/www.rijeka.hr\/it\/wp-content\/uploads\/sites\/3\/2020\/11\/Novi-autobusi.jpg\",\"datePublished\":\"2020-05-19T08:46:38+00:00\",\"dateModified\":\"2022-11-07T11:34:06+00:00\",\"breadcrumb\":{\"@id\":\"https:\/\/www.rijeka.hr\/it\/amministrazione-cittadina\/progetti-dellue\/progetti-chiusi\/miglioramento-del-sistema-di-trasporto-pubblico\/#breadcrumb\"},\"inLanguage\":\"it-IT\",\"potentialAction\":[{\"@type\":\"ReadAction\",\"target\":[\"https:\/\/www.rijeka.hr\/it\/amministrazione-cittadina\/progetti-dellue\/progetti-chiusi\/miglioramento-del-sistema-di-trasporto-pubblico\/\"]}]},{\"@type\":\"ImageObject\",\"inLanguage\":\"it-IT\",\"@id\":\"https:\/\/www.rijeka.hr\/it\/amministrazione-cittadina\/progetti-dellue\/progetti-chiusi\/miglioramento-del-sistema-di-trasporto-pubblico\/#primaryimage\",\"url\":\"https:\/\/www.rijeka.hr\/it\/wp-content\/uploads\/sites\/3\/2020\/11\/Novi-autobusi.jpg\",\"contentUrl\":\"https:\/\/www.rijeka.hr\/it\/wp-content\/uploads\/sites\/3\/2020\/11\/Novi-autobusi.jpg\",\"width\":800,\"height\":533},{\"@type\":\"BreadcrumbList\",\"@id\":\"https:\/\/www.rijeka.hr\/it\/amministrazione-cittadina\/progetti-dellue\/progetti-chiusi\/miglioramento-del-sistema-di-trasporto-pubblico\/#breadcrumb\",\"itemListElement\":[{\"@type\":\"ListItem\",\"position\":1,\"name\":\"Po\u010detna stranica\",\"item\":\"https:\/\/www.rijeka.hr\/it\/\"},{\"@type\":\"ListItem\",\"position\":2,\"name\":\"Amministrazione cittadina\",\"item\":\"https:\/\/www.rijeka.hr\/it\/amministrazione-cittadina\/\"},{\"@type\":\"ListItem\",\"position\":3,\"name\":\"Progetti dell&#8217;UE\",\"item\":\"https:\/\/www.rijeka.hr\/it\/amministrazione-cittadina\/progetti-dellue\/\"},{\"@type\":\"ListItem\",\"position\":4,\"name\":\"Progetti chiusi\",\"item\":\"https:\/\/www.rijeka.hr\/it\/amministrazione-cittadina\/progetti-dellue\/progetti-chiusi\/\"},{\"@type\":\"ListItem\",\"position\":5,\"name\":\"Potenziamento del sistema di trasporto pubblico\"}]},{\"@type\":\"WebSite\",\"@id\":\"https:\/\/www.rijeka.hr\/it\/#website\",\"url\":\"https:\/\/www.rijeka.hr\/it\/\",\"name\":\"Citt\u00e0 di Fiume\",\"description\":\"Portale web della Citta&#039; di Fiume\",\"potentialAction\":[{\"@type\":\"SearchAction\",\"target\":{\"@type\":\"EntryPoint\",\"urlTemplate\":\"https:\/\/www.rijeka.hr\/it\/?s={search_term_string}\"},\"query-input\":{\"@type\":\"PropertyValueSpecification\",\"valueRequired\":true,\"valueName\":\"search_term_string\"}}],\"inLanguage\":\"it-IT\"}]}<\/script>\n<!-- \/ Yoast SEO plugin. -->","yoast_head_json":{"title":"Potenziamento del sistema di trasporto pubblico - Citt\u00e0 di Fiume","robots":{"index":"index","follow":"follow","max-snippet":"max-snippet:-1","max-image-preview":"max-image-preview:large","max-video-preview":"max-video-preview:-1"},"canonical":"https:\/\/www.rijeka.hr\/it\/amministrazione-cittadina\/progetti-dellue\/progetti-chiusi\/miglioramento-del-sistema-di-trasporto-pubblico\/","og_locale":"it_IT","og_type":"article","og_title":"Potenziamento del sistema di trasporto pubblico - Citt\u00e0 di Fiume","og_description":"Nome del progetto: Potenziamento del sistema di trasporto pubblico Breve descrizione del progetto: Il progetto rappresenta l&#8217;ammodernamento della flotta dei veicoli esistente grazie all&#8217;acquisizione di 32 nuovi autobus. Nell&#8217;ambito del progetto, verranno introdotti i display informativi che annunciano gli arrivi degli autobus alle fermate, inoltre, verranno introdotti semafori intelligenti a 6 incroci in citt\u00e0 e...","og_url":"https:\/\/www.rijeka.hr\/it\/amministrazione-cittadina\/progetti-dellue\/progetti-chiusi\/miglioramento-del-sistema-di-trasporto-pubblico\/","og_site_name":"Citt\u00e0 di Fiume","article_modified_time":"2022-11-07T11:34:06+00:00","og_image":[{"width":800,"height":533,"url":"https:\/\/www.rijeka.hr\/it\/wp-content\/uploads\/sites\/3\/2020\/11\/Novi-autobusi.jpg","type":"image\/jpeg"}],"twitter_card":"summary_large_image","twitter_misc":{"Est. reading time":"2 minutes"},"schema":{"@context":"https:\/\/schema.org","@graph":[{"@type":"WebPage","@id":"https:\/\/www.rijeka.hr\/it\/amministrazione-cittadina\/progetti-dellue\/progetti-chiusi\/miglioramento-del-sistema-di-trasporto-pubblico\/","url":"https:\/\/www.rijeka.hr\/it\/amministrazione-cittadina\/progetti-dellue\/progetti-chiusi\/miglioramento-del-sistema-di-trasporto-pubblico\/","name":"Potenziamento del sistema di trasporto pubblico - Citt\u00e0 di Fiume","isPartOf":{"@id":"https:\/\/www.rijeka.hr\/it\/#website"},"primaryImageOfPage":{"@id":"https:\/\/www.rijeka.hr\/it\/amministrazione-cittadina\/progetti-dellue\/progetti-chiusi\/miglioramento-del-sistema-di-trasporto-pubblico\/#primaryimage"},"image":{"@id":"https:\/\/www.rijeka.hr\/it\/amministrazione-cittadina\/progetti-dellue\/progetti-chiusi\/miglioramento-del-sistema-di-trasporto-pubblico\/#primaryimage"},"thumbnailUrl":"https:\/\/www.rijeka.hr\/it\/wp-content\/uploads\/sites\/3\/2020\/11\/Novi-autobusi.jpg","datePublished":"2020-05-19T08:46:38+00:00","dateModified":"2022-11-07T11:34:06+00:00","breadcrumb":{"@id":"https:\/\/www.rijeka.hr\/it\/amministrazione-cittadina\/progetti-dellue\/progetti-chiusi\/miglioramento-del-sistema-di-trasporto-pubblico\/#breadcrumb"},"inLanguage":"it-IT","potentialAction":[{"@type":"ReadAction","target":["https:\/\/www.rijeka.hr\/it\/amministrazione-cittadina\/progetti-dellue\/progetti-chiusi\/miglioramento-del-sistema-di-trasporto-pubblico\/"]}]},{"@type":"ImageObject","inLanguage":"it-IT","@id":"https:\/\/www.rijeka.hr\/it\/amministrazione-cittadina\/progetti-dellue\/progetti-chiusi\/miglioramento-del-sistema-di-trasporto-pubblico\/#primaryimage","url":"https:\/\/www.rijeka.hr\/it\/wp-content\/uploads\/sites\/3\/2020\/11\/Novi-autobusi.jpg","contentUrl":"https:\/\/www.rijeka.hr\/it\/wp-content\/uploads\/sites\/3\/2020\/11\/Novi-autobusi.jpg","width":800,"height":533},{"@type":"BreadcrumbList","@id":"https:\/\/www.rijeka.hr\/it\/amministrazione-cittadina\/progetti-dellue\/progetti-chiusi\/miglioramento-del-sistema-di-trasporto-pubblico\/#breadcrumb","itemListElement":[{"@type":"ListItem","position":1,"name":"Po\u010detna stranica","item":"https:\/\/www.rijeka.hr\/it\/"},{"@type":"ListItem","position":2,"name":"Amministrazione cittadina","item":"https:\/\/www.rijeka.hr\/it\/amministrazione-cittadina\/"},{"@type":"ListItem","position":3,"name":"Progetti dell&#8217;UE","item":"https:\/\/www.rijeka.hr\/it\/amministrazione-cittadina\/progetti-dellue\/"},{"@type":"ListItem","position":4,"name":"Progetti chiusi","item":"https:\/\/www.rijeka.hr\/it\/amministrazione-cittadina\/progetti-dellue\/progetti-chiusi\/"},{"@type":"ListItem","position":5,"name":"Potenziamento del sistema di trasporto pubblico"}]},{"@type":"WebSite","@id":"https:\/\/www.rijeka.hr\/it\/#website","url":"https:\/\/www.rijeka.hr\/it\/","name":"Citt\u00e0 di Fiume","description":"Portale web della Citta&#039; di Fiume","potentialAction":[{"@type":"SearchAction","target":{"@type":"EntryPoint","urlTemplate":"https:\/\/www.rijeka.hr\/it\/?s={search_term_string}"},"query-input":{"@type":"PropertyValueSpecification","valueRequired":true,"valueName":"search_term_string"}}],"inLanguage":"it-IT"}]}},"_links":{"self":[{"href":"https:\/\/www.rijeka.hr\/it\/wp-json\/wp\/v2\/pages\/10368","targetHints":{"allow":["GET"]}}],"collection":[{"href":"https:\/\/www.rijeka.hr\/it\/wp-json\/wp\/v2\/pages"}],"about":[{"href":"https:\/\/www.rijeka.hr\/it\/wp-json\/wp\/v2\/types\/page"}],"author":[{"embeddable":true,"href":"https:\/\/www.rijeka.hr\/it\/wp-json\/wp\/v2\/users\/5"}],"replies":[{"embeddable":true,"href":"https:\/\/www.rijeka.hr\/it\/wp-json\/wp\/v2\/comments?post=10368"}],"version-history":[{"count":5,"href":"https:\/\/www.rijeka.hr\/it\/wp-json\/wp\/v2\/pages\/10368\/revisions"}],"predecessor-version":[{"id":12442,"href":"https:\/\/www.rijeka.hr\/it\/wp-json\/wp\/v2\/pages\/10368\/revisions\/12442"}],"up":[{"embeddable":true,"href":"https:\/\/www.rijeka.hr\/it\/wp-json\/wp\/v2\/pages\/2062"}],"wp:featuredmedia":[{"embeddable":true,"href":"https:\/\/www.rijeka.hr\/it\/wp-json\/wp\/v2\/media\/11617"}],"wp:attachment":[{"href":"https:\/\/www.rijeka.hr\/it\/wp-json\/wp\/v2\/media?parent=10368"}],"wp:term":[{"taxonomy":"post_tag","embeddable":true,"href":"https:\/\/www.rijeka.hr\/it\/wp-json\/wp\/v2\/tags?post=10368"}],"curies":[{"name":"wp","href":"https:\/\/api.w.org\/{rel}","templated":true}]}}