{"id":10373,"date":"2020-05-19T12:49:06","date_gmt":"2020-05-19T10:49:06","guid":{"rendered":"https:\/\/www.rijeka.hr\/it\/?page_id=10373"},"modified":"2024-01-18T14:29:34","modified_gmt":"2024-01-18T13:29:34","slug":"tempus-usi-temporanei-come-azioni-per-innescare-il-miglioramento-del-patrimonio-intangibile-dei-porti","status":"publish","type":"page","link":"https:\/\/www.rijeka.hr\/it\/amministrazione-cittadina\/progetti-dellue\/progetti-chiusi\/tempus-usi-temporanei-come-azioni-per-innescare-il-miglioramento-del-patrimonio-intangibile-dei-porti\/","title":{"rendered":"TEMPUS: usi temporanei&#8221; come azioni per innescare il miglioramento del patrimonio (in)tangibile dei porti"},"content":{"rendered":"<h3>Descrizione:<\/h3>\n<p>Il progetto TEMPUS mira a collegare le citt\u00e0 con i loro porti e a creare una nuova area per la vita sociale che incoragger\u00e0 l&#8217;imprenditorialit\u00e0 creativa, nonch\u00e9 le iniziative imprenditoriali nel campo della cultura e del turismo.<\/p>\n<p><img loading=\"lazy\" decoding=\"async\" width=\"600\" height=\"370\" class=\"alignleft wp-image-10375 size-medium\" style=\"margin-bottom: 0.833333rem; font-size: 17px;\" src=\"https:\/\/www.rijeka.hr\/it\/wp-content\/uploads\/sites\/3\/2020\/05\/Tempus-600x370-600x370.jpg\" alt=\"\" \/><\/p>\n<p>Durante la vita del progetto, i partner del progetto realizzeranno tre progetti pilota a Fiume e in altri porti dell&#8217;Adriatico, al fine di incoraggiare la valorizzazione di questo spazio e rigenerarlo per nuovi utenti.<\/p>\n<p>A lungo termine, il progetto mira a incoraggiare lo sviluppo economico sulla base della valorizzazione del patrimonio tangibile e immateriale nascosto dei porti, compresi lo sfondo archeologico e il contesto naturale, a partire da attivit\u00e0 volte all&#8217;uso temporaneo.<\/p>\n<h3>Obiettivi:<\/h3>\n<ul>\n<li>Valorizzazione del patrimonio culturale dei porti cittadini che incoragger\u00e0 il rinnovamento e la riqualificazione di edifici e luoghi storici<\/li>\n<li>Incoraggiare interventi finanziari su piccola scala che creeranno collegamenti tra cultura, imprenditori, societ\u00e0 e valori<\/li>\n<li>Creazione di nuovi contenuti cittadini che attireranno i turisti oltre la normale offerta turistica<\/li>\n<li>Diffusione della cultura imprenditoriale e incoraggiamento di iniziative imprenditoriali basate sul turismo sostenibile<\/li>\n<li>Creazione di una nuova comunit\u00e0 dedicata allo sviluppo sostenibile del patrimonio portuale dell&#8217;Adriatico al fine di generare nuovo sviluppo economico includendo questo patrimonio<\/li>\n<\/ul>\n<h3>Partner progettuali:<\/h3>\n<ul>\n<li>Istituto italiano di tecnologia \u2013 Consiglio nazionale della ricerca, partner capofila, Italia<\/li>\n<li>Confederazione nazionale dell&#8217;artigianato e della piccola e media impresa \u2013 Associazione provinciale di Ravenna, Italia<\/li>\n<li>Alma Mater Studiorum \u2013 Universit\u00e0 degli studi di Bologna, Italia<\/li>\n<li>CERTIMAC \u2013 Certificazione dei materiali da costruzione, Italia<\/li>\n<li>Porin, agenzia di sviluppo di Fiume<\/li>\n<li>Istituto RERA per il coordinamento e lo sviluppo della Regione spalatino \u2013 dalmata<\/li>\n<li>Citt\u00e0 di Salona<\/li>\n<li>Museo marittimo e storico del litorale croato, Fiume<\/li>\n<li>Citt\u00e0 di Fiume<\/li>\n<\/ul>\n<h3>Finanziato nell&#8217;ambito del programma Interreg Italia &#8211; Croazia<\/h3>\n<h3>Durata del progetto: 1 gennaio 2019 \u2013 30 marzo 2023<\/h3>\n<h3>Budget:<\/h3>\n<ul>\n<li>Valore totale del progetto: 2.706.920,00 \u20ac<\/li>\n<li>Sovvenzione dell&#8217;UE: 2.300.882,00 \u20ac<\/li>\n<li>Bilancio della Citt\u00e0 di Fiume: 188.980,00 \u20ac<\/li>\n<\/ul>\n<h3>Sito web del progetto:<\/h3>\n<p><a href=\"https:\/\/www.italy-croatia.eu\/web\/tempus\">https:\/\/www.italy-croatia.eu\/web\/tempus<\/a><\/p>\n","protected":false},"excerpt":{"rendered":"<p>Descrizione: Il progetto TEMPUS mira a collegare le citt\u00e0 con i loro porti e a creare una nuova area per la vita sociale che incoragger\u00e0 l&#8217;imprenditorialit\u00e0 creativa, nonch\u00e9 le iniziative imprenditoriali nel campo della cultura e del turismo. Durante la vita del progetto, i partner del progetto realizzeranno tre progetti pilota a Fiume e in&#8230;<\/p>\n","protected":false},"author":5,"featured_media":11631,"parent":2062,"menu_order":0,"comment_status":"closed","ping_status":"closed","template":"","meta":{"_acf_changed":false,"_trash_the_other_posts":false,"footnotes":"","_links_to":"","_links_to_target":""},"tags":[],"class_list":["post-10373","page","type-page","status-publish","has-post-thumbnail","hentry"],"acf":[],"yoast_head":"<!-- This site is optimized with the Yoast SEO plugin v24.4 - https:\/\/yoast.com\/wordpress\/plugins\/seo\/ -->\n<title>TEMPUS: usi temporanei&quot; come azioni per innescare il miglioramento del patrimonio (in)tangibile dei porti - Citt\u00e0 di Fiume<\/title>\n<meta name=\"robots\" content=\"index, follow, max-snippet:-1, max-image-preview:large, max-video-preview:-1\" \/>\n<link rel=\"canonical\" href=\"https:\/\/www.rijeka.hr\/it\/amministrazione-cittadina\/progetti-dellue\/progetti-chiusi\/tempus-usi-temporanei-come-azioni-per-innescare-il-miglioramento-del-patrimonio-intangibile-dei-porti\/\" \/>\n<meta property=\"og:locale\" content=\"it_IT\" \/>\n<meta property=\"og:type\" content=\"article\" \/>\n<meta property=\"og:title\" content=\"TEMPUS: usi temporanei&quot; come azioni per innescare il miglioramento del patrimonio (in)tangibile dei porti - Citt\u00e0 di Fiume\" \/>\n<meta property=\"og:description\" content=\"Descrizione: Il progetto TEMPUS mira a collegare le citt\u00e0 con i loro porti e a creare una nuova area per la vita sociale che incoragger\u00e0 l&#8217;imprenditorialit\u00e0 creativa, nonch\u00e9 le iniziative imprenditoriali nel campo della cultura e del turismo. Durante la vita del progetto, i partner del progetto realizzeranno tre progetti pilota a Fiume e in...\" \/>\n<meta property=\"og:url\" content=\"https:\/\/www.rijeka.hr\/it\/amministrazione-cittadina\/progetti-dellue\/progetti-chiusi\/tempus-usi-temporanei-come-azioni-per-innescare-il-miglioramento-del-patrimonio-intangibile-dei-porti\/\" \/>\n<meta property=\"og:site_name\" content=\"Citt\u00e0 di Fiume\" \/>\n<meta property=\"article:modified_time\" content=\"2024-01-18T13:29:34+00:00\" \/>\n<meta property=\"og:image\" content=\"https:\/\/www.rijeka.hr\/it\/wp-content\/uploads\/sites\/3\/2020\/11\/TEMPUS.jpg\" \/>\n\t<meta property=\"og:image:width\" content=\"604\" \/>\n\t<meta property=\"og:image:height\" content=\"351\" \/>\n\t<meta property=\"og:image:type\" content=\"image\/jpeg\" \/>\n<meta name=\"twitter:card\" content=\"summary_large_image\" \/>\n<meta name=\"twitter:label1\" content=\"Est. reading time\" \/>\n\t<meta name=\"twitter:data1\" content=\"2 minutes\" \/>\n<script type=\"application\/ld+json\" class=\"yoast-schema-graph\">{\"@context\":\"https:\/\/schema.org\",\"@graph\":[{\"@type\":\"WebPage\",\"@id\":\"https:\/\/www.rijeka.hr\/it\/amministrazione-cittadina\/progetti-dellue\/progetti-chiusi\/tempus-usi-temporanei-come-azioni-per-innescare-il-miglioramento-del-patrimonio-intangibile-dei-porti\/\",\"url\":\"https:\/\/www.rijeka.hr\/it\/amministrazione-cittadina\/progetti-dellue\/progetti-chiusi\/tempus-usi-temporanei-come-azioni-per-innescare-il-miglioramento-del-patrimonio-intangibile-dei-porti\/\",\"name\":\"TEMPUS: usi temporanei\\\" come azioni per innescare il miglioramento del patrimonio (in)tangibile dei porti - Citt\u00e0 di Fiume\",\"isPartOf\":{\"@id\":\"https:\/\/www.rijeka.hr\/it\/#website\"},\"primaryImageOfPage\":{\"@id\":\"https:\/\/www.rijeka.hr\/it\/amministrazione-cittadina\/progetti-dellue\/progetti-chiusi\/tempus-usi-temporanei-come-azioni-per-innescare-il-miglioramento-del-patrimonio-intangibile-dei-porti\/#primaryimage\"},\"image\":{\"@id\":\"https:\/\/www.rijeka.hr\/it\/amministrazione-cittadina\/progetti-dellue\/progetti-chiusi\/tempus-usi-temporanei-come-azioni-per-innescare-il-miglioramento-del-patrimonio-intangibile-dei-porti\/#primaryimage\"},\"thumbnailUrl\":\"https:\/\/www.rijeka.hr\/it\/wp-content\/uploads\/sites\/3\/2020\/11\/TEMPUS.jpg\",\"datePublished\":\"2020-05-19T10:49:06+00:00\",\"dateModified\":\"2024-01-18T13:29:34+00:00\",\"breadcrumb\":{\"@id\":\"https:\/\/www.rijeka.hr\/it\/amministrazione-cittadina\/progetti-dellue\/progetti-chiusi\/tempus-usi-temporanei-come-azioni-per-innescare-il-miglioramento-del-patrimonio-intangibile-dei-porti\/#breadcrumb\"},\"inLanguage\":\"it-IT\",\"potentialAction\":[{\"@type\":\"ReadAction\",\"target\":[\"https:\/\/www.rijeka.hr\/it\/amministrazione-cittadina\/progetti-dellue\/progetti-chiusi\/tempus-usi-temporanei-come-azioni-per-innescare-il-miglioramento-del-patrimonio-intangibile-dei-porti\/\"]}]},{\"@type\":\"ImageObject\",\"inLanguage\":\"it-IT\",\"@id\":\"https:\/\/www.rijeka.hr\/it\/amministrazione-cittadina\/progetti-dellue\/progetti-chiusi\/tempus-usi-temporanei-come-azioni-per-innescare-il-miglioramento-del-patrimonio-intangibile-dei-porti\/#primaryimage\",\"url\":\"https:\/\/www.rijeka.hr\/it\/wp-content\/uploads\/sites\/3\/2020\/11\/TEMPUS.jpg\",\"contentUrl\":\"https:\/\/www.rijeka.hr\/it\/wp-content\/uploads\/sites\/3\/2020\/11\/TEMPUS.jpg\",\"width\":604,\"height\":351},{\"@type\":\"BreadcrumbList\",\"@id\":\"https:\/\/www.rijeka.hr\/it\/amministrazione-cittadina\/progetti-dellue\/progetti-chiusi\/tempus-usi-temporanei-come-azioni-per-innescare-il-miglioramento-del-patrimonio-intangibile-dei-porti\/#breadcrumb\",\"itemListElement\":[{\"@type\":\"ListItem\",\"position\":1,\"name\":\"Po\u010detna stranica\",\"item\":\"https:\/\/www.rijeka.hr\/it\/\"},{\"@type\":\"ListItem\",\"position\":2,\"name\":\"Amministrazione cittadina\",\"item\":\"https:\/\/www.rijeka.hr\/it\/amministrazione-cittadina\/\"},{\"@type\":\"ListItem\",\"position\":3,\"name\":\"Progetti dell&#8217;UE\",\"item\":\"https:\/\/www.rijeka.hr\/it\/amministrazione-cittadina\/progetti-dellue\/\"},{\"@type\":\"ListItem\",\"position\":4,\"name\":\"Progetti chiusi\",\"item\":\"https:\/\/www.rijeka.hr\/it\/amministrazione-cittadina\/progetti-dellue\/progetti-chiusi\/\"},{\"@type\":\"ListItem\",\"position\":5,\"name\":\"TEMPUS: usi temporanei&#8221; come azioni per innescare il miglioramento del patrimonio (in)tangibile dei porti\"}]},{\"@type\":\"WebSite\",\"@id\":\"https:\/\/www.rijeka.hr\/it\/#website\",\"url\":\"https:\/\/www.rijeka.hr\/it\/\",\"name\":\"Citt\u00e0 di Fiume\",\"description\":\"Portale web della Citta&#039; di Fiume\",\"potentialAction\":[{\"@type\":\"SearchAction\",\"target\":{\"@type\":\"EntryPoint\",\"urlTemplate\":\"https:\/\/www.rijeka.hr\/it\/?s={search_term_string}\"},\"query-input\":{\"@type\":\"PropertyValueSpecification\",\"valueRequired\":true,\"valueName\":\"search_term_string\"}}],\"inLanguage\":\"it-IT\"}]}<\/script>\n<!-- \/ Yoast SEO plugin. -->","yoast_head_json":{"title":"TEMPUS: usi temporanei\" come azioni per innescare il miglioramento del patrimonio (in)tangibile dei porti - Citt\u00e0 di Fiume","robots":{"index":"index","follow":"follow","max-snippet":"max-snippet:-1","max-image-preview":"max-image-preview:large","max-video-preview":"max-video-preview:-1"},"canonical":"https:\/\/www.rijeka.hr\/it\/amministrazione-cittadina\/progetti-dellue\/progetti-chiusi\/tempus-usi-temporanei-come-azioni-per-innescare-il-miglioramento-del-patrimonio-intangibile-dei-porti\/","og_locale":"it_IT","og_type":"article","og_title":"TEMPUS: usi temporanei\" come azioni per innescare il miglioramento del patrimonio (in)tangibile dei porti - Citt\u00e0 di Fiume","og_description":"Descrizione: Il progetto TEMPUS mira a collegare le citt\u00e0 con i loro porti e a creare una nuova area per la vita sociale che incoragger\u00e0 l&#8217;imprenditorialit\u00e0 creativa, nonch\u00e9 le iniziative imprenditoriali nel campo della cultura e del turismo. Durante la vita del progetto, i partner del progetto realizzeranno tre progetti pilota a Fiume e in...","og_url":"https:\/\/www.rijeka.hr\/it\/amministrazione-cittadina\/progetti-dellue\/progetti-chiusi\/tempus-usi-temporanei-come-azioni-per-innescare-il-miglioramento-del-patrimonio-intangibile-dei-porti\/","og_site_name":"Citt\u00e0 di Fiume","article_modified_time":"2024-01-18T13:29:34+00:00","og_image":[{"width":604,"height":351,"url":"https:\/\/www.rijeka.hr\/it\/wp-content\/uploads\/sites\/3\/2020\/11\/TEMPUS.jpg","type":"image\/jpeg"}],"twitter_card":"summary_large_image","twitter_misc":{"Est. reading time":"2 minutes"},"schema":{"@context":"https:\/\/schema.org","@graph":[{"@type":"WebPage","@id":"https:\/\/www.rijeka.hr\/it\/amministrazione-cittadina\/progetti-dellue\/progetti-chiusi\/tempus-usi-temporanei-come-azioni-per-innescare-il-miglioramento-del-patrimonio-intangibile-dei-porti\/","url":"https:\/\/www.rijeka.hr\/it\/amministrazione-cittadina\/progetti-dellue\/progetti-chiusi\/tempus-usi-temporanei-come-azioni-per-innescare-il-miglioramento-del-patrimonio-intangibile-dei-porti\/","name":"TEMPUS: usi temporanei\" come azioni per innescare il miglioramento del patrimonio (in)tangibile dei porti - Citt\u00e0 di Fiume","isPartOf":{"@id":"https:\/\/www.rijeka.hr\/it\/#website"},"primaryImageOfPage":{"@id":"https:\/\/www.rijeka.hr\/it\/amministrazione-cittadina\/progetti-dellue\/progetti-chiusi\/tempus-usi-temporanei-come-azioni-per-innescare-il-miglioramento-del-patrimonio-intangibile-dei-porti\/#primaryimage"},"image":{"@id":"https:\/\/www.rijeka.hr\/it\/amministrazione-cittadina\/progetti-dellue\/progetti-chiusi\/tempus-usi-temporanei-come-azioni-per-innescare-il-miglioramento-del-patrimonio-intangibile-dei-porti\/#primaryimage"},"thumbnailUrl":"https:\/\/www.rijeka.hr\/it\/wp-content\/uploads\/sites\/3\/2020\/11\/TEMPUS.jpg","datePublished":"2020-05-19T10:49:06+00:00","dateModified":"2024-01-18T13:29:34+00:00","breadcrumb":{"@id":"https:\/\/www.rijeka.hr\/it\/amministrazione-cittadina\/progetti-dellue\/progetti-chiusi\/tempus-usi-temporanei-come-azioni-per-innescare-il-miglioramento-del-patrimonio-intangibile-dei-porti\/#breadcrumb"},"inLanguage":"it-IT","potentialAction":[{"@type":"ReadAction","target":["https:\/\/www.rijeka.hr\/it\/amministrazione-cittadina\/progetti-dellue\/progetti-chiusi\/tempus-usi-temporanei-come-azioni-per-innescare-il-miglioramento-del-patrimonio-intangibile-dei-porti\/"]}]},{"@type":"ImageObject","inLanguage":"it-IT","@id":"https:\/\/www.rijeka.hr\/it\/amministrazione-cittadina\/progetti-dellue\/progetti-chiusi\/tempus-usi-temporanei-come-azioni-per-innescare-il-miglioramento-del-patrimonio-intangibile-dei-porti\/#primaryimage","url":"https:\/\/www.rijeka.hr\/it\/wp-content\/uploads\/sites\/3\/2020\/11\/TEMPUS.jpg","contentUrl":"https:\/\/www.rijeka.hr\/it\/wp-content\/uploads\/sites\/3\/2020\/11\/TEMPUS.jpg","width":604,"height":351},{"@type":"BreadcrumbList","@id":"https:\/\/www.rijeka.hr\/it\/amministrazione-cittadina\/progetti-dellue\/progetti-chiusi\/tempus-usi-temporanei-come-azioni-per-innescare-il-miglioramento-del-patrimonio-intangibile-dei-porti\/#breadcrumb","itemListElement":[{"@type":"ListItem","position":1,"name":"Po\u010detna stranica","item":"https:\/\/www.rijeka.hr\/it\/"},{"@type":"ListItem","position":2,"name":"Amministrazione cittadina","item":"https:\/\/www.rijeka.hr\/it\/amministrazione-cittadina\/"},{"@type":"ListItem","position":3,"name":"Progetti dell&#8217;UE","item":"https:\/\/www.rijeka.hr\/it\/amministrazione-cittadina\/progetti-dellue\/"},{"@type":"ListItem","position":4,"name":"Progetti chiusi","item":"https:\/\/www.rijeka.hr\/it\/amministrazione-cittadina\/progetti-dellue\/progetti-chiusi\/"},{"@type":"ListItem","position":5,"name":"TEMPUS: usi temporanei&#8221; come azioni per innescare il miglioramento del patrimonio (in)tangibile dei porti"}]},{"@type":"WebSite","@id":"https:\/\/www.rijeka.hr\/it\/#website","url":"https:\/\/www.rijeka.hr\/it\/","name":"Citt\u00e0 di Fiume","description":"Portale web della Citta&#039; di Fiume","potentialAction":[{"@type":"SearchAction","target":{"@type":"EntryPoint","urlTemplate":"https:\/\/www.rijeka.hr\/it\/?s={search_term_string}"},"query-input":{"@type":"PropertyValueSpecification","valueRequired":true,"valueName":"search_term_string"}}],"inLanguage":"it-IT"}]}},"_links":{"self":[{"href":"https:\/\/www.rijeka.hr\/it\/wp-json\/wp\/v2\/pages\/10373","targetHints":{"allow":["GET"]}}],"collection":[{"href":"https:\/\/www.rijeka.hr\/it\/wp-json\/wp\/v2\/pages"}],"about":[{"href":"https:\/\/www.rijeka.hr\/it\/wp-json\/wp\/v2\/types\/page"}],"author":[{"embeddable":true,"href":"https:\/\/www.rijeka.hr\/it\/wp-json\/wp\/v2\/users\/5"}],"replies":[{"embeddable":true,"href":"https:\/\/www.rijeka.hr\/it\/wp-json\/wp\/v2\/comments?post=10373"}],"version-history":[{"count":4,"href":"https:\/\/www.rijeka.hr\/it\/wp-json\/wp\/v2\/pages\/10373\/revisions"}],"predecessor-version":[{"id":19069,"href":"https:\/\/www.rijeka.hr\/it\/wp-json\/wp\/v2\/pages\/10373\/revisions\/19069"}],"up":[{"embeddable":true,"href":"https:\/\/www.rijeka.hr\/it\/wp-json\/wp\/v2\/pages\/2062"}],"wp:featuredmedia":[{"embeddable":true,"href":"https:\/\/www.rijeka.hr\/it\/wp-json\/wp\/v2\/media\/11631"}],"wp:attachment":[{"href":"https:\/\/www.rijeka.hr\/it\/wp-json\/wp\/v2\/media?parent=10373"}],"wp:term":[{"taxonomy":"post_tag","embeddable":true,"href":"https:\/\/www.rijeka.hr\/it\/wp-json\/wp\/v2\/tags?post=10373"}],"curies":[{"name":"wp","href":"https:\/\/api.w.org\/{rel}","templated":true}]}}