{"id":1044,"date":"2016-08-10T08:41:49","date_gmt":"2016-08-10T06:41:49","guid":{"rendered":"https:\/\/www.rijeka.hr\/it\/?page_id=1044"},"modified":"2020-12-30T11:04:32","modified_gmt":"2020-12-30T10:04:32","slug":"alloggi-municipali","status":"publish","type":"page","link":"https:\/\/www.rijeka.hr\/it\/temi-per-i-cittadini\/abitazione-ed-edilizia\/alloggi-municipali\/","title":{"rendered":"Alloggi municipali"},"content":{"rendered":"<p>La Citt\u00e0 di Fiume possiede una serie di alloggi che vengono assegnati in affitto alle fasce socialmente deboli secondo la lista prioritaria.<\/p>\n<p>I canoni d\u2019affitto per alloggi cittadini non sono commerciali.<\/p>\n<p>Inoltre, attraverso la propria Agenzia per l\u2019edilizia abitativa agevolata, la Citt\u00e0 di Fiume costruisce alloggi che vengono venduti con la modalit\u00e0 di rimborso rateale a condizioni pi\u00f9 favorevoli di quelle sul mercato per quanto riguarda i tassi d\u2019interesse e i termini di rimborso.<\/p>\n<p>L\u2019acquisto di alloggi cittadini, oltre agli alloggi costruiti nell\u2019ambito del programma di edilizia abitativa agevolata, sottintende anche alloggi \u00a0con il diritto di abitazione, l\u2019acquisto di appartamenti in affitto, di parti ideali di alloggi e alloggi non idonei all\u2019utilizzazione abitativa. Inoltre, \u00e8 possibile comprare gli alloggi di propriet\u00e0 della Citt\u00e0 di Fiume che sono dati in affitto agli invalidi militari della guerra patriottica e ai familiari dei difensori caduti, internati e scoparsi.<\/p>\n<p>Gli alloggi di propriet\u00e0 della Citt\u00e0 di Fiume vengono dati in affitto attraverso la lista prioritaria stabilita per un periodo di quattro anni. Eccezionalmente, quando ci sono ragioni giustificate, la validit\u00e0 della lista pu\u00f2 essere estesa.<\/p>\n<p>La procedura, le condizioni e le misure per dare in affitto gli alloggi di propriet\u00e0 della Citt\u00e0 di Fiume sono stabiliti dalla Decisione sull\u2019affitto di alloggi. (&#8220;Gazzetta Ufficiale&#8221; della Regione litoraneo &#8211; montana n. 12\/11, 15\/11 e 54\/12).<\/p>\n<h3><\/h3>\n","protected":false},"excerpt":{"rendered":"<p>La Citt\u00e0 di Fiume possiede una serie di alloggi che vengono assegnati in affitto alle fasce socialmente deboli secondo la lista prioritaria. I canoni d\u2019affitto per alloggi cittadini non sono commerciali. Inoltre, attraverso la propria Agenzia per l\u2019edilizia abitativa agevolata, la Citt\u00e0 di Fiume costruisce alloggi che vengono venduti con la modalit\u00e0 di rimborso rateale&#8230;<\/p>\n","protected":false},"author":12,"featured_media":0,"parent":341,"menu_order":49,"comment_status":"closed","ping_status":"closed","template":"","meta":{"_acf_changed":false,"_trash_the_other_posts":false,"footnotes":"","_links_to":"","_links_to_target":""},"tags":[],"class_list":["post-1044","page","type-page","status-publish","hentry"],"acf":[],"yoast_head":"<!-- This site is optimized with the Yoast SEO plugin v24.4 - https:\/\/yoast.com\/wordpress\/plugins\/seo\/ -->\n<title>Alloggi municipali - Citt\u00e0 di Fiume<\/title>\n<meta name=\"robots\" content=\"index, follow, max-snippet:-1, max-image-preview:large, max-video-preview:-1\" \/>\n<link rel=\"canonical\" href=\"https:\/\/www.rijeka.hr\/it\/temi-per-i-cittadini\/abitazione-ed-edilizia\/alloggi-municipali\/\" \/>\n<meta property=\"og:locale\" content=\"it_IT\" \/>\n<meta property=\"og:type\" content=\"article\" \/>\n<meta property=\"og:title\" content=\"Alloggi municipali - Citt\u00e0 di Fiume\" \/>\n<meta property=\"og:description\" content=\"La Citt\u00e0 di Fiume possiede una serie di alloggi che vengono assegnati in affitto alle fasce socialmente deboli secondo la lista prioritaria. I canoni d\u2019affitto per alloggi cittadini non sono commerciali. Inoltre, attraverso la propria Agenzia per l\u2019edilizia abitativa agevolata, la Citt\u00e0 di Fiume costruisce alloggi che vengono venduti con la modalit\u00e0 di rimborso rateale...\" \/>\n<meta property=\"og:url\" content=\"https:\/\/www.rijeka.hr\/it\/temi-per-i-cittadini\/abitazione-ed-edilizia\/alloggi-municipali\/\" \/>\n<meta property=\"og:site_name\" content=\"Citt\u00e0 di Fiume\" \/>\n<meta property=\"article:modified_time\" content=\"2020-12-30T10:04:32+00:00\" \/>\n<meta name=\"twitter:card\" content=\"summary_large_image\" \/>\n<meta name=\"twitter:label1\" content=\"Est. reading time\" \/>\n\t<meta name=\"twitter:data1\" content=\"1 minute\" \/>\n<script type=\"application\/ld+json\" class=\"yoast-schema-graph\">{\"@context\":\"https:\/\/schema.org\",\"@graph\":[{\"@type\":\"WebPage\",\"@id\":\"https:\/\/www.rijeka.hr\/it\/temi-per-i-cittadini\/abitazione-ed-edilizia\/alloggi-municipali\/\",\"url\":\"https:\/\/www.rijeka.hr\/it\/temi-per-i-cittadini\/abitazione-ed-edilizia\/alloggi-municipali\/\",\"name\":\"Alloggi municipali - Citt\u00e0 di Fiume\",\"isPartOf\":{\"@id\":\"https:\/\/www.rijeka.hr\/it\/#website\"},\"datePublished\":\"2016-08-10T06:41:49+00:00\",\"dateModified\":\"2020-12-30T10:04:32+00:00\",\"breadcrumb\":{\"@id\":\"https:\/\/www.rijeka.hr\/it\/temi-per-i-cittadini\/abitazione-ed-edilizia\/alloggi-municipali\/#breadcrumb\"},\"inLanguage\":\"it-IT\",\"potentialAction\":[{\"@type\":\"ReadAction\",\"target\":[\"https:\/\/www.rijeka.hr\/it\/temi-per-i-cittadini\/abitazione-ed-edilizia\/alloggi-municipali\/\"]}]},{\"@type\":\"BreadcrumbList\",\"@id\":\"https:\/\/www.rijeka.hr\/it\/temi-per-i-cittadini\/abitazione-ed-edilizia\/alloggi-municipali\/#breadcrumb\",\"itemListElement\":[{\"@type\":\"ListItem\",\"position\":1,\"name\":\"Po\u010detna stranica\",\"item\":\"https:\/\/www.rijeka.hr\/it\/\"},{\"@type\":\"ListItem\",\"position\":2,\"name\":\"Temi per i cittadini\",\"item\":\"https:\/\/www.rijeka.hr\/it\/temi-per-i-cittadini\/\"},{\"@type\":\"ListItem\",\"position\":3,\"name\":\"Abitazione ed edilizia\",\"item\":\"https:\/\/www.rijeka.hr\/it\/temi-per-i-cittadini\/abitazione-ed-edilizia\/\"},{\"@type\":\"ListItem\",\"position\":4,\"name\":\"Alloggi municipali\"}]},{\"@type\":\"WebSite\",\"@id\":\"https:\/\/www.rijeka.hr\/it\/#website\",\"url\":\"https:\/\/www.rijeka.hr\/it\/\",\"name\":\"Citt\u00e0 di Fiume\",\"description\":\"Portale web della Citta&#039; di Fiume\",\"potentialAction\":[{\"@type\":\"SearchAction\",\"target\":{\"@type\":\"EntryPoint\",\"urlTemplate\":\"https:\/\/www.rijeka.hr\/it\/?s={search_term_string}\"},\"query-input\":{\"@type\":\"PropertyValueSpecification\",\"valueRequired\":true,\"valueName\":\"search_term_string\"}}],\"inLanguage\":\"it-IT\"}]}<\/script>\n<!-- \/ Yoast SEO plugin. -->","yoast_head_json":{"title":"Alloggi municipali - Citt\u00e0 di Fiume","robots":{"index":"index","follow":"follow","max-snippet":"max-snippet:-1","max-image-preview":"max-image-preview:large","max-video-preview":"max-video-preview:-1"},"canonical":"https:\/\/www.rijeka.hr\/it\/temi-per-i-cittadini\/abitazione-ed-edilizia\/alloggi-municipali\/","og_locale":"it_IT","og_type":"article","og_title":"Alloggi municipali - Citt\u00e0 di Fiume","og_description":"La Citt\u00e0 di Fiume possiede una serie di alloggi che vengono assegnati in affitto alle fasce socialmente deboli secondo la lista prioritaria. I canoni d\u2019affitto per alloggi cittadini non sono commerciali. Inoltre, attraverso la propria Agenzia per l\u2019edilizia abitativa agevolata, la Citt\u00e0 di Fiume costruisce alloggi che vengono venduti con la modalit\u00e0 di rimborso rateale...","og_url":"https:\/\/www.rijeka.hr\/it\/temi-per-i-cittadini\/abitazione-ed-edilizia\/alloggi-municipali\/","og_site_name":"Citt\u00e0 di Fiume","article_modified_time":"2020-12-30T10:04:32+00:00","twitter_card":"summary_large_image","twitter_misc":{"Est. reading time":"1 minute"},"schema":{"@context":"https:\/\/schema.org","@graph":[{"@type":"WebPage","@id":"https:\/\/www.rijeka.hr\/it\/temi-per-i-cittadini\/abitazione-ed-edilizia\/alloggi-municipali\/","url":"https:\/\/www.rijeka.hr\/it\/temi-per-i-cittadini\/abitazione-ed-edilizia\/alloggi-municipali\/","name":"Alloggi municipali - Citt\u00e0 di Fiume","isPartOf":{"@id":"https:\/\/www.rijeka.hr\/it\/#website"},"datePublished":"2016-08-10T06:41:49+00:00","dateModified":"2020-12-30T10:04:32+00:00","breadcrumb":{"@id":"https:\/\/www.rijeka.hr\/it\/temi-per-i-cittadini\/abitazione-ed-edilizia\/alloggi-municipali\/#breadcrumb"},"inLanguage":"it-IT","potentialAction":[{"@type":"ReadAction","target":["https:\/\/www.rijeka.hr\/it\/temi-per-i-cittadini\/abitazione-ed-edilizia\/alloggi-municipali\/"]}]},{"@type":"BreadcrumbList","@id":"https:\/\/www.rijeka.hr\/it\/temi-per-i-cittadini\/abitazione-ed-edilizia\/alloggi-municipali\/#breadcrumb","itemListElement":[{"@type":"ListItem","position":1,"name":"Po\u010detna stranica","item":"https:\/\/www.rijeka.hr\/it\/"},{"@type":"ListItem","position":2,"name":"Temi per i cittadini","item":"https:\/\/www.rijeka.hr\/it\/temi-per-i-cittadini\/"},{"@type":"ListItem","position":3,"name":"Abitazione ed edilizia","item":"https:\/\/www.rijeka.hr\/it\/temi-per-i-cittadini\/abitazione-ed-edilizia\/"},{"@type":"ListItem","position":4,"name":"Alloggi municipali"}]},{"@type":"WebSite","@id":"https:\/\/www.rijeka.hr\/it\/#website","url":"https:\/\/www.rijeka.hr\/it\/","name":"Citt\u00e0 di Fiume","description":"Portale web della Citta&#039; di Fiume","potentialAction":[{"@type":"SearchAction","target":{"@type":"EntryPoint","urlTemplate":"https:\/\/www.rijeka.hr\/it\/?s={search_term_string}"},"query-input":{"@type":"PropertyValueSpecification","valueRequired":true,"valueName":"search_term_string"}}],"inLanguage":"it-IT"}]}},"_links":{"self":[{"href":"https:\/\/www.rijeka.hr\/it\/wp-json\/wp\/v2\/pages\/1044","targetHints":{"allow":["GET"]}}],"collection":[{"href":"https:\/\/www.rijeka.hr\/it\/wp-json\/wp\/v2\/pages"}],"about":[{"href":"https:\/\/www.rijeka.hr\/it\/wp-json\/wp\/v2\/types\/page"}],"author":[{"embeddable":true,"href":"https:\/\/www.rijeka.hr\/it\/wp-json\/wp\/v2\/users\/12"}],"replies":[{"embeddable":true,"href":"https:\/\/www.rijeka.hr\/it\/wp-json\/wp\/v2\/comments?post=1044"}],"version-history":[{"count":3,"href":"https:\/\/www.rijeka.hr\/it\/wp-json\/wp\/v2\/pages\/1044\/revisions"}],"predecessor-version":[{"id":11985,"href":"https:\/\/www.rijeka.hr\/it\/wp-json\/wp\/v2\/pages\/1044\/revisions\/11985"}],"up":[{"embeddable":true,"href":"https:\/\/www.rijeka.hr\/it\/wp-json\/wp\/v2\/pages\/341"}],"wp:attachment":[{"href":"https:\/\/www.rijeka.hr\/it\/wp-json\/wp\/v2\/media?parent=1044"}],"wp:term":[{"taxonomy":"post_tag","embeddable":true,"href":"https:\/\/www.rijeka.hr\/it\/wp-json\/wp\/v2\/tags?post=1044"}],"curies":[{"name":"wp","href":"https:\/\/api.w.org\/{rel}","templated":true}]}}