{"id":10503,"date":"2020-06-05T13:52:01","date_gmt":"2020-06-05T11:52:01","guid":{"rendered":"https:\/\/www.rijeka.hr\/it\/?page_id=10503"},"modified":"2024-04-09T09:00:52","modified_gmt":"2024-04-09T07:00:52","slug":"metodo-di-finanziamento-delleducazione-primaria","status":"publish","type":"page","link":"https:\/\/www.rijeka.hr\/it\/temi-per-i-cittadini\/educazione-e-istruzione\/scuole-elementari\/scuole-elementari-cittadine\/metodo-di-finanziamento-delleducazione-primaria\/","title":{"rendered":"Modalit\u00e0 di finanziamento dell&#8217;educazione primaria"},"content":{"rendered":"<p>La Repubblica di Croazia finanzia l\u2019operazione materiale delle scuole primarie, la manutenzione corrente e investimenti, nonch\u00e9 l&#8217;adeguamento e il ripristino degli edifici delle scuole primarie attraverso i cosiddetti fondi decentralizzati che il governo della Repubblica di Croazia assegna alla Citt\u00e0 di Fiume ogni anno, che poi si occupa dell\u2019operazione materiale delle scuole primarie e costruisce e mantiene gli edifici delle scuole primarie.<\/p>\n<p>La Citt\u00e0 di Fiume finanzia le cosiddette necessit\u00e0 pubbliche pi\u00f9 ampie, tra cui il finanziamento di programmi educativi di soggiorno prolungato e a tempo pieno (dalla prima alla quarta classe), assistenti di insegnamento, programmi extracurriculari, ecc., il cui scopo \u00e8 quello di aumentare lo standard educativo.<\/p>\n<p><strong>Documenti<\/strong><\/p>\n<ul>\n<li>Decisione sui criteri, sulle norme e sulle modalit\u00e0 di finanziamento della funzione decentralizzata dell&#8217;istruzione primaria della Citt\u00e0 di Fiume nel 2019 (Gazzetta ufficiale della Citt\u00e0 di Fiume 8\/20).<\/li>\n<\/ul>\n","protected":false},"excerpt":{"rendered":"<p>La Repubblica di Croazia finanzia l\u2019operazione materiale delle scuole primarie, la manutenzione corrente e investimenti, nonch\u00e9 l&#8217;adeguamento e il ripristino degli edifici delle scuole primarie attraverso i cosiddetti fondi decentralizzati che il governo della Repubblica di Croazia assegna alla Citt\u00e0 di Fiume ogni anno, che poi si occupa dell\u2019operazione materiale delle scuole primarie e costruisce&#8230;<\/p>\n","protected":false},"author":6,"featured_media":0,"parent":7086,"menu_order":0,"comment_status":"closed","ping_status":"closed","template":"","meta":{"_acf_changed":false,"_trash_the_other_posts":false,"footnotes":"","_links_to":"","_links_to_target":""},"tags":[],"class_list":["post-10503","page","type-page","status-publish","hentry"],"acf":[],"yoast_head":"<!-- This site is optimized with the Yoast SEO plugin v24.4 - https:\/\/yoast.com\/wordpress\/plugins\/seo\/ -->\n<title>Modalit\u00e0 di finanziamento dell&#039;educazione primaria - Citt\u00e0 di Fiume<\/title>\n<meta name=\"robots\" content=\"index, follow, max-snippet:-1, max-image-preview:large, max-video-preview:-1\" \/>\n<link rel=\"canonical\" href=\"https:\/\/www.rijeka.hr\/it\/temi-per-i-cittadini\/educazione-e-istruzione\/scuole-elementari\/scuole-elementari-cittadine\/metodo-di-finanziamento-delleducazione-primaria\/\" \/>\n<meta property=\"og:locale\" content=\"it_IT\" \/>\n<meta property=\"og:type\" content=\"article\" \/>\n<meta property=\"og:title\" content=\"Modalit\u00e0 di finanziamento dell&#039;educazione primaria - Citt\u00e0 di Fiume\" \/>\n<meta property=\"og:description\" content=\"La Repubblica di Croazia finanzia l\u2019operazione materiale delle scuole primarie, la manutenzione corrente e investimenti, nonch\u00e9 l&#8217;adeguamento e il ripristino degli edifici delle scuole primarie attraverso i cosiddetti fondi decentralizzati che il governo della Repubblica di Croazia assegna alla Citt\u00e0 di Fiume ogni anno, che poi si occupa dell\u2019operazione materiale delle scuole primarie e costruisce...\" \/>\n<meta property=\"og:url\" content=\"https:\/\/www.rijeka.hr\/it\/temi-per-i-cittadini\/educazione-e-istruzione\/scuole-elementari\/scuole-elementari-cittadine\/metodo-di-finanziamento-delleducazione-primaria\/\" \/>\n<meta property=\"og:site_name\" content=\"Citt\u00e0 di Fiume\" \/>\n<meta property=\"article:modified_time\" content=\"2024-04-09T07:00:52+00:00\" \/>\n<meta name=\"twitter:card\" content=\"summary_large_image\" \/>\n<meta name=\"twitter:label1\" content=\"Est. reading time\" \/>\n\t<meta name=\"twitter:data1\" content=\"1 minute\" \/>\n<script type=\"application\/ld+json\" class=\"yoast-schema-graph\">{\"@context\":\"https:\/\/schema.org\",\"@graph\":[{\"@type\":\"WebPage\",\"@id\":\"https:\/\/www.rijeka.hr\/it\/temi-per-i-cittadini\/educazione-e-istruzione\/scuole-elementari\/scuole-elementari-cittadine\/metodo-di-finanziamento-delleducazione-primaria\/\",\"url\":\"https:\/\/www.rijeka.hr\/it\/temi-per-i-cittadini\/educazione-e-istruzione\/scuole-elementari\/scuole-elementari-cittadine\/metodo-di-finanziamento-delleducazione-primaria\/\",\"name\":\"Modalit\u00e0 di finanziamento dell'educazione primaria - Citt\u00e0 di Fiume\",\"isPartOf\":{\"@id\":\"https:\/\/www.rijeka.hr\/it\/#website\"},\"datePublished\":\"2020-06-05T11:52:01+00:00\",\"dateModified\":\"2024-04-09T07:00:52+00:00\",\"breadcrumb\":{\"@id\":\"https:\/\/www.rijeka.hr\/it\/temi-per-i-cittadini\/educazione-e-istruzione\/scuole-elementari\/scuole-elementari-cittadine\/metodo-di-finanziamento-delleducazione-primaria\/#breadcrumb\"},\"inLanguage\":\"it-IT\",\"potentialAction\":[{\"@type\":\"ReadAction\",\"target\":[\"https:\/\/www.rijeka.hr\/it\/temi-per-i-cittadini\/educazione-e-istruzione\/scuole-elementari\/scuole-elementari-cittadine\/metodo-di-finanziamento-delleducazione-primaria\/\"]}]},{\"@type\":\"BreadcrumbList\",\"@id\":\"https:\/\/www.rijeka.hr\/it\/temi-per-i-cittadini\/educazione-e-istruzione\/scuole-elementari\/scuole-elementari-cittadine\/metodo-di-finanziamento-delleducazione-primaria\/#breadcrumb\",\"itemListElement\":[{\"@type\":\"ListItem\",\"position\":1,\"name\":\"Po\u010detna stranica\",\"item\":\"https:\/\/www.rijeka.hr\/it\/\"},{\"@type\":\"ListItem\",\"position\":2,\"name\":\"Temi per i cittadini\",\"item\":\"https:\/\/www.rijeka.hr\/it\/temi-per-i-cittadini\/\"},{\"@type\":\"ListItem\",\"position\":3,\"name\":\"Educazione e istruzione\",\"item\":\"https:\/\/www.rijeka.hr\/it\/temi-per-i-cittadini\/educazione-e-istruzione\/\"},{\"@type\":\"ListItem\",\"position\":4,\"name\":\"Scuole elementari\",\"item\":\"https:\/\/www.rijeka.hr\/it\/temi-per-i-cittadini\/educazione-e-istruzione\/scuole-elementari\/\"},{\"@type\":\"ListItem\",\"position\":5,\"name\":\"Scuole elementari cittadine\",\"item\":\"https:\/\/www.rijeka.hr\/it\/temi-per-i-cittadini\/educazione-e-istruzione\/scuole-elementari\/scuole-elementari-cittadine\/\"},{\"@type\":\"ListItem\",\"position\":6,\"name\":\"Modalit\u00e0 di finanziamento dell&#8217;educazione primaria\"}]},{\"@type\":\"WebSite\",\"@id\":\"https:\/\/www.rijeka.hr\/it\/#website\",\"url\":\"https:\/\/www.rijeka.hr\/it\/\",\"name\":\"Citt\u00e0 di Fiume\",\"description\":\"Portale web della Citta&#039; di Fiume\",\"potentialAction\":[{\"@type\":\"SearchAction\",\"target\":{\"@type\":\"EntryPoint\",\"urlTemplate\":\"https:\/\/www.rijeka.hr\/it\/?s={search_term_string}\"},\"query-input\":{\"@type\":\"PropertyValueSpecification\",\"valueRequired\":true,\"valueName\":\"search_term_string\"}}],\"inLanguage\":\"it-IT\"}]}<\/script>\n<!-- \/ Yoast SEO plugin. -->","yoast_head_json":{"title":"Modalit\u00e0 di finanziamento dell'educazione primaria - Citt\u00e0 di Fiume","robots":{"index":"index","follow":"follow","max-snippet":"max-snippet:-1","max-image-preview":"max-image-preview:large","max-video-preview":"max-video-preview:-1"},"canonical":"https:\/\/www.rijeka.hr\/it\/temi-per-i-cittadini\/educazione-e-istruzione\/scuole-elementari\/scuole-elementari-cittadine\/metodo-di-finanziamento-delleducazione-primaria\/","og_locale":"it_IT","og_type":"article","og_title":"Modalit\u00e0 di finanziamento dell'educazione primaria - Citt\u00e0 di Fiume","og_description":"La Repubblica di Croazia finanzia l\u2019operazione materiale delle scuole primarie, la manutenzione corrente e investimenti, nonch\u00e9 l&#8217;adeguamento e il ripristino degli edifici delle scuole primarie attraverso i cosiddetti fondi decentralizzati che il governo della Repubblica di Croazia assegna alla Citt\u00e0 di Fiume ogni anno, che poi si occupa dell\u2019operazione materiale delle scuole primarie e costruisce...","og_url":"https:\/\/www.rijeka.hr\/it\/temi-per-i-cittadini\/educazione-e-istruzione\/scuole-elementari\/scuole-elementari-cittadine\/metodo-di-finanziamento-delleducazione-primaria\/","og_site_name":"Citt\u00e0 di Fiume","article_modified_time":"2024-04-09T07:00:52+00:00","twitter_card":"summary_large_image","twitter_misc":{"Est. reading time":"1 minute"},"schema":{"@context":"https:\/\/schema.org","@graph":[{"@type":"WebPage","@id":"https:\/\/www.rijeka.hr\/it\/temi-per-i-cittadini\/educazione-e-istruzione\/scuole-elementari\/scuole-elementari-cittadine\/metodo-di-finanziamento-delleducazione-primaria\/","url":"https:\/\/www.rijeka.hr\/it\/temi-per-i-cittadini\/educazione-e-istruzione\/scuole-elementari\/scuole-elementari-cittadine\/metodo-di-finanziamento-delleducazione-primaria\/","name":"Modalit\u00e0 di finanziamento dell'educazione primaria - Citt\u00e0 di Fiume","isPartOf":{"@id":"https:\/\/www.rijeka.hr\/it\/#website"},"datePublished":"2020-06-05T11:52:01+00:00","dateModified":"2024-04-09T07:00:52+00:00","breadcrumb":{"@id":"https:\/\/www.rijeka.hr\/it\/temi-per-i-cittadini\/educazione-e-istruzione\/scuole-elementari\/scuole-elementari-cittadine\/metodo-di-finanziamento-delleducazione-primaria\/#breadcrumb"},"inLanguage":"it-IT","potentialAction":[{"@type":"ReadAction","target":["https:\/\/www.rijeka.hr\/it\/temi-per-i-cittadini\/educazione-e-istruzione\/scuole-elementari\/scuole-elementari-cittadine\/metodo-di-finanziamento-delleducazione-primaria\/"]}]},{"@type":"BreadcrumbList","@id":"https:\/\/www.rijeka.hr\/it\/temi-per-i-cittadini\/educazione-e-istruzione\/scuole-elementari\/scuole-elementari-cittadine\/metodo-di-finanziamento-delleducazione-primaria\/#breadcrumb","itemListElement":[{"@type":"ListItem","position":1,"name":"Po\u010detna stranica","item":"https:\/\/www.rijeka.hr\/it\/"},{"@type":"ListItem","position":2,"name":"Temi per i cittadini","item":"https:\/\/www.rijeka.hr\/it\/temi-per-i-cittadini\/"},{"@type":"ListItem","position":3,"name":"Educazione e istruzione","item":"https:\/\/www.rijeka.hr\/it\/temi-per-i-cittadini\/educazione-e-istruzione\/"},{"@type":"ListItem","position":4,"name":"Scuole elementari","item":"https:\/\/www.rijeka.hr\/it\/temi-per-i-cittadini\/educazione-e-istruzione\/scuole-elementari\/"},{"@type":"ListItem","position":5,"name":"Scuole elementari cittadine","item":"https:\/\/www.rijeka.hr\/it\/temi-per-i-cittadini\/educazione-e-istruzione\/scuole-elementari\/scuole-elementari-cittadine\/"},{"@type":"ListItem","position":6,"name":"Modalit\u00e0 di finanziamento dell&#8217;educazione primaria"}]},{"@type":"WebSite","@id":"https:\/\/www.rijeka.hr\/it\/#website","url":"https:\/\/www.rijeka.hr\/it\/","name":"Citt\u00e0 di Fiume","description":"Portale web della Citta&#039; di Fiume","potentialAction":[{"@type":"SearchAction","target":{"@type":"EntryPoint","urlTemplate":"https:\/\/www.rijeka.hr\/it\/?s={search_term_string}"},"query-input":{"@type":"PropertyValueSpecification","valueRequired":true,"valueName":"search_term_string"}}],"inLanguage":"it-IT"}]}},"_links":{"self":[{"href":"https:\/\/www.rijeka.hr\/it\/wp-json\/wp\/v2\/pages\/10503","targetHints":{"allow":["GET"]}}],"collection":[{"href":"https:\/\/www.rijeka.hr\/it\/wp-json\/wp\/v2\/pages"}],"about":[{"href":"https:\/\/www.rijeka.hr\/it\/wp-json\/wp\/v2\/types\/page"}],"author":[{"embeddable":true,"href":"https:\/\/www.rijeka.hr\/it\/wp-json\/wp\/v2\/users\/6"}],"replies":[{"embeddable":true,"href":"https:\/\/www.rijeka.hr\/it\/wp-json\/wp\/v2\/comments?post=10503"}],"version-history":[{"count":3,"href":"https:\/\/www.rijeka.hr\/it\/wp-json\/wp\/v2\/pages\/10503\/revisions"}],"predecessor-version":[{"id":10507,"href":"https:\/\/www.rijeka.hr\/it\/wp-json\/wp\/v2\/pages\/10503\/revisions\/10507"}],"up":[{"embeddable":true,"href":"https:\/\/www.rijeka.hr\/it\/wp-json\/wp\/v2\/pages\/7086"}],"wp:attachment":[{"href":"https:\/\/www.rijeka.hr\/it\/wp-json\/wp\/v2\/media?parent=10503"}],"wp:term":[{"taxonomy":"post_tag","embeddable":true,"href":"https:\/\/www.rijeka.hr\/it\/wp-json\/wp\/v2\/tags?post=10503"}],"curies":[{"name":"wp","href":"https:\/\/api.w.org\/{rel}","templated":true}]}}