{"id":1056,"date":"2016-08-10T09:17:34","date_gmt":"2016-08-10T07:17:34","guid":{"rendered":"https:\/\/www.rijeka.hr\/it\/?page_id=1056"},"modified":"2022-03-18T12:33:07","modified_gmt":"2022-03-18T11:33:07","slug":"servizi-comunali-spese-abitative","status":"publish","type":"page","link":"https:\/\/www.rijeka.hr\/it\/temi-per-i-cittadini\/abitazione-ed-edilizia\/servizi-comunali-spese-abitative\/","title":{"rendered":"Servizi comunali e spese abitative"},"content":{"rendered":"<p>A Fiume i servizi comunali vengono prestati delle aziende municipalizzate e dalle societ\u00e0 e imprese con le quali la Citt\u00e0 di Fiume ha concluso un accordo di concessione per lo svolgimento di certe attivit\u00e0.<\/p>\n<p>Le spese abitative comprendono: l\u2019affitto, l\u2019indennizzo comunale, la fornitura di acqua potabile, il trasporto dei rifiuti domestici, la fornitura di gas e di energia termica per il riscaldamento dell\u2019acqua, la fornitura di energia elettrica e l\u2019indennizzo idrico.<\/p>\n<p>Nella Citt\u00e0 di Fiume i servizi comunali sono pagabili tramite il sistema di riscossione unificata delle spese abitative, e la Citt\u00e0 di Fiume, attraverso <a href=\"https:\/\/www.rijekacitycard.hr\/hr\" target=\"_blank\" rel=\"noopener\">l\u2019applicazione servizi On-line<\/a>\u00a0rende pi\u00f9 facile ai cittadini \u00a0il pagamento delle spese abitative unificate\u00a0 applicando le moderne tecnologie dell\u2019informazione.<\/p>\n<p>Il Consiglio per la tutela dei consumatori di servizi pubblici funziona come un organo consultivo del sindaco e afferma la sua posizione sull&#8217;offerta e sui prezzi dei servizi pubblici pagabili dai cittadini.<\/p>\n","protected":false},"excerpt":{"rendered":"<p>A Fiume i servizi comunali vengono prestati delle aziende municipalizzate e dalle societ\u00e0 e imprese con le quali la Citt\u00e0 di Fiume ha concluso un accordo di concessione per lo svolgimento di certe attivit\u00e0. Le spese abitative comprendono: l\u2019affitto, l\u2019indennizzo comunale, la fornitura di acqua potabile, il trasporto dei rifiuti domestici, la fornitura di gas&#8230;<\/p>\n","protected":false},"author":12,"featured_media":0,"parent":341,"menu_order":49,"comment_status":"closed","ping_status":"closed","template":"","meta":{"_acf_changed":false,"_trash_the_other_posts":false,"footnotes":"","_links_to":"","_links_to_target":""},"tags":[],"class_list":["post-1056","page","type-page","status-publish","hentry"],"acf":[],"yoast_head":"<!-- This site is optimized with the Yoast SEO plugin v24.4 - https:\/\/yoast.com\/wordpress\/plugins\/seo\/ -->\n<title>Servizi comunali e spese abitative - Citt\u00e0 di Fiume<\/title>\n<meta name=\"robots\" content=\"index, follow, max-snippet:-1, max-image-preview:large, max-video-preview:-1\" \/>\n<link rel=\"canonical\" href=\"https:\/\/www.rijeka.hr\/it\/temi-per-i-cittadini\/abitazione-ed-edilizia\/servizi-comunali-spese-abitative\/\" \/>\n<meta property=\"og:locale\" content=\"it_IT\" \/>\n<meta property=\"og:type\" content=\"article\" \/>\n<meta property=\"og:title\" content=\"Servizi comunali e spese abitative - Citt\u00e0 di Fiume\" \/>\n<meta property=\"og:description\" content=\"A Fiume i servizi comunali vengono prestati delle aziende municipalizzate e dalle societ\u00e0 e imprese con le quali la Citt\u00e0 di Fiume ha concluso un accordo di concessione per lo svolgimento di certe attivit\u00e0. Le spese abitative comprendono: l\u2019affitto, l\u2019indennizzo comunale, la fornitura di acqua potabile, il trasporto dei rifiuti domestici, la fornitura di gas...\" \/>\n<meta property=\"og:url\" content=\"https:\/\/www.rijeka.hr\/it\/temi-per-i-cittadini\/abitazione-ed-edilizia\/servizi-comunali-spese-abitative\/\" \/>\n<meta property=\"og:site_name\" content=\"Citt\u00e0 di Fiume\" \/>\n<meta property=\"article:modified_time\" content=\"2022-03-18T11:33:07+00:00\" \/>\n<meta name=\"twitter:card\" content=\"summary_large_image\" \/>\n<meta name=\"twitter:label1\" content=\"Est. reading time\" \/>\n\t<meta name=\"twitter:data1\" content=\"1 minute\" \/>\n<script type=\"application\/ld+json\" class=\"yoast-schema-graph\">{\"@context\":\"https:\/\/schema.org\",\"@graph\":[{\"@type\":\"WebPage\",\"@id\":\"https:\/\/www.rijeka.hr\/it\/temi-per-i-cittadini\/abitazione-ed-edilizia\/servizi-comunali-spese-abitative\/\",\"url\":\"https:\/\/www.rijeka.hr\/it\/temi-per-i-cittadini\/abitazione-ed-edilizia\/servizi-comunali-spese-abitative\/\",\"name\":\"Servizi comunali e spese abitative - Citt\u00e0 di Fiume\",\"isPartOf\":{\"@id\":\"https:\/\/www.rijeka.hr\/it\/#website\"},\"datePublished\":\"2016-08-10T07:17:34+00:00\",\"dateModified\":\"2022-03-18T11:33:07+00:00\",\"breadcrumb\":{\"@id\":\"https:\/\/www.rijeka.hr\/it\/temi-per-i-cittadini\/abitazione-ed-edilizia\/servizi-comunali-spese-abitative\/#breadcrumb\"},\"inLanguage\":\"it-IT\",\"potentialAction\":[{\"@type\":\"ReadAction\",\"target\":[\"https:\/\/www.rijeka.hr\/it\/temi-per-i-cittadini\/abitazione-ed-edilizia\/servizi-comunali-spese-abitative\/\"]}]},{\"@type\":\"BreadcrumbList\",\"@id\":\"https:\/\/www.rijeka.hr\/it\/temi-per-i-cittadini\/abitazione-ed-edilizia\/servizi-comunali-spese-abitative\/#breadcrumb\",\"itemListElement\":[{\"@type\":\"ListItem\",\"position\":1,\"name\":\"Po\u010detna stranica\",\"item\":\"https:\/\/www.rijeka.hr\/it\/\"},{\"@type\":\"ListItem\",\"position\":2,\"name\":\"Temi per i cittadini\",\"item\":\"https:\/\/www.rijeka.hr\/it\/temi-per-i-cittadini\/\"},{\"@type\":\"ListItem\",\"position\":3,\"name\":\"Abitazione ed edilizia\",\"item\":\"https:\/\/www.rijeka.hr\/it\/temi-per-i-cittadini\/abitazione-ed-edilizia\/\"},{\"@type\":\"ListItem\",\"position\":4,\"name\":\"Servizi comunali e spese abitative\"}]},{\"@type\":\"WebSite\",\"@id\":\"https:\/\/www.rijeka.hr\/it\/#website\",\"url\":\"https:\/\/www.rijeka.hr\/it\/\",\"name\":\"Citt\u00e0 di Fiume\",\"description\":\"Portale web della Citta&#039; di Fiume\",\"potentialAction\":[{\"@type\":\"SearchAction\",\"target\":{\"@type\":\"EntryPoint\",\"urlTemplate\":\"https:\/\/www.rijeka.hr\/it\/?s={search_term_string}\"},\"query-input\":{\"@type\":\"PropertyValueSpecification\",\"valueRequired\":true,\"valueName\":\"search_term_string\"}}],\"inLanguage\":\"it-IT\"}]}<\/script>\n<!-- \/ Yoast SEO plugin. -->","yoast_head_json":{"title":"Servizi comunali e spese abitative - Citt\u00e0 di Fiume","robots":{"index":"index","follow":"follow","max-snippet":"max-snippet:-1","max-image-preview":"max-image-preview:large","max-video-preview":"max-video-preview:-1"},"canonical":"https:\/\/www.rijeka.hr\/it\/temi-per-i-cittadini\/abitazione-ed-edilizia\/servizi-comunali-spese-abitative\/","og_locale":"it_IT","og_type":"article","og_title":"Servizi comunali e spese abitative - Citt\u00e0 di Fiume","og_description":"A Fiume i servizi comunali vengono prestati delle aziende municipalizzate e dalle societ\u00e0 e imprese con le quali la Citt\u00e0 di Fiume ha concluso un accordo di concessione per lo svolgimento di certe attivit\u00e0. Le spese abitative comprendono: l\u2019affitto, l\u2019indennizzo comunale, la fornitura di acqua potabile, il trasporto dei rifiuti domestici, la fornitura di gas...","og_url":"https:\/\/www.rijeka.hr\/it\/temi-per-i-cittadini\/abitazione-ed-edilizia\/servizi-comunali-spese-abitative\/","og_site_name":"Citt\u00e0 di Fiume","article_modified_time":"2022-03-18T11:33:07+00:00","twitter_card":"summary_large_image","twitter_misc":{"Est. reading time":"1 minute"},"schema":{"@context":"https:\/\/schema.org","@graph":[{"@type":"WebPage","@id":"https:\/\/www.rijeka.hr\/it\/temi-per-i-cittadini\/abitazione-ed-edilizia\/servizi-comunali-spese-abitative\/","url":"https:\/\/www.rijeka.hr\/it\/temi-per-i-cittadini\/abitazione-ed-edilizia\/servizi-comunali-spese-abitative\/","name":"Servizi comunali e spese abitative - Citt\u00e0 di Fiume","isPartOf":{"@id":"https:\/\/www.rijeka.hr\/it\/#website"},"datePublished":"2016-08-10T07:17:34+00:00","dateModified":"2022-03-18T11:33:07+00:00","breadcrumb":{"@id":"https:\/\/www.rijeka.hr\/it\/temi-per-i-cittadini\/abitazione-ed-edilizia\/servizi-comunali-spese-abitative\/#breadcrumb"},"inLanguage":"it-IT","potentialAction":[{"@type":"ReadAction","target":["https:\/\/www.rijeka.hr\/it\/temi-per-i-cittadini\/abitazione-ed-edilizia\/servizi-comunali-spese-abitative\/"]}]},{"@type":"BreadcrumbList","@id":"https:\/\/www.rijeka.hr\/it\/temi-per-i-cittadini\/abitazione-ed-edilizia\/servizi-comunali-spese-abitative\/#breadcrumb","itemListElement":[{"@type":"ListItem","position":1,"name":"Po\u010detna stranica","item":"https:\/\/www.rijeka.hr\/it\/"},{"@type":"ListItem","position":2,"name":"Temi per i cittadini","item":"https:\/\/www.rijeka.hr\/it\/temi-per-i-cittadini\/"},{"@type":"ListItem","position":3,"name":"Abitazione ed edilizia","item":"https:\/\/www.rijeka.hr\/it\/temi-per-i-cittadini\/abitazione-ed-edilizia\/"},{"@type":"ListItem","position":4,"name":"Servizi comunali e spese abitative"}]},{"@type":"WebSite","@id":"https:\/\/www.rijeka.hr\/it\/#website","url":"https:\/\/www.rijeka.hr\/it\/","name":"Citt\u00e0 di Fiume","description":"Portale web della Citta&#039; di Fiume","potentialAction":[{"@type":"SearchAction","target":{"@type":"EntryPoint","urlTemplate":"https:\/\/www.rijeka.hr\/it\/?s={search_term_string}"},"query-input":{"@type":"PropertyValueSpecification","valueRequired":true,"valueName":"search_term_string"}}],"inLanguage":"it-IT"}]}},"_links":{"self":[{"href":"https:\/\/www.rijeka.hr\/it\/wp-json\/wp\/v2\/pages\/1056","targetHints":{"allow":["GET"]}}],"collection":[{"href":"https:\/\/www.rijeka.hr\/it\/wp-json\/wp\/v2\/pages"}],"about":[{"href":"https:\/\/www.rijeka.hr\/it\/wp-json\/wp\/v2\/types\/page"}],"author":[{"embeddable":true,"href":"https:\/\/www.rijeka.hr\/it\/wp-json\/wp\/v2\/users\/12"}],"replies":[{"embeddable":true,"href":"https:\/\/www.rijeka.hr\/it\/wp-json\/wp\/v2\/comments?post=1056"}],"version-history":[{"count":3,"href":"https:\/\/www.rijeka.hr\/it\/wp-json\/wp\/v2\/pages\/1056\/revisions"}],"predecessor-version":[{"id":14607,"href":"https:\/\/www.rijeka.hr\/it\/wp-json\/wp\/v2\/pages\/1056\/revisions\/14607"}],"up":[{"embeddable":true,"href":"https:\/\/www.rijeka.hr\/it\/wp-json\/wp\/v2\/pages\/341"}],"wp:attachment":[{"href":"https:\/\/www.rijeka.hr\/it\/wp-json\/wp\/v2\/media?parent=1056"}],"wp:term":[{"taxonomy":"post_tag","embeddable":true,"href":"https:\/\/www.rijeka.hr\/it\/wp-json\/wp\/v2\/tags?post=1056"}],"curies":[{"name":"wp","href":"https:\/\/api.w.org\/{rel}","templated":true}]}}