{"id":10566,"date":"2020-06-26T13:29:08","date_gmt":"2020-06-26T11:29:08","guid":{"rendered":"https:\/\/www.rijeka.hr\/it\/?page_id=10566"},"modified":"2022-11-07T12:33:33","modified_gmt":"2022-11-07T11:33:33","slug":"impianto-di-cernita-per-rifiuti-raccolti-separatamente-mihaceva-draga","status":"publish","type":"page","link":"https:\/\/www.rijeka.hr\/it\/amministrazione-cittadina\/progetti-dellue\/progetti-chiusi\/impianto-di-cernita-per-rifiuti-raccolti-separatamente-mihaceva-draga\/","title":{"rendered":"Impianto di cernita per rifiuti raccolti separatamente a Miha\u010deva Draga"},"content":{"rendered":"<p><img loading=\"lazy\" decoding=\"async\" width=\"600\" height=\"226\" class=\"aligncenter wp-image-10467 size-full\" src=\"https:\/\/www.rijeka.hr\/it\/wp-content\/uploads\/sites\/3\/2020\/05\/energetska-obnova.png\" alt=\"\" \/><\/p>\n<h3>Titolo del progetto:<\/h3>\n<h3>Impianto di cernita per rifiuti raccolti separatamente a Miha\u010deva Draga<\/h3>\n<h3>Durata:<\/h3>\n<p>20 febbraio 2020 &#8211; 20 febbraio 2022<\/p>\n<h3>Autorit\u00e0 competente<\/h3>\n<p>Il Ministero della protezione ambientale e dell&#8217;energia, a seguito di un invito pubblico attuato &#8220;Costruzione e \/ o equipaggiamento&#8221; di un impianto di cernita per carta, cartone, metallo, plastica e altri metalli raccolti separatamente, KK.06.3.1.12<\/p>\n<h3>Descrizione del progetto:<\/h3>\n<p>Costruzione di un impianto di cernita per rifiuti raccolti separatamente. Il processo tecnologico dell&#8217;impianto comprende la presa in consegna, l&#8217;essiccazione, la selezione, l&#8217;imballaggio, la separazione tecnologica di materiale inutilizzato e il riciclaggio di materie prime che possono avere un valore di mercato, in conformit\u00e0 con i principi dello sviluppo sostenibile e della protezione ambientale.<\/p>\n<h3>Obiettivi del progetto:<\/h3>\n<p>Gli impianti di cernita sono tra le parti pi\u00f9 importanti del sistema di gestione dei rifiuti, dato che lo smistamento dei rifiuti raccolti separatamente aumenta la qualit\u00e0 e il valore delle materie prime utili raccolte separatamente dai rifiuti, e quindi la commercializzazione sul mercato di tali materie prime. Ci\u00f2 contribuir\u00e0 ad aumentare il tasso di riciclaggio dei rifiuti urbani e a ridurre la quantit\u00e0 di rifiuti smaltiti nelle discariche, garantendo cos\u00ec la preparazione per il riutilizzo e il riciclaggio di carta, metallo, plastica e vetro per uso domestico, in una percentuale minima del 50% del suo peso, per cui ha un impatto diretto sul raggiungimento dell&#8217;obiettivo europeo di riutilizzo e riciclaggio dei rifiuti urbani.<\/p>\n<p>La quantit\u00e0 pianificata di rifiuti raccolti separatamente che entreranno quotidianamente nel centro \u00e8 di circa 50 tonnellate, il che richiede una capacit\u00e0 fino a 7 tonnellate all&#8217;ora di rifiuti urbani pre-selezionati che entrano nell&#8217;impianto.<\/p>\n<p>Si prevede che i seguenti materiali saranno separati nell&#8217;impianto:<\/p>\n<ul>\n<li>plastica<\/li>\n<li>cartone<\/li>\n<li>carta<\/li>\n<li>PET<\/li>\n<li>MET<\/li>\n<li>tessile<\/li>\n<li>vetro<\/li>\n<li>metallo<\/li>\n<\/ul>\n<h3>Attivit\u00e0 chiave:<\/h3>\n<p>A Miha\u010deva Draga sar\u00e0 costruito un impianto di cernita per rifiuti raccolti separatamente su una superficie totale di 5.636 mq.<\/p>\n<p>Un impianto di riciclaggio sar\u00e0 situato nella sala dell&#8217;impianto di cernita, il materiale riciclato smistato in imballaggi sar\u00e0 temporaneamente immagazzinato sotto la tettoia per lo smaltimento del materiale in imballaggi e un impianto di pesatura verr\u00e0 utilizzato per pesare veicoli che consegneranno rifiuti e trasporteranno materiale smistato idoneo per il riciclaggio.<\/p>\n<p>I pannelli solari sono previsti sul tetto della sala di cernita, che produrrebbe elettricit\u00e0 per le esigenze dell&#8217;impianto di cernita, contribuendo cos\u00ec alla protezione ambientale e alla riduzione dei costi operativi.<\/p>\n<h3>Budget:<\/h3>\n<p>Valore totale del progetto: 37.301.045,00 kune, di cui i costi ammissibili ammontano a 36.805.050,09 kune<\/p>\n<p>Cofinanziamento dai fondi dell&#8217;UE: 31.284.318,09 kune (ovvero l&#8217;85% dell&#8217;importo dei costi ammissibili)<\/p>\n<p>Le unit\u00e0 di autogoverno locali, fondatori della municipalizzata \u010cisto\u0107a, partecipano al progetto cofinanziando la parte rimanente, fino al valore totale del progetto, secondo il criterio di valutazione della quantit\u00e0 attuale delle singole unit\u00e0 di autogoverno locale nella quantit\u00e0 totale di rifiuti. La quota finale sar\u00e0 determinata dopo la realizzazione del progetto.<\/p>\n<h3>Finanziato con:<\/h3>\n<p>Fondi strutturali &#8211; Fondo europeo di sviluppo regionale &#8211; Programma operativo &#8220;Competitivit\u00e0 e coesione 2014-2020&#8221;, asse prioritario Protezione ambientale e sostenibilit\u00e0 delle risorse<\/p>\n<h3>Persona responsabile:<\/h3>\n<p>Eddy Ropac<br \/>\nDipartimento per gli affari comunali<br \/>\nPiazza Tito nr.3, Fiume<br \/>\nTel: <a href=\"tel:\/\/+385 51 209 376\">051 209 376<\/a><br \/>\nE-mail:<a href=\"mailto&#58;&#101;&#100;&#100;&#121;&#46;&#114;&#x6f;&#x70;&#x61;&#x63;&#x40;&#x72;&#x69;&#x6a;&#x65;&#x6b;&#x61;&#x2e;hr\"> &#x65;d&#x64;&#121;&#x2e;&#114;o&#x70;a&#x63;&#64;&#x72;&#105;j&#x65;&#107;&#x61;&#46;h&#x72;<\/a><\/p>\n","protected":false},"excerpt":{"rendered":"<p>Titolo del progetto: Impianto di cernita per rifiuti raccolti separatamente a Miha\u010deva Draga Durata: 20 febbraio 2020 &#8211; 20 febbraio 2022 Autorit\u00e0 competente Il Ministero della protezione ambientale e dell&#8217;energia, a seguito di un invito pubblico attuato &#8220;Costruzione e \/ o equipaggiamento&#8221; di un impianto di cernita per carta, cartone, metallo, plastica e altri metalli&#8230;<\/p>\n","protected":false},"author":5,"featured_media":11612,"parent":2062,"menu_order":0,"comment_status":"closed","ping_status":"closed","template":"","meta":{"_acf_changed":false,"_trash_the_other_posts":false,"footnotes":"","_links_to":"","_links_to_target":""},"tags":[],"class_list":["post-10566","page","type-page","status-publish","has-post-thumbnail","hentry"],"acf":[],"yoast_head":"<!-- This site is optimized with the Yoast SEO plugin v24.4 - https:\/\/yoast.com\/wordpress\/plugins\/seo\/ -->\n<title>Impianto di cernita per rifiuti raccolti separatamente a Miha\u010deva Draga - Citt\u00e0 di Fiume<\/title>\n<meta name=\"robots\" content=\"index, follow, max-snippet:-1, max-image-preview:large, max-video-preview:-1\" \/>\n<link rel=\"canonical\" href=\"https:\/\/www.rijeka.hr\/it\/amministrazione-cittadina\/progetti-dellue\/progetti-chiusi\/impianto-di-cernita-per-rifiuti-raccolti-separatamente-mihaceva-draga\/\" \/>\n<meta property=\"og:locale\" content=\"it_IT\" \/>\n<meta property=\"og:type\" content=\"article\" \/>\n<meta property=\"og:title\" content=\"Impianto di cernita per rifiuti raccolti separatamente a Miha\u010deva Draga - Citt\u00e0 di Fiume\" \/>\n<meta property=\"og:description\" content=\"Titolo del progetto: Impianto di cernita per rifiuti raccolti separatamente a Miha\u010deva Draga Durata: 20 febbraio 2020 &#8211; 20 febbraio 2022 Autorit\u00e0 competente Il Ministero della protezione ambientale e dell&#8217;energia, a seguito di un invito pubblico attuato &#8220;Costruzione e \/ o equipaggiamento&#8221; di un impianto di cernita per carta, cartone, metallo, plastica e altri metalli...\" \/>\n<meta property=\"og:url\" content=\"https:\/\/www.rijeka.hr\/it\/amministrazione-cittadina\/progetti-dellue\/progetti-chiusi\/impianto-di-cernita-per-rifiuti-raccolti-separatamente-mihaceva-draga\/\" \/>\n<meta property=\"og:site_name\" content=\"Citt\u00e0 di Fiume\" \/>\n<meta property=\"article:modified_time\" content=\"2022-11-07T11:33:33+00:00\" \/>\n<meta property=\"og:image\" content=\"https:\/\/www.rijeka.hr\/it\/wp-content\/uploads\/sites\/3\/2020\/11\/Iskaz-povr\u0161ina.jpg\" \/>\n\t<meta property=\"og:image:width\" content=\"981\" \/>\n\t<meta property=\"og:image:height\" content=\"739\" \/>\n\t<meta property=\"og:image:type\" content=\"image\/jpeg\" \/>\n<meta name=\"twitter:card\" content=\"summary_large_image\" \/>\n<meta name=\"twitter:label1\" content=\"Est. reading time\" \/>\n\t<meta name=\"twitter:data1\" content=\"3 minutes\" \/>\n<script type=\"application\/ld+json\" class=\"yoast-schema-graph\">{\"@context\":\"https:\/\/schema.org\",\"@graph\":[{\"@type\":\"WebPage\",\"@id\":\"https:\/\/www.rijeka.hr\/it\/amministrazione-cittadina\/progetti-dellue\/progetti-chiusi\/impianto-di-cernita-per-rifiuti-raccolti-separatamente-mihaceva-draga\/\",\"url\":\"https:\/\/www.rijeka.hr\/it\/amministrazione-cittadina\/progetti-dellue\/progetti-chiusi\/impianto-di-cernita-per-rifiuti-raccolti-separatamente-mihaceva-draga\/\",\"name\":\"Impianto di cernita per rifiuti raccolti separatamente a Miha\u010deva Draga - Citt\u00e0 di Fiume\",\"isPartOf\":{\"@id\":\"https:\/\/www.rijeka.hr\/it\/#website\"},\"primaryImageOfPage\":{\"@id\":\"https:\/\/www.rijeka.hr\/it\/amministrazione-cittadina\/progetti-dellue\/progetti-chiusi\/impianto-di-cernita-per-rifiuti-raccolti-separatamente-mihaceva-draga\/#primaryimage\"},\"image\":{\"@id\":\"https:\/\/www.rijeka.hr\/it\/amministrazione-cittadina\/progetti-dellue\/progetti-chiusi\/impianto-di-cernita-per-rifiuti-raccolti-separatamente-mihaceva-draga\/#primaryimage\"},\"thumbnailUrl\":\"https:\/\/www.rijeka.hr\/it\/wp-content\/uploads\/sites\/3\/2020\/11\/Iskaz-povr\u0161ina.jpg\",\"datePublished\":\"2020-06-26T11:29:08+00:00\",\"dateModified\":\"2022-11-07T11:33:33+00:00\",\"breadcrumb\":{\"@id\":\"https:\/\/www.rijeka.hr\/it\/amministrazione-cittadina\/progetti-dellue\/progetti-chiusi\/impianto-di-cernita-per-rifiuti-raccolti-separatamente-mihaceva-draga\/#breadcrumb\"},\"inLanguage\":\"it-IT\",\"potentialAction\":[{\"@type\":\"ReadAction\",\"target\":[\"https:\/\/www.rijeka.hr\/it\/amministrazione-cittadina\/progetti-dellue\/progetti-chiusi\/impianto-di-cernita-per-rifiuti-raccolti-separatamente-mihaceva-draga\/\"]}]},{\"@type\":\"ImageObject\",\"inLanguage\":\"it-IT\",\"@id\":\"https:\/\/www.rijeka.hr\/it\/amministrazione-cittadina\/progetti-dellue\/progetti-chiusi\/impianto-di-cernita-per-rifiuti-raccolti-separatamente-mihaceva-draga\/#primaryimage\",\"url\":\"https:\/\/www.rijeka.hr\/it\/wp-content\/uploads\/sites\/3\/2020\/11\/Iskaz-povr\u0161ina.jpg\",\"contentUrl\":\"https:\/\/www.rijeka.hr\/it\/wp-content\/uploads\/sites\/3\/2020\/11\/Iskaz-povr\u0161ina.jpg\",\"width\":981,\"height\":739,\"caption\":\"Impianto di selezione per rifiuti raccolti separatamente a Miha\u010deva Draga\"},{\"@type\":\"BreadcrumbList\",\"@id\":\"https:\/\/www.rijeka.hr\/it\/amministrazione-cittadina\/progetti-dellue\/progetti-chiusi\/impianto-di-cernita-per-rifiuti-raccolti-separatamente-mihaceva-draga\/#breadcrumb\",\"itemListElement\":[{\"@type\":\"ListItem\",\"position\":1,\"name\":\"Po\u010detna stranica\",\"item\":\"https:\/\/www.rijeka.hr\/it\/\"},{\"@type\":\"ListItem\",\"position\":2,\"name\":\"Amministrazione cittadina\",\"item\":\"https:\/\/www.rijeka.hr\/it\/amministrazione-cittadina\/\"},{\"@type\":\"ListItem\",\"position\":3,\"name\":\"Progetti dell&#8217;UE\",\"item\":\"https:\/\/www.rijeka.hr\/it\/amministrazione-cittadina\/progetti-dellue\/\"},{\"@type\":\"ListItem\",\"position\":4,\"name\":\"Progetti chiusi\",\"item\":\"https:\/\/www.rijeka.hr\/it\/amministrazione-cittadina\/progetti-dellue\/progetti-chiusi\/\"},{\"@type\":\"ListItem\",\"position\":5,\"name\":\"Impianto di cernita per rifiuti raccolti separatamente a Miha\u010deva Draga\"}]},{\"@type\":\"WebSite\",\"@id\":\"https:\/\/www.rijeka.hr\/it\/#website\",\"url\":\"https:\/\/www.rijeka.hr\/it\/\",\"name\":\"Citt\u00e0 di Fiume\",\"description\":\"Portale web della Citta&#039; di Fiume\",\"potentialAction\":[{\"@type\":\"SearchAction\",\"target\":{\"@type\":\"EntryPoint\",\"urlTemplate\":\"https:\/\/www.rijeka.hr\/it\/?s={search_term_string}\"},\"query-input\":{\"@type\":\"PropertyValueSpecification\",\"valueRequired\":true,\"valueName\":\"search_term_string\"}}],\"inLanguage\":\"it-IT\"}]}<\/script>\n<!-- \/ Yoast SEO plugin. -->","yoast_head_json":{"title":"Impianto di cernita per rifiuti raccolti separatamente a Miha\u010deva Draga - Citt\u00e0 di Fiume","robots":{"index":"index","follow":"follow","max-snippet":"max-snippet:-1","max-image-preview":"max-image-preview:large","max-video-preview":"max-video-preview:-1"},"canonical":"https:\/\/www.rijeka.hr\/it\/amministrazione-cittadina\/progetti-dellue\/progetti-chiusi\/impianto-di-cernita-per-rifiuti-raccolti-separatamente-mihaceva-draga\/","og_locale":"it_IT","og_type":"article","og_title":"Impianto di cernita per rifiuti raccolti separatamente a Miha\u010deva Draga - Citt\u00e0 di Fiume","og_description":"Titolo del progetto: Impianto di cernita per rifiuti raccolti separatamente a Miha\u010deva Draga Durata: 20 febbraio 2020 &#8211; 20 febbraio 2022 Autorit\u00e0 competente Il Ministero della protezione ambientale e dell&#8217;energia, a seguito di un invito pubblico attuato &#8220;Costruzione e \/ o equipaggiamento&#8221; di un impianto di cernita per carta, cartone, metallo, plastica e altri metalli...","og_url":"https:\/\/www.rijeka.hr\/it\/amministrazione-cittadina\/progetti-dellue\/progetti-chiusi\/impianto-di-cernita-per-rifiuti-raccolti-separatamente-mihaceva-draga\/","og_site_name":"Citt\u00e0 di Fiume","article_modified_time":"2022-11-07T11:33:33+00:00","og_image":[{"width":981,"height":739,"url":"https:\/\/www.rijeka.hr\/it\/wp-content\/uploads\/sites\/3\/2020\/11\/Iskaz-povr\u0161ina.jpg","type":"image\/jpeg"}],"twitter_card":"summary_large_image","twitter_misc":{"Est. reading time":"3 minutes"},"schema":{"@context":"https:\/\/schema.org","@graph":[{"@type":"WebPage","@id":"https:\/\/www.rijeka.hr\/it\/amministrazione-cittadina\/progetti-dellue\/progetti-chiusi\/impianto-di-cernita-per-rifiuti-raccolti-separatamente-mihaceva-draga\/","url":"https:\/\/www.rijeka.hr\/it\/amministrazione-cittadina\/progetti-dellue\/progetti-chiusi\/impianto-di-cernita-per-rifiuti-raccolti-separatamente-mihaceva-draga\/","name":"Impianto di cernita per rifiuti raccolti separatamente a Miha\u010deva Draga - Citt\u00e0 di Fiume","isPartOf":{"@id":"https:\/\/www.rijeka.hr\/it\/#website"},"primaryImageOfPage":{"@id":"https:\/\/www.rijeka.hr\/it\/amministrazione-cittadina\/progetti-dellue\/progetti-chiusi\/impianto-di-cernita-per-rifiuti-raccolti-separatamente-mihaceva-draga\/#primaryimage"},"image":{"@id":"https:\/\/www.rijeka.hr\/it\/amministrazione-cittadina\/progetti-dellue\/progetti-chiusi\/impianto-di-cernita-per-rifiuti-raccolti-separatamente-mihaceva-draga\/#primaryimage"},"thumbnailUrl":"https:\/\/www.rijeka.hr\/it\/wp-content\/uploads\/sites\/3\/2020\/11\/Iskaz-povr\u0161ina.jpg","datePublished":"2020-06-26T11:29:08+00:00","dateModified":"2022-11-07T11:33:33+00:00","breadcrumb":{"@id":"https:\/\/www.rijeka.hr\/it\/amministrazione-cittadina\/progetti-dellue\/progetti-chiusi\/impianto-di-cernita-per-rifiuti-raccolti-separatamente-mihaceva-draga\/#breadcrumb"},"inLanguage":"it-IT","potentialAction":[{"@type":"ReadAction","target":["https:\/\/www.rijeka.hr\/it\/amministrazione-cittadina\/progetti-dellue\/progetti-chiusi\/impianto-di-cernita-per-rifiuti-raccolti-separatamente-mihaceva-draga\/"]}]},{"@type":"ImageObject","inLanguage":"it-IT","@id":"https:\/\/www.rijeka.hr\/it\/amministrazione-cittadina\/progetti-dellue\/progetti-chiusi\/impianto-di-cernita-per-rifiuti-raccolti-separatamente-mihaceva-draga\/#primaryimage","url":"https:\/\/www.rijeka.hr\/it\/wp-content\/uploads\/sites\/3\/2020\/11\/Iskaz-povr\u0161ina.jpg","contentUrl":"https:\/\/www.rijeka.hr\/it\/wp-content\/uploads\/sites\/3\/2020\/11\/Iskaz-povr\u0161ina.jpg","width":981,"height":739,"caption":"Impianto di selezione per rifiuti raccolti separatamente a Miha\u010deva Draga"},{"@type":"BreadcrumbList","@id":"https:\/\/www.rijeka.hr\/it\/amministrazione-cittadina\/progetti-dellue\/progetti-chiusi\/impianto-di-cernita-per-rifiuti-raccolti-separatamente-mihaceva-draga\/#breadcrumb","itemListElement":[{"@type":"ListItem","position":1,"name":"Po\u010detna stranica","item":"https:\/\/www.rijeka.hr\/it\/"},{"@type":"ListItem","position":2,"name":"Amministrazione cittadina","item":"https:\/\/www.rijeka.hr\/it\/amministrazione-cittadina\/"},{"@type":"ListItem","position":3,"name":"Progetti dell&#8217;UE","item":"https:\/\/www.rijeka.hr\/it\/amministrazione-cittadina\/progetti-dellue\/"},{"@type":"ListItem","position":4,"name":"Progetti chiusi","item":"https:\/\/www.rijeka.hr\/it\/amministrazione-cittadina\/progetti-dellue\/progetti-chiusi\/"},{"@type":"ListItem","position":5,"name":"Impianto di cernita per rifiuti raccolti separatamente a Miha\u010deva Draga"}]},{"@type":"WebSite","@id":"https:\/\/www.rijeka.hr\/it\/#website","url":"https:\/\/www.rijeka.hr\/it\/","name":"Citt\u00e0 di Fiume","description":"Portale web della Citta&#039; di Fiume","potentialAction":[{"@type":"SearchAction","target":{"@type":"EntryPoint","urlTemplate":"https:\/\/www.rijeka.hr\/it\/?s={search_term_string}"},"query-input":{"@type":"PropertyValueSpecification","valueRequired":true,"valueName":"search_term_string"}}],"inLanguage":"it-IT"}]}},"_links":{"self":[{"href":"https:\/\/www.rijeka.hr\/it\/wp-json\/wp\/v2\/pages\/10566","targetHints":{"allow":["GET"]}}],"collection":[{"href":"https:\/\/www.rijeka.hr\/it\/wp-json\/wp\/v2\/pages"}],"about":[{"href":"https:\/\/www.rijeka.hr\/it\/wp-json\/wp\/v2\/types\/page"}],"author":[{"embeddable":true,"href":"https:\/\/www.rijeka.hr\/it\/wp-json\/wp\/v2\/users\/5"}],"replies":[{"embeddable":true,"href":"https:\/\/www.rijeka.hr\/it\/wp-json\/wp\/v2\/comments?post=10566"}],"version-history":[{"count":3,"href":"https:\/\/www.rijeka.hr\/it\/wp-json\/wp\/v2\/pages\/10566\/revisions"}],"predecessor-version":[{"id":10601,"href":"https:\/\/www.rijeka.hr\/it\/wp-json\/wp\/v2\/pages\/10566\/revisions\/10601"}],"up":[{"embeddable":true,"href":"https:\/\/www.rijeka.hr\/it\/wp-json\/wp\/v2\/pages\/2062"}],"wp:featuredmedia":[{"embeddable":true,"href":"https:\/\/www.rijeka.hr\/it\/wp-json\/wp\/v2\/media\/11612"}],"wp:attachment":[{"href":"https:\/\/www.rijeka.hr\/it\/wp-json\/wp\/v2\/media?parent=10566"}],"wp:term":[{"taxonomy":"post_tag","embeddable":true,"href":"https:\/\/www.rijeka.hr\/it\/wp-json\/wp\/v2\/tags?post=10566"}],"curies":[{"name":"wp","href":"https:\/\/api.w.org\/{rel}","templated":true}]}}