{"id":10586,"date":"2020-07-20T14:40:41","date_gmt":"2020-07-20T12:40:41","guid":{"rendered":"https:\/\/www.rijeka.hr\/it\/?page_id=10586"},"modified":"2020-07-20T14:42:25","modified_gmt":"2020-07-20T12:42:25","slug":"acquisto-di-22-nuovi-autobus-per-la-municipalizzata-autotrolej","status":"publish","type":"page","link":"https:\/\/www.rijeka.hr\/it\/amministrazione-cittadina\/progetti-dellue\/progetti-chiusi\/acquisto-di-22-nuovi-autobus-per-la-municipalizzata-autotrolej\/","title":{"rendered":"Acquisto di 22 nuovi autobus per la municipalizzata Autotrolej"},"content":{"rendered":"<h3><img loading=\"lazy\" decoding=\"async\" width=\"600\" height=\"226\" class=\"aligncenter wp-image-10467 size-full\" src=\"https:\/\/www.rijeka.hr\/it\/wp-content\/uploads\/sites\/3\/2020\/05\/energetska-obnova.png\" alt=\"\" \/><\/h3>\n<h3>Titolo del progetto:<\/h3>\n<p>Acquisto di 22 nuovi autobus per la municipalizzata Autotrolej (No regret project)<\/p>\n<h3>Obiettivo del progetto:<\/h3>\n<p>L&#8217;obiettivo del progetto \u00e8 fornire servizi di trasporto sostenibili e di qualit\u00e0 ai cittadini acquistando 22 nuovi autobus.<\/p>\n<h3>Durata del progetto:<\/h3>\n<p>Data della firma del contratto: 23 luglio 2018, durata del progetto 20 mesi<\/p>\n<h3>Autorit\u00e0 competente:<\/h3>\n<p>Ministero del mare, dei trasporti e delle infrastrutture, a seguito di un invito limitato a presentare proposte di progetti per l&#8217;assegnazione di sovvenzioni, KK.07.4.2.03<\/p>\n<h3>Descrizione del progetto:<\/h3>\n<p>I nuovi autobus offriranno un maggiore comfort ai passeggeri in quanto hanno prevalentemente posti a sedere e sono strutturalmente progettati per viaggi pi\u00f9 lunghi. Tutti i veicoli acquistati soddisfano il rigoroso standard EURO 6 sui gas di scarico. Il progetto rappresenta l&#8217;ammodernamento della flotta di veicoli esistente, il tutto con l&#8217;obiettivo di garantire uno standard di qualit\u00e0 pi\u00f9 elevato ai passeggeri, migliorare la capacit\u00e0 aumentando la velocit\u00e0 di viaggio e riducendo i costi operativi, migliorando l&#8217;affidabilit\u00e0 e la sicurezza, riducendo le emissioni e l&#8217;inquinamento atmosferico, aumentando il numero di passeggeri nel trasporto pubblico in relazione alle autovetture e l\u2019adeguamento alle norme UE.<\/p>\n<h3>Budget:<\/h3>\n<p>Valore totale del progetto: 48.504.687,50 HRK<\/p>\n<p>Cofinanziamento con fondi UE: 38.000.000,00 HRK<\/p>\n<p>Finanziamento dell&#8217;importo rimanente: bilancio statale (9.790.937,50 HRK) e Autotrolej (713.750,00 HRK)<\/p>\n<h3>Finanziato con:<\/h3>\n<p>Fondi strutturali &#8211; Fondo di coesione &#8211; Programma operativo &#8220;Competitivit\u00e0 e coesione 2014-2020&#8221;<\/p>\n","protected":false},"excerpt":{"rendered":"<p>Titolo del progetto: Acquisto di 22 nuovi autobus per la municipalizzata Autotrolej (No regret project) Obiettivo del progetto: L&#8217;obiettivo del progetto \u00e8 fornire servizi di trasporto sostenibili e di qualit\u00e0 ai cittadini acquistando 22 nuovi autobus. Durata del progetto: Data della firma del contratto: 23 luglio 2018, durata del progetto 20 mesi Autorit\u00e0 competente: Ministero&#8230;<\/p>\n","protected":false},"author":8,"featured_media":0,"parent":2062,"menu_order":0,"comment_status":"closed","ping_status":"closed","template":"","meta":{"_acf_changed":false,"_trash_the_other_posts":false,"footnotes":"","_links_to":"","_links_to_target":""},"tags":[],"class_list":["post-10586","page","type-page","status-publish","hentry"],"acf":[],"yoast_head":"<!-- This site is optimized with the Yoast SEO plugin v24.4 - https:\/\/yoast.com\/wordpress\/plugins\/seo\/ -->\n<title>Acquisto di 22 nuovi autobus per la municipalizzata Autotrolej - Citt\u00e0 di Fiume<\/title>\n<meta name=\"robots\" content=\"index, follow, max-snippet:-1, max-image-preview:large, max-video-preview:-1\" \/>\n<link rel=\"canonical\" href=\"https:\/\/www.rijeka.hr\/it\/amministrazione-cittadina\/progetti-dellue\/progetti-chiusi\/acquisto-di-22-nuovi-autobus-per-la-municipalizzata-autotrolej\/\" \/>\n<meta property=\"og:locale\" content=\"it_IT\" \/>\n<meta property=\"og:type\" content=\"article\" \/>\n<meta property=\"og:title\" content=\"Acquisto di 22 nuovi autobus per la municipalizzata Autotrolej - Citt\u00e0 di Fiume\" \/>\n<meta property=\"og:description\" content=\"Titolo del progetto: Acquisto di 22 nuovi autobus per la municipalizzata Autotrolej (No regret project) Obiettivo del progetto: L&#8217;obiettivo del progetto \u00e8 fornire servizi di trasporto sostenibili e di qualit\u00e0 ai cittadini acquistando 22 nuovi autobus. Durata del progetto: Data della firma del contratto: 23 luglio 2018, durata del progetto 20 mesi Autorit\u00e0 competente: Ministero...\" \/>\n<meta property=\"og:url\" content=\"https:\/\/www.rijeka.hr\/it\/amministrazione-cittadina\/progetti-dellue\/progetti-chiusi\/acquisto-di-22-nuovi-autobus-per-la-municipalizzata-autotrolej\/\" \/>\n<meta property=\"og:site_name\" content=\"Citt\u00e0 di Fiume\" \/>\n<meta property=\"article:modified_time\" content=\"2020-07-20T12:42:25+00:00\" \/>\n<meta property=\"og:image\" content=\"https:\/\/www.rijeka.hr\/it\/wp-content\/uploads\/sites\/3\/2020\/05\/energetska-obnova.png\" \/>\n<meta name=\"twitter:card\" content=\"summary_large_image\" \/>\n<meta name=\"twitter:label1\" content=\"Est. reading time\" \/>\n\t<meta name=\"twitter:data1\" content=\"1 minute\" \/>\n<script type=\"application\/ld+json\" class=\"yoast-schema-graph\">{\"@context\":\"https:\/\/schema.org\",\"@graph\":[{\"@type\":\"WebPage\",\"@id\":\"https:\/\/www.rijeka.hr\/it\/amministrazione-cittadina\/progetti-dellue\/progetti-chiusi\/acquisto-di-22-nuovi-autobus-per-la-municipalizzata-autotrolej\/\",\"url\":\"https:\/\/www.rijeka.hr\/it\/amministrazione-cittadina\/progetti-dellue\/progetti-chiusi\/acquisto-di-22-nuovi-autobus-per-la-municipalizzata-autotrolej\/\",\"name\":\"Acquisto di 22 nuovi autobus per la municipalizzata Autotrolej - Citt\u00e0 di Fiume\",\"isPartOf\":{\"@id\":\"https:\/\/www.rijeka.hr\/it\/#website\"},\"primaryImageOfPage\":{\"@id\":\"https:\/\/www.rijeka.hr\/it\/amministrazione-cittadina\/progetti-dellue\/progetti-chiusi\/acquisto-di-22-nuovi-autobus-per-la-municipalizzata-autotrolej\/#primaryimage\"},\"image\":{\"@id\":\"https:\/\/www.rijeka.hr\/it\/amministrazione-cittadina\/progetti-dellue\/progetti-chiusi\/acquisto-di-22-nuovi-autobus-per-la-municipalizzata-autotrolej\/#primaryimage\"},\"thumbnailUrl\":\"https:\/\/www.rijeka.hr\/it\/wp-content\/uploads\/sites\/3\/2020\/05\/energetska-obnova.png\",\"datePublished\":\"2020-07-20T12:40:41+00:00\",\"dateModified\":\"2020-07-20T12:42:25+00:00\",\"breadcrumb\":{\"@id\":\"https:\/\/www.rijeka.hr\/it\/amministrazione-cittadina\/progetti-dellue\/progetti-chiusi\/acquisto-di-22-nuovi-autobus-per-la-municipalizzata-autotrolej\/#breadcrumb\"},\"inLanguage\":\"it-IT\",\"potentialAction\":[{\"@type\":\"ReadAction\",\"target\":[\"https:\/\/www.rijeka.hr\/it\/amministrazione-cittadina\/progetti-dellue\/progetti-chiusi\/acquisto-di-22-nuovi-autobus-per-la-municipalizzata-autotrolej\/\"]}]},{\"@type\":\"ImageObject\",\"inLanguage\":\"it-IT\",\"@id\":\"https:\/\/www.rijeka.hr\/it\/amministrazione-cittadina\/progetti-dellue\/progetti-chiusi\/acquisto-di-22-nuovi-autobus-per-la-municipalizzata-autotrolej\/#primaryimage\",\"url\":\"https:\/\/www.rijeka.hr\/it\/wp-content\/uploads\/sites\/3\/2020\/05\/energetska-obnova.png\",\"contentUrl\":\"https:\/\/www.rijeka.hr\/it\/wp-content\/uploads\/sites\/3\/2020\/05\/energetska-obnova.png\",\"width\":600,\"height\":226},{\"@type\":\"BreadcrumbList\",\"@id\":\"https:\/\/www.rijeka.hr\/it\/amministrazione-cittadina\/progetti-dellue\/progetti-chiusi\/acquisto-di-22-nuovi-autobus-per-la-municipalizzata-autotrolej\/#breadcrumb\",\"itemListElement\":[{\"@type\":\"ListItem\",\"position\":1,\"name\":\"Po\u010detna stranica\",\"item\":\"https:\/\/www.rijeka.hr\/it\/\"},{\"@type\":\"ListItem\",\"position\":2,\"name\":\"Amministrazione cittadina\",\"item\":\"https:\/\/www.rijeka.hr\/it\/amministrazione-cittadina\/\"},{\"@type\":\"ListItem\",\"position\":3,\"name\":\"Progetti dell&#8217;UE\",\"item\":\"https:\/\/www.rijeka.hr\/it\/amministrazione-cittadina\/progetti-dellue\/\"},{\"@type\":\"ListItem\",\"position\":4,\"name\":\"Progetti chiusi\",\"item\":\"https:\/\/www.rijeka.hr\/it\/amministrazione-cittadina\/progetti-dellue\/progetti-chiusi\/\"},{\"@type\":\"ListItem\",\"position\":5,\"name\":\"Acquisto di 22 nuovi autobus per la municipalizzata Autotrolej\"}]},{\"@type\":\"WebSite\",\"@id\":\"https:\/\/www.rijeka.hr\/it\/#website\",\"url\":\"https:\/\/www.rijeka.hr\/it\/\",\"name\":\"Citt\u00e0 di Fiume\",\"description\":\"Portale web della Citta&#039; di Fiume\",\"potentialAction\":[{\"@type\":\"SearchAction\",\"target\":{\"@type\":\"EntryPoint\",\"urlTemplate\":\"https:\/\/www.rijeka.hr\/it\/?s={search_term_string}\"},\"query-input\":{\"@type\":\"PropertyValueSpecification\",\"valueRequired\":true,\"valueName\":\"search_term_string\"}}],\"inLanguage\":\"it-IT\"}]}<\/script>\n<!-- \/ Yoast SEO plugin. -->","yoast_head_json":{"title":"Acquisto di 22 nuovi autobus per la municipalizzata Autotrolej - Citt\u00e0 di Fiume","robots":{"index":"index","follow":"follow","max-snippet":"max-snippet:-1","max-image-preview":"max-image-preview:large","max-video-preview":"max-video-preview:-1"},"canonical":"https:\/\/www.rijeka.hr\/it\/amministrazione-cittadina\/progetti-dellue\/progetti-chiusi\/acquisto-di-22-nuovi-autobus-per-la-municipalizzata-autotrolej\/","og_locale":"it_IT","og_type":"article","og_title":"Acquisto di 22 nuovi autobus per la municipalizzata Autotrolej - Citt\u00e0 di Fiume","og_description":"Titolo del progetto: Acquisto di 22 nuovi autobus per la municipalizzata Autotrolej (No regret project) Obiettivo del progetto: L&#8217;obiettivo del progetto \u00e8 fornire servizi di trasporto sostenibili e di qualit\u00e0 ai cittadini acquistando 22 nuovi autobus. Durata del progetto: Data della firma del contratto: 23 luglio 2018, durata del progetto 20 mesi Autorit\u00e0 competente: Ministero...","og_url":"https:\/\/www.rijeka.hr\/it\/amministrazione-cittadina\/progetti-dellue\/progetti-chiusi\/acquisto-di-22-nuovi-autobus-per-la-municipalizzata-autotrolej\/","og_site_name":"Citt\u00e0 di Fiume","article_modified_time":"2020-07-20T12:42:25+00:00","og_image":[{"url":"https:\/\/www.rijeka.hr\/it\/wp-content\/uploads\/sites\/3\/2020\/05\/energetska-obnova.png","type":"","width":"","height":""}],"twitter_card":"summary_large_image","twitter_misc":{"Est. reading time":"1 minute"},"schema":{"@context":"https:\/\/schema.org","@graph":[{"@type":"WebPage","@id":"https:\/\/www.rijeka.hr\/it\/amministrazione-cittadina\/progetti-dellue\/progetti-chiusi\/acquisto-di-22-nuovi-autobus-per-la-municipalizzata-autotrolej\/","url":"https:\/\/www.rijeka.hr\/it\/amministrazione-cittadina\/progetti-dellue\/progetti-chiusi\/acquisto-di-22-nuovi-autobus-per-la-municipalizzata-autotrolej\/","name":"Acquisto di 22 nuovi autobus per la municipalizzata Autotrolej - Citt\u00e0 di Fiume","isPartOf":{"@id":"https:\/\/www.rijeka.hr\/it\/#website"},"primaryImageOfPage":{"@id":"https:\/\/www.rijeka.hr\/it\/amministrazione-cittadina\/progetti-dellue\/progetti-chiusi\/acquisto-di-22-nuovi-autobus-per-la-municipalizzata-autotrolej\/#primaryimage"},"image":{"@id":"https:\/\/www.rijeka.hr\/it\/amministrazione-cittadina\/progetti-dellue\/progetti-chiusi\/acquisto-di-22-nuovi-autobus-per-la-municipalizzata-autotrolej\/#primaryimage"},"thumbnailUrl":"https:\/\/www.rijeka.hr\/it\/wp-content\/uploads\/sites\/3\/2020\/05\/energetska-obnova.png","datePublished":"2020-07-20T12:40:41+00:00","dateModified":"2020-07-20T12:42:25+00:00","breadcrumb":{"@id":"https:\/\/www.rijeka.hr\/it\/amministrazione-cittadina\/progetti-dellue\/progetti-chiusi\/acquisto-di-22-nuovi-autobus-per-la-municipalizzata-autotrolej\/#breadcrumb"},"inLanguage":"it-IT","potentialAction":[{"@type":"ReadAction","target":["https:\/\/www.rijeka.hr\/it\/amministrazione-cittadina\/progetti-dellue\/progetti-chiusi\/acquisto-di-22-nuovi-autobus-per-la-municipalizzata-autotrolej\/"]}]},{"@type":"ImageObject","inLanguage":"it-IT","@id":"https:\/\/www.rijeka.hr\/it\/amministrazione-cittadina\/progetti-dellue\/progetti-chiusi\/acquisto-di-22-nuovi-autobus-per-la-municipalizzata-autotrolej\/#primaryimage","url":"https:\/\/www.rijeka.hr\/it\/wp-content\/uploads\/sites\/3\/2020\/05\/energetska-obnova.png","contentUrl":"https:\/\/www.rijeka.hr\/it\/wp-content\/uploads\/sites\/3\/2020\/05\/energetska-obnova.png","width":600,"height":226},{"@type":"BreadcrumbList","@id":"https:\/\/www.rijeka.hr\/it\/amministrazione-cittadina\/progetti-dellue\/progetti-chiusi\/acquisto-di-22-nuovi-autobus-per-la-municipalizzata-autotrolej\/#breadcrumb","itemListElement":[{"@type":"ListItem","position":1,"name":"Po\u010detna stranica","item":"https:\/\/www.rijeka.hr\/it\/"},{"@type":"ListItem","position":2,"name":"Amministrazione cittadina","item":"https:\/\/www.rijeka.hr\/it\/amministrazione-cittadina\/"},{"@type":"ListItem","position":3,"name":"Progetti dell&#8217;UE","item":"https:\/\/www.rijeka.hr\/it\/amministrazione-cittadina\/progetti-dellue\/"},{"@type":"ListItem","position":4,"name":"Progetti chiusi","item":"https:\/\/www.rijeka.hr\/it\/amministrazione-cittadina\/progetti-dellue\/progetti-chiusi\/"},{"@type":"ListItem","position":5,"name":"Acquisto di 22 nuovi autobus per la municipalizzata Autotrolej"}]},{"@type":"WebSite","@id":"https:\/\/www.rijeka.hr\/it\/#website","url":"https:\/\/www.rijeka.hr\/it\/","name":"Citt\u00e0 di Fiume","description":"Portale web della Citta&#039; di Fiume","potentialAction":[{"@type":"SearchAction","target":{"@type":"EntryPoint","urlTemplate":"https:\/\/www.rijeka.hr\/it\/?s={search_term_string}"},"query-input":{"@type":"PropertyValueSpecification","valueRequired":true,"valueName":"search_term_string"}}],"inLanguage":"it-IT"}]}},"_links":{"self":[{"href":"https:\/\/www.rijeka.hr\/it\/wp-json\/wp\/v2\/pages\/10586","targetHints":{"allow":["GET"]}}],"collection":[{"href":"https:\/\/www.rijeka.hr\/it\/wp-json\/wp\/v2\/pages"}],"about":[{"href":"https:\/\/www.rijeka.hr\/it\/wp-json\/wp\/v2\/types\/page"}],"author":[{"embeddable":true,"href":"https:\/\/www.rijeka.hr\/it\/wp-json\/wp\/v2\/users\/8"}],"replies":[{"embeddable":true,"href":"https:\/\/www.rijeka.hr\/it\/wp-json\/wp\/v2\/comments?post=10586"}],"version-history":[{"count":4,"href":"https:\/\/www.rijeka.hr\/it\/wp-json\/wp\/v2\/pages\/10586\/revisions"}],"predecessor-version":[{"id":10590,"href":"https:\/\/www.rijeka.hr\/it\/wp-json\/wp\/v2\/pages\/10586\/revisions\/10590"}],"up":[{"embeddable":true,"href":"https:\/\/www.rijeka.hr\/it\/wp-json\/wp\/v2\/pages\/2062"}],"wp:attachment":[{"href":"https:\/\/www.rijeka.hr\/it\/wp-json\/wp\/v2\/media?parent=10586"}],"wp:term":[{"taxonomy":"post_tag","embeddable":true,"href":"https:\/\/www.rijeka.hr\/it\/wp-json\/wp\/v2\/tags?post=10586"}],"curies":[{"name":"wp","href":"https:\/\/api.w.org\/{rel}","templated":true}]}}