{"id":106,"date":"2016-07-21T15:36:13","date_gmt":"2016-07-21T13:36:13","guid":{"rendered":"https:\/\/www.rijeka.hr\/it\/?page_id=106"},"modified":"2024-01-17T15:06:02","modified_gmt":"2024-01-17T14:06:02","slug":"lavoro-a-turni-dei-medici","status":"publish","type":"page","link":"https:\/\/www.rijeka.hr\/it\/temi-per-i-cittadini\/famiglia-e-assistenza-sociale\/salute\/servizi-sanitari-eo-servizi-consultivi\/lavoro-a-turni-dei-medici\/","title":{"rendered":"Lavoro a turni dei medici"},"content":{"rendered":"<p>Allo scopo di assicurare la continuit\u00e0 e la disponibilit\u00e0 della tutela sanitaria ai pazienti acutamente malati, il Dipartimento municipale per la sanit\u00e0 e la previdenza sociale partecipa al cofinanziamento delle spese generali e materiali degli ambulatori della Casa della salute regionale all\u2019indirizzo via Cambieri 7, dove si svolge il lavoro a turni dei medici. Inoltre, il Dipartimento cofinanzia il lavoro a turni dei medici nel campo della tutela sanitaria dei bambini in et\u00e0 prescolare nei giorni di sabato.<\/p>\n<p>La Citt\u00e0 di Fiume cofinanzia il lavoro particolare a turni nelle attivit\u00e0 di medicina generale\/familiare, di tutela sanitaria dei bambini in et\u00e0 prescolare e di tutela della salute odontoiatrica in una misura superore rispetto a quella prescritta dall\u2019Istituto croato per la salute pubblica.<\/p>\n<p>Allo scopo di rendere il servizio sanitario ancora pi\u00f9 disponibile \u00e8 stato accordato che <a href=\"http:\/\/domzdravlja-pgz.hr\/\" target=\"_blank\" rel=\"noopener\">nell\u2019ambulatorio di turno all\u2019indirizzo via Cambieri 7<\/a> il lavoro ai turni si svolge:<\/p>\n<ul>\n<li>nei gironi di sabato e domenica, nei giorni festivi, il servizio di medicina generale\/familiare e di tutela sanitaria dei bambini in et\u00e0 prescolare dalle ore 8,00 alle ore 20,00,<\/li>\n<li>tutela della salute odontoiatrica nei giorni feriali dalle ore 20,00 alle ore 24,00, e nei giorni di sabato, domenica e nei giorni festivi dalle ore 8,00 alle ore 24,00 sati.<\/li>\n<\/ul>\n<p>Inoltre, il Dipartimento cofinanzia il lavoro a turni nell\u2019attivit\u00e0 di tutela sanitaria dei bambini in et\u00e0 prescolare nei giorni di sabato dalle ore 8,00 alle ore 15,00 perch\u00e9 questo non \u00e8 stato accordato con l\u2019Istituto croato per la salute pubblica.<\/p>\n","protected":false},"excerpt":{"rendered":"<p>Allo scopo di assicurare la continuit\u00e0 e la disponibilit\u00e0 della tutela sanitaria ai pazienti acutamente malati, il Dipartimento municipale per la sanit\u00e0 e la previdenza sociale partecipa al cofinanziamento delle spese generali e materiali degli ambulatori della Casa della salute regionale all\u2019indirizzo via Cambieri 7, dove si svolge il lavoro a turni dei medici. Inoltre,&#8230;<\/p>\n","protected":false},"author":6,"featured_media":0,"parent":69,"menu_order":0,"comment_status":"closed","ping_status":"closed","template":"","meta":{"_acf_changed":false,"_trash_the_other_posts":false,"footnotes":"","_links_to":"","_links_to_target":""},"tags":[],"class_list":["post-106","page","type-page","status-publish","hentry"],"acf":[],"yoast_head":"<!-- This site is optimized with the Yoast SEO plugin v24.4 - https:\/\/yoast.com\/wordpress\/plugins\/seo\/ -->\n<title>Lavoro a turni dei medici - Citt\u00e0 di Fiume<\/title>\n<meta name=\"robots\" content=\"index, follow, max-snippet:-1, max-image-preview:large, max-video-preview:-1\" \/>\n<link rel=\"canonical\" href=\"https:\/\/www.rijeka.hr\/it\/temi-per-i-cittadini\/famiglia-e-assistenza-sociale\/salute\/servizi-sanitari-eo-servizi-consultivi\/lavoro-a-turni-dei-medici\/\" \/>\n<meta property=\"og:locale\" content=\"it_IT\" \/>\n<meta property=\"og:type\" content=\"article\" \/>\n<meta property=\"og:title\" content=\"Lavoro a turni dei medici - Citt\u00e0 di Fiume\" \/>\n<meta property=\"og:description\" content=\"Allo scopo di assicurare la continuit\u00e0 e la disponibilit\u00e0 della tutela sanitaria ai pazienti acutamente malati, il Dipartimento municipale per la sanit\u00e0 e la previdenza sociale partecipa al cofinanziamento delle spese generali e materiali degli ambulatori della Casa della salute regionale all\u2019indirizzo via Cambieri 7, dove si svolge il lavoro a turni dei medici. Inoltre,...\" \/>\n<meta property=\"og:url\" content=\"https:\/\/www.rijeka.hr\/it\/temi-per-i-cittadini\/famiglia-e-assistenza-sociale\/salute\/servizi-sanitari-eo-servizi-consultivi\/lavoro-a-turni-dei-medici\/\" \/>\n<meta property=\"og:site_name\" content=\"Citt\u00e0 di Fiume\" \/>\n<meta property=\"article:modified_time\" content=\"2024-01-17T14:06:02+00:00\" \/>\n<meta name=\"twitter:card\" content=\"summary_large_image\" \/>\n<meta name=\"twitter:label1\" content=\"Est. reading time\" \/>\n\t<meta name=\"twitter:data1\" content=\"1 minute\" \/>\n<script type=\"application\/ld+json\" class=\"yoast-schema-graph\">{\"@context\":\"https:\/\/schema.org\",\"@graph\":[{\"@type\":\"WebPage\",\"@id\":\"https:\/\/www.rijeka.hr\/it\/temi-per-i-cittadini\/famiglia-e-assistenza-sociale\/salute\/servizi-sanitari-eo-servizi-consultivi\/lavoro-a-turni-dei-medici\/\",\"url\":\"https:\/\/www.rijeka.hr\/it\/temi-per-i-cittadini\/famiglia-e-assistenza-sociale\/salute\/servizi-sanitari-eo-servizi-consultivi\/lavoro-a-turni-dei-medici\/\",\"name\":\"Lavoro a turni dei medici - Citt\u00e0 di Fiume\",\"isPartOf\":{\"@id\":\"https:\/\/www.rijeka.hr\/it\/#website\"},\"datePublished\":\"2016-07-21T13:36:13+00:00\",\"dateModified\":\"2024-01-17T14:06:02+00:00\",\"breadcrumb\":{\"@id\":\"https:\/\/www.rijeka.hr\/it\/temi-per-i-cittadini\/famiglia-e-assistenza-sociale\/salute\/servizi-sanitari-eo-servizi-consultivi\/lavoro-a-turni-dei-medici\/#breadcrumb\"},\"inLanguage\":\"it-IT\",\"potentialAction\":[{\"@type\":\"ReadAction\",\"target\":[\"https:\/\/www.rijeka.hr\/it\/temi-per-i-cittadini\/famiglia-e-assistenza-sociale\/salute\/servizi-sanitari-eo-servizi-consultivi\/lavoro-a-turni-dei-medici\/\"]}]},{\"@type\":\"BreadcrumbList\",\"@id\":\"https:\/\/www.rijeka.hr\/it\/temi-per-i-cittadini\/famiglia-e-assistenza-sociale\/salute\/servizi-sanitari-eo-servizi-consultivi\/lavoro-a-turni-dei-medici\/#breadcrumb\",\"itemListElement\":[{\"@type\":\"ListItem\",\"position\":1,\"name\":\"Po\u010detna stranica\",\"item\":\"https:\/\/www.rijeka.hr\/it\/\"},{\"@type\":\"ListItem\",\"position\":2,\"name\":\"Temi per i cittadini\",\"item\":\"https:\/\/www.rijeka.hr\/it\/temi-per-i-cittadini\/\"},{\"@type\":\"ListItem\",\"position\":3,\"name\":\"Famiglia e previdenza sociale\",\"item\":\"https:\/\/www.rijeka.hr\/it\/temi-per-i-cittadini\/famiglia-e-assistenza-sociale\/\"},{\"@type\":\"ListItem\",\"position\":4,\"name\":\"Sanit\u00e0\",\"item\":\"https:\/\/www.rijeka.hr\/it\/temi-per-i-cittadini\/famiglia-e-assistenza-sociale\/salute\/\"},{\"@type\":\"ListItem\",\"position\":5,\"name\":\"Servizi sanitari e\/o servizi consultivi\",\"item\":\"https:\/\/www.rijeka.hr\/it\/temi-per-i-cittadini\/famiglia-e-assistenza-sociale\/salute\/servizi-sanitari-eo-servizi-consultivi\/\"},{\"@type\":\"ListItem\",\"position\":6,\"name\":\"Lavoro a turni dei medici\"}]},{\"@type\":\"WebSite\",\"@id\":\"https:\/\/www.rijeka.hr\/it\/#website\",\"url\":\"https:\/\/www.rijeka.hr\/it\/\",\"name\":\"Citt\u00e0 di Fiume\",\"description\":\"Portale web della Citta&#039; di Fiume\",\"potentialAction\":[{\"@type\":\"SearchAction\",\"target\":{\"@type\":\"EntryPoint\",\"urlTemplate\":\"https:\/\/www.rijeka.hr\/it\/?s={search_term_string}\"},\"query-input\":{\"@type\":\"PropertyValueSpecification\",\"valueRequired\":true,\"valueName\":\"search_term_string\"}}],\"inLanguage\":\"it-IT\"}]}<\/script>\n<!-- \/ Yoast SEO plugin. -->","yoast_head_json":{"title":"Lavoro a turni dei medici - Citt\u00e0 di Fiume","robots":{"index":"index","follow":"follow","max-snippet":"max-snippet:-1","max-image-preview":"max-image-preview:large","max-video-preview":"max-video-preview:-1"},"canonical":"https:\/\/www.rijeka.hr\/it\/temi-per-i-cittadini\/famiglia-e-assistenza-sociale\/salute\/servizi-sanitari-eo-servizi-consultivi\/lavoro-a-turni-dei-medici\/","og_locale":"it_IT","og_type":"article","og_title":"Lavoro a turni dei medici - Citt\u00e0 di Fiume","og_description":"Allo scopo di assicurare la continuit\u00e0 e la disponibilit\u00e0 della tutela sanitaria ai pazienti acutamente malati, il Dipartimento municipale per la sanit\u00e0 e la previdenza sociale partecipa al cofinanziamento delle spese generali e materiali degli ambulatori della Casa della salute regionale all\u2019indirizzo via Cambieri 7, dove si svolge il lavoro a turni dei medici. Inoltre,...","og_url":"https:\/\/www.rijeka.hr\/it\/temi-per-i-cittadini\/famiglia-e-assistenza-sociale\/salute\/servizi-sanitari-eo-servizi-consultivi\/lavoro-a-turni-dei-medici\/","og_site_name":"Citt\u00e0 di Fiume","article_modified_time":"2024-01-17T14:06:02+00:00","twitter_card":"summary_large_image","twitter_misc":{"Est. reading time":"1 minute"},"schema":{"@context":"https:\/\/schema.org","@graph":[{"@type":"WebPage","@id":"https:\/\/www.rijeka.hr\/it\/temi-per-i-cittadini\/famiglia-e-assistenza-sociale\/salute\/servizi-sanitari-eo-servizi-consultivi\/lavoro-a-turni-dei-medici\/","url":"https:\/\/www.rijeka.hr\/it\/temi-per-i-cittadini\/famiglia-e-assistenza-sociale\/salute\/servizi-sanitari-eo-servizi-consultivi\/lavoro-a-turni-dei-medici\/","name":"Lavoro a turni dei medici - Citt\u00e0 di Fiume","isPartOf":{"@id":"https:\/\/www.rijeka.hr\/it\/#website"},"datePublished":"2016-07-21T13:36:13+00:00","dateModified":"2024-01-17T14:06:02+00:00","breadcrumb":{"@id":"https:\/\/www.rijeka.hr\/it\/temi-per-i-cittadini\/famiglia-e-assistenza-sociale\/salute\/servizi-sanitari-eo-servizi-consultivi\/lavoro-a-turni-dei-medici\/#breadcrumb"},"inLanguage":"it-IT","potentialAction":[{"@type":"ReadAction","target":["https:\/\/www.rijeka.hr\/it\/temi-per-i-cittadini\/famiglia-e-assistenza-sociale\/salute\/servizi-sanitari-eo-servizi-consultivi\/lavoro-a-turni-dei-medici\/"]}]},{"@type":"BreadcrumbList","@id":"https:\/\/www.rijeka.hr\/it\/temi-per-i-cittadini\/famiglia-e-assistenza-sociale\/salute\/servizi-sanitari-eo-servizi-consultivi\/lavoro-a-turni-dei-medici\/#breadcrumb","itemListElement":[{"@type":"ListItem","position":1,"name":"Po\u010detna stranica","item":"https:\/\/www.rijeka.hr\/it\/"},{"@type":"ListItem","position":2,"name":"Temi per i cittadini","item":"https:\/\/www.rijeka.hr\/it\/temi-per-i-cittadini\/"},{"@type":"ListItem","position":3,"name":"Famiglia e previdenza sociale","item":"https:\/\/www.rijeka.hr\/it\/temi-per-i-cittadini\/famiglia-e-assistenza-sociale\/"},{"@type":"ListItem","position":4,"name":"Sanit\u00e0","item":"https:\/\/www.rijeka.hr\/it\/temi-per-i-cittadini\/famiglia-e-assistenza-sociale\/salute\/"},{"@type":"ListItem","position":5,"name":"Servizi sanitari e\/o servizi consultivi","item":"https:\/\/www.rijeka.hr\/it\/temi-per-i-cittadini\/famiglia-e-assistenza-sociale\/salute\/servizi-sanitari-eo-servizi-consultivi\/"},{"@type":"ListItem","position":6,"name":"Lavoro a turni dei medici"}]},{"@type":"WebSite","@id":"https:\/\/www.rijeka.hr\/it\/#website","url":"https:\/\/www.rijeka.hr\/it\/","name":"Citt\u00e0 di Fiume","description":"Portale web della Citta&#039; di Fiume","potentialAction":[{"@type":"SearchAction","target":{"@type":"EntryPoint","urlTemplate":"https:\/\/www.rijeka.hr\/it\/?s={search_term_string}"},"query-input":{"@type":"PropertyValueSpecification","valueRequired":true,"valueName":"search_term_string"}}],"inLanguage":"it-IT"}]}},"_links":{"self":[{"href":"https:\/\/www.rijeka.hr\/it\/wp-json\/wp\/v2\/pages\/106","targetHints":{"allow":["GET"]}}],"collection":[{"href":"https:\/\/www.rijeka.hr\/it\/wp-json\/wp\/v2\/pages"}],"about":[{"href":"https:\/\/www.rijeka.hr\/it\/wp-json\/wp\/v2\/types\/page"}],"author":[{"embeddable":true,"href":"https:\/\/www.rijeka.hr\/it\/wp-json\/wp\/v2\/users\/6"}],"replies":[{"embeddable":true,"href":"https:\/\/www.rijeka.hr\/it\/wp-json\/wp\/v2\/comments?post=106"}],"version-history":[{"count":2,"href":"https:\/\/www.rijeka.hr\/it\/wp-json\/wp\/v2\/pages\/106\/revisions"}],"predecessor-version":[{"id":5368,"href":"https:\/\/www.rijeka.hr\/it\/wp-json\/wp\/v2\/pages\/106\/revisions\/5368"}],"up":[{"embeddable":true,"href":"https:\/\/www.rijeka.hr\/it\/wp-json\/wp\/v2\/pages\/69"}],"wp:attachment":[{"href":"https:\/\/www.rijeka.hr\/it\/wp-json\/wp\/v2\/media?parent=106"}],"wp:term":[{"taxonomy":"post_tag","embeddable":true,"href":"https:\/\/www.rijeka.hr\/it\/wp-json\/wp\/v2\/tags?post=106"}],"curies":[{"name":"wp","href":"https:\/\/api.w.org\/{rel}","templated":true}]}}