{"id":1063,"date":"2016-08-10T09:27:50","date_gmt":"2016-08-10T07:27:50","guid":{"rendered":"https:\/\/www.rijeka.hr\/it\/?page_id=1063"},"modified":"2024-11-04T19:55:45","modified_gmt":"2024-11-04T18:55:45","slug":"capitale-europea-della-cultura-nel-2020","status":"publish","type":"page","link":"https:\/\/www.rijeka.hr\/it\/temi-per-i-cittadini\/cultura\/capitale-europea-della-cultura-nel-2020\/","title":{"rendered":"Capitale europea della cultura nel 2020"},"content":{"rendered":"<p><img decoding=\"async\" class=\"aligncenter wp-image-8233 size-large\" src=\"https:\/\/www.rijeka.hr\/it\/wp-content\/uploads\/sites\/3\/2019\/02\/Europska-prijestolnica-kulture-1200x726-1024x620.jpg\" alt=\"\" \/><\/p>\n<p>Il 24 marzo 2016 a Fiume \u00e8 stato conferito l\u2019ambito titolo di Capitale europea della cultura 2020, per il programma \u201cIl porto della diversit\u00e0\u201d il cui obiettivo \u00e8 quello di creare una citt\u00e0 della cultura e della creativit\u00e0 per l\u2019Europa e per il futuro. Il processo di selezione \u00e8 durato quasi due anni e veniva portato avanti attraverso il Ministero della cultura.<\/p>\n<p>La candidatura di Fiume a CEC 2020 \u00e8 uno dei pi\u00f9 importanti progetti strategici nel quadro della Proposta di strategia per lo sviluppo culturale della citt\u00e0 di Fiume dal 2013 al 2020.<\/p>\n<p>Nel mese di aprile 2013, il Consiglio cittadino di Fiume ha approvato la Proposta di decisione inerente alla presentazione della candidatura della Citt\u00e0 di Fiume a Capitale europea della cultura 2020.<\/p>\n<h2>Gli obiettivi del progetto<\/h2>\n<p>Gli obiettivi della candidatura della Citt\u00e0 di Fiume a Capitale europea della cultura 2020 sono stati quelli di creare numerosi programmi culturali contraddistinti da un\u2019alta qualit\u00e0 artistica, creare programmi culturali caratterizzati da una forte dimensione europea e in collaborazione transnazionale, includere una vasta gamma di soggetti interessati e cittadini, come partecipanti al programma e come pubblico, migliorare le infrastrutture culturali, sviluppare le competenze, le capacit\u00e0 e le abilit\u00e0 gestionali del settore culturale, incoraggiare partenariati e la collaborazione con altri settori, promuovere la citt\u00e0 e i suoi programmi culturali e migliorare l\u2019orientamento internazionale e la visibilit\u00e0 della citt\u00e0 di Fiume, come pure di tutta la regione.<\/p>\n<p>Con questo progetto si vuole arricchire la diversit\u00e0 culturale europea, celebrare i rapporti culturali che uniscono gli europei, creare un luogo d\u2019incontro per gli europei provenienti da diversi background, promuovere il loro multiculturalismo, il multilinguismo come pure la comprensione reciproca e incoraggiare il senso di cittadinanza europea. Tutte le indagini dimostrano che il progetto di Capitale europea della cultura \u00e8 un\u2019opportunit\u00e0 eccezionale per il rinnovo urbano, per migliorare il profilo internazionale della citt\u00e0, come pure migliorare l\u2019immagine della citt\u00e0 vista dagli occhi degli abitanti, migliorare la vitalit\u00e0 della vita culturale cittadina, la visibilit\u00e0 internazionale della citt\u00e0 e i risultati turistici.<\/p>\n<p>La Citt\u00e0 di Fiume ha attuato numerose attivit\u00e0 legate al progetto di Capitale europea della cultura, tra l\u2019atro \u00e8 stato lanciato il sito web del progetto, dove sono disponibili tutte le notizie che riguardano le dette attivit\u00e0.<\/p>\n<p>&nbsp;<\/p>\n","protected":false},"excerpt":{"rendered":"<p>Il 24 marzo 2016 a Fiume \u00e8 stato conferito l\u2019ambito titolo di Capitale europea della cultura 2020, per il programma \u201cIl porto della diversit\u00e0\u201d il cui obiettivo \u00e8 quello di creare una citt\u00e0 della cultura e della creativit\u00e0 per l\u2019Europa e per il futuro. Il processo di selezione \u00e8 durato quasi due anni e veniva&#8230;<\/p>\n","protected":false},"author":6,"featured_media":0,"parent":1031,"menu_order":100,"comment_status":"closed","ping_status":"closed","template":"","meta":{"_acf_changed":false,"_trash_the_other_posts":false,"footnotes":"","_links_to":"","_links_to_target":""},"tags":[],"class_list":["post-1063","page","type-page","status-publish","hentry"],"acf":[],"yoast_head":"<!-- This site is optimized with the Yoast SEO plugin v24.4 - https:\/\/yoast.com\/wordpress\/plugins\/seo\/ -->\n<title>Capitale europea della cultura nel 2020 - Citt\u00e0 di Fiume<\/title>\n<meta name=\"robots\" content=\"index, follow, max-snippet:-1, max-image-preview:large, max-video-preview:-1\" \/>\n<link rel=\"canonical\" href=\"https:\/\/www.rijeka.hr\/it\/temi-per-i-cittadini\/cultura\/capitale-europea-della-cultura-nel-2020\/\" \/>\n<meta property=\"og:locale\" content=\"it_IT\" \/>\n<meta property=\"og:type\" content=\"article\" \/>\n<meta property=\"og:title\" content=\"Capitale europea della cultura nel 2020 - Citt\u00e0 di Fiume\" \/>\n<meta property=\"og:description\" content=\"Il 24 marzo 2016 a Fiume \u00e8 stato conferito l\u2019ambito titolo di Capitale europea della cultura 2020, per il programma \u201cIl porto della diversit\u00e0\u201d il cui obiettivo \u00e8 quello di creare una citt\u00e0 della cultura e della creativit\u00e0 per l\u2019Europa e per il futuro. Il processo di selezione \u00e8 durato quasi due anni e veniva...\" \/>\n<meta property=\"og:url\" content=\"https:\/\/www.rijeka.hr\/it\/temi-per-i-cittadini\/cultura\/capitale-europea-della-cultura-nel-2020\/\" \/>\n<meta property=\"og:site_name\" content=\"Citt\u00e0 di Fiume\" \/>\n<meta property=\"article:modified_time\" content=\"2024-11-04T18:55:45+00:00\" \/>\n<meta property=\"og:image\" content=\"https:\/\/www.rijeka.hr\/it\/wp-content\/uploads\/sites\/3\/2019\/02\/Europska-prijestolnica-kulture-1200x726-1024x620.jpg\" \/>\n<meta name=\"twitter:card\" content=\"summary_large_image\" \/>\n<meta name=\"twitter:label1\" content=\"Est. reading time\" \/>\n\t<meta name=\"twitter:data1\" content=\"2 minutes\" \/>\n<script type=\"application\/ld+json\" class=\"yoast-schema-graph\">{\"@context\":\"https:\/\/schema.org\",\"@graph\":[{\"@type\":\"WebPage\",\"@id\":\"https:\/\/www.rijeka.hr\/it\/temi-per-i-cittadini\/cultura\/capitale-europea-della-cultura-nel-2020\/\",\"url\":\"https:\/\/www.rijeka.hr\/it\/temi-per-i-cittadini\/cultura\/capitale-europea-della-cultura-nel-2020\/\",\"name\":\"Capitale europea della cultura nel 2020 - Citt\u00e0 di Fiume\",\"isPartOf\":{\"@id\":\"https:\/\/www.rijeka.hr\/it\/#website\"},\"primaryImageOfPage\":{\"@id\":\"https:\/\/www.rijeka.hr\/it\/temi-per-i-cittadini\/cultura\/capitale-europea-della-cultura-nel-2020\/#primaryimage\"},\"image\":{\"@id\":\"https:\/\/www.rijeka.hr\/it\/temi-per-i-cittadini\/cultura\/capitale-europea-della-cultura-nel-2020\/#primaryimage\"},\"thumbnailUrl\":\"https:\/\/www.rijeka.hr\/it\/wp-content\/uploads\/sites\/3\/2019\/02\/Europska-prijestolnica-kulture-1200x726-1024x620.jpg\",\"datePublished\":\"2016-08-10T07:27:50+00:00\",\"dateModified\":\"2024-11-04T18:55:45+00:00\",\"breadcrumb\":{\"@id\":\"https:\/\/www.rijeka.hr\/it\/temi-per-i-cittadini\/cultura\/capitale-europea-della-cultura-nel-2020\/#breadcrumb\"},\"inLanguage\":\"it-IT\",\"potentialAction\":[{\"@type\":\"ReadAction\",\"target\":[\"https:\/\/www.rijeka.hr\/it\/temi-per-i-cittadini\/cultura\/capitale-europea-della-cultura-nel-2020\/\"]}]},{\"@type\":\"ImageObject\",\"inLanguage\":\"it-IT\",\"@id\":\"https:\/\/www.rijeka.hr\/it\/temi-per-i-cittadini\/cultura\/capitale-europea-della-cultura-nel-2020\/#primaryimage\",\"url\":\"https:\/\/www.rijeka.hr\/it\/wp-content\/uploads\/sites\/3\/2019\/02\/Europska-prijestolnica-kulture-1200x726.jpg\",\"contentUrl\":\"https:\/\/www.rijeka.hr\/it\/wp-content\/uploads\/sites\/3\/2019\/02\/Europska-prijestolnica-kulture-1200x726.jpg\",\"width\":1200,\"height\":726},{\"@type\":\"BreadcrumbList\",\"@id\":\"https:\/\/www.rijeka.hr\/it\/temi-per-i-cittadini\/cultura\/capitale-europea-della-cultura-nel-2020\/#breadcrumb\",\"itemListElement\":[{\"@type\":\"ListItem\",\"position\":1,\"name\":\"Po\u010detna stranica\",\"item\":\"https:\/\/www.rijeka.hr\/it\/\"},{\"@type\":\"ListItem\",\"position\":2,\"name\":\"Temi per i cittadini\",\"item\":\"https:\/\/www.rijeka.hr\/it\/temi-per-i-cittadini\/\"},{\"@type\":\"ListItem\",\"position\":3,\"name\":\"Cultura\",\"item\":\"https:\/\/www.rijeka.hr\/it\/temi-per-i-cittadini\/cultura\/\"},{\"@type\":\"ListItem\",\"position\":4,\"name\":\"Capitale europea della cultura nel 2020\"}]},{\"@type\":\"WebSite\",\"@id\":\"https:\/\/www.rijeka.hr\/it\/#website\",\"url\":\"https:\/\/www.rijeka.hr\/it\/\",\"name\":\"Citt\u00e0 di Fiume\",\"description\":\"Portale web della Citta&#039; di Fiume\",\"potentialAction\":[{\"@type\":\"SearchAction\",\"target\":{\"@type\":\"EntryPoint\",\"urlTemplate\":\"https:\/\/www.rijeka.hr\/it\/?s={search_term_string}\"},\"query-input\":{\"@type\":\"PropertyValueSpecification\",\"valueRequired\":true,\"valueName\":\"search_term_string\"}}],\"inLanguage\":\"it-IT\"}]}<\/script>\n<!-- \/ Yoast SEO plugin. -->","yoast_head_json":{"title":"Capitale europea della cultura nel 2020 - Citt\u00e0 di Fiume","robots":{"index":"index","follow":"follow","max-snippet":"max-snippet:-1","max-image-preview":"max-image-preview:large","max-video-preview":"max-video-preview:-1"},"canonical":"https:\/\/www.rijeka.hr\/it\/temi-per-i-cittadini\/cultura\/capitale-europea-della-cultura-nel-2020\/","og_locale":"it_IT","og_type":"article","og_title":"Capitale europea della cultura nel 2020 - Citt\u00e0 di Fiume","og_description":"Il 24 marzo 2016 a Fiume \u00e8 stato conferito l\u2019ambito titolo di Capitale europea della cultura 2020, per il programma \u201cIl porto della diversit\u00e0\u201d il cui obiettivo \u00e8 quello di creare una citt\u00e0 della cultura e della creativit\u00e0 per l\u2019Europa e per il futuro. Il processo di selezione \u00e8 durato quasi due anni e veniva...","og_url":"https:\/\/www.rijeka.hr\/it\/temi-per-i-cittadini\/cultura\/capitale-europea-della-cultura-nel-2020\/","og_site_name":"Citt\u00e0 di Fiume","article_modified_time":"2024-11-04T18:55:45+00:00","og_image":[{"url":"https:\/\/www.rijeka.hr\/it\/wp-content\/uploads\/sites\/3\/2019\/02\/Europska-prijestolnica-kulture-1200x726-1024x620.jpg","type":"","width":"","height":""}],"twitter_card":"summary_large_image","twitter_misc":{"Est. reading time":"2 minutes"},"schema":{"@context":"https:\/\/schema.org","@graph":[{"@type":"WebPage","@id":"https:\/\/www.rijeka.hr\/it\/temi-per-i-cittadini\/cultura\/capitale-europea-della-cultura-nel-2020\/","url":"https:\/\/www.rijeka.hr\/it\/temi-per-i-cittadini\/cultura\/capitale-europea-della-cultura-nel-2020\/","name":"Capitale europea della cultura nel 2020 - Citt\u00e0 di Fiume","isPartOf":{"@id":"https:\/\/www.rijeka.hr\/it\/#website"},"primaryImageOfPage":{"@id":"https:\/\/www.rijeka.hr\/it\/temi-per-i-cittadini\/cultura\/capitale-europea-della-cultura-nel-2020\/#primaryimage"},"image":{"@id":"https:\/\/www.rijeka.hr\/it\/temi-per-i-cittadini\/cultura\/capitale-europea-della-cultura-nel-2020\/#primaryimage"},"thumbnailUrl":"https:\/\/www.rijeka.hr\/it\/wp-content\/uploads\/sites\/3\/2019\/02\/Europska-prijestolnica-kulture-1200x726-1024x620.jpg","datePublished":"2016-08-10T07:27:50+00:00","dateModified":"2024-11-04T18:55:45+00:00","breadcrumb":{"@id":"https:\/\/www.rijeka.hr\/it\/temi-per-i-cittadini\/cultura\/capitale-europea-della-cultura-nel-2020\/#breadcrumb"},"inLanguage":"it-IT","potentialAction":[{"@type":"ReadAction","target":["https:\/\/www.rijeka.hr\/it\/temi-per-i-cittadini\/cultura\/capitale-europea-della-cultura-nel-2020\/"]}]},{"@type":"ImageObject","inLanguage":"it-IT","@id":"https:\/\/www.rijeka.hr\/it\/temi-per-i-cittadini\/cultura\/capitale-europea-della-cultura-nel-2020\/#primaryimage","url":"https:\/\/www.rijeka.hr\/it\/wp-content\/uploads\/sites\/3\/2019\/02\/Europska-prijestolnica-kulture-1200x726.jpg","contentUrl":"https:\/\/www.rijeka.hr\/it\/wp-content\/uploads\/sites\/3\/2019\/02\/Europska-prijestolnica-kulture-1200x726.jpg","width":1200,"height":726},{"@type":"BreadcrumbList","@id":"https:\/\/www.rijeka.hr\/it\/temi-per-i-cittadini\/cultura\/capitale-europea-della-cultura-nel-2020\/#breadcrumb","itemListElement":[{"@type":"ListItem","position":1,"name":"Po\u010detna stranica","item":"https:\/\/www.rijeka.hr\/it\/"},{"@type":"ListItem","position":2,"name":"Temi per i cittadini","item":"https:\/\/www.rijeka.hr\/it\/temi-per-i-cittadini\/"},{"@type":"ListItem","position":3,"name":"Cultura","item":"https:\/\/www.rijeka.hr\/it\/temi-per-i-cittadini\/cultura\/"},{"@type":"ListItem","position":4,"name":"Capitale europea della cultura nel 2020"}]},{"@type":"WebSite","@id":"https:\/\/www.rijeka.hr\/it\/#website","url":"https:\/\/www.rijeka.hr\/it\/","name":"Citt\u00e0 di Fiume","description":"Portale web della Citta&#039; di Fiume","potentialAction":[{"@type":"SearchAction","target":{"@type":"EntryPoint","urlTemplate":"https:\/\/www.rijeka.hr\/it\/?s={search_term_string}"},"query-input":{"@type":"PropertyValueSpecification","valueRequired":true,"valueName":"search_term_string"}}],"inLanguage":"it-IT"}]}},"_links":{"self":[{"href":"https:\/\/www.rijeka.hr\/it\/wp-json\/wp\/v2\/pages\/1063","targetHints":{"allow":["GET"]}}],"collection":[{"href":"https:\/\/www.rijeka.hr\/it\/wp-json\/wp\/v2\/pages"}],"about":[{"href":"https:\/\/www.rijeka.hr\/it\/wp-json\/wp\/v2\/types\/page"}],"author":[{"embeddable":true,"href":"https:\/\/www.rijeka.hr\/it\/wp-json\/wp\/v2\/users\/6"}],"replies":[{"embeddable":true,"href":"https:\/\/www.rijeka.hr\/it\/wp-json\/wp\/v2\/comments?post=1063"}],"version-history":[{"count":8,"href":"https:\/\/www.rijeka.hr\/it\/wp-json\/wp\/v2\/pages\/1063\/revisions"}],"predecessor-version":[{"id":8235,"href":"https:\/\/www.rijeka.hr\/it\/wp-json\/wp\/v2\/pages\/1063\/revisions\/8235"}],"up":[{"embeddable":true,"href":"https:\/\/www.rijeka.hr\/it\/wp-json\/wp\/v2\/pages\/1031"}],"wp:attachment":[{"href":"https:\/\/www.rijeka.hr\/it\/wp-json\/wp\/v2\/media?parent=1063"}],"wp:term":[{"taxonomy":"post_tag","embeddable":true,"href":"https:\/\/www.rijeka.hr\/it\/wp-json\/wp\/v2\/tags?post=1063"}],"curies":[{"name":"wp","href":"https:\/\/api.w.org\/{rel}","templated":true}]}}