{"id":10667,"date":"2020-07-24T13:22:52","date_gmt":"2020-07-24T11:22:52","guid":{"rendered":"https:\/\/www.rijeka.hr\/it\/?page_id=10667"},"modified":"2020-11-09T15:42:59","modified_gmt":"2020-11-09T14:42:59","slug":"lo-pa-z-plus","status":"publish","type":"page","link":"https:\/\/www.rijeka.hr\/it\/amministrazione-cittadina\/progetti-dellue\/progetti-chiusi\/lo-pa-z-plus\/","title":{"rendered":"LO.PA.Z. PLUS"},"content":{"rendered":"<p><img loading=\"lazy\" decoding=\"async\" width=\"600\" height=\"226\" class=\"aligncenter size-medium wp-image-10669\" src=\"https:\/\/www.rijeka.hr\/it\/wp-content\/uploads\/sites\/3\/2020\/07\/Europski-socijalni-fond-1000x377-1-600x226.jpg\" alt=\"\" srcset=\"https:\/\/www.rijeka.hr\/it\/wp-content\/uploads\/sites\/3\/2020\/07\/Europski-socijalni-fond-1000x377-1-600x226.jpg 600w, https:\/\/www.rijeka.hr\/it\/wp-content\/uploads\/sites\/3\/2020\/07\/Europski-socijalni-fond-1000x377-1-768x290.jpg 768w, https:\/\/www.rijeka.hr\/it\/wp-content\/uploads\/sites\/3\/2020\/07\/Europski-socijalni-fond-1000x377-1.jpg 1000w\" sizes=\"(max-width: 600px) 100vw, 600px\" \/><\/p>\n<h3>Obiettivo del progetto:<\/h3>\n<p>aumentare l&#8217;occupabilit\u00e0 dei gruppi vulnerabili sul mercato attraverso la preparazione e l&#8217;attuazione di iniziative locali al fine di incoraggiare l&#8217;occupazione armonizzata con le esigenze locali e le priorit\u00e0 strategiche.<\/p>\n<p><img loading=\"lazy\" decoding=\"async\" class=\"aligncenter size-medium wp-image-10671\" src=\"https:\/\/www.rijeka.hr\/it\/wp-content\/uploads\/sites\/3\/2020\/07\/LO.PA_.Z.-plus-logo-600x145.jpg\" alt=\"\" width=\"600\" height=\"145\" srcset=\"https:\/\/www.rijeka.hr\/it\/wp-content\/uploads\/sites\/3\/2020\/07\/LO.PA_.Z.-plus-logo-600x145.jpg 600w, https:\/\/www.rijeka.hr\/it\/wp-content\/uploads\/sites\/3\/2020\/07\/LO.PA_.Z.-plus-logo-768x186.jpg 768w, https:\/\/www.rijeka.hr\/it\/wp-content\/uploads\/sites\/3\/2020\/07\/LO.PA_.Z.-plus-logo.jpg 951w\" sizes=\"(max-width: 600px) 100vw, 600px\" \/><\/p>\n<h2>Durata del progetto: 14 maggio 2018 -14 ottobre 2020<\/h2>\n<h3>Descrizione:<\/h3>\n<p>Gli obiettivi specifici del progetto:<\/p>\n<ul>\n<li>consentire un&#8217;efficace attuazione della strategia di sviluppo delle risorse umane della Regione litoraneo montana dal 2015 al 2020 e<\/li>\n<li>garantire il funzionamento sostenibile del partenariato locale della Regione litoraneo montana<\/li>\n<\/ul>\n<h3>Il progetto \u00e8 rivolto ai seguenti gruppi target:<\/h3>\n<ul>\n<li>gruppi vulnerabili, ovvero disoccupati e giovani disoccupati di lunga durata di et\u00e0 fino a 29 anni, persone di et\u00e0 superiore a 29 anni, donne, persone di et\u00e0 superiore a 50 anni, minoranze nazionali e membri di altri gruppi vulnerabili, ai quali viene fornita una formazione aggiuntiva per acquisire capacit\u00e0 e competenze nel mercato del lavoro e intraprendere il mondo imprenditoriale.<\/li>\n<li>rappresentanti dei membri e dei dipendenti del partenariato locale per l&#8217;occupazione della Regione litoraneo montana.<\/li>\n<\/ul>\n<p>L&#8217;obiettivo del progetto \u00e8 l&#8217;investimento in partenariato al fine di rafforzare ulteriormente le capacit\u00e0 del partenariato locale per l&#8217;occupazione.<\/p>\n<p>I risultati previsti del progetto comprendono complessivamente 145 persone del gruppo target in cui:<\/p>\n<ul>\n<li>85 partecipanti sono inclusi nei gruppi vulnerabili, che saranno pi\u00f9 professionali, pi\u00f9 competenti e pi\u00f9 istruiti nel mercato del lavoro e per il lavoro autonomo, di cui 40 rappresenteranno le neocreate aziende dopo il lavoro autonomo e 20 i neoassunti.<\/li>\n<li>60 rappresentanti e dipendenti rafforzati dei membri del partenariato locale per l&#8217;occupazione della Regione litoraneo montana e il suo funzionamento sostenibile di cui 34 sono dipendenti dei membri delle istituzioni e 26 sono rappresentanti dei membri del partenariato locale per l&#8217;occupazione della Regione litoraneo montana.<\/li>\n<\/ul>\n<h3>Attivit\u00e0 del progetto:<\/h3>\n<ul>\n<li>interventi nel mercato del lavoro. Lo sviluppo e l&#8217;implementazione del programma di istruzione e formazione per i membri del gruppo target disoccupati nel mercato del lavoro locale, rafforzando e motivando i membri dei gruppi vulnerabili ad attivarsi ed entrare nel mondo del lavoro, lo sviluppo e l\u2019attuazione di servizi adattati all&#8217;impiego;<\/li>\n<li>incoraggiare l&#8217;imprenditorialit\u00e0. La promozione e il rafforzamento della consapevolezza imprenditoriale attraverso attivit\u00e0 educative per i disoccupati, incoraggiando l&#8217;imprenditorialit\u00e0 offrendo sostegno al lavoro autonomo e fornendo sostegno dopo l\u2019apertura dell\u2019impresa;<\/li>\n<li>funzionamento sostenibile del partenariato locale per l&#8217;occupazione della Regione litoraneo montana<\/li>\n<li>Promozione e visibilit\u00e0<\/li>\n<li>Gestione e amministrazione del progetto.<\/li>\n<\/ul>\n<h3>Partner:<\/h3>\n<ul>\n<li>Agenzia di sviluppo di Fiume &#8220;Porin&#8221;, promotore del progetto<\/li>\n<li>Citt\u00e0 di Fiume<\/li>\n<li>Universit\u00e0 degli studi di Fiume<\/li>\n<li>Centro di cultura tecnica di Fiume<\/li>\n<li>Camera di commercio croata &#8211; Camera regionale Fiume<\/li>\n<li>Camera dell&#8217;artigianato croato &#8211; Camera dell&#8217;artigianato della Regione litoraneo &#8211; montana<\/li>\n<li>Comune di Vi\u0161kovo<\/li>\n<li>L\u2019Istituto Croato per il Collocamento al Lavoro &#8211; Ufficio regionale di Fiume<\/li>\n<\/ul>\n<h3>Budget:<\/h3>\n<p>Valore totale del progetto: 2.000.000 kune (finanziamento dell&#8217;UE al 100%)<\/p>\n<p>Finanziato nell&#8217;ambito dei: Fondi strutturali &#8211; Fondo sociale europeo &#8211; Programma operativo Risorse umane efficienti 2014-2020<\/p>\n<h3>Autorit\u00e0 competente:<\/h3>\n<p>Ministero del lavoro e del sistema pensionistico in base al concorso l&#8217;Iniziativa locale per incoraggiare la fase III dell&#8217;occupazione, componente 2 (UP.01.3.1.01)<\/p>\n<h3>Sito ufficiale: https:\/\/www.lpz-pgz.com\/o-projektu\/<\/h3>\n<p><strong>Contatto:<\/strong><br \/>\nDoris So\u0161i\u0107<br \/>\nResponsabile del progetto<br \/>\nTel: 051 634363<br \/>\nE-mail: d&#111;&#114;&#x69;&#x73;&#x2e;s&#111;&#115;&#x69;&#x63;&#x40;po&#114;&#x69;&#x6e;&#x2e;hr<\/p>\n","protected":false},"excerpt":{"rendered":"<p>Obiettivo del progetto: aumentare l&#8217;occupabilit\u00e0 dei gruppi vulnerabili sul mercato attraverso la preparazione e l&#8217;attuazione di iniziative locali al fine di incoraggiare l&#8217;occupazione armonizzata con le esigenze locali e le priorit\u00e0 strategiche. Durata del progetto: 14 maggio 2018 -14 ottobre 2020 Descrizione: Gli obiettivi specifici del progetto: consentire un&#8217;efficace attuazione della strategia di sviluppo delle&#8230;<\/p>\n","protected":false},"author":8,"featured_media":0,"parent":2062,"menu_order":0,"comment_status":"closed","ping_status":"closed","template":"","meta":{"_acf_changed":false,"_trash_the_other_posts":false,"footnotes":"","_links_to":"","_links_to_target":""},"tags":[],"class_list":["post-10667","page","type-page","status-publish","hentry"],"acf":[],"yoast_head":"<!-- This site is optimized with the Yoast SEO plugin v24.4 - https:\/\/yoast.com\/wordpress\/plugins\/seo\/ -->\n<title>LO.PA.Z. PLUS - Citt\u00e0 di Fiume<\/title>\n<meta name=\"robots\" content=\"index, follow, max-snippet:-1, max-image-preview:large, max-video-preview:-1\" \/>\n<link rel=\"canonical\" href=\"https:\/\/www.rijeka.hr\/it\/amministrazione-cittadina\/progetti-dellue\/progetti-chiusi\/lo-pa-z-plus\/\" \/>\n<meta property=\"og:locale\" content=\"it_IT\" \/>\n<meta property=\"og:type\" content=\"article\" \/>\n<meta property=\"og:title\" content=\"LO.PA.Z. PLUS - Citt\u00e0 di Fiume\" \/>\n<meta property=\"og:description\" content=\"Obiettivo del progetto: aumentare l&#8217;occupabilit\u00e0 dei gruppi vulnerabili sul mercato attraverso la preparazione e l&#8217;attuazione di iniziative locali al fine di incoraggiare l&#8217;occupazione armonizzata con le esigenze locali e le priorit\u00e0 strategiche. Durata del progetto: 14 maggio 2018 -14 ottobre 2020 Descrizione: Gli obiettivi specifici del progetto: consentire un&#8217;efficace attuazione della strategia di sviluppo delle...\" \/>\n<meta property=\"og:url\" content=\"https:\/\/www.rijeka.hr\/it\/amministrazione-cittadina\/progetti-dellue\/progetti-chiusi\/lo-pa-z-plus\/\" \/>\n<meta property=\"og:site_name\" content=\"Citt\u00e0 di Fiume\" \/>\n<meta property=\"article:modified_time\" content=\"2020-11-09T14:42:59+00:00\" \/>\n<meta property=\"og:image\" content=\"https:\/\/www.rijeka.hr\/it\/wp-content\/uploads\/sites\/3\/2020\/07\/Europski-socijalni-fond-1000x377-1-600x226.jpg\" \/>\n<meta name=\"twitter:card\" content=\"summary_large_image\" \/>\n<meta name=\"twitter:label1\" content=\"Est. reading time\" \/>\n\t<meta name=\"twitter:data1\" content=\"2 minutes\" \/>\n<script type=\"application\/ld+json\" class=\"yoast-schema-graph\">{\"@context\":\"https:\/\/schema.org\",\"@graph\":[{\"@type\":\"WebPage\",\"@id\":\"https:\/\/www.rijeka.hr\/it\/amministrazione-cittadina\/progetti-dellue\/progetti-chiusi\/lo-pa-z-plus\/\",\"url\":\"https:\/\/www.rijeka.hr\/it\/amministrazione-cittadina\/progetti-dellue\/progetti-chiusi\/lo-pa-z-plus\/\",\"name\":\"LO.PA.Z. PLUS - Citt\u00e0 di Fiume\",\"isPartOf\":{\"@id\":\"https:\/\/www.rijeka.hr\/it\/#website\"},\"primaryImageOfPage\":{\"@id\":\"https:\/\/www.rijeka.hr\/it\/amministrazione-cittadina\/progetti-dellue\/progetti-chiusi\/lo-pa-z-plus\/#primaryimage\"},\"image\":{\"@id\":\"https:\/\/www.rijeka.hr\/it\/amministrazione-cittadina\/progetti-dellue\/progetti-chiusi\/lo-pa-z-plus\/#primaryimage\"},\"thumbnailUrl\":\"https:\/\/www.rijeka.hr\/it\/wp-content\/uploads\/sites\/3\/2020\/07\/Europski-socijalni-fond-1000x377-1-600x226.jpg\",\"datePublished\":\"2020-07-24T11:22:52+00:00\",\"dateModified\":\"2020-11-09T14:42:59+00:00\",\"breadcrumb\":{\"@id\":\"https:\/\/www.rijeka.hr\/it\/amministrazione-cittadina\/progetti-dellue\/progetti-chiusi\/lo-pa-z-plus\/#breadcrumb\"},\"inLanguage\":\"it-IT\",\"potentialAction\":[{\"@type\":\"ReadAction\",\"target\":[\"https:\/\/www.rijeka.hr\/it\/amministrazione-cittadina\/progetti-dellue\/progetti-chiusi\/lo-pa-z-plus\/\"]}]},{\"@type\":\"ImageObject\",\"inLanguage\":\"it-IT\",\"@id\":\"https:\/\/www.rijeka.hr\/it\/amministrazione-cittadina\/progetti-dellue\/progetti-chiusi\/lo-pa-z-plus\/#primaryimage\",\"url\":\"https:\/\/www.rijeka.hr\/it\/wp-content\/uploads\/sites\/3\/2020\/07\/Europski-socijalni-fond-1000x377-1.jpg\",\"contentUrl\":\"https:\/\/www.rijeka.hr\/it\/wp-content\/uploads\/sites\/3\/2020\/07\/Europski-socijalni-fond-1000x377-1.jpg\",\"width\":1000,\"height\":377},{\"@type\":\"BreadcrumbList\",\"@id\":\"https:\/\/www.rijeka.hr\/it\/amministrazione-cittadina\/progetti-dellue\/progetti-chiusi\/lo-pa-z-plus\/#breadcrumb\",\"itemListElement\":[{\"@type\":\"ListItem\",\"position\":1,\"name\":\"Po\u010detna stranica\",\"item\":\"https:\/\/www.rijeka.hr\/it\/\"},{\"@type\":\"ListItem\",\"position\":2,\"name\":\"Amministrazione cittadina\",\"item\":\"https:\/\/www.rijeka.hr\/it\/amministrazione-cittadina\/\"},{\"@type\":\"ListItem\",\"position\":3,\"name\":\"Progetti dell&#8217;UE\",\"item\":\"https:\/\/www.rijeka.hr\/it\/amministrazione-cittadina\/progetti-dellue\/\"},{\"@type\":\"ListItem\",\"position\":4,\"name\":\"Progetti chiusi\",\"item\":\"https:\/\/www.rijeka.hr\/it\/amministrazione-cittadina\/progetti-dellue\/progetti-chiusi\/\"},{\"@type\":\"ListItem\",\"position\":5,\"name\":\"LO.PA.Z. PLUS\"}]},{\"@type\":\"WebSite\",\"@id\":\"https:\/\/www.rijeka.hr\/it\/#website\",\"url\":\"https:\/\/www.rijeka.hr\/it\/\",\"name\":\"Citt\u00e0 di Fiume\",\"description\":\"Portale web della Citta&#039; di Fiume\",\"potentialAction\":[{\"@type\":\"SearchAction\",\"target\":{\"@type\":\"EntryPoint\",\"urlTemplate\":\"https:\/\/www.rijeka.hr\/it\/?s={search_term_string}\"},\"query-input\":{\"@type\":\"PropertyValueSpecification\",\"valueRequired\":true,\"valueName\":\"search_term_string\"}}],\"inLanguage\":\"it-IT\"}]}<\/script>\n<!-- \/ Yoast SEO plugin. -->","yoast_head_json":{"title":"LO.PA.Z. PLUS - Citt\u00e0 di Fiume","robots":{"index":"index","follow":"follow","max-snippet":"max-snippet:-1","max-image-preview":"max-image-preview:large","max-video-preview":"max-video-preview:-1"},"canonical":"https:\/\/www.rijeka.hr\/it\/amministrazione-cittadina\/progetti-dellue\/progetti-chiusi\/lo-pa-z-plus\/","og_locale":"it_IT","og_type":"article","og_title":"LO.PA.Z. PLUS - Citt\u00e0 di Fiume","og_description":"Obiettivo del progetto: aumentare l&#8217;occupabilit\u00e0 dei gruppi vulnerabili sul mercato attraverso la preparazione e l&#8217;attuazione di iniziative locali al fine di incoraggiare l&#8217;occupazione armonizzata con le esigenze locali e le priorit\u00e0 strategiche. Durata del progetto: 14 maggio 2018 -14 ottobre 2020 Descrizione: Gli obiettivi specifici del progetto: consentire un&#8217;efficace attuazione della strategia di sviluppo delle...","og_url":"https:\/\/www.rijeka.hr\/it\/amministrazione-cittadina\/progetti-dellue\/progetti-chiusi\/lo-pa-z-plus\/","og_site_name":"Citt\u00e0 di Fiume","article_modified_time":"2020-11-09T14:42:59+00:00","og_image":[{"url":"https:\/\/www.rijeka.hr\/it\/wp-content\/uploads\/sites\/3\/2020\/07\/Europski-socijalni-fond-1000x377-1-600x226.jpg","type":"","width":"","height":""}],"twitter_card":"summary_large_image","twitter_misc":{"Est. reading time":"2 minutes"},"schema":{"@context":"https:\/\/schema.org","@graph":[{"@type":"WebPage","@id":"https:\/\/www.rijeka.hr\/it\/amministrazione-cittadina\/progetti-dellue\/progetti-chiusi\/lo-pa-z-plus\/","url":"https:\/\/www.rijeka.hr\/it\/amministrazione-cittadina\/progetti-dellue\/progetti-chiusi\/lo-pa-z-plus\/","name":"LO.PA.Z. PLUS - Citt\u00e0 di Fiume","isPartOf":{"@id":"https:\/\/www.rijeka.hr\/it\/#website"},"primaryImageOfPage":{"@id":"https:\/\/www.rijeka.hr\/it\/amministrazione-cittadina\/progetti-dellue\/progetti-chiusi\/lo-pa-z-plus\/#primaryimage"},"image":{"@id":"https:\/\/www.rijeka.hr\/it\/amministrazione-cittadina\/progetti-dellue\/progetti-chiusi\/lo-pa-z-plus\/#primaryimage"},"thumbnailUrl":"https:\/\/www.rijeka.hr\/it\/wp-content\/uploads\/sites\/3\/2020\/07\/Europski-socijalni-fond-1000x377-1-600x226.jpg","datePublished":"2020-07-24T11:22:52+00:00","dateModified":"2020-11-09T14:42:59+00:00","breadcrumb":{"@id":"https:\/\/www.rijeka.hr\/it\/amministrazione-cittadina\/progetti-dellue\/progetti-chiusi\/lo-pa-z-plus\/#breadcrumb"},"inLanguage":"it-IT","potentialAction":[{"@type":"ReadAction","target":["https:\/\/www.rijeka.hr\/it\/amministrazione-cittadina\/progetti-dellue\/progetti-chiusi\/lo-pa-z-plus\/"]}]},{"@type":"ImageObject","inLanguage":"it-IT","@id":"https:\/\/www.rijeka.hr\/it\/amministrazione-cittadina\/progetti-dellue\/progetti-chiusi\/lo-pa-z-plus\/#primaryimage","url":"https:\/\/www.rijeka.hr\/it\/wp-content\/uploads\/sites\/3\/2020\/07\/Europski-socijalni-fond-1000x377-1.jpg","contentUrl":"https:\/\/www.rijeka.hr\/it\/wp-content\/uploads\/sites\/3\/2020\/07\/Europski-socijalni-fond-1000x377-1.jpg","width":1000,"height":377},{"@type":"BreadcrumbList","@id":"https:\/\/www.rijeka.hr\/it\/amministrazione-cittadina\/progetti-dellue\/progetti-chiusi\/lo-pa-z-plus\/#breadcrumb","itemListElement":[{"@type":"ListItem","position":1,"name":"Po\u010detna stranica","item":"https:\/\/www.rijeka.hr\/it\/"},{"@type":"ListItem","position":2,"name":"Amministrazione cittadina","item":"https:\/\/www.rijeka.hr\/it\/amministrazione-cittadina\/"},{"@type":"ListItem","position":3,"name":"Progetti dell&#8217;UE","item":"https:\/\/www.rijeka.hr\/it\/amministrazione-cittadina\/progetti-dellue\/"},{"@type":"ListItem","position":4,"name":"Progetti chiusi","item":"https:\/\/www.rijeka.hr\/it\/amministrazione-cittadina\/progetti-dellue\/progetti-chiusi\/"},{"@type":"ListItem","position":5,"name":"LO.PA.Z. PLUS"}]},{"@type":"WebSite","@id":"https:\/\/www.rijeka.hr\/it\/#website","url":"https:\/\/www.rijeka.hr\/it\/","name":"Citt\u00e0 di Fiume","description":"Portale web della Citta&#039; di Fiume","potentialAction":[{"@type":"SearchAction","target":{"@type":"EntryPoint","urlTemplate":"https:\/\/www.rijeka.hr\/it\/?s={search_term_string}"},"query-input":{"@type":"PropertyValueSpecification","valueRequired":true,"valueName":"search_term_string"}}],"inLanguage":"it-IT"}]}},"_links":{"self":[{"href":"https:\/\/www.rijeka.hr\/it\/wp-json\/wp\/v2\/pages\/10667","targetHints":{"allow":["GET"]}}],"collection":[{"href":"https:\/\/www.rijeka.hr\/it\/wp-json\/wp\/v2\/pages"}],"about":[{"href":"https:\/\/www.rijeka.hr\/it\/wp-json\/wp\/v2\/types\/page"}],"author":[{"embeddable":true,"href":"https:\/\/www.rijeka.hr\/it\/wp-json\/wp\/v2\/users\/8"}],"replies":[{"embeddable":true,"href":"https:\/\/www.rijeka.hr\/it\/wp-json\/wp\/v2\/comments?post=10667"}],"version-history":[{"count":3,"href":"https:\/\/www.rijeka.hr\/it\/wp-json\/wp\/v2\/pages\/10667\/revisions"}],"predecessor-version":[{"id":10668,"href":"https:\/\/www.rijeka.hr\/it\/wp-json\/wp\/v2\/pages\/10667\/revisions\/10668"}],"up":[{"embeddable":true,"href":"https:\/\/www.rijeka.hr\/it\/wp-json\/wp\/v2\/pages\/2062"}],"wp:attachment":[{"href":"https:\/\/www.rijeka.hr\/it\/wp-json\/wp\/v2\/media?parent=10667"}],"wp:term":[{"taxonomy":"post_tag","embeddable":true,"href":"https:\/\/www.rijeka.hr\/it\/wp-json\/wp\/v2\/tags?post=10667"}],"curies":[{"name":"wp","href":"https:\/\/api.w.org\/{rel}","templated":true}]}}